{"id":102,"date":"2022-08-28T20:39:39","date_gmt":"2022-08-28T17:39:39","guid":{"rendered":"https:\/\/drmakclinic.com\/contact\/"},"modified":"2025-01-29T14:55:04","modified_gmt":"2025-01-29T11:55:04","slug":"contact","status":"publish","type":"page","link":"https:\/\/drmakclinic.com\/de\/contact\/","title":{"rendered":"Contact"},"content":{"rendered":"<div class=\"brz-root__container brz-reset-all brz brz-root__container-page\">\n<section id=\"_zwsvsabhgbbhyqpwcpcctxclmcgrnxjoxojp\" class=\"brz-section brz-css-1codu33\">\n<div class=\"brz-section__content brz-section--boxed brz-css-131a0z2 brz-css-1r3z4b4\" data-brz-custom-id=\"vzpohvvnavmswtexgzpkzrebbkanfoqkdgry\">\n<div class=\"brz-container brz-css-10f2g2z\">\n<div id=\"\" class=\"brz-css-3d0nqm brz-css-1fminm brz-wrapper\">\n<div class=\"brz-rich-text brz-rich-text__custom brz-css-evxysn\" data-brz-custom-id=\"cvxzehxlmbahbrgmjptkbzjjwhchbxxrywwk\">\n<div data-brz-translate-text=\"1\">\n<p class=\"brz-fs-lg-48 brz-ft-upload brz-ff-ckyztbazucvfgxnrkwthfbuhnumrbfrmhags brz-tp-lg-empty brz-lh-lg-1_3 brz-ls-lg-m_1_5 brz-fw-lg-500 brz-fss-lg-px brz-text-lg-left brz-mb-lg-31 brz-text-xs-center brz-css-vLTUw\" data-generated-css=\"brz-css-djphk\" data-uniq-id=\"peeva\"><span class=\"brz-cp-color2\">KONTAKT<\/span><\/p>\n<\/div>\n<\/div>\n<\/div>\n<div class=\"brz-row__container brz-css-qn6fy1\" data-brz-custom-id=\"uattjhpavhrwfjzxmhwkrwhxwgrausdumqor\">\n<div class=\"brz-bg\"><\/div>\n<div class=\"brz-row brz-css-cfn2vv brz-css-xbdbvt\">\n<div class=\"brz-columns brz-css-8hd4fx brz-css-1g1gpy\" data-brz-custom-id=\"ttbigfnagyrtyaalywuinpkvyvmpnxxelgwb\">\n<div class=\"brz-bg\">\n<div class=\"brz-bg-color\"><\/div>\n<\/div>\n<div class=\"brz-column__items brz-css-9y5rta brz-css-32n\">\n<div id=\"\" class=\"brz-css-3d0nqm brz-css-85ayj5 brz-wrapper\">\n<div class=\"brz-image brz-css-n9dlip brz-css-u5136z\" data-brz-custom-id=\"ljprlaqcpucymonpsddfrogfpcdbmaghpdja\"><img decoding=\"async\" class=\"brz-img\" src=\"https:\/\/drmakclinic.com\/de?brizy_media=wp-9b7486b9d786a0648588605ea135d33b.jpg&amp;brizy_crop=original\" alt=\"\" loading=\"lazy\"><\/div>\n<\/div>\n<div id=\"\" class=\"brz-css-3d0nqm brz-css-12ozmua brz-wrapper\">\n<div class=\"brz-rich-text brz-rich-text__custom brz-css-evxysn\" data-brz-custom-id=\"kvwfkqnirnsbxpfiptwflwlwkoozlrsyyipn\">\n<div data-brz-translate-text=\"1\">\n<p class=\"brz-mt-lg-0 brz-text-lg-left brz-mb-lg-25 brz-fss-lg-px brz-fw-lg-500 brz-ls-lg-0 brz-lh-lg-1_4 brz-tp-lg-empty brz-ff-manrope brz-ft-google brz-fs-lg-14 brz-css-a3XTL\" data-generated-css=\"brz-css-tehyi\" data-uniq-id=\"zjpzr\"><span class=\"brz-cp-color7\">Kontaktieren Sie uns unter +90 532 296 11 36 oder senden uns eine E-Mail an info@drmakclinic.com.<\/span><\/p>\n<p class=\"brz-mt-lg-0 brz-text-lg-left brz-mb-lg-25 brz-fss-lg-px brz-fw-lg-500 brz-ls-lg-0 brz-lh-lg-1_4 brz-tp-lg-empty brz-ff-manrope brz-ft-google brz-fs-lg-14 brz-css-ja2wx\" data-generated-css=\"brz-css-dztma\" data-uniq-id=\"gpezr\"><\/p>\n<\/div>\n<\/div>\n<\/div>\n<\/div>\n<\/div>\n<div class=\"brz-columns brz-css-8hd4fx brz-css-1b6v77t\" data-brz-custom-id=\"ugfvjnoeceeppycajonsjkvqowryiqxevqxn\">\n<div class=\"brz-bg\"><\/div>\n<div class=\"brz-column__items brz-css-9y5rta brz-css-1alzoo9\">\n<div id=\"\" class=\"brz-css-3d0nqm brz-wrapper\">\n<div class=\"brz-rich-text brz-rich-text__custom brz-css-evxysn\" data-brz-custom-id=\"hytzmuiytykzdcyhryiqtgndwnukefhyxumj\">\n<div data-brz-translate-text=\"1\">\n<h2 class=\"brz-mt-lg-30 brz-tp-lg-heading2 brz-css-rZYEj\" data-generated-css=\"brz-css-nbssy\" data-uniq-id=\"maoep\"><span class=\"brz-cp-color2\">Wir freuen uns, \u00fcber Ihr Feedback.<\/span><\/h2>\n<\/div>\n<\/div>\n<\/div>\n<div id=\"\" class=\"brz-css-3d0nqm brz-css-cvcngs brz-css-ub12gz brz-wrapper\">\n<div class=\"brz-spacer brz-css-1osrlq6 brz-css-144ajjd\"><\/div>\n<\/div>\n<div id=\"\" class=\"brz-css-3d0nqm brz-wrapper\">\n<div data-brz-form-version=\"2\" class=\"brz-forms2 brz-css-icgrto brz-css-xv7o3q\" data-brz-custom-id=\"xqnnwxdjqyajzeodyhwqysklppjvztsnxlvk\">\n<div data-brz-translate-text=\"1\" class=\"brz-forms2__item brz-css-1mz0ism brz-css-1fx9wpu brz-css-nghbyd\"><\/div>\n<div data-brz-translate-text=\"1\" class=\"brz-forms2__item brz-css-1mz0ism brz-css-1fx9wpu brz-css-nghbyd brz-css-17lmi5i\"><textarea id=\"oSz3Vk7CIw_n_\" name=\"dstkqlbxpjtqglifympiaqhnxxvcspukwlae\" data-brz-type=\"Paragraph\" data-brz-label=\"Nachricht\" data-brz-placeholder=\"Nachricht\" class=\"brz-textarea brz-forms2__field brz-forms2__field-paragraph\"><\/textarea><\/div>\n<div class=\"brz-forms2 brz-forms2__item brz-forms2__item-button\" data-brz-custom-id=\"xqnnwxdjqyajzeodyhwqysklppjvztsnxlvk\"><button class=\"brz-btn brz-btn-submit brz-css-ngrvmw brz-css-1p43fdt\" data-brz-custom-id=\"sbujvrvsbaejisdbmoynzbmhtghhznwnfdso\"><span data-brz-translate-text=\"1\" class=\"brz-span brz-text__editor\">Nachricht senden<\/span><\/button><\/div>\n<div class=\"brz-g-recaptcha\" data-sitekey=\"\" data-size=\"invisible\" data-callback=\"brzFormV2Captcha\"><\/div>\n<\/div>\n<\/div>\n<\/div>\n<\/div>\n<\/div>\n<\/div>\n<div class=\"brz-row__container brz-css-qn6fy1\" data-brz-custom-id=\"ztxataljcqhoryhtechbiredgchtiusgbrpc\">\n<div class=\"brz-bg\"><\/div>\n<div class=\"brz-row brz-css-cfn2vv brz-css-xbdbvt\">\n<div class=\"brz-columns brz-css-8hd4fx brz-css-y8yyyc\" data-brz-custom-id=\"yziwksntnmtthqbxdfjwgsszmwqjthqgujro\">\n<div class=\"brz-bg\"><\/div>\n<div class=\"brz-column__items brz-css-9y5rta brz-css-1g03mv\">\n<div id=\"\" class=\"brz-css-3d0nqm brz-wrapper\">\n<div class=\"brz-line brz-line-default brz-css-8zn3w6 brz-css-9l6oa2\" data-brz-custom-id=\"ofujktbyhjpxrncukffmkezwqhyppoxweeog\">\n<hr class=\"brz-hr\"><\/div>\n<\/div>\n<div class=\"brz-row__container brz-css-qn6fy1\" data-brz-custom-id=\"ajvarpkztjupzrvlweuhwfoxplmgjjilhedu\">\n<div class=\"brz-bg\"><\/div>\n<div class=\"brz-row brz-row--inner brz-css-cfn2vv brz-css-xbdbvt\">\n<div class=\"brz-columns brz-css-8hd4fx brz-css-8dp5jw\" data-brz-custom-id=\"epazrnvwxdqkkfusviygpskgqcxhiznlayfd\">\n<div class=\"brz-bg\"><\/div>\n<div class=\"brz-column__items brz-css-9y5rta brz-css-frqzrb\">\n<div id=\"\" class=\"brz-css-3d0nqm brz-css-ii9kk2 brz-wrapper\">\n<div class=\"brz-rich-text brz-rich-text__custom brz-css-evxysn\" data-brz-custom-id=\"ymtyetnunuuhjckfgyllxxkdvxwilnamegfz\">\n<div data-brz-translate-text=\"1\">\n<h4 class=\"brz-tp-lg-heading5 brz-text-xs-center brz-css-ylMIE\" data-uniq-id=\"yngzu\" data-generated-css=\"brz-css-mmgoe\"><span class=\"brz-cp-color2\">ADRESSE<\/span><\/h4>\n<\/div>\n<\/div>\n<\/div>\n<div id=\"\" class=\"brz-css-3d0nqm brz-css-hxizva brz-wrapper\">\n<div class=\"brz-rich-text brz-rich-text__custom brz-css-evxysn\" data-brz-custom-id=\"ilmpfhhyqjaralsmoxgllzzcasqyzmyplewa\">\n<div data-brz-translate-text=\"1\">\n<p class=\"brz-text-xs-center brz-tp-lg-paragraph brz-text-lg-left brz-css-gxJ_g\" data-uniq-id=\"ipkkl\" data-generated-css=\"brz-css-xhecn\"><span class=\"brz-cp-color2\">Tevfik I\u015f\u0131k Cd. Ye\u015filbah\u00e7e Mh. \u00c7i\u00e7ek Sitesi A blok 2\/4 07100 Antalya, TURKEY<\/span><\/p>\n<\/div>\n<\/div>\n<\/div>\n<\/div>\n<\/div>\n<div class=\"brz-columns brz-css-8hd4fx brz-css-sobj20\" data-brz-custom-id=\"gxhtaninmzpjpgipqzjlbwxfutjyajxeexka\">\n<div class=\"brz-bg\"><\/div>\n<div class=\"brz-column__items brz-css-9y5rta\">\n<div id=\"\" class=\"brz-css-3d0nqm brz-css-f8tf4b brz-wrapper\">\n<div class=\"brz-rich-text brz-rich-text__custom brz-css-evxysn\" data-brz-custom-id=\"nuufzrorcbemnaercsavdhyrdjuqpykiirvl\">\n<div data-brz-translate-text=\"1\">\n<h4 class=\"brz-tp-lg-heading5 brz-text-xs-center brz-css-wrSDj\" data-uniq-id=\"fcpra\" data-generated-css=\"brz-css-cwgad\"><span class=\"brz-cp-color2\">SOCIAL MEDIA<\/span><\/h4>\n<\/div>\n<\/div>\n<\/div>\n<div class=\"brz-wrapper-clone brz-css-rtl4pn\">\n<div class=\"brz-d-xs-flex brz-flex-xs-wrap brz-css-1orw0vo brz-css-1s52y7m\" data-brz-custom-id=\"\">\n<div class=\"brz-wrapper-clone__item\" id=\"kfbrknoeammbcszitkmaournbiddfvkwntxk\">\n<div class=\"brz-icon__container\" data-brz-custom-id=\"kfbrknoeammbcszitkmaournbiddfvkwntxk\"><span class=\"brz-icon brz-span brz-css-d2dike brz-css-ybiwfr\"><\/span><\/div>\n<\/div>\n<div class=\"brz-wrapper-clone__item\" id=\"xaolahtzoxigubhflsrwkibmczezzpsgjxqd\">\n<div class=\"brz-icon__container\" data-brz-custom-id=\"xaolahtzoxigubhflsrwkibmczezzpsgjxqd\"><span class=\"brz-icon brz-span brz-css-d2dike brz-css-d4f1vh\"><\/span><\/div>\n<\/div>\n<div class=\"brz-wrapper-clone__item\" id=\"vgvqvcbznhqodvtbvqelinynmqywnapsjqws\">\n<div class=\"brz-icon__container\" data-brz-custom-id=\"vgvqvcbznhqodvtbvqelinynmqywnapsjqws\"><span class=\"brz-icon brz-span brz-css-d2dike brz-css-1jxibwo\"><\/span><\/div>\n<\/div>\n<\/div>\n<\/div>\n<\/div>\n<\/div>\n<\/div>\n<\/div>\n<\/div>\n<\/div>\n<div class=\"brz-columns brz-css-8hd4fx brz-css-v048l9\" data-brz-custom-id=\"tiuyytfpzstltllknyeizhywdkkgqeuqaqqp\">\n<div class=\"brz-bg\"><\/div>\n<div class=\"brz-column__items brz-css-9y5rta brz-css-fzwogy\">\n<div id=\"\" class=\"brz-css-3d0nqm brz-wrapper\">\n<div class=\"brz-line brz-line-default brz-css-8zn3w6 brz-css-1xar0o8\" data-brz-custom-id=\"lzumsnfvtjslmifqcprahryzlfwnlwzihhsw\">\n<hr class=\"brz-hr\"><\/div>\n<\/div>\n<div class=\"brz-row__container brz-css-qn6fy1\" data-brz-custom-id=\"mmhetkaqrevvdxllyjibvygulrobabbvmnqm\">\n<div class=\"brz-bg\"><\/div>\n<div class=\"brz-row brz-row--inner brz-css-cfn2vv brz-css-xbdbvt\">\n<div class=\"brz-columns brz-css-8hd4fx brz-css-v8t679\" data-brz-custom-id=\"voirbygmqbjtdxzmgaiglzfqwiouallwkouf\">\n<div class=\"brz-bg\"><\/div>\n<div class=\"brz-column__items brz-css-9y5rta brz-css-edy664\">\n<div id=\"\" class=\"brz-css-3d0nqm brz-css-1hjzyys brz-wrapper\">\n<div class=\"brz-rich-text brz-rich-text__custom brz-css-evxysn\" data-brz-custom-id=\"wvtubnmckbrqpigfrzxjajpushdlfhsydvgy\">\n<div data-brz-translate-text=\"1\">\n<h4 class=\"brz-text-xs-center brz-tp-lg-heading5 brz-css-yoOQ9\" data-generated-css=\"brz-css-oopmo\" data-uniq-id=\"wkmkw\"><span class=\"brz-cp-color2\">TELEFON<\/span><\/h4>\n<\/div>\n<\/div>\n<\/div>\n<div id=\"\" class=\"brz-css-3d0nqm brz-css-jo5shl brz-wrapper\">\n<div class=\"brz-rich-text brz-rich-text__custom brz-css-evxysn\" data-brz-custom-id=\"fxgoiiixpavukvhzippmiuityltwinnnpisc\">\n<div data-brz-translate-text=\"1\">\n<p class=\"brz-text-lg-left brz-tp-lg-paragraph brz-text-xs-center brz-css-mhV4a\" data-generated-css=\"brz-css-mhxtn\" data-uniq-id=\"qdoco\"><span class=\"brz-cp-color2\">+90 532 296 11 36<\/span><\/p>\n<\/div>\n<\/div>\n<\/div>\n<\/div>\n<\/div>\n<div class=\"brz-columns brz-css-8hd4fx brz-css-nvoaub\" data-brz-custom-id=\"ucademkqtafeuwiffcnhrnrlhijneacrzccb\">\n<div class=\"brz-bg\"><\/div>\n<div class=\"brz-column__items brz-css-9y5rta\">\n<div id=\"\" class=\"brz-css-3d0nqm brz-css-lvj4ki brz-wrapper\">\n<div class=\"brz-rich-text brz-rich-text__custom brz-css-evxysn\" data-brz-custom-id=\"tpmnjadbxvqfpnptahwfbqgceakngmzzkxlc\">\n<div data-brz-translate-text=\"1\">\n<h4 class=\"brz-text-xs-center brz-tp-lg-heading5 brz-css-kAFl6\" data-generated-css=\"brz-css-hkylu\" data-uniq-id=\"ablgr\"><span class=\"brz-cp-color2\">E-MAIL<\/span><\/h4>\n<\/div>\n<\/div>\n<\/div>\n<div id=\"\" class=\"brz-css-3d0nqm brz-css-14vtbeg brz-wrapper\">\n<div class=\"brz-rich-text brz-rich-text__custom brz-css-evxysn\" data-brz-custom-id=\"bmczhjktjttthrrlrodnohdgegwjvkyujbpr\">\n<div data-brz-translate-text=\"1\">\n<p class=\"brz-text-xs-center brz-text-lg-left brz-tp-lg-paragraph brz-css-wTVyt\" data-uniq-id=\"hdatw\" data-generated-css=\"brz-css-qwnjs\"><span class=\"brz-cp-color2\">info@drmakclinic.com<\/span><\/p>\n<\/div>\n<\/div>\n<\/div>\n<\/div>\n<\/div>\n<\/div>\n<\/div>\n<\/div>\n<\/div>\n<\/div>\n<\/div>\n<\/div>\n<\/div>\n<\/section>\n<\/div>\n<p>    <!-- version:1738151704 --><\/p>\n","protected":false},"excerpt":{"rendered":"<p>KONTAKT Kontaktieren Sie uns unter +90 532 296 11 36 oder senden uns eine E-Mail an info@drmakclinic.com. Wir freuen uns, \u00fcber Ihr Feedback. Nachricht senden ADRESSE Tevfik I\u015f\u0131k Cd. Ye\u015filbah\u00e7e Mh. \u00c7i\u00e7ek Sitesi A blok 2\/4 07100 Antalya, TURKEY SOCIAL MEDIA TELEFON +90 532 296 11 36 E-MAIL info@drmakclinic.com<\/p>\n","protected":false},"author":1,"featured_media":0,"parent":0,"menu_order":0,"comment_status":"closed","ping_status":"closed","template":"","meta":{"footnotes":""},"class_list":["post-102","page","type-page","status-publish","hentry"],"blocksy_meta":{"styles_descriptor":{"styles":{"desktop":"","tablet":"","mobile":""},"google_fonts":[],"version":6}},"_links":{"self":[{"href":"https:\/\/drmakclinic.com\/de\/wp-json\/wp\/v2\/pages\/102","targetHints":{"allow":["GET"]}}],"collection":[{"href":"https:\/\/drmakclinic.com\/de\/wp-json\/wp\/v2\/pages"}],"about":[{"href":"https:\/\/drmakclinic.com\/de\/wp-json\/wp\/v2\/types\/page"}],"author":[{"embeddable":true,"href":"https:\/\/drmakclinic.com\/de\/wp-json\/wp\/v2\/users\/1"}],"replies":[{"embeddable":true,"href":"https:\/\/drmakclinic.com\/de\/wp-json\/wp\/v2\/comments?post=102"}],"version-history":[{"count":0,"href":"https:\/\/drmakclinic.com\/de\/wp-json\/wp\/v2\/pages\/102\/revisions"}],"wp:attachment":[{"href":"https:\/\/drmakclinic.com\/de\/wp-json\/wp\/v2\/media?parent=102"}],"curies":[{"name":"wp","href":"https:\/\/api.w.org\/{rel}","templated":true}]}}