{"id":1120,"date":"2022-08-28T20:44:16","date_gmt":"2022-08-28T17:44:16","guid":{"rendered":"https:\/\/drmakclinic.com\/?page_id=1120"},"modified":"2025-01-29T14:27:22","modified_gmt":"2025-01-29T11:27:22","slug":"aesthetic-plastic-surgery","status":"publish","type":"page","link":"https:\/\/drmakclinic.com\/de\/procedures\/aesthetic-plastic-surgery\/","title":{"rendered":"Aesthetic &amp; Plastic Surgery"},"content":{"rendered":"<div class=\"brz-root__container brz-reset-all brz brz-root__container-page\">\n<section id=\"_esqjhotkcmhejcchtzukubnnlvrhogifmmxe\" class=\"brz-section brz-css-1ibujp6\">\n<div class=\"brz-section__content brz-section--boxed brz-css-1r6pf5a brz-css-h2v4hr\" data-brz-custom-id=\"hfimbxcmbrywydzkrensmlgstizksjnnihzg\">\n<div class=\"brz-bg\">\n<div class=\"brz-bg-color\"><\/div>\n<\/div>\n<div class=\"brz-container brz-css-1mmalbf\">\n<div class=\"brz-row__container brz-css-hcaffb\" data-brz-custom-id=\"tlxgowxcffvrmuiujjpsjfhlfxawcamcifki\">\n<div class=\"brz-bg\"><\/div>\n<div class=\"brz-row brz-css-1eobeov brz-css-1fv70i0\">\n<div class=\"brz-columns brz-css-jn1fxk brz-css-1k00u2e\" data-brz-custom-id=\"coeaqclcqyfcqtatztcuczukmeuvxyiarqsx\">\n<div class=\"brz-bg\"><\/div>\n<div class=\"brz-column__items brz-css-6xumby\">\n<div id=\"\" class=\"brz-css-f63hpw brz-wrapper\">\n<div class=\"brz-icon-text brz-css-plvck6 brz-css-dttxrx\" data-brz-custom-id=\"ibzmkixgcatvarzwshdkgsffpxwubabysyzv\">\n<div class=\"brz-icon__container\" data-brz-custom-id=\"ntghzpkrtodcqititvdnjouzpahjfciydjhs\"><span class=\"brz-icon brz-span brz-css-p42fog brz-css-76ywcm\"><\/span><\/div>\n<div class=\"brz-text-btn\">\n<div class=\"brz-rich-text brz-rich-text__custom brz-css-fz87be\" data-brz-custom-id=\"kmodwlvxdaegyhyhujtjukdmxoquezkfrjbj\">\n<div data-brz-translate-text=\"1\">\n<p class=\"brz-tp-lg-empty brz-ff-izzivsxniqvyexslaslvwzgtgnghvrxuxiru brz-ft-upload brz-fs-lg-66 brz-fss-lg-px brz-fw-lg-400 brz-ls-lg-0 brz-lh-lg-1 brz-css-gVqro\" data-uniq-id=\"oezst\" data-generated-css=\"brz-css-ksooz\"><span>\u00c4sthetische &amp; Plastische Chirurgie<\/span><\/p>\n<\/div>\n<\/div>\n<\/div>\n<\/div>\n<\/div>\n<\/div>\n<\/div>\n<div class=\"brz-columns brz-css-jn1fxk brz-css-t49xe8\" data-brz-custom-id=\"oeushddrpichgmpkzjfmadtvcwcaggtdqavr\">\n<div class=\"brz-bg\"><\/div>\n<div class=\"brz-column__items brz-css-6xumby\">\n<div id=\"\" class=\"brz-css-f63hpw brz-css-2q7ppl brz-wrapper\">\n<div class=\"brz-image brz-css-1utrtxt\" data-brz-custom-id=\"ywqtgakkwsxprgekakarbualrqfaecytlhlf\"><img decoding=\"async\" class=\"brz-img\" src=\"https:\/\/drmakclinic.com\/de?brizy_media=wp-18ec1347426d6e0fd082dcabcebb1fc4.png&amp;brizy_crop=original\" alt=\"\" loading=\"lazy\"><\/div>\n<\/div>\n<\/div>\n<\/div>\n<\/div>\n<\/div>\n<\/div>\n<\/div>\n<\/section>\n<section id=\"_tvymfayyxikwxcuioipxiwsgjfibhfizrpaf\" class=\"brz-section brz-css-1ibujp6\">\n<div class=\"brz-section__content brz-section--boxed brz-css-1r6pf5a brz-css-ozrx9h\" data-brz-custom-id=\"cwzhmuzgmxvnhwnqdulotlokeiutqditoylh\">\n<div class=\"brz-bg\">\n<div class=\"brz-bg-color\"><\/div>\n<\/div>\n<div class=\"brz-container brz-css-1mmalbf\">\n<div class=\"brz-row__container brz-css-hcaffb brz-css-1meeft3\" data-brz-custom-id=\"shbytsbjcglsgijcrgrxxabgefuhcrmpkmvd\">\n<div class=\"brz-bg\">\n<div class=\"brz-bg-color\"><\/div>\n<\/div>\n<div class=\"brz-row brz-css-1eobeov brz-css-nu8xgq\">\n<div class=\"brz-columns brz-css-jn1fxk\" data-brz-custom-id=\"wftizspomvtfymhzxlckgkwxepfktcqrszxr\">\n<div class=\"brz-bg\"><\/div>\n<div class=\"brz-column__items brz-css-6xumby\">\n<div id=\"\" class=\"brz-css-f63hpw brz-css-2h5uir brz-wrapper\">\n<div class=\"brz-image brz-css-45em27 brz-css-7jkrun\" data-brz-custom-id=\"fbsrlzbbwnuntuirgkczrugmzuknmkvdzwpw\"><img decoding=\"async\" class=\"brz-img\" src=\"https:\/\/drmakclinic.com\/de?brizy_media=wp-800f4c047c859465956adeb62b9982dc.png&amp;brizy_crop=original\" alt=\"\" loading=\"lazy\"><\/div>\n<\/div>\n<\/div>\n<\/div>\n<div class=\"brz-columns brz-css-jn1fxk brz-css-1qci9xr\" data-brz-custom-id=\"ifrywedfbolndupoaezxaaypqvlovwxrjaal\">\n<div class=\"brz-column__items brz-css-6xumby brz-css-1kxmr5c\">\n<div id=\"\" class=\"brz-css-f63hpw brz-css-1pwz4q2 brz-wrapper\">\n<div class=\"brz-rich-text brz-rich-text__custom brz-css-fz87be\" data-brz-custom-id=\"jelckglvwlpzlxkzstfsosivglopmmplhfxa\">\n<div data-brz-translate-text=\"1\">\n<p class=\"brz-fs-lg-48 brz-ft-upload brz-ff-ckyztbazucvfgxnrkwthfbuhnumrbfrmhags brz-tp-lg-empty brz-lh-lg-1_5 brz-ls-lg-m_0_5 brz-fw-lg-400 brz-fss-lg-px brz-mb-lg-0 brz-css-rwsp5\" data-generated-css=\"brz-css-lrzbz\" data-uniq-id=\"svenr\">Gesicht<\/p>\n<\/div>\n<\/div>\n<\/div>\n<div id=\"\" class=\"brz-css-f63hpw brz-css-s0rr57 brz-wrapper\">\n<div class=\"brz-rich-text brz-rich-text__custom brz-css-fz87be\" data-brz-custom-id=\"hsrdvwdqaegauvhsrwvjbgnuygsxiymlgtgz\">\n<div data-brz-translate-text=\"1\">\n<p class=\"brz-lh-lg-1_9 brz-ls-lg-0 brz-fw-lg-400 brz-fss-lg-px brz-fs-lg-26 brz-ft-upload brz-ff-izzivsxniqvyexslaslvwzgtgnghvrxuxiru brz-tp-lg-empty brz-css-fBjbK\" data-uniq-id=\"fucey\" data-generated-css=\"brz-css-bvkhs\">W\u00e4hlen Sie eine Behandlung aus<\/p>\n<p class=\"brz-tp-lg-empty brz-ff-izzivsxniqvyexslaslvwzgtgnghvrxuxiru brz-ft-upload brz-fs-lg-26 brz-fss-lg-px brz-fw-lg-400 brz-ls-lg-0 brz-lh-lg-1_9 brz-css-xvj8T\" data-uniq-id=\"xyrnu\" data-generated-css=\"brz-css-gjiav\"><\/p>\n<ul>\n<li class=\"brz-tp-lg-empty brz-ff-mruflzjvtzjxcnwqyqqtvvgobqvnixkyfskc brz-ft-upload brz-fs-lg-16 brz-fss-lg-px brz-fw-lg-400 brz-ls-lg-0 brz-lh-lg-1_9 brz-css-tjfdR\" data-uniq-id=\"sbhqy\" data-generated-css=\"brz-css-rozlb\"><a class=\"link--external\" href=\"https:\/\/drmakclinic.com\/de\/procedures\/aesthetic-plastic-surgery\/facelift-necklift\/\" data-brz-link-type=\"external\">FACELIFT &amp; HALSSTRAFFUNG<\/a><\/li>\n<li class=\"brz-mb-lg-0 brz-tp-lg-paragraph brz-mt-xs-0 brz-mt-lg-0 brz-css-zoapq\" data-generated-css=\"brz-css-ijlmi\" data-uniq-id=\"ozdvh\"><a class=\"link--external brz-capitalize-on\" href=\"https:\/\/drmakclinic.com\/de\/procedures\/aesthetic-plastic-surgery\/rhinoplasty\/\" data-brz-link-type=\"external\">NASENKORREKTUR<\/a><\/li>\n<li class=\"brz-mb-lg-0 brz-tp-lg-paragraph brz-mt-xs-0 brz-mt-lg-0 brz-css-p0UJb\" data-generated-css=\"brz-css-qwquw\" data-uniq-id=\"samjm\"><a class=\"link--external brz-capitalize-on\" href=\"https:\/\/drmakclinic.com\/de\/procedures\/aesthetic-plastic-surgery\/upper-eyelid-surgery\/\" data-brz-link-type=\"external\">OBERLIDSTRAFFUNG<\/a><\/li>\n<li class=\"brz-mb-lg-0 brz-tp-lg-paragraph brz-mt-xs-0 brz-mt-lg-0 brz-css-wjW5q\" data-generated-css=\"brz-css-znaxf\" data-uniq-id=\"jxymw\"><a class=\"link--external\" href=\"https:\/\/drmakclinic.com\/de\/procedures\/aesthetic-plastic-surgery\/lower-eyelid-surgery\/\" data-brz-link-type=\"external\">UNTERLIDSTRAFFUNG<\/a><\/li>\n<li class=\"brz-mb-lg-0 brz-tp-lg-paragraph brz-mt-xs-0 brz-mt-lg-0 brz-css-yxk8N\" data-generated-css=\"brz-css-fzoio\" data-uniq-id=\"xczli\"><a class=\"link--external brz-capitalize-on\" href=\"https:\/\/drmakclinic.com\/de\/procedures\/aesthetic-plastic-surgery\/ear-surgery\/\" data-brz-link-type=\"external\">Ohrenkorrektur<\/a><\/li>\n<li class=\"brz-mb-lg-0 brz-tp-lg-paragraph brz-mt-xs-0 brz-mt-lg-0 brz-css-yHg4e\" data-generated-css=\"brz-css-mjspm\" data-uniq-id=\"jtckg\"><a class=\"link--external brz-capitalize-on\" href=\"https:\/\/drmakclinic.com\/de\/procedures\/aesthetic-plastic-surgery\/lip-lift\/\" data-brz-link-type=\"external\">LIPPENBEHANDLUNG<\/a><\/li>\n<li class=\"brz-mb-lg-0 brz-tp-lg-paragraph brz-mt-xs-0 brz-mt-lg-0 brz-css-yAW5n\" data-generated-css=\"brz-css-xmdiy\" data-uniq-id=\"glmkg\"><a class=\"link--external brz-capitalize-on\" href=\"https:\/\/drmakclinic.com\/de\/procedures\/aesthetic-plastic-surgery\/forehead-lift\/\" data-brz-link-type=\"external\">STIRNLIFTING<\/a><\/li>\n<\/ul>\n<\/div>\n<\/div>\n<\/div>\n<\/div>\n<\/div>\n<\/div>\n<\/div>\n<\/div>\n<\/div>\n<\/section>\n<section id=\"_asajdyajhtxvcvsezquqxbpxdqljxwuhhdbq\" class=\"brz-section brz-css-1ibujp6\">\n<div class=\"brz-section__content brz-section--boxed brz-css-1r6pf5a brz-css-jaaiqz\" data-brz-custom-id=\"qslrdghkgtrxpebzintlsmztsmnhbsgyedkx\">\n<div class=\"brz-bg\">\n<div class=\"brz-bg-color\"><\/div>\n<\/div>\n<div class=\"brz-container brz-css-1mmalbf\">\n<div class=\"brz-row__container brz-css-hcaffb brz-css-n9qnzg\" data-brz-custom-id=\"knsdgwbwpvpyscffjasxqqtadvmqdeqlwipj\">\n<div class=\"brz-bg\">\n<div class=\"brz-bg-color\"><\/div>\n<\/div>\n<div class=\"brz-row brz-css-1eobeov brz-css-1gz0fzp\">\n<div class=\"brz-columns brz-css-jn1fxk brz-css-1ww65zs\" data-brz-custom-id=\"lavclnowvspuoytyvurmnmwyljfwaslhxuno\">\n<div class=\"brz-bg\"><\/div>\n<div class=\"brz-column__items brz-css-6xumby\">\n<div id=\"\" class=\"brz-css-f63hpw brz-css-1rb42r1 brz-wrapper\">\n<div class=\"brz-image brz-css-p6aulx brz-css-ezdv1k\" data-brz-custom-id=\"ffhgeubrvspgtexvastvvepxielyhhxajgla\"><img decoding=\"async\" class=\"brz-img\" src=\"https:\/\/drmakclinic.com\/de?brizy_media=wp-e81a77f093366acc8cc36a8806927494.png&amp;brizy_crop=original\" alt=\"\" loading=\"lazy\"><\/div>\n<\/div>\n<\/div>\n<\/div>\n<div class=\"brz-columns brz-css-jn1fxk brz-css-1f3p356\" data-brz-custom-id=\"ncdmblfhfpwcvhunhnbxvswxmbvwfctveyhb\">\n<div class=\"brz-column__items brz-css-6xumby brz-css-1eyax9e\">\n<div id=\"\" class=\"brz-css-f63hpw brz-css-rbwn76 brz-wrapper\">\n<div class=\"brz-rich-text brz-rich-text__custom brz-css-fz87be\" data-brz-custom-id=\"uxixfhvjfhgvorijandcwmqbdmtvjaeczkde\">\n<div data-brz-translate-text=\"1\">\n<p class=\"brz-fs-lg-48 brz-ft-upload brz-ff-ckyztbazucvfgxnrkwthfbuhnumrbfrmhags brz-tp-lg-empty brz-lh-lg-1_5 brz-ls-lg-m_0_5 brz-fw-lg-400 brz-fss-lg-px brz-mb-lg-0 brz-css-zan5N\" data-generated-css=\"brz-css-nnmjp\" data-uniq-id=\"eibaz\">K\u00f6rper<\/p>\n<\/div>\n<\/div>\n<\/div>\n<div id=\"\" class=\"brz-css-f63hpw brz-css-1ao60ax brz-wrapper\">\n<div class=\"brz-rich-text brz-rich-text__custom brz-css-fz87be\" data-brz-custom-id=\"iutrottygswhvivqtbdvkmkaloiwgttufhua\">\n<div data-brz-translate-text=\"1\">\n<p class=\"brz-lh-lg-1_9 brz-ls-lg-0 brz-fw-lg-400 brz-fss-lg-px brz-fs-lg-26 brz-ft-upload brz-ff-izzivsxniqvyexslaslvwzgtgnghvrxuxiru brz-tp-lg-empty brz-css-f4QGv\" data-uniq-id=\"lpntw\" data-generated-css=\"brz-css-urqil\">W\u00e4hlen sie eine Behandlung aus<\/p>\n<p class=\"brz-tp-lg-empty brz-ff-izzivsxniqvyexslaslvwzgtgnghvrxuxiru brz-ft-upload brz-fs-lg-26 brz-fss-lg-px brz-fw-lg-400 brz-ls-lg-0 brz-lh-lg-1_9 brz-css-kjOZI\" data-uniq-id=\"vxbik\" data-generated-css=\"brz-css-cirmh\"><\/p>\n<ul>\n<li class=\"brz-tp-lg-empty brz-ff-mruflzjvtzjxcnwqyqqtvvgobqvnixkyfskc brz-ft-upload brz-fs-lg-16 brz-fss-lg-px brz-fw-lg-400 brz-ls-lg-0 brz-lh-lg-1_9 brz-css-gatN2\" data-uniq-id=\"afufp\" data-generated-css=\"brz-css-yuydy\"><a class=\"link--external brz-capitalize-on\" href=\"https:\/\/drmakclinic.com\/de\/procedures\/aesthetic-plastic-surgery\/breast-uplift\/\" data-brz-link-type=\"external\">Bruststraffung<\/a><\/li>\n<li class=\"brz-tp-lg-paragraph brz-css-ecV2y\" data-uniq-id=\"pprmu\" data-generated-css=\"brz-css-orpra\"><a class=\"link--external brz-capitalize-on\" href=\"https:\/\/drmakclinic.com\/de\/procedures\/aesthetic-plastic-surgery\/breast-implant\/\" data-brz-link-type=\"external\">BRUSTVERGR\u00d6SSERUNG MIT IMPLANTATEN<\/a><\/li>\n<li class=\"brz-mb-lg-0 brz-tp-lg-paragraph brz-mt-xs-0 brz-mt-lg-0 brz-css-uTGVM\" data-generated-css=\"brz-css-wgdxu\" data-uniq-id=\"cntpi\"><a class=\"link--external brz-capitalize-on\" href=\"https:\/\/drmakclinic.com\/de\/procedures\/aesthetic-plastic-surgery\/breast-reduction\/\" data-brz-link-type=\"external\">BRUSTVERKLEINERUNG<\/a><\/li>\n<li class=\"brz-mb-lg-0 brz-tp-lg-paragraph brz-mt-xs-0 brz-mt-lg-0 brz-css-tX_K7\" data-generated-css=\"brz-css-nblzc\" data-uniq-id=\"yaqxk\"><a class=\"link--external\" href=\"https:\/\/drmakclinic.com\/de\/procedures\/aesthetic-plastic-surgery\/abdominoplasty\/\" data-brz-link-type=\"external\">BAUCHDECKENSTRAFFUNG (ABDOMINOPLASTIK)<\/a><\/li>\n<li class=\"brz-mb-lg-0 brz-tp-lg-paragraph brz-mt-xs-0 brz-mt-lg-0 brz-css-xZRT8\" data-generated-css=\"brz-css-nlurh\" data-uniq-id=\"zpzcg\"><a class=\"link--external brz-capitalize-on\" href=\"https:\/\/drmakclinic.com\/de\/procedures\/aesthetic-plastic-surgery\/body-contouring-liposuction\/\" data-brz-link-type=\"external\">FETTABSAUGUNG (LIPOSUKTION)<\/a><\/li>\n<li class=\"brz-mb-lg-0 brz-tp-lg-paragraph brz-mt-xs-0 brz-mt-lg-0 brz-css-s7kDR\" data-generated-css=\"brz-css-xsnam\" data-uniq-id=\"wkgpd\"><a class=\"link--external brz-capitalize-on\" href=\"https:\/\/drmakclinic.com\/de\/procedures\/aesthetic-plastic-surgery\/brachioplasty-armlift\/\" data-brz-link-type=\"external\">Armstraffung<\/a><\/li>\n<li class=\"brz-mb-lg-0 brz-tp-lg-paragraph brz-mt-xs-0 brz-mt-lg-0 brz-css-e2qtO\" data-generated-css=\"brz-css-ldguf\" data-uniq-id=\"pzwrh\"><a class=\"link--external\" href=\"https:\/\/drmakclinic.com\/de\/procedures\/aesthetic-plastic-surgery\/thigh-lift\/\" data-brz-link-type=\"external\">OBERSCHENKELSTRAFFUNG<\/a><\/li>\n<li class=\"brz-mb-lg-0 brz-tp-lg-paragraph brz-mt-xs-0 brz-mt-lg-0 brz-css-rR8K2\" data-generated-css=\"brz-css-bxqid\" data-uniq-id=\"qnwuv\"><a class=\"link--external brz-capitalize-on\" href=\"https:\/\/drmakclinic.com\/de\/procedures\/aesthetic-plastic-surgery\/labiaplasty\/\" data-brz-link-type=\"external\">SCHAMLIPPENKORREKTUR<\/a><\/li>\n<li class=\"brz-mb-lg-0 brz-tp-lg-paragraph brz-mt-xs-0 brz-mt-lg-0 brz-css-tt0nf\" data-generated-css=\"brz-css-kwuuz\" data-uniq-id=\"ckbjz\"><a class=\"link--external\" href=\"https:\/\/drmakclinic.com\/de\/procedures\/aesthetic-plastic-surgery\/vaginoplasty\/\" data-brz-link-type=\"external\">INTIMCHIRURGIE<\/a><\/li>\n<\/ul>\n<\/div>\n<\/div>\n<\/div>\n<\/div>\n<\/div>\n<\/div>\n<\/div>\n<\/div>\n<\/div>\n<\/section>\n<section id=\"_ftmpmkdcolifnvgxhuyhlzbaliljwdgzlfvr\" class=\"brz-section brz-css-1ibujp6\">\n<div class=\"brz-section__content brz-section--boxed brz-css-1r6pf5a brz-css-11rtbvi\" data-brz-custom-id=\"rabhzkgekhppowptmgxlttycfisqteskxgwd\">\n<div class=\"brz-bg\">\n<div class=\"brz-bg-color\"><\/div>\n<\/div>\n<div class=\"brz-container brz-css-1mmalbf\">\n<div class=\"brz-row__container brz-css-hcaffb brz-css-1cegpr6\" data-brz-custom-id=\"yrkgtorfvzmqowfbekvbtmjtjolbfvxtfiar\">\n<div class=\"brz-bg\">\n<div class=\"brz-bg-color\"><\/div>\n<\/div>\n<div class=\"brz-row brz-css-1eobeov brz-css-m007tm\">\n<div class=\"brz-columns brz-css-jn1fxk\" data-brz-custom-id=\"mutpomgtrnvocnepxhjtbzjtmuqiqeuricas\">\n<div class=\"brz-bg\"><\/div>\n<div class=\"brz-column__items brz-css-6xumby\">\n<div id=\"\" class=\"brz-css-f63hpw brz-css-jv0ob3 brz-wrapper\">\n<div class=\"brz-image brz-css-oecr4b brz-css-14m2485\" data-brz-custom-id=\"sifzdovzceqnwuzlgkyremrykcthariksrvj\"><img decoding=\"async\" class=\"brz-img\" src=\"https:\/\/drmakclinic.com\/de?brizy_media=wp-df722f62f20a5fc85fbc14244e441956.png&amp;brizy_crop=original\" alt=\"\" loading=\"lazy\"><\/div>\n<\/div>\n<\/div>\n<\/div>\n<div class=\"brz-columns brz-css-jn1fxk brz-css-4eg7b2\" data-brz-custom-id=\"fbtwgibexcsotaynfcgxaojxthvwulnrudnb\">\n<div class=\"brz-column__items brz-css-6xumby brz-css-qmubtr\">\n<div id=\"\" class=\"brz-css-f63hpw brz-css-axlany brz-wrapper\">\n<div class=\"brz-rich-text brz-rich-text__custom brz-css-fz87be\" data-brz-custom-id=\"bencgtchpmfulcopbyncsmnzpxgmzyjcozoc\">\n<div data-brz-translate-text=\"1\">\n<p class=\"brz-fs-lg-48 brz-ft-upload brz-ff-ckyztbazucvfgxnrkwthfbuhnumrbfrmhags brz-tp-lg-empty brz-lh-lg-1_5 brz-ls-lg-m_0_5 brz-fw-lg-400 brz-fss-lg-px brz-mb-lg-0 brz-css-lj3Wf\" data-generated-css=\"brz-css-ubvfc\" data-uniq-id=\"dtxwy\">Gesicht<\/p>\n<\/div>\n<\/div>\n<\/div>\n<div id=\"\" class=\"brz-css-f63hpw brz-css-2zgaqe brz-wrapper\">\n<div class=\"brz-rich-text brz-rich-text__custom brz-css-fz87be\" data-brz-custom-id=\"qeuccjywzdvouuujgafajomfynwsixxkyswr\">\n<div data-brz-translate-text=\"1\">\n<p class=\"brz-tp-lg-empty brz-ff-izzivsxniqvyexslaslvwzgtgnghvrxuxiru brz-ft-upload brz-fs-lg-26 brz-fss-lg-px brz-fw-lg-400 brz-ls-lg-0 brz-lh-lg-1_9 brz-css-uqMT7\" data-generated-css=\"brz-css-saszi\" data-uniq-id=\"etrer\">W\u00e4hlen Sie eine Behandlung aus<\/p>\n<p class=\"brz-lh-lg-1_9 brz-ls-lg-0 brz-fw-lg-400 brz-fss-lg-px brz-fs-lg-26 brz-ft-upload brz-ff-izzivsxniqvyexslaslvwzgtgnghvrxuxiru brz-tp-lg-empty brz-css-lJ3Bx\" data-generated-css=\"brz-css-bbjol\" data-uniq-id=\"bunkn\"><\/p>\n<ul>\n<li class=\"brz-tp-lg-empty brz-ff-mruflzjvtzjxcnwqyqqtvvgobqvnixkyfskc brz-ft-upload brz-fs-lg-16 brz-fss-lg-px brz-fw-lg-400 brz-ls-lg-0 brz-lh-lg-1_9 brz-css-mpagF\" data-generated-css=\"brz-css-dumkh\" data-uniq-id=\"caowk\"><a class=\"link--external brz-capitalize-on\" href=\"https:\/\/drmakclinic.com\/de\/procedures\/aesthetic-plastic-surgery\/fillers\/\" data-brz-link-type=\"external\">FILLER<\/a><\/li>\n<li class=\"brz-tp-lg-paragraph brz-css-gdN9q\" data-uniq-id=\"cafsd\" data-generated-css=\"brz-css-xwguc\"><a class=\"link--external\" href=\"https:\/\/drmakclinic.com\/de\/procedures\/aesthetic-plastic-surgery\/botox\/\" data-brz-link-type=\"external\">FALTENBEHANDLUNG MIT BOTOX<\/a><\/li>\n<\/ul>\n<\/div>\n<\/div>\n<\/div>\n<\/div>\n<\/div>\n<\/div>\n<\/div>\n<\/div>\n<\/div>\n<\/section>\n<section id=\"_ebznpirujtomnyysavlxcacolbtqdekpmnak\" class=\"brz-section brz-css-1ibujp6\">\n<div class=\"brz-section__content brz-section--boxed brz-css-1r6pf5a brz-css-nj4xug\" data-brz-custom-id=\"jpsoqbqrxkjbtqtswbhbicnndnqiorsdrpaq\">\n<div class=\"brz-bg\">\n<div class=\"brz-bg-color\"><\/div>\n<\/div>\n<div class=\"brz-container brz-css-1mmalbf\">\n<div class=\"brz-row__container brz-css-hcaffb brz-css-dhorwv\" data-brz-custom-id=\"tdiqtwoewbbebrneqheigyxxcwulrwfbscxs\">\n<div class=\"brz-bg\">\n<div class=\"brz-bg-color\"><\/div>\n<\/div>\n<div class=\"brz-row brz-css-1eobeov brz-css-raqwlh\">\n<div class=\"brz-columns brz-css-jn1fxk\" data-brz-custom-id=\"vvjdjktesymvpgfgvsjcricdbfgzvaipkppf\">\n<div class=\"brz-bg\"><\/div>\n<div class=\"brz-column__items brz-css-6xumby\">\n<div id=\"\" class=\"brz-css-f63hpw brz-css-v4rfbf brz-wrapper\">\n<div class=\"brz-image brz-css-34t211 brz-css-1ehkllp\" data-brz-custom-id=\"emxxzclavgmrnuuarbwwzqmqslnawxamntkt\"><img decoding=\"async\" class=\"brz-img\" src=\"https:\/\/drmakclinic.com\/de?brizy_media=wp-4e6b90b56d6e59bcf5b79484ef52a09f.png&amp;brizy_crop=iW%3D569%26iH%3D380%26oX%3D32%26oY%3D0%26cW%3D506%26cH%3D380\" alt=\"\" loading=\"lazy\"><\/div>\n<\/div>\n<\/div>\n<\/div>\n<div class=\"brz-columns brz-css-jn1fxk brz-css-1i8nhbe\" data-brz-custom-id=\"jddjfdqoekcjzeefpumcbbsqviavsnpsbenv\">\n<div class=\"brz-column__items brz-css-6xumby brz-css-1brsuza\">\n<div id=\"\" class=\"brz-css-f63hpw brz-css-1ykwovl brz-wrapper\">\n<div class=\"brz-rich-text brz-rich-text__custom brz-css-fz87be\" data-brz-custom-id=\"goaosnwoykzevbfpstpwpxdgyfmvtwcjfwfx\">\n<div data-brz-translate-text=\"1\">\n<p class=\"brz-mb-lg-0 brz-fss-lg-px brz-fw-lg-400 brz-ls-lg-m_0_5 brz-lh-lg-1_5 brz-tp-lg-empty brz-ff-ckyztbazucvfgxnrkwthfbuhnumrbfrmhags brz-ft-upload brz-fs-lg-48 brz-css-q1Jgl\" data-uniq-id=\"hyxny\" data-generated-css=\"brz-css-vrvns\">Behandlungen f\u00fcr M\u00e4nner<\/p>\n<\/div>\n<\/div>\n<\/div>\n<div id=\"\" class=\"brz-css-f63hpw brz-css-1r9wuds brz-wrapper\">\n<div class=\"brz-rich-text brz-rich-text__custom brz-css-fz87be\" data-brz-custom-id=\"fhdvokilcgawoohejhwthcjkxotbwlvdawpk\">\n<div data-brz-translate-text=\"1\">\n<p class=\"brz-tp-lg-empty brz-ff-izzivsxniqvyexslaslvwzgtgnghvrxuxiru brz-ft-upload brz-fs-lg-26 brz-fss-lg-px brz-fw-lg-400 brz-ls-lg-0 brz-lh-lg-1_9 brz-css-gRnju\" data-generated-css=\"brz-css-gwldl\" data-uniq-id=\"gfbgt\">W\u00e4hlen Sie eine Behandlung aus<\/p>\n<p class=\"brz-lh-lg-1_9 brz-ls-lg-0 brz-fw-lg-400 brz-fss-lg-px brz-fs-lg-26 brz-ft-upload brz-ff-izzivsxniqvyexslaslvwzgtgnghvrxuxiru brz-tp-lg-empty brz-css-hzAce\" data-generated-css=\"brz-css-qtzdn\" data-uniq-id=\"sbdld\"><\/p>\n<ul>\n<li class=\"brz-tp-lg-empty brz-ff-mruflzjvtzjxcnwqyqqtvvgobqvnixkyfskc brz-ft-upload brz-fs-lg-16 brz-fss-lg-px brz-fw-lg-400 brz-ls-lg-0 brz-lh-lg-1_9 brz-css-jfm12\" data-generated-css=\"brz-css-vadce\" data-uniq-id=\"jgsxz\"><a class=\"link--external brz-capitalize-on\" href=\"https:\/\/drmakclinic.com\/de\/procedures\/aesthetic-plastic-surgery\/gynecomastia\/\" data-brz-link-type=\"external\">M\u00c4NNERBRUST (GYN\u00c4KOMASTIE)<\/a><\/li>\n<li class=\"brz-tp-lg-paragraph brz-css-yCJgI\" data-uniq-id=\"pwrvh\" data-generated-css=\"brz-css-vitqf\"><a class=\"link--external brz-capitalize-on\" href=\"https:\/\/drmakclinic.com\/de\/procedures\/aesthetic-plastic-surgery\/penis-enlargement\/\" data-brz-link-type=\"external\">INTIMCHIRURGIE F\u00dcR M\u00c4NNER<\/a><\/li>\n<\/ul>\n<\/div>\n<\/div>\n<\/div>\n<\/div>\n<\/div>\n<\/div>\n<\/div>\n<\/div>\n<\/div>\n<\/section>\n<\/div>\n<p>    <!-- version:1738150042 --><\/p>\n","protected":false},"excerpt":{"rendered":"<p>\u00c4sthetische &amp; Plastische Chirurgie Gesicht W\u00e4hlen Sie eine Behandlung aus FACELIFT &amp; HALSSTRAFFUNG NASENKORREKTUR OBERLIDSTRAFFUNG UNTERLIDSTRAFFUNG Ohrenkorrektur LIPPENBEHANDLUNG STIRNLIFTING K\u00f6rper W\u00e4hlen sie eine Behandlung aus Bruststraffung BRUSTVERGR\u00d6SSERUNG MIT IMPLANTATEN BRUSTVERKLEINERUNG BAUCHDECKENSTRAFFUNG (ABDOMINOPLASTIK) FETTABSAUGUNG (LIPOSUKTION) Armstraffung OBERSCHENKELSTRAFFUNG SCHAMLIPPENKORREKTUR INTIMCHIRURGIE Gesicht W\u00e4hlen Sie eine Behandlung aus FILLER FALTENBEHANDLUNG MIT BOTOX Behandlungen f\u00fcr M\u00e4nner W\u00e4hlen Sie eine Behandlung [&hellip;]<\/p>\n","protected":false},"author":1,"featured_media":0,"parent":1117,"menu_order":0,"comment_status":"closed","ping_status":"closed","template":"","meta":{"footnotes":""},"class_list":["post-1120","page","type-page","status-publish","hentry"],"blocksy_meta":{"styles_descriptor":{"styles":{"desktop":"","tablet":"","mobile":""},"google_fonts":[],"version":6}},"_links":{"self":[{"href":"https:\/\/drmakclinic.com\/de\/wp-json\/wp\/v2\/pages\/1120","targetHints":{"allow":["GET"]}}],"collection":[{"href":"https:\/\/drmakclinic.com\/de\/wp-json\/wp\/v2\/pages"}],"about":[{"href":"https:\/\/drmakclinic.com\/de\/wp-json\/wp\/v2\/types\/page"}],"author":[{"embeddable":true,"href":"https:\/\/drmakclinic.com\/de\/wp-json\/wp\/v2\/users\/1"}],"replies":[{"embeddable":true,"href":"https:\/\/drmakclinic.com\/de\/wp-json\/wp\/v2\/comments?post=1120"}],"version-history":[{"count":0,"href":"https:\/\/drmakclinic.com\/de\/wp-json\/wp\/v2\/pages\/1120\/revisions"}],"up":[{"embeddable":true,"href":"https:\/\/drmakclinic.com\/de\/wp-json\/wp\/v2\/pages\/1117"}],"wp:attachment":[{"href":"https:\/\/drmakclinic.com\/de\/wp-json\/wp\/v2\/media?parent=1120"}],"curies":[{"name":"wp","href":"https:\/\/api.w.org\/{rel}","templated":true}]}}