{"id":1142,"date":"2022-08-28T20:45:13","date_gmt":"2022-08-28T17:45:13","guid":{"rendered":"https:\/\/drmakclinic.com\/?page_id=1142"},"modified":"2025-01-30T10:25:37","modified_gmt":"2025-01-30T07:25:37","slug":"botox","status":"publish","type":"page","link":"https:\/\/drmakclinic.com\/de\/procedures\/aesthetic-plastic-surgery\/botox\/","title":{"rendered":"Botox"},"content":{"rendered":"<div class=\"brz-root__container brz-reset-all brz brz-root__container-page\">\n<section id=\"_vcsvjgxoreobhtvbkepkkjstlzooarngjmik\" class=\"brz-section brz-css-1frpqle\">\n<div class=\"brz-section__content brz-section--boxed brz-css-7kp1l1 brz-css-1uytj2f\" data-brz-custom-id=\"tppiwtjpvskbxallaohqhtuvobyxacxwsylt\">\n<div class=\"brz-bg\">\n<div class=\"brz-bg-color\"><\/div>\n<\/div>\n<div class=\"brz-container brz-css-15mtkiv\">\n<div class=\"brz-row__container brz-css-1tkeqa3\" data-brz-custom-id=\"hxzrcvqzbfdkiljgnminedkjgzmdocxoyvhl\">\n<div class=\"brz-bg\"><\/div>\n<div class=\"brz-row brz-css-huim75 brz-css-sooak1\">\n<div class=\"brz-columns brz-css-zgie5j brz-css-13kkehl\" data-brz-custom-id=\"mdfxsbvdlguissmcgivlwnrhcpykuhrjqtox\">\n<div class=\"brz-bg\"><\/div>\n<div class=\"brz-column__items brz-css-5awhlb\">\n<div id=\"\" class=\"brz-css-1w4bndq brz-wrapper\">\n<div class=\"brz-icon-text brz-css-1tyuj2g brz-css-uj055h\" data-brz-custom-id=\"frujmnvmhqhfwiaycqwmgfxdfrjlpoaucmjx\">\n<div class=\"brz-icon__container\" data-brz-custom-id=\"vzlkzydpfniarviafdhvqzabtckrzwayyrcq\"><span class=\"brz-icon brz-span brz-css-1m9zlrh brz-css-1x37wam\"><\/span><\/div>\n<div class=\"brz-text-btn\">\n<div class=\"brz-rich-text brz-rich-text__custom brz-css-ngw2t7\" data-brz-custom-id=\"zqhwefdpuhixtfxzybluuqpksiaggviwlyfr\">\n<div data-brz-translate-text=\"1\">\n<p class=\"brz-lh-lg-1 brz-ls-lg-0 brz-fw-lg-400 brz-fss-lg-px brz-fs-lg-66 brz-ft-upload brz-ff-izzivsxniqvyexslaslvwzgtgnghvrxuxiru brz-tp-lg-empty brz-css-r9krD\" data-generated-css=\"brz-css-fuvwv\" data-uniq-id=\"oxive\"><span>Faltenbehandlung mit Botox<\/span><\/p>\n<\/div>\n<\/div>\n<\/div>\n<\/div>\n<\/div>\n<\/div>\n<\/div>\n<\/div>\n<\/div>\n<\/div>\n<\/div>\n<\/section>\n<section id=\"_cxmrbbghptpypssmutdagmfjnqcgizeklbvm\" class=\"brz-section brz-css-1frpqle\">\n<div class=\"brz-section__content brz-section--boxed brz-css-7kp1l1 brz-css-1jz6spy\" data-brz-custom-id=\"aaqukxssmkgfjliithtugzazbukipieyfpvd\">\n<div class=\"brz-bg\">\n<div class=\"brz-bg-color\"><\/div>\n<\/div>\n<div class=\"brz-container brz-css-15mtkiv\">\n<div id=\"\" class=\"brz-css-1w4bndq brz-wrapper\">\n<div class=\"brz-line brz-line-default brz-css-bbka4s brz-css-1hpwyvz\" data-brz-custom-id=\"xklqplrlblcrhfmibaboyfommiuwbphvmmgw\">\n<hr class=\"brz-hr\"><\/div>\n<\/div>\n<div class=\"brz-row__container brz-css-1tkeqa3\" data-brz-custom-id=\"fpveknpsxbealrgcppoqfarbbxsntfvtlmuk\">\n<div class=\"brz-bg\"><\/div>\n<div class=\"brz-row brz-css-huim75 brz-css-oxz9t5\">\n<div class=\"brz-columns brz-css-zgie5j brz-css-75rtso\" data-brz-custom-id=\"wravijdgjxhvexdnqeynksvxvhfmuutvzunj\">\n<div class=\"brz-bg\"><\/div>\n<div class=\"brz-column__items brz-css-5awhlb brz-css-oj84is\">\n<div id=\"\" class=\"brz-css-1w4bndq brz-css-abunm2 brz-wrapper\">\n<div class=\"brz-rich-text brz-rich-text__custom brz-css-ngw2t7\" data-brz-custom-id=\"fzehrsudexgziuhyjgpcjnwkyzqkzwxhwwuc\">\n<div data-brz-translate-text=\"1\">\n<h4 class=\"brz-tp-lg-heading4 brz-ff-manrope brz-ft-google brz-fs-lg-13 brz-fss-lg-px brz-fw-lg-700 brz-ls-lg-1_1 brz-lh-lg-1_5 brz-css-jMWk8\" data-uniq-id=\"hkiaq\" data-generated-css=\"brz-css-whejb\"><span class=\"brz-capitalize-on\">FALTENBEHANDLUNG MIT BOTOX<\/span><\/h4>\n<\/div>\n<\/div>\n<\/div>\n<div id=\"\" class=\"brz-css-1w4bndq brz-css-srco78 brz-wrapper\">\n<div class=\"brz-rich-text brz-rich-text__custom brz-css-ngw2t7\" data-brz-custom-id=\"dgiutotocajkdpoumvltbbcdsmhwicwnyref\">\n<div data-brz-translate-text=\"1\">\n<p class=\"brz-lh-lg-1_3 brz-tp-lg-empty brz-ff-ckyztbazucvfgxnrkwthfbuhnumrbfrmhags brz-ft-upload brz-fs-lg-36 brz-fss-lg-px brz-fw-lg-400 brz-ls-lg-0 brz-css-rj1Fd\" data-uniq-id=\"qbdbc\" data-generated-css=\"brz-css-ihxek\"><span class=\"brz-cp-color2\">BOTOX stellt erfolgreich ein jugendliches und \u00e4sthetisch attraktiveres Gesicht wieder her und verbessert effektiv die Zeichen der Hautalterung.<\/span><\/p>\n<\/div>\n<\/div>\n<\/div>\n<div id=\"\" class=\"brz-css-1w4bndq brz-css-1v76uxl brz-wrapper\">\n<div class=\"brz-spacer brz-css-17fq95h brz-css-pfuk8q\"><\/div>\n<\/div>\n<div id=\"\" class=\"brz-css-1w4bndq brz-css-1yn1zgo brz-wrapper\">\n<div class=\"brz-rich-text brz-rich-text__custom brz-css-ngw2t7\" data-brz-custom-id=\"pwkfunrpmhbjbgswhmamvhzzvbarlbtgnjlq\">\n<div data-brz-translate-text=\"1\">\n<p class=\"brz-lh-lg-1_9 brz-ls-lg-0 brz-fw-lg-400 brz-fss-lg-px brz-fs-lg-16 brz-ft-google brz-ff-manrope brz-tp-lg-empty brz-css-ljrRy\" data-generated-css=\"brz-css-pdnun\" data-uniq-id=\"kcadd\"><span class=\"brz-cp-color2\">In der Dr. Mak Klink verwenden wir Botox, um Gesichtslinien und Falten zu reduzieren und zu behandeln.<\/span><\/p>\n<\/div>\n<\/div>\n<\/div>\n<div id=\"\" class=\"brz-css-1w4bndq brz-css-1v76uxl brz-wrapper\">\n<div class=\"brz-spacer brz-css-17fq95h brz-css-1baohzo\"><\/div>\n<\/div>\n<div id=\"\" class=\"brz-css-1w4bndq brz-css-1byvkzb brz-wrapper\">\n<div class=\"brz-rich-text brz-rich-text__custom brz-css-ngw2t7\" data-brz-custom-id=\"vtmrhscdeocpzwdmolpcnjjahlasueezttey\">\n<div data-brz-translate-text=\"1\">\n<p class=\"brz-lh-lg-1_9 brz-ls-lg-0 brz-fw-lg-400 brz-fss-lg-px brz-fs-lg-16 brz-ft-google brz-ff-manrope brz-tp-lg-empty brz-css-cCRe0\" data-generated-css=\"brz-css-qwrvb\" data-uniq-id=\"yhwci\"><strong class=\"brz-cp-color2\">Beliebtesten Behandlungsregionen mit BOTOX im Gesicht:<\/strong><\/p>\n<p class=\"brz-lh-lg-1_9 brz-ls-lg-0 brz-fw-lg-400 brz-fss-lg-px brz-fs-lg-16 brz-ft-google brz-ff-manrope brz-tp-lg-empty brz-css-pP_h_\" data-generated-css=\"brz-css-iemts\" data-uniq-id=\"lsunz\"><span class=\"brz-cp-color2\">Botox gegen Stirnfalten<\/span><\/p>\n<p class=\"brz-lh-lg-1_9 brz-ls-lg-0 brz-fw-lg-400 brz-fss-lg-px brz-fs-lg-16 brz-ft-google brz-ff-manrope brz-tp-lg-empty brz-css-fsQ93\" data-generated-css=\"brz-css-utlif\" data-uniq-id=\"nkytc\"><span class=\"brz-cp-color2\">Botox f\u00fcr Kr\u00e4henf\u00fc\u00dfe<\/span><\/p>\n<p class=\"brz-lh-lg-1_9 brz-ls-lg-0 brz-fw-lg-400 brz-fss-lg-px brz-fs-lg-16 brz-ft-google brz-ff-manrope brz-tp-lg-empty brz-css-d2Miw\" data-generated-css=\"brz-css-vyslj\" data-uniq-id=\"sjxla\"><span class=\"brz-cp-color2\">Botox gegen Zornesfalten<\/span><\/p>\n<p class=\"brz-lh-lg-1_9 brz-ls-lg-0 brz-fw-lg-400 brz-fss-lg-px brz-fs-lg-16 brz-ft-google brz-ff-manrope brz-tp-lg-empty brz-css-bXBfn\" data-generated-css=\"brz-css-guepr\" data-uniq-id=\"icyql\"><span class=\"brz-cp-color2\">Botox f\u00fcr H\u00e4schen-Linien<\/span><\/p>\n<p class=\"brz-lh-lg-1_9 brz-ls-lg-0 brz-fw-lg-400 brz-fss-lg-px brz-fs-lg-16 brz-ft-google brz-ff-manrope brz-tp-lg-empty brz-css-rZpeA\" data-generated-css=\"brz-css-mvcpu\" data-uniq-id=\"skjjr\"><span class=\"brz-cp-color2\">Botox f\u00fcr Kinn Dellen<\/span><\/p>\n<p class=\"brz-lh-lg-1_9 brz-ls-lg-0 brz-fw-lg-400 brz-fss-lg-px brz-fs-lg-16 brz-ft-google brz-ff-manrope brz-tp-lg-empty brz-css-s9btS\" data-generated-css=\"brz-css-vcavr\" data-uniq-id=\"umvmf\"><span class=\"brz-cp-color2\">Botox f\u00fcr Masseter-Muskeln<\/span><\/p>\n<p class=\"brz-lh-lg-1_9 brz-ls-lg-0 brz-fw-lg-400 brz-fss-lg-px brz-fs-lg-16 brz-ft-google brz-ff-manrope brz-tp-lg-empty brz-css-nzVsn\" data-generated-css=\"brz-css-rbsya\" data-uniq-id=\"ncztk\"><span class=\"brz-cp-color2\">Botox zum Augenbrauenlifting<\/span><\/p>\n<p class=\"brz-lh-lg-1_9 brz-ls-lg-0 brz-fw-lg-400 brz-fss-lg-px brz-fs-lg-16 brz-ft-google brz-ff-manrope brz-tp-lg-empty brz-css-ky5Wf\" data-generated-css=\"brz-css-ssxfi\" data-uniq-id=\"lwrrj\"><span class=\"brz-cp-color2\">Botox f\u00fcr gummiartiges L\u00e4cheln<\/span><\/p>\n<p class=\"brz-lh-lg-1_9 brz-ls-lg-0 brz-fw-lg-400 brz-fss-lg-px brz-fs-lg-16 brz-ft-google brz-ff-manrope brz-tp-lg-empty brz-css-eRvIa\" data-generated-css=\"brz-css-pnilc\" data-uniq-id=\"excig\"><span class=\"brz-cp-color2\">Botox bei Hyperhidrose<\/span><\/p>\n<p class=\"brz-lh-lg-1_9 brz-ls-lg-0 brz-fw-lg-400 brz-fss-lg-px brz-fs-lg-16 brz-ft-google brz-ff-manrope brz-tp-lg-empty brz-css-jJY_G\" data-generated-css=\"brz-css-wuhni\" data-uniq-id=\"lcfoq\"><span class=\"brz-cp-color2\">Botox f\u00fcr die Lippen<\/span><\/p>\n<\/div>\n<\/div>\n<\/div>\n<div id=\"\" class=\"brz-css-1w4bndq brz-css-1v76uxl brz-wrapper\">\n<div class=\"brz-spacer brz-css-17fq95h brz-css-jibqpy\"><\/div>\n<\/div>\n<div id=\"\" class=\"brz-css-1w4bndq brz-css-1v76uxl brz-wrapper\">\n<div class=\"brz-spacer brz-css-17fq95h brz-css-dlva8n\"><\/div>\n<\/div>\n<\/div>\n<\/div>\n<div class=\"brz-columns brz-css-zgie5j brz-css-r9lpj\" data-brz-custom-id=\"kqvldmbbgahliztwerbmzqtgifsicyglhbou\">\n<div class=\"brz-bg\"><\/div>\n<div class=\"brz-column__items brz-css-5awhlb brz-css-pragqf\">\n<div id=\"\" class=\"brz-css-1w4bndq brz-css-1jzb2x brz-wrapper\">\n<div class=\"brz-image brz-css-1voudwv brz-css-15fvkp9\" data-brz-custom-id=\"ebnvwcraeckraxsxxjbqzdxjeqesfcvpexys\"><img decoding=\"async\" class=\"brz-img\" src=\"https:\/\/drmakclinic.com\/de?brizy_media=wp-3e6d5ec9ec1ea1eeb6d13c87c31c6340.png&amp;brizy_crop=original\" alt=\"\" loading=\"lazy\"><\/div>\n<\/div>\n<\/div>\n<\/div>\n<\/div>\n<\/div>\n<\/div>\n<\/div>\n<\/section>\n<section id=\"_hjrfixlivzfgriahogmcmovpcmqkkyriwmqm\" class=\"brz-section brz-css-1frpqle\">\n<div class=\"brz-section__content brz-section--boxed brz-css-7kp1l1 brz-css-51l0xv\" data-brz-custom-id=\"jnifxxlbruugvlmzgpjswyqguizgsvhbvzxe\">\n<div class=\"brz-bg\">\n<div class=\"brz-bg-color\"><\/div>\n<\/div>\n<div class=\"brz-container brz-css-15mtkiv\">\n<div id=\"\" class=\"brz-css-1w4bndq brz-wrapper\">\n<div class=\"brz-line brz-line-default brz-css-bbka4s brz-css-1yxr3ro\" data-brz-custom-id=\"zivinyzcaafrkcmhmddbwgpqztjsctbditoc\">\n<hr class=\"brz-hr\"><\/div>\n<\/div>\n<div class=\"brz-row__container brz-css-1tkeqa3\" data-brz-custom-id=\"bvfckojjqhpqyfvwxzhlvlsjmbefaeanmzfs\">\n<div class=\"brz-bg\"><\/div>\n<div class=\"brz-row brz-css-huim75\">\n<div class=\"brz-columns brz-css-zgie5j brz-css-rtjvbt\" data-brz-custom-id=\"wosuqrdvdtolnwzcknpfxtdtinuomsbhxmke\">\n<div class=\"brz-bg\"><\/div>\n<div class=\"brz-column__items brz-css-5awhlb\"><\/div>\n<\/div>\n<div class=\"brz-columns brz-css-zgie5j brz-css-bnoxe7\" data-brz-custom-id=\"zuosdmhamzgxqqnnemfffokkezwwtfarupqq\">\n<div class=\"brz-bg\"><\/div>\n<div class=\"brz-column__items brz-css-5awhlb\">\n<div id=\"\" class=\"brz-css-1w4bndq brz-wrapper\">\n<div class=\"brz-rich-text brz-rich-text__custom brz-css-ngw2t7\" data-brz-custom-id=\"eprzbzahqwyyqedbapngdimgkjthrwzttguk\">\n<div data-brz-translate-text=\"1\">\n<p class=\"brz-lh-lg-1_9 brz-ls-lg-0 brz-fw-lg-400 brz-fss-lg-px brz-fs-lg-22 brz-ft-upload brz-ff-ckyztbazucvfgxnrkwthfbuhnumrbfrmhags brz-tp-lg-empty brz-css-bDZC9\" data-generated-css=\"brz-css-sapvh\" data-uniq-id=\"nxpnb\"><span>Vor Ihren Behandlungen m\u00fcssen Sie m\u00f6glicherweise auch:<\/span><\/p>\n<\/div>\n<\/div>\n<\/div>\n<div id=\"\" class=\"brz-css-1w4bndq brz-css-12wfyu2 brz-wrapper\">\n<div class=\"brz-icon-text brz-css-1tyuj2g\" data-brz-custom-id=\"dortijaimrvjrmikxtivczonjheejhscbqjc\">\n<div class=\"brz-icon__container\" data-brz-custom-id=\"mggdjwgnikroewzifffhojkiulejelgncvgt\"><span class=\"brz-icon brz-span brz-css-1m9zlrh brz-css-fnshsx\"><\/span><\/div>\n<div class=\"brz-text-btn\">\n<div class=\"brz-rich-text brz-rich-text__custom brz-css-ngw2t7\" data-brz-custom-id=\"lrturvmmcyrzhssjbedrsihsoyiwpvqmmonh\">\n<div data-brz-translate-text=\"1\">\n<p class=\"brz-lh-xs-1_4 brz-fs-lg-18 brz-fs-sm-17 brz-fs-xs-17 brz-ls-lg-0 brz-ls-sm-0 brz-ls-xs-0 brz-ff-arimo brz-ft-google brz-fw-lg-400 brz-fw-sm-400 brz-fw-xs-400 brz-lh-lg-1_3 brz-lh-sm-1_4 brz-css-iwevu\" data-uniq-id=\"momnt\" data-generated-css=\"brz-css-jrcvf\"><span>Aufh\u00f6ren zu rauchen. Rauchen verringert die Durchblutung der Haut und kann den Heilungsprozess verlangsamen. Wenn Sie rauchen, wird Dr. Mak Ihnen empfehlen, vor der Operation und w\u00e4hrend der Genesung auf das Rauchen zu verzichten.<\/span><\/p>\n<\/div>\n<\/div>\n<\/div>\n<\/div>\n<\/div>\n<div id=\"\" class=\"brz-css-1w4bndq brz-css-1v76uxl brz-wrapper\">\n<div class=\"brz-spacer brz-css-17fq95h brz-css-1md54cd\"><\/div>\n<\/div>\n<div id=\"\" class=\"brz-css-1w4bndq brz-css-1gkwy5 brz-wrapper\">\n<div class=\"brz-icon-text brz-css-1tyuj2g\" data-brz-custom-id=\"hptheyhdqwguhnjrgjtccsbznbwnaawzyliw\">\n<div class=\"brz-icon__container\" data-brz-custom-id=\"bztrzsvwdgzfrcapygltspraqlxtgjplrtwc\"><span class=\"brz-icon brz-span brz-css-1m9zlrh brz-css-aev9q7\"><\/span><\/div>\n<div class=\"brz-text-btn\">\n<div class=\"brz-rich-text brz-rich-text__custom brz-css-ngw2t7\" data-brz-custom-id=\"qtffwukynbxwjspfgilcehkybhndaayuwacn\">\n<div data-brz-translate-text=\"1\">\n<p class=\"brz-lh-sm-1_4 brz-lh-lg-1_3 brz-fw-xs-400 brz-fw-sm-400 brz-fw-lg-400 brz-ft-google brz-ff-arimo brz-ls-xs-0 brz-ls-sm-0 brz-ls-lg-0 brz-fs-xs-17 brz-fs-sm-17 brz-fs-lg-18 brz-lh-xs-1_4 brz-mt-lg-0 brz-css-be50x\" data-generated-css=\"brz-css-rpear\" data-uniq-id=\"mlglo\"><span>Vermeiden Sie bestimmte Medikamente. Sie m\u00fcssen wahrscheinlich die Einnahme von Aspirin, entz\u00fcndungshemmenden Medikamenten, Blutverd\u00fcnnern und Kr\u00e4uterzus\u00e4tzen vermeiden, die die Blutung verst\u00e4rken k\u00f6nnen.<\/span><\/p>\n<\/div>\n<\/div>\n<\/div>\n<\/div>\n<\/div>\n<\/div>\n<\/div>\n<div class=\"brz-columns brz-css-zgie5j brz-css-4rh5w9\" data-brz-custom-id=\"zsddpelzoblmdaiajzyqzcbypucvbwsiqfwi\">\n<div class=\"brz-bg\"><\/div>\n<div class=\"brz-column__items brz-css-5awhlb\"><\/div>\n<\/div>\n<\/div>\n<\/div>\n<\/div>\n<\/div>\n<\/section>\n<section id=\"_fszqfhvixngtldgghyozmlrizpzeeulgbuuz\" class=\"brz-section brz-css-1frpqle\">\n<div class=\"brz-section__content brz-section--boxed brz-css-7kp1l1 brz-css-13ouyhj\" data-brz-custom-id=\"hhomjemvlxyouhzrmkisgketwsuimbcxrwrf\">\n<div class=\"brz-bg\">\n<div class=\"brz-bg-color\"><\/div>\n<\/div>\n<div class=\"brz-container brz-css-15mtkiv\">\n<div id=\"\" class=\"brz-css-1w4bndq brz-wrapper\">\n<div class=\"brz-line brz-line-default brz-css-bbka4s brz-css-vcoeik\" data-brz-custom-id=\"strusdudfinaxvrbdijquhgojepsluwmzgnl\">\n<hr class=\"brz-hr\"><\/div>\n<\/div>\n<div id=\"\" class=\"brz-css-1w4bndq brz-css-1v76uxl brz-wrapper\">\n<div class=\"brz-spacer brz-css-17fq95h brz-css-16ydlzj\"><\/div>\n<\/div>\n<div class=\"brz-row__container brz-css-1tkeqa3\" data-brz-custom-id=\"gogptmbyagednpobwkhvwuzhxwinqupcgpwe\">\n<div class=\"brz-bg\"><\/div>\n<div class=\"brz-row brz-css-huim75 brz-css-oxz9t5\">\n<div class=\"brz-columns brz-css-zgie5j brz-css-1na52v\" data-brz-custom-id=\"prybrqrvlktvrhvuwryztgamefshrjmvraqw\">\n<div class=\"brz-bg\"><\/div>\n<div class=\"brz-column__items brz-css-5awhlb brz-css-5pfpbo\">\n<div id=\"\" class=\"brz-css-1w4bndq brz-css-13zwc3e brz-wrapper\">\n<div class=\"brz-image brz-css-1n0j5sx brz-css-1sntpur\" data-brz-custom-id=\"vkuzvyuxqfgeweaykkgbefbwhyablmccoxjk\"><img decoding=\"async\" class=\"brz-img\" src=\"https:\/\/drmakclinic.com\/de?brizy_media=wp-9b7486b9d786a0648588605ea135d33b.jpg&amp;brizy_crop=iW%3D316%26iH%3D211%26oX%3D90%26oY%3D23%26cW%3D105%26cH%3D106\" alt=\"\" loading=\"lazy\"><\/div>\n<\/div>\n<\/div>\n<\/div>\n<div class=\"brz-columns brz-css-zgie5j brz-css-u3i4nb\" data-brz-custom-id=\"hdlpaimivvatsnmouiterwxylnsqfpvxchqq\">\n<div class=\"brz-bg\"><\/div>\n<div class=\"brz-column__items brz-css-5awhlb brz-css-13dxtca\">\n<div id=\"\" class=\"brz-css-1w4bndq brz-wrapper\">\n<div class=\"brz-rich-text brz-rich-text__custom brz-css-ngw2t7\" data-brz-custom-id=\"retqbhmijyfwkkvjrpnezrcblfoahynorqod\">\n<div data-brz-translate-text=\"1\">\n<p class=\"brz-lh-lg-1_5 brz-ls-lg-0 brz-fw-lg-400 brz-fss-lg-px brz-fs-lg-24 brz-ft-upload brz-ff-ckyztbazucvfgxnrkwthfbuhnumrbfrmhags brz-tp-lg-empty brz-css-pPgAX\" data-generated-css=\"brz-css-aonih\" data-uniq-id=\"nhxag\">Wenn Sie eine plastische und andere kosmetische Behandlung in Betracht ziehen, ist es mein Ziel als Ihr plastischer Chirurg, Ihnen w\u00e4hrend der gesamten Behandlung die h\u00f6chste Qualit\u00e4t und die beste Versorgung zu bieten.<\/p>\n<\/div>\n<\/div>\n<\/div>\n<div id=\"\" class=\"brz-css-1w4bndq brz-css-1v76uxl brz-css-onrc94 brz-wrapper\">\n<div class=\"brz-spacer brz-css-17fq95h brz-css-hoi81e\"><\/div>\n<\/div>\n<div id=\"\" class=\"brz-css-1w4bndq brz-css-nqys7z brz-wrapper\">\n<div class=\"brz-rich-text brz-rich-text__custom brz-css-ngw2t7\" data-brz-custom-id=\"kehrhpjdzsvrckgphhcbvlxgpelsvpjhmnbd\">\n<div data-brz-translate-text=\"1\">\n<p class=\"brz-text-xs-center brz-tp-lg-heading4 brz-css-a7UHn\" data-uniq-id=\"mrayu\" data-generated-css=\"brz-css-yakzy\"><strong class=\"brz-cp-color2\">Dr. Mehmet Arif Karag\u00f6z<\/strong><\/p>\n<\/div>\n<\/div>\n<\/div>\n<div id=\"\" class=\"brz-css-1w4bndq brz-css-162it6k brz-wrapper\">\n<div class=\"brz-rich-text brz-rich-text__custom brz-css-ngw2t7\" data-brz-custom-id=\"eglbedqecmrwfmgsnxjgswblbbzecemiswuh\">\n<div data-brz-translate-text=\"1\">\n<p class=\"brz-tp-lg-paragraph brz-text-xs-center brz-css-iMYab\" data-generated-css=\"brz-css-bcoay\" data-uniq-id=\"uyqnx\"><span class=\"brz-cp-color7\">Dr. Mak Plastischer Chirurg<\/span><\/p>\n<\/div>\n<\/div>\n<\/div>\n<\/div>\n<\/div>\n<\/div>\n<\/div>\n<div id=\"\" class=\"brz-css-1w4bndq brz-css-1v76uxl brz-css-ematsh brz-wrapper\">\n<div class=\"brz-spacer brz-css-17fq95h brz-css-4l7xty\"><\/div>\n<\/div>\n<div id=\"\" class=\"brz-css-1w4bndq brz-wrapper\">\n<div class=\"brz-line brz-line-default brz-css-bbka4s brz-css-px3xn2\" data-brz-custom-id=\"hnwyekalukvmxnqpgxldsyruglgnnloqdtqe\">\n<hr class=\"brz-hr\"><\/div>\n<\/div>\n<\/div>\n<\/div>\n<\/section>\n<section id=\"_lmatzfnithgxnrgcsylarhgdxevrduxasfie\" class=\"brz-section brz-css-1frpqle\">\n<div class=\"brz-section__content brz-section--boxed brz-css-7kp1l1 brz-css-bexcns\" data-brz-custom-id=\"rbudjvvoavdgtluqlsakkuazpgkiuiplubip\">\n<div class=\"brz-bg\">\n<div class=\"brz-bg-color\"><\/div>\n<\/div>\n<div class=\"brz-container brz-css-15mtkiv\">\n<div id=\"\" class=\"brz-css-1w4bndq brz-wrapper\">\n<div class=\"brz-rich-text brz-rich-text__custom brz-css-ngw2t7\" data-brz-custom-id=\"snwvvuvizeiduodgcsngjtrnilhasxmpnotx\">\n<div data-brz-translate-text=\"1\">\n<p class=\"brz-fs-lg-48 brz-ft-upload brz-ff-ckyztbazucvfgxnrkwthfbuhnumrbfrmhags brz-tp-lg-empty brz-lh-lg-1_3 brz-ls-lg-0 brz-fw-lg-400 brz-fss-lg-px brz-text-lg-center brz-css-fcTiv\" data-uniq-id=\"vjixx\" data-generated-css=\"brz-css-tymbh\"><span class=\"brz-cp-color2\">Online Termin buchen<\/span><\/p>\n<\/div>\n<\/div>\n<\/div>\n<div id=\"\" class=\"brz-css-1w4bndq brz-css-10v9kdh brz-wrapper\">\n<div class=\"brz-rich-text brz-rich-text__custom brz-css-ngw2t7\" data-brz-custom-id=\"nevzwnppmxlqqmxkdxgbbvsajihxavnhjkzn\">\n<div data-brz-translate-text=\"1\">\n<p class=\"brz-mb-lg-25 brz-tp-lg-paragraph brz-text-lg-center brz-css-u5o4O\" data-generated-css=\"brz-css-rjyfi\" data-uniq-id=\"tfiul\">Das Dr. Mak Klinik Team ber\u00e4t Sie gerne. Wir freuen uns Sie als Patienten willkommen zu hei\u00dfen.<\/p>\n<\/div>\n<\/div>\n<\/div>\n<div id=\"\" class=\"brz-css-1w4bndq brz-wrapper\">\n<div class=\"brz-wp-shortcode brz-css-ecvn0t\" data-brz-custom-id=\"jkfmpmpcxorljrulwktgstefcscoxwgyjuyz\">\n<div>[ameliastepbooking]<\/div>\n<\/div>\n<\/div>\n<div id=\"\" class=\"brz-css-1w4bndq brz-css-kkcbl4 brz-wrapper\">\n<div class=\"brz-rich-text brz-rich-text__custom brz-css-ngw2t7\" data-brz-custom-id=\"mgozzwitgmtfvkwxmbozkjfnsigrvaamthfq\">\n<div data-brz-translate-text=\"1\">\n<p class=\"brz-text-lg-center brz-lh-lg-1_3 brz-ls-lg-0 brz-fw-lg-400 brz-fss-lg-px brz-fs-lg-36 brz-ft-upload brz-ff-ckyztbazucvfgxnrkwthfbuhnumrbfrmhags brz-tp-lg-empty brz-mt-lg-40 brz-css-vVkOM\" data-generated-css=\"brz-css-glmvj\" data-uniq-id=\"kyxie\">\u201eErlangen Sie Ihren Traum-Look, der Ihnen zusteht\u201c<\/p>\n<\/div>\n<\/div>\n<\/div>\n<\/div>\n<\/div>\n<\/section>\n<\/div>\n<p>    <!-- version:1738221937 --><\/p>\n","protected":false},"excerpt":{"rendered":"<p>Faltenbehandlung mit Botox FALTENBEHANDLUNG MIT BOTOX BOTOX stellt erfolgreich ein jugendliches und \u00e4sthetisch attraktiveres Gesicht wieder her und verbessert effektiv die Zeichen der Hautalterung. In der Dr. Mak Klink verwenden wir Botox, um Gesichtslinien und Falten zu reduzieren und zu behandeln. Beliebtesten Behandlungsregionen mit BOTOX im Gesicht: Botox gegen Stirnfalten Botox f\u00fcr Kr\u00e4henf\u00fc\u00dfe Botox gegen [&hellip;]<\/p>\n","protected":false},"author":1,"featured_media":0,"parent":1120,"menu_order":0,"comment_status":"closed","ping_status":"closed","template":"","meta":{"footnotes":""},"class_list":["post-1142","page","type-page","status-publish","hentry"],"blocksy_meta":{"styles_descriptor":{"styles":{"desktop":"","tablet":"","mobile":""},"google_fonts":[],"version":6}},"_links":{"self":[{"href":"https:\/\/drmakclinic.com\/de\/wp-json\/wp\/v2\/pages\/1142","targetHints":{"allow":["GET"]}}],"collection":[{"href":"https:\/\/drmakclinic.com\/de\/wp-json\/wp\/v2\/pages"}],"about":[{"href":"https:\/\/drmakclinic.com\/de\/wp-json\/wp\/v2\/types\/page"}],"author":[{"embeddable":true,"href":"https:\/\/drmakclinic.com\/de\/wp-json\/wp\/v2\/users\/1"}],"replies":[{"embeddable":true,"href":"https:\/\/drmakclinic.com\/de\/wp-json\/wp\/v2\/comments?post=1142"}],"version-history":[{"count":0,"href":"https:\/\/drmakclinic.com\/de\/wp-json\/wp\/v2\/pages\/1142\/revisions"}],"up":[{"embeddable":true,"href":"https:\/\/drmakclinic.com\/de\/wp-json\/wp\/v2\/pages\/1120"}],"wp:attachment":[{"href":"https:\/\/drmakclinic.com\/de\/wp-json\/wp\/v2\/media?parent=1142"}],"curies":[{"name":"wp","href":"https:\/\/api.w.org\/{rel}","templated":true}]}}