{"id":1148,"date":"2022-08-28T20:46:06","date_gmt":"2022-08-28T17:46:06","guid":{"rendered":"https:\/\/drmakclinic.com\/?page_id=1148"},"modified":"2025-01-30T17:27:38","modified_gmt":"2025-01-30T14:27:38","slug":"brachioplasty-armlift","status":"publish","type":"page","link":"https:\/\/drmakclinic.com\/de\/procedures\/aesthetic-plastic-surgery\/brachioplasty-armlift\/","title":{"rendered":"Brachioplasty \u2013 Armlift"},"content":{"rendered":"<div class=\"brz-root__container brz-reset-all brz brz-root__container-page\">\n<section id=\"_fekdcbriylftjgjlezootnecwpmzhczojadu\" class=\"brz-section brz-css-684p0w\">\n<div class=\"brz-section__content brz-section--boxed brz-css-r2stkm brz-css-83qdqs\" data-brz-custom-id=\"tfkdonedpqnvigycqpepjmjqtetohpvkofyl\">\n<div class=\"brz-bg\">\n<div class=\"brz-bg-color\"><\/div>\n<\/div>\n<div class=\"brz-container brz-css-w73du8\">\n<div class=\"brz-row__container brz-css-9zptyc\" data-brz-custom-id=\"qtvjoafabapmcmoaglhxcrvoxrbizkaihcqa\">\n<div class=\"brz-bg\"><\/div>\n<div class=\"brz-row brz-css-11ah487 brz-css-1ujtnon\">\n<div class=\"brz-columns brz-css-1lszihl brz-css-3yvjkr\" data-brz-custom-id=\"dansqrnuvvuhlcvdtwdzgcszwtjxxxmgimdv\">\n<div class=\"brz-bg\"><\/div>\n<div class=\"brz-column__items brz-css-1c3klz8\">\n<div id=\"\" class=\"brz-css-7jb6os brz-wrapper\">\n<div class=\"brz-icon-text brz-css-o88o76 brz-css-9f4oic\" data-brz-custom-id=\"gmxnudouxfgbbcfpobpxaprsalcpuuqpghip\">\n<div class=\"brz-icon__container\" data-brz-custom-id=\"mlwxwxgkvoebxmfzhireydxofcthsaonalhl\"><span class=\"brz-icon brz-span brz-css-1jimgoj brz-css-1tl6a57\"><\/span><\/div>\n<div class=\"brz-text-btn\">\n<div class=\"brz-rich-text brz-rich-text__custom brz-css-smdhjh\" data-brz-custom-id=\"nqmeqrgwrkeytdxuipblafcdmzkpczavheno\">\n<div data-brz-translate-text=\"1\">\n<p class=\"brz-lh-lg-1 brz-ls-lg-0 brz-fw-lg-400 brz-fss-lg-px brz-fs-lg-66 brz-ft-upload brz-ff-izzivsxniqvyexslaslvwzgtgnghvrxuxiru brz-tp-lg-empty brz-css-wdspc\" data-generated-css=\"brz-css-uzzuu\" data-uniq-id=\"efiro\"><span class=\"brz-cp-color2\">Armstraffung (Brachioplastik)<\/span><\/p>\n<\/div>\n<\/div>\n<\/div>\n<\/div>\n<\/div>\n<\/div>\n<\/div>\n<\/div>\n<\/div>\n<\/div>\n<\/div>\n<\/section>\n<section id=\"_igdrtirkueugobrfvgggybyxdtlcrdoicahp\" class=\"brz-section brz-css-684p0w\">\n<div class=\"brz-section__content brz-section--boxed brz-css-r2stkm brz-css-1i3u9k3\" data-brz-custom-id=\"mmgfjyzuiyjuhbqfwhybqwporoprnvqsdykf\">\n<div class=\"brz-bg\">\n<div class=\"brz-bg-color\"><\/div>\n<\/div>\n<div class=\"brz-container brz-css-w73du8\">\n<div id=\"\" class=\"brz-css-7jb6os brz-wrapper\">\n<div class=\"brz-line brz-line-default brz-css-1c2xdn0 brz-css-1mzc6wp\" data-brz-custom-id=\"jpfbgqdvsywztvnfkfgptqyuldkhqjrctocr\">\n<hr class=\"brz-hr\"><\/div>\n<\/div>\n<div class=\"brz-row__container brz-css-9zptyc\" data-brz-custom-id=\"grfzdbikrybzauhcwfykhfbtonatxmjugxmy\">\n<div class=\"brz-bg\"><\/div>\n<div class=\"brz-row brz-css-11ah487 brz-css-1mp9vke\">\n<div class=\"brz-columns brz-css-1lszihl brz-css-1avchhq\" data-brz-custom-id=\"lvvusqxdxbkcqdcanctvtbpvpcixewxqytsk\">\n<div class=\"brz-bg\"><\/div>\n<div class=\"brz-column__items brz-css-1c3klz8 brz-css-1k0sg9u\">\n<div id=\"\" class=\"brz-css-7jb6os brz-css-pe4gs3 brz-wrapper\">\n<div class=\"brz-rich-text brz-rich-text__custom brz-css-smdhjh\" data-brz-custom-id=\"rldhxbudeepixcqqixiobfeuzbbvemautvnj\">\n<div data-brz-translate-text=\"1\">\n<h4 class=\"brz-lh-lg-1_5 brz-tp-lg-empty brz-ff-manrope brz-ft-google brz-fs-lg-13 brz-fss-lg-px brz-fw-lg-700 brz-ls-lg-m_0_5 brz-css-tI_p0\" data-generated-css=\"brz-css-txwbr\" data-uniq-id=\"kfzqk\"><span class=\"brz-capitalize-on\">ARMSTRAFFUNG (BRACHIOPLASTIK)<\/span><\/h4>\n<\/div>\n<\/div>\n<\/div>\n<div id=\"\" class=\"brz-css-7jb6os brz-css-1qmavmb brz-wrapper\">\n<div class=\"brz-rich-text brz-rich-text__custom brz-css-smdhjh\" data-brz-custom-id=\"urwksmdwwxvuhljnhniyjxygjalxusljgejm\">\n<div data-brz-translate-text=\"1\">\n<p class=\"brz-ls-lg-0 brz-fw-lg-400 brz-fss-lg-px brz-fs-lg-36 brz-ft-upload brz-ff-ckyztbazucvfgxnrkwthfbuhnumrbfrmhags brz-tp-lg-empty brz-lh-lg-1_3 brz-css-blW36\" data-generated-css=\"brz-css-vdxto\" data-uniq-id=\"bmayb\"><span class=\"brz-cp-color2\">Da sich die Kollagenproduktion mit fortschreitendem Alter verlangsamt, erschlafft die Haut und macht Ihre Haut weniger elastisch als in j\u00fcngeren Jahren. Eine weitere Ursache f\u00fcr das Durchh\u00e4ngen, insbesondere unter den Armen, ist eine \u00fcberm\u00e4\u00dfige Gewichtszunahme oder ein schneller Gewichtsverlust.<\/span><\/p>\n<\/div>\n<\/div>\n<\/div>\n<div id=\"\" class=\"brz-css-7jb6os brz-css-1718fz1 brz-wrapper\">\n<div class=\"brz-spacer brz-css-1loxme0 brz-css-fkdtj8\"><\/div>\n<\/div>\n<div id=\"\" class=\"brz-css-7jb6os brz-css-19jec8d brz-wrapper\">\n<div class=\"brz-rich-text brz-rich-text__custom brz-css-smdhjh\" data-brz-custom-id=\"wfakmwunrdqmthnhubhiiaawuwionrlffmju\">\n<div data-brz-translate-text=\"1\">\n<p class=\"brz-tp-lg-empty brz-ff-manrope brz-ft-google brz-fs-lg-16 brz-fss-lg-px brz-fw-lg-400 brz-ls-lg-0 brz-lh-lg-1_9 brz-css-jwOK0\" data-uniq-id=\"mgakp\" data-generated-css=\"brz-css-sbani\"><span class=\"brz-cp-color2\">Eine Armstraffung ist ein chirurgischer Eingriff zur Verbesserung des Aussehens des unteren Teils Ihrer Oberarme. Die L\u00e4nge und Form der Schnitte h\u00e4ngt davon ab, wie viel Haut entfernt wird. Nach dem Einschnitt strafft Dr. Mak das Gewebe und die Muskeln und n\u00e4ht diese zusammen. Er kann auch Fettabsaugung verwenden, um das \u00fcbersch\u00fcssige Fett zu entfernen.<\/span><\/p>\n<\/div>\n<\/div>\n<\/div>\n<div id=\"\" class=\"brz-css-7jb6os brz-css-1718fz1 brz-wrapper\">\n<div class=\"brz-spacer brz-css-1loxme0 brz-css-bjy8z3\"><\/div>\n<\/div>\n<div id=\"\" class=\"brz-css-7jb6os brz-css-tedfeo brz-wrapper\">\n<div class=\"brz-icon-text brz-css-o88o76\" data-brz-custom-id=\"miktezowiunirqziorzqrcvboxjigcrcfply\">\n<div class=\"brz-icon__container\" data-brz-custom-id=\"jbiywfsahkgstrlereofrokqanmpsrtqkfdp\"><span class=\"brz-icon brz-span brz-css-1jimgoj brz-css-1o4ljqr\"><\/span><\/div>\n<div class=\"brz-text-btn\">\n<div class=\"brz-rich-text brz-rich-text__custom brz-css-smdhjh\" data-brz-custom-id=\"tgxzxmiylrjcaxxqeabkrwsozkphzepmntyb\">\n<div data-brz-translate-text=\"1\">\n<p class=\"brz-lh-lg-1_3 brz-fw-xs-400 brz-fw-sm-400 brz-fw-lg-400 brz-ft-google brz-ff-arimo brz-ls-xs-0 brz-ls-sm-0 brz-ls-lg-0 brz-fs-xs-17 brz-fs-sm-17 brz-fs-lg-18 brz-lh-sm-1_4 brz-lh-xs-1_4 brz-css-nHF91\" data-generated-css=\"brz-css-zjvri\" data-uniq-id=\"hrtfs\"><span>Narkose \u2013 Vollnarkose durch einen Facharzt<\/span><\/p>\n<\/div>\n<\/div>\n<\/div>\n<\/div>\n<\/div>\n<div id=\"\" class=\"brz-css-7jb6os brz-css-1718fz1 brz-wrapper\">\n<div class=\"brz-spacer brz-css-1loxme0 brz-css-oo1lu9\"><\/div>\n<\/div>\n<div id=\"\" class=\"brz-css-7jb6os brz-css-u998wg brz-wrapper\">\n<div class=\"brz-icon-text brz-css-o88o76\" data-brz-custom-id=\"csewwsrxqjbbpyllktiqqmppjqjcxvyzxhpa\">\n<div class=\"brz-icon__container\" data-brz-custom-id=\"nyapjwkxbtbmfxvmzrpurlfbdkwnshzpbdvs\"><span class=\"brz-icon brz-span brz-css-1jimgoj brz-css-1slrefu\"><\/span><\/div>\n<div class=\"brz-text-btn\">\n<div class=\"brz-rich-text brz-rich-text__custom brz-css-smdhjh\" data-brz-custom-id=\"aqvetxemngyachyukqijcupbnyqxygwcmpew\">\n<div data-brz-translate-text=\"1\">\n<p class=\"brz-lh-sm-1_4 brz-lh-lg-1_3 brz-fw-xs-400 brz-fw-sm-400 brz-fw-lg-400 brz-ft-google brz-ff-arimo brz-ls-xs-0 brz-ls-sm-0 brz-ls-lg-0 brz-fs-xs-17 brz-fs-sm-17 brz-fs-lg-18 brz-lh-xs-1_4 brz-css-bx67R\" data-uniq-id=\"oqjon\" data-generated-css=\"brz-css-bmrbm\"><span>Klinikaufenthalt \u2013 5 N\u00e4chte<\/span><\/p>\n<\/div>\n<\/div>\n<\/div>\n<\/div>\n<\/div>\n<div id=\"\" class=\"brz-css-7jb6os brz-css-1718fz1 brz-wrapper\">\n<div class=\"brz-spacer brz-css-1loxme0 brz-css-m7ps0d\"><\/div>\n<\/div>\n<div id=\"\" class=\"brz-css-7jb6os brz-css-y74zk9 brz-wrapper\">\n<div class=\"brz-icon-text brz-css-o88o76\" data-brz-custom-id=\"kpzdfbfpyskbacvxqqxrjqjfjgcssvugxyav\">\n<div class=\"brz-icon__container\" data-brz-custom-id=\"xdbdqzbtggmqbqleopviaqjlguxrodpleztq\"><span class=\"brz-icon brz-span brz-css-1jimgoj brz-css-1d8yyms\"><\/span><\/div>\n<div class=\"brz-text-btn\">\n<div class=\"brz-rich-text brz-rich-text__custom brz-css-smdhjh\" data-brz-custom-id=\"uewhfasnzlmovkmurcntwjwqqklwpcuyonjl\">\n<div data-brz-translate-text=\"1\">\n<p class=\"brz-lh-sm-1_4 brz-lh-lg-1_3 brz-fw-xs-400 brz-fw-sm-400 brz-fw-lg-400 brz-ft-google brz-ff-arimo brz-ls-xs-0 brz-ls-sm-0 brz-ls-lg-0 brz-fs-xs-17 brz-fs-sm-17 brz-fs-lg-18 brz-lh-xs-1_4 brz-css-gao39\" data-uniq-id=\"anpis\" data-generated-css=\"brz-css-nyoeh\"><span>OP Dauer \u2013 1 bis 2 Stunden<\/span><\/p>\n<\/div>\n<\/div>\n<\/div>\n<\/div>\n<\/div>\n<div id=\"\" class=\"brz-css-7jb6os brz-css-1718fz1 brz-wrapper\">\n<div class=\"brz-spacer brz-css-1loxme0 brz-css-bqaygo\"><\/div>\n<\/div>\n<div id=\"\" class=\"brz-css-7jb6os brz-css-1l0sxmp brz-wrapper\">\n<div class=\"brz-icon-text brz-css-o88o76\" data-brz-custom-id=\"wzsdwandzpqnmjyjaegwkrpxxzptrnwygrox\">\n<div class=\"brz-icon__container\" data-brz-custom-id=\"xusbnwlvtqaocczszqehsjoxinsrsygjdqcc\"><span class=\"brz-icon brz-span brz-css-1jimgoj brz-css-1exjj24\"><\/span><\/div>\n<div class=\"brz-text-btn\">\n<div class=\"brz-rich-text brz-rich-text__custom brz-css-smdhjh\" data-brz-custom-id=\"pkanizdtrlajkeqizkfaqdunfjiinwprsaii\">\n<div data-brz-translate-text=\"1\">\n<p class=\"brz-lh-xs-1_4 brz-fs-lg-18 brz-fs-sm-17 brz-fs-xs-17 brz-ls-lg-0 brz-ls-sm-0 brz-ls-xs-0 brz-ff-arimo brz-ft-google brz-fw-lg-400 brz-fw-sm-400 brz-fw-xs-400 brz-lh-lg-1_3 brz-lh-sm-1_4 brz-css-glAhi\" data-uniq-id=\"djphg\" data-generated-css=\"brz-css-vjzlb\"><span>Gesellschaftsf\u00e4higkeit \u2013 nach 2 Wochen<\/span><\/p>\n<\/div>\n<\/div>\n<\/div>\n<\/div>\n<\/div>\n<div id=\"\" class=\"brz-css-7jb6os brz-css-1718fz1 brz-wrapper\">\n<div class=\"brz-spacer brz-css-1loxme0 brz-css-yfm5vz\"><\/div>\n<\/div>\n<\/div>\n<\/div>\n<div class=\"brz-columns brz-css-1lszihl brz-css-1dg8lpj\" data-brz-custom-id=\"gllmfzbzdoifnfbccbpsfdszbcowwrjnlzhl\">\n<div class=\"brz-bg\"><\/div>\n<div class=\"brz-column__items brz-css-1c3klz8 brz-css-18wmmkp\">\n<div id=\"\" class=\"brz-css-7jb6os brz-css-1sbow9o brz-wrapper\">\n<div class=\"brz-image brz-css-1t4opuq brz-css-239db5\" data-brz-custom-id=\"igxqxbslzwymzkoavxfpnrqedrepqdxduuer\"><img decoding=\"async\" class=\"brz-img\" src=\"https:\/\/drmakclinic.com\/de?brizy_media=wp-37feb68869b65c17d4565c896fd504d4.png&amp;brizy_crop=original\" alt=\"\" loading=\"lazy\"><\/div>\n<\/div>\n<\/div>\n<\/div>\n<\/div>\n<\/div>\n<\/div>\n<\/div>\n<\/section>\n<section id=\"_hyuiviebmzrfykhirxrztpuvonxoswbrvaar\" class=\"brz-section brz-css-684p0w\">\n<div class=\"brz-section__content brz-section--boxed brz-css-r2stkm brz-css-1y1ulux\" data-brz-custom-id=\"wteoicazdmcnwzmeflmljajifomwyhqjikzf\">\n<div class=\"brz-bg\">\n<div class=\"brz-bg-color\"><\/div>\n<\/div>\n<div class=\"brz-container brz-css-w73du8\">\n<div id=\"\" class=\"brz-css-7jb6os brz-wrapper\">\n<div class=\"brz-line brz-line-default brz-css-1c2xdn0 brz-css-11oqtt0\" data-brz-custom-id=\"tolujrswpshvjkfivblpvmjftbtlvygkzpya\">\n<hr class=\"brz-hr\"><\/div>\n<\/div>\n<div class=\"brz-row__container brz-css-9zptyc\" data-brz-custom-id=\"lpywmpbhunapjzfhrzunmqjfevcqdkcipdvk\">\n<div class=\"brz-bg\"><\/div>\n<div class=\"brz-row brz-css-11ah487\">\n<div class=\"brz-columns brz-css-1lszihl brz-css-roejj3\" data-brz-custom-id=\"nzsxqpwjbwhynpxcucvsbanmmsqrkkltzkhh\">\n<div class=\"brz-bg\"><\/div>\n<div class=\"brz-column__items brz-css-1c3klz8\"><\/div>\n<\/div>\n<div class=\"brz-columns brz-css-1lszihl brz-css-1iud085\" data-brz-custom-id=\"ahekvjgqidrmgudfvabsixawohnoyyvxypfx\">\n<div class=\"brz-bg\"><\/div>\n<div class=\"brz-column__items brz-css-1c3klz8\">\n<div id=\"\" class=\"brz-css-7jb6os brz-wrapper\">\n<div class=\"brz-rich-text brz-rich-text__custom brz-css-smdhjh\" data-brz-custom-id=\"wwbyxgtckhaefsybkgmxbemlnmaudpcyhgpj\">\n<div data-brz-translate-text=\"1\">\n<p class=\"brz-tp-lg-empty brz-ff-ckyztbazucvfgxnrkwthfbuhnumrbfrmhags brz-ft-upload brz-fs-lg-22 brz-fss-lg-px brz-fw-lg-400 brz-ls-lg-0 brz-lh-lg-1_9 brz-mt-lg-0 brz-css-kBE7W\" data-generated-css=\"brz-css-lxdqe\" data-uniq-id=\"rvxau\"><span>Vor Ihren Behandlungen m\u00fcssen Sie m\u00f6glicherweise auch:<\/span><\/p>\n<\/div>\n<\/div>\n<\/div>\n<div id=\"\" class=\"brz-css-7jb6os brz-css-rxiqhl brz-wrapper\">\n<div class=\"brz-icon-text brz-css-o88o76\" data-brz-custom-id=\"omjkgtfckbsriolgrubvcypqglfzysywhwzj\">\n<div class=\"brz-icon__container\" data-brz-custom-id=\"jfagqvolpvpjpcntmnerytqjwdvexolvqufh\"><span class=\"brz-icon brz-span brz-css-1jimgoj brz-css-udecrg\"><\/span><\/div>\n<div class=\"brz-text-btn\">\n<div class=\"brz-rich-text brz-rich-text__custom brz-css-smdhjh\" data-brz-custom-id=\"komlfhvwvjfcxucoxhwewdmjmlmgrgxrwyag\">\n<div data-brz-translate-text=\"1\">\n<p class=\"brz-lh-xs-1_4 brz-fs-lg-18 brz-fs-sm-17 brz-fs-xs-17 brz-ls-lg-0 brz-ls-sm-0 brz-ls-xs-0 brz-ff-arimo brz-ft-google brz-fw-lg-400 brz-fw-sm-400 brz-fw-xs-400 brz-lh-lg-1_3 brz-lh-sm-1_4 brz-css-jXlxJ\" data-uniq-id=\"lzgrw\" data-generated-css=\"brz-css-uphin\"><span>Aufh\u00f6ren zu rauchen. Rauchen verringert die Durchblutung der Haut und kann den Heilungsprozess verlangsamen. Wenn Sie rauchen, wird Dr. Mak Ihnen empfehlen, vor der Operation und w\u00e4hrend der Genesung auf das Rauchen zu verzichten.<\/span><\/p>\n<\/div>\n<\/div>\n<\/div>\n<\/div>\n<\/div>\n<div id=\"\" class=\"brz-css-7jb6os brz-css-1718fz1 brz-wrapper\">\n<div class=\"brz-spacer brz-css-1loxme0 brz-css-humw1n\"><\/div>\n<\/div>\n<div id=\"\" class=\"brz-css-7jb6os brz-css-jggjzz brz-wrapper\">\n<div class=\"brz-icon-text brz-css-o88o76\" data-brz-custom-id=\"dmpywavxmlfkeaovugmifqxrqmahapoxzmmi\">\n<div class=\"brz-icon__container\" data-brz-custom-id=\"kmswargiuxgklxojvoqhtqgxqsvymnohaqhw\"><span class=\"brz-icon brz-span brz-css-1jimgoj brz-css-15tngk0\"><\/span><\/div>\n<div class=\"brz-text-btn\">\n<div class=\"brz-rich-text brz-rich-text__custom brz-css-smdhjh\" data-brz-custom-id=\"vdskvexzsmhdlopealzraasevgmutomvyanm\">\n<div data-brz-translate-text=\"1\">\n<p class=\"brz-lh-sm-1_4 brz-lh-lg-1_3 brz-fw-xs-400 brz-fw-sm-400 brz-fw-lg-400 brz-ft-google brz-ff-arimo brz-ls-xs-0 brz-ls-sm-0 brz-ls-lg-0 brz-fs-xs-17 brz-fs-sm-17 brz-fs-lg-18 brz-lh-xs-1_4 brz-css-cQA6B\" data-generated-css=\"brz-css-jybzs\" data-uniq-id=\"vztpx\"><span>Vermeiden Sie bestimmte Medikamente. Sie m\u00fcssen wahrscheinlich die Einnahme von Aspirin, entz\u00fcndungshemmenden Medikamenten, Blutverd\u00fcnnern und Kr\u00e4uterzus\u00e4tzen vermeiden, die die Blutung verst\u00e4rken k\u00f6nnen.<\/span><\/p>\n<\/div>\n<\/div>\n<\/div>\n<\/div>\n<\/div>\n<\/div>\n<\/div>\n<div class=\"brz-columns brz-css-1lszihl brz-css-1tu8q6i\" data-brz-custom-id=\"xitjwuhlhmjqbnttpjchmpyahdlavqpyrnrt\">\n<div class=\"brz-bg\"><\/div>\n<div class=\"brz-column__items brz-css-1c3klz8\"><\/div>\n<\/div>\n<\/div>\n<\/div>\n<\/div>\n<\/div>\n<\/section>\n<section id=\"_pbvczvnewawzuamvlhhexhfaghwmkgjxwbvl\" class=\"brz-section brz-css-684p0w\">\n<div class=\"brz-section__content brz-section--boxed brz-css-r2stkm brz-css-j4n70a\" data-brz-custom-id=\"aryiqelukfiloawdqfsprdphzxucgcicovxx\">\n<div class=\"brz-bg\">\n<div class=\"brz-bg-color\"><\/div>\n<\/div>\n<div class=\"brz-container brz-css-w73du8\">\n<div id=\"\" class=\"brz-css-7jb6os brz-wrapper\">\n<div class=\"brz-line brz-line-default brz-css-1c2xdn0 brz-css-1h3jdto\" data-brz-custom-id=\"dgtlztzotrbnuitjqvyhdrxcexhwxwrbbhgc\">\n<hr class=\"brz-hr\"><\/div>\n<\/div>\n<div id=\"\" class=\"brz-css-7jb6os brz-css-1718fz1 brz-wrapper\">\n<div class=\"brz-spacer brz-css-1loxme0 brz-css-1t9scjc\"><\/div>\n<\/div>\n<div class=\"brz-row__container brz-css-9zptyc\" data-brz-custom-id=\"tikvckhqtrmdcsugltwivalixmlrlpzymzpn\">\n<div class=\"brz-bg\"><\/div>\n<div class=\"brz-row brz-css-11ah487 brz-css-1mp9vke\">\n<div class=\"brz-columns brz-css-1lszihl brz-css-cmu8xo\" data-brz-custom-id=\"jcpgupdodfuygivtaoorxnoqeozipyfuaicx\">\n<div class=\"brz-bg\"><\/div>\n<div class=\"brz-column__items brz-css-1c3klz8 brz-css-ps7dcq\">\n<div id=\"\" class=\"brz-css-7jb6os brz-css-ag21qj brz-wrapper\">\n<div class=\"brz-image brz-css-1cermrg brz-css-1dt6zsh\" data-brz-custom-id=\"ndhtlqmijxoogpdfvvtpfvuvtnaiijdxtjnl\"><img decoding=\"async\" class=\"brz-img\" src=\"https:\/\/drmakclinic.com\/de?brizy_media=wp-9b7486b9d786a0648588605ea135d33b.jpg&amp;brizy_crop=iW%3D316%26iH%3D211%26oX%3D90%26oY%3D23%26cW%3D105%26cH%3D106\" alt=\"\" loading=\"lazy\"><\/div>\n<\/div>\n<\/div>\n<\/div>\n<div class=\"brz-columns brz-css-1lszihl brz-css-5kp37v\" data-brz-custom-id=\"mombwjeaughlkqfgxcnulasscovzqqpfsoef\">\n<div class=\"brz-bg\"><\/div>\n<div class=\"brz-column__items brz-css-1c3klz8 brz-css-gbps0a\">\n<div id=\"\" class=\"brz-css-7jb6os brz-wrapper\">\n<div class=\"brz-rich-text brz-rich-text__custom brz-css-smdhjh\" data-brz-custom-id=\"elrhrwkdkrnbmrynzhecgfigxvtelaltkgmz\">\n<div data-brz-translate-text=\"1\">\n<p class=\"brz-lh-lg-1_5 brz-ls-lg-0 brz-fw-lg-400 brz-fss-lg-px brz-fs-lg-24 brz-ft-upload brz-ff-ckyztbazucvfgxnrkwthfbuhnumrbfrmhags brz-tp-lg-empty brz-css-r9NZU\" data-generated-css=\"brz-css-frjrm\" data-uniq-id=\"lourk\">Wenn Sie eine plastische und andere kosmetische Behandlung in Betracht ziehen, ist es mein Ziel als Ihr plastischer Chirurg, Ihnen w\u00e4hrend der gesamten Behandlung die h\u00f6chste Qualit\u00e4t und die beste Versorgung zu bieten.<\/p>\n<\/div>\n<\/div>\n<\/div>\n<div id=\"\" class=\"brz-css-7jb6os brz-css-1718fz1 brz-css-975jl4 brz-wrapper\">\n<div class=\"brz-spacer brz-css-1loxme0 brz-css-1sacydk\"><\/div>\n<\/div>\n<div id=\"\" class=\"brz-css-7jb6os brz-css-152eed4 brz-wrapper\">\n<div class=\"brz-rich-text brz-rich-text__custom brz-css-smdhjh\" data-brz-custom-id=\"aamslgtppzmxcapbfvxpnlkqgcdhpshxvqty\">\n<div data-brz-translate-text=\"1\">\n<p class=\"brz-text-xs-center brz-tp-lg-heading4 brz-css-nR0qN\" data-uniq-id=\"mrayu\" data-generated-css=\"brz-css-yakzy\"><strong class=\"brz-cp-color2\">Dr. Mehmet Arif Karag\u00f6z<\/strong><\/p>\n<\/div>\n<\/div>\n<\/div>\n<div id=\"\" class=\"brz-css-7jb6os brz-css-5nizhk brz-wrapper\">\n<div class=\"brz-rich-text brz-rich-text__custom brz-css-smdhjh\" data-brz-custom-id=\"hqhnwkbebijzhphiadfbuxocruwxcdsencda\">\n<div data-brz-translate-text=\"1\">\n<p class=\"brz-tp-lg-paragraph brz-text-xs-center brz-css-uU4st\" data-generated-css=\"brz-css-bgvcv\" data-uniq-id=\"soznt\"><span class=\"brz-cp-color7\">Dr. Mak Plastischer Chirurg<\/span><\/p>\n<\/div>\n<\/div>\n<\/div>\n<\/div>\n<\/div>\n<\/div>\n<\/div>\n<div id=\"\" class=\"brz-css-7jb6os brz-css-1718fz1 brz-css-17i51q4 brz-wrapper\">\n<div class=\"brz-spacer brz-css-1loxme0 brz-css-pq2wup\"><\/div>\n<\/div>\n<div id=\"\" class=\"brz-css-7jb6os brz-wrapper\">\n<div class=\"brz-line brz-line-default brz-css-1c2xdn0 brz-css-191ls4u\" data-brz-custom-id=\"gmrmnfhittxttfbtovsnezvywdgkdfbdhmhv\">\n<hr class=\"brz-hr\"><\/div>\n<\/div>\n<\/div>\n<\/div>\n<\/section>\n<\/div>\n<p>    <!-- version:1738247258 --><\/p>\n","protected":false},"excerpt":{"rendered":"<p>Armstraffung (Brachioplastik) ARMSTRAFFUNG (BRACHIOPLASTIK) Da sich die Kollagenproduktion mit fortschreitendem Alter verlangsamt, erschlafft die Haut und macht Ihre Haut weniger elastisch als in j\u00fcngeren Jahren. Eine weitere Ursache f\u00fcr das Durchh\u00e4ngen, insbesondere unter den Armen, ist eine \u00fcberm\u00e4\u00dfige Gewichtszunahme oder ein schneller Gewichtsverlust. Eine Armstraffung ist ein chirurgischer Eingriff zur Verbesserung des Aussehens des unteren [&hellip;]<\/p>\n","protected":false},"author":1,"featured_media":0,"parent":1120,"menu_order":0,"comment_status":"closed","ping_status":"closed","template":"","meta":{"footnotes":""},"class_list":["post-1148","page","type-page","status-publish","hentry"],"blocksy_meta":{"styles_descriptor":{"styles":{"desktop":"","tablet":"","mobile":""},"google_fonts":[],"version":6}},"_links":{"self":[{"href":"https:\/\/drmakclinic.com\/de\/wp-json\/wp\/v2\/pages\/1148","targetHints":{"allow":["GET"]}}],"collection":[{"href":"https:\/\/drmakclinic.com\/de\/wp-json\/wp\/v2\/pages"}],"about":[{"href":"https:\/\/drmakclinic.com\/de\/wp-json\/wp\/v2\/types\/page"}],"author":[{"embeddable":true,"href":"https:\/\/drmakclinic.com\/de\/wp-json\/wp\/v2\/users\/1"}],"replies":[{"embeddable":true,"href":"https:\/\/drmakclinic.com\/de\/wp-json\/wp\/v2\/comments?post=1148"}],"version-history":[{"count":0,"href":"https:\/\/drmakclinic.com\/de\/wp-json\/wp\/v2\/pages\/1148\/revisions"}],"up":[{"embeddable":true,"href":"https:\/\/drmakclinic.com\/de\/wp-json\/wp\/v2\/pages\/1120"}],"wp:attachment":[{"href":"https:\/\/drmakclinic.com\/de\/wp-json\/wp\/v2\/media?parent=1148"}],"curies":[{"name":"wp","href":"https:\/\/api.w.org\/{rel}","templated":true}]}}