{"id":1154,"date":"2022-08-28T20:46:24","date_gmt":"2022-08-28T17:46:24","guid":{"rendered":"https:\/\/drmakclinic.com\/?page_id=1154"},"modified":"2025-01-31T01:33:53","modified_gmt":"2025-01-30T22:33:53","slug":"breast-implant","status":"publish","type":"page","link":"https:\/\/drmakclinic.com\/de\/procedures\/aesthetic-plastic-surgery\/breast-implant\/","title":{"rendered":"Breast Implant"},"content":{"rendered":"<div class=\"brz-root__container brz-reset-all brz brz-root__container-page\">\n<section id=\"_nwezzwuehrfgwnfoozvwwqwwduzhztrofbds\" class=\"brz-section brz-css-tf4vpk\">\n<div class=\"brz-section__content brz-section--boxed brz-css-4gyiwz brz-css-1ee2ur5\" data-brz-custom-id=\"exqteczeiuaflbzjpgztglgxlwhuyznbatwo\">\n<div class=\"brz-bg\">\n<div class=\"brz-bg-color\"><\/div>\n<\/div>\n<div class=\"brz-container brz-css-1jgzy3\">\n<div class=\"brz-row__container brz-css-1h0mwyn\" data-brz-custom-id=\"jtodobpkfspfufuhtumsidmapeijcmxoqbdm\">\n<div class=\"brz-bg\"><\/div>\n<div class=\"brz-row brz-css-1gwdhd2 brz-css-u5vi2s\">\n<div class=\"brz-columns brz-css-1ibygli brz-css-sbxvld\" data-brz-custom-id=\"lvhwaxwnhbsnfydipvuyejeyhouhvkvnfanv\">\n<div class=\"brz-bg\"><\/div>\n<div class=\"brz-column__items brz-css-1dn76em\">\n<div id=\"\" class=\"brz-css-imgvw6 brz-wrapper\">\n<div class=\"brz-icon-text brz-css-18qp9f4 brz-css-127a6d1\" data-brz-custom-id=\"lbkhmbzekowgtpmvtglzaydxscwqyowebmqc\">\n<div class=\"brz-icon__container\" data-brz-custom-id=\"fcwkuyrztrnugjwdmhwpnnxrczwyqpgjoktr\"><span class=\"brz-icon brz-span brz-css-n8d2bw brz-css-1wbak34\"><\/span><\/div>\n<div class=\"brz-text-btn\">\n<div class=\"brz-rich-text brz-rich-text__custom brz-css-1k548ne\" data-brz-custom-id=\"wywaoadxxrnlhkvqjszjpxlrefusuakevvzd\">\n<div data-brz-translate-text=\"1\">\n<p class=\"brz-tp-lg-empty brz-ff-izzivsxniqvyexslaslvwzgtgnghvrxuxiru brz-ft-upload brz-fs-lg-66 brz-fss-lg-px brz-fw-lg-400 brz-ls-lg-0 brz-lh-lg-1 brz-css-cHptA\" data-uniq-id=\"nrluc\" data-generated-css=\"brz-css-vlszv\"><span class=\"brz-cp-color2\">Brustvergr\u00f6\u00dferung mit Implantaten<\/span><\/p>\n<\/div>\n<\/div>\n<\/div>\n<\/div>\n<\/div>\n<\/div>\n<\/div>\n<\/div>\n<\/div>\n<\/div>\n<\/div>\n<\/section>\n<section id=\"_cjpgyqljdvrxtuhmwauozrubwpgbjvycdcok\" class=\"brz-section brz-css-tf4vpk\">\n<div class=\"brz-section__content brz-section--boxed brz-css-4gyiwz brz-css-wyuuv6\" data-brz-custom-id=\"trkfvqglpnlmvhgeyxvkmzcqabqvjpaurxho\">\n<div class=\"brz-bg\">\n<div class=\"brz-bg-color\"><\/div>\n<\/div>\n<div class=\"brz-container brz-css-1jgzy3\">\n<div id=\"\" class=\"brz-css-imgvw6 brz-wrapper\">\n<div class=\"brz-line brz-line-default brz-css-1gg432e brz-css-clxq7y\" data-brz-custom-id=\"ztfwfiptuscqyzpcitdupmgodbqmkidmtdtl\">\n<hr class=\"brz-hr\"><\/div>\n<\/div>\n<div class=\"brz-row__container brz-css-1h0mwyn\" data-brz-custom-id=\"miqckgxglmcerbiltepcwnsyvndmhyofvuym\">\n<div class=\"brz-bg\"><\/div>\n<div class=\"brz-row brz-css-1gwdhd2 brz-css-c1nq5q\">\n<div class=\"brz-columns brz-css-1ibygli brz-css-1iccdxy\" data-brz-custom-id=\"rgwiuhtvurxcpeokkhtvhppcuuqyyfgtufut\">\n<div class=\"brz-bg\"><\/div>\n<div class=\"brz-column__items brz-css-1dn76em brz-css-1r5x2k\">\n<div id=\"\" class=\"brz-css-imgvw6 brz-css-k784iw brz-wrapper\">\n<div class=\"brz-rich-text brz-rich-text__custom brz-css-1k548ne\" data-brz-custom-id=\"reftzjhwuppyvuzmznwwrdauxzzbiqwdamfo\">\n<div data-brz-translate-text=\"1\">\n<h4 class=\"brz-ls-lg-m_0_5 brz-fw-lg-700 brz-fss-lg-px brz-fs-lg-13 brz-ft-google brz-ff-manrope brz-tp-lg-empty brz-lh-lg-1_5 brz-css-kVo25\" data-uniq-id=\"sazbu\" data-generated-css=\"brz-css-rgdxg\"><span class=\"brz-capitalize-on\">BRUSTVERGR\u00d6\u00dfERUNG MIT IMPLANTATEN<\/span><\/h4>\n<\/div>\n<\/div>\n<\/div>\n<div id=\"\" class=\"brz-css-imgvw6 brz-css-1xbfs5f brz-wrapper\">\n<div class=\"brz-rich-text brz-rich-text__custom brz-css-1k548ne\" data-brz-custom-id=\"fxxlwaoualsqmqgrsrzlyyhxeatiwumrqwyi\">\n<div data-brz-translate-text=\"1\">\n<p class=\"brz-ls-lg-0 brz-fw-lg-400 brz-fss-lg-px brz-fs-lg-36 brz-ft-upload brz-ff-ckyztbazucvfgxnrkwthfbuhnumrbfrmhags brz-tp-lg-empty brz-lh-lg-1_3 brz-css-lKLHc\" data-generated-css=\"brz-css-jqoud\" data-uniq-id=\"gixai\"><span class=\"brz-cp-color2\">Die Brustvergr\u00f6\u00dferung ist heutzutage eine sehr beliebte Behandlung geworden und wird am h\u00e4ufigsten von Dr. Mak durchgef\u00fchrt. Dieses Verfahren kann auch das nach Gewichtsreduktion oder Schwangerschaft verlorene Brustvolumen wiederherstellen.<\/span><\/p>\n<\/div>\n<\/div>\n<\/div>\n<div id=\"\" class=\"brz-css-imgvw6 brz-css-ai3zcn brz-wrapper\">\n<div class=\"brz-spacer brz-css-uykkds brz-css-bzmm78\"><\/div>\n<\/div>\n<div id=\"\" class=\"brz-css-imgvw6 brz-css-1oshth6 brz-wrapper\">\n<div class=\"brz-rich-text brz-rich-text__custom brz-css-1k548ne\" data-brz-custom-id=\"udekqdifhkbachgrbxyyulbrobnydahvfdov\">\n<div data-brz-translate-text=\"1\">\n<p class=\"brz-tp-lg-empty brz-ff-manrope brz-ft-google brz-fs-lg-16 brz-fss-lg-px brz-fw-lg-400 brz-ls-lg-0 brz-lh-lg-1_9 brz-css-egOVZ\" data-uniq-id=\"artme\" data-generated-css=\"brz-css-ohbov\"><span>Brustimplantate korrigieren keine schlaffen Br\u00fcste. Eine Bruststraffung kann zusammen mit einer Brustvergr\u00f6\u00dferung erforderlich sein, damit h\u00e4ngende Br\u00fcste voller und gestrafft aussehen.<\/span><\/p>\n<\/div>\n<\/div>\n<\/div>\n<div id=\"\" class=\"brz-css-imgvw6 brz-css-ai3zcn brz-wrapper\">\n<div class=\"brz-spacer brz-css-uykkds brz-css-1ru7vf2\"><\/div>\n<\/div>\n<div id=\"\" class=\"brz-css-imgvw6 brz-css-1w8msh3 brz-wrapper\">\n<div class=\"brz-icon-text brz-css-18qp9f4\" data-brz-custom-id=\"rxqpswozrarfpmjqtbiuarlkfmkturmtyzqy\">\n<div class=\"brz-icon__container\" data-brz-custom-id=\"dmxlpigrdszgrejoenhufyfhdqcvqttiwfkx\"><span class=\"brz-icon brz-span brz-css-n8d2bw brz-css-b04tm3\"><\/span><\/div>\n<div class=\"brz-text-btn\">\n<div class=\"brz-rich-text brz-rich-text__custom brz-css-1k548ne\" data-brz-custom-id=\"lspzdyjadrwotrcimowtvmuahwvpwxzthtiz\">\n<div data-brz-translate-text=\"1\">\n<p class=\"brz-lh-lg-1_3 brz-fw-xs-400 brz-fw-sm-400 brz-fw-lg-400 brz-ft-google brz-ff-arimo brz-ls-xs-0 brz-ls-sm-0 brz-ls-lg-0 brz-fs-xs-17 brz-fs-sm-17 brz-fs-lg-18 brz-lh-sm-1_4 brz-lh-xs-1_4 brz-css-brpZH\" data-generated-css=\"brz-css-lgqik\" data-uniq-id=\"imtho\"><span>Narkose \u2013 Vollnarkose durch einen Facharzt<\/span><\/p>\n<\/div>\n<\/div>\n<\/div>\n<\/div>\n<\/div>\n<div id=\"\" class=\"brz-css-imgvw6 brz-css-ai3zcn brz-wrapper\">\n<div class=\"brz-spacer brz-css-uykkds brz-css-1cmoyjy\"><\/div>\n<\/div>\n<div id=\"\" class=\"brz-css-imgvw6 brz-css-1xny6jr brz-wrapper\">\n<div class=\"brz-icon-text brz-css-18qp9f4\" data-brz-custom-id=\"aoyiolpqbxszguoqbrbsvkzeccdoygsxdlek\">\n<div class=\"brz-icon__container\" data-brz-custom-id=\"touudbzkncpcwywzecpcyactfneygeshtruu\"><span class=\"brz-icon brz-span brz-css-n8d2bw brz-css-1xxwtv0\"><\/span><\/div>\n<div class=\"brz-text-btn\">\n<div class=\"brz-rich-text brz-rich-text__custom brz-css-1k548ne\" data-brz-custom-id=\"hmitpyyylctlrvvycivecumqxobesbuafvqb\">\n<div data-brz-translate-text=\"1\">\n<p class=\"brz-lh-xs-1_4 brz-fs-lg-18 brz-fs-sm-17 brz-fs-xs-17 brz-ls-lg-0 brz-ls-sm-0 brz-ls-xs-0 brz-ff-arimo brz-ft-google brz-fw-lg-400 brz-fw-sm-400 brz-fw-xs-400 brz-lh-lg-1_3 brz-lh-sm-1_4 brz-css-cvdKs\" data-generated-css=\"brz-css-fwwuo\" data-uniq-id=\"qcite\"><span>Klinikaufenthalt \u2013 7 N\u00e4chte<\/span><\/p>\n<\/div>\n<\/div>\n<\/div>\n<\/div>\n<\/div>\n<div id=\"\" class=\"brz-css-imgvw6 brz-css-ai3zcn brz-wrapper\">\n<div class=\"brz-spacer brz-css-uykkds brz-css-5gq55d\"><\/div>\n<\/div>\n<div id=\"\" class=\"brz-css-imgvw6 brz-css-1ge8fmy brz-wrapper\">\n<div class=\"brz-icon-text brz-css-18qp9f4\" data-brz-custom-id=\"cqqdrqnhjcomisqjxpnnovpgjdfafcbohbcx\">\n<div class=\"brz-icon__container\" data-brz-custom-id=\"ultqsadhvmmjclzrblvbalvhsauibavmhgfr\"><span class=\"brz-icon brz-span brz-css-n8d2bw brz-css-6rr17h\"><\/span><\/div>\n<div class=\"brz-text-btn\">\n<div class=\"brz-rich-text brz-rich-text__custom brz-css-1k548ne\" data-brz-custom-id=\"hzufchslcjjqvwobymvtxjevjitxnnsrbbdr\">\n<div data-brz-translate-text=\"1\">\n<p class=\"brz-lh-sm-1_4 brz-lh-lg-1_3 brz-fw-xs-400 brz-fw-sm-400 brz-fw-lg-400 brz-ft-google brz-ff-arimo brz-ls-xs-0 brz-ls-sm-0 brz-ls-lg-0 brz-fs-xs-17 brz-fs-sm-17 brz-fs-lg-18 brz-lh-xs-1_4 brz-css-hVcLy\" data-uniq-id=\"tizil\" data-generated-css=\"brz-css-odmpq\"><span>OP Dauer \u2013 1 Stunde<\/span><\/p>\n<\/div>\n<\/div>\n<\/div>\n<\/div>\n<\/div>\n<div id=\"\" class=\"brz-css-imgvw6 brz-css-ai3zcn brz-wrapper\">\n<div class=\"brz-spacer brz-css-uykkds brz-css-11bafe2\"><\/div>\n<\/div>\n<div id=\"\" class=\"brz-css-imgvw6 brz-css-13ausk9 brz-wrapper\">\n<div class=\"brz-icon-text brz-css-18qp9f4\" data-brz-custom-id=\"lpceqziggdwzpjmqxovpzivkpawzinenjabd\">\n<div class=\"brz-icon__container\" data-brz-custom-id=\"jwtzualaunzztptdupjkpwjqtndykrwdqnkq\"><span class=\"brz-icon brz-span brz-css-n8d2bw brz-css-j0kvi6\"><\/span><\/div>\n<div class=\"brz-text-btn\">\n<div class=\"brz-rich-text brz-rich-text__custom brz-css-1k548ne\" data-brz-custom-id=\"ayljtlupjbnzcfojglmpfjqvaaevebojwgau\">\n<div data-brz-translate-text=\"1\">\n<p class=\"brz-lh-xs-1_4 brz-fs-lg-18 brz-fs-sm-17 brz-fs-xs-17 brz-ls-lg-0 brz-ls-sm-0 brz-ls-xs-0 brz-ff-arimo brz-ft-google brz-fw-lg-400 brz-fw-sm-400 brz-fw-xs-400 brz-lh-lg-1_3 brz-lh-sm-1_4 brz-css-bGSCy\" data-uniq-id=\"ohrgg\" data-generated-css=\"brz-css-comtv\"><span>Gesellschaftsf\u00e4higkeit \u2013 nach 2 Wochen<\/span><\/p>\n<\/div>\n<\/div>\n<\/div>\n<\/div>\n<\/div>\n<div id=\"\" class=\"brz-css-imgvw6 brz-css-ai3zcn brz-wrapper\">\n<div class=\"brz-spacer brz-css-uykkds brz-css-19z1gc3\"><\/div>\n<\/div>\n<\/div>\n<\/div>\n<div class=\"brz-columns brz-css-1ibygli brz-css-1ts2y8q\" data-brz-custom-id=\"rppiaajvpvhecesytwklyslnatlmmlbxrkyk\">\n<div class=\"brz-bg\"><\/div>\n<div class=\"brz-column__items brz-css-1dn76em brz-css-avv3y4\">\n<div id=\"\" class=\"brz-css-imgvw6 brz-css-1bqykok brz-wrapper\">\n<div class=\"brz-image brz-css-1letufw brz-css-xlggrv\" data-brz-custom-id=\"odznuehdguvvktjavgummopyqnvvevphlegm\"><img decoding=\"async\" class=\"brz-img\" src=\"https:\/\/drmakclinic.com\/de?brizy_media=wp-588c1239724e9c0a09e2e39b2a5eb87a.png&amp;brizy_crop=original\" alt=\"\" loading=\"lazy\"><\/div>\n<\/div>\n<\/div>\n<\/div>\n<\/div>\n<\/div>\n<\/div>\n<\/div>\n<\/section>\n<section id=\"_lhjmfibodcrzemvugvxgwxzldydjsipylbfq\" class=\"brz-section brz-css-tf4vpk\">\n<div class=\"brz-section__content brz-section--boxed brz-css-4gyiwz brz-css-100w7zm\" data-brz-custom-id=\"glhouthqerrqkrxqbbmiguvserlaxiibdqht\">\n<div class=\"brz-bg\">\n<div class=\"brz-bg-color\"><\/div>\n<\/div>\n<div class=\"brz-container brz-css-1jgzy3\">\n<div id=\"\" class=\"brz-css-imgvw6 brz-wrapper\">\n<div class=\"brz-line brz-line-default brz-css-1gg432e brz-css-qv0q5d\" data-brz-custom-id=\"dvosrlxhftdcpjmvpbpdeseagxyszxbqbzee\">\n<hr class=\"brz-hr\"><\/div>\n<\/div>\n<div class=\"brz-row__container brz-css-1h0mwyn\" data-brz-custom-id=\"ddmptacfkeadtrexmdcaxwkbamjvtmxmctot\">\n<div class=\"brz-bg\"><\/div>\n<div class=\"brz-row brz-css-1gwdhd2\">\n<div class=\"brz-columns brz-css-1ibygli brz-css-dmphf\" data-brz-custom-id=\"wmwlwrnadufrzxfvlbsksgwaujuuelwcdiki\">\n<div class=\"brz-bg\"><\/div>\n<div class=\"brz-column__items brz-css-1dn76em\"><\/div>\n<\/div>\n<div class=\"brz-columns brz-css-1ibygli brz-css-qx4yu8\" data-brz-custom-id=\"ecnuezaliqklcjxkzrtpjzoytoxaglzgggjc\">\n<div class=\"brz-bg\"><\/div>\n<div class=\"brz-column__items brz-css-1dn76em\">\n<div id=\"\" class=\"brz-css-imgvw6 brz-wrapper\">\n<div class=\"brz-rich-text brz-rich-text__custom brz-css-1k548ne\" data-brz-custom-id=\"moyzcmuribzbmxpivkbxdehiipigzsdbsjyr\">\n<div data-brz-translate-text=\"1\">\n<p class=\"brz-mt-lg-34 brz-lh-lg-1_9 brz-ls-lg-0 brz-fw-lg-400 brz-fss-lg-px brz-fs-lg-22 brz-ft-upload brz-ff-ckyztbazucvfgxnrkwthfbuhnumrbfrmhags brz-tp-lg-empty brz-css-k6s3_\" data-uniq-id=\"tfzpa\" data-generated-css=\"brz-css-hwycf\"><span>Vor Ihren Behandlungen m\u00fcssen Sie m\u00f6glicherweise auch:<\/span><\/p>\n<\/div>\n<\/div>\n<\/div>\n<div id=\"\" class=\"brz-css-imgvw6 brz-css-kx1los brz-wrapper\">\n<div class=\"brz-icon-text brz-css-18qp9f4\" data-brz-custom-id=\"qfdkbudhnzqyxxvkidrcuruklocfmecwxzcp\">\n<div class=\"brz-icon__container\" data-brz-custom-id=\"lcqjsdvvnxtvjdcobragtvvqdrtpgwrdocru\"><span class=\"brz-icon brz-span brz-css-n8d2bw brz-css-i4dkuv\"><\/span><\/div>\n<div class=\"brz-text-btn\">\n<div class=\"brz-rich-text brz-rich-text__custom brz-css-1k548ne\" data-brz-custom-id=\"wdurassuzldjzuxrdbzpflzfhawhtmhwxxwm\">\n<div data-brz-translate-text=\"1\">\n<p class=\"brz-lh-xs-1_4 brz-fs-lg-18 brz-fs-sm-17 brz-fs-xs-17 brz-ls-lg-0 brz-ls-sm-0 brz-ls-xs-0 brz-ff-arimo brz-ft-google brz-fw-lg-400 brz-fw-sm-400 brz-fw-xs-400 brz-lh-lg-1_3 brz-lh-sm-1_4 brz-css-chfch\" data-uniq-id=\"vgmag\" data-generated-css=\"brz-css-ecvxj\"><span>Aufh\u00f6ren zu rauchen. Rauchen verringert die Durchblutung der Haut und kann den Heilungsprozess verlangsamen. Wenn Sie rauchen, wird Dr. Mak Ihnen empfehlen, vor der Operation und w\u00e4hrend der Genesung auf das Rauchen zu verzichten.<\/span><\/p>\n<\/div>\n<\/div>\n<\/div>\n<\/div>\n<\/div>\n<div id=\"\" class=\"brz-css-imgvw6 brz-css-ai3zcn brz-wrapper\">\n<div class=\"brz-spacer brz-css-uykkds brz-css-7u1w9i\"><\/div>\n<\/div>\n<div id=\"\" class=\"brz-css-imgvw6 brz-css-1g2vm4g brz-wrapper\">\n<div class=\"brz-icon-text brz-css-18qp9f4\" data-brz-custom-id=\"xgepepinogdyahgmgdesyichaedjtrddxivz\">\n<div class=\"brz-icon__container\" data-brz-custom-id=\"otpfttphgtckbcanigucptrbengmokyveedj\"><span class=\"brz-icon brz-span brz-css-n8d2bw brz-css-1lb1agp\"><\/span><\/div>\n<div class=\"brz-text-btn\">\n<div class=\"brz-rich-text brz-rich-text__custom brz-css-1k548ne\" data-brz-custom-id=\"ayxgwzrlcnwilaozqoxdvewgvvrqckgjvnww\">\n<div data-brz-translate-text=\"1\">\n<p class=\"brz-lh-xs-1_4 brz-fs-lg-18 brz-fs-sm-17 brz-fs-xs-17 brz-ls-lg-0 brz-ls-sm-0 brz-ls-xs-0 brz-ff-arimo brz-ft-google brz-fw-lg-400 brz-fw-sm-400 brz-fw-xs-400 brz-lh-lg-1_3 brz-lh-sm-1_4 brz-css-qeeLU\" data-uniq-id=\"ffwgw\" data-generated-css=\"brz-css-jzrgr\"><span>Vermeiden Sie bestimmte Medikamente. Sie m\u00fcssen wahrscheinlich die Einnahme von Aspirin, entz\u00fcndungshemmenden Medikamenten, Blutverd\u00fcnnern und Kr\u00e4uterzus\u00e4tzen vermeiden, die die Blutung verst\u00e4rken k\u00f6nnen.<\/span><\/p>\n<\/div>\n<\/div>\n<\/div>\n<\/div>\n<\/div>\n<\/div>\n<\/div>\n<div class=\"brz-columns brz-css-1ibygli brz-css-7qjjv8\" data-brz-custom-id=\"ldctlcgyptkpwzmdvovemxelaghkwwbponbe\">\n<div class=\"brz-bg\"><\/div>\n<div class=\"brz-column__items brz-css-1dn76em\"><\/div>\n<\/div>\n<\/div>\n<\/div>\n<\/div>\n<\/div>\n<\/section>\n<section id=\"_hqzwdpclhdzwlihqgcxdsxnaioaqxjlxjglt\" class=\"brz-section brz-css-tf4vpk\">\n<div class=\"brz-section__content brz-section--boxed brz-css-4gyiwz brz-css-wdmzc1\" data-brz-custom-id=\"arkkasqwfsaqmshabooxydjwrgnmzhwihzmj\">\n<div class=\"brz-bg\">\n<div class=\"brz-bg-color\"><\/div>\n<\/div>\n<div class=\"brz-container brz-css-1jgzy3\">\n<div id=\"\" class=\"brz-css-imgvw6 brz-wrapper\">\n<div class=\"brz-line brz-line-default brz-css-1gg432e brz-css-fwes1a\" data-brz-custom-id=\"aljzwgwqolqganxssaqissgktisguhsujhvi\">\n<hr class=\"brz-hr\"><\/div>\n<\/div>\n<div id=\"\" class=\"brz-css-imgvw6 brz-css-ai3zcn brz-wrapper\">\n<div class=\"brz-spacer brz-css-uykkds brz-css-1lad2ol\"><\/div>\n<\/div>\n<div class=\"brz-row__container brz-css-1h0mwyn\" data-brz-custom-id=\"berqwrjcgwtwyrpwxmwcwxmfacrnwmnzsivh\">\n<div class=\"brz-bg\"><\/div>\n<div class=\"brz-row brz-css-1gwdhd2 brz-css-c1nq5q\">\n<div class=\"brz-columns brz-css-1ibygli brz-css-gfcsoc\" data-brz-custom-id=\"nrcyjsdtenhdkncpkabukqgdzqanwdnwdbrb\">\n<div class=\"brz-bg\"><\/div>\n<div class=\"brz-column__items brz-css-1dn76em brz-css-14lq439\">\n<div id=\"\" class=\"brz-css-imgvw6 brz-css-1rdmvvs brz-wrapper\">\n<div class=\"brz-image brz-css-klov1a brz-css-rt6yi4\" data-brz-custom-id=\"ixrngdglsqqvubrjdljecedavlojlljwxfun\"><img decoding=\"async\" class=\"brz-img\" src=\"https:\/\/drmakclinic.com\/de?brizy_media=wp-9b7486b9d786a0648588605ea135d33b.jpg&amp;brizy_crop=iW%3D316%26iH%3D211%26oX%3D90%26oY%3D23%26cW%3D105%26cH%3D106\" alt=\"\" loading=\"lazy\"><\/div>\n<\/div>\n<\/div>\n<\/div>\n<div class=\"brz-columns brz-css-1ibygli brz-css-1tjihj7\" data-brz-custom-id=\"ltpsqagwvwzfiyggvbrmprtqcnzrxidkpoyv\">\n<div class=\"brz-bg\"><\/div>\n<div class=\"brz-column__items brz-css-1dn76em brz-css-13kfrk2\">\n<div id=\"\" class=\"brz-css-imgvw6 brz-wrapper\">\n<div class=\"brz-rich-text brz-rich-text__custom brz-css-1k548ne\" data-brz-custom-id=\"rqzmysomrhdvfrsmsmvbnrzilgkdawwbjkqb\">\n<div data-brz-translate-text=\"1\">\n<p class=\"brz-lh-lg-1_5 brz-ls-lg-0 brz-fw-lg-400 brz-fss-lg-px brz-fs-lg-24 brz-ft-upload brz-ff-ckyztbazucvfgxnrkwthfbuhnumrbfrmhags brz-tp-lg-empty brz-css-bg7Nl\" data-generated-css=\"brz-css-fbwpl\" data-uniq-id=\"cbsic\">Wenn Sie eine plastische und andere kosmetische Behandlung in Betracht ziehen, ist es mein Ziel als Ihr plastischer Chirurg, Ihnen w\u00e4hrend der gesamten Behandlung die h\u00f6chste Qualit\u00e4t und die beste Versorgung zu bieten.<\/p>\n<\/div>\n<\/div>\n<\/div>\n<div id=\"\" class=\"brz-css-imgvw6 brz-css-ai3zcn brz-css-aacvqe brz-wrapper\">\n<div class=\"brz-spacer brz-css-uykkds brz-css-5mv51o\"><\/div>\n<\/div>\n<div id=\"\" class=\"brz-css-imgvw6 brz-css-1v7yngk brz-wrapper\">\n<div class=\"brz-rich-text brz-rich-text__custom brz-css-1k548ne\" data-brz-custom-id=\"ukvgpwowbdykdguprorawehhudprkateokyl\">\n<div data-brz-translate-text=\"1\">\n<p class=\"brz-text-xs-center brz-tp-lg-heading4 brz-css-baHtj\" data-uniq-id=\"mrayu\" data-generated-css=\"brz-css-yakzy\"><strong class=\"brz-cp-color2\">Dr. Mehmet Arif Karag\u00f6z<\/strong><\/p>\n<\/div>\n<\/div>\n<\/div>\n<div id=\"\" class=\"brz-css-imgvw6 brz-css-1m14ery brz-wrapper\">\n<div class=\"brz-rich-text brz-rich-text__custom brz-css-1k548ne\" data-brz-custom-id=\"abstbqurnwrikabmnfsctcelohfqykduaanu\">\n<div data-brz-translate-text=\"1\">\n<p class=\"brz-tp-lg-paragraph brz-text-xs-center brz-css-zS5lk\" data-generated-css=\"brz-css-snuze\" data-uniq-id=\"cakvf\"><span class=\"brz-cp-color7\">Dr. Mak Plastischer Chirurg<\/span><\/p>\n<\/div>\n<\/div>\n<\/div>\n<\/div>\n<\/div>\n<\/div>\n<\/div>\n<div id=\"\" class=\"brz-css-imgvw6 brz-css-ai3zcn brz-css-1ongqp8 brz-wrapper\">\n<div class=\"brz-spacer brz-css-uykkds brz-css-kemuhi\"><\/div>\n<\/div>\n<div id=\"\" class=\"brz-css-imgvw6 brz-wrapper\">\n<div class=\"brz-line brz-line-default brz-css-1gg432e brz-css-1olr2v6\" data-brz-custom-id=\"hlscqcdhdykukezqqrgftivkjeugswxlsjwk\">\n<hr class=\"brz-hr\"><\/div>\n<\/div>\n<\/div>\n<\/div>\n<\/section>\n<\/div>\n<p>    <!-- version:1738276433 --><\/p>\n","protected":false},"excerpt":{"rendered":"<p>Brustvergr\u00f6\u00dferung mit Implantaten BRUSTVERGR\u00d6\u00dfERUNG MIT IMPLANTATEN Die Brustvergr\u00f6\u00dferung ist heutzutage eine sehr beliebte Behandlung geworden und wird am h\u00e4ufigsten von Dr. Mak durchgef\u00fchrt. Dieses Verfahren kann auch das nach Gewichtsreduktion oder Schwangerschaft verlorene Brustvolumen wiederherstellen. Brustimplantate korrigieren keine schlaffen Br\u00fcste. Eine Bruststraffung kann zusammen mit einer Brustvergr\u00f6\u00dferung erforderlich sein, damit h\u00e4ngende Br\u00fcste voller und gestrafft [&hellip;]<\/p>\n","protected":false},"author":1,"featured_media":0,"parent":1120,"menu_order":0,"comment_status":"closed","ping_status":"closed","template":"","meta":{"footnotes":""},"class_list":["post-1154","page","type-page","status-publish","hentry"],"blocksy_meta":{"styles_descriptor":{"styles":{"desktop":"","tablet":"","mobile":""},"google_fonts":[],"version":6}},"_links":{"self":[{"href":"https:\/\/drmakclinic.com\/de\/wp-json\/wp\/v2\/pages\/1154","targetHints":{"allow":["GET"]}}],"collection":[{"href":"https:\/\/drmakclinic.com\/de\/wp-json\/wp\/v2\/pages"}],"about":[{"href":"https:\/\/drmakclinic.com\/de\/wp-json\/wp\/v2\/types\/page"}],"author":[{"embeddable":true,"href":"https:\/\/drmakclinic.com\/de\/wp-json\/wp\/v2\/users\/1"}],"replies":[{"embeddable":true,"href":"https:\/\/drmakclinic.com\/de\/wp-json\/wp\/v2\/comments?post=1154"}],"version-history":[{"count":0,"href":"https:\/\/drmakclinic.com\/de\/wp-json\/wp\/v2\/pages\/1154\/revisions"}],"up":[{"embeddable":true,"href":"https:\/\/drmakclinic.com\/de\/wp-json\/wp\/v2\/pages\/1120"}],"wp:attachment":[{"href":"https:\/\/drmakclinic.com\/de\/wp-json\/wp\/v2\/media?parent=1154"}],"curies":[{"name":"wp","href":"https:\/\/api.w.org\/{rel}","templated":true}]}}