{"id":1160,"date":"2022-08-28T20:46:43","date_gmt":"2022-08-28T17:46:43","guid":{"rendered":"https:\/\/drmakclinic.com\/?page_id=1160"},"modified":"2025-01-29T16:20:13","modified_gmt":"2025-01-29T13:20:13","slug":"breast-reduction","status":"publish","type":"page","link":"https:\/\/drmakclinic.com\/de\/procedures\/aesthetic-plastic-surgery\/breast-reduction\/","title":{"rendered":"Breast Reduction"},"content":{"rendered":"<div class=\"brz-root__container brz-reset-all brz brz-root__container-page\">\n<section id=\"_jmjhcrtaihfckzrirhmlvpyprwnnpavneary\" class=\"brz-section brz-css-18lcw3e\">\n<div class=\"brz-section__content brz-section--boxed brz-css-1wqkh5k brz-css-16qyz5e\" data-brz-custom-id=\"wdqniliqwphfzovepuhzoveseqygojjecrgy\">\n<div class=\"brz-bg\">\n<div class=\"brz-bg-color\"><\/div>\n<\/div>\n<div class=\"brz-container brz-css-16la8jl\">\n<div class=\"brz-row__container brz-css-jpdwlb\" data-brz-custom-id=\"vuwywmbzcxhgxzoxslmhsvgddhknakxtbbey\">\n<div class=\"brz-bg\"><\/div>\n<div class=\"brz-row brz-css-ccvuov brz-css-56jq32\">\n<div class=\"brz-columns brz-css-15vw4je brz-css-33uwgi\" data-brz-custom-id=\"sohmiqgmgpalltqoyehpudmvywckzzvhsnvu\">\n<div class=\"brz-bg\"><\/div>\n<div class=\"brz-column__items brz-css-88zu2e\">\n<div id=\"\" class=\"brz-css-113q89o brz-wrapper\">\n<div class=\"brz-icon-text brz-css-17l01mm brz-css-1vdc5s0\" data-brz-custom-id=\"oviwhxkxfasoxkgkbofkpjjnutpjqfffmrzw\">\n<div class=\"brz-icon__container\" data-brz-custom-id=\"afqgxyyzayiqhmwmsrrqbzftqndkxypxvsyd\"><span class=\"brz-icon brz-span brz-css-1gzbruz brz-css-1yylepo\"><\/span><\/div>\n<div class=\"brz-text-btn\">\n<div class=\"brz-rich-text brz-rich-text__custom brz-css-4nrfch\" data-brz-custom-id=\"rigeyavxbfoptgarnsekzkfdqqlwqqsskzvp\">\n<div data-brz-translate-text=\"1\">\n<p class=\"brz-lh-lg-1 brz-ls-lg-0 brz-fw-lg-400 brz-fss-lg-px brz-fs-lg-66 brz-ft-upload brz-ff-izzivsxniqvyexslaslvwzgtgnghvrxuxiru brz-tp-lg-empty brz-css-kYqlc\" data-generated-css=\"brz-css-oygeo\" data-uniq-id=\"kvmsg\"><span class=\"brz-cp-color2\">Brustverkleinerung<\/span><\/p>\n<\/div>\n<\/div>\n<\/div>\n<\/div>\n<\/div>\n<\/div>\n<\/div>\n<\/div>\n<\/div>\n<\/div>\n<\/div>\n<\/section>\n<section id=\"_vwjhmoslrydvsqquyiojmpbhzvtqkvjprrjv\" class=\"brz-section brz-css-18lcw3e\">\n<div class=\"brz-section__content brz-section--boxed brz-css-1wqkh5k brz-css-ixh4l2\" data-brz-custom-id=\"gotfuqaoycyxlqpmtblrrqypyrevayxhgbvy\">\n<div class=\"brz-bg\">\n<div class=\"brz-bg-color\"><\/div>\n<\/div>\n<div class=\"brz-container brz-css-16la8jl\">\n<div id=\"\" class=\"brz-css-113q89o brz-wrapper\">\n<div class=\"brz-line brz-line-default brz-css-1axbrlj brz-css-1v8ar0\" data-brz-custom-id=\"sffturwpbhqwsluqecilwokeqcrelvplfkai\">\n<hr class=\"brz-hr\"><\/div>\n<\/div>\n<div class=\"brz-row__container brz-css-jpdwlb\" data-brz-custom-id=\"qscbzhjydposlbusgasnfijfgqbmooplsbdh\">\n<div class=\"brz-bg\"><\/div>\n<div class=\"brz-row brz-css-ccvuov brz-css-1gsqzpy\">\n<div class=\"brz-columns brz-css-15vw4je brz-css-1waoxgb\" data-brz-custom-id=\"woeyluwwjszgfgxicddyxbubnriehyccoifl\">\n<div class=\"brz-bg\"><\/div>\n<div class=\"brz-column__items brz-css-88zu2e brz-css-1hlv5z7\">\n<div id=\"\" class=\"brz-css-113q89o brz-css-1butzts brz-wrapper\">\n<div class=\"brz-rich-text brz-rich-text__custom brz-css-4nrfch\" data-brz-custom-id=\"wvmelvuyswcxacfumkoeccgfwfwqqgykckmq\">\n<div data-brz-translate-text=\"1\">\n<h4 class=\"brz-fss-lg-px brz-fw-lg-700 brz-ls-lg-m_0_5 brz-lh-lg-1_5 brz-tp-lg-empty brz-ff-manrope brz-ft-google brz-fs-lg-13 brz-css-z5VZ6\" data-generated-css=\"brz-css-rupeb\" data-uniq-id=\"lfpvm\"><span class=\"brz-capitalize-on\">BRUSTVERKLEINERUNG<\/span><\/h4>\n<\/div>\n<\/div>\n<\/div>\n<div id=\"\" class=\"brz-css-113q89o brz-css-1pqez3l brz-wrapper\">\n<div class=\"brz-rich-text brz-rich-text__custom brz-css-4nrfch\" data-brz-custom-id=\"ilbqrhhllthhozfjmldmqyfbvrinjqifizah\">\n<div data-brz-translate-text=\"1\">\n<p class=\"brz-ls-lg-0 brz-fw-lg-400 brz-fss-lg-px brz-fs-lg-36 brz-ft-upload brz-ff-ckyztbazucvfgxnrkwthfbuhnumrbfrmhags brz-tp-lg-empty brz-lh-lg-1_3 brz-css-vs1Eg\" data-generated-css=\"brz-css-gdzha\" data-uniq-id=\"xhfcl\"><span class=\"brz-cp-color2\">Brustverkleinerung ist ein Verfahren zur Entfernung von \u00fcbersch\u00fcssigem Fett, Gewebe und Haut, um eine Brustgr\u00f6\u00dfe zu erreichen, die besser zu Ihrem K\u00f6rper passt, und um die mit gro\u00dfen Br\u00fcsten verbundenen Beschwerden zu reduzieren.<\/span><\/p>\n<\/div>\n<\/div>\n<\/div>\n<div id=\"\" class=\"brz-css-113q89o brz-css-13gnoam brz-wrapper\">\n<div class=\"brz-spacer brz-css-1a0r189 brz-css-11rc1cl\"><\/div>\n<\/div>\n<div id=\"\" class=\"brz-css-113q89o brz-css-1dkfx4f brz-wrapper\">\n<div class=\"brz-rich-text brz-rich-text__custom brz-css-4nrfch\" data-brz-custom-id=\"ybktqfhcjztlyfaewboeongrqmyxdzrfeyed\">\n<div data-brz-translate-text=\"1\">\n<p class=\"brz-tp-lg-empty brz-ff-manrope brz-ft-google brz-fs-lg-16 brz-fss-lg-px brz-fw-lg-400 brz-ls-lg-0 brz-lh-lg-1_9 brz-css-toofm\" data-uniq-id=\"serjk\" data-generated-css=\"brz-css-mprxp\"><span>Eine Brustverkleinerung ist in jedem Alter m\u00f6glich. Wenn Ihre Br\u00fcste jedoch noch nicht vollst\u00e4ndig entwickelt sind, ben\u00f6tigen Sie m\u00f6glicherweise sp\u00e4ter eine zweite Operation.<\/span><\/p>\n<\/div>\n<\/div>\n<\/div>\n<div id=\"\" class=\"brz-css-113q89o brz-css-13gnoam brz-wrapper\">\n<div class=\"brz-spacer brz-css-1a0r189 brz-css-1uqs35x\"><\/div>\n<\/div>\n<div id=\"\" class=\"brz-css-113q89o brz-css-127j7ee brz-wrapper\">\n<div class=\"brz-icon-text brz-css-17l01mm\" data-brz-custom-id=\"gkhqdaymedzlakfmwpzpcljvsnbakbktmvnl\">\n<div class=\"brz-icon__container\" data-brz-custom-id=\"fudxdbavpajjyspaoeogzlfutyiclqbpkhyk\"><span class=\"brz-icon brz-span brz-css-1gzbruz brz-css-6bbaiu\"><\/span><\/div>\n<div class=\"brz-text-btn\">\n<div class=\"brz-rich-text brz-rich-text__custom brz-css-4nrfch\" data-brz-custom-id=\"ehnuldrstzwpofanwimjksuuzhekfckhopls\">\n<div data-brz-translate-text=\"1\">\n<p class=\"brz-lh-lg-1_3 brz-fw-xs-400 brz-fw-sm-400 brz-fw-lg-400 brz-ft-google brz-ff-arimo brz-ls-xs-0 brz-ls-sm-0 brz-ls-lg-0 brz-fs-xs-17 brz-fs-sm-17 brz-fs-lg-18 brz-lh-sm-1_4 brz-lh-xs-1_4 brz-css-bsvo4\" data-generated-css=\"brz-css-hfwhd\" data-uniq-id=\"bckuv\"><span>Narkose \u2013 Vollnarkose durch einen Facharzt<\/span><\/p>\n<\/div>\n<\/div>\n<\/div>\n<\/div>\n<\/div>\n<div id=\"\" class=\"brz-css-113q89o brz-css-13gnoam brz-wrapper\">\n<div class=\"brz-spacer brz-css-1a0r189 brz-css-5d9uls\"><\/div>\n<\/div>\n<div id=\"\" class=\"brz-css-113q89o brz-css-1rxssba brz-wrapper\">\n<div class=\"brz-icon-text brz-css-17l01mm\" data-brz-custom-id=\"zhmwkyvsmcfkzrtclpqrwwpajnhjwapdtycu\">\n<div class=\"brz-icon__container\" data-brz-custom-id=\"llazoprzczfcvvpohiuahkwcqxjbhmjflnvp\"><span class=\"brz-icon brz-span brz-css-1gzbruz brz-css-1yr788p\"><\/span><\/div>\n<div class=\"brz-text-btn\">\n<div class=\"brz-rich-text brz-rich-text__custom brz-css-4nrfch\" data-brz-custom-id=\"smzxsygqajpvpdzyzudglzperruvzbndunhe\">\n<div data-brz-translate-text=\"1\">\n<p class=\"brz-lh-xs-1_4 brz-fs-lg-18 brz-fs-sm-17 brz-fs-xs-17 brz-ls-lg-0 brz-ls-sm-0 brz-ls-xs-0 brz-ff-arimo brz-ft-google brz-fw-lg-400 brz-fw-sm-400 brz-fw-xs-400 brz-lh-lg-1_3 brz-lh-sm-1_4 brz-css-gj4Yw\" data-generated-css=\"brz-css-zippm\" data-uniq-id=\"cittb\"><span>Klinikaufenthalt \u2013 7 N\u00e4che<\/span><\/p>\n<\/div>\n<\/div>\n<\/div>\n<\/div>\n<\/div>\n<div id=\"\" class=\"brz-css-113q89o brz-css-13gnoam brz-wrapper\">\n<div class=\"brz-spacer brz-css-1a0r189 brz-css-xdasi7\"><\/div>\n<\/div>\n<div id=\"\" class=\"brz-css-113q89o brz-css-gm1g7p brz-wrapper\">\n<div class=\"brz-icon-text brz-css-17l01mm\" data-brz-custom-id=\"wfbhqpkhjdhuftlwrjhbornpupbczejornas\">\n<div class=\"brz-icon__container\" data-brz-custom-id=\"scabsduovvnwmrfoytxccetuevcbeqouowxw\"><span class=\"brz-icon brz-span brz-css-1gzbruz brz-css-1y5r1w9\"><\/span><\/div>\n<div class=\"brz-text-btn\">\n<div class=\"brz-rich-text brz-rich-text__custom brz-css-4nrfch\" data-brz-custom-id=\"griucptltrcthggeyjhdcgflgystcecbcpqy\">\n<div data-brz-translate-text=\"1\">\n<p class=\"brz-lh-sm-1_4 brz-lh-lg-1_3 brz-fw-xs-400 brz-fw-sm-400 brz-fw-lg-400 brz-ft-google brz-ff-arimo brz-ls-xs-0 brz-ls-sm-0 brz-ls-lg-0 brz-fs-xs-17 brz-fs-sm-17 brz-fs-lg-18 brz-lh-xs-1_4 brz-css-i56gr\" data-uniq-id=\"wilhv\" data-generated-css=\"brz-css-ighnw\"><span>OP Dauer \u2013 2 Stunden<\/span><\/p>\n<\/div>\n<\/div>\n<\/div>\n<\/div>\n<\/div>\n<div id=\"\" class=\"brz-css-113q89o brz-css-13gnoam brz-wrapper\">\n<div class=\"brz-spacer brz-css-1a0r189 brz-css-1o0qf8g\"><\/div>\n<\/div>\n<div id=\"\" class=\"brz-css-113q89o brz-css-zcffi9 brz-wrapper\">\n<div class=\"brz-icon-text brz-css-17l01mm\" data-brz-custom-id=\"nyuskdpsxnpblnuxvindndahotmpzeuhkeue\">\n<div class=\"brz-icon__container\" data-brz-custom-id=\"mqbyedlezkepnoejlcevuvqdqnztevfjnxle\"><span class=\"brz-icon brz-span brz-css-1gzbruz brz-css-i6o3n7\"><\/span><\/div>\n<div class=\"brz-text-btn\">\n<div class=\"brz-rich-text brz-rich-text__custom brz-css-4nrfch\" data-brz-custom-id=\"ghxbbevuzjlhjlhjhozqshokymsoxzigomsb\">\n<div data-brz-translate-text=\"1\">\n<p class=\"brz-lh-xs-1_4 brz-fs-lg-18 brz-fs-sm-17 brz-fs-xs-17 brz-ls-lg-0 brz-ls-sm-0 brz-ls-xs-0 brz-ff-arimo brz-ft-google brz-fw-lg-400 brz-fw-sm-400 brz-fw-xs-400 brz-lh-lg-1_3 brz-lh-sm-1_4 brz-css-mYJAn\" data-uniq-id=\"yzsrc\" data-generated-css=\"brz-css-gotyy\"><span>Gesellschaftsf\u00e4higkeit \u2013 nach 2 Wochen<\/span><\/p>\n<\/div>\n<\/div>\n<\/div>\n<\/div>\n<\/div>\n<div id=\"\" class=\"brz-css-113q89o brz-css-13gnoam brz-wrapper\">\n<div class=\"brz-spacer brz-css-1a0r189 brz-css-1q2nn5\"><\/div>\n<\/div>\n<\/div>\n<\/div>\n<div class=\"brz-columns brz-css-15vw4je brz-css-a7qa2c\" data-brz-custom-id=\"ygttldyqgwirfirfmztxiwaeskyaxfwqmuhd\">\n<div class=\"brz-bg\"><\/div>\n<div class=\"brz-column__items brz-css-88zu2e brz-css-1teylge\">\n<div id=\"\" class=\"brz-css-113q89o brz-css-1poa7t4 brz-wrapper\">\n<div class=\"brz-image brz-css-o5yek1 brz-css-14vtxfh\" data-brz-custom-id=\"okzangtxdthpzmfmhfdmnlosbmnebvbzmerp\"><img decoding=\"async\" class=\"brz-img\" src=\"https:\/\/drmakclinic.com\/de?brizy_media=wp-9e5c6677b636c0a820133e8da90f5758.png&amp;brizy_crop=original\" alt=\"\" loading=\"lazy\"><\/div>\n<\/div>\n<\/div>\n<\/div>\n<\/div>\n<\/div>\n<\/div>\n<\/div>\n<\/section>\n<section id=\"_fcafscxhbiowdgnlrlepcxqlzyqgnszaopjp\" class=\"brz-section brz-css-18lcw3e\">\n<div class=\"brz-section__content brz-section--boxed brz-css-1wqkh5k brz-css-218u6t\" data-brz-custom-id=\"brtmwvfwzpjcubcekuqissrpgdzhoxqhakml\">\n<div class=\"brz-bg\">\n<div class=\"brz-bg-color\"><\/div>\n<\/div>\n<div class=\"brz-container brz-css-16la8jl\">\n<div id=\"\" class=\"brz-css-113q89o brz-wrapper\">\n<div class=\"brz-line brz-line-default brz-css-1axbrlj brz-css-zudi1h\" data-brz-custom-id=\"neqxeawlchpdbtzpjhahtbdszcpebhsqqvtk\">\n<hr class=\"brz-hr\"><\/div>\n<\/div>\n<div class=\"brz-row__container brz-css-jpdwlb\" data-brz-custom-id=\"pzhpifjvfpzbjgfrrwsoklrsuctormzpoodr\">\n<div class=\"brz-bg\"><\/div>\n<div class=\"brz-row brz-css-ccvuov\">\n<div class=\"brz-columns brz-css-15vw4je brz-css-1k6p7r8\" data-brz-custom-id=\"ojxmwayovfgtxilpcarivddjrzbgllfqoikw\">\n<div class=\"brz-bg\"><\/div>\n<div class=\"brz-column__items brz-css-88zu2e\"><\/div>\n<\/div>\n<div class=\"brz-columns brz-css-15vw4je brz-css-g67gia\" data-brz-custom-id=\"dxjttygabengpzovebxiovuqzcpzrqdrohkd\">\n<div class=\"brz-bg\"><\/div>\n<div class=\"brz-column__items brz-css-88zu2e\">\n<div id=\"\" class=\"brz-css-113q89o brz-css-fq887o brz-wrapper\">\n<div class=\"brz-rich-text brz-rich-text__custom brz-css-4nrfch\" data-brz-custom-id=\"zvstdnjkkbpzbpsdbjarlwfxyfvqfsvpdpnl\">\n<div data-brz-translate-text=\"1\">\n<p class=\"brz-lh-lg-1_9 brz-ls-lg-0 brz-fw-lg-400 brz-fss-lg-px brz-fs-lg-16 brz-ft-google brz-ff-manrope brz-tp-lg-empty brz-css-pSgTp\" data-generated-css=\"brz-css-umwxc\" data-uniq-id=\"oshvb\"><span class=\"brz-cp-color1\">In der Regel macht Dr. Mak einen Einschnitt um die Brustwarzen herum und entlang jeder Brust.  Er entfernt \u00fcbersch\u00fcssiges Brustgewebe, Fett und Haut, um die Gr\u00f6\u00dfe jeder Brust zu reduzieren. Er muss m\u00f6glicherweise die Brustwarzen entfernen und dann an einer h\u00f6heren Position als Hauttransplantation wieder anbringen, wenn Ihre Br\u00fcste sehr gro\u00df sind. Sie sollten Ihre Brustverkleinerungsoperation verschieben, wenn Sie bestimmte Pl\u00e4ne f\u00fcr die Zukunft haben wie Geburt oder Gewichtsverlust.<\/span><\/p>\n<\/div>\n<\/div>\n<\/div>\n<div id=\"\" class=\"brz-css-113q89o brz-wrapper\">\n<div class=\"brz-rich-text brz-rich-text__custom brz-css-4nrfch\" data-brz-custom-id=\"mtlgjodpfcrvhnljesjhkrglmcbgfkbphuza\">\n<div data-brz-translate-text=\"1\">\n<p class=\"brz-mt-lg-34 brz-lh-lg-1_9 brz-ls-lg-0 brz-fw-lg-400 brz-fss-lg-px brz-fs-lg-22 brz-ft-upload brz-ff-ckyztbazucvfgxnrkwthfbuhnumrbfrmhags brz-tp-lg-empty brz-css-ba4i8\" data-uniq-id=\"xiqsl\" data-generated-css=\"brz-css-cgwql\"><span>Vor Ihren Behandlungen m\u00fcssen Sie m\u00f6glicherweise auch:<\/span><\/p>\n<\/div>\n<\/div>\n<\/div>\n<div id=\"\" class=\"brz-css-113q89o brz-css-o8xt30 brz-wrapper\">\n<div class=\"brz-icon-text brz-css-17l01mm\" data-brz-custom-id=\"lsrsjlmhfneuipgqtddxyrtvtnrvppgmarso\">\n<div class=\"brz-icon__container\" data-brz-custom-id=\"lqtchhdszfxkebtiamnbykxrkqdyhvkrkksc\"><span class=\"brz-icon brz-span brz-css-1gzbruz brz-css-17leekk\"><\/span><\/div>\n<div class=\"brz-text-btn\">\n<div class=\"brz-rich-text brz-rich-text__custom brz-css-4nrfch\" data-brz-custom-id=\"zxqudojuawghbivbidueljerlawbgfdwgadm\">\n<div data-brz-translate-text=\"1\">\n<p class=\"brz-lh-xs-1_4 brz-fs-lg-18 brz-fs-sm-17 brz-fs-xs-17 brz-ls-lg-0 brz-ls-sm-0 brz-ls-xs-0 brz-ff-arimo brz-ft-google brz-fw-lg-400 brz-fw-sm-400 brz-fw-xs-400 brz-lh-lg-1_3 brz-lh-sm-1_4 brz-css-fPGsN\" data-uniq-id=\"qokag\" data-generated-css=\"brz-css-uoezd\"><span>Aufh\u00f6ren zu rauchen. Rauchen verringert die Durchblutung der Haut und kann den Heilungsprozess verlangsamen. Wenn Sie rauchen, wird Dr. Mak Ihnen empfehlen, vor der Operation und w\u00e4hrend der Genesung auf das Rauchen zu verzichten.<\/span><\/p>\n<\/div>\n<\/div>\n<\/div>\n<\/div>\n<\/div>\n<div id=\"\" class=\"brz-css-113q89o brz-css-13gnoam brz-wrapper\">\n<div class=\"brz-spacer brz-css-1a0r189 brz-css-nwhljb\"><\/div>\n<\/div>\n<div id=\"\" class=\"brz-css-113q89o brz-css-8h4bcw brz-wrapper\">\n<div class=\"brz-icon-text brz-css-17l01mm\" data-brz-custom-id=\"iefwlvsdmtzsfjxeiikjvekqczcdpnnixfol\">\n<div class=\"brz-icon__container\" data-brz-custom-id=\"koovmhjhmvkbjsvyvvuvcswlgpyanwkrdoao\"><span class=\"brz-icon brz-span brz-css-1gzbruz brz-css-1s62uti\"><\/span><\/div>\n<div class=\"brz-text-btn\">\n<div class=\"brz-rich-text brz-rich-text__custom brz-css-4nrfch\" data-brz-custom-id=\"byxcxjnzusrodnvcxeqtjvlmqstlldprrepq\">\n<div data-brz-translate-text=\"1\">\n<p class=\"brz-lh-sm-1_4 brz-lh-lg-1_3 brz-fw-xs-400 brz-fw-sm-400 brz-fw-lg-400 brz-ft-google brz-ff-arimo brz-ls-xs-0 brz-ls-sm-0 brz-ls-lg-0 brz-fs-xs-17 brz-fs-sm-17 brz-fs-lg-18 brz-lh-xs-1_4 brz-css-xxG2D\" data-generated-css=\"brz-css-oieyl\" data-uniq-id=\"pedxi\"><span>Vermeiden Sie bestimmte Medikamente. Sie m\u00fcssen wahrscheinlich die Einnahme von Aspirin, entz\u00fcndungshemmenden Medikamenten, Blutverd\u00fcnnern und Kr\u00e4uterzus\u00e4tzen vermeiden, die die Blutung verst\u00e4rken k\u00f6nnen.<\/span><\/p>\n<\/div>\n<\/div>\n<\/div>\n<\/div>\n<\/div>\n<\/div>\n<\/div>\n<div class=\"brz-columns brz-css-15vw4je brz-css-1g9f64m\" data-brz-custom-id=\"wsqgfhezezmnjxkcwshnynaxsljqmlljegkm\">\n<div class=\"brz-bg\"><\/div>\n<div class=\"brz-column__items brz-css-88zu2e\"><\/div>\n<\/div>\n<\/div>\n<\/div>\n<\/div>\n<\/div>\n<\/section>\n<section id=\"_vjdlcbtckzyonpklwakedasurnlxcbbfllah\" class=\"brz-section brz-css-18lcw3e\">\n<div class=\"brz-section__content brz-section--boxed brz-css-1wqkh5k brz-css-1orpcu\" data-brz-custom-id=\"gwltuxvfbcvmydppufapfrnyrfgqavwfucql\">\n<div class=\"brz-bg\">\n<div class=\"brz-bg-color\"><\/div>\n<\/div>\n<div class=\"brz-container brz-css-16la8jl\">\n<div id=\"\" class=\"brz-css-113q89o brz-wrapper\">\n<div class=\"brz-line brz-line-default brz-css-1axbrlj brz-css-bvjgw3\" data-brz-custom-id=\"muqmskloonfizybttluqsrnylhenmctwckmr\">\n<hr class=\"brz-hr\"><\/div>\n<\/div>\n<div id=\"\" class=\"brz-css-113q89o brz-css-13gnoam brz-wrapper\">\n<div class=\"brz-spacer brz-css-1a0r189 brz-css-cljqtz\"><\/div>\n<\/div>\n<div class=\"brz-row__container brz-css-jpdwlb\" data-brz-custom-id=\"zigguhghjzllhrxdctzisufzawxbwefbdiim\">\n<div class=\"brz-bg\"><\/div>\n<div class=\"brz-row brz-css-ccvuov brz-css-1gsqzpy\">\n<div class=\"brz-columns brz-css-15vw4je brz-css-1xci8y3\" data-brz-custom-id=\"qywuqnalvsjsaiaptiitymaizapaddvslpwk\">\n<div class=\"brz-bg\"><\/div>\n<div class=\"brz-column__items brz-css-88zu2e brz-css-6alhte\">\n<div id=\"\" class=\"brz-css-113q89o brz-css-1148upa brz-wrapper\">\n<div class=\"brz-image brz-css-gxl7lq brz-css-v67nc6\" data-brz-custom-id=\"xhkbgoihusnufzztimvatgtujjhnejwkipoz\"><img decoding=\"async\" class=\"brz-img\" src=\"https:\/\/drmakclinic.com\/de?brizy_media=wp-9b7486b9d786a0648588605ea135d33b.jpg&amp;brizy_crop=iW%3D316%26iH%3D211%26oX%3D90%26oY%3D23%26cW%3D105%26cH%3D106\" alt=\"\" loading=\"lazy\"><\/div>\n<\/div>\n<\/div>\n<\/div>\n<div class=\"brz-columns brz-css-15vw4je brz-css-1agrfig\" data-brz-custom-id=\"tcokqkgkrfmoscxwtyhmudnqrhcyinpjxkma\">\n<div class=\"brz-bg\"><\/div>\n<div class=\"brz-column__items brz-css-88zu2e brz-css-1xgve60\">\n<div id=\"\" class=\"brz-css-113q89o brz-wrapper\">\n<div class=\"brz-rich-text brz-rich-text__custom brz-css-4nrfch\" data-brz-custom-id=\"rnzvpgzcsbtgsemjttqyntvshfbsppubfcwu\">\n<div data-brz-translate-text=\"1\">\n<p class=\"brz-lh-lg-1_5 brz-ls-lg-0 brz-fw-lg-400 brz-fss-lg-px brz-fs-lg-24 brz-ft-upload brz-ff-ckyztbazucvfgxnrkwthfbuhnumrbfrmhags brz-tp-lg-empty brz-css-mKMX6\" data-generated-css=\"brz-css-nqxss\" data-uniq-id=\"kogbp\">Wenn Sie eine plastische und andere kosmetische Behandlung in Betracht ziehen, ist es mein Ziel als Ihr plastischer Chirurg, Ihnen w\u00e4hrend der gesamten Behandlung die h\u00f6chste Qualit\u00e4t und die beste Versorgung zu bieten.<\/p>\n<\/div>\n<\/div>\n<\/div>\n<div id=\"\" class=\"brz-css-113q89o brz-css-13gnoam brz-css-kjpkuw brz-wrapper\">\n<div class=\"brz-spacer brz-css-1a0r189 brz-css-k9bmit\"><\/div>\n<\/div>\n<div id=\"\" class=\"brz-css-113q89o brz-css-1l8nwzd brz-wrapper\">\n<div class=\"brz-rich-text brz-rich-text__custom brz-css-4nrfch\" data-brz-custom-id=\"qxcavcbmipoasyyqmzaivmxrkktmadbflilq\">\n<div data-brz-translate-text=\"1\">\n<p class=\"brz-text-xs-center brz-tp-lg-heading4 brz-css-mo1sr\" data-uniq-id=\"mrayu\" data-generated-css=\"brz-css-yakzy\"><strong class=\"brz-cp-color2\">Dr. Mehmet Arif Karag\u00f6z<\/strong><\/p>\n<\/div>\n<\/div>\n<\/div>\n<div id=\"\" class=\"brz-css-113q89o brz-css-77d8t brz-wrapper\">\n<div class=\"brz-rich-text brz-rich-text__custom brz-css-4nrfch\" data-brz-custom-id=\"mobhtdwwovdhxalioasgrncvupmulxtwkelr\">\n<div data-brz-translate-text=\"1\">\n<p class=\"brz-tp-lg-paragraph brz-text-xs-center brz-css-p3RzA\" data-generated-css=\"brz-css-hiaij\" data-uniq-id=\"ydeeb\"><span class=\"brz-cp-color7\">Dr. Mak Plastischer Chirurg<\/span><\/p>\n<\/div>\n<\/div>\n<\/div>\n<\/div>\n<\/div>\n<\/div>\n<\/div>\n<div id=\"\" class=\"brz-css-113q89o brz-css-13gnoam brz-css-noe8hz brz-wrapper\">\n<div class=\"brz-spacer brz-css-1a0r189 brz-css-tfbphb\"><\/div>\n<\/div>\n<div id=\"\" class=\"brz-css-113q89o brz-wrapper\">\n<div class=\"brz-line brz-line-default brz-css-1axbrlj brz-css-uoxnib\" data-brz-custom-id=\"osuifzkkkeugmyxpxmwmlmcdrenezxymrzrc\">\n<hr class=\"brz-hr\"><\/div>\n<\/div>\n<\/div>\n<\/div>\n<\/section>\n<\/div>\n<p>    <!-- version:1738156813 --><\/p>\n","protected":false},"excerpt":{"rendered":"<p>Brustverkleinerung BRUSTVERKLEINERUNG Brustverkleinerung ist ein Verfahren zur Entfernung von \u00fcbersch\u00fcssigem Fett, Gewebe und Haut, um eine Brustgr\u00f6\u00dfe zu erreichen, die besser zu Ihrem K\u00f6rper passt, und um die mit gro\u00dfen Br\u00fcsten verbundenen Beschwerden zu reduzieren. Eine Brustverkleinerung ist in jedem Alter m\u00f6glich. Wenn Ihre Br\u00fcste jedoch noch nicht vollst\u00e4ndig entwickelt sind, ben\u00f6tigen Sie m\u00f6glicherweise sp\u00e4ter [&hellip;]<\/p>\n","protected":false},"author":1,"featured_media":0,"parent":1120,"menu_order":0,"comment_status":"closed","ping_status":"closed","template":"","meta":{"footnotes":""},"class_list":["post-1160","page","type-page","status-publish","hentry"],"blocksy_meta":{"styles_descriptor":{"styles":{"desktop":"","tablet":"","mobile":""},"google_fonts":[],"version":6}},"_links":{"self":[{"href":"https:\/\/drmakclinic.com\/de\/wp-json\/wp\/v2\/pages\/1160","targetHints":{"allow":["GET"]}}],"collection":[{"href":"https:\/\/drmakclinic.com\/de\/wp-json\/wp\/v2\/pages"}],"about":[{"href":"https:\/\/drmakclinic.com\/de\/wp-json\/wp\/v2\/types\/page"}],"author":[{"embeddable":true,"href":"https:\/\/drmakclinic.com\/de\/wp-json\/wp\/v2\/users\/1"}],"replies":[{"embeddable":true,"href":"https:\/\/drmakclinic.com\/de\/wp-json\/wp\/v2\/comments?post=1160"}],"version-history":[{"count":0,"href":"https:\/\/drmakclinic.com\/de\/wp-json\/wp\/v2\/pages\/1160\/revisions"}],"up":[{"embeddable":true,"href":"https:\/\/drmakclinic.com\/de\/wp-json\/wp\/v2\/pages\/1120"}],"wp:attachment":[{"href":"https:\/\/drmakclinic.com\/de\/wp-json\/wp\/v2\/media?parent=1160"}],"curies":[{"name":"wp","href":"https:\/\/api.w.org\/{rel}","templated":true}]}}