{"id":1178,"date":"2022-08-28T20:47:52","date_gmt":"2022-08-28T17:47:52","guid":{"rendered":"https:\/\/drmakclinic.com\/?page_id=1178"},"modified":"2025-01-29T16:19:01","modified_gmt":"2025-01-29T13:19:01","slug":"facelift-necklift","status":"publish","type":"page","link":"https:\/\/drmakclinic.com\/de\/procedures\/aesthetic-plastic-surgery\/facelift-necklift\/","title":{"rendered":"Facelift &amp; Necklift"},"content":{"rendered":"<div class=\"brz-root__container brz-reset-all brz brz-root__container-page\">\n<section id=\"_usvaivzlihumtikoquhihimuztzisaxuwigv\" class=\"brz-section brz-css-q27hv3\">\n<div class=\"brz-section__content brz-section--boxed brz-css-12vy495 brz-css-1gq0tna\" data-brz-custom-id=\"atwigxnvvziwipclpzlasvuhgqddjtyfomvg\">\n<div class=\"brz-bg\">\n<div class=\"brz-bg-color\"><\/div>\n<\/div>\n<div class=\"brz-container brz-css-1ylttoi\">\n<div class=\"brz-row__container brz-css-10msw2b\" data-brz-custom-id=\"yanowuabncocrgjwzbopsgldshbznqnfadaz\">\n<div class=\"brz-bg\"><\/div>\n<div class=\"brz-row brz-css-rsy7pr brz-css-1wkhqnl\">\n<div class=\"brz-columns brz-css-nar0qp brz-css-6ajcp7\" data-brz-custom-id=\"gozkwvehqlyyxjlufkaqxcsboosnbtgrthow\">\n<div class=\"brz-bg\"><\/div>\n<div class=\"brz-column__items brz-css-1sxk6el\">\n<div id=\"\" class=\"brz-css-7ttwd8 brz-wrapper\">\n<div class=\"brz-icon-text brz-css-l0hg7c brz-css-67q2gc\" data-brz-custom-id=\"pnbuegnkfoddxtwbfqiszenxhscspnjvfqhf\">\n<div class=\"brz-icon__container\" data-brz-custom-id=\"bxmvffsorkathnqmjqjjpjoghbdvryoarazq\"><span class=\"brz-icon brz-span brz-css-8c4knm brz-css-j1p4hb\"><\/span><\/div>\n<div class=\"brz-text-btn\">\n<div class=\"brz-rich-text brz-rich-text__custom brz-css-1hkm6i0\" data-brz-custom-id=\"bttbsmseonnnxhbyiecvzttgbqfzdeykeogl\">\n<div data-brz-translate-text=\"1\">\n<p class=\"brz-tp-lg-empty brz-ff-izzivsxniqvyexslaslvwzgtgnghvrxuxiru brz-ft-upload brz-fs-lg-66 brz-fss-lg-px brz-fw-lg-400 brz-ls-lg-0 brz-lh-lg-1 brz-css-ff5fu\" data-uniq-id=\"cfsge\" data-generated-css=\"brz-css-wsodm\"><span>Facelift &amp; Halsstraffung<\/span><\/p>\n<\/div>\n<\/div>\n<\/div>\n<\/div>\n<\/div>\n<\/div>\n<\/div>\n<\/div>\n<\/div>\n<\/div>\n<\/div>\n<\/section>\n<section id=\"_iqdqyeyejbthizignyatzszhguqmyextbcne\" class=\"brz-section brz-css-q27hv3\">\n<div class=\"brz-section__content brz-section--boxed brz-css-12vy495 brz-css-azp37\" data-brz-custom-id=\"jbixiumerrmnjbovtlyzqqcxwcjlvjdlriwl\">\n<div class=\"brz-bg\">\n<div class=\"brz-bg-color\"><\/div>\n<\/div>\n<div class=\"brz-container brz-css-1ylttoi\">\n<div id=\"\" class=\"brz-css-7ttwd8 brz-wrapper\">\n<div class=\"brz-line brz-line-default brz-css-2gzzst brz-css-1szo1z\" data-brz-custom-id=\"ojynsgkiyuuyexmizexslpgfhntqxpowvkaz\">\n<hr class=\"brz-hr\"><\/div>\n<\/div>\n<div class=\"brz-row__container brz-css-10msw2b\" data-brz-custom-id=\"vwxrsrbumadtjefxdpqcoicvnrckrbatqanj\">\n<div class=\"brz-bg\"><\/div>\n<div class=\"brz-row brz-css-rsy7pr brz-css-1m2pkrn\">\n<div class=\"brz-columns brz-css-nar0qp brz-css-zgz32e\" data-brz-custom-id=\"yyxqelqbndxxpwucyaqfuhzxyvwciuoxylih\">\n<div class=\"brz-bg\"><\/div>\n<div class=\"brz-column__items brz-css-1sxk6el brz-css-dizjdg\">\n<div id=\"\" class=\"brz-css-7ttwd8 brz-css-7qy69o brz-wrapper\">\n<div class=\"brz-rich-text brz-rich-text__custom brz-css-1hkm6i0\" data-brz-custom-id=\"iuueujjjtttizpsuohubaowdnbpptjhppmao\">\n<div data-brz-translate-text=\"1\">\n<h4 class=\"brz-lh-lg-1_5 brz-ls-lg-0 brz-fw-lg-400 brz-fss-lg-px brz-fs-lg-13 brz-ft-google brz-ff-manrope brz-tp-lg-empty brz-css-fQ0wj\" data-generated-css=\"brz-css-rxyyl\" data-uniq-id=\"tfyse\"><span class=\"brz-cp-color2 brz-capitalize-on\">Facelift &amp; Halsstraffung<\/span><\/h4>\n<\/div>\n<\/div>\n<\/div>\n<div id=\"\" class=\"brz-css-7ttwd8 brz-css-imrddn brz-wrapper\">\n<div class=\"brz-rich-text brz-rich-text__custom brz-css-1hkm6i0\" data-brz-custom-id=\"rnutcututwcjlhxdqhitbhsiaxnijdmjbpmk\">\n<div data-brz-translate-text=\"1\">\n<p class=\"brz-tp-lg-empty brz-ff-ckyztbazucvfgxnrkwthfbuhnumrbfrmhags brz-ft-upload brz-fs-lg-36 brz-fss-lg-px brz-fw-lg-400 brz-ls-lg-0 brz-lh-lg-1_3 brz-css-mcYVQ\" data-uniq-id=\"zbngv\" data-generated-css=\"brz-css-qmktq\"><span class=\"brz-cp-color2\">Ein Facelift ist das beste Verfahren, um die nat\u00fcrlichen jugendlichen Konturen des Gesichts wiederherzustellen.<\/span><\/p>\n<\/div>\n<\/div>\n<\/div>\n<div id=\"\" class=\"brz-css-7ttwd8 brz-css-132r539 brz-wrapper\">\n<div class=\"brz-spacer brz-css-1tb9gam brz-css-1pg3ech\"><\/div>\n<\/div>\n<div id=\"\" class=\"brz-css-7ttwd8 brz-css-r5c54x brz-wrapper\">\n<div class=\"brz-rich-text brz-rich-text__custom brz-css-1hkm6i0\" data-brz-custom-id=\"qidpqltnjwuclhrkvvykjriazsuephqdwrqj\">\n<div data-brz-translate-text=\"1\">\n<p class=\"brz-lh-lg-2 brz-ls-lg-0 brz-fw-lg-400 brz-fss-lg-px brz-fs-lg-16 brz-ft-google brz-ff-manrope brz-tp-lg-empty brz-css-b67mY\" data-uniq-id=\"pqpbe\" data-generated-css=\"brz-css-meddn\">Je nach Bedarf des Patienten wendet Dr. Mak unterschiedliche Facelift-Methoden an.  Wenn die Ver\u00e4nderungen des Gesichts durch den Einsatz non-invasiver Ma\u00dfnahmen ausreichend sein sollten, wird Ihnen Dr. Mak diese Verfahren zuerst empfehlen.<\/p>\n<p class=\"brz-lh-lg-2 brz-ls-lg-0 brz-fw-lg-400 brz-fss-lg-px brz-fs-lg-16 brz-ft-google brz-ff-manrope brz-tp-lg-empty brz-css-iyrtm\" data-uniq-id=\"pqpbe\" data-generated-css=\"brz-css-meddn\">\n<p class=\"brz-lh-lg-2 brz-ls-lg-0 brz-fw-lg-400 brz-fss-lg-px brz-fs-lg-16 brz-ft-google brz-ff-manrope brz-tp-lg-empty brz-css-zgyfq\" data-uniq-id=\"fkttq\" data-generated-css=\"brz-css-ajftb\">Allerdings machen sich im Gesicht die ersten Anzeichen des Alterungsprozesses am fr\u00fchesten bemerkbar. Eine Folge des Alterungsprozesses ist eine abnehmende Elastizit\u00e4t der Haut und des Unterhautgewebes. Hierdurch kommt es zu einem Absacken. Das Ziel bei einem Facelifting ist nicht, den Ausdruck Ihrer Pers\u00f6nlichkeit zu \u00e4ndern, sondern Ihre jugendlichere Version von vor circa 10 Jahren wieder herzustellen. <\/p>\n<\/div>\n<\/div>\n<\/div>\n<div id=\"\" class=\"brz-css-7ttwd8 brz-css-132r539 brz-wrapper\">\n<div class=\"brz-spacer brz-css-1tb9gam brz-css-c9zf99\"><\/div>\n<\/div>\n<div id=\"\" class=\"brz-css-7ttwd8 brz-css-y5wwjc brz-wrapper\">\n<div class=\"brz-icon-text brz-css-l0hg7c\" data-brz-custom-id=\"wabygpxbrmecqdapqokycufvrspuppkywxdk\">\n<div class=\"brz-icon__container\" data-brz-custom-id=\"zvpzabkjzekyptpvwphdjsxyayyxsqphpota\"><span class=\"brz-icon brz-span brz-css-8c4knm brz-css-1y64a2w\"><\/span><\/div>\n<div class=\"brz-text-btn\">\n<div class=\"brz-rich-text brz-rich-text__custom brz-css-1hkm6i0\" data-brz-custom-id=\"qpgtvopnaaishcggnyxjufgazdqodyarylsq\">\n<div data-brz-translate-text=\"1\">\n<p class=\"brz-fss-lg-px brz-fw-lg-400 brz-ls-lg-0 brz-lh-lg-1_3 brz-tp-lg-empty brz-ff-manrope brz-ft-google brz-fs-lg-18 brz-css-wprU0\" data-uniq-id=\"rgkvq\" data-generated-css=\"brz-css-iglrf\"><span>Narkose \u2013 Vollnarkose durch einen Facharzt<\/span><\/p>\n<\/div>\n<\/div>\n<\/div>\n<\/div>\n<\/div>\n<div id=\"\" class=\"brz-css-7ttwd8 brz-css-132r539 brz-wrapper\">\n<div class=\"brz-spacer brz-css-1tb9gam brz-css-4yfx3j\"><\/div>\n<\/div>\n<div id=\"\" class=\"brz-css-7ttwd8 brz-css-s7xmvw brz-wrapper\">\n<div class=\"brz-icon-text brz-css-l0hg7c\" data-brz-custom-id=\"juzmxajfndechrhdwqjqvbqjvhuanjclftdf\">\n<div class=\"brz-icon__container\" data-brz-custom-id=\"kedgjxtnhxligizrcumyfaicpwpqdvibocas\"><span class=\"brz-icon brz-span brz-css-8c4knm brz-css-uwdxhk\"><\/span><\/div>\n<div class=\"brz-text-btn\">\n<div class=\"brz-rich-text brz-rich-text__custom brz-css-1hkm6i0\" data-brz-custom-id=\"zaojlijqnixjifuxdidajghuqyzukbcxbqsp\">\n<div data-brz-translate-text=\"1\">\n<p class=\"brz-fs-lg-18 brz-ft-google brz-ff-manrope brz-tp-lg-empty brz-lh-lg-1_3 brz-ls-lg-0 brz-fw-lg-400 brz-fss-lg-px brz-css-fMEwB\" data-generated-css=\"brz-css-mkhiw\" data-uniq-id=\"xqrbh\"><span>Klinikaufenthalt \u2013 7 N\u00e4chte<\/span><\/p>\n<\/div>\n<\/div>\n<\/div>\n<\/div>\n<\/div>\n<div id=\"\" class=\"brz-css-7ttwd8 brz-css-132r539 brz-wrapper\">\n<div class=\"brz-spacer brz-css-1tb9gam brz-css-1vpbhdm\"><\/div>\n<\/div>\n<div id=\"\" class=\"brz-css-7ttwd8 brz-css-13vqve7 brz-wrapper\">\n<div class=\"brz-icon-text brz-css-l0hg7c\" data-brz-custom-id=\"ekclsqruukeikbwhtvcgmwraokruuwzmskwq\">\n<div class=\"brz-icon__container\" data-brz-custom-id=\"yppwssuupkkbptuzafogypdtomfrswpkmqag\"><span class=\"brz-icon brz-span brz-css-8c4knm brz-css-lk5jn\"><\/span><\/div>\n<div class=\"brz-text-btn\">\n<div class=\"brz-rich-text brz-rich-text__custom brz-css-1hkm6i0\" data-brz-custom-id=\"lbumksxlcdxcreqloqcymrqnvdmtasnzjnrl\">\n<div data-brz-translate-text=\"1\">\n<p class=\"brz-fs-lg-18 brz-ft-google brz-ff-manrope brz-tp-lg-empty brz-lh-lg-1_3 brz-ls-lg-0 brz-fw-lg-400 brz-fss-lg-px brz-css-mUJRQ\" data-generated-css=\"brz-css-pefkn\" data-uniq-id=\"utbxj\"><span>OP Dauer \u2013 2 bis 3 Stunden<\/span><\/p>\n<\/div>\n<\/div>\n<\/div>\n<\/div>\n<\/div>\n<div id=\"\" class=\"brz-css-7ttwd8 brz-css-132r539 brz-wrapper\">\n<div class=\"brz-spacer brz-css-1tb9gam brz-css-1f7w6xg\"><\/div>\n<\/div>\n<div id=\"\" class=\"brz-css-7ttwd8 brz-css-12d4xem brz-wrapper\">\n<div class=\"brz-icon-text brz-css-l0hg7c\" data-brz-custom-id=\"bxbeetjfkckyzpwbmapnvfuarjvlubmviyuw\">\n<div class=\"brz-icon__container\" data-brz-custom-id=\"bxruaccgtzslrfqchhnffjcutagcndhtrwko\"><span class=\"brz-icon brz-span brz-css-8c4knm brz-css-alami8\"><\/span><\/div>\n<div class=\"brz-text-btn\">\n<div class=\"brz-rich-text brz-rich-text__custom brz-css-1hkm6i0\" data-brz-custom-id=\"qnqgsdbtthhxahmtwcvcfmljxrrdzykexozt\">\n<div data-brz-translate-text=\"1\">\n<p class=\"brz-fs-lg-18 brz-ft-google brz-ff-manrope brz-tp-lg-empty brz-lh-lg-1_3 brz-ls-lg-0 brz-fw-lg-400 brz-fss-lg-px brz-css-m26G6\" data-generated-css=\"brz-css-vmqsg\" data-uniq-id=\"azdir\"><span>Gesellschaftsf\u00e4higkeit \u2013 10 Tage<\/span><\/p>\n<\/div>\n<\/div>\n<\/div>\n<\/div>\n<\/div>\n<div id=\"\" class=\"brz-css-7ttwd8 brz-css-132r539 brz-wrapper\">\n<div class=\"brz-spacer brz-css-1tb9gam brz-css-1p159e8\"><\/div>\n<\/div>\n<\/div>\n<\/div>\n<div class=\"brz-columns brz-css-nar0qp brz-css-1sjlbxn\" data-brz-custom-id=\"tnmdihbmelujlpaxphaibmzglxiibigkdydp\">\n<div class=\"brz-bg\"><\/div>\n<div class=\"brz-column__items brz-css-1sxk6el brz-css-1wrhuwc\">\n<div id=\"\" class=\"brz-css-7ttwd8 brz-css-9489pi brz-wrapper\">\n<div class=\"brz-image brz-css-1fpu8ri brz-css-1eo2f4m\" data-brz-custom-id=\"zzcjbjixcecbonjsjirctsvawpoarwwbinhx\"><img decoding=\"async\" class=\"brz-img\" src=\"https:\/\/drmakclinic.com\/de?brizy_media=wp-8c1beea79a7eb07b6b048c5df66b9749.png&amp;brizy_crop=original\" alt=\"\" loading=\"lazy\"><\/div>\n<\/div>\n<\/div>\n<\/div>\n<\/div>\n<\/div>\n<\/div>\n<\/div>\n<\/section>\n<section id=\"_jxojgxcfdxihreomhpcttrnqzwkhswyyltjs\" class=\"brz-section brz-css-q27hv3\">\n<div class=\"brz-section__content brz-section--boxed brz-css-12vy495 brz-css-tn310n\" data-brz-custom-id=\"goqcurrekhkrhlfxibdhwpxhiitagjjiajop\">\n<div class=\"brz-bg\">\n<div class=\"brz-bg-color\"><\/div>\n<\/div>\n<div class=\"brz-container brz-css-1ylttoi\">\n<div id=\"\" class=\"brz-css-7ttwd8 brz-wrapper\">\n<div class=\"brz-line brz-line-default brz-css-2gzzst brz-css-xfiydw\" data-brz-custom-id=\"atqczvscwfrzwuvhncggxpyqjidjlxclftjc\">\n<hr class=\"brz-hr\"><\/div>\n<\/div>\n<div class=\"brz-row__container brz-css-10msw2b\" data-brz-custom-id=\"hiwkvtyqardlypxamfzifgdhrezvokxvfgfr\">\n<div class=\"brz-bg\"><\/div>\n<div class=\"brz-row brz-css-rsy7pr\">\n<div class=\"brz-columns brz-css-nar0qp brz-css-xntcj7\" data-brz-custom-id=\"upaspsvnysbvshdaucyhqtaqkldwodfnpgad\">\n<div class=\"brz-bg\"><\/div>\n<div class=\"brz-column__items brz-css-1sxk6el\"><\/div>\n<\/div>\n<div class=\"brz-columns brz-css-nar0qp brz-css-lxixwx\" data-brz-custom-id=\"qfnildakogfshtikoegzdvhglfzfozheupzv\">\n<div class=\"brz-bg\"><\/div>\n<div class=\"brz-column__items brz-css-1sxk6el\">\n<div id=\"\" class=\"brz-css-7ttwd8 brz-wrapper\">\n<div class=\"brz-rich-text brz-rich-text__custom brz-css-1hkm6i0\" data-brz-custom-id=\"nvoqjfrjpkmhqqgvuoxhagfnkfwflkgexnoa\">\n<div data-brz-translate-text=\"1\">\n<p class=\"brz-lh-lg-1_9 brz-ls-lg-0 brz-fw-lg-400 brz-fss-lg-px brz-fs-lg-22 brz-ft-upload brz-ff-ckyztbazucvfgxnrkwthfbuhnumrbfrmhags brz-tp-lg-empty brz-css-stC1o\" data-generated-css=\"brz-css-dgrst\" data-uniq-id=\"zlkje\">Das Mini-Facelift<\/p>\n<p class=\"brz-lh-lg-1_9 brz-ls-lg-0 brz-fw-lg-400 brz-fss-lg-px brz-fs-lg-18 brz-ft-google brz-ff-manrope brz-tp-lg-empty brz-css-giUZL\" data-generated-css=\"brz-css-lbzdp\" data-uniq-id=\"sgijj\">\u00c4hnlich wie ein vollst\u00e4ndiges Facelifting ist ein Mini-Facelift ein chirurgischer Eingriff, der Patienten ein verj\u00fcngtes Aussehen verleiht, indem schlaffe Gesichtshaut und -muskeln entfernt und gestrafft werden. Beim Mini-Facelift sind die Schnitte kleiner, die Operation k\u00fcrzer und die Heilung schneller.<\/p>\n<p class=\"brz-lh-lg-1_9 brz-ls-lg-0 brz-fw-lg-400 brz-fss-lg-px brz-fs-lg-18 brz-ft-google brz-ff-manrope brz-tp-lg-empty brz-css-kPqeE\" data-generated-css=\"brz-css-glqtp\" data-uniq-id=\"ywoza\"><\/p>\n<p class=\"brz-lh-lg-1_9 brz-ls-lg-0 brz-fw-lg-400 brz-fss-lg-px brz-fs-lg-22 brz-ft-upload brz-ff-ckyztbazucvfgxnrkwthfbuhnumrbfrmhags brz-tp-lg-empty brz-css-d7oCI\" data-generated-css=\"brz-css-fnmyp\" data-uniq-id=\"uwoem\">Das Facelift<\/p>\n<p class=\"brz-lh-lg-1_9 brz-ls-lg-0 brz-fw-lg-400 brz-fss-lg-px brz-fs-lg-18 brz-ft-google brz-ff-manrope brz-tp-lg-empty brz-css-ns2Rt\" data-generated-css=\"brz-css-vahif\" data-uniq-id=\"cjkuw\">Einschnitte beginnen an Ihrer Schl\u00e4fe (unter Ihrem Haaransatz), verlaufen vorne und an Ihrem Ohr und enden in Ihrer unteren Kopfhaut. Dr. Mak kann Fett umverteilen oder \u00fcbertragen, tiefes Gewebe neu positionieren, Muskeln straffen und \u00fcbersch\u00fcssige Haut entfernen.<\/p>\n<p class=\"brz-lh-lg-1_9 brz-ls-lg-0 brz-fw-lg-400 brz-fss-lg-px brz-fs-lg-18 brz-ft-google brz-ff-manrope brz-tp-lg-empty brz-css-m6bNB\" data-generated-css=\"brz-css-kzbqu\" data-uniq-id=\"vttpz\"><\/p>\n<p class=\"brz-lh-lg-1_9 brz-ls-lg-0 brz-fw-lg-400 brz-fss-lg-px brz-fs-lg-22 brz-ft-upload brz-ff-ckyztbazucvfgxnrkwthfbuhnumrbfrmhags brz-tp-lg-empty brz-css-bymgk\" data-generated-css=\"brz-css-gmrjn\" data-uniq-id=\"ahlcr\">Halsstraffung<\/p>\n<p class=\"brz-lh-lg-1_9 brz-ls-lg-0 brz-fw-lg-400 brz-fss-lg-px brz-fs-lg-18 brz-ft-google brz-ff-manrope brz-tp-lg-empty brz-css-w93F_\" data-generated-css=\"brz-css-qazjq\" data-uniq-id=\"pgytu\">Schnitte beginnen normalerweise vor Ihrem Ohrl\u00e4ppchen und setzen sich hinter Ihrem Ohr fort, und enden in Ihrer unteren Kopfhaut. Es kann auch ein zus\u00e4tzlicher Schnitt unter Ihrem Kinn gemacht werden.<\/p>\n<\/div>\n<\/div>\n<\/div>\n<\/div>\n<\/div>\n<div class=\"brz-columns brz-css-nar0qp brz-css-ug702q\" data-brz-custom-id=\"agpvdfexmcdvpttfyolynyijfukkjsspjkbc\">\n<div class=\"brz-bg\"><\/div>\n<div class=\"brz-column__items brz-css-1sxk6el\"><\/div>\n<\/div>\n<\/div>\n<\/div>\n<\/div>\n<\/div>\n<\/section>\n<section id=\"_hwjzutpypjoverhaloouodvrapsavvtpfbty\" class=\"brz-section brz-css-q27hv3\">\n<div class=\"brz-section__content brz-section--boxed brz-css-12vy495 brz-css-mgdjh\" data-brz-custom-id=\"qmdguifupwsrmokvkvvxquppfwlgehgnvdao\">\n<div class=\"brz-bg\">\n<div class=\"brz-bg-color\"><\/div>\n<\/div>\n<div class=\"brz-container brz-css-1ylttoi\">\n<div id=\"\" class=\"brz-css-7ttwd8 brz-wrapper\">\n<div class=\"brz-line brz-line-default brz-css-2gzzst brz-css-8e133z\" data-brz-custom-id=\"hugsojajjgcvasvgowwzmbytviudjywbqgkm\">\n<hr class=\"brz-hr\"><\/div>\n<\/div>\n<div id=\"\" class=\"brz-css-7ttwd8 brz-css-132r539 brz-wrapper\">\n<div class=\"brz-spacer brz-css-1tb9gam brz-css-8aoxum\"><\/div>\n<\/div>\n<div class=\"brz-row__container brz-css-10msw2b\" data-brz-custom-id=\"edrmhkaifcvaybjzqybpoxndplsrleqmcjsj\">\n<div class=\"brz-bg\"><\/div>\n<div class=\"brz-row brz-css-rsy7pr brz-css-1m2pkrn\">\n<div class=\"brz-columns brz-css-nar0qp brz-css-5sw8bc\" data-brz-custom-id=\"amgohrizshuoiyajtdxtckkwtozbqhuwlpvt\">\n<div class=\"brz-bg\"><\/div>\n<div class=\"brz-column__items brz-css-1sxk6el brz-css-34b03j\">\n<div id=\"\" class=\"brz-css-7ttwd8 brz-css-1elemf7 brz-wrapper\">\n<div class=\"brz-image brz-css-1vpinxq brz-css-1du3w51\" data-brz-custom-id=\"ujmlrcqyjccxhkkvmkmcngeguiztjqokhttj\"><img decoding=\"async\" class=\"brz-img\" src=\"https:\/\/drmakclinic.com\/de?brizy_media=wp-9b7486b9d786a0648588605ea135d33b.jpg&amp;brizy_crop=iW%3D316%26iH%3D211%26oX%3D90%26oY%3D23%26cW%3D105%26cH%3D106\" alt=\"\" loading=\"lazy\"><\/div>\n<\/div>\n<\/div>\n<\/div>\n<div class=\"brz-columns brz-css-nar0qp brz-css-ijmkrp\" data-brz-custom-id=\"hmprqnuuetusbkqmlnxunupneetopttfctqm\">\n<div class=\"brz-bg\"><\/div>\n<div class=\"brz-column__items brz-css-1sxk6el brz-css-1v32kep\">\n<div id=\"\" class=\"brz-css-7ttwd8 brz-wrapper\">\n<div class=\"brz-rich-text brz-rich-text__custom brz-css-1hkm6i0\" data-brz-custom-id=\"vxtubzacpzcxitwxtuyrunkgalytygklhfkg\">\n<div data-brz-translate-text=\"1\">\n<p class=\"brz-lh-lg-1_5 brz-ls-lg-0 brz-fw-lg-400 brz-fss-lg-px brz-fs-lg-24 brz-ft-upload brz-ff-ckyztbazucvfgxnrkwthfbuhnumrbfrmhags brz-tp-lg-empty brz-css-c2MlQ\" data-generated-css=\"brz-css-thfvy\" data-uniq-id=\"bfsjv\">Wenn Sie eine plastische und andere kosmetische Behandlung in Betracht ziehen, ist es mein Ziel als Ihr plastischer Chirurg, Ihnen w\u00e4hrend der gesamten Behandlung die h\u00f6chste Qualit\u00e4t und die beste Versorgung zu bieten.<\/p>\n<\/div>\n<\/div>\n<\/div>\n<div id=\"\" class=\"brz-css-7ttwd8 brz-css-132r539 brz-css-1lfxdoh brz-wrapper\">\n<div class=\"brz-spacer brz-css-1tb9gam brz-css-evfmg2\"><\/div>\n<\/div>\n<div id=\"\" class=\"brz-css-7ttwd8 brz-css-1oxl2r9 brz-wrapper\">\n<div class=\"brz-rich-text brz-rich-text__custom brz-css-1hkm6i0\" data-brz-custom-id=\"zwcgbmkkwzmdmfftygzopeljphdyjaviofxf\">\n<div data-brz-translate-text=\"1\">\n<p class=\"brz-text-xs-center brz-tp-lg-heading4 brz-css-ckwkp\" data-uniq-id=\"mrayu\" data-generated-css=\"brz-css-yakzy\"><strong class=\"brz-cp-color2\">Dr. Mehmet Arif Karag\u00f6z<\/strong><\/p>\n<\/div>\n<\/div>\n<\/div>\n<div id=\"\" class=\"brz-css-7ttwd8 brz-css-1b6sb8m brz-wrapper\">\n<div class=\"brz-rich-text brz-rich-text__custom brz-css-1hkm6i0\" data-brz-custom-id=\"myuflatklofxpvnxoabwtfobwbrvuahmhfun\">\n<div data-brz-translate-text=\"1\">\n<p class=\"brz-tp-lg-paragraph brz-text-xs-center brz-css-wIziS\" data-generated-css=\"brz-css-qkeat\" data-uniq-id=\"dvwhf\"><span class=\"brz-cp-color7\">Dr. Mak Plastischer Chirurg<\/span><\/p>\n<\/div>\n<\/div>\n<\/div>\n<\/div>\n<\/div>\n<\/div>\n<\/div>\n<div id=\"\" class=\"brz-css-7ttwd8 brz-css-132r539 brz-css-aypeug brz-wrapper\">\n<div class=\"brz-spacer brz-css-1tb9gam brz-css-19vmchu\"><\/div>\n<\/div>\n<div id=\"\" class=\"brz-css-7ttwd8 brz-wrapper\">\n<div class=\"brz-line brz-line-default brz-css-2gzzst brz-css-gj4fdu\" data-brz-custom-id=\"gkgvnwlmagggltjuateuuvtujckmuzeemawe\">\n<hr class=\"brz-hr\"><\/div>\n<\/div>\n<\/div>\n<\/div>\n<\/section>\n<\/div>\n<p>    <!-- version:1738156741 --><\/p>\n","protected":false},"excerpt":{"rendered":"<p>Facelift &amp; Halsstraffung Facelift &amp; Halsstraffung Ein Facelift ist das beste Verfahren, um die nat\u00fcrlichen jugendlichen Konturen des Gesichts wiederherzustellen. Je nach Bedarf des Patienten wendet Dr. Mak unterschiedliche Facelift-Methoden an. Wenn die Ver\u00e4nderungen des Gesichts durch den Einsatz non-invasiver Ma\u00dfnahmen ausreichend sein sollten, wird Ihnen Dr. Mak diese Verfahren zuerst empfehlen. Allerdings machen sich [&hellip;]<\/p>\n","protected":false},"author":1,"featured_media":0,"parent":1120,"menu_order":0,"comment_status":"closed","ping_status":"closed","template":"","meta":{"footnotes":""},"class_list":["post-1178","page","type-page","status-publish","hentry"],"blocksy_meta":{"styles_descriptor":{"styles":{"desktop":"","tablet":"","mobile":""},"google_fonts":[],"version":6}},"_links":{"self":[{"href":"https:\/\/drmakclinic.com\/de\/wp-json\/wp\/v2\/pages\/1178","targetHints":{"allow":["GET"]}}],"collection":[{"href":"https:\/\/drmakclinic.com\/de\/wp-json\/wp\/v2\/pages"}],"about":[{"href":"https:\/\/drmakclinic.com\/de\/wp-json\/wp\/v2\/types\/page"}],"author":[{"embeddable":true,"href":"https:\/\/drmakclinic.com\/de\/wp-json\/wp\/v2\/users\/1"}],"replies":[{"embeddable":true,"href":"https:\/\/drmakclinic.com\/de\/wp-json\/wp\/v2\/comments?post=1178"}],"version-history":[{"count":0,"href":"https:\/\/drmakclinic.com\/de\/wp-json\/wp\/v2\/pages\/1178\/revisions"}],"up":[{"embeddable":true,"href":"https:\/\/drmakclinic.com\/de\/wp-json\/wp\/v2\/pages\/1120"}],"wp:attachment":[{"href":"https:\/\/drmakclinic.com\/de\/wp-json\/wp\/v2\/media?parent=1178"}],"curies":[{"name":"wp","href":"https:\/\/api.w.org\/{rel}","templated":true}]}}