{"id":1184,"date":"2022-08-28T20:48:08","date_gmt":"2022-08-28T17:48:08","guid":{"rendered":"https:\/\/drmakclinic.com\/?page_id=1184"},"modified":"2025-01-31T03:12:49","modified_gmt":"2025-01-31T00:12:49","slug":"fillers","status":"publish","type":"page","link":"https:\/\/drmakclinic.com\/de\/procedures\/aesthetic-plastic-surgery\/fillers\/","title":{"rendered":"Fillers"},"content":{"rendered":"<div class=\"brz-root__container brz-reset-all brz brz-root__container-page\">\n<section id=\"_lhfcvboxrkkmhpgutcvygcggpeltobankwmm\" class=\"brz-section brz-css-50ihdp\">\n<div class=\"brz-section__content brz-section--boxed brz-css-12cet08 brz-css-qj6fn9\" data-brz-custom-id=\"tdgpjyaiktznvkillmsbybcpwxlavqkutxqr\">\n<div class=\"brz-bg\">\n<div class=\"brz-bg-color\"><\/div>\n<\/div>\n<div class=\"brz-container brz-css-112e2si\">\n<div class=\"brz-row__container brz-css-1tiko5h\" data-brz-custom-id=\"sdduhkzsijgdwkhnhwcbquoivilqgrfaxmsu\">\n<div class=\"brz-bg\"><\/div>\n<div class=\"brz-row brz-css-1j9hid0 brz-css-nibkg8\">\n<div class=\"brz-columns brz-css-1i0q4rx brz-css-p6ve2y\" data-brz-custom-id=\"ykorrpicphrnvtmcmcjfiawjkfethommiikc\">\n<div class=\"brz-bg\"><\/div>\n<div class=\"brz-column__items brz-css-crs8h4\">\n<div id=\"\" class=\"brz-css-1wny8gc brz-wrapper\">\n<div class=\"brz-icon-text brz-css-1ww7vnb brz-css-1l1v7s5\" data-brz-custom-id=\"ekqkonmchxvqeekveywzysatcuzdtgarmvvq\">\n<div class=\"brz-icon__container\" data-brz-custom-id=\"kzastvhtcsxfamvkqliciddzpjarndnwhuvq\"><span class=\"brz-icon brz-span brz-css-1lillfr brz-css-1djwrnr\"><\/span><\/div>\n<div class=\"brz-text-btn\">\n<div class=\"brz-rich-text brz-rich-text__custom brz-css-d8rlfn\" data-brz-custom-id=\"lkweawiqwetwvdswmnssdqupxmljrqqwkmny\">\n<div data-brz-translate-text=\"1\">\n<p class=\"brz-fs-lg-45 brz-ft-google brz-ff-manrope brz-tp-lg-empty brz-lh-lg-1_5 brz-ls-lg-m_0_5 brz-fw-lg-700 brz-fss-lg-px brz-bcp-color2 brz-css-llp0m\" data-generated-css=\"brz-css-asaiu\" data-uniq-id=\"bmyxh\"><span class=\"brz-cp-color2\">Filler<\/span><\/p>\n<\/div>\n<\/div>\n<\/div>\n<\/div>\n<\/div>\n<\/div>\n<\/div>\n<\/div>\n<\/div>\n<\/div>\n<\/div>\n<\/section>\n<section id=\"_vnigkntgvrjvzmsycufbywjwrubpgapimodn\" class=\"brz-section brz-css-50ihdp\">\n<div class=\"brz-section__content brz-section--boxed brz-css-12cet08 brz-css-1c6qhgx\" data-brz-custom-id=\"mhoyvydjrnmqnvdurygwcfokpcjdntwbeotn\">\n<div class=\"brz-bg\">\n<div class=\"brz-bg-color\"><\/div>\n<\/div>\n<div class=\"brz-container brz-css-112e2si\">\n<div id=\"\" class=\"brz-css-1wny8gc brz-wrapper\">\n<div class=\"brz-line brz-line-default brz-css-1mafuf5 brz-css-mlxvqi\" data-brz-custom-id=\"ititadjnomocyuteamuffilrzgldtcnlvbra\">\n<hr class=\"brz-hr\"><\/div>\n<\/div>\n<div class=\"brz-row__container brz-css-1tiko5h\" data-brz-custom-id=\"hsltjziwbbtqpkeyhxfhmlcbxojtlevbuyfb\">\n<div class=\"brz-bg\"><\/div>\n<div class=\"brz-row brz-css-1j9hid0 brz-css-5oowni\">\n<div class=\"brz-columns brz-css-1i0q4rx brz-css-1adwgei\" data-brz-custom-id=\"prgoqiwkxcytjgnstiirlwpziypnencatixh\">\n<div class=\"brz-bg\"><\/div>\n<div class=\"brz-column__items brz-css-crs8h4 brz-css-rpgy1\">\n<div id=\"\" class=\"brz-css-1wny8gc brz-css-1ky649r brz-wrapper\">\n<div class=\"brz-rich-text brz-rich-text__custom brz-css-d8rlfn\" data-brz-custom-id=\"aaoerlkcfpeeytisbxoxpgrlqnnjurtagigf\">\n<div data-brz-translate-text=\"1\">\n<h4 class=\"brz-lh-lg-1_5 brz-tp-lg-empty brz-ff-manrope brz-ft-google brz-fs-lg-13 brz-fss-lg-px brz-fw-lg-700 brz-ls-lg-m_0_5 brz-css-vZfTa\" data-uniq-id=\"xltmd\" data-generated-css=\"brz-css-pqfvg\"><span class=\"brz-capitalize-on\">HYALURONS\u00c4URE BEHANDLUNG<\/span><\/h4>\n<\/div>\n<\/div>\n<\/div>\n<div id=\"\" class=\"brz-css-1wny8gc brz-css-15cs416 brz-wrapper\">\n<div class=\"brz-rich-text brz-rich-text__custom brz-css-d8rlfn\" data-brz-custom-id=\"ocyxzsyodrykhoifkqqpiumljwhrnffmeuzx\">\n<div data-brz-translate-text=\"1\">\n<p class=\"brz-ls-lg-0 brz-fw-lg-400 brz-fss-lg-px brz-fs-lg-36 brz-ft-upload brz-ff-ckyztbazucvfgxnrkwthfbuhnumrbfrmhags brz-tp-lg-empty brz-lh-lg-1_3 brz-css-izJHc\" data-generated-css=\"brz-css-omopi\" data-uniq-id=\"xejvl\"><span class=\"brz-cp-color2\">Dr. Mak verwendet Hyalurons\u00e4ure-Filler um das Gesicht zu gl\u00e4tten, zu straffen, zu formen und zu verj\u00fcngen.<\/span><\/p>\n<\/div>\n<\/div>\n<\/div>\n<div id=\"\" class=\"brz-css-1wny8gc brz-css-15dueav brz-wrapper\">\n<div class=\"brz-spacer brz-css-8wo1zt brz-css-15vre0n\"><\/div>\n<\/div>\n<div id=\"\" class=\"brz-css-1wny8gc brz-css-c5ap4e brz-wrapper\">\n<div class=\"brz-rich-text brz-rich-text__custom brz-css-d8rlfn\" data-brz-custom-id=\"zhvqqxjoyxygcpyjofybvccdidznuqxnlego\">\n<div data-brz-translate-text=\"1\">\n<p class=\"brz-tp-lg-empty brz-ff-manrope brz-ft-google brz-fs-lg-16 brz-fss-lg-px brz-fw-lg-400 brz-ls-lg-0 brz-lh-lg-1_9 brz-css-z_jFi\" data-uniq-id=\"piauq\" data-generated-css=\"brz-css-wsjva\"><span>Filler-Behandlungen sind eine praktische und nicht-chirurgische L\u00f6sung, wenn Sie Ihr Aussehen erfrischen und verbessern m\u00f6chten. Hyalurons\u00e4ure Behandlungen sind besonders wirksam, wenn Sie:<\/span><\/p>\n<\/div>\n<\/div>\n<\/div>\n<div id=\"\" class=\"brz-css-1wny8gc brz-css-15dueav brz-wrapper\">\n<div class=\"brz-spacer brz-css-8wo1zt brz-css-3q6zv9\"><\/div>\n<\/div>\n<div id=\"\" class=\"brz-css-1wny8gc brz-css-15dueav brz-wrapper\">\n<div class=\"brz-spacer brz-css-8wo1zt brz-css-ociapy\"><\/div>\n<\/div>\n<div id=\"\" class=\"brz-css-1wny8gc brz-wrapper\">\n<div class=\"brz-rich-text brz-rich-text__custom brz-css-d8rlfn\" data-brz-custom-id=\"oilirhexhnearuuzfroejoqianyjsskwbkxg\">\n<div data-brz-translate-text=\"1\">\n<p class=\"brz-lh-lg-1_9 brz-ls-lg-0 brz-fw-lg-400 brz-fss-lg-px brz-fs-lg-18 brz-ft-google brz-ff-manrope brz-tp-lg-empty brz-css-gipdr\" data-generated-css=\"brz-css-vmhsy\" data-uniq-id=\"izjio\"><\/p>\n<\/div>\n<\/div>\n<\/div>\n<div id=\"\" class=\"brz-css-1wny8gc brz-css-1ozajh1 brz-wrapper\">\n<div class=\"brz-icon-text brz-css-1ww7vnb\" data-brz-custom-id=\"qskxkqidqlrmroqwotpqdroxlnhseimsybwn\">\n<div class=\"brz-icon__container\" data-brz-custom-id=\"sdnetcywrkveqdeppmahbkykyiupusnezega\"><span class=\"brz-icon brz-span brz-css-1lillfr brz-css-14k9lha\"><\/span><\/div>\n<div class=\"brz-text-btn\">\n<div class=\"brz-rich-text brz-rich-text__custom brz-css-d8rlfn\" data-brz-custom-id=\"bamxxtswpozgirxguwcgfgejabhlzqrybshu\">\n<div data-brz-translate-text=\"1\">\n<p class=\"brz-lh-xs-1_4 brz-fs-lg-18 brz-fs-sm-17 brz-fs-xs-17 brz-ls-lg-0 brz-ls-sm-0 brz-ls-xs-0 brz-ff-arimo brz-ft-google brz-fw-lg-400 brz-fw-sm-400 brz-fw-xs-400 brz-lh-lg-1_3 brz-lh-sm-1_4 brz-css-kMtqc\" data-uniq-id=\"sbipe\" data-generated-css=\"brz-css-kmehe\"><span>Ihr Gesicht definieren, Wangenkonturen schaffen wollen<\/span><\/p>\n<\/div>\n<\/div>\n<\/div>\n<\/div>\n<\/div>\n<div id=\"\" class=\"brz-css-1wny8gc brz-css-15dueav brz-wrapper\">\n<div class=\"brz-spacer brz-css-8wo1zt brz-css-5jvkgk\"><\/div>\n<\/div>\n<div id=\"\" class=\"brz-css-1wny8gc brz-css-13l7hx7 brz-wrapper\">\n<div class=\"brz-icon-text brz-css-1ww7vnb\" data-brz-custom-id=\"pqnfrysooqaxbudygqdfxhktgufczzcinsif\">\n<div class=\"brz-icon__container\" data-brz-custom-id=\"hjbbkbwtjeceqedrhkzttdblzbcqcjilaaex\"><span class=\"brz-icon brz-span brz-css-1lillfr brz-css-1qff71m\"><\/span><\/div>\n<div class=\"brz-text-btn\">\n<div class=\"brz-rich-text brz-rich-text__custom brz-css-d8rlfn\" data-brz-custom-id=\"nyufvfcslpzoyzhxtgnhxhelhkmkjgtdvjbn\">\n<div data-brz-translate-text=\"1\">\n<p class=\"brz-lh-sm-1_4 brz-lh-lg-1_3 brz-fw-xs-400 brz-fw-sm-400 brz-fw-lg-400 brz-ft-google brz-ff-arimo brz-ls-xs-0 brz-ls-sm-0 brz-ls-lg-0 brz-fs-xs-17 brz-fs-sm-17 brz-fs-lg-18 brz-lh-xs-1_4 brz-css-uGqLu\" data-generated-css=\"brz-css-lccpf\" data-uniq-id=\"lxiqh\"><span>Die Form Ihrer Lippen betonen oder vollere Lippen wollen<\/span><\/p>\n<\/div>\n<\/div>\n<\/div>\n<\/div>\n<\/div>\n<div id=\"\" class=\"brz-css-1wny8gc brz-css-15dueav brz-wrapper\">\n<div class=\"brz-spacer brz-css-8wo1zt brz-css-1xwnsob\"><\/div>\n<\/div>\n<div id=\"\" class=\"brz-css-1wny8gc brz-css-uedw5u brz-wrapper\">\n<div class=\"brz-icon-text brz-css-1ww7vnb\" data-brz-custom-id=\"nmoswnlsfzyjjxnlldggyoxqqfbnqmzfjzcr\">\n<div class=\"brz-icon__container\" data-brz-custom-id=\"mrpaftcipmrrwbresdjezgdojzyxkdzzyiqa\"><span class=\"brz-icon brz-span brz-css-1lillfr brz-css-mu4be2\"><\/span><\/div>\n<div class=\"brz-text-btn\">\n<div class=\"brz-rich-text brz-rich-text__custom brz-css-d8rlfn\" data-brz-custom-id=\"aetkgidjgkovjjonulqmvanfeclcwykcmyev\">\n<div data-brz-translate-text=\"1\">\n<p class=\"brz-lh-xs-1_4 brz-fs-lg-18 brz-fs-sm-17 brz-fs-xs-17 brz-ls-lg-0 brz-ls-sm-0 brz-ls-xs-0 brz-ff-arimo brz-ft-google brz-fw-lg-400 brz-fw-sm-400 brz-fw-xs-400 brz-lh-lg-1_3 brz-lh-sm-1_4 brz-css-qpoD2\" data-uniq-id=\"xndcw\" data-generated-css=\"brz-css-hfscn\"><span>Sie m\u00fcde aussehende Augen mit Fillern bei Tr\u00e4nens\u00e4cken wieder beleben und erfrischen wollen<\/span><\/p>\n<\/div>\n<\/div>\n<\/div>\n<\/div>\n<\/div>\n<div id=\"\" class=\"brz-css-1wny8gc brz-css-15dueav brz-wrapper\">\n<div class=\"brz-spacer brz-css-8wo1zt brz-css-1wphggp\"><\/div>\n<\/div>\n<div id=\"\" class=\"brz-css-1wny8gc brz-css-vormo1 brz-wrapper\">\n<div class=\"brz-icon-text brz-css-1ww7vnb\" data-brz-custom-id=\"dvzejubxlaagdluyvpbaocbljkcjwwryhnzt\">\n<div class=\"brz-icon__container\" data-brz-custom-id=\"jpruasrqzmufixsajyygxxopbondqwelttxw\"><span class=\"brz-icon brz-span brz-css-1lillfr brz-css-10n0xh4\"><\/span><\/div>\n<div class=\"brz-text-btn\">\n<div class=\"brz-rich-text brz-rich-text__custom brz-css-d8rlfn\" data-brz-custom-id=\"lbqwhmzhmyydsmdbzfffvxirimqmarqmranu\">\n<div data-brz-translate-text=\"1\">\n<p class=\"brz-lh-sm-1_4 brz-lh-lg-1_3 brz-fw-xs-400 brz-fw-sm-400 brz-fw-lg-400 brz-ft-google brz-ff-arimo brz-ls-xs-0 brz-ls-sm-0 brz-ls-lg-0 brz-fs-xs-17 brz-fs-sm-17 brz-fs-lg-18 brz-lh-xs-1_4 brz-css-puPc3\" data-generated-css=\"brz-css-zanuf\" data-uniq-id=\"awssj\"><span>Falten und tiefe Falten gl\u00e4tten wollen<\/span><\/p>\n<\/div>\n<\/div>\n<\/div>\n<\/div>\n<\/div>\n<\/div>\n<\/div>\n<div class=\"brz-columns brz-css-1i0q4rx brz-css-1nkhvgv\" data-brz-custom-id=\"nocxuebsjtgbynuknjhazumnoxceafuxvzzo\">\n<div class=\"brz-bg\"><\/div>\n<div class=\"brz-column__items brz-css-crs8h4 brz-css-2fokmb\">\n<div id=\"\" class=\"brz-css-1wny8gc brz-css-1b7pcdc brz-wrapper\">\n<div class=\"brz-image brz-css-mgb164 brz-css-10x9xxh\" data-brz-custom-id=\"grgemnnfswbphicvvlasfmagdsebbxumnehq\"><img decoding=\"async\" class=\"brz-img\" src=\"https:\/\/drmakclinic.com\/de?brizy_media=wp-86f6bb95846c723854716f37d84f1116.png&amp;brizy_crop=original\" alt=\"\" loading=\"lazy\"><\/div>\n<\/div>\n<\/div>\n<\/div>\n<\/div>\n<\/div>\n<\/div>\n<\/div>\n<\/section>\n<section id=\"_esrvzwrcrjyyjaavdyvimsolwriqbiprmxwe\" class=\"brz-section brz-css-50ihdp\">\n<div class=\"brz-section__content brz-section--boxed brz-css-12cet08 brz-css-dtzhje\" data-brz-custom-id=\"vattnlwrkgkpuhwccnrdssfoicwexfihhxse\">\n<div class=\"brz-bg\">\n<div class=\"brz-bg-color\"><\/div>\n<\/div>\n<div class=\"brz-container brz-css-112e2si\">\n<div id=\"\" class=\"brz-css-1wny8gc brz-wrapper\">\n<div class=\"brz-line brz-line-default brz-css-1mafuf5 brz-css-15zw5p8\" data-brz-custom-id=\"ohsnchkcjiyfxtstcqnekygidfajqvrfamql\">\n<hr class=\"brz-hr\"><\/div>\n<\/div>\n<\/div>\n<\/div>\n<\/section>\n<section id=\"_dimrtaqvjitlndqkvcsjpbkzcgrshzdodxnp\" class=\"brz-section brz-css-50ihdp\">\n<div class=\"brz-section__content brz-section--boxed brz-css-12cet08 brz-css-1syvahw\" data-brz-custom-id=\"qjxktowbkaandnwxzivxnwugvbpwiaqqudqz\">\n<div class=\"brz-bg\">\n<div class=\"brz-bg-color\"><\/div>\n<\/div>\n<div class=\"brz-container brz-css-112e2si\">\n<div id=\"\" class=\"brz-css-1wny8gc brz-css-15dueav brz-wrapper\">\n<div class=\"brz-spacer brz-css-8wo1zt brz-css-3fvest\"><\/div>\n<\/div>\n<div class=\"brz-row__container brz-css-1tiko5h\" data-brz-custom-id=\"oyzolcvejbaztybsqafucvibmdoxxlxbvfjj\">\n<div class=\"brz-bg\"><\/div>\n<div class=\"brz-row brz-css-1j9hid0 brz-css-5oowni\">\n<div class=\"brz-columns brz-css-1i0q4rx brz-css-12kl3j7\" data-brz-custom-id=\"vogdwchtarlpruqddzgioqsuquoorkcrunrs\">\n<div class=\"brz-bg\"><\/div>\n<div class=\"brz-column__items brz-css-crs8h4 brz-css-1axcxjl\">\n<div id=\"\" class=\"brz-css-1wny8gc brz-css-13gg89u brz-wrapper\">\n<div class=\"brz-image brz-css-ozn9gj brz-css-lnmb88\" data-brz-custom-id=\"afpubnkoimrizzhykpypqgcnsakiunsxuypa\"><img decoding=\"async\" class=\"brz-img\" src=\"https:\/\/drmakclinic.com\/de?brizy_media=wp-9b7486b9d786a0648588605ea135d33b.jpg&amp;brizy_crop=iW%3D316%26iH%3D211%26oX%3D90%26oY%3D23%26cW%3D105%26cH%3D106\" alt=\"\" loading=\"lazy\"><\/div>\n<\/div>\n<\/div>\n<\/div>\n<div class=\"brz-columns brz-css-1i0q4rx brz-css-1imdixa\" data-brz-custom-id=\"mzwicuaisrsrailrpuxbshfjadmskdajmbds\">\n<div class=\"brz-bg\"><\/div>\n<div class=\"brz-column__items brz-css-crs8h4 brz-css-1xkx4bj\">\n<div id=\"\" class=\"brz-css-1wny8gc brz-wrapper\">\n<div class=\"brz-rich-text brz-rich-text__custom brz-css-d8rlfn\" data-brz-custom-id=\"dnnncenedneyjdzstspcyryxlenfqnhebjhy\">\n<div data-brz-translate-text=\"1\">\n<p class=\"brz-tp-lg-empty brz-ff-ckyztbazucvfgxnrkwthfbuhnumrbfrmhags brz-ft-upload brz-fs-lg-24 brz-fss-lg-px brz-fw-lg-400 brz-ls-lg-0 brz-lh-lg-1_5 brz-css-zG902\" data-uniq-id=\"hqfnf\" data-generated-css=\"brz-css-tnhib\">Wenn Sie eine plastische und andere kosmetische Behandlung in Betracht ziehen, ist es mein Ziel als Ihr plastischer Chirurg, Ihnen w\u00e4hrend der gesamten Behandlung die h\u00f6chste Qualit\u00e4t und die beste Versorgung zu bieten.<\/p>\n<\/div>\n<\/div>\n<\/div>\n<div id=\"\" class=\"brz-css-1wny8gc brz-css-15dueav brz-css-i3e5lc brz-wrapper\">\n<div class=\"brz-spacer brz-css-8wo1zt brz-css-1gny933\"><\/div>\n<\/div>\n<div id=\"\" class=\"brz-css-1wny8gc brz-css-qzg9m5 brz-wrapper\">\n<div class=\"brz-rich-text brz-rich-text__custom brz-css-d8rlfn\" data-brz-custom-id=\"gqltjzbtoapifhoqbdnlthkvahkdyzepwsyb\">\n<div data-brz-translate-text=\"1\">\n<p class=\"brz-text-xs-center brz-tp-lg-heading4 brz-css-hV4wE\" data-uniq-id=\"mrayu\" data-generated-css=\"brz-css-yakzy\"><strong class=\"brz-cp-color2\">Dr. Mehmet Arif Karag\u00f6z<\/strong><\/p>\n<\/div>\n<\/div>\n<\/div>\n<div id=\"\" class=\"brz-css-1wny8gc brz-css-1m88vve brz-wrapper\">\n<div class=\"brz-rich-text brz-rich-text__custom brz-css-d8rlfn\" data-brz-custom-id=\"smkpwdjkrdkdvwrokynautojiichlnzydwed\">\n<div data-brz-translate-text=\"1\">\n<p class=\"brz-tp-lg-paragraph brz-text-xs-center brz-css-w_nYg\" data-generated-css=\"brz-css-zhklr\" data-uniq-id=\"cbzvo\"><span class=\"brz-cp-color7\">Dr. Mak Plastischer Chirurg<\/span><\/p>\n<\/div>\n<\/div>\n<\/div>\n<\/div>\n<\/div>\n<\/div>\n<\/div>\n<div id=\"\" class=\"brz-css-1wny8gc brz-css-15dueav brz-css-7l5md8 brz-wrapper\">\n<div class=\"brz-spacer brz-css-8wo1zt brz-css-bte5lg\"><\/div>\n<\/div>\n<div id=\"\" class=\"brz-css-1wny8gc brz-wrapper\">\n<div class=\"brz-line brz-line-default brz-css-1mafuf5 brz-css-1oiq3gg\" data-brz-custom-id=\"ziewmqkqntzvcbplnbksgjoufxapndzjgvsd\">\n<hr class=\"brz-hr\"><\/div>\n<\/div>\n<\/div>\n<\/div>\n<\/section>\n<\/div>\n<p>    <!-- version:1738282369 --><\/p>\n","protected":false},"excerpt":{"rendered":"<p>Filler HYALURONS\u00c4URE BEHANDLUNG Dr. Mak verwendet Hyalurons\u00e4ure-Filler um das Gesicht zu gl\u00e4tten, zu straffen, zu formen und zu verj\u00fcngen. Filler-Behandlungen sind eine praktische und nicht-chirurgische L\u00f6sung, wenn Sie Ihr Aussehen erfrischen und verbessern m\u00f6chten. Hyalurons\u00e4ure Behandlungen sind besonders wirksam, wenn Sie: Ihr Gesicht definieren, Wangenkonturen schaffen wollen Die Form Ihrer Lippen betonen oder vollere Lippen [&hellip;]<\/p>\n","protected":false},"author":1,"featured_media":0,"parent":1120,"menu_order":0,"comment_status":"closed","ping_status":"closed","template":"","meta":{"footnotes":""},"class_list":["post-1184","page","type-page","status-publish","hentry"],"blocksy_meta":{"styles_descriptor":{"styles":{"desktop":"","tablet":"","mobile":""},"google_fonts":[],"version":6}},"_links":{"self":[{"href":"https:\/\/drmakclinic.com\/de\/wp-json\/wp\/v2\/pages\/1184","targetHints":{"allow":["GET"]}}],"collection":[{"href":"https:\/\/drmakclinic.com\/de\/wp-json\/wp\/v2\/pages"}],"about":[{"href":"https:\/\/drmakclinic.com\/de\/wp-json\/wp\/v2\/types\/page"}],"author":[{"embeddable":true,"href":"https:\/\/drmakclinic.com\/de\/wp-json\/wp\/v2\/users\/1"}],"replies":[{"embeddable":true,"href":"https:\/\/drmakclinic.com\/de\/wp-json\/wp\/v2\/comments?post=1184"}],"version-history":[{"count":0,"href":"https:\/\/drmakclinic.com\/de\/wp-json\/wp\/v2\/pages\/1184\/revisions"}],"up":[{"embeddable":true,"href":"https:\/\/drmakclinic.com\/de\/wp-json\/wp\/v2\/pages\/1120"}],"wp:attachment":[{"href":"https:\/\/drmakclinic.com\/de\/wp-json\/wp\/v2\/media?parent=1184"}],"curies":[{"name":"wp","href":"https:\/\/api.w.org\/{rel}","templated":true}]}}