{"id":1190,"date":"2022-08-28T20:48:26","date_gmt":"2022-08-28T17:48:26","guid":{"rendered":"https:\/\/drmakclinic.com\/?page_id=1190"},"modified":"2025-01-31T03:37:26","modified_gmt":"2025-01-31T00:37:26","slug":"forehead-lift","status":"publish","type":"page","link":"https:\/\/drmakclinic.com\/de\/procedures\/aesthetic-plastic-surgery\/forehead-lift\/","title":{"rendered":"Forehead Lift"},"content":{"rendered":"<div class=\"brz-root__container brz-reset-all brz brz-root__container-page\">\n<section id=\"_vjrhaiyutadhjhwcbgvljxmekiiqoguywjpp\" class=\"brz-section brz-css-1h5kbhz\">\n<div class=\"brz-section__content brz-section--boxed brz-css-16vebkg brz-css-1de1xpt\" data-brz-custom-id=\"spitylfrkhmhowrdjaujjrwcermmiihcwdyi\">\n<div class=\"brz-bg\">\n<div class=\"brz-bg-color\"><\/div>\n<\/div>\n<div class=\"brz-container brz-css-w2j8sx\">\n<div class=\"brz-row__container brz-css-1xs5fwk\" data-brz-custom-id=\"gdkwhfzaxauyrliyxvyhpedwukzvkhsooedz\">\n<div class=\"brz-bg\"><\/div>\n<div class=\"brz-row brz-css-f3cjac brz-css-bipbbe\">\n<div class=\"brz-columns brz-css-5b9yus brz-css-1x2yqo8\" data-brz-custom-id=\"grivcmpwqsqantlvscuwqpaudhvvtbmnhptl\">\n<div class=\"brz-bg\"><\/div>\n<div class=\"brz-column__items brz-css-vjwtif\">\n<div id=\"\" class=\"brz-css-1fqvhec brz-wrapper\">\n<div class=\"brz-icon-text brz-css-1ulim57 brz-css-17kxgk7\" data-brz-custom-id=\"kckovgflhmpuqictoykgvxjtfjhgqhujcyzs\">\n<div class=\"brz-icon__container\" data-brz-custom-id=\"xsojhwbcbdtgeqdraafeigtlusbfrmjrjvjp\"><span class=\"brz-icon brz-span brz-css-1w3u079 brz-css-1wx9tdr\"><\/span><\/div>\n<div class=\"brz-text-btn\">\n<div class=\"brz-rich-text brz-rich-text__custom brz-css-ygyz6z\" data-brz-custom-id=\"murbasmuathjawnjkoddpqenvtdplovozxid\">\n<div data-brz-translate-text=\"1\">\n<p class=\"brz-lh-lg-1 brz-ls-lg-0 brz-fw-lg-400 brz-fss-lg-px brz-fs-lg-66 brz-ft-upload brz-ff-izzivsxniqvyexslaslvwzgtgnghvrxuxiru brz-tp-lg-empty brz-css-cZZZB\" data-generated-css=\"brz-css-oibkd\" data-uniq-id=\"gyujv\"><span class=\"brz-cp-color2\">Stirnlifting<\/span><\/p>\n<\/div>\n<\/div>\n<\/div>\n<\/div>\n<\/div>\n<\/div>\n<\/div>\n<\/div>\n<\/div>\n<\/div>\n<\/div>\n<\/section>\n<section id=\"_xcntqbqdyiiuosnfxesorpykqmbkzlsfqjin\" class=\"brz-section brz-css-1h5kbhz\">\n<div class=\"brz-section__content brz-section--boxed brz-css-16vebkg brz-css-ns101g\" data-brz-custom-id=\"ycbnjrllbcrxsyzqtyemqpbcchzefcpxctlv\">\n<div class=\"brz-bg\">\n<div class=\"brz-bg-color\"><\/div>\n<\/div>\n<div class=\"brz-container brz-css-w2j8sx\">\n<div id=\"\" class=\"brz-css-1fqvhec brz-wrapper\">\n<div class=\"brz-line brz-line-default brz-css-2iy8g1 brz-css-xh3heo\" data-brz-custom-id=\"lzdxienhvvdsvhaszttndxgdsaiyxmlgcfgg\">\n<hr class=\"brz-hr\"><\/div>\n<\/div>\n<div class=\"brz-row__container brz-css-1xs5fwk\" data-brz-custom-id=\"gmlvsvzqtaqdwealpnrjmpecxudhkewoucpg\">\n<div class=\"brz-bg\"><\/div>\n<div class=\"brz-row brz-css-f3cjac brz-css-1jcgr3v\">\n<div class=\"brz-columns brz-css-5b9yus brz-css-10c3uts\" data-brz-custom-id=\"fepsiedbgdobtxdqdodpushhxjbippxoulsn\">\n<div class=\"brz-bg\"><\/div>\n<div class=\"brz-column__items brz-css-vjwtif brz-css-v2n2zt\">\n<div id=\"\" class=\"brz-css-1fqvhec brz-css-1o08mgd brz-wrapper\">\n<div class=\"brz-rich-text brz-rich-text__custom brz-css-ygyz6z\" data-brz-custom-id=\"ipmgsfbsgfhnpgdqubcrrrqwpxfeckmqzonx\">\n<div data-brz-translate-text=\"1\">\n<h4 class=\"brz-lh-lg-1_5 brz-tp-lg-empty brz-ff-manrope brz-ft-google brz-fs-lg-13 brz-fss-lg-px brz-fw-lg-700 brz-ls-lg-m_0_5 brz-css-wQWL3\" data-generated-css=\"brz-css-xluwe\" data-uniq-id=\"prgdi\"><span class=\"brz-cp-color2 brz-capitalize-on\">STIRNLIFTING<\/span><\/h4>\n<\/div>\n<\/div>\n<\/div>\n<div id=\"\" class=\"brz-css-1fqvhec brz-css-1hf67rt brz-wrapper\">\n<div class=\"brz-spacer brz-css-tzhl8t brz-css-35yg8k\"><\/div>\n<\/div>\n<div id=\"\" class=\"brz-css-1fqvhec brz-css-1cko2z0 brz-wrapper\">\n<div class=\"brz-icon-text brz-css-1ulim57\" data-brz-custom-id=\"fvbdxpfvdmgbggdjoyrkedevzmiekhnyhoue\">\n<div class=\"brz-icon__container\" data-brz-custom-id=\"afroeromvhwbbkdkxtsdgscrdistvagppmkm\"><span class=\"brz-icon brz-span brz-css-1w3u079 brz-css-11ax9ip\"><\/span><\/div>\n<div class=\"brz-text-btn\">\n<div class=\"brz-rich-text brz-rich-text__custom brz-css-ygyz6z\" data-brz-custom-id=\"nshtinnyvlbqbvhgaeunibndpnwjxabbwxgl\">\n<div data-brz-translate-text=\"1\">\n<p class=\"brz-lh-lg-1_3 brz-fw-xs-400 brz-fw-sm-400 brz-fw-lg-400 brz-ft-google brz-ff-arimo brz-ls-xs-0 brz-ls-sm-0 brz-ls-lg-0 brz-fs-xs-17 brz-fs-sm-17 brz-fs-lg-18 brz-lh-sm-1_4 brz-lh-xs-1_4 brz-css-tQreI\" data-generated-css=\"brz-css-jymkt\" data-uniq-id=\"nnhtn\"><span>Narkose \u2013 Vollnarkose durch einen Facharzt<\/span><\/p>\n<\/div>\n<\/div>\n<\/div>\n<\/div>\n<\/div>\n<div id=\"\" class=\"brz-css-1fqvhec brz-css-1hf67rt brz-wrapper\">\n<div class=\"brz-spacer brz-css-tzhl8t brz-css-f2o1mj\"><\/div>\n<\/div>\n<div id=\"\" class=\"brz-css-1fqvhec brz-css-cdyujb brz-wrapper\">\n<div class=\"brz-icon-text brz-css-1ulim57\" data-brz-custom-id=\"vaixlkuodxutszztbxbutoujsqwkbhgidydp\">\n<div class=\"brz-icon__container\" data-brz-custom-id=\"wsdvqvovzagpazvfyzgmteixwroslblamvef\"><span class=\"brz-icon brz-span brz-css-1w3u079 brz-css-12ozjct\"><\/span><\/div>\n<div class=\"brz-text-btn\">\n<div class=\"brz-rich-text brz-rich-text__custom brz-css-ygyz6z\" data-brz-custom-id=\"yleledxarsvtvfqoretniashnibkvucciolp\">\n<div data-brz-translate-text=\"1\">\n<p class=\"brz-lh-xs-1_4 brz-fs-lg-18 brz-fs-sm-17 brz-fs-xs-17 brz-ls-lg-0 brz-ls-sm-0 brz-ls-xs-0 brz-ff-arimo brz-ft-google brz-fw-lg-400 brz-fw-sm-400 brz-fw-xs-400 brz-lh-lg-1_3 brz-lh-sm-1_4 brz-css-kOF5N\" data-generated-css=\"brz-css-wcwco\" data-uniq-id=\"zsams\"><span>Klinikaufenthalt \u2013 5 N\u00e4chte<\/span><\/p>\n<\/div>\n<\/div>\n<\/div>\n<\/div>\n<\/div>\n<div id=\"\" class=\"brz-css-1fqvhec brz-css-1hf67rt brz-wrapper\">\n<div class=\"brz-spacer brz-css-tzhl8t brz-css-1h540ew\"><\/div>\n<\/div>\n<div id=\"\" class=\"brz-css-1fqvhec brz-css-jgsky3 brz-wrapper\">\n<div class=\"brz-icon-text brz-css-1ulim57\" data-brz-custom-id=\"kwzefkhmootcjfxijxehcegqyaidxhbxbbeu\">\n<div class=\"brz-icon__container\" data-brz-custom-id=\"xdhoakzhpaduozvlvmodexrielmacsqaxvdu\"><span class=\"brz-icon brz-span brz-css-1w3u079 brz-css-210koy\"><\/span><\/div>\n<div class=\"brz-text-btn\">\n<div class=\"brz-rich-text brz-rich-text__custom brz-css-ygyz6z\" data-brz-custom-id=\"kutivbigedbmkifhxasgglkxizsbbzqpjnjy\">\n<div data-brz-translate-text=\"1\">\n<p class=\"brz-lh-xs-1_4 brz-fs-lg-18 brz-fs-sm-17 brz-fs-xs-17 brz-ls-lg-0 brz-ls-sm-0 brz-ls-xs-0 brz-ff-arimo brz-ft-google brz-fw-lg-400 brz-fw-sm-400 brz-fw-xs-400 brz-lh-lg-1_3 brz-lh-sm-1_4 brz-css-r0epi\" data-generated-css=\"brz-css-rugyd\" data-uniq-id=\"xyvtp\"><span>OP Dauer \u2013 1 Stunde<\/span><\/p>\n<\/div>\n<\/div>\n<\/div>\n<\/div>\n<\/div>\n<div id=\"\" class=\"brz-css-1fqvhec brz-css-1hf67rt brz-wrapper\">\n<div class=\"brz-spacer brz-css-tzhl8t brz-css-1bo79x3\"><\/div>\n<\/div>\n<div id=\"\" class=\"brz-css-1fqvhec brz-css-18gwpei brz-wrapper\">\n<div class=\"brz-icon-text brz-css-1ulim57\" data-brz-custom-id=\"ypgcaibdpghachkafjvuhsyehdpszwqrcman\">\n<div class=\"brz-icon__container\" data-brz-custom-id=\"dpvpxefpsypqajnnvamiijumolnballwsbbk\"><span class=\"brz-icon brz-span brz-css-1w3u079 brz-css-a8ot1\"><\/span><\/div>\n<div class=\"brz-text-btn\">\n<div class=\"brz-rich-text brz-rich-text__custom brz-css-ygyz6z\" data-brz-custom-id=\"joqytwsciqtnlxgzhknvwdlxpgoxugmawunp\">\n<div data-brz-translate-text=\"1\">\n<p class=\"brz-lh-xs-1_4 brz-fs-lg-18 brz-fs-sm-17 brz-fs-xs-17 brz-ls-lg-0 brz-ls-sm-0 brz-ls-xs-0 brz-ff-arimo brz-ft-google brz-fw-lg-400 brz-fw-sm-400 brz-fw-xs-400 brz-lh-lg-1_3 brz-lh-sm-1_4 brz-css-hDYJG\" data-uniq-id=\"carjh\" data-generated-css=\"brz-css-ncacw\"><span>Gesellschaftsf\u00e4higkeit \u2013 nach 1 Woche<\/span><\/p>\n<\/div>\n<\/div>\n<\/div>\n<\/div>\n<\/div>\n<div id=\"\" class=\"brz-css-1fqvhec brz-css-1hf67rt brz-wrapper\">\n<div class=\"brz-spacer brz-css-tzhl8t brz-css-4au5jq\"><\/div>\n<\/div>\n<\/div>\n<\/div>\n<div class=\"brz-columns brz-css-5b9yus brz-css-9rg1o4\" data-brz-custom-id=\"ufvjgpbwofyjyjhuxkswyhceodazlkuauwgk\">\n<div class=\"brz-bg\"><\/div>\n<div class=\"brz-column__items brz-css-vjwtif brz-css-1gs7d8p\">\n<div id=\"\" class=\"brz-css-1fqvhec brz-css-1bc54dw brz-wrapper\">\n<div class=\"brz-image brz-css-b1apu4 brz-css-1n72v9h\" data-brz-custom-id=\"aybbpdfacvqomvfhqciggkwimjmshjcyxeul\"><img decoding=\"async\" class=\"brz-img\" src=\"https:\/\/drmakclinic.com\/de?brizy_media=wp-7a8b7f6112c2328730e520510e30b4df.png&amp;brizy_crop=original\" alt=\"\" loading=\"lazy\"><\/div>\n<\/div>\n<\/div>\n<\/div>\n<\/div>\n<\/div>\n<\/div>\n<\/div>\n<\/section>\n<section id=\"_sghczfgbnabllzoijahnlvcqorsatrgmrzhp\" class=\"brz-section brz-css-1h5kbhz\">\n<div class=\"brz-section__content brz-section--boxed brz-css-16vebkg brz-css-eczqyl\" data-brz-custom-id=\"cpttxckpzxpionsjpraodijhuzicaiwkinno\">\n<div class=\"brz-bg\">\n<div class=\"brz-bg-color\"><\/div>\n<\/div>\n<div class=\"brz-container brz-css-w2j8sx\">\n<div id=\"\" class=\"brz-css-1fqvhec brz-wrapper\">\n<div class=\"brz-line brz-line-default brz-css-2iy8g1 brz-css-kyoov6\" data-brz-custom-id=\"zdqhouyaxqzrdkuqaimhzjxfqkgqpcyomfga\">\n<hr class=\"brz-hr\"><\/div>\n<\/div>\n<\/div>\n<\/div>\n<\/section>\n<section id=\"_dyhqvpdhrmudkvylwfwyvoivzunclzrxyyou\" class=\"brz-section brz-css-1h5kbhz\">\n<div class=\"brz-section__content brz-section--boxed brz-css-16vebkg brz-css-961bk0\" data-brz-custom-id=\"kfgtqyaaxjakeowmohqcfrjvjkimjfeexiik\">\n<div class=\"brz-bg\">\n<div class=\"brz-bg-color\"><\/div>\n<\/div>\n<div class=\"brz-container brz-css-w2j8sx\">\n<div id=\"\" class=\"brz-css-1fqvhec brz-css-1hf67rt brz-wrapper\">\n<div class=\"brz-spacer brz-css-tzhl8t brz-css-utgp30\"><\/div>\n<\/div>\n<div class=\"brz-row__container brz-css-1xs5fwk\" data-brz-custom-id=\"vqfnxqtedthajqwzkcrqvodxmrncqzxcurrn\">\n<div class=\"brz-bg\"><\/div>\n<div class=\"brz-row brz-css-f3cjac brz-css-1jcgr3v\">\n<div class=\"brz-columns brz-css-5b9yus brz-css-16i7shh\" data-brz-custom-id=\"xvjzehtrynasfsrdysqqwdosrzviorvxolex\">\n<div class=\"brz-bg\"><\/div>\n<div class=\"brz-column__items brz-css-vjwtif brz-css-xoblen\">\n<div id=\"\" class=\"brz-css-1fqvhec brz-css-seuonf brz-wrapper\">\n<div class=\"brz-image brz-css-zhzu0v brz-css-19xx3ea\" data-brz-custom-id=\"mawlpxopexmdscjsgfenfplpagxhcwsqvtth\"><img decoding=\"async\" class=\"brz-img\" src=\"https:\/\/drmakclinic.com\/de?brizy_media=wp-9b7486b9d786a0648588605ea135d33b.jpg&amp;brizy_crop=iW%3D316%26iH%3D211%26oX%3D90%26oY%3D23%26cW%3D105%26cH%3D106\" alt=\"\" loading=\"lazy\"><\/div>\n<\/div>\n<\/div>\n<\/div>\n<div class=\"brz-columns brz-css-5b9yus brz-css-1r72yrz\" data-brz-custom-id=\"smlhknsqztgkvyasdyotyeersggocoaeabtm\">\n<div class=\"brz-bg\"><\/div>\n<div class=\"brz-column__items brz-css-vjwtif brz-css-2igbat\">\n<div id=\"\" class=\"brz-css-1fqvhec brz-wrapper\">\n<div class=\"brz-rich-text brz-rich-text__custom brz-css-ygyz6z\" data-brz-custom-id=\"ybyjgcwgqkzufdkrsbndlypjbiaqekyyymbv\">\n<div data-brz-translate-text=\"1\">\n<p class=\"brz-lh-lg-1_5 brz-ls-lg-0 brz-fw-lg-400 brz-fss-lg-px brz-fs-lg-24 brz-ft-upload brz-ff-ckyztbazucvfgxnrkwthfbuhnumrbfrmhags brz-tp-lg-empty brz-css-sGrsf\" data-generated-css=\"brz-css-zvjqy\" data-uniq-id=\"nlsqw\">Wenn Sie eine plastische und andere kosmetische Behandlung in Betracht ziehen, ist es mein Ziel als Ihr plastischer Chirurg, Ihnen w\u00e4hrend der gesamten Behandlung die h\u00f6chste Qualit\u00e4t und die beste Versorgung zu bieten.<\/p>\n<\/div>\n<\/div>\n<\/div>\n<div id=\"\" class=\"brz-css-1fqvhec brz-css-1hf67rt brz-css-16923fr brz-wrapper\">\n<div class=\"brz-spacer brz-css-tzhl8t brz-css-f56v6g\"><\/div>\n<\/div>\n<div id=\"\" class=\"brz-css-1fqvhec brz-css-1umufb7 brz-wrapper\">\n<div class=\"brz-rich-text brz-rich-text__custom brz-css-ygyz6z\" data-brz-custom-id=\"kycjgsywzcloumxoculoqvdotlynciihfhsd\">\n<div data-brz-translate-text=\"1\">\n<p class=\"brz-text-xs-center brz-tp-lg-heading4 brz-css-y3TNj\" data-uniq-id=\"mrayu\" data-generated-css=\"brz-css-yakzy\"><strong class=\"brz-cp-color2\">Dr. Mehmet Arif Karag\u00f6z<\/strong><\/p>\n<\/div>\n<\/div>\n<\/div>\n<div id=\"\" class=\"brz-css-1fqvhec brz-css-yoadrg brz-wrapper\">\n<div class=\"brz-rich-text brz-rich-text__custom brz-css-ygyz6z\" data-brz-custom-id=\"rquixqmlcmrrrfdiudnygqohxvynnqhsffmu\">\n<div data-brz-translate-text=\"1\">\n<p class=\"brz-tp-lg-paragraph brz-text-xs-center brz-css-kQgbG\" data-generated-css=\"brz-css-jmxhg\" data-uniq-id=\"rvnob\"><span class=\"brz-cp-color7\">Dr. Mak Plastischer Chirurg<\/span><\/p>\n<\/div>\n<\/div>\n<\/div>\n<\/div>\n<\/div>\n<\/div>\n<\/div>\n<div id=\"\" class=\"brz-css-1fqvhec brz-css-1hf67rt brz-css-1q2uzlb brz-wrapper\">\n<div class=\"brz-spacer brz-css-tzhl8t brz-css-33dm8q\"><\/div>\n<\/div>\n<div id=\"\" class=\"brz-css-1fqvhec brz-wrapper\">\n<div class=\"brz-line brz-line-default brz-css-2iy8g1 brz-css-1ume4n1\" data-brz-custom-id=\"amuomkrphzgpstlvywnanuiynquuajlwnxlf\">\n<hr class=\"brz-hr\"><\/div>\n<\/div>\n<\/div>\n<\/div>\n<\/section>\n<\/div>\n<p>    <!-- version:1738283846 --><\/p>\n","protected":false},"excerpt":{"rendered":"<p>Stirnlifting STIRNLIFTING Narkose \u2013 Vollnarkose durch einen Facharzt Klinikaufenthalt \u2013 5 N\u00e4chte OP Dauer \u2013 1 Stunde Gesellschaftsf\u00e4higkeit \u2013 nach 1 Woche Wenn Sie eine plastische und andere kosmetische Behandlung in Betracht ziehen, ist es mein Ziel als Ihr plastischer Chirurg, Ihnen w\u00e4hrend der gesamten Behandlung die h\u00f6chste Qualit\u00e4t und die beste Versorgung zu bieten. [&hellip;]<\/p>\n","protected":false},"author":1,"featured_media":0,"parent":1120,"menu_order":0,"comment_status":"closed","ping_status":"closed","template":"","meta":{"footnotes":""},"class_list":["post-1190","page","type-page","status-publish","hentry"],"blocksy_meta":{"styles_descriptor":{"styles":{"desktop":"","tablet":"","mobile":""},"google_fonts":[],"version":6}},"_links":{"self":[{"href":"https:\/\/drmakclinic.com\/de\/wp-json\/wp\/v2\/pages\/1190","targetHints":{"allow":["GET"]}}],"collection":[{"href":"https:\/\/drmakclinic.com\/de\/wp-json\/wp\/v2\/pages"}],"about":[{"href":"https:\/\/drmakclinic.com\/de\/wp-json\/wp\/v2\/types\/page"}],"author":[{"embeddable":true,"href":"https:\/\/drmakclinic.com\/de\/wp-json\/wp\/v2\/users\/1"}],"replies":[{"embeddable":true,"href":"https:\/\/drmakclinic.com\/de\/wp-json\/wp\/v2\/comments?post=1190"}],"version-history":[{"count":0,"href":"https:\/\/drmakclinic.com\/de\/wp-json\/wp\/v2\/pages\/1190\/revisions"}],"up":[{"embeddable":true,"href":"https:\/\/drmakclinic.com\/de\/wp-json\/wp\/v2\/pages\/1120"}],"wp:attachment":[{"href":"https:\/\/drmakclinic.com\/de\/wp-json\/wp\/v2\/media?parent=1190"}],"curies":[{"name":"wp","href":"https:\/\/api.w.org\/{rel}","templated":true}]}}