{"id":1196,"date":"2022-08-28T20:48:42","date_gmt":"2022-08-28T17:48:42","guid":{"rendered":"https:\/\/drmakclinic.com\/?page_id=1196"},"modified":"2025-01-30T08:15:49","modified_gmt":"2025-01-30T05:15:49","slug":"gynecomastia","status":"publish","type":"page","link":"https:\/\/drmakclinic.com\/de\/procedures\/aesthetic-plastic-surgery\/gynecomastia\/","title":{"rendered":"Gynecomastia"},"content":{"rendered":"<div class=\"brz-root__container brz-reset-all brz brz-root__container-page\">\n<section id=\"_alcukojvckujiwadoggdjryuqggeowtojcok\" class=\"brz-section brz-css-e4un1\">\n<div class=\"brz-section__content brz-section--boxed brz-css-1971is9 brz-css-1lqnyvo\" data-brz-custom-id=\"flstfgvljvguyxvpjeampmbughxjvqkusygf\">\n<div class=\"brz-bg\">\n<div class=\"brz-bg-color\"><\/div>\n<\/div>\n<div class=\"brz-container brz-css-9btis4\">\n<div class=\"brz-row__container brz-css-1hsapvy\" data-brz-custom-id=\"ubcbmimychjsigjrfzzcguwuukvnqkyrnkbk\">\n<div class=\"brz-bg\"><\/div>\n<div class=\"brz-row brz-css-1kfeqqc brz-css-sl45l2\">\n<div class=\"brz-columns brz-css-32dpyi brz-css-1fmwygg\" data-brz-custom-id=\"cupshcbkuftfsjumndwxfkkrffpksisxqjww\">\n<div class=\"brz-bg\"><\/div>\n<div class=\"brz-column__items brz-css-89z9k4\">\n<div id=\"\" class=\"brz-css-18nmp8t brz-wrapper\">\n<div class=\"brz-icon-text brz-css-1dhu3qx brz-css-1qgqhxy\" data-brz-custom-id=\"cmsuzmfkvemqenxlrbbzungnhcxqaevkhgsl\">\n<div class=\"brz-icon__container\" data-brz-custom-id=\"mrvyqkpjkvaoaquimwecmnpcxuudqynnzkxm\"><span class=\"brz-icon brz-span brz-css-emjve4 brz-css-1g7gf16\"><\/span><\/div>\n<div class=\"brz-text-btn\">\n<div class=\"brz-rich-text brz-rich-text__custom brz-css-3yie9f\" data-brz-custom-id=\"msdhiveumjsmvurjezfspiveionebwaljamw\">\n<div data-brz-translate-text=\"1\">\n<p class=\"brz-text-lg-justify ql-align-center brz-lh-lg-1 brz-ls-lg-0 brz-fw-lg-400 brz-fss-lg-px brz-fs-lg-66 brz-ft-upload brz-ff-izzivsxniqvyexslaslvwzgtgnghvrxuxiru brz-tp-lg-empty brz-css-ioJy9\" data-generated-css=\"brz-css-plari\" data-uniq-id=\"eqvik\"><span>M\u00e4nnerbrust (Gyn\u00e4komastie)<\/span><\/p>\n<\/div>\n<\/div>\n<\/div>\n<\/div>\n<\/div>\n<\/div>\n<\/div>\n<\/div>\n<\/div>\n<\/div>\n<\/div>\n<\/section>\n<section id=\"_qptmwxiqvvmczfdcmqlxqspfxzchxdqozlrj\" class=\"brz-section brz-css-e4un1\">\n<div class=\"brz-section__content brz-section--boxed brz-css-1971is9 brz-css-ssja3d\" data-brz-custom-id=\"ewvmmkqamzmszsbwrntosrsswcfvlomjzizh\">\n<div class=\"brz-bg\">\n<div class=\"brz-bg-color\"><\/div>\n<\/div>\n<div class=\"brz-container brz-css-9btis4\">\n<div id=\"\" class=\"brz-css-18nmp8t brz-wrapper\">\n<div class=\"brz-line brz-line-default brz-css-1jojdy1 brz-css-1n9nxeg\" data-brz-custom-id=\"xxqyynuygukavxnfwkgnwfxkbnzdyznrzxna\">\n<hr class=\"brz-hr\"><\/div>\n<\/div>\n<div class=\"brz-row__container brz-css-1hsapvy\" data-brz-custom-id=\"trkjomvtgrbbbagkkwvilkyniktxvgeyaugm\">\n<div class=\"brz-bg\"><\/div>\n<div class=\"brz-row brz-css-1kfeqqc brz-css-cn1wec\">\n<div class=\"brz-columns brz-css-32dpyi brz-css-12h94r2\" data-brz-custom-id=\"vkzifuirarapbxpukicxvpdgmvhzadvcedqn\">\n<div class=\"brz-bg\"><\/div>\n<div class=\"brz-column__items brz-css-89z9k4 brz-css-1fb7y\">\n<div id=\"\" class=\"brz-css-18nmp8t brz-css-1w31juk brz-wrapper\">\n<div class=\"brz-rich-text brz-rich-text__custom brz-css-3yie9f\" data-brz-custom-id=\"otqzlhyixllpuzixankcpqrzbsloymwgikde\">\n<div data-brz-translate-text=\"1\">\n<h4 class=\"brz-ls-lg-m_0_5 brz-fw-lg-700 brz-fss-lg-px brz-fs-lg-13 brz-ft-google brz-ff-manrope brz-tp-lg-empty brz-lh-lg-1_5 brz-css-o9RjR\" data-uniq-id=\"xlbdo\" data-generated-css=\"brz-css-zzfom\"><span class=\"brz-capitalize-on\">M\u00e4nnerbrust (Gyn\u00e4komastie)<\/span><\/h4>\n<\/div>\n<\/div>\n<\/div>\n<div id=\"\" class=\"brz-css-18nmp8t brz-css-yzouah brz-wrapper\">\n<div class=\"brz-rich-text brz-rich-text__custom brz-css-3yie9f\" data-brz-custom-id=\"tqllhufgwnxkpgoawndeucjpwdjifmvpoxha\">\n<div data-brz-translate-text=\"1\">\n<p class=\"brz-ls-lg-0 brz-fw-lg-400 brz-fss-lg-px brz-fs-lg-36 brz-ft-upload brz-ff-ckyztbazucvfgxnrkwthfbuhnumrbfrmhags brz-tp-lg-empty brz-lh-lg-1_3 brz-css-sAJqj\" data-generated-css=\"brz-css-qttqz\" data-uniq-id=\"gztox\"><span class=\"brz-cp-color2\">Eine Operation zur Entfernung des Brustgewebes umfasst in der Regel eine Fettabsaugung des \u00fcbersch\u00fcssigen Fetts, eine operative Entfernung des \u00fcbersch\u00fcssigen Dr\u00fcsengewebes der Brust durch einen Einschnitt am Rand des Brustwarzen-Areolen-Komplexes und\/oder eine Hautentfernung (bei sehr gro\u00dfen Br\u00fcsten).<\/span><\/p>\n<\/div>\n<\/div>\n<\/div>\n<div id=\"\" class=\"brz-css-18nmp8t brz-css-z0xpn2 brz-wrapper\">\n<div class=\"brz-spacer brz-css-19ohpkz brz-css-7b105r\"><\/div>\n<\/div>\n<div id=\"\" class=\"brz-css-18nmp8t brz-css-106tmi6 brz-wrapper\">\n<div class=\"brz-icon-text brz-css-1dhu3qx\" data-brz-custom-id=\"yoguvytkgnwgepyutyunkxwghqayqumgzgoo\">\n<div class=\"brz-icon__container\" data-brz-custom-id=\"puhrlscjjoqkaexzpyqzhfyylazjxregmcll\"><span class=\"brz-icon brz-span brz-css-emjve4 brz-css-eh9t9t\"><\/span><\/div>\n<div class=\"brz-text-btn\">\n<div class=\"brz-rich-text brz-rich-text__custom brz-css-3yie9f\" data-brz-custom-id=\"zzbztrvcylbxozvhjojhxpmetvetobxpgufg\">\n<div data-brz-translate-text=\"1\">\n<p class=\"brz-lh-xs-1_4 brz-lh-sm-1_4 brz-fs-lg-18 brz-fs-sm-17 brz-fs-xs-17 brz-ls-lg-0 brz-ls-sm-0 brz-ls-xs-0 brz-ff-arimo brz-ft-google brz-fw-lg-400 brz-fw-sm-400 brz-fw-xs-400 brz-lh-lg-1_3 brz-css-wr1Xx\" data-uniq-id=\"lolnb\" data-generated-css=\"brz-css-pesgv\"><span class=\"brz-cp-color2\">Narkose \u2013 Lokalan\u00e4sthesie<\/span><\/p>\n<\/div>\n<\/div>\n<\/div>\n<\/div>\n<\/div>\n<div id=\"\" class=\"brz-css-18nmp8t brz-css-z0xpn2 brz-wrapper\">\n<div class=\"brz-spacer brz-css-19ohpkz brz-css-13uqphr\"><\/div>\n<\/div>\n<div id=\"\" class=\"brz-css-18nmp8t brz-css-1r1cz2t brz-wrapper\">\n<div class=\"brz-icon-text brz-css-1dhu3qx\" data-brz-custom-id=\"maarscyhilspghqmejqqikvyhpxarczsfocq\">\n<div class=\"brz-icon__container\" data-brz-custom-id=\"edkxkthsvzsxkikjxfriqijpzcfbatuflpaw\"><span class=\"brz-icon brz-span brz-css-emjve4 brz-css-4cl3xz\"><\/span><\/div>\n<div class=\"brz-text-btn\">\n<div class=\"brz-rich-text brz-rich-text__custom brz-css-3yie9f\" data-brz-custom-id=\"dswwhckvfobichvholsqsvfqxwsmvqepzfsj\">\n<div data-brz-translate-text=\"1\">\n<p class=\"brz-lh-xs-1_4 brz-fs-lg-18 brz-fs-sm-17 brz-fs-xs-17 brz-ls-lg-0 brz-ls-sm-0 brz-ls-xs-0 brz-ff-arimo brz-ft-google brz-fw-lg-400 brz-fw-sm-400 brz-fw-xs-400 brz-lh-lg-1_3 brz-lh-sm-1_4 brz-css-w04Ea\" data-generated-css=\"brz-css-lqsjj\" data-uniq-id=\"otodu\"><span class=\"brz-cp-color2\">Klinikaufenthalt \u2013 4 N\u00e4chte<\/span><\/p>\n<\/div>\n<\/div>\n<\/div>\n<\/div>\n<\/div>\n<div id=\"\" class=\"brz-css-18nmp8t brz-css-z0xpn2 brz-wrapper\">\n<div class=\"brz-spacer brz-css-19ohpkz brz-css-o9m410\"><\/div>\n<\/div>\n<div id=\"\" class=\"brz-css-18nmp8t brz-css-bdmahj brz-wrapper\">\n<div class=\"brz-icon-text brz-css-1dhu3qx\" data-brz-custom-id=\"yznpgtgmfvrhkihbqibuebjnldpjuqsgttlq\">\n<div class=\"brz-icon__container\" data-brz-custom-id=\"azvpyzgvtirecbswanmqrgimhpnsyjgjyaai\"><span class=\"brz-icon brz-span brz-css-emjve4 brz-css-1jlosj3\"><\/span><\/div>\n<div class=\"brz-text-btn\">\n<div class=\"brz-rich-text brz-rich-text__custom brz-css-3yie9f\" data-brz-custom-id=\"yjoehygzwmjduhgjlvxtshazitggiwrtddtw\">\n<div data-brz-translate-text=\"1\">\n<p class=\"brz-lh-xs-1_4 brz-fs-lg-18 brz-fs-sm-17 brz-fs-xs-17 brz-ls-lg-0 brz-ls-sm-0 brz-ls-xs-0 brz-ff-arimo brz-ft-google brz-fw-lg-400 brz-fw-sm-400 brz-fw-xs-400 brz-lh-lg-1_3 brz-lh-sm-1_4 brz-css-fdoal\" data-generated-css=\"brz-css-fakop\" data-uniq-id=\"urjfr\"><span class=\"brz-cp-color2\">OP Dauer \u2013 1 bis 2 Stunden<\/span><\/p>\n<\/div>\n<\/div>\n<\/div>\n<\/div>\n<\/div>\n<div id=\"\" class=\"brz-css-18nmp8t brz-css-z0xpn2 brz-wrapper\">\n<div class=\"brz-spacer brz-css-19ohpkz brz-css-pxmiy4\"><\/div>\n<\/div>\n<div id=\"\" class=\"brz-css-18nmp8t brz-css-3buugm brz-wrapper\">\n<div class=\"brz-icon-text brz-css-1dhu3qx\" data-brz-custom-id=\"ndaxciagspmfwtndhrxiullaotqclmuifxak\">\n<div class=\"brz-icon__container\" data-brz-custom-id=\"tyfuctjgmnyxwiqzvirplflbckwyctwnrhwq\"><span class=\"brz-icon brz-span brz-css-emjve4 brz-css-y1i7d8\"><\/span><\/div>\n<div class=\"brz-text-btn\">\n<div class=\"brz-rich-text brz-rich-text__custom brz-css-3yie9f\" data-brz-custom-id=\"borzrhdflhsmfopzqnbedsmhhhdnzpwigljj\">\n<div data-brz-translate-text=\"1\">\n<p class=\"brz-lh-sm-1_4 brz-lh-lg-1_3 brz-fw-xs-400 brz-fw-sm-400 brz-fw-lg-400 brz-ft-google brz-ff-arimo brz-ls-xs-0 brz-ls-sm-0 brz-ls-lg-0 brz-fs-xs-17 brz-fs-sm-17 brz-fs-lg-18 brz-lh-xs-1_4 brz-css-xID3o\" data-generated-css=\"brz-css-bnpnq\" data-uniq-id=\"kcsyo\"><span>Gesellschaftsf\u00e4higkeit \u2013 nach 1 Woche<\/span><\/p>\n<\/div>\n<\/div>\n<\/div>\n<\/div>\n<\/div>\n<div id=\"\" class=\"brz-css-18nmp8t brz-css-z0xpn2 brz-wrapper\">\n<div class=\"brz-spacer brz-css-19ohpkz brz-css-g0p5wv\"><\/div>\n<\/div>\n<\/div>\n<\/div>\n<div class=\"brz-columns brz-css-32dpyi brz-css-13y8n1j\" data-brz-custom-id=\"ewoeyesrnghepbjpdvaetnicqtmvuvtobsnw\">\n<div class=\"brz-bg\"><\/div>\n<div class=\"brz-column__items brz-css-89z9k4 brz-css-1crq5a4\">\n<div id=\"\" class=\"brz-css-18nmp8t brz-css-4cs2ah brz-wrapper\">\n<div class=\"brz-image brz-css-11jqt34 brz-css-v8ydai\" data-brz-custom-id=\"glbkgygbkzebdnkuekpcckvoapfclhvkqnna\"><img decoding=\"async\" class=\"brz-img\" src=\"https:\/\/drmakclinic.com\/de?brizy_media=wp-60498e1fbfbc8e7d25d0a8d9d1ecd171.png&amp;brizy_crop=original\" alt=\"\" loading=\"lazy\"><\/div>\n<\/div>\n<\/div>\n<\/div>\n<\/div>\n<\/div>\n<\/div>\n<\/div>\n<\/section>\n<section id=\"_kepolrzxorcrqakbdehffhxodwelaquylhqa\" class=\"brz-section brz-css-e4un1\">\n<div class=\"brz-section__content brz-section--boxed brz-css-1971is9 brz-css-1jgruut\" data-brz-custom-id=\"aoyqgkujfhcygeryifkqirrsietdlqfikteg\">\n<div class=\"brz-bg\">\n<div class=\"brz-bg-color\"><\/div>\n<\/div>\n<div class=\"brz-container brz-css-9btis4\">\n<div id=\"\" class=\"brz-css-18nmp8t brz-wrapper\">\n<div class=\"brz-line brz-line-default brz-css-1jojdy1 brz-css-1pg8cql\" data-brz-custom-id=\"luwxgbrkbmliiwwhnhbgkfrpjuwzsfxdmytn\">\n<hr class=\"brz-hr\"><\/div>\n<\/div>\n<div class=\"brz-row__container brz-css-1hsapvy\" data-brz-custom-id=\"xcbzuuroxotgwqumpinrzohfpulthqwxxerh\">\n<div class=\"brz-bg\"><\/div>\n<div class=\"brz-row brz-css-1kfeqqc\">\n<div class=\"brz-columns brz-css-32dpyi brz-css-784xq6\" data-brz-custom-id=\"hlwkgxvxeekzdirtdispqaqaaeoymsjlkxqo\">\n<div class=\"brz-bg\"><\/div>\n<div class=\"brz-column__items brz-css-89z9k4\"><\/div>\n<\/div>\n<div class=\"brz-columns brz-css-32dpyi brz-css-ee0e02\" data-brz-custom-id=\"eibhidxgwxcdtuwxvfecwjwscgegwrooflak\">\n<div class=\"brz-bg\"><\/div>\n<div class=\"brz-column__items brz-css-89z9k4\">\n<div id=\"\" class=\"brz-css-18nmp8t brz-wrapper\">\n<div class=\"brz-rich-text brz-rich-text__custom brz-css-3yie9f\" data-brz-custom-id=\"urvqhubqrntgplbrgvwoufsaxpgiasnwqioh\">\n<div data-brz-translate-text=\"1\">\n<p class=\"brz-fs-lg-22 brz-ft-upload brz-ff-ckyztbazucvfgxnrkwthfbuhnumrbfrmhags brz-tp-lg-empty brz-lh-lg-1_9 brz-ls-lg-0 brz-fw-lg-400 brz-fss-lg-px brz-css-zrMw1\" data-generated-css=\"brz-css-pggnl\" data-uniq-id=\"lxexf\"><span>Vor Ihren Behandlungen m\u00fcssen Sie m\u00f6glicherweise auch:<\/span><\/p>\n<\/div>\n<\/div>\n<\/div>\n<div id=\"\" class=\"brz-css-18nmp8t brz-css-1n401ac brz-wrapper\">\n<div class=\"brz-icon-text brz-css-1dhu3qx\" data-brz-custom-id=\"uddptlresknednbjjywsiljrcuptvllhnhcg\">\n<div class=\"brz-icon__container\" data-brz-custom-id=\"yyvnujoupwlvgyooaywmlmqjzyvmfrpwbieu\"><span class=\"brz-icon brz-span brz-css-emjve4 brz-css-1ui3kgf\"><\/span><\/div>\n<div class=\"brz-text-btn\">\n<div class=\"brz-rich-text brz-rich-text__custom brz-css-3yie9f\" data-brz-custom-id=\"yywfprckpugeduaeghkpppudwqbdqcmifpjl\">\n<div data-brz-translate-text=\"1\">\n<p class=\"brz-lh-sm-1_4 brz-lh-lg-1_3 brz-fw-xs-400 brz-fw-sm-400 brz-fw-lg-400 brz-ft-google brz-ff-arimo brz-ls-xs-0 brz-ls-sm-0 brz-ls-lg-0 brz-fs-xs-17 brz-fs-sm-17 brz-fs-lg-18 brz-lh-xs-1_4 brz-css-l8mND\" data-generated-css=\"brz-css-pqrqx\" data-uniq-id=\"oyolp\"><span>Aufh\u00f6ren zu rauchen. Rauchen verringert die Durchblutung der Haut und kann den Heilungsprozess verlangsamen. Wenn Sie rauchen, wird Dr. Mak Ihnen empfehlen, vor der Operation und w\u00e4hrend der Genesung auf das Rauchen zu verzichten.<\/span><\/p>\n<\/div>\n<\/div>\n<\/div>\n<\/div>\n<\/div>\n<div id=\"\" class=\"brz-css-18nmp8t brz-css-z0xpn2 brz-wrapper\">\n<div class=\"brz-spacer brz-css-19ohpkz brz-css-1tgdrd3\"><\/div>\n<\/div>\n<div id=\"\" class=\"brz-css-18nmp8t brz-css-kgj34b brz-wrapper\">\n<div class=\"brz-icon-text brz-css-1dhu3qx\" data-brz-custom-id=\"ttdtjpbcoqzetdvberndaprxckfabfwsioso\">\n<div class=\"brz-icon__container\" data-brz-custom-id=\"hmycrvlprzgvlkxmyzgqgmcqpzlmbnpaffna\"><span class=\"brz-icon brz-span brz-css-emjve4 brz-css-1bol3c7\"><\/span><\/div>\n<div class=\"brz-text-btn\">\n<div class=\"brz-rich-text brz-rich-text__custom brz-css-3yie9f\" data-brz-custom-id=\"wdwfxhizirefhgcohnylhxqswnfpetuduisl\">\n<div data-brz-translate-text=\"1\">\n<p class=\"brz-lh-sm-1_4 brz-lh-lg-1_3 brz-fw-xs-400 brz-fw-sm-400 brz-fw-lg-400 brz-ft-google brz-ff-arimo brz-ls-xs-0 brz-ls-sm-0 brz-ls-lg-0 brz-fs-xs-17 brz-fs-sm-17 brz-fs-lg-18 brz-lh-xs-1_4 brz-css-u4scj\" data-generated-css=\"brz-css-vxxme\" data-uniq-id=\"qsjzh\"><span class=\"brz-cp-color2\">Vermeiden Sie bestimmte Medikamente. Sie m\u00fcssen wahrscheinlich die Einnahme von Aspirin, entz\u00fcndungshemmenden Medikamenten, Blutverd\u00fcnnern und Kr\u00e4uterzus\u00e4tzen vermeiden, die die Blutung verst\u00e4rken k\u00f6nnen.<\/span><\/p>\n<\/div>\n<\/div>\n<\/div>\n<\/div>\n<\/div>\n<\/div>\n<\/div>\n<div class=\"brz-columns brz-css-32dpyi brz-css-b78z6s\" data-brz-custom-id=\"ytcfolmqiyhqpauuyiubfbepewualfgyusff\">\n<div class=\"brz-bg\"><\/div>\n<div class=\"brz-column__items brz-css-89z9k4\"><\/div>\n<\/div>\n<\/div>\n<\/div>\n<\/div>\n<\/div>\n<\/section>\n<section id=\"_iimmopvdrylwkvtvwsvylgmdewmmqfdiexrf\" class=\"brz-section brz-css-e4un1\">\n<div class=\"brz-section__content brz-section--boxed brz-css-1971is9 brz-css-1rfyur4\" data-brz-custom-id=\"mmnwappsxtihozjihpnqbmylgjgzjltvzpdt\">\n<div class=\"brz-bg\">\n<div class=\"brz-bg-color\"><\/div>\n<\/div>\n<div class=\"brz-container brz-css-9btis4\">\n<div id=\"\" class=\"brz-css-18nmp8t brz-wrapper\">\n<div class=\"brz-line brz-line-default brz-css-1jojdy1 brz-css-1m01g6k\" data-brz-custom-id=\"gglmlmqokxocsysbaurfchrxassuvgwjgoun\">\n<hr class=\"brz-hr\"><\/div>\n<\/div>\n<div id=\"\" class=\"brz-css-18nmp8t brz-css-z0xpn2 brz-wrapper\">\n<div class=\"brz-spacer brz-css-19ohpkz brz-css-1piw3qq\"><\/div>\n<\/div>\n<div class=\"brz-row__container brz-css-1hsapvy\" data-brz-custom-id=\"pjspxlepuymlcayvuxxxuiqafwbyimlscmdh\">\n<div class=\"brz-bg\"><\/div>\n<div class=\"brz-row brz-css-1kfeqqc brz-css-cn1wec\">\n<div class=\"brz-columns brz-css-32dpyi brz-css-10z7t4g\" data-brz-custom-id=\"ygxuuhjkjzfhzoldxoyupqgostzzxsbkcxea\">\n<div class=\"brz-bg\"><\/div>\n<div class=\"brz-column__items brz-css-89z9k4 brz-css-nrmgbg\">\n<div id=\"\" class=\"brz-css-18nmp8t brz-css-j7zhn1 brz-wrapper\">\n<div class=\"brz-image brz-css-1bk8dv6 brz-css-15c89xh\" data-brz-custom-id=\"frlmegdrukqslumcbpupqvnyxxkqlzktzrqo\"><img decoding=\"async\" class=\"brz-img\" src=\"https:\/\/drmakclinic.com\/de?brizy_media=wp-9b7486b9d786a0648588605ea135d33b.jpg&amp;brizy_crop=iW%3D316%26iH%3D211%26oX%3D90%26oY%3D23%26cW%3D105%26cH%3D106\" alt=\"\" loading=\"lazy\"><\/div>\n<\/div>\n<\/div>\n<\/div>\n<div class=\"brz-columns brz-css-32dpyi brz-css-10wwp9l\" data-brz-custom-id=\"seyhtnackbsyezafcbqilaozfgfdsvmbwhrw\">\n<div class=\"brz-bg\"><\/div>\n<div class=\"brz-column__items brz-css-89z9k4 brz-css-1co0crz\">\n<div id=\"\" class=\"brz-css-18nmp8t brz-wrapper\">\n<div class=\"brz-rich-text brz-rich-text__custom brz-css-3yie9f\" data-brz-custom-id=\"iahnuoverxjwspfnybujshgjqljdwtxtriqc\">\n<div data-brz-translate-text=\"1\">\n<p class=\"brz-lh-lg-1_5 brz-ls-lg-0 brz-fw-lg-400 brz-fss-lg-px brz-fs-lg-24 brz-ft-upload brz-ff-ckyztbazucvfgxnrkwthfbuhnumrbfrmhags brz-tp-lg-empty brz-css-vFGwn\" data-generated-css=\"brz-css-njggk\" data-uniq-id=\"pceyo\">Wenn Sie eine plastische und andere kosmetische Behandlung in Betracht ziehen, ist es mein Ziel als Ihr plastischer Chirurg, Ihnen w\u00e4hrend der gesamten Behandlung die h\u00f6chste Qualit\u00e4t und die beste Versorgung zu bieten.<\/p>\n<\/div>\n<\/div>\n<\/div>\n<div id=\"\" class=\"brz-css-18nmp8t brz-css-z0xpn2 brz-css-1bl0flt brz-wrapper\">\n<div class=\"brz-spacer brz-css-19ohpkz brz-css-wvdt6v\"><\/div>\n<\/div>\n<div id=\"\" class=\"brz-css-18nmp8t brz-css-1undyex brz-wrapper\">\n<div class=\"brz-rich-text brz-rich-text__custom brz-css-3yie9f\" data-brz-custom-id=\"ckactmpsxlizdqmdobltprirarlwnqwlwwjh\">\n<div data-brz-translate-text=\"1\">\n<p class=\"brz-text-xs-center brz-tp-lg-heading4 brz-css-jL6ok\" data-uniq-id=\"mrayu\" data-generated-css=\"brz-css-yakzy\"><strong class=\"brz-cp-color2\">Dr. Mehmet Arif Karag\u00f6z<\/strong><\/p>\n<\/div>\n<\/div>\n<\/div>\n<div id=\"\" class=\"brz-css-18nmp8t brz-css-15kimn2 brz-wrapper\">\n<div class=\"brz-rich-text brz-rich-text__custom brz-css-3yie9f\" data-brz-custom-id=\"peskisfdyavsemyznihcxwgcxxxpsmivtpux\">\n<div data-brz-translate-text=\"1\">\n<p class=\"brz-tp-lg-paragraph brz-text-xs-center brz-css-j_KaK\" data-generated-css=\"brz-css-npxpg\" data-uniq-id=\"yctti\"><span class=\"brz-cp-color7\">Dr. Mak Plastischer Chirurg<\/span><\/p>\n<\/div>\n<\/div>\n<\/div>\n<\/div>\n<\/div>\n<\/div>\n<\/div>\n<div id=\"\" class=\"brz-css-18nmp8t brz-css-z0xpn2 brz-css-5g0ox2 brz-wrapper\">\n<div class=\"brz-spacer brz-css-19ohpkz brz-css-1nysu1l\"><\/div>\n<\/div>\n<div id=\"\" class=\"brz-css-18nmp8t brz-wrapper\">\n<div class=\"brz-line brz-line-default brz-css-1jojdy1 brz-css-1ol4krj\" data-brz-custom-id=\"dcagaimonabriuvqqrusfnlrywwwluiophah\">\n<hr class=\"brz-hr\"><\/div>\n<\/div>\n<\/div>\n<\/div>\n<\/section>\n<\/div>\n<p>    <!-- version:1738214149 --><\/p>\n","protected":false},"excerpt":{"rendered":"<p>M\u00e4nnerbrust (Gyn\u00e4komastie) M\u00e4nnerbrust (Gyn\u00e4komastie) Eine Operation zur Entfernung des Brustgewebes umfasst in der Regel eine Fettabsaugung des \u00fcbersch\u00fcssigen Fetts, eine operative Entfernung des \u00fcbersch\u00fcssigen Dr\u00fcsengewebes der Brust durch einen Einschnitt am Rand des Brustwarzen-Areolen-Komplexes und\/oder eine Hautentfernung (bei sehr gro\u00dfen Br\u00fcsten). Narkose \u2013 Lokalan\u00e4sthesie Klinikaufenthalt \u2013 4 N\u00e4chte OP Dauer \u2013 1 bis 2 Stunden [&hellip;]<\/p>\n","protected":false},"author":1,"featured_media":0,"parent":1120,"menu_order":0,"comment_status":"closed","ping_status":"closed","template":"","meta":{"footnotes":""},"class_list":["post-1196","page","type-page","status-publish","hentry"],"blocksy_meta":{"styles_descriptor":{"styles":{"desktop":"","tablet":"","mobile":""},"google_fonts":[],"version":6}},"_links":{"self":[{"href":"https:\/\/drmakclinic.com\/de\/wp-json\/wp\/v2\/pages\/1196","targetHints":{"allow":["GET"]}}],"collection":[{"href":"https:\/\/drmakclinic.com\/de\/wp-json\/wp\/v2\/pages"}],"about":[{"href":"https:\/\/drmakclinic.com\/de\/wp-json\/wp\/v2\/types\/page"}],"author":[{"embeddable":true,"href":"https:\/\/drmakclinic.com\/de\/wp-json\/wp\/v2\/users\/1"}],"replies":[{"embeddable":true,"href":"https:\/\/drmakclinic.com\/de\/wp-json\/wp\/v2\/comments?post=1196"}],"version-history":[{"count":0,"href":"https:\/\/drmakclinic.com\/de\/wp-json\/wp\/v2\/pages\/1196\/revisions"}],"up":[{"embeddable":true,"href":"https:\/\/drmakclinic.com\/de\/wp-json\/wp\/v2\/pages\/1120"}],"wp:attachment":[{"href":"https:\/\/drmakclinic.com\/de\/wp-json\/wp\/v2\/media?parent=1196"}],"curies":[{"name":"wp","href":"https:\/\/api.w.org\/{rel}","templated":true}]}}