{"id":1202,"date":"2022-08-28T20:48:58","date_gmt":"2022-08-28T17:48:58","guid":{"rendered":"https:\/\/drmakclinic.com\/?page_id=1202"},"modified":"2025-01-30T10:28:57","modified_gmt":"2025-01-30T07:28:57","slug":"labiaplasty","status":"publish","type":"page","link":"https:\/\/drmakclinic.com\/de\/procedures\/aesthetic-plastic-surgery\/labiaplasty\/","title":{"rendered":"Labiaplasty"},"content":{"rendered":"<div class=\"brz-root__container brz-reset-all brz brz-root__container-page\">\n<section id=\"_kccireqogqgjytnlzxivunqymalzktzforvo\" class=\"brz-section brz-css-nzzs5b\">\n<div class=\"brz-section__content brz-section--boxed brz-css-awu1dr brz-css-15uv0c6\" data-brz-custom-id=\"sqolpgitkasauuzzrojwtpdsmocmwigrmeqt\">\n<div class=\"brz-bg\">\n<div class=\"brz-bg-color\"><\/div>\n<\/div>\n<div class=\"brz-container brz-css-1fmcp9g\">\n<div class=\"brz-row__container brz-css-yzmbk0\" data-brz-custom-id=\"slivrbxgwxzccaqlqnbdyxmmluipfgvflduo\">\n<div class=\"brz-bg\"><\/div>\n<div class=\"brz-row brz-css-1pzcra3 brz-css-ufevs8\">\n<div class=\"brz-columns brz-css-n3ovrj brz-css-1lcil0y\" data-brz-custom-id=\"kemgbgcwgrmswafvzuatrkgioxejbwbunowx\">\n<div class=\"brz-bg\"><\/div>\n<div class=\"brz-column__items brz-css-19zwo0h\">\n<div id=\"\" class=\"brz-css-1799s4z brz-wrapper\">\n<div class=\"brz-icon-text brz-css-m4nezg brz-css-pyi6u0\" data-brz-custom-id=\"xoffbfjjfsmtmhlzytbxclfqrtxpuewbuajk\">\n<div class=\"brz-icon__container\" data-brz-custom-id=\"aftasvrtblbpzcfazpacdwnsoxvleskzlldg\"><span class=\"brz-icon brz-span brz-css-1osfp27 brz-css-19vk435\"><\/span><\/div>\n<div class=\"brz-text-btn\">\n<div class=\"brz-rich-text brz-rich-text__custom brz-css-1u1s2tb\" data-brz-custom-id=\"yhdjmewyflqmlofonyidwdiembmfqkgreirk\">\n<div data-brz-translate-text=\"1\">\n<p class=\"brz-lh-lg-1 brz-ls-lg-0 brz-fw-lg-400 brz-fss-lg-px brz-fs-lg-66 brz-ft-upload brz-ff-izzivsxniqvyexslaslvwzgtgnghvrxuxiru brz-tp-lg-empty brz-css-sD6ZB\" data-generated-css=\"brz-css-wbnov\" data-uniq-id=\"rksqv\"><span class=\"brz-cp-color2\">Schamlippenkorrektur (Labioplastik)<\/span><\/p>\n<\/div>\n<\/div>\n<\/div>\n<\/div>\n<\/div>\n<\/div>\n<\/div>\n<\/div>\n<\/div>\n<\/div>\n<\/div>\n<\/section>\n<section id=\"_ymhjudfpayipzwrkouuwhudkjnxzatovifov\" class=\"brz-section brz-css-nzzs5b\">\n<div class=\"brz-section__content brz-section--boxed brz-css-awu1dr brz-css-1pprlfx\" data-brz-custom-id=\"hwcaamwbnywvyeudosrhgkkaocpnwouktahn\">\n<div class=\"brz-bg\">\n<div class=\"brz-bg-color\"><\/div>\n<\/div>\n<div class=\"brz-container brz-css-1fmcp9g\">\n<div id=\"\" class=\"brz-css-1799s4z brz-wrapper\">\n<div class=\"brz-line brz-line-default brz-css-elwg7n brz-css-1anfp8\" data-brz-custom-id=\"dhnucejpuaogxyjnbyzsbxnijrgqsrpyeyaf\">\n<hr class=\"brz-hr\"><\/div>\n<\/div>\n<div class=\"brz-row__container brz-css-yzmbk0\" data-brz-custom-id=\"rqsxvhlzsdgpscnhaqtxqtnpgmwtcshrmojk\">\n<div class=\"brz-bg\"><\/div>\n<div class=\"brz-row brz-css-1pzcra3 brz-css-yvivgv\">\n<div class=\"brz-columns brz-css-n3ovrj brz-css-kiby2s\" data-brz-custom-id=\"rdvyrfhiyjohbqjfzacfhrxcjupvrldyrazb\">\n<div class=\"brz-bg\"><\/div>\n<div class=\"brz-column__items brz-css-19zwo0h brz-css-7t8io6\">\n<div id=\"\" class=\"brz-css-1799s4z brz-css-10hy3kd brz-wrapper\">\n<div class=\"brz-rich-text brz-rich-text__custom brz-css-1u1s2tb\" data-brz-custom-id=\"ffnykoygqolvqylxyolwiexuacanobiezfyw\">\n<div data-brz-translate-text=\"1\">\n<h4 class=\"brz-ls-lg-m_0_5 brz-fw-lg-700 brz-fss-lg-px brz-fs-lg-13 brz-ft-google brz-ff-manrope brz-tp-lg-empty brz-lh-lg-1_5 brz-css-zWs_B\" data-uniq-id=\"ozngs\" data-generated-css=\"brz-css-nysvp\"><span class=\"brz-capitalize-on\">Schamlippenkorrektur (Labioplastik)<\/span><\/h4>\n<\/div>\n<\/div>\n<\/div>\n<div id=\"\" class=\"brz-css-1799s4z brz-css-tgtobb brz-wrapper\">\n<div class=\"brz-rich-text brz-rich-text__custom brz-css-1u1s2tb\" data-brz-custom-id=\"wzpxbxaeosdhgmxezuhakawcctcvwkzjeyeg\">\n<div data-brz-translate-text=\"1\">\n<p class=\"brz-lh-lg-1_3 brz-tp-lg-empty brz-ff-ckyztbazucvfgxnrkwthfbuhnumrbfrmhags brz-ft-upload brz-fs-lg-36 brz-fss-lg-px brz-fw-lg-400 brz-ls-lg-0 brz-css-jnEZk\" data-uniq-id=\"lynhn\" data-generated-css=\"brz-css-mxwzj\"><span class=\"brz-cp-color2\">Die Schamlippenkorrektur wird durchgef\u00fchrt, um die Innenschamlippen im Intimbereich zu verkleinern und \u00e4sthetisch zu verbessern. Abgesehen von der \u00c4sthetik haben Schamlippenkorrekturen sexuelle, hygienische, psychologische Vorteile.<\/span><\/p>\n<\/div>\n<\/div>\n<\/div>\n<div id=\"\" class=\"brz-css-1799s4z brz-css-l15uyk brz-wrapper\">\n<div class=\"brz-spacer brz-css-1b3smaf brz-css-1rxnnw7\"><\/div>\n<\/div>\n<div id=\"\" class=\"brz-css-1799s4z brz-css-gnsqa7 brz-wrapper\">\n<div class=\"brz-rich-text brz-rich-text__custom brz-css-1u1s2tb\" data-brz-custom-id=\"pakhyrzfrgkkznqtwbswatxzchlkvdsndzkh\">\n<div data-brz-translate-text=\"1\">\n<p class=\"brz-lh-lg-1_9 brz-ls-lg-0 brz-fw-lg-400 brz-fss-lg-px brz-fs-lg-16 brz-ft-google brz-ff-manrope brz-tp-lg-empty brz-css-hs7ZD\" data-generated-css=\"brz-css-xeifl\" data-uniq-id=\"oimep\"><span class=\"brz-cp-color2\">Die Schamlippenkorrektur ist ein \u00e4u\u00dferst h\u00e4ufiges Verfahren, bei dem die weiblichen \u00e4u\u00dferen Genitalien verkleinert und neu geformt werden. Diese plastische Operation wird am h\u00e4ufigsten durchgef\u00fchrt, um Beschwerden zu lindern, die durch gro\u00dfe, dicke oder asymmetrische kleine Schamlippen, auch Schamlippenhypertrophie genannt, verursacht werden. Der Prozess reduziert das Gewebe und sorgt daf\u00fcr, dass das Gewebe keine Falten bildet und nicht unter den gro\u00dfen Lippen hervorstehen. Es kann auch die Asymmetrie korrigiert werden.<\/span><\/p>\n<\/div>\n<\/div>\n<\/div>\n<div id=\"\" class=\"brz-css-1799s4z brz-css-l15uyk brz-wrapper\">\n<div class=\"brz-spacer brz-css-1b3smaf brz-css-bovrbp\"><\/div>\n<\/div>\n<div id=\"\" class=\"brz-css-1799s4z brz-css-1ksb8sb brz-wrapper\">\n<div class=\"brz-icon-text brz-css-m4nezg\" data-brz-custom-id=\"vyuuedqtlnamrrhjwbulipmxpyrzzhdbrwmd\">\n<div class=\"brz-icon__container\" data-brz-custom-id=\"rnnhiqxhtdqhzquwholxmtvsuwjsihmatyte\"><span class=\"brz-icon brz-span brz-css-1osfp27 brz-css-8kheqx\"><\/span><\/div>\n<div class=\"brz-text-btn\">\n<div class=\"brz-rich-text brz-rich-text__custom brz-css-1u1s2tb\" data-brz-custom-id=\"lxybfwllqzzuoxeqnfqokegsquletnyxyjjs\">\n<div data-brz-translate-text=\"1\">\n<p class=\"brz-lh-xs-1_4 brz-lh-sm-1_4 brz-fs-lg-18 brz-fs-sm-17 brz-fs-xs-17 brz-ls-lg-0 brz-ls-sm-0 brz-ls-xs-0 brz-ff-arimo brz-ft-google brz-fw-lg-400 brz-fw-sm-400 brz-fw-xs-400 brz-lh-lg-1_3 brz-css-mPehe\" data-uniq-id=\"edrcn\" data-generated-css=\"brz-css-jvxjt\"><span>Narkose \u2013 Lokalan\u00e4sthesie oder auf Wunsch auch unter Vollnarkose durch einen Facharzt<\/span><\/p>\n<\/div>\n<\/div>\n<\/div>\n<\/div>\n<\/div>\n<div id=\"\" class=\"brz-css-1799s4z brz-css-l15uyk brz-wrapper\">\n<div class=\"brz-spacer brz-css-1b3smaf brz-css-1xv05k6\"><\/div>\n<\/div>\n<div id=\"\" class=\"brz-css-1799s4z brz-css-1bfvrn7 brz-wrapper\">\n<div class=\"brz-icon-text brz-css-m4nezg\" data-brz-custom-id=\"ywsbxtmellkhsrdxxhvtbyissswjtxhtnxvt\">\n<div class=\"brz-icon__container\" data-brz-custom-id=\"lwsyaxoqtnslplaujoimvlgebuyjbipywkmh\"><span class=\"brz-icon brz-span brz-css-1osfp27 brz-css-juejl8\"><\/span><\/div>\n<div class=\"brz-text-btn\">\n<div class=\"brz-rich-text brz-rich-text__custom brz-css-1u1s2tb\" data-brz-custom-id=\"kejuedoqbcbdlghpoaijmrsfhtfwiquhginy\">\n<div data-brz-translate-text=\"1\">\n<p class=\"brz-lh-sm-1_4 brz-lh-lg-1_3 brz-fw-xs-400 brz-fw-sm-400 brz-fw-lg-400 brz-ft-google brz-ff-arimo brz-ls-xs-0 brz-ls-sm-0 brz-ls-lg-0 brz-fs-xs-17 brz-fs-sm-17 brz-fs-lg-18 brz-lh-xs-1_4 brz-css-bEqAZ\" data-uniq-id=\"rrwbu\" data-generated-css=\"brz-css-bmabt\"><span>Klinikaufenthalt \u2013 4 N\u00e4chte<\/span><\/p>\n<\/div>\n<\/div>\n<\/div>\n<\/div>\n<\/div>\n<div id=\"\" class=\"brz-css-1799s4z brz-css-l15uyk brz-wrapper\">\n<div class=\"brz-spacer brz-css-1b3smaf brz-css-7ljcj2\"><\/div>\n<\/div>\n<div id=\"\" class=\"brz-css-1799s4z brz-css-4b6c8v brz-wrapper\">\n<div class=\"brz-icon-text brz-css-m4nezg\" data-brz-custom-id=\"krzvvknwpkpjxscjijkutwijuwsudgqhlizs\">\n<div class=\"brz-icon__container\" data-brz-custom-id=\"lgdqldbsihmqofduclpvtlcrolkwikpsvrsx\"><span class=\"brz-icon brz-span brz-css-1osfp27 brz-css-be9s9v\"><\/span><\/div>\n<div class=\"brz-text-btn\">\n<div class=\"brz-rich-text brz-rich-text__custom brz-css-1u1s2tb\" data-brz-custom-id=\"grvvkdvipybdqsheegavvpnoxcauoiuqmjks\">\n<div data-brz-translate-text=\"1\">\n<p class=\"brz-lh-sm-1_4 brz-lh-lg-1_3 brz-fw-xs-400 brz-fw-sm-400 brz-fw-lg-400 brz-ft-google brz-ff-arimo brz-ls-xs-0 brz-ls-sm-0 brz-ls-lg-0 brz-fs-xs-17 brz-fs-sm-17 brz-fs-lg-18 brz-lh-xs-1_4 brz-css-xE8HF\" data-uniq-id=\"yzrnv\" data-generated-css=\"brz-css-legwt\"><span>OP Dauer \u2013 1 Stunde<\/span><\/p>\n<\/div>\n<\/div>\n<\/div>\n<\/div>\n<\/div>\n<div id=\"\" class=\"brz-css-1799s4z brz-css-l15uyk brz-wrapper\">\n<div class=\"brz-spacer brz-css-1b3smaf brz-css-1mjso0w\"><\/div>\n<\/div>\n<div id=\"\" class=\"brz-css-1799s4z brz-css-ka4ll7 brz-wrapper\">\n<div class=\"brz-icon-text brz-css-m4nezg\" data-brz-custom-id=\"cvocqvmmbwlcvsxhphyjhyztvnnayvxcsrtq\">\n<div class=\"brz-icon__container\" data-brz-custom-id=\"rdlpealysbptmoagfhawmgdumsfzbbzsuvhf\"><span class=\"brz-icon brz-span brz-css-1osfp27 brz-css-1lki4ud\"><\/span><\/div>\n<div class=\"brz-text-btn\">\n<div class=\"brz-rich-text brz-rich-text__custom brz-css-1u1s2tb\" data-brz-custom-id=\"lnnqwabxfilphitginriblcexlqlljiewjcq\">\n<div data-brz-translate-text=\"1\">\n<p class=\"brz-lh-xs-1_4 brz-fs-lg-18 brz-fs-sm-17 brz-fs-xs-17 brz-ls-lg-0 brz-ls-sm-0 brz-ls-xs-0 brz-ff-arimo brz-ft-google brz-fw-lg-400 brz-fw-sm-400 brz-fw-xs-400 brz-lh-lg-1_3 brz-lh-sm-1_4 brz-css-yJqrb\" data-uniq-id=\"cntkq\" data-generated-css=\"brz-css-zsoml\"><span>Gesellschaftsf\u00e4higkeit \u2013 nach 1 Woche<\/span><\/p>\n<\/div>\n<\/div>\n<\/div>\n<\/div>\n<\/div>\n<div id=\"\" class=\"brz-css-1799s4z brz-css-l15uyk brz-wrapper\">\n<div class=\"brz-spacer brz-css-1b3smaf brz-css-tywmwj\"><\/div>\n<\/div>\n<\/div>\n<\/div>\n<div class=\"brz-columns brz-css-n3ovrj brz-css-5m65z4\" data-brz-custom-id=\"gooqzlnryxsnrlnaejgjexnxnmsdyjzovkug\">\n<div class=\"brz-bg\"><\/div>\n<div class=\"brz-column__items brz-css-19zwo0h brz-css-1k0n404\">\n<div id=\"\" class=\"brz-css-1799s4z brz-css-tvndvt brz-wrapper\">\n<div class=\"brz-image brz-css-147zp14 brz-css-qetsj0\" data-brz-custom-id=\"xrhxbjznchxbuorlcpnovwcavinmquyfgclc\"><img decoding=\"async\" class=\"brz-img\" src=\"https:\/\/drmakclinic.com\/de?brizy_media=wp-6b7418ce75fef0078510b694e97de2a6.png&amp;brizy_crop=original\" alt=\"\" loading=\"lazy\"><\/div>\n<\/div>\n<\/div>\n<\/div>\n<\/div>\n<\/div>\n<\/div>\n<\/div>\n<\/section>\n<section id=\"_nmlgfpforbdtgfxoscksuqbrkgppqwsnrcze\" class=\"brz-section brz-css-nzzs5b\">\n<div class=\"brz-section__content brz-section--boxed brz-css-awu1dr brz-css-19wfcec\" data-brz-custom-id=\"lcrefdqvajgxqybbquxmlzskzbyisybajsce\">\n<div class=\"brz-bg\">\n<div class=\"brz-bg-color\"><\/div>\n<\/div>\n<div class=\"brz-container brz-css-1fmcp9g\">\n<div id=\"\" class=\"brz-css-1799s4z brz-wrapper\">\n<div class=\"brz-line brz-line-default brz-css-elwg7n brz-css-aedkcx\" data-brz-custom-id=\"wfgigotpvckllsitbtpubuyesieppshimsry\">\n<hr class=\"brz-hr\"><\/div>\n<\/div>\n<div class=\"brz-row__container brz-css-yzmbk0\" data-brz-custom-id=\"wzgofnvxqiijylwktshqtkvvafwknijhwekm\">\n<div class=\"brz-bg\"><\/div>\n<div class=\"brz-row brz-css-1pzcra3\">\n<div class=\"brz-columns brz-css-n3ovrj brz-css-hbkjsj\" data-brz-custom-id=\"hriugmknmlefpwiutdziigkmizlbylffopbr\">\n<div class=\"brz-bg\"><\/div>\n<div class=\"brz-column__items brz-css-19zwo0h\"><\/div>\n<\/div>\n<div class=\"brz-columns brz-css-n3ovrj brz-css-xlj19o\" data-brz-custom-id=\"optauxiehwrfuwmtlsytjjwslyuydoglnvhj\">\n<div class=\"brz-bg\"><\/div>\n<div class=\"brz-column__items brz-css-19zwo0h\">\n<div id=\"\" class=\"brz-css-1799s4z brz-wrapper\">\n<div class=\"brz-rich-text brz-rich-text__custom brz-css-1u1s2tb\" data-brz-custom-id=\"ktfktrdfxbwllitlwmrldjcrwqwlxoxjwrvi\">\n<div data-brz-translate-text=\"1\">\n<p class=\"brz-mt-lg-34 brz-lh-lg-1_9 brz-ls-lg-0 brz-fw-lg-400 brz-fss-lg-px brz-fs-lg-22 brz-ft-upload brz-ff-ckyztbazucvfgxnrkwthfbuhnumrbfrmhags brz-tp-lg-empty brz-css-ueyjm\" data-uniq-id=\"bajdw\" data-generated-css=\"brz-css-wgkug\"><span class=\"brz-cp-color2\">Vor Ihren Behandlungen m\u00fcssen Sie m\u00f6glicherweise auch:<\/span><\/p>\n<\/div>\n<\/div>\n<\/div>\n<div id=\"\" class=\"brz-css-1799s4z brz-css-ha8gqy brz-wrapper\">\n<div class=\"brz-icon-text brz-css-m4nezg\" data-brz-custom-id=\"oareyhhoecermzjncsoiapaotjaosymxhtoo\">\n<div class=\"brz-icon__container\" data-brz-custom-id=\"cqcptkslgljhoicomyrvzhxnzckccrwglvhv\"><span class=\"brz-icon brz-span brz-css-1osfp27 brz-css-16puh78\"><\/span><\/div>\n<div class=\"brz-text-btn\">\n<div class=\"brz-rich-text brz-rich-text__custom brz-css-1u1s2tb\" data-brz-custom-id=\"btmxajehcmzjgqbymsjjbdvrwsoqbrwhnqom\">\n<div data-brz-translate-text=\"1\">\n<p class=\"brz-lh-xs-1_4 brz-fs-lg-18 brz-fs-sm-17 brz-fs-xs-17 brz-ls-lg-0 brz-ls-sm-0 brz-ls-xs-0 brz-ff-arimo brz-ft-google brz-fw-lg-400 brz-fw-sm-400 brz-fw-xs-400 brz-lh-lg-1_3 brz-lh-sm-1_4 brz-css-mepNV\" data-uniq-id=\"sozst\" data-generated-css=\"brz-css-lkceo\"><span>Aufh\u00f6ren zu rauchen. Rauchen verringert die Durchblutung der Haut und kann den Heilungsprozess verlangsamen. Wenn Sie rauchen, wird Dr. Mak Ihnen empfehlen, vor der Operation und w\u00e4hrend der Genesung auf das Rauchen zu verzichten.<\/span><\/p>\n<\/div>\n<\/div>\n<\/div>\n<\/div>\n<\/div>\n<div id=\"\" class=\"brz-css-1799s4z brz-css-l15uyk brz-wrapper\">\n<div class=\"brz-spacer brz-css-1b3smaf brz-css-1isipq2\"><\/div>\n<\/div>\n<div id=\"\" class=\"brz-css-1799s4z brz-css-1etv3qd brz-wrapper\">\n<div class=\"brz-icon-text brz-css-m4nezg\" data-brz-custom-id=\"uivohutgnsqkznzyloooyqgewvqpgcpsqqgj\">\n<div class=\"brz-icon__container\" data-brz-custom-id=\"xxtzndinbgyytpfebqsouagiwfkrotyeuoaw\"><span class=\"brz-icon brz-span brz-css-1osfp27 brz-css-16j4yt2\"><\/span><\/div>\n<div class=\"brz-text-btn\">\n<div class=\"brz-rich-text brz-rich-text__custom brz-css-1u1s2tb\" data-brz-custom-id=\"qsinpmxszjbzaozdrxifercmioelwdlheoiv\">\n<div data-brz-translate-text=\"1\">\n<p class=\"brz-lh-sm-1_4 brz-lh-lg-1_3 brz-fw-xs-400 brz-fw-sm-400 brz-fw-lg-400 brz-ft-google brz-ff-arimo brz-ls-xs-0 brz-ls-sm-0 brz-ls-lg-0 brz-fs-xs-17 brz-fs-sm-17 brz-fs-lg-18 brz-lh-xs-1_4 brz-css-vCPUt\" data-generated-css=\"brz-css-jwwqm\" data-uniq-id=\"mwjwg\"><span>Vermeiden Sie bestimmte Medikamente. Sie m\u00fcssen wahrscheinlich die Einnahme von Aspirin, entz\u00fcndungshemmenden Medikamenten, Blutverd\u00fcnnern und Kr\u00e4uterzus\u00e4tzen vermeiden, die die Blutung verst\u00e4rken k\u00f6nnen.<\/span><\/p>\n<\/div>\n<\/div>\n<\/div>\n<\/div>\n<\/div>\n<\/div>\n<\/div>\n<div class=\"brz-columns brz-css-n3ovrj brz-css-19m1cn0\" data-brz-custom-id=\"rgewbotchbbduobfpogetholyyieuwpgools\">\n<div class=\"brz-bg\"><\/div>\n<div class=\"brz-column__items brz-css-19zwo0h\"><\/div>\n<\/div>\n<\/div>\n<\/div>\n<\/div>\n<\/div>\n<\/section>\n<section id=\"_rfdebjnkivmgavgxvmibbizgzmzjbcybsiks\" class=\"brz-section brz-css-nzzs5b\">\n<div class=\"brz-section__content brz-section--boxed brz-css-awu1dr brz-css-1uzl6e1\" data-brz-custom-id=\"agxakejdjhbnyumelfumbkoublqfghnnwypo\">\n<div class=\"brz-bg\">\n<div class=\"brz-bg-color\"><\/div>\n<\/div>\n<div class=\"brz-container brz-css-1fmcp9g\">\n<div id=\"\" class=\"brz-css-1799s4z brz-wrapper\">\n<div class=\"brz-line brz-line-default brz-css-elwg7n brz-css-t55fwa\" data-brz-custom-id=\"outvtxsncwcohhninwgyapdrwfcpcfpvhuxx\">\n<hr class=\"brz-hr\"><\/div>\n<\/div>\n<div id=\"\" class=\"brz-css-1799s4z brz-css-l15uyk brz-wrapper\">\n<div class=\"brz-spacer brz-css-1b3smaf brz-css-yynkwi\"><\/div>\n<\/div>\n<div class=\"brz-row__container brz-css-yzmbk0\" data-brz-custom-id=\"frbqzgjwwzhsqmbzwarvabzxcnjjirvolgry\">\n<div class=\"brz-bg\"><\/div>\n<div class=\"brz-row brz-css-1pzcra3 brz-css-yvivgv\">\n<div class=\"brz-columns brz-css-n3ovrj brz-css-400ncw\" data-brz-custom-id=\"glkdwsnkglptannfyuxqndfdtjbajpeqoylm\">\n<div class=\"brz-bg\"><\/div>\n<div class=\"brz-column__items brz-css-19zwo0h brz-css-1mb4dz3\">\n<div id=\"\" class=\"brz-css-1799s4z brz-css-1jocsoo brz-wrapper\">\n<div class=\"brz-image brz-css-62ukgv brz-css-114xi52\" data-brz-custom-id=\"wxmejfikfxnwqkrywkrawdjqxhjblhutpkrb\"><img decoding=\"async\" class=\"brz-img\" src=\"https:\/\/drmakclinic.com\/de?brizy_media=wp-9b7486b9d786a0648588605ea135d33b.jpg&amp;brizy_crop=iW%3D316%26iH%3D211%26oX%3D90%26oY%3D23%26cW%3D105%26cH%3D106\" alt=\"\" loading=\"lazy\"><\/div>\n<\/div>\n<\/div>\n<\/div>\n<div class=\"brz-columns brz-css-n3ovrj brz-css-1b8qntd\" data-brz-custom-id=\"qhshqunoxtqlssgaigsgqzojphvoabjomyfc\">\n<div class=\"brz-bg\"><\/div>\n<div class=\"brz-column__items brz-css-19zwo0h brz-css-1l4cai8\">\n<div id=\"\" class=\"brz-css-1799s4z brz-wrapper\">\n<div class=\"brz-rich-text brz-rich-text__custom brz-css-1u1s2tb\" data-brz-custom-id=\"smwxwjxvgorhncvbuncaahvhncqveekctjms\">\n<div data-brz-translate-text=\"1\">\n<p class=\"brz-lh-lg-1_5 brz-ls-lg-0 brz-fw-lg-400 brz-fss-lg-px brz-fs-lg-24 brz-ft-upload brz-ff-ckyztbazucvfgxnrkwthfbuhnumrbfrmhags brz-tp-lg-empty brz-css-mQxer\" data-generated-css=\"brz-css-dhzaq\" data-uniq-id=\"jnfwn\">Wenn Sie eine plastische und andere kosmetische Behandlung in Betracht ziehen, ist es mein Ziel als Ihr plastischer Chirurg, Ihnen w\u00e4hrend der gesamten Behandlung die h\u00f6chste Qualit\u00e4t und die beste Versorgung zu bieten.<\/p>\n<\/div>\n<\/div>\n<\/div>\n<div id=\"\" class=\"brz-css-1799s4z brz-css-l15uyk brz-css-6r5t41 brz-wrapper\">\n<div class=\"brz-spacer brz-css-1b3smaf brz-css-1x6snic\"><\/div>\n<\/div>\n<div id=\"\" class=\"brz-css-1799s4z brz-css-1kxtjej brz-wrapper\">\n<div class=\"brz-rich-text brz-rich-text__custom brz-css-1u1s2tb\" data-brz-custom-id=\"xbecmchcmzjiyntjviddjvgqazlfloolgujg\">\n<div data-brz-translate-text=\"1\">\n<p class=\"brz-text-xs-center brz-tp-lg-heading4 brz-css-xjFCp\" data-uniq-id=\"mrayu\" data-generated-css=\"brz-css-yakzy\"><strong class=\"brz-cp-color2\">Dr. Mehmet Arif Karag\u00f6z<\/strong><\/p>\n<\/div>\n<\/div>\n<\/div>\n<div id=\"\" class=\"brz-css-1799s4z brz-css-pfbv3r brz-wrapper\">\n<div class=\"brz-rich-text brz-rich-text__custom brz-css-1u1s2tb\" data-brz-custom-id=\"pnbkfizxrutopmbargmgvurwunjxphtjpquf\">\n<div data-brz-translate-text=\"1\">\n<p class=\"brz-text-xs-center brz-tp-lg-paragraph brz-css-tEPr1\" data-uniq-id=\"xqtqk\" data-generated-css=\"brz-css-uauic\"><span class=\"brz-cp-color7\">DR.Mak Plastischer Chirurg<\/span><\/p>\n<\/div>\n<\/div>\n<\/div>\n<\/div>\n<\/div>\n<\/div>\n<\/div>\n<div id=\"\" class=\"brz-css-1799s4z brz-css-l15uyk brz-css-n3d46p brz-wrapper\">\n<div class=\"brz-spacer brz-css-1b3smaf brz-css-1fqi34t\"><\/div>\n<\/div>\n<div id=\"\" class=\"brz-css-1799s4z brz-wrapper\">\n<div class=\"brz-line brz-line-default brz-css-elwg7n brz-css-761ylg\" data-brz-custom-id=\"onmiibadrjoqwllnbqyirneduqdspovjihcu\">\n<hr class=\"brz-hr\"><\/div>\n<\/div>\n<\/div>\n<\/div>\n<\/section>\n<\/div>\n<p>    <!-- version:1738222137 --><\/p>\n","protected":false},"excerpt":{"rendered":"<p>Schamlippenkorrektur (Labioplastik) Schamlippenkorrektur (Labioplastik) Die Schamlippenkorrektur wird durchgef\u00fchrt, um die Innenschamlippen im Intimbereich zu verkleinern und \u00e4sthetisch zu verbessern. Abgesehen von der \u00c4sthetik haben Schamlippenkorrekturen sexuelle, hygienische, psychologische Vorteile. Die Schamlippenkorrektur ist ein \u00e4u\u00dferst h\u00e4ufiges Verfahren, bei dem die weiblichen \u00e4u\u00dferen Genitalien verkleinert und neu geformt werden. Diese plastische Operation wird am h\u00e4ufigsten durchgef\u00fchrt, um [&hellip;]<\/p>\n","protected":false},"author":1,"featured_media":0,"parent":1120,"menu_order":0,"comment_status":"closed","ping_status":"closed","template":"","meta":{"footnotes":""},"class_list":["post-1202","page","type-page","status-publish","hentry"],"blocksy_meta":{"styles_descriptor":{"styles":{"desktop":"","tablet":"","mobile":""},"google_fonts":[],"version":6}},"_links":{"self":[{"href":"https:\/\/drmakclinic.com\/de\/wp-json\/wp\/v2\/pages\/1202","targetHints":{"allow":["GET"]}}],"collection":[{"href":"https:\/\/drmakclinic.com\/de\/wp-json\/wp\/v2\/pages"}],"about":[{"href":"https:\/\/drmakclinic.com\/de\/wp-json\/wp\/v2\/types\/page"}],"author":[{"embeddable":true,"href":"https:\/\/drmakclinic.com\/de\/wp-json\/wp\/v2\/users\/1"}],"replies":[{"embeddable":true,"href":"https:\/\/drmakclinic.com\/de\/wp-json\/wp\/v2\/comments?post=1202"}],"version-history":[{"count":0,"href":"https:\/\/drmakclinic.com\/de\/wp-json\/wp\/v2\/pages\/1202\/revisions"}],"up":[{"embeddable":true,"href":"https:\/\/drmakclinic.com\/de\/wp-json\/wp\/v2\/pages\/1120"}],"wp:attachment":[{"href":"https:\/\/drmakclinic.com\/de\/wp-json\/wp\/v2\/media?parent=1202"}],"curies":[{"name":"wp","href":"https:\/\/api.w.org\/{rel}","templated":true}]}}