{"id":1208,"date":"2022-08-28T20:49:15","date_gmt":"2022-08-28T17:49:15","guid":{"rendered":"https:\/\/drmakclinic.com\/?page_id=1208"},"modified":"2025-01-29T16:22:29","modified_gmt":"2025-01-29T13:22:29","slug":"lip-lift","status":"publish","type":"page","link":"https:\/\/drmakclinic.com\/de\/procedures\/aesthetic-plastic-surgery\/lip-lift\/","title":{"rendered":"Lip Lift"},"content":{"rendered":"<div class=\"brz-root__container brz-reset-all brz brz-root__container-page\">\n<section id=\"_hjliccauedgafcivcqzcouwucfqvgmshjrmz\" class=\"brz-section brz-css-1cyh1tm\">\n<div class=\"brz-section__content brz-section--boxed brz-css-rdexr5 brz-css-1konl2w\" data-brz-custom-id=\"entohctmfhrutkoausfqdszqogdklptgrjql\">\n<div class=\"brz-bg\">\n<div class=\"brz-bg-color\"><\/div>\n<\/div>\n<div class=\"brz-container brz-css-c5qawv\">\n<div class=\"brz-row__container brz-css-obole5\" data-brz-custom-id=\"yneikuwukzbmgwolarfdsvibhdmwujviwqag\">\n<div class=\"brz-bg\"><\/div>\n<div class=\"brz-row brz-css-68i920 brz-css-10t49ms\">\n<div class=\"brz-columns brz-css-1ie9tsd brz-css-16i2yat\" data-brz-custom-id=\"suvkffdlwpkxdatylprsknoxslvcknbovjbs\">\n<div class=\"brz-bg\"><\/div>\n<div class=\"brz-column__items brz-css-120efi3\">\n<div id=\"\" class=\"brz-css-1rd7q8g brz-wrapper\">\n<div class=\"brz-icon-text brz-css-1dnoo7r brz-css-1idzox7\" data-brz-custom-id=\"cmyokkfzganeegvfwgxcnynrbeqolbkfisrl\">\n<div class=\"brz-icon__container\" data-brz-custom-id=\"jcfnfksqiuvyanzvscexdpgqoqygsrxrupsd\"><span class=\"brz-icon brz-span brz-css-7qr5g4 brz-css-urmij8\"><\/span><\/div>\n<div class=\"brz-text-btn\">\n<div class=\"brz-rich-text brz-rich-text__custom brz-css-s7xanx\" data-brz-custom-id=\"ncytyomugpkjpjztsmovwcfroydkbbgmvzbj\">\n<div data-brz-translate-text=\"1\">\n<p class=\"brz-lh-lg-1 brz-ls-lg-0 brz-fw-lg-400 brz-fss-lg-px brz-fs-lg-66 brz-ft-upload brz-ff-izzivsxniqvyexslaslvwzgtgnghvrxuxiru brz-tp-lg-empty brz-css-qtACi\" data-generated-css=\"brz-css-bthhf\" data-uniq-id=\"hcxdo\"><span class=\"brz-cp-color2\">Lippenlifting<\/span><\/p>\n<\/div>\n<\/div>\n<\/div>\n<\/div>\n<\/div>\n<\/div>\n<\/div>\n<\/div>\n<\/div>\n<\/div>\n<\/div>\n<\/section>\n<section id=\"_ngoiektxpzvinzqcrtkqjpbisfodgfvryrrs\" class=\"brz-section brz-css-1cyh1tm\">\n<div class=\"brz-section__content brz-section--boxed brz-css-rdexr5 brz-css-1jobin3\" data-brz-custom-id=\"lubhutdhebucmqbrqmamqzpyzfjwzhivenyx\">\n<div class=\"brz-bg\">\n<div class=\"brz-bg-color\"><\/div>\n<\/div>\n<div class=\"brz-container brz-css-c5qawv\">\n<div id=\"\" class=\"brz-css-1rd7q8g brz-wrapper\">\n<div class=\"brz-line brz-line-default brz-css-kpre97 brz-css-1kjjmn8\" data-brz-custom-id=\"tcbktmwwuugkmqyfkzdfpizqzhcaopkjyoex\">\n<hr class=\"brz-hr\"><\/div>\n<\/div>\n<div class=\"brz-row__container brz-css-obole5\" data-brz-custom-id=\"cnxozlrooieogjytnhxbatvufpwndwocfrwx\">\n<div class=\"brz-bg\"><\/div>\n<div class=\"brz-row brz-css-68i920 brz-css-1rtbe7y\">\n<div class=\"brz-columns brz-css-1ie9tsd brz-css-figto5\" data-brz-custom-id=\"ikzmnifzujslvuhvmovnrgtcnqxysqthxlol\">\n<div class=\"brz-bg\"><\/div>\n<div class=\"brz-column__items brz-css-120efi3 brz-css-135pdsr\">\n<div id=\"\" class=\"brz-css-1rd7q8g brz-css-2x5zg4 brz-wrapper\">\n<div class=\"brz-rich-text brz-rich-text__custom brz-css-s7xanx\" data-brz-custom-id=\"oubycnrjjvguqwmzxeknevvupfznxlpzbkip\">\n<div data-brz-translate-text=\"1\">\n<h4 class=\"brz-ls-lg-m_0_5 brz-fw-lg-700 brz-fss-lg-px brz-fs-lg-13 brz-ft-google brz-ff-manrope brz-tp-lg-empty brz-lh-lg-1_5 brz-css-eLLuv\" data-uniq-id=\"jdxcw\" data-generated-css=\"brz-css-rlywf\"><span class=\"brz-capitalize-on\">Lippenlifting<\/span><\/h4>\n<\/div>\n<\/div>\n<\/div>\n<div id=\"\" class=\"brz-css-1rd7q8g brz-css-1ctalha brz-wrapper\">\n<div class=\"brz-rich-text brz-rich-text__custom brz-css-s7xanx\" data-brz-custom-id=\"byyljboyhwegtnrpzgpkvxsukebrlpfhldwh\">\n<div data-brz-translate-text=\"1\">\n<p class=\"brz-ls-lg-0 brz-fw-lg-400 brz-fss-lg-px brz-fs-lg-36 brz-ft-upload brz-ff-ckyztbazucvfgxnrkwthfbuhnumrbfrmhags brz-tp-lg-empty brz-lh-lg-1_3 brz-css-kmtBl\" data-generated-css=\"brz-css-adwfk\" data-uniq-id=\"gdwyq\"><span class=\"brz-cp-color2\">Ein Lippenlifting ist ein kosmetisch chirurgischer Eingriff und schafft Symmetrie und verleiht eine \u00e4sthetisch ansprechende Lippen-Form.<\/span><\/p>\n<\/div>\n<\/div>\n<\/div>\n<div id=\"\" class=\"brz-css-1rd7q8g brz-css-1tom6bc brz-wrapper\">\n<div class=\"brz-spacer brz-css-175vkra brz-css-1hcbcp6\"><\/div>\n<\/div>\n<div id=\"\" class=\"brz-css-1rd7q8g brz-css-1tom6bc brz-wrapper\">\n<div class=\"brz-spacer brz-css-175vkra brz-css-u6m5yo\"><\/div>\n<\/div>\n<\/div>\n<\/div>\n<div class=\"brz-columns brz-css-1ie9tsd brz-css-1jgarcw\" data-brz-custom-id=\"zdkggqbgvctyolbxfqdoymsfqbmwfuxpitkf\">\n<div class=\"brz-bg\"><\/div>\n<div class=\"brz-column__items brz-css-120efi3 brz-css-17za6iq\">\n<div id=\"\" class=\"brz-css-1rd7q8g brz-css-1em7n2d brz-wrapper\">\n<div class=\"brz-image brz-css-1vgb4sj brz-css-gby7xb\" data-brz-custom-id=\"plescgytewvtluwhbslucfdyywkrixvbsmjh\"><img decoding=\"async\" class=\"brz-img\" src=\"https:\/\/drmakclinic.com\/de?brizy_media=wp-8c95d4297c43fa3a4ec6a37399cfbe7e.png&amp;brizy_crop=original\" alt=\"\" loading=\"lazy\"><\/div>\n<\/div>\n<\/div>\n<\/div>\n<\/div>\n<\/div>\n<\/div>\n<\/div>\n<\/section>\n<section id=\"_ftuqqnamiigvznizxotrpenhpwcssuzyvudd\" class=\"brz-section brz-css-1cyh1tm\">\n<div class=\"brz-section__content brz-section--boxed brz-css-rdexr5 brz-css-1ylibuj\" data-brz-custom-id=\"vjouclqfjbpbcxbylznmunnmdcytezduxpbu\">\n<div class=\"brz-bg\">\n<div class=\"brz-bg-color\"><\/div>\n<\/div>\n<div class=\"brz-container brz-css-c5qawv\">\n<div id=\"\" class=\"brz-css-1rd7q8g brz-wrapper\">\n<div class=\"brz-line brz-line-default brz-css-kpre97 brz-css-bm7pe9\" data-brz-custom-id=\"vohbnyqshcecoyzclqcgsychseyjjcinkeoa\">\n<hr class=\"brz-hr\"><\/div>\n<\/div>\n<div class=\"brz-row__container brz-css-obole5\" data-brz-custom-id=\"amarrqqropvtrpbbvojlfemcmipynkvrvhmq\">\n<div class=\"brz-bg\"><\/div>\n<div class=\"brz-row brz-css-68i920\">\n<div class=\"brz-columns brz-css-1ie9tsd brz-css-100ebk6\" data-brz-custom-id=\"mympujuskmfjzqutqbkhsbscgtlyktjhdojz\">\n<div class=\"brz-bg\"><\/div>\n<div class=\"brz-column__items brz-css-120efi3\"><\/div>\n<\/div>\n<div class=\"brz-columns brz-css-1ie9tsd brz-css-yrvz17\" data-brz-custom-id=\"shsglepizmroaqegbydhqnzobnjtglweutwq\">\n<div class=\"brz-bg\"><\/div>\n<div class=\"brz-column__items brz-css-120efi3\">\n<div id=\"\" class=\"brz-css-1rd7q8g brz-wrapper\">\n<div class=\"brz-rich-text brz-rich-text__custom brz-css-s7xanx\" data-brz-custom-id=\"mjsgcirgecyxccywtnvdpqrtlwvlcregziql\">\n<div data-brz-translate-text=\"1\">\n<p class=\"brz-tp-lg-empty brz-ff-ckyztbazucvfgxnrkwthfbuhnumrbfrmhags brz-ft-upload brz-fs-lg-21 brz-fss-lg-px brz-fw-lg-400 brz-ls-lg-0 brz-lh-lg-1_9 brz-css-gzYv2\" data-uniq-id=\"gjgfb\" data-generated-css=\"brz-css-uhzxn\"><span class=\"brz-cp-color2\">Vor Ihren Behandlungen m\u00fcssen Sie m\u00f6glicherweise auch:<\/span><\/p>\n<\/div>\n<\/div>\n<\/div>\n<div id=\"\" class=\"brz-css-1rd7q8g brz-css-hb2bwe brz-wrapper\">\n<div class=\"brz-icon-text brz-css-1dnoo7r\" data-brz-custom-id=\"hkosxndyorekhcakfclrrsvosgazvfhlixzx\">\n<div class=\"brz-icon__container\" data-brz-custom-id=\"oussfllsyzyyafsruwhweimrjdsaqgihehdk\"><span class=\"brz-icon brz-span brz-css-7qr5g4 brz-css-tecn71\"><\/span><\/div>\n<div class=\"brz-text-btn\">\n<div class=\"brz-rich-text brz-rich-text__custom brz-css-s7xanx\" data-brz-custom-id=\"dqwpxyikjahqsycuvvgzczhhbormegwdnmks\">\n<div data-brz-translate-text=\"1\">\n<p class=\"brz-lh-lg-1_3 brz-fw-xs-400 brz-fw-sm-400 brz-fw-lg-400 brz-ft-google brz-ff-arimo brz-ls-xs-0 brz-ls-sm-0 brz-ls-lg-0 brz-fs-xs-17 brz-fs-sm-17 brz-fs-lg-18 brz-lh-sm-1_4 brz-lh-xs-1_4 brz-css-nj2X6\" data-generated-css=\"brz-css-uiviw\" data-uniq-id=\"iwrqk\"><span>Aufh\u00f6ren zu rauchen. Rauchen verringert die Durchblutung der Haut und kann den Heilungsprozess verlangsamen. Wenn Sie rauchen, wird Dr. Mak Ihnen empfehlen, vor der Operation und w\u00e4hrend der Genesung auf das Rauchen zu verzichten.<\/span><\/p>\n<\/div>\n<\/div>\n<\/div>\n<\/div>\n<\/div>\n<div id=\"\" class=\"brz-css-1rd7q8g brz-css-1tom6bc brz-wrapper\">\n<div class=\"brz-spacer brz-css-175vkra brz-css-1qdvlff\"><\/div>\n<\/div>\n<div id=\"\" class=\"brz-css-1rd7q8g brz-css-1glh0am brz-wrapper\">\n<div class=\"brz-icon-text brz-css-1dnoo7r\" data-brz-custom-id=\"lutmzumgvuosbuogboltsmvjdmrigbgrcsev\">\n<div class=\"brz-icon__container\" data-brz-custom-id=\"wtjkuiygeuyaaxczrsuftljfsvsppwawpnug\"><span class=\"brz-icon brz-span brz-css-7qr5g4 brz-css-1vnm59l\"><\/span><\/div>\n<div class=\"brz-text-btn\">\n<div class=\"brz-rich-text brz-rich-text__custom brz-css-s7xanx\" data-brz-custom-id=\"canbtmxjtiokaiqoydtkesxhxihectulurhm\">\n<div data-brz-translate-text=\"1\">\n<p class=\"brz-lh-lg-1_3 brz-fw-xs-400 brz-fw-sm-400 brz-fw-lg-400 brz-ft-google brz-ff-arimo brz-ls-xs-0 brz-ls-sm-0 brz-ls-lg-0 brz-fs-xs-17 brz-fs-sm-17 brz-fs-lg-18 brz-lh-sm-1_4 brz-lh-xs-1_4 brz-css-u5Y4Y\" data-generated-css=\"brz-css-mizep\" data-uniq-id=\"wlixp\"><span>Vermeiden Sie bestimmte Medikamente. Sie m\u00fcssen wahrscheinlich die Einnahme von Aspirin, entz\u00fcndungshemmenden Medikamenten, Blutverd\u00fcnnern und Kr\u00e4uterzus\u00e4tzen vermeiden, die die Blutung verst\u00e4rken k\u00f6nnen.<\/span><\/p>\n<\/div>\n<\/div>\n<\/div>\n<\/div>\n<\/div>\n<\/div>\n<\/div>\n<div class=\"brz-columns brz-css-1ie9tsd brz-css-1dvyouy\" data-brz-custom-id=\"vjhsriebrxneniwawwmaitefvnqnmsmqarut\">\n<div class=\"brz-bg\"><\/div>\n<div class=\"brz-column__items brz-css-120efi3\"><\/div>\n<\/div>\n<\/div>\n<\/div>\n<\/div>\n<\/div>\n<\/section>\n<section id=\"_bjqpovaxkqpnagnpnjbfdcbpujmajpekvcqu\" class=\"brz-section brz-css-1cyh1tm\">\n<div class=\"brz-section__content brz-section--boxed brz-css-rdexr5 brz-css-1n3iw1a\" data-brz-custom-id=\"ytnecwwrwyoxiipkouscpvaqgxlwhbbpxmyk\">\n<div class=\"brz-bg\">\n<div class=\"brz-bg-color\"><\/div>\n<\/div>\n<div class=\"brz-container brz-css-c5qawv\">\n<div id=\"\" class=\"brz-css-1rd7q8g brz-wrapper\">\n<div class=\"brz-line brz-line-default brz-css-kpre97 brz-css-nfvqph\" data-brz-custom-id=\"ffbwhpxubulqjrhyinomnrsspybdxlhdyegv\">\n<hr class=\"brz-hr\"><\/div>\n<\/div>\n<\/div>\n<\/div>\n<\/section>\n<section id=\"_kmurdpwrtoksvbgdthhskmhasclnpvghrdeb\" class=\"brz-section brz-css-1cyh1tm\">\n<div class=\"brz-section__content brz-section--boxed brz-css-rdexr5 brz-css-115ajoo\" data-brz-custom-id=\"sssappkqgtfwfitmzdawalguodsjncgedzss\">\n<div class=\"brz-bg\">\n<div class=\"brz-bg-color\"><\/div>\n<\/div>\n<div class=\"brz-container brz-css-c5qawv\">\n<div id=\"\" class=\"brz-css-1rd7q8g brz-css-1tom6bc brz-wrapper\">\n<div class=\"brz-spacer brz-css-175vkra brz-css-1ou2dxk\"><\/div>\n<\/div>\n<div class=\"brz-row__container brz-css-obole5\" data-brz-custom-id=\"ryhdrtuqhzvedbukxqmyntyjksuzsdoyjhcg\">\n<div class=\"brz-bg\"><\/div>\n<div class=\"brz-row brz-css-68i920 brz-css-1rtbe7y\">\n<div class=\"brz-columns brz-css-1ie9tsd brz-css-13rdpl8\" data-brz-custom-id=\"vzvzaqvkbrhbejlgegulkvirwlejmouqwkzk\">\n<div class=\"brz-bg\"><\/div>\n<div class=\"brz-column__items brz-css-120efi3 brz-css-yijx3\">\n<div id=\"\" class=\"brz-css-1rd7q8g brz-css-26zl0w brz-wrapper\">\n<div class=\"brz-image brz-css-fla1kk brz-css-mbur1z\" data-brz-custom-id=\"zbfskrtnqrjzasnwuohxvhntukjksjfhedhy\"><img decoding=\"async\" class=\"brz-img\" src=\"https:\/\/drmakclinic.com\/de?brizy_media=wp-9b7486b9d786a0648588605ea135d33b.jpg&amp;brizy_crop=iW%3D316%26iH%3D211%26oX%3D90%26oY%3D23%26cW%3D105%26cH%3D106\" alt=\"\" loading=\"lazy\"><\/div>\n<\/div>\n<\/div>\n<\/div>\n<div class=\"brz-columns brz-css-1ie9tsd brz-css-wwrmmy\" data-brz-custom-id=\"giasqmnoidmmkkgdawmkxteltydnikppifby\">\n<div class=\"brz-bg\"><\/div>\n<div class=\"brz-column__items brz-css-120efi3 brz-css-1uxzr17\">\n<div id=\"\" class=\"brz-css-1rd7q8g brz-wrapper\">\n<div class=\"brz-rich-text brz-rich-text__custom brz-css-s7xanx\" data-brz-custom-id=\"gnjmtjohhomkzgrivvkzmxwgakxvygopqucr\">\n<div data-brz-translate-text=\"1\">\n<p class=\"brz-lh-lg-1_5 brz-ls-lg-0 brz-fw-lg-400 brz-fss-lg-px brz-fs-lg-24 brz-ft-upload brz-ff-ckyztbazucvfgxnrkwthfbuhnumrbfrmhags brz-tp-lg-empty brz-css-wlmi7\" data-generated-css=\"brz-css-nnhed\" data-uniq-id=\"jvrdb\">Wenn Sie eine plastische und andere kosmetische Behandlung in Betracht ziehen, ist es mein Ziel als Ihr plastischer Chirurg, Ihnen w\u00e4hrend der gesamten Behandlung die h\u00f6chste Qualit\u00e4t und die beste Versorgung zu bieten.<\/p>\n<\/div>\n<\/div>\n<\/div>\n<div id=\"\" class=\"brz-css-1rd7q8g brz-css-1tom6bc brz-css-1k7ke57 brz-wrapper\">\n<div class=\"brz-spacer brz-css-175vkra brz-css-q4bjtz\"><\/div>\n<\/div>\n<div id=\"\" class=\"brz-css-1rd7q8g brz-css-xcmqcy brz-wrapper\">\n<div class=\"brz-rich-text brz-rich-text__custom brz-css-s7xanx\" data-brz-custom-id=\"opmuulbvcycanayukrimacuzzvgibyccgmti\">\n<div data-brz-translate-text=\"1\">\n<p class=\"brz-text-xs-center brz-tp-lg-heading4 brz-css-zQQR0\" data-uniq-id=\"mrayu\" data-generated-css=\"brz-css-yakzy\"><strong class=\"brz-cp-color2\">Dr. Mehmet Arif Karag\u00f6z<\/strong><\/p>\n<\/div>\n<\/div>\n<\/div>\n<div id=\"\" class=\"brz-css-1rd7q8g brz-css-1ngzvsg brz-wrapper\">\n<div class=\"brz-rich-text brz-rich-text__custom brz-css-s7xanx\" data-brz-custom-id=\"vpjtoslzwwgywbwyniwrwikzlsgsphfyaeyy\">\n<div data-brz-translate-text=\"1\">\n<p class=\"brz-tp-lg-paragraph brz-text-xs-center brz-css-fozIR\" data-generated-css=\"brz-css-vsoqc\" data-uniq-id=\"dwruy\"><span class=\"brz-cp-color7\">Dr. Mak Plastischer Chirurg<\/span><\/p>\n<\/div>\n<\/div>\n<\/div>\n<\/div>\n<\/div>\n<\/div>\n<\/div>\n<div id=\"\" class=\"brz-css-1rd7q8g brz-css-1tom6bc brz-css-1yospqj brz-wrapper\">\n<div class=\"brz-spacer brz-css-175vkra brz-css-1fzzueu\"><\/div>\n<\/div>\n<div id=\"\" class=\"brz-css-1rd7q8g brz-wrapper\">\n<div class=\"brz-line brz-line-default brz-css-kpre97 brz-css-dv6gi3\" data-brz-custom-id=\"bqwtkminnlhbuafaftwfvjpeladfqpkuuitl\">\n<hr class=\"brz-hr\"><\/div>\n<\/div>\n<\/div>\n<\/div>\n<\/section>\n<\/div>\n<p>    <!-- version:1738156949 --><\/p>\n","protected":false},"excerpt":{"rendered":"<p>Lippenlifting Lippenlifting Ein Lippenlifting ist ein kosmetisch chirurgischer Eingriff und schafft Symmetrie und verleiht eine \u00e4sthetisch ansprechende Lippen-Form. Vor Ihren Behandlungen m\u00fcssen Sie m\u00f6glicherweise auch: Aufh\u00f6ren zu rauchen. Rauchen verringert die Durchblutung der Haut und kann den Heilungsprozess verlangsamen. Wenn Sie rauchen, wird Dr. Mak Ihnen empfehlen, vor der Operation und w\u00e4hrend der Genesung auf [&hellip;]<\/p>\n","protected":false},"author":1,"featured_media":0,"parent":1120,"menu_order":0,"comment_status":"closed","ping_status":"closed","template":"","meta":{"footnotes":""},"class_list":["post-1208","page","type-page","status-publish","hentry"],"blocksy_meta":{"styles_descriptor":{"styles":{"desktop":"","tablet":"","mobile":""},"google_fonts":[],"version":6}},"_links":{"self":[{"href":"https:\/\/drmakclinic.com\/de\/wp-json\/wp\/v2\/pages\/1208","targetHints":{"allow":["GET"]}}],"collection":[{"href":"https:\/\/drmakclinic.com\/de\/wp-json\/wp\/v2\/pages"}],"about":[{"href":"https:\/\/drmakclinic.com\/de\/wp-json\/wp\/v2\/types\/page"}],"author":[{"embeddable":true,"href":"https:\/\/drmakclinic.com\/de\/wp-json\/wp\/v2\/users\/1"}],"replies":[{"embeddable":true,"href":"https:\/\/drmakclinic.com\/de\/wp-json\/wp\/v2\/comments?post=1208"}],"version-history":[{"count":0,"href":"https:\/\/drmakclinic.com\/de\/wp-json\/wp\/v2\/pages\/1208\/revisions"}],"up":[{"embeddable":true,"href":"https:\/\/drmakclinic.com\/de\/wp-json\/wp\/v2\/pages\/1120"}],"wp:attachment":[{"href":"https:\/\/drmakclinic.com\/de\/wp-json\/wp\/v2\/media?parent=1208"}],"curies":[{"name":"wp","href":"https:\/\/api.w.org\/{rel}","templated":true}]}}