{"id":1215,"date":"2022-08-28T20:49:31","date_gmt":"2022-08-28T17:49:31","guid":{"rendered":"https:\/\/drmakclinic.com\/?page_id=1215"},"modified":"2025-01-31T03:02:51","modified_gmt":"2025-01-31T00:02:51","slug":"lower-eyelid-surgery","status":"publish","type":"page","link":"https:\/\/drmakclinic.com\/de\/procedures\/aesthetic-plastic-surgery\/lower-eyelid-surgery\/","title":{"rendered":"Lower Eyelid Surgery"},"content":{"rendered":"<div class=\"brz-root__container brz-reset-all brz brz-root__container-page\">\n<section id=\"_uvxljwordjeuzlyvplpwgbrraxnvjwqoutpu\" class=\"brz-section brz-css-1y32y80\">\n<div class=\"brz-section__content brz-section--boxed brz-css-5g26c7 brz-css-1mr1qgz\" data-brz-custom-id=\"ujvixsxvonehmndsksyvogimkxxkkwrgqeqy\">\n<div class=\"brz-bg\">\n<div class=\"brz-bg-color\"><\/div>\n<\/div>\n<div class=\"brz-container brz-css-z05g5o\">\n<div class=\"brz-row__container brz-css-1ns820r\" data-brz-custom-id=\"ztaifoxmepkftnxsmxxkfybbatwbqmbimnrg\">\n<div class=\"brz-bg\"><\/div>\n<div class=\"brz-row brz-css-7lu93i brz-css-uwduot\">\n<div class=\"brz-columns brz-css-ss3w1u brz-css-10shj43\" data-brz-custom-id=\"fqwnrwyefddpavfuujztnqdivzxhmzoxycfv\">\n<div class=\"brz-bg\"><\/div>\n<div class=\"brz-column__items brz-css-11tfq55\">\n<div id=\"\" class=\"brz-css-xyyfol brz-wrapper\">\n<div class=\"brz-icon-text brz-css-mf5vdg brz-css-1cwv6s6\" data-brz-custom-id=\"rzstdyxfnrdafevjuhatqacympfzbsfsundt\">\n<div class=\"brz-icon__container\" data-brz-custom-id=\"yggwjnyywsujwhnnsbasubqejvdyovwincjy\"><span class=\"brz-icon brz-span brz-css-1prs4m brz-css-13yeq94\"><\/span><\/div>\n<div class=\"brz-text-btn\">\n<div class=\"brz-rich-text brz-rich-text__custom brz-css-1659f0z\" data-brz-custom-id=\"cojbhtgutcpryotyhwwygvopgnrmkvnxhrhp\">\n<div data-brz-translate-text=\"1\">\n<p class=\"brz-tp-lg-empty brz-ff-izzivsxniqvyexslaslvwzgtgnghvrxuxiru brz-ft-upload brz-fs-lg-66 brz-fss-lg-px brz-fw-lg-400 brz-ls-lg-0 brz-lh-lg-1 brz-css-u1gzx\" data-uniq-id=\"oixgn\" data-generated-css=\"brz-css-ktffm\"><span class=\"brz-cp-color2\">Unterlidstraffung<\/span><\/p>\n<\/div>\n<\/div>\n<\/div>\n<\/div>\n<\/div>\n<\/div>\n<\/div>\n<\/div>\n<\/div>\n<\/div>\n<\/div>\n<\/section>\n<section id=\"_rbukgblrhjnyzftngkereownjhbswyagiazq\" class=\"brz-section brz-css-1y32y80\">\n<div class=\"brz-section__content brz-section--boxed brz-css-5g26c7 brz-css-xp8d7u\" data-brz-custom-id=\"oymingybnvtyvjcahwelpaujhgukwvqemfcf\">\n<div class=\"brz-bg\">\n<div class=\"brz-bg-color\"><\/div>\n<\/div>\n<div class=\"brz-container brz-css-z05g5o\">\n<div id=\"\" class=\"brz-css-xyyfol brz-wrapper\">\n<div class=\"brz-line brz-line-default brz-css-1xg76h8 brz-css-jxox8f\" data-brz-custom-id=\"bcvipznfqdkabjldsyrcljezctzzotiyezly\">\n<hr class=\"brz-hr\"><\/div>\n<\/div>\n<div class=\"brz-row__container brz-css-1ns820r\" data-brz-custom-id=\"hadqmaxwvhotvgrdvhdcdxrgoawvxzpzgqth\">\n<div class=\"brz-bg\"><\/div>\n<div class=\"brz-row brz-css-7lu93i brz-css-86n3nd\">\n<div class=\"brz-columns brz-css-ss3w1u brz-css-1x0u0gd\" data-brz-custom-id=\"fdxugkdbgedjtwxbeqnlbuevwzlpjdzpqeho\">\n<div class=\"brz-bg\"><\/div>\n<div class=\"brz-column__items brz-css-11tfq55 brz-css-11fgk06\">\n<div id=\"\" class=\"brz-css-xyyfol brz-css-13fz8zs brz-wrapper\">\n<div class=\"brz-rich-text brz-rich-text__custom brz-css-1659f0z\" data-brz-custom-id=\"qlrejccnewiscpgedbuftugoapylwcrvfwrq\">\n<div data-brz-translate-text=\"1\">\n<h4 class=\"brz-ls-lg-m_0_5 brz-fw-lg-700 brz-fss-lg-px brz-fs-lg-13 brz-ft-google brz-ff-manrope brz-tp-lg-empty brz-lh-lg-1_5 brz-css-uwEux\" data-generated-css=\"brz-css-gcpqa\" data-uniq-id=\"lxjjf\"><span class=\"brz-capitalize-on\">Unterlidstraffung<\/span><\/h4>\n<\/div>\n<\/div>\n<\/div>\n<div id=\"\" class=\"brz-css-xyyfol brz-css-jvj4zr brz-wrapper\">\n<div class=\"brz-rich-text brz-rich-text__custom brz-css-1659f0z\" data-brz-custom-id=\"dhpzebtbiwrvjlqjfibscqrhdvmhzxichfaa\">\n<div data-brz-translate-text=\"1\">\n<p class=\"brz-lh-lg-1_3 brz-tp-lg-empty brz-ff-ckyztbazucvfgxnrkwthfbuhnumrbfrmhags brz-ft-upload brz-fs-lg-36 brz-fss-lg-px brz-fw-lg-400 brz-ls-lg-0 brz-css-qmrid\" data-uniq-id=\"xokre\" data-generated-css=\"brz-css-mouuz\"><span class=\"brz-cp-color1\">Eine Operation zur Korrektur von Tr\u00e4nens\u00e4cken und \u00fcbersch\u00fcssiger Haut am unteren Augenlid ist aufwendiger als eine Operation am oberen Augenlid und erfordert meistens eine Vollnarkose.<\/span><\/p>\n<\/div>\n<\/div>\n<\/div>\n<div id=\"\" class=\"brz-css-xyyfol brz-css-93kat9 brz-wrapper\">\n<div class=\"brz-spacer brz-css-12pcvz brz-css-18kylnj\"><\/div>\n<\/div>\n<div id=\"\" class=\"brz-css-xyyfol brz-css-93kat9 brz-wrapper\">\n<div class=\"brz-spacer brz-css-12pcvz brz-css-1p26vcd\"><\/div>\n<\/div>\n<div id=\"\" class=\"brz-css-xyyfol brz-css-1u3lehd brz-wrapper\">\n<div class=\"brz-icon-text brz-css-mf5vdg\" data-brz-custom-id=\"duhuuaccyxskpmpzcdvnwyjzfelvezcuxuei\">\n<div class=\"brz-icon__container\" data-brz-custom-id=\"bdfeunazolqgklqlnngiyglwvaxgmizbpjou\"><span class=\"brz-icon brz-span brz-css-1prs4m brz-css-67o5ln\"><\/span><\/div>\n<div class=\"brz-text-btn\">\n<div class=\"brz-rich-text brz-rich-text__custom brz-css-1659f0z\" data-brz-custom-id=\"txhofktuxzlojnniusxcfrnmrdxxaeguunmz\">\n<div data-brz-translate-text=\"1\">\n<p class=\"brz-lh-lg-1_3 brz-fw-xs-400 brz-fw-sm-400 brz-fw-lg-400 brz-ft-google brz-ff-arimo brz-ls-xs-0 brz-ls-sm-0 brz-ls-lg-0 brz-fs-xs-17 brz-fs-sm-17 brz-fs-lg-18 brz-lh-sm-1_4 brz-lh-xs-1_4 brz-css-pPjRO\" data-generated-css=\"brz-css-aqmow\" data-uniq-id=\"jkvjk\"><span>Narkose \u2013 Lokalbet\u00e4ubung m\u00f6glich oder Vollnarkose durch einen Facharzt<\/span><\/p>\n<\/div>\n<\/div>\n<\/div>\n<\/div>\n<\/div>\n<div id=\"\" class=\"brz-css-xyyfol brz-css-93kat9 brz-wrapper\">\n<div class=\"brz-spacer brz-css-12pcvz brz-css-17gkq62\"><\/div>\n<\/div>\n<div id=\"\" class=\"brz-css-xyyfol brz-css-55mnu6 brz-wrapper\">\n<div class=\"brz-icon-text brz-css-mf5vdg\" data-brz-custom-id=\"ikxtwhajsxojxmqieqwxsecnsungxzhvlnef\">\n<div class=\"brz-icon__container\" data-brz-custom-id=\"iakpydowabzkizikljqepbvpvheymyhcenae\"><span class=\"brz-icon brz-span brz-css-1prs4m brz-css-1rt2b59\"><\/span><\/div>\n<div class=\"brz-text-btn\">\n<div class=\"brz-rich-text brz-rich-text__custom brz-css-1659f0z\" data-brz-custom-id=\"quoxnywumvewdmislgzeswiqppqsogyjwjql\">\n<div data-brz-translate-text=\"1\">\n<p class=\"brz-lh-xs-1_4 brz-fs-lg-18 brz-fs-sm-17 brz-fs-xs-17 brz-ls-lg-0 brz-ls-sm-0 brz-ls-xs-0 brz-ff-arimo brz-ft-google brz-fw-lg-400 brz-fw-sm-400 brz-fw-xs-400 brz-lh-lg-1_3 brz-lh-sm-1_4 brz-css-dD84L\" data-generated-css=\"brz-css-jvmpd\" data-uniq-id=\"tsepe\"><span>Klinikaufenthalt \u2013 5 N\u00e4chte<\/span><\/p>\n<\/div>\n<\/div>\n<\/div>\n<\/div>\n<\/div>\n<div id=\"\" class=\"brz-css-xyyfol brz-css-93kat9 brz-wrapper\">\n<div class=\"brz-spacer brz-css-12pcvz brz-css-16sbjhl\"><\/div>\n<\/div>\n<div id=\"\" class=\"brz-css-xyyfol brz-css-gahoys brz-wrapper\">\n<div class=\"brz-icon-text brz-css-mf5vdg\" data-brz-custom-id=\"nlcyrhdmgrmewxpvuatvwdfibzmqhuotntvr\">\n<div class=\"brz-icon__container\" data-brz-custom-id=\"jbfmwsssfjwgqtsxtyefveynfhryathkzfez\"><span class=\"brz-icon brz-span brz-css-1prs4m brz-css-412vx8\"><\/span><\/div>\n<div class=\"brz-text-btn\">\n<div class=\"brz-rich-text brz-rich-text__custom brz-css-1659f0z\" data-brz-custom-id=\"ejyztxaablmbwcozqrkitdjfdwddhvittcwo\">\n<div data-brz-translate-text=\"1\">\n<p class=\"brz-lh-xs-1_4 brz-fs-lg-18 brz-fs-sm-17 brz-fs-xs-17 brz-ls-lg-0 brz-ls-sm-0 brz-ls-xs-0 brz-ff-arimo brz-ft-google brz-fw-lg-400 brz-fw-sm-400 brz-fw-xs-400 brz-lh-lg-1_3 brz-lh-sm-1_4 brz-css-lPEYR\" data-generated-css=\"brz-css-dmxqi\" data-uniq-id=\"remre\"><span>OP Dauer \u2013 1 Stunde<\/span><\/p>\n<\/div>\n<\/div>\n<\/div>\n<\/div>\n<\/div>\n<div id=\"\" class=\"brz-css-xyyfol brz-css-93kat9 brz-wrapper\">\n<div class=\"brz-spacer brz-css-12pcvz brz-css-sbn707\"><\/div>\n<\/div>\n<div id=\"\" class=\"brz-css-xyyfol brz-css-16mb6p0 brz-wrapper\">\n<div class=\"brz-icon-text brz-css-mf5vdg\" data-brz-custom-id=\"uzcpvawfgcnaotrtzlzvfypimucyhfggloqq\">\n<div class=\"brz-icon__container\" data-brz-custom-id=\"iibukbgtqefcpxfmqqoeapzsamvdyswziccy\"><span class=\"brz-icon brz-span brz-css-1prs4m brz-css-17fshag\"><\/span><\/div>\n<div class=\"brz-text-btn\">\n<div class=\"brz-rich-text brz-rich-text__custom brz-css-1659f0z\" data-brz-custom-id=\"efeopgfxccercgpyuxtsnhjlbnkaarmferky\">\n<div data-brz-translate-text=\"1\">\n<p class=\"brz-lh-xs-1_4 brz-fs-lg-18 brz-fs-sm-17 brz-fs-xs-17 brz-ls-lg-0 brz-ls-sm-0 brz-ls-xs-0 brz-ff-arimo brz-ft-google brz-fw-lg-400 brz-fw-sm-400 brz-fw-xs-400 brz-lh-lg-1_3 brz-lh-sm-1_4 brz-css-ru_5T\" data-uniq-id=\"iwwfl\" data-generated-css=\"brz-css-fhlkn\"><span>Gesellschaftsf\u00e4higkeit \u2013 nach 1 Woche<\/span><\/p>\n<\/div>\n<\/div>\n<\/div>\n<\/div>\n<\/div>\n<div id=\"\" class=\"brz-css-xyyfol brz-css-93kat9 brz-wrapper\">\n<div class=\"brz-spacer brz-css-12pcvz brz-css-bu5ofi\"><\/div>\n<\/div>\n<\/div>\n<\/div>\n<div class=\"brz-columns brz-css-ss3w1u brz-css-d9tt3f\" data-brz-custom-id=\"aikixczdpquwvngmypwvwtsbcfgkzhftakwc\">\n<div class=\"brz-bg\"><\/div>\n<div class=\"brz-column__items brz-css-11tfq55 brz-css-sdkcei\">\n<div id=\"\" class=\"brz-css-xyyfol brz-css-1d4wyxm brz-wrapper\">\n<div class=\"brz-image brz-css-12lhah3 brz-css-bawkro\" data-brz-custom-id=\"mfbzsktaczwkmfckknyahqsigdwoogknyuwn\"><img decoding=\"async\" class=\"brz-img\" src=\"https:\/\/drmakclinic.com\/de?brizy_media=wp-c1939866f713c97e5d256ca62e43b8f4.png&amp;brizy_crop=original\" alt=\"\" loading=\"lazy\"><\/div>\n<\/div>\n<\/div>\n<\/div>\n<\/div>\n<\/div>\n<\/div>\n<\/div>\n<\/section>\n<section id=\"_lwolqgzghnpvmrvtsiwqavsqrtgclvvxliqj\" class=\"brz-section brz-css-1y32y80\">\n<div class=\"brz-section__content brz-section--boxed brz-css-5g26c7 brz-css-18pwlaa\" data-brz-custom-id=\"cexydrmxkklihsthwrelzxnzxqfwwpgotagx\">\n<div class=\"brz-bg\">\n<div class=\"brz-bg-color\"><\/div>\n<\/div>\n<div class=\"brz-container brz-css-z05g5o\">\n<div id=\"\" class=\"brz-css-xyyfol brz-wrapper\">\n<div class=\"brz-line brz-line-default brz-css-1xg76h8 brz-css-1m9vgaj\" data-brz-custom-id=\"zerxsdqwuhsnhidksrwudgewcqbajidyzyag\">\n<hr class=\"brz-hr\"><\/div>\n<\/div>\n<div class=\"brz-row__container brz-css-1ns820r\" data-brz-custom-id=\"gmybwdxgkkazuiuenalbnmnenftwngserqit\">\n<div class=\"brz-bg\"><\/div>\n<div class=\"brz-row brz-css-7lu93i\">\n<div class=\"brz-columns brz-css-ss3w1u brz-css-13awu5t\" data-brz-custom-id=\"exywlfkzamdccgfxgdvwdenzqzbcochleybe\">\n<div class=\"brz-bg\"><\/div>\n<div class=\"brz-column__items brz-css-11tfq55\"><\/div>\n<\/div>\n<div class=\"brz-columns brz-css-ss3w1u brz-css-3xhvbp\" data-brz-custom-id=\"nsxdrnafdteazueuyxsvsiuogkzvzvutvlpv\">\n<div class=\"brz-bg\"><\/div>\n<div class=\"brz-column__items brz-css-11tfq55\">\n<div id=\"\" class=\"brz-css-xyyfol brz-wrapper\">\n<div class=\"brz-rich-text brz-rich-text__custom brz-css-1659f0z\" data-brz-custom-id=\"czuldcpkadqvetddhgjihhsrvhjncfnlydyv\">\n<div data-brz-translate-text=\"1\">\n<p class=\"brz-lh-lg-1_9 brz-ls-lg-0 brz-fw-lg-400 brz-fss-lg-px brz-fs-lg-18 brz-ft-google brz-ff-manrope brz-tp-lg-empty brz-css-iswnR\" data-generated-css=\"brz-css-panyg\" data-uniq-id=\"ozitb\"><span class=\"brz-cp-color2\">Dr. Mak kombiniert dieses Verfahren manchmal mit einem Unterlidfetttransfer, um die jugendlichsten und dauerhaftesten Ergebnisse zu gew\u00e4hrleisten. Die Strukturen des unteren Augenlids k\u00f6nnen durch einen Einschnitt unterhalb der unteren Augenwimper oder innerhalb des unteren Augenlids erreicht werden.<\/span><\/p>\n<p class=\"brz-lh-lg-1_9 brz-ls-lg-0 brz-fw-lg-400 brz-fss-lg-px brz-fs-lg-18 brz-ft-google brz-ff-manrope brz-tp-lg-empty brz-css-z_Fef\" data-generated-css=\"brz-css-ypzxe\" data-uniq-id=\"hwwfk\"><span class=\"brz-cp-color2\"> <\/span><\/p>\n<p class=\"brz-lh-lg-1_9 brz-ls-lg-0 brz-fw-lg-400 brz-fss-lg-px brz-fs-lg-18 brz-ft-google brz-ff-manrope brz-tp-lg-empty brz-css-wbuVe\" data-generated-css=\"brz-css-fvzod\" data-uniq-id=\"qlums\"><span class=\"brz-cp-color2\">Da die Haut um die Augenpartie so d\u00fcnn ist, haben fast alle Patienten einige Bluterg\u00fcsse um die Augen herum, die 2-3 Wochen dauern k\u00f6nnen, bis sie vollst\u00e4ndig abgeheilt sind. Diese k\u00f6nnen jedoch im Allgemeinen nach 1 Woche mit Make-up abgedeckt werden.<\/span><\/p>\n<\/div>\n<\/div>\n<\/div>\n<div id=\"\" class=\"brz-css-xyyfol brz-wrapper\">\n<div class=\"brz-rich-text brz-rich-text__custom brz-css-1659f0z\" data-brz-custom-id=\"qzjirysmhglnyqqpbjbjjmyreynpedbwwjqu\">\n<div data-brz-translate-text=\"1\">\n<p class=\"brz-tp-lg-empty brz-ff-ckyztbazucvfgxnrkwthfbuhnumrbfrmhags brz-ft-upload brz-fs-lg-22 brz-fss-lg-px brz-fw-lg-400 brz-ls-lg-0 brz-lh-lg-1_9 brz-css-wSMfz\" data-uniq-id=\"nwrww\" data-generated-css=\"brz-css-xktkm\"><span class=\"brz-cp-color2\">Vor Ihren Behandlungen m\u00fcssen Sie m\u00f6glicherweise auch:<\/span><\/p>\n<\/div>\n<\/div>\n<\/div>\n<div id=\"\" class=\"brz-css-xyyfol brz-css-32zc2y brz-wrapper\">\n<div class=\"brz-icon-text brz-css-mf5vdg\" data-brz-custom-id=\"wzkzfuuyerghveymrmgzpzxcuuqmjtdnmeqb\">\n<div class=\"brz-icon__container\" data-brz-custom-id=\"wcivqlthnzqvhejqxhnhjbyznyhmuurgexpn\"><span class=\"brz-icon brz-span brz-css-1prs4m brz-css-1tuwlz3\"><\/span><\/div>\n<div class=\"brz-text-btn\">\n<div class=\"brz-rich-text brz-rich-text__custom brz-css-1659f0z\" data-brz-custom-id=\"xrjrkzpcdalbsxczxpopmjbingjdoihbbjge\">\n<div data-brz-translate-text=\"1\">\n<p class=\"brz-lh-sm-1_4 brz-lh-lg-1_3 brz-fw-xs-400 brz-fw-sm-400 brz-fw-lg-400 brz-ft-google brz-ff-arimo brz-ls-xs-0 brz-ls-sm-0 brz-ls-lg-0 brz-fs-xs-17 brz-fs-sm-17 brz-fs-lg-18 brz-lh-xs-1_4 brz-css-bJXj_\" data-generated-css=\"brz-css-bzmjw\" data-uniq-id=\"iyvqk\"><span>Aufh\u00f6ren zu rauchen. Rauchen verringert die Durchblutung der Haut und kann den Heilungsprozess verlangsamen. Wenn Sie rauchen, wird Dr. Mak Ihnen empfehlen, vor der Operation und w\u00e4hrend der Genesung auf das Rauchen zu verzichten.<\/span><\/p>\n<\/div>\n<\/div>\n<\/div>\n<\/div>\n<\/div>\n<div id=\"\" class=\"brz-css-xyyfol brz-css-93kat9 brz-wrapper\">\n<div class=\"brz-spacer brz-css-12pcvz brz-css-1ndzvrw\"><\/div>\n<\/div>\n<div id=\"\" class=\"brz-css-xyyfol brz-css-o9qytv brz-wrapper\">\n<div class=\"brz-icon-text brz-css-mf5vdg\" data-brz-custom-id=\"wfcbsniftlpnvbdwufwftcuetfhvnlskfxuk\">\n<div class=\"brz-icon__container\" data-brz-custom-id=\"pinzqxdekwuxrqtcsriewdcdctsnsfvrtrma\"><span class=\"brz-icon brz-span brz-css-1prs4m brz-css-1hcdreg\"><\/span><\/div>\n<div class=\"brz-text-btn\">\n<div class=\"brz-rich-text brz-rich-text__custom brz-css-1659f0z\" data-brz-custom-id=\"ozgarlsbyiykdwcucwtginxqhigduuxvehzt\">\n<div data-brz-translate-text=\"1\">\n<p class=\"brz-lh-xs-1_4 brz-fs-lg-18 brz-fs-sm-17 brz-fs-xs-17 brz-ls-lg-0 brz-ls-sm-0 brz-ls-xs-0 brz-ff-arimo brz-ft-google brz-fw-lg-400 brz-fw-sm-400 brz-fw-xs-400 brz-lh-lg-1_3 brz-lh-sm-1_4 brz-css-cbUhk\" data-uniq-id=\"ykpln\" data-generated-css=\"brz-css-efgph\"><span class=\"brz-cp-color2\">Vermeiden Sie bestimmte Medikamente. Sie m\u00fcssen wahrscheinlich die Einnahme von Aspirin, entz\u00fcndungshemmenden Medikamenten, Blutverd\u00fcnnern und Kr\u00e4uterzus\u00e4tzen vermeiden, die die Blutung verst\u00e4rken k\u00f6nnen.<\/span><\/p>\n<\/div>\n<\/div>\n<\/div>\n<\/div>\n<\/div>\n<\/div>\n<\/div>\n<div class=\"brz-columns brz-css-ss3w1u brz-css-p1u385\" data-brz-custom-id=\"cdzdjohdlsywywteiclhvpzmiqkhiphnlstj\">\n<div class=\"brz-bg\"><\/div>\n<div class=\"brz-column__items brz-css-11tfq55\"><\/div>\n<\/div>\n<\/div>\n<\/div>\n<\/div>\n<\/div>\n<\/section>\n<section id=\"_suysnytzdjhcnhqrteedcixborspbecdeawk\" class=\"brz-section brz-css-1y32y80\">\n<div class=\"brz-section__content brz-section--boxed brz-css-5g26c7 brz-css-gbq0sn\" data-brz-custom-id=\"bygewcwkmqbeulbfdytgafjlnpumxcxguima\">\n<div class=\"brz-bg\">\n<div class=\"brz-bg-color\"><\/div>\n<\/div>\n<div class=\"brz-container brz-css-z05g5o\">\n<div id=\"\" class=\"brz-css-xyyfol brz-wrapper\">\n<div class=\"brz-line brz-line-default brz-css-1xg76h8 brz-css-1nocjm9\" data-brz-custom-id=\"xucsiwezjkrenfenpahzszdrxzdrakdmvmqm\">\n<hr class=\"brz-hr\"><\/div>\n<\/div>\n<div id=\"\" class=\"brz-css-xyyfol brz-css-93kat9 brz-wrapper\">\n<div class=\"brz-spacer brz-css-12pcvz brz-css-1hej2pg\"><\/div>\n<\/div>\n<div class=\"brz-row__container brz-css-1ns820r\" data-brz-custom-id=\"vgjtebgkogltboectkmdagbuvlstbcfwxnjw\">\n<div class=\"brz-bg\"><\/div>\n<div class=\"brz-row brz-css-7lu93i brz-css-86n3nd\">\n<div class=\"brz-columns brz-css-ss3w1u brz-css-o0maok\" data-brz-custom-id=\"nfxpslkayxrztmivkwnumovvjdmandzlyngj\">\n<div class=\"brz-bg\"><\/div>\n<div class=\"brz-column__items brz-css-11tfq55 brz-css-db0qz9\">\n<div id=\"\" class=\"brz-css-xyyfol brz-css-1tknwkf brz-wrapper\">\n<div class=\"brz-image brz-css-17l2rye brz-css-1y8hy3j\" data-brz-custom-id=\"qtmztcyvzsspmmqgrhwezeearwjcxudseuzs\"><img decoding=\"async\" class=\"brz-img\" src=\"https:\/\/drmakclinic.com\/de?brizy_media=wp-9b7486b9d786a0648588605ea135d33b.jpg&amp;brizy_crop=iW%3D316%26iH%3D211%26oX%3D90%26oY%3D23%26cW%3D105%26cH%3D106\" alt=\"\" loading=\"lazy\"><\/div>\n<\/div>\n<\/div>\n<\/div>\n<div class=\"brz-columns brz-css-ss3w1u brz-css-yxm1jz\" data-brz-custom-id=\"urdovqzyadychukpstvflimrkxdnnnnthlpy\">\n<div class=\"brz-bg\"><\/div>\n<div class=\"brz-column__items brz-css-11tfq55 brz-css-1dvx926\">\n<div id=\"\" class=\"brz-css-xyyfol brz-wrapper\">\n<div class=\"brz-rich-text brz-rich-text__custom brz-css-1659f0z\" data-brz-custom-id=\"hietwlfwksjueimqwbgrcukdzfcrmbissrqs\">\n<div data-brz-translate-text=\"1\">\n<p class=\"brz-lh-lg-1_5 brz-ls-lg-0 brz-fw-lg-400 brz-fss-lg-px brz-fs-lg-24 brz-ft-upload brz-ff-ckyztbazucvfgxnrkwthfbuhnumrbfrmhags brz-tp-lg-empty brz-css-fr_zm\" data-generated-css=\"brz-css-ysqtb\" data-uniq-id=\"iphqj\">Wenn Sie eine plastische und andere kosmetische Behandlung in Betracht ziehen, ist es mein Ziel als Ihr plastischer Chirurg, Ihnen w\u00e4hrend der gesamten Behandlung die h\u00f6chste Qualit\u00e4t und die beste Versorgung zu bieten.<\/p>\n<\/div>\n<\/div>\n<\/div>\n<div id=\"\" class=\"brz-css-xyyfol brz-css-93kat9 brz-css-uh44tl brz-wrapper\">\n<div class=\"brz-spacer brz-css-12pcvz brz-css-1s8xb2j\"><\/div>\n<\/div>\n<div id=\"\" class=\"brz-css-xyyfol brz-css-16nn128 brz-wrapper\">\n<div class=\"brz-rich-text brz-rich-text__custom brz-css-1659f0z\" data-brz-custom-id=\"cqskaeqqbaxltandujhphcljomcvrmnlwbze\">\n<div data-brz-translate-text=\"1\">\n<p class=\"brz-text-xs-center brz-tp-lg-heading4 brz-css-epnKx\" data-uniq-id=\"mrayu\" data-generated-css=\"brz-css-yakzy\"><strong class=\"brz-cp-color2\">Dr. Mehmet Arif Karag\u00f6z<\/strong><\/p>\n<\/div>\n<\/div>\n<\/div>\n<div id=\"\" class=\"brz-css-xyyfol brz-css-gphd5c brz-wrapper\">\n<div class=\"brz-rich-text brz-rich-text__custom brz-css-1659f0z\" data-brz-custom-id=\"iryzjbzaiobabjwfescxxnvlqlajeetayait\">\n<div data-brz-translate-text=\"1\">\n<p class=\"brz-tp-lg-paragraph brz-text-xs-center brz-css-ydTFo\" data-generated-css=\"brz-css-rbarw\" data-uniq-id=\"nnewc\"><span class=\"brz-cp-color7\">Dr. Mak Plastischer Chirurg<\/span><\/p>\n<\/div>\n<\/div>\n<\/div>\n<\/div>\n<\/div>\n<\/div>\n<\/div>\n<div id=\"\" class=\"brz-css-xyyfol brz-css-93kat9 brz-css-19vgt0f brz-wrapper\">\n<div class=\"brz-spacer brz-css-12pcvz brz-css-q6jvfe\"><\/div>\n<\/div>\n<div id=\"\" class=\"brz-css-xyyfol brz-wrapper\">\n<div class=\"brz-line brz-line-default brz-css-1xg76h8 brz-css-1ghuv3r\" data-brz-custom-id=\"vasfffydjieqbspkdqfmivoeaqzwqapgclpc\">\n<hr class=\"brz-hr\"><\/div>\n<\/div>\n<\/div>\n<\/div>\n<\/section>\n<\/div>\n<p>    <!-- version:1738281771 --><\/p>\n","protected":false},"excerpt":{"rendered":"<p>Unterlidstraffung Unterlidstraffung Eine Operation zur Korrektur von Tr\u00e4nens\u00e4cken und \u00fcbersch\u00fcssiger Haut am unteren Augenlid ist aufwendiger als eine Operation am oberen Augenlid und erfordert meistens eine Vollnarkose. Narkose \u2013 Lokalbet\u00e4ubung m\u00f6glich oder Vollnarkose durch einen Facharzt Klinikaufenthalt \u2013 5 N\u00e4chte OP Dauer \u2013 1 Stunde Gesellschaftsf\u00e4higkeit \u2013 nach 1 Woche Dr. Mak kombiniert dieses Verfahren [&hellip;]<\/p>\n","protected":false},"author":1,"featured_media":0,"parent":1120,"menu_order":0,"comment_status":"closed","ping_status":"closed","template":"","meta":{"footnotes":""},"class_list":["post-1215","page","type-page","status-publish","hentry"],"blocksy_meta":{"styles_descriptor":{"styles":{"desktop":"","tablet":"","mobile":""},"google_fonts":[],"version":6}},"_links":{"self":[{"href":"https:\/\/drmakclinic.com\/de\/wp-json\/wp\/v2\/pages\/1215","targetHints":{"allow":["GET"]}}],"collection":[{"href":"https:\/\/drmakclinic.com\/de\/wp-json\/wp\/v2\/pages"}],"about":[{"href":"https:\/\/drmakclinic.com\/de\/wp-json\/wp\/v2\/types\/page"}],"author":[{"embeddable":true,"href":"https:\/\/drmakclinic.com\/de\/wp-json\/wp\/v2\/users\/1"}],"replies":[{"embeddable":true,"href":"https:\/\/drmakclinic.com\/de\/wp-json\/wp\/v2\/comments?post=1215"}],"version-history":[{"count":0,"href":"https:\/\/drmakclinic.com\/de\/wp-json\/wp\/v2\/pages\/1215\/revisions"}],"up":[{"embeddable":true,"href":"https:\/\/drmakclinic.com\/de\/wp-json\/wp\/v2\/pages\/1120"}],"wp:attachment":[{"href":"https:\/\/drmakclinic.com\/de\/wp-json\/wp\/v2\/media?parent=1215"}],"curies":[{"name":"wp","href":"https:\/\/api.w.org\/{rel}","templated":true}]}}