{"id":1221,"date":"2022-08-28T20:49:47","date_gmt":"2022-08-28T17:49:47","guid":{"rendered":"https:\/\/drmakclinic.com\/?page_id=1221"},"modified":"2025-01-29T16:23:52","modified_gmt":"2025-01-29T13:23:52","slug":"penis-enlargement","status":"publish","type":"page","link":"https:\/\/drmakclinic.com\/de\/procedures\/aesthetic-plastic-surgery\/penis-enlargement\/","title":{"rendered":"Penis Enlargement"},"content":{"rendered":"<div class=\"brz-root__container brz-reset-all brz brz-root__container-page\">\n<section id=\"_nhnonqxowgxxmadqosoeyoiplnxegkfxaoey\" class=\"brz-section brz-css-g4ymy8\">\n<div class=\"brz-section__content brz-section--boxed brz-css-mbbhdg brz-css-6x341c\" data-brz-custom-id=\"xifvdrwltqsuxvskwckoibvnhzoubeyvtknb\">\n<div class=\"brz-bg\">\n<div class=\"brz-bg-color\"><\/div>\n<\/div>\n<div class=\"brz-container brz-css-9fna0h\">\n<div class=\"brz-row__container brz-css-1kfuuwb\" data-brz-custom-id=\"nqegihszbyxiyhrutjwfczyhnhhzdkjhplqy\">\n<div class=\"brz-bg\"><\/div>\n<div class=\"brz-row brz-css-16iqe9n brz-css-17bentu\">\n<div class=\"brz-columns brz-css-1jznajz brz-css-3b1xqw\" data-brz-custom-id=\"zspxcypgdcscqaipinnseajjanmwzbuliocq\">\n<div class=\"brz-bg\"><\/div>\n<div class=\"brz-column__items brz-css-1qjc921\">\n<div id=\"\" class=\"brz-css-5lshc4 brz-wrapper\">\n<div class=\"brz-icon-text brz-css-1ly1ozj brz-css-soutmh\" data-brz-custom-id=\"zcewpqusjspykmmlbiancffcjggrgbahloth\">\n<div class=\"brz-icon__container\" data-brz-custom-id=\"ftmfmcvoxfztyyfxghuxunnoevzjjpdiftab\"><span class=\"brz-icon brz-span brz-css-cy4pmm brz-css-1dxdvcr\"><\/span><\/div>\n<div class=\"brz-text-btn\">\n<div class=\"brz-rich-text brz-rich-text__custom brz-css-jfkg86\" data-brz-custom-id=\"degaemxtgbijekmoggapvnbekstsbphinltw\">\n<div data-brz-translate-text=\"1\">\n<p class=\"brz-tp-lg-empty brz-ff-izzivsxniqvyexslaslvwzgtgnghvrxuxiru brz-ft-upload brz-fs-lg-66 brz-fss-lg-px brz-fw-lg-400 brz-ls-lg-0 brz-lh-lg-1 brz-css-knZwn\" data-uniq-id=\"waybo\" data-generated-css=\"brz-css-vpslh\"><span class=\"brz-cp-color2\">Penisvergr\u00f6\u00dferung<\/span><\/p>\n<\/div>\n<\/div>\n<\/div>\n<\/div>\n<\/div>\n<\/div>\n<\/div>\n<\/div>\n<\/div>\n<\/div>\n<\/div>\n<\/section>\n<section id=\"_ahehycsokfkfbspxczqwlqupxbxgoipwzcuq\" class=\"brz-section brz-css-g4ymy8\">\n<div class=\"brz-section__content brz-section--boxed brz-css-mbbhdg brz-css-1yrgd6z\" data-brz-custom-id=\"nzdmhnuldhyfktbkaixkwucbqppeocytxstl\">\n<div class=\"brz-bg\">\n<div class=\"brz-bg-color\"><\/div>\n<\/div>\n<div class=\"brz-container brz-css-9fna0h\">\n<div id=\"\" class=\"brz-css-5lshc4 brz-wrapper\">\n<div class=\"brz-line brz-line-default brz-css-2rd3lu brz-css-1k3on06\" data-brz-custom-id=\"qdhaemxwwjonpkhswjnecsnkpbnwxwspepfe\">\n<hr class=\"brz-hr\"><\/div>\n<\/div>\n<div class=\"brz-row__container brz-css-1kfuuwb\" data-brz-custom-id=\"yxdbkoldtwfrpcquomkoambqspvmzqwochue\">\n<div class=\"brz-bg\"><\/div>\n<div class=\"brz-row brz-css-16iqe9n brz-css-1q96ags\">\n<div class=\"brz-columns brz-css-1jznajz brz-css-1fr9atb\" data-brz-custom-id=\"zaooveivpiwiqfnvydrczunodragrbjakmmg\">\n<div class=\"brz-bg\"><\/div>\n<div class=\"brz-column__items brz-css-1qjc921 brz-css-rk94ny\">\n<div id=\"\" class=\"brz-css-5lshc4 brz-css-xsm8fr brz-wrapper\">\n<div class=\"brz-rich-text brz-rich-text__custom brz-css-jfkg86\" data-brz-custom-id=\"awiupqwvfgapiyyffueezayyqwlcvthcsinp\">\n<div data-brz-translate-text=\"1\">\n<h4 class=\"brz-ls-lg-m_0_5 brz-fw-lg-700 brz-fss-lg-px brz-fs-lg-13 brz-ft-google brz-ff-manrope brz-tp-lg-empty brz-lh-lg-1_5 brz-css-c_ldR\" data-uniq-id=\"efczj\" data-generated-css=\"brz-css-lpqjb\"><span class=\"brz-capitalize-on\">Penisvergr\u00f6\u00dferung<\/span><\/h4>\n<\/div>\n<\/div>\n<\/div>\n<div id=\"\" class=\"brz-css-5lshc4 brz-css-1d7fmpr brz-wrapper\">\n<div class=\"brz-rich-text brz-rich-text__custom brz-css-jfkg86\" data-brz-custom-id=\"juzuccprdiawvdeerjniythuiswyfmonzave\">\n<div data-brz-translate-text=\"1\">\n<p class=\"brz-lh-lg-1_3 brz-tp-lg-empty brz-ff-ckyztbazucvfgxnrkwthfbuhnumrbfrmhags brz-ft-upload brz-fs-lg-36 brz-fss-lg-px brz-fw-lg-400 brz-ls-lg-0 brz-css-pGhvz\" data-uniq-id=\"xmnwt\" data-generated-css=\"brz-css-xdzss\"><span class=\"brz-cp-color2\">Die Penisfetttransplantation, auch Fetttransfer-Phalloplastik genannt, hat die F\u00e4higkeit, einen gr\u00f6\u00dferen Penis bereitzustellen, indem das gereinigte Fett des Patienten von einem Bereich des K\u00f6rpers auf den Penisschaft \u00fcbertragen wird.<\/span><\/p>\n<p class=\"brz-lh-lg-1_3 brz-tp-lg-empty brz-ff-ckyztbazucvfgxnrkwthfbuhnumrbfrmhags brz-ft-upload brz-fs-lg-36 brz-fss-lg-px brz-fw-lg-400 brz-ls-lg-0 brz-css-i6RU0\" data-uniq-id=\"xmnwt\" data-generated-css=\"brz-css-xdzss\"><span class=\"brz-cp-color2\"> <\/span><\/p>\n<\/div>\n<\/div>\n<\/div>\n<div id=\"\" class=\"brz-css-5lshc4 brz-css-k70dsu brz-wrapper\">\n<div class=\"brz-rich-text brz-rich-text__custom brz-css-jfkg86\" data-brz-custom-id=\"zwrhreglptmnunykoovvmzfqoqgbixhpwehy\">\n<div data-brz-translate-text=\"1\">\n<p class=\"brz-tp-lg-empty brz-ff-enqmzdbzxbgylolsjadsfjxunpbkpfxobhlf brz-ft-upload brz-fs-lg-18 brz-fss-lg-px brz-fw-lg-400 brz-ls-lg-0 brz-lh-lg-1_6 brz-css-hRTHp\" data-generated-css=\"brz-css-shnwt\" data-uniq-id=\"fwzpx\"><span class=\"brz-cp-color2\">Durch die Nutzung der k\u00f6rpereigenen Fettversorgung wird das Risiko einer allergischen Reaktion verringert. Wenn Sie der Meinung sind, dass Ihr Penis im Verh\u00e4ltnis zu Ihrer K\u00f6rpergr\u00f6\u00dfe zu klein ist, oder wenn Sie einfach nur einen gr\u00f6\u00dferen Penis wollen, sollten Sie eine Penisvergr\u00f6\u00dferung in Betracht ziehen.<\/span><\/p>\n<\/div>\n<\/div>\n<\/div>\n<div id=\"\" class=\"brz-css-5lshc4 brz-css-1l85l1n brz-wrapper\">\n<div class=\"brz-spacer brz-css-1jem7n9 brz-css-16f8rkv\"><\/div>\n<\/div>\n<div id=\"\" class=\"brz-css-5lshc4 brz-css-8hv894 brz-wrapper\">\n<div class=\"brz-icon-text brz-css-1ly1ozj\" data-brz-custom-id=\"ziblcegyczrlfwrytraicfrpcozxvmyyqkcx\">\n<div class=\"brz-icon__container\" data-brz-custom-id=\"fcpgrqjyohecwordubptnoiradvwthpqkdcw\"><span class=\"brz-icon brz-span brz-css-cy4pmm brz-css-rrulsg\"><\/span><\/div>\n<div class=\"brz-text-btn\">\n<div class=\"brz-rich-text brz-rich-text__custom brz-css-jfkg86\" data-brz-custom-id=\"oloeqsgonmplsajrxxrrhdofdsazotunjbvn\">\n<div data-brz-translate-text=\"1\">\n<p class=\"brz-lh-lg-1_3 brz-fw-xs-400 brz-fw-sm-400 brz-fw-lg-400 brz-ft-google brz-ff-arimo brz-ls-xs-0 brz-ls-sm-0 brz-ls-lg-0 brz-fs-xs-17 brz-fs-sm-17 brz-fs-lg-18 brz-lh-sm-1_4 brz-lh-xs-1_4 brz-css-edFs5\" data-generated-css=\"brz-css-qhwqh\" data-uniq-id=\"sltfn\"><span>Narkose \u2013Vollnarkose durch einen Facharzt<\/span><\/p>\n<\/div>\n<\/div>\n<\/div>\n<\/div>\n<\/div>\n<div id=\"\" class=\"brz-css-5lshc4 brz-css-1l85l1n brz-wrapper\">\n<div class=\"brz-spacer brz-css-1jem7n9 brz-css-1hf70gz\"><\/div>\n<\/div>\n<div id=\"\" class=\"brz-css-5lshc4 brz-css-mbu47r brz-wrapper\">\n<div class=\"brz-icon-text brz-css-1ly1ozj\" data-brz-custom-id=\"sfospflkcocltsqcsevygninetnspgbayqpe\">\n<div class=\"brz-icon__container\" data-brz-custom-id=\"dzzqxedjetjbvfeynesyvfflygagrcjrgbsl\"><span class=\"brz-icon brz-span brz-css-cy4pmm brz-css-p1o1nq\"><\/span><\/div>\n<div class=\"brz-text-btn\">\n<div class=\"brz-rich-text brz-rich-text__custom brz-css-jfkg86\" data-brz-custom-id=\"xaxjbbjqessachxvjnxcytejavduayuynpah\">\n<div data-brz-translate-text=\"1\">\n<p class=\"brz-lh-xs-1_4 brz-fs-lg-18 brz-fs-sm-17 brz-fs-xs-17 brz-ls-lg-0 brz-ls-sm-0 brz-ls-xs-0 brz-ff-arimo brz-ft-google brz-fw-lg-400 brz-fw-sm-400 brz-fw-xs-400 brz-lh-lg-1_3 brz-lh-sm-1_4 brz-css-lw0Hp\" data-generated-css=\"brz-css-gyrsg\" data-uniq-id=\"gzocj\"><span>Klinikaufenthalt \u2013 4 N\u00e4chte<\/span><\/p>\n<\/div>\n<\/div>\n<\/div>\n<\/div>\n<\/div>\n<div id=\"\" class=\"brz-css-5lshc4 brz-css-1l85l1n brz-wrapper\">\n<div class=\"brz-spacer brz-css-1jem7n9 brz-css-5huh1x\"><\/div>\n<\/div>\n<div id=\"\" class=\"brz-css-5lshc4 brz-css-162o0id brz-wrapper\">\n<div class=\"brz-icon-text brz-css-1ly1ozj\" data-brz-custom-id=\"rfpoktialuwgcrzshelzhyhiedvzvycyyvyp\">\n<div class=\"brz-icon__container\" data-brz-custom-id=\"aphaysilhgfmpjdeukqohjjpeoqqpdceyywd\"><span class=\"brz-icon brz-span brz-css-cy4pmm brz-css-hpf12n\"><\/span><\/div>\n<div class=\"brz-text-btn\">\n<div class=\"brz-rich-text brz-rich-text__custom brz-css-jfkg86\" data-brz-custom-id=\"bmbslzkmitzocjcpbmvnprbjwkdlydcbnmrc\">\n<div data-brz-translate-text=\"1\">\n<p class=\"brz-lh-xs-1_4 brz-fs-lg-18 brz-fs-sm-17 brz-fs-xs-17 brz-ls-lg-0 brz-ls-sm-0 brz-ls-xs-0 brz-ff-arimo brz-ft-google brz-fw-lg-400 brz-fw-sm-400 brz-fw-xs-400 brz-lh-lg-1_3 brz-lh-sm-1_4 brz-css-ilqAH\" data-generated-css=\"brz-css-jayzg\" data-uniq-id=\"wuccs\"><span>OP Dauer \u2013 1 bis 2 Stunden<\/span><\/p>\n<\/div>\n<\/div>\n<\/div>\n<\/div>\n<\/div>\n<div id=\"\" class=\"brz-css-5lshc4 brz-css-1l85l1n brz-wrapper\">\n<div class=\"brz-spacer brz-css-1jem7n9 brz-css-1mrhs7z\"><\/div>\n<\/div>\n<div id=\"\" class=\"brz-css-5lshc4 brz-css-vftu3z brz-wrapper\">\n<div class=\"brz-icon-text brz-css-1ly1ozj\" data-brz-custom-id=\"oqxsvdihomuygdpikffqvfhepxreeratwche\">\n<div class=\"brz-icon__container\" data-brz-custom-id=\"rszlqnrbaeqljudqpucriwlxxptbtogrmkkx\"><span class=\"brz-icon brz-span brz-css-cy4pmm brz-css-sb0rcq\"><\/span><\/div>\n<div class=\"brz-text-btn\">\n<div class=\"brz-rich-text brz-rich-text__custom brz-css-jfkg86\" data-brz-custom-id=\"dolqlmtfcxbvbyaicnlmcyzirhdncnbquidj\">\n<div data-brz-translate-text=\"1\">\n<p class=\"brz-lh-xs-1_4 brz-fs-lg-18 brz-fs-sm-17 brz-fs-xs-17 brz-ls-lg-0 brz-ls-sm-0 brz-ls-xs-0 brz-ff-arimo brz-ft-google brz-fw-lg-400 brz-fw-sm-400 brz-fw-xs-400 brz-lh-lg-1_3 brz-lh-sm-1_4 brz-css-tutvl\" data-uniq-id=\"nhxge\" data-generated-css=\"brz-css-hklwp\"><span>Gesellschaftsf\u00e4higkeit \u2013 nach 2 Wochen<\/span><\/p>\n<\/div>\n<\/div>\n<\/div>\n<\/div>\n<\/div>\n<div id=\"\" class=\"brz-css-5lshc4 brz-css-1l85l1n brz-wrapper\">\n<div class=\"brz-spacer brz-css-1jem7n9 brz-css-1e2rpb6\"><\/div>\n<\/div>\n<\/div>\n<\/div>\n<div class=\"brz-columns brz-css-1jznajz brz-css-upfb5l\" data-brz-custom-id=\"lcxuqjxkvnkaskwmjooqtitjbqrcbreqfmpv\">\n<div class=\"brz-bg\"><\/div>\n<div class=\"brz-column__items brz-css-1qjc921 brz-css-17xk45e\">\n<div id=\"\" class=\"brz-css-5lshc4 brz-css-1tiegeo brz-wrapper\">\n<div class=\"brz-image brz-css-1wzhea4 brz-css-1g2qako\" data-brz-custom-id=\"rwxvggxqewuzwslocowvrebjyeeyrspkocvp\"><img decoding=\"async\" class=\"brz-img\" src=\"https:\/\/drmakclinic.com\/de?brizy_media=wp-4e6b90b56d6e59bcf5b79484ef52a09f.png&amp;brizy_crop=original\" alt=\"\" loading=\"lazy\"><\/div>\n<\/div>\n<\/div>\n<\/div>\n<\/div>\n<\/div>\n<\/div>\n<\/div>\n<\/section>\n<section id=\"_wsalzgrhvbtgsbpwncrpfikybfekrrslczvs\" class=\"brz-section brz-css-g4ymy8\">\n<div class=\"brz-section__content brz-section--boxed brz-css-mbbhdg brz-css-ozpm9\" data-brz-custom-id=\"hafilymwrjhjyjlnivhbhjotrmaieshfeaog\">\n<div class=\"brz-bg\">\n<div class=\"brz-bg-color\"><\/div>\n<\/div>\n<div class=\"brz-container brz-css-9fna0h\">\n<div id=\"\" class=\"brz-css-5lshc4 brz-wrapper\">\n<div class=\"brz-line brz-line-default brz-css-2rd3lu brz-css-18lxrby\" data-brz-custom-id=\"fuywewkhroazcshjbuwyvixosubzhuzgcbqw\">\n<hr class=\"brz-hr\"><\/div>\n<\/div>\n<div class=\"brz-row__container brz-css-1kfuuwb\" data-brz-custom-id=\"qdrawibrhayblsgbarqlcdobgkgxirzfetta\">\n<div class=\"brz-bg\"><\/div>\n<div class=\"brz-row brz-css-16iqe9n\">\n<div class=\"brz-columns brz-css-1jznajz brz-css-8yhd9t\" data-brz-custom-id=\"fnwpunclehnytngtciuwolhpiimqeodtasgn\">\n<div class=\"brz-bg\"><\/div>\n<div class=\"brz-column__items brz-css-1qjc921\"><\/div>\n<\/div>\n<div class=\"brz-columns brz-css-1jznajz brz-css-1x7e8gf\" data-brz-custom-id=\"bpcdhltjybzijiulrehlvkoqlueaunhwjvoi\">\n<div class=\"brz-bg\"><\/div>\n<div class=\"brz-column__items brz-css-1qjc921\">\n<div id=\"\" class=\"brz-css-5lshc4 brz-wrapper\">\n<div class=\"brz-rich-text brz-rich-text__custom brz-css-jfkg86\" data-brz-custom-id=\"kzhjscwxqjycalmcplujghqdegsrdsdfgcoq\">\n<div data-brz-translate-text=\"1\">\n<p class=\"brz-tp-lg-empty brz-ff-ckyztbazucvfgxnrkwthfbuhnumrbfrmhags brz-ft-upload brz-fs-lg-22 brz-fss-lg-px brz-fw-lg-400 brz-ls-lg-0 brz-lh-lg-1_9 brz-css-dDVCv\" data-uniq-id=\"wpwbz\" data-generated-css=\"brz-css-mhjho\"><span class=\"brz-cp-color2\">Vor Ihren Behandlungen m\u00fcssen Sie m\u00f6glicherweise auch:<\/span><\/p>\n<\/div>\n<\/div>\n<\/div>\n<div id=\"\" class=\"brz-css-5lshc4 brz-css-17ycw40 brz-wrapper\">\n<div class=\"brz-icon-text brz-css-1ly1ozj\" data-brz-custom-id=\"ilqarjjirnrybrlqjjwirglcynpxnnfwrqex\">\n<div class=\"brz-icon__container\" data-brz-custom-id=\"fgyveprxtlgdggecfweounxmkfesyedbchej\"><span class=\"brz-icon brz-span brz-css-cy4pmm brz-css-hj2nde\"><\/span><\/div>\n<div class=\"brz-text-btn\">\n<div class=\"brz-rich-text brz-rich-text__custom brz-css-jfkg86\" data-brz-custom-id=\"hkpvjavysmxfwwupzirogjhiocjavotntkak\">\n<div data-brz-translate-text=\"1\">\n<p class=\"brz-lh-xs-1_4 brz-fs-lg-18 brz-fs-sm-17 brz-fs-xs-17 brz-ls-lg-0 brz-ls-sm-0 brz-ls-xs-0 brz-ff-arimo brz-ft-google brz-fw-lg-400 brz-fw-sm-400 brz-fw-xs-400 brz-lh-lg-1_3 brz-lh-sm-1_4 brz-css-nTw9W\" data-uniq-id=\"oeatk\" data-generated-css=\"brz-css-panhd\"><span>Aufh\u00f6ren zu rauchen. Rauchen verringert die Durchblutung der Haut und kann den Heilungsprozess verlangsamen. Wenn Sie rauchen, wird Dr. Mak Ihnen empfehlen, vor der Operation und w\u00e4hrend der Genesung auf das Rauchen zu verzichten.<\/span><\/p>\n<\/div>\n<\/div>\n<\/div>\n<\/div>\n<\/div>\n<div id=\"\" class=\"brz-css-5lshc4 brz-css-1l85l1n brz-wrapper\">\n<div class=\"brz-spacer brz-css-1jem7n9 brz-css-101vhld\"><\/div>\n<\/div>\n<div id=\"\" class=\"brz-css-5lshc4 brz-css-11387ud brz-wrapper\">\n<div class=\"brz-icon-text brz-css-1ly1ozj\" data-brz-custom-id=\"ngixxhujdxwnntwcshlhwuaznnhkwzpcukcr\">\n<div class=\"brz-icon__container\" data-brz-custom-id=\"pnlnjajtdwsunziqoexlbhmqtobjjyytfdjj\"><span class=\"brz-icon brz-span brz-css-cy4pmm brz-css-3ruvta\"><\/span><\/div>\n<div class=\"brz-text-btn\">\n<div class=\"brz-rich-text brz-rich-text__custom brz-css-jfkg86\" data-brz-custom-id=\"nvedbpvojvnoecpiignbwcqsggwjrudmdqcv\">\n<div data-brz-translate-text=\"1\">\n<p class=\"brz-lh-sm-1_4 brz-lh-lg-1_3 brz-fw-xs-400 brz-fw-sm-400 brz-fw-lg-400 brz-ft-google brz-ff-arimo brz-ls-xs-0 brz-ls-sm-0 brz-ls-lg-0 brz-fs-xs-17 brz-fs-sm-17 brz-fs-lg-18 brz-lh-xs-1_4 brz-css-gtQW0\" data-generated-css=\"brz-css-sjwwd\" data-uniq-id=\"knehs\"><span class=\"brz-cp-color2\">Vermeiden Sie bestimmte Medikamente. Sie m\u00fcssen wahrscheinlich die Einnahme von Aspirin, entz\u00fcndungshemmenden Medikamenten, Blutverd\u00fcnnern und Kr\u00e4uterzus\u00e4tzen vermeiden, die die Blutung verst\u00e4rken k\u00f6nnen.<\/span><\/p>\n<\/div>\n<\/div>\n<\/div>\n<\/div>\n<\/div>\n<\/div>\n<\/div>\n<div class=\"brz-columns brz-css-1jznajz brz-css-1jiyfwi\" data-brz-custom-id=\"irzhwmmxgvwgedtarrawnpblpzknedmgimsi\">\n<div class=\"brz-bg\"><\/div>\n<div class=\"brz-column__items brz-css-1qjc921\"><\/div>\n<\/div>\n<\/div>\n<\/div>\n<\/div>\n<\/div>\n<\/section>\n<section id=\"_gxcurbqnnzetdsdqyboeouwyesvweectmctx\" class=\"brz-section brz-css-g4ymy8\">\n<div class=\"brz-section__content brz-section--boxed brz-css-mbbhdg brz-css-1vo9qtp\" data-brz-custom-id=\"bhepavbtwnfkeejmzolcskicmxwktatsbtks\">\n<div class=\"brz-bg\">\n<div class=\"brz-bg-color\"><\/div>\n<\/div>\n<div class=\"brz-container brz-css-9fna0h\">\n<div id=\"\" class=\"brz-css-5lshc4 brz-wrapper\">\n<div class=\"brz-line brz-line-default brz-css-2rd3lu brz-css-5ls56y\" data-brz-custom-id=\"ldmfhwzxmgmqbtiiyrlapvqbgwzubrdoogyc\">\n<hr class=\"brz-hr\"><\/div>\n<\/div>\n<div id=\"\" class=\"brz-css-5lshc4 brz-css-1l85l1n brz-wrapper\">\n<div class=\"brz-spacer brz-css-1jem7n9 brz-css-n26s5n\"><\/div>\n<\/div>\n<div class=\"brz-row__container brz-css-1kfuuwb\" data-brz-custom-id=\"boiseqqtpcieohotyyalhipersjgrvuotmpa\">\n<div class=\"brz-bg\"><\/div>\n<div class=\"brz-row brz-css-16iqe9n brz-css-1q96ags\">\n<div class=\"brz-columns brz-css-1jznajz brz-css-1gx3dwt\" data-brz-custom-id=\"oehnprvdztibduhwadnklpglolwrovfbolvh\">\n<div class=\"brz-bg\"><\/div>\n<div class=\"brz-column__items brz-css-1qjc921 brz-css-1tjjhni\">\n<div id=\"\" class=\"brz-css-5lshc4 brz-css-1rk2ai9 brz-wrapper\">\n<div class=\"brz-image brz-css-1xcuqre brz-css-1f61b85\" data-brz-custom-id=\"woxmixxbetacxbqkaxartkwdziidxzuecqrc\"><img decoding=\"async\" class=\"brz-img\" src=\"https:\/\/drmakclinic.com\/de?brizy_media=wp-9b7486b9d786a0648588605ea135d33b.jpg&amp;brizy_crop=iW%3D316%26iH%3D211%26oX%3D90%26oY%3D23%26cW%3D105%26cH%3D106\" alt=\"\" loading=\"lazy\"><\/div>\n<\/div>\n<\/div>\n<\/div>\n<div class=\"brz-columns brz-css-1jznajz brz-css-9avm5j\" data-brz-custom-id=\"usghbsdqnmnzoovckfheppmabcrtohsapyks\">\n<div class=\"brz-bg\"><\/div>\n<div class=\"brz-column__items brz-css-1qjc921 brz-css-w6j1os\">\n<div id=\"\" class=\"brz-css-5lshc4 brz-wrapper\">\n<div class=\"brz-rich-text brz-rich-text__custom brz-css-jfkg86\" data-brz-custom-id=\"rsxvuqbdodkbgpxasdvqooyiysljobcmhdqz\">\n<div data-brz-translate-text=\"1\">\n<p class=\"brz-lh-lg-1_5 brz-ls-lg-0 brz-fw-lg-400 brz-fss-lg-px brz-fs-lg-24 brz-ft-upload brz-ff-ckyztbazucvfgxnrkwthfbuhnumrbfrmhags brz-tp-lg-empty brz-css-h6sL0\" data-generated-css=\"brz-css-jwpod\" data-uniq-id=\"ivswh\">Wenn Sie eine plastische und andere kosmetische Behandlung in Betracht ziehen, ist es mein Ziel als Ihr plastischer Chirurg, Ihnen w\u00e4hrend der gesamten Behandlung die h\u00f6chste Qualit\u00e4t und die beste Versorgung zu bieten.<\/p>\n<\/div>\n<\/div>\n<\/div>\n<div id=\"\" class=\"brz-css-5lshc4 brz-css-1l85l1n brz-css-1ehgnsj brz-wrapper\">\n<div class=\"brz-spacer brz-css-1jem7n9 brz-css-1ez267i\"><\/div>\n<\/div>\n<div id=\"\" class=\"brz-css-5lshc4 brz-css-15t3p7l brz-wrapper\">\n<div class=\"brz-rich-text brz-rich-text__custom brz-css-jfkg86\" data-brz-custom-id=\"nvyhztbonxcpuitlcvjyeyvqktwcuwwhgkrs\">\n<div data-brz-translate-text=\"1\">\n<p class=\"brz-text-xs-center brz-tp-lg-heading4 brz-css-pDuZU\" data-uniq-id=\"mrayu\" data-generated-css=\"brz-css-yakzy\"><strong class=\"brz-cp-color2\">Dr. Mehmet Arif Karag\u00f6z<\/strong><\/p>\n<\/div>\n<\/div>\n<\/div>\n<div id=\"\" class=\"brz-css-5lshc4 brz-css-okrcwt brz-wrapper\">\n<div class=\"brz-rich-text brz-rich-text__custom brz-css-jfkg86\" data-brz-custom-id=\"ulueweuxlsrezmzsfnidsvctbbyoliadcgbs\">\n<div data-brz-translate-text=\"1\">\n<p class=\"brz-text-xs-center brz-tp-lg-paragraph brz-css-uca34\" data-uniq-id=\"fngvg\" data-generated-css=\"brz-css-ajqju\"><span class=\"brz-cp-color7\">Dr. Mak Plastischer Chirurg<\/span><\/p>\n<\/div>\n<\/div>\n<\/div>\n<\/div>\n<\/div>\n<\/div>\n<\/div>\n<div id=\"\" class=\"brz-css-5lshc4 brz-css-1l85l1n brz-css-6qh2d9 brz-wrapper\">\n<div class=\"brz-spacer brz-css-1jem7n9 brz-css-vguutn\"><\/div>\n<\/div>\n<div id=\"\" class=\"brz-css-5lshc4 brz-wrapper\">\n<div class=\"brz-line brz-line-default brz-css-2rd3lu brz-css-1vckv0\" data-brz-custom-id=\"lbahoraquhpvqcqexhoxlsqgzqlezwbblllr\">\n<hr class=\"brz-hr\"><\/div>\n<\/div>\n<\/div>\n<\/div>\n<\/section>\n<\/div>\n<p>    <!-- version:1738157032 --><\/p>\n","protected":false},"excerpt":{"rendered":"<p>Penisvergr\u00f6\u00dferung Penisvergr\u00f6\u00dferung Die Penisfetttransplantation, auch Fetttransfer-Phalloplastik genannt, hat die F\u00e4higkeit, einen gr\u00f6\u00dferen Penis bereitzustellen, indem das gereinigte Fett des Patienten von einem Bereich des K\u00f6rpers auf den Penisschaft \u00fcbertragen wird. Durch die Nutzung der k\u00f6rpereigenen Fettversorgung wird das Risiko einer allergischen Reaktion verringert. Wenn Sie der Meinung sind, dass Ihr Penis im Verh\u00e4ltnis zu Ihrer [&hellip;]<\/p>\n","protected":false},"author":1,"featured_media":0,"parent":1120,"menu_order":0,"comment_status":"closed","ping_status":"closed","template":"","meta":{"footnotes":""},"class_list":["post-1221","page","type-page","status-publish","hentry"],"blocksy_meta":{"styles_descriptor":{"styles":{"desktop":"","tablet":"","mobile":""},"google_fonts":[],"version":6}},"_links":{"self":[{"href":"https:\/\/drmakclinic.com\/de\/wp-json\/wp\/v2\/pages\/1221","targetHints":{"allow":["GET"]}}],"collection":[{"href":"https:\/\/drmakclinic.com\/de\/wp-json\/wp\/v2\/pages"}],"about":[{"href":"https:\/\/drmakclinic.com\/de\/wp-json\/wp\/v2\/types\/page"}],"author":[{"embeddable":true,"href":"https:\/\/drmakclinic.com\/de\/wp-json\/wp\/v2\/users\/1"}],"replies":[{"embeddable":true,"href":"https:\/\/drmakclinic.com\/de\/wp-json\/wp\/v2\/comments?post=1221"}],"version-history":[{"count":0,"href":"https:\/\/drmakclinic.com\/de\/wp-json\/wp\/v2\/pages\/1221\/revisions"}],"up":[{"embeddable":true,"href":"https:\/\/drmakclinic.com\/de\/wp-json\/wp\/v2\/pages\/1120"}],"wp:attachment":[{"href":"https:\/\/drmakclinic.com\/de\/wp-json\/wp\/v2\/media?parent=1221"}],"curies":[{"name":"wp","href":"https:\/\/api.w.org\/{rel}","templated":true}]}}