{"id":1227,"date":"2022-08-28T20:50:11","date_gmt":"2022-08-28T17:50:11","guid":{"rendered":"https:\/\/drmakclinic.com\/?page_id=1227"},"modified":"2025-01-29T16:26:15","modified_gmt":"2025-01-29T13:26:15","slug":"rhinoplasty","status":"publish","type":"page","link":"https:\/\/drmakclinic.com\/de\/procedures\/aesthetic-plastic-surgery\/rhinoplasty\/","title":{"rendered":"Rhinoplasty"},"content":{"rendered":"<div class=\"brz-root__container brz-reset-all brz brz-root__container-page\">\n<section id=\"_xmkvqgrtohotjsvtlkutcpbryxfpjynenhjx\" class=\"brz-section brz-css-17njnmk\">\n<div class=\"brz-section__content brz-section--boxed brz-css-djjirw brz-css-13syarg\" data-brz-custom-id=\"zhrcbeydizmenuqrhipfvgvzpfrulbucpdxl\">\n<div class=\"brz-bg\">\n<div class=\"brz-bg-color\"><\/div>\n<\/div>\n<div class=\"brz-container brz-css-1lm33ht\">\n<div class=\"brz-row__container brz-css-917ui0\" data-brz-custom-id=\"xhzhfygcrryugmmccxwatluxuqbqixgbkjjq\">\n<div class=\"brz-bg\"><\/div>\n<div class=\"brz-row brz-css-1xhypaz brz-css-1l3lbd6\">\n<div class=\"brz-columns brz-css-1nzm08r brz-css-lvl90c\" data-brz-custom-id=\"bgppvpzrjucjpvqjvutsmbnofuskxxhtanrp\">\n<div class=\"brz-bg\"><\/div>\n<div class=\"brz-column__items brz-css-ithcx4\">\n<div id=\"\" class=\"brz-css-lov89 brz-wrapper\">\n<div class=\"brz-icon-text brz-css-pa2aiv brz-css-1aavcfh\" data-brz-custom-id=\"lqywgkffpcbcxxyxudfewodrlsrygktzrxhf\">\n<div class=\"brz-icon__container\" data-brz-custom-id=\"kpeqfhhqhrfcslxdybodrdvahwbmwfhgayaf\"><span class=\"brz-icon brz-span brz-css-1ahkj52 brz-css-1ouq4q0\"><\/span><\/div>\n<div class=\"brz-text-btn\">\n<div class=\"brz-rich-text brz-rich-text__custom brz-css-1i8ez94\" data-brz-custom-id=\"nezjbsalrzxfeqglvfrfeuinlrovivsberfx\">\n<div data-brz-translate-text=\"1\">\n<p class=\"brz-ft-google brz-ff-poppins brz-tp-lg-empty brz-lh-lg-1 brz-ls-lg-0 brz-fw-lg-400 brz-fss-lg-px brz-fs-lg-66 brz-css-jPi_7\" data-generated-css=\"brz-css-mglwz\" data-uniq-id=\"fumhg\"><span class=\"brz-cp-color2\">Nasenkorrektur<\/span><\/p>\n<\/div>\n<\/div>\n<\/div>\n<\/div>\n<\/div>\n<\/div>\n<\/div>\n<\/div>\n<\/div>\n<\/div>\n<\/div>\n<\/section>\n<section id=\"_sxrsgkjdkrcngzzudfulzuhfoxzoxecfkffl\" class=\"brz-section brz-css-17njnmk\">\n<div class=\"brz-section__content brz-section--boxed brz-css-djjirw brz-css-14vf3d6\" data-brz-custom-id=\"wtfwopitmhpcmmziarnkoyhagpzvxhawkqre\">\n<div class=\"brz-bg\">\n<div class=\"brz-bg-color\"><\/div>\n<\/div>\n<div class=\"brz-container brz-css-1lm33ht\">\n<div id=\"\" class=\"brz-css-lov89 brz-wrapper\">\n<div class=\"brz-line brz-line-default brz-css-s17fe brz-css-ndh6ea\" data-brz-custom-id=\"hsxhdlecieiztaeyroiyhfssqljswudduwsi\">\n<hr class=\"brz-hr\"><\/div>\n<\/div>\n<div class=\"brz-row__container brz-css-917ui0\" data-brz-custom-id=\"xkdauesytbzhqgqaagjdqsgdgxowvnhtzfni\">\n<div class=\"brz-bg\"><\/div>\n<div class=\"brz-row brz-css-1xhypaz brz-css-bsvugh\">\n<div class=\"brz-columns brz-css-1nzm08r brz-css-v6l300\" data-brz-custom-id=\"dwvcxzmeeyhitaswyztyounpyejeuwlcixtq\">\n<div class=\"brz-bg\"><\/div>\n<div class=\"brz-column__items brz-css-ithcx4 brz-css-6344mv\">\n<div id=\"\" class=\"brz-css-lov89 brz-css-trbo6w brz-wrapper\">\n<div class=\"brz-rich-text brz-rich-text__custom brz-css-1i8ez94\" data-brz-custom-id=\"ndyxijrbthmzarvycozdpzoozmwcybxmigto\">\n<div data-brz-translate-text=\"1\">\n<h4 class=\"brz-ls-lg-m_0_5 brz-fw-lg-700 brz-fss-lg-px brz-fs-lg-13 brz-ft-google brz-ff-manrope brz-tp-lg-empty brz-lh-lg-1_5 brz-css-lCDhr\" data-generated-css=\"brz-css-jktcw\" data-uniq-id=\"sfpks\"><span class=\"brz-capitalize-on\">Nasenkorrektur<\/span><\/h4>\n<\/div>\n<\/div>\n<\/div>\n<div id=\"\" class=\"brz-css-lov89 brz-css-1emm5vk brz-wrapper\">\n<div class=\"brz-rich-text brz-rich-text__custom brz-css-1i8ez94\" data-brz-custom-id=\"ttkazqstlrvqikxrmcmzmwfqnqmsusqwsvzz\">\n<div data-brz-translate-text=\"1\">\n<p class=\"brz-lh-lg-1_3 brz-tp-lg-empty brz-ff-ckyztbazucvfgxnrkwthfbuhnumrbfrmhags brz-ft-upload brz-fs-lg-36 brz-fss-lg-px brz-fw-lg-400 brz-ls-lg-0 brz-mb-lg-51 brz-css-nJDL4\" data-uniq-id=\"sniot\" data-generated-css=\"brz-css-wrosh\"><span class=\"brz-cp-color2\">Die Nase ist ein Organ, das dem Gesicht sowohl Form verleiht als auch die Funktion f\u00fcr die Atmung hat.<\/span><\/p>\n<\/div>\n<\/div>\n<\/div>\n<div id=\"\" class=\"brz-css-lov89 brz-css-k2l7wr brz-wrapper\">\n<div class=\"brz-icon-text brz-css-pa2aiv\" data-brz-custom-id=\"etewtynxohrjrsbphflarbaspshqabmalkci\">\n<div class=\"brz-icon__container\" data-brz-custom-id=\"qefuoykiglnwvoqkzhppwfrauugijvipjdjb\"><span class=\"brz-icon brz-span brz-css-1ahkj52 brz-css-1c4jdjx\"><\/span><\/div>\n<div class=\"brz-text-btn\">\n<div class=\"brz-rich-text brz-rich-text__custom brz-css-1i8ez94\" data-brz-custom-id=\"macpdarljwzosdknslvywdutdxitvzyartvl\">\n<div data-brz-translate-text=\"1\">\n<p class=\"brz-lh-xs-1_4 brz-lh-sm-1_4 brz-fs-lg-18 brz-fs-sm-17 brz-fs-xs-17 brz-ls-lg-0 brz-ls-sm-0 brz-ls-xs-0 brz-ff-arimo brz-ft-google brz-fw-lg-400 brz-fw-sm-400 brz-fw-xs-400 brz-lh-lg-1_3 brz-css-xLRbB\" data-uniq-id=\"zegjk\" data-generated-css=\"brz-css-mygxq\"><span>Narkose \u2013 Vollnarkose durch einen Facharzt<\/span><\/p>\n<\/div>\n<\/div>\n<\/div>\n<\/div>\n<\/div>\n<div id=\"\" class=\"brz-css-lov89 brz-css-u6db2h brz-wrapper\">\n<div class=\"brz-spacer brz-css-k83xow brz-css-1brkez2\"><\/div>\n<\/div>\n<div id=\"\" class=\"brz-css-lov89 brz-css-yykf6e brz-wrapper\">\n<div class=\"brz-icon-text brz-css-pa2aiv\" data-brz-custom-id=\"cwusccmkooyltrksbjczdvaxukstudjgfskj\">\n<div class=\"brz-icon__container\" data-brz-custom-id=\"gckqcoqalsfbyugzbtobmbkgmmfxbvczepub\"><span class=\"brz-icon brz-span brz-css-1ahkj52 brz-css-1buqzho\"><\/span><\/div>\n<div class=\"brz-text-btn\">\n<div class=\"brz-rich-text brz-rich-text__custom brz-css-1i8ez94\" data-brz-custom-id=\"jtkhhlftnhclhailnbqvdppkfjfqjkgfvcsc\">\n<div data-brz-translate-text=\"1\">\n<p class=\"brz-lh-sm-1_4 brz-lh-lg-1_3 brz-fw-xs-400 brz-fw-sm-400 brz-fw-lg-400 brz-ft-google brz-ff-arimo brz-ls-xs-0 brz-ls-sm-0 brz-ls-lg-0 brz-fs-xs-17 brz-fs-sm-17 brz-fs-lg-18 brz-lh-xs-1_4 brz-css-ckO_l\" data-uniq-id=\"txhei\" data-generated-css=\"brz-css-jpqoz\"><span>Klinikaufenthalt \u2013 8 N\u00e4chte<\/span><\/p>\n<\/div>\n<\/div>\n<\/div>\n<\/div>\n<\/div>\n<div id=\"\" class=\"brz-css-lov89 brz-css-u6db2h brz-wrapper\">\n<div class=\"brz-spacer brz-css-k83xow brz-css-1sd6kwa\"><\/div>\n<\/div>\n<div id=\"\" class=\"brz-css-lov89 brz-css-eq990z brz-wrapper\">\n<div class=\"brz-icon-text brz-css-pa2aiv\" data-brz-custom-id=\"ibehoeuftoanihexvhgnrasflspepnfoqzrt\">\n<div class=\"brz-icon__container\" data-brz-custom-id=\"luhboqeydynglrffuxoeosakxkbimkkfjtad\"><span class=\"brz-icon brz-span brz-css-1ahkj52 brz-css-1dxgol2\"><\/span><\/div>\n<div class=\"brz-text-btn\">\n<div class=\"brz-rich-text brz-rich-text__custom brz-css-1i8ez94\" data-brz-custom-id=\"xpfennkrlthyelyvruzbdeideawccqeumuvs\">\n<div data-brz-translate-text=\"1\">\n<p class=\"brz-lh-sm-1_4 brz-lh-lg-1_3 brz-fw-xs-400 brz-fw-sm-400 brz-fw-lg-400 brz-ft-google brz-ff-arimo brz-ls-xs-0 brz-ls-sm-0 brz-ls-lg-0 brz-fs-xs-17 brz-fs-sm-17 brz-fs-lg-18 brz-lh-xs-1_4 brz-css-aTJ4d\" data-uniq-id=\"weeyz\" data-generated-css=\"brz-css-fiavd\"><span>OP Dauer \u2013 2 bis 3 Stunden<\/span><\/p>\n<\/div>\n<\/div>\n<\/div>\n<\/div>\n<\/div>\n<div id=\"\" class=\"brz-css-lov89 brz-css-u6db2h brz-wrapper\">\n<div class=\"brz-spacer brz-css-k83xow brz-css-52qxdn\"><\/div>\n<\/div>\n<div id=\"\" class=\"brz-css-lov89 brz-css-13s1sco brz-wrapper\">\n<div class=\"brz-icon-text brz-css-pa2aiv\" data-brz-custom-id=\"aqjbnpoocgkzejdrwchyuhuroffgkkksnnbx\">\n<div class=\"brz-icon__container\" data-brz-custom-id=\"sfqeedithflkgsexzdzzhyncssqpuvdbbanc\"><span class=\"brz-icon brz-span brz-css-1ahkj52 brz-css-h257jp\"><\/span><\/div>\n<div class=\"brz-text-btn\">\n<div class=\"brz-rich-text brz-rich-text__custom brz-css-1i8ez94\" data-brz-custom-id=\"qffadpkfpbkvhzprbtgrkqdmtnyfstybshii\">\n<div data-brz-translate-text=\"1\">\n<p class=\"brz-lh-sm-1_4 brz-lh-lg-1_3 brz-fw-xs-400 brz-fw-sm-400 brz-fw-lg-400 brz-ft-google brz-ff-arimo brz-ls-xs-0 brz-ls-sm-0 brz-ls-lg-0 brz-fs-xs-17 brz-fs-sm-17 brz-fs-lg-18 brz-lh-xs-1_4 brz-css-bMe7E\" data-generated-css=\"brz-css-ajddc\" data-uniq-id=\"ocaug\"><span>Gesellschaftsf\u00e4higkeit \u2013 10 Tage<\/span><\/p>\n<\/div>\n<\/div>\n<\/div>\n<\/div>\n<\/div>\n<\/div>\n<\/div>\n<div class=\"brz-columns brz-css-1nzm08r brz-css-dj051t\" data-brz-custom-id=\"zynrarygmhidvdmriicbstgzduhubwdzpoas\">\n<div class=\"brz-bg\"><\/div>\n<div class=\"brz-column__items brz-css-ithcx4 brz-css-15hn7gt\">\n<div id=\"\" class=\"brz-css-lov89 brz-css-xug0pc brz-wrapper\">\n<div class=\"brz-image brz-css-r0gnat brz-css-vzdejy\" data-brz-custom-id=\"ndpkwkazfcvsygoadvvxrjoyckxigohejbpx\"><img decoding=\"async\" class=\"brz-img\" src=\"https:\/\/drmakclinic.com\/de?brizy_media=wp-1ff1f9dd9a0a9bb33923f52daaf67962.png&amp;brizy_crop=original\" alt=\"\" loading=\"lazy\"><\/div>\n<\/div>\n<\/div>\n<\/div>\n<\/div>\n<\/div>\n<\/div>\n<\/div>\n<\/section>\n<section id=\"_iwaqzefexemrkseneebocyinytyodhwjemyt\" class=\"brz-section brz-css-17njnmk\">\n<div class=\"brz-section__content brz-section--boxed brz-css-djjirw brz-css-1d2nec2\" data-brz-custom-id=\"udawglvnmsqrgofrcwouqfzkpqbxnczvdllr\">\n<div class=\"brz-bg\">\n<div class=\"brz-bg-color\"><\/div>\n<\/div>\n<div class=\"brz-container brz-css-1lm33ht\">\n<div id=\"\" class=\"brz-css-lov89 brz-wrapper\">\n<div class=\"brz-line brz-line-default brz-css-s17fe brz-css-1kegt1p\" data-brz-custom-id=\"suspwalxtmnlejytuigkrcqpwtytxeuckdju\">\n<hr class=\"brz-hr\"><\/div>\n<\/div>\n<div class=\"brz-row__container brz-css-917ui0\" data-brz-custom-id=\"ugfxthsnwizvobbpznernxvdvnokjjwyfiyy\">\n<div class=\"brz-bg\"><\/div>\n<div class=\"brz-row brz-css-1xhypaz\">\n<div class=\"brz-columns brz-css-1nzm08r brz-css-rj6nme\" data-brz-custom-id=\"ddxhtgqocwghzevpczkxqduvkbuuhqfyqmgv\">\n<div class=\"brz-bg\"><\/div>\n<div class=\"brz-column__items brz-css-ithcx4\"><\/div>\n<\/div>\n<div class=\"brz-columns brz-css-1nzm08r brz-css-awdayd\" data-brz-custom-id=\"nsggnpxhiezzltfcuareikzaahviijhlvqks\">\n<div class=\"brz-bg\"><\/div>\n<div class=\"brz-column__items brz-css-ithcx4\">\n<div id=\"\" class=\"brz-css-lov89 brz-wrapper\">\n<div class=\"brz-rich-text brz-rich-text__custom brz-css-1i8ez94\" data-brz-custom-id=\"zovcsghmsusrdvjdycrbqnpjfvihommphcyf\">\n<div data-brz-translate-text=\"1\">\n<p class=\"brz-tp-lg-empty brz-fss-lg-px brz-fw-lg-400 brz-ls-lg-0 brz-lh-lg-1_9 brz-css-iS7wj\" data-uniq-id=\"grjzt\" data-generated-css=\"brz-css-ivgks\"><span class=\"brz-cp-color2\">Die Nasenkorrektur kann offen oder geschlossen erfolgen. Der offene Zugang erfordert einen kleinen Einschnitt \u00fcber der Nase, w\u00e4hrend der geschlossene Zugang ein chirurgischer Eingriff ist, der innerhalb der Nase durchgef\u00fchrt wird. Dr. Mak hat nationale und internationale Patienten, die eigens nach Antalya einreisen, um sich die Nase korrigieren zu lassen. Er f\u00fchrt Nasenverkleinerung und Nasenbegradigung durch und korrigiert Stups- oder Hakennasen.<\/span><\/p>\n<p class=\"brz-tp-lg-empty brz-fss-lg-px brz-fw-lg-400 brz-ls-lg-0 brz-lh-lg-1_9 brz-css-j2EPb\" data-uniq-id=\"tjxsq\" data-generated-css=\"brz-css-utdrs\"><span class=\"brz-cp-color2\"> <\/span><\/p>\n<p class=\"brz-lh-lg-1_9 brz-ls-lg-0 brz-fw-lg-400 brz-fss-lg-px brz-fs-lg-22 brz-ft-upload brz-ff-ckyztbazucvfgxnrkwthfbuhnumrbfrmhags brz-tp-lg-empty brz-css-kkKFz\" data-uniq-id=\"ydafc\" data-generated-css=\"brz-css-bwuaf\"><span class=\"brz-cp-color2\">Hakennase<\/span><\/p>\n<p class=\"brz-tp-lg-empty brz-fss-lg-px brz-fw-lg-400 brz-ls-lg-0 brz-lh-lg-1_9 brz-css-igTC3\" data-uniq-id=\"aphep\" data-generated-css=\"brz-css-aqwnj\"><span class=\"brz-cp-color2\"> <\/span><\/p>\n<p class=\"brz-tp-lg-empty brz-fss-lg-px brz-fw-lg-400 brz-ls-lg-0 brz-lh-lg-1_9 brz-css-vqCbQ\" data-uniq-id=\"rmelg\" data-generated-css=\"brz-css-ykxje\"><span class=\"brz-cp-color2\">Die schiefe Nase ist in der Regel das Ergebnis einer schiefen Nasenscheidewand und eines schiefen Nasenbeins. Dies f\u00fchrt nicht nur zu kosmetischer Deformit\u00e4t, sondern auch h\u00e4ufig zu Atemproblemen. Die Korrektur einer schiefen Nase ist ein komplexer Vorgang, der ein Verst\u00e4ndnis der Atemwege erfordert. Es ist wichtig zu beachten, dass kein Chirurg eine perfekt gerade Nase versprechen kann. Denn die Nase besteht aus Knorpel, der ein \u201eGed\u00e4chtnis\u201c hat. Das bedeutet, dass der Knorpel gerne dorthin zur\u00fcckkehrt, wo er vorher war. Dr. Mak tut sein Bestes, um sicherzustellen, dass der Knorpel in seiner neuen und korrigierten Position bleibt.<\/span><\/p>\n<p class=\"brz-tp-lg-empty brz-fss-lg-px brz-fw-lg-400 brz-ls-lg-0 brz-lh-lg-1_9 brz-css-vH52S\" data-uniq-id=\"fnbfs\" data-generated-css=\"brz-css-rdcbt\"><span class=\"brz-cp-color2\">&nbsp;<\/span><\/p>\n<p class=\"brz-ft-upload brz-ff-enqmzdbzxbgylolsjadsfjxunpbkpfxobhlf brz-tp-lg-empty brz-lh-lg-1_9 brz-ls-lg-0 brz-fw-lg-400 brz-fss-lg-px brz-fs-lg-22 brz-css-xaWZe\" data-uniq-id=\"ivpsm\" data-generated-css=\"brz-css-wrgss\"><span class=\"brz-cp-color2\">Nasenkorrektur (Umformung)<\/span><\/p>\n<p class=\"brz-tp-lg-empty brz-fss-lg-px brz-fw-lg-400 brz-ls-lg-0 brz-lh-lg-1_9 brz-css-u809G\" data-uniq-id=\"jmukh\" data-generated-css=\"brz-css-ztevb\"><span class=\"brz-cp-color2\"> <\/span><\/p>\n<p class=\"brz-tp-lg-empty brz-fss-lg-px brz-fw-lg-400 brz-ls-lg-0 brz-lh-lg-1_9 brz-css-ubACb\" data-uniq-id=\"grykn\" data-generated-css=\"brz-css-upigd\"><span class=\"brz-cp-color2\">Zun\u00e4chst m\u00f6chte Dr. Mak Ihre W\u00fcnsche und Erwartungen verstehen. Wenn er mit Ihren Erwartungen \u00fcbereinstimmt, wird er Sie bei jedem Schritt begleiten. W\u00e4hrend Ihrer Operation formt Dr. Mak Ihre Nase neu, w\u00e4hrend Sie von erfahrenen An\u00e4sthesisten betreut werden. Nach der Operation haben Sie eine Woche lang eine leichte Schiene auf der Nase. Die meisten Patienten sind bereits nach einer Woche nach der Operation wieder gesellschaftsf\u00e4hig.<\/span><\/p>\n<p class=\"brz-tp-lg-empty brz-fss-lg-px brz-fw-lg-400 brz-ls-lg-0 brz-lh-lg-1_9 brz-css-wVhkl\" data-uniq-id=\"zfugy\" data-generated-css=\"brz-css-prrye\"><\/p>\n<p class=\"brz-tp-lg-empty brz-ff-manrope brz-ft-google brz-fs-lg-18 brz-fss-lg-px brz-fw-lg-400 brz-ls-lg-0 brz-lh-lg-1_9 brz-css-nZ7m1\" data-uniq-id=\"pbldt\" data-generated-css=\"brz-css-uvtmt\"><\/p>\n<p class=\"brz-lh-lg-1_9 brz-ls-lg-0 brz-fw-lg-400 brz-fss-lg-px brz-fs-lg-22 brz-ft-upload brz-ff-enqmzdbzxbgylolsjadsfjxunpbkpfxobhlf brz-tp-lg-empty brz-css-yM8_G\" data-uniq-id=\"bkowf\" data-generated-css=\"brz-css-rocbw\"><span>Nasenkorrektur (\u00dcberarbeitung)<\/span><\/p>\n<p class=\"brz-lh-lg-1_9 brz-ls-lg-0 brz-fw-lg-400 brz-fss-lg-px brz-fs-lg-16 brz-ft-google brz-ff-manrope brz-tp-lg-empty brz-css-oCBoK\" data-uniq-id=\"luqyy\" data-generated-css=\"brz-css-nhrlk\">Die Nasenkorrektur ist bereits ein sehr spezialisierter Bereich der plastischen Chirurgie, die \u00dcberarbeitung der Nasenkorrektur kann sich als einer der schwierigsten Verfahren erweisen. Dr. Mak nimmt sich Zeit f\u00fcr Ihre W\u00fcnsche f\u00fcr eine Nasenkorrektur, um f\u00fcr Sie das individuell beste Verfahren f\u00fcr Ihr Wunsch-Resultat zu w\u00e4hlen.<\/p>\n<\/div>\n<\/div>\n<\/div>\n<div id=\"\" class=\"brz-css-lov89 brz-wrapper\">\n<div class=\"brz-rich-text brz-rich-text__custom brz-css-1i8ez94\" data-brz-custom-id=\"mixhhusadyvcfisuihruihgosahurnytmfsd\">\n<div data-brz-translate-text=\"1\">\n<p class=\"brz-tp-lg-empty brz-ff-manrope brz-ft-google brz-fs-lg-18 brz-fss-lg-px brz-fw-lg-400 brz-ls-lg-0 brz-lh-lg-1_9 brz-mt-lg-25 brz-css-zvt1i\" data-uniq-id=\"maqdh\" data-generated-css=\"brz-css-xvhby\"><span class=\"brz-cp-color2\">Vor Ihren Behandlungen m\u00fcssen Sie m\u00f6glicherweise auch:<\/span><\/p>\n<\/div>\n<\/div>\n<\/div>\n<div id=\"\" class=\"brz-css-lov89 brz-css-12ck13d brz-wrapper\">\n<div class=\"brz-icon-text brz-css-pa2aiv\" data-brz-custom-id=\"dtxkhdfwelhqwnuygmvdqbsitzktdifnxflh\">\n<div class=\"brz-icon__container\" data-brz-custom-id=\"pvsavdbimadzbldciwuiiwqyqlanpbsagspo\"><span class=\"brz-icon brz-span brz-css-1ahkj52 brz-css-1q8aujo\"><\/span><\/div>\n<div class=\"brz-text-btn\">\n<div class=\"brz-rich-text brz-rich-text__custom brz-css-1i8ez94\" data-brz-custom-id=\"lkqkdqqxeieitkduubdlmczmqfasnhbzrxuz\">\n<div data-brz-translate-text=\"1\">\n<p class=\"brz-lh-xs-1_4 brz-fs-lg-18 brz-fs-sm-17 brz-fs-xs-17 brz-ls-lg-0 brz-ls-sm-0 brz-ls-xs-0 brz-ff-arimo brz-ft-google brz-fw-lg-400 brz-fw-sm-400 brz-fw-xs-400 brz-lh-lg-1_3 brz-lh-sm-1_4 brz-css-s9CTO\" data-uniq-id=\"kszad\" data-generated-css=\"brz-css-oomwg\"><span>Aufh\u00f6ren zu rauchen. Rauchen verringert die Durchblutung der Haut und kann den Heilungsprozess verlangsamen. Wenn Sie rauchen, wird Dr. Mak Ihnen empfehlen, vor der Operation und w\u00e4hrend der Genesung auf das Rauchen zu verzichten.<\/span><\/p>\n<\/div>\n<\/div>\n<\/div>\n<\/div>\n<\/div>\n<div id=\"\" class=\"brz-css-lov89 brz-css-u6db2h brz-wrapper\">\n<div class=\"brz-spacer brz-css-k83xow brz-css-70ml6w\"><\/div>\n<\/div>\n<div id=\"\" class=\"brz-css-lov89 brz-css-iitecj brz-wrapper\">\n<div class=\"brz-icon-text brz-css-pa2aiv\" data-brz-custom-id=\"cvhlxqpcanckccaisbdfqbontvauykxnzmch\">\n<div class=\"brz-icon__container\" data-brz-custom-id=\"zszgwrbiphoraffgqfnizfdletngxxjaefjm\"><span class=\"brz-icon brz-span brz-css-1ahkj52 brz-css-57pdiq\"><\/span><\/div>\n<div class=\"brz-text-btn\">\n<div class=\"brz-rich-text brz-rich-text__custom brz-css-1i8ez94\" data-brz-custom-id=\"qmelgfzbsodqgycgrgyfyghllkdmcxuxgfud\">\n<div data-brz-translate-text=\"1\">\n<p class=\"brz-lh-xs-1_4 brz-fs-lg-18 brz-fs-sm-17 brz-fs-xs-17 brz-ls-lg-0 brz-ls-sm-0 brz-ls-xs-0 brz-ff-arimo brz-ft-google brz-fw-lg-400 brz-fw-sm-400 brz-fw-xs-400 brz-lh-lg-1_3 brz-lh-sm-1_4 brz-css-c7qZW\" data-uniq-id=\"yagih\" data-generated-css=\"brz-css-sftjx\"><span>Vermeiden Sie bestimmte Medikamente. Sie m\u00fcssen wahrscheinlich die Einnahme von Aspirin, entz\u00fcndungshemmenden Medikamenten, Blutverd\u00fcnnern und Kr\u00e4uterzus\u00e4tzen vermeiden, die die Blutung verst\u00e4rken k\u00f6nnen.<\/span><\/p>\n<\/div>\n<\/div>\n<\/div>\n<\/div>\n<\/div>\n<\/div>\n<\/div>\n<div class=\"brz-columns brz-css-1nzm08r brz-css-1igihxw\" data-brz-custom-id=\"wzdjodoknuoskqtkxztyzxtlmeffyrxxxbfo\">\n<div class=\"brz-bg\"><\/div>\n<div class=\"brz-column__items brz-css-ithcx4\"><\/div>\n<\/div>\n<\/div>\n<\/div>\n<\/div>\n<\/div>\n<\/section>\n<section id=\"_aupxhhnnxpinpfrbmuyczbtkvreuiakpljdr\" class=\"brz-section brz-css-17njnmk\">\n<div class=\"brz-section__content brz-section--boxed brz-css-djjirw brz-css-dgohxr\" data-brz-custom-id=\"tyqsuihoqmxvynvimsgudfeagostgbihecbb\">\n<div class=\"brz-bg\">\n<div class=\"brz-bg-color\"><\/div>\n<\/div>\n<div class=\"brz-container brz-css-1lm33ht\">\n<div id=\"\" class=\"brz-css-lov89 brz-wrapper\">\n<div class=\"brz-line brz-line-default brz-css-s17fe brz-css-dcgley\" data-brz-custom-id=\"jchifrxjfjaxzajjfhyviothawfyrfeznsfc\">\n<hr class=\"brz-hr\"><\/div>\n<\/div>\n<div id=\"\" class=\"brz-css-lov89 brz-css-u6db2h brz-wrapper\">\n<div class=\"brz-spacer brz-css-k83xow brz-css-dhr7gp\"><\/div>\n<\/div>\n<div class=\"brz-row__container brz-css-917ui0\" data-brz-custom-id=\"tbolcolmmlrlojytktmozvhfsrvugxzuwjql\">\n<div class=\"brz-bg\"><\/div>\n<div class=\"brz-row brz-css-1xhypaz brz-css-bsvugh\">\n<div class=\"brz-columns brz-css-1nzm08r brz-css-oh599o\" data-brz-custom-id=\"wmbxrwmfgvycjevxxgrodsweooqnyzgocizz\">\n<div class=\"brz-bg\"><\/div>\n<div class=\"brz-column__items brz-css-ithcx4 brz-css-mzkz33\">\n<div id=\"\" class=\"brz-css-lov89 brz-css-1xe8s6e brz-wrapper\">\n<div class=\"brz-image brz-css-zo9t78 brz-css-1q0bgzz\" data-brz-custom-id=\"eazpktpeboqofxiofavyzupkgyrsltxvdnnz\"><img decoding=\"async\" class=\"brz-img\" src=\"https:\/\/drmakclinic.com\/de?brizy_media=wp-9b7486b9d786a0648588605ea135d33b.jpg&amp;brizy_crop=iW%3D316%26iH%3D211%26oX%3D90%26oY%3D23%26cW%3D105%26cH%3D106\" alt=\"\" loading=\"lazy\"><\/div>\n<\/div>\n<\/div>\n<\/div>\n<div class=\"brz-columns brz-css-1nzm08r brz-css-14e0coh\" data-brz-custom-id=\"gurypkssolratbcayqyyhmegdluoqojekmol\">\n<div class=\"brz-bg\"><\/div>\n<div class=\"brz-column__items brz-css-ithcx4 brz-css-1c14xzj\">\n<div id=\"\" class=\"brz-css-lov89 brz-wrapper\">\n<div class=\"brz-rich-text brz-rich-text__custom brz-css-1i8ez94\" data-brz-custom-id=\"lgvpmbrdbahnvwzkzruirxnlvpcxbobgwcru\">\n<div data-brz-translate-text=\"1\">\n<p class=\"brz-lh-lg-1_5 brz-ls-lg-0 brz-fw-lg-400 brz-fss-lg-px brz-fs-lg-24 brz-ft-upload brz-ff-ckyztbazucvfgxnrkwthfbuhnumrbfrmhags brz-tp-lg-empty brz-css-b6ZLe\" data-generated-css=\"brz-css-xopxa\" data-uniq-id=\"tjbqz\">Wenn Sie eine plastische und andere kosmetische Behandlung in Betracht ziehen, ist es mein Ziel als Ihr plastischer Chirurg, Ihnen w\u00e4hrend der gesamten Behandlung die h\u00f6chste Qualit\u00e4t und die beste Versorgung zu bieten.<\/p>\n<\/div>\n<\/div>\n<\/div>\n<div id=\"\" class=\"brz-css-lov89 brz-css-u6db2h brz-css-5z3dot brz-wrapper\">\n<div class=\"brz-spacer brz-css-k83xow brz-css-ukld4w\"><\/div>\n<\/div>\n<div id=\"\" class=\"brz-css-lov89 brz-css-1jar353 brz-wrapper\">\n<div class=\"brz-rich-text brz-rich-text__custom brz-css-1i8ez94\" data-brz-custom-id=\"dhtfjplurgqmfefunujgylbikekmditjfazz\">\n<div data-brz-translate-text=\"1\">\n<p class=\"brz-text-xs-center brz-tp-lg-heading4 brz-css-gte4R\" data-uniq-id=\"mrayu\" data-generated-css=\"brz-css-yakzy\"><strong class=\"brz-cp-color2\">Dr. Mehmet Arif Karag\u00f6z<\/strong><\/p>\n<\/div>\n<\/div>\n<\/div>\n<div id=\"\" class=\"brz-css-lov89 brz-css-1pnuhtk brz-wrapper\">\n<div class=\"brz-rich-text brz-rich-text__custom brz-css-1i8ez94\" data-brz-custom-id=\"gdbdclpqjueupdkcabycjkvaoupucdzsqznq\">\n<div data-brz-translate-text=\"1\">\n<p class=\"brz-tp-lg-paragraph brz-text-xs-center brz-css-t3WeV\" data-generated-css=\"brz-css-ibdxk\" data-uniq-id=\"rvqzp\"><span class=\"brz-cp-color7\">Dr. Mak Plastischer Chirurg<\/span><\/p>\n<\/div>\n<\/div>\n<\/div>\n<\/div>\n<\/div>\n<\/div>\n<\/div>\n<div id=\"\" class=\"brz-css-lov89 brz-css-u6db2h brz-css-1m8sw8p brz-wrapper\">\n<div class=\"brz-spacer brz-css-k83xow brz-css-vaq70o\"><\/div>\n<\/div>\n<div id=\"\" class=\"brz-css-lov89 brz-wrapper\">\n<div class=\"brz-line brz-line-default brz-css-s17fe brz-css-ren3a2\" data-brz-custom-id=\"siranabuwuemhktwzkyavljkhnsjmfcsrdet\">\n<hr class=\"brz-hr\"><\/div>\n<\/div>\n<\/div>\n<\/div>\n<\/section>\n<\/div>\n<p>    <!-- version:1738157175 --><\/p>\n","protected":false},"excerpt":{"rendered":"<p>Nasenkorrektur Nasenkorrektur Die Nase ist ein Organ, das dem Gesicht sowohl Form verleiht als auch die Funktion f\u00fcr die Atmung hat. Narkose \u2013 Vollnarkose durch einen Facharzt Klinikaufenthalt \u2013 8 N\u00e4chte OP Dauer \u2013 2 bis 3 Stunden Gesellschaftsf\u00e4higkeit \u2013 10 Tage Die Nasenkorrektur kann offen oder geschlossen erfolgen. Der offene Zugang erfordert einen kleinen [&hellip;]<\/p>\n","protected":false},"author":1,"featured_media":0,"parent":1120,"menu_order":0,"comment_status":"closed","ping_status":"closed","template":"","meta":{"footnotes":""},"class_list":["post-1227","page","type-page","status-publish","hentry"],"blocksy_meta":{"styles_descriptor":{"styles":{"desktop":"","tablet":"","mobile":""},"google_fonts":[],"version":6}},"_links":{"self":[{"href":"https:\/\/drmakclinic.com\/de\/wp-json\/wp\/v2\/pages\/1227","targetHints":{"allow":["GET"]}}],"collection":[{"href":"https:\/\/drmakclinic.com\/de\/wp-json\/wp\/v2\/pages"}],"about":[{"href":"https:\/\/drmakclinic.com\/de\/wp-json\/wp\/v2\/types\/page"}],"author":[{"embeddable":true,"href":"https:\/\/drmakclinic.com\/de\/wp-json\/wp\/v2\/users\/1"}],"replies":[{"embeddable":true,"href":"https:\/\/drmakclinic.com\/de\/wp-json\/wp\/v2\/comments?post=1227"}],"version-history":[{"count":0,"href":"https:\/\/drmakclinic.com\/de\/wp-json\/wp\/v2\/pages\/1227\/revisions"}],"up":[{"embeddable":true,"href":"https:\/\/drmakclinic.com\/de\/wp-json\/wp\/v2\/pages\/1120"}],"wp:attachment":[{"href":"https:\/\/drmakclinic.com\/de\/wp-json\/wp\/v2\/media?parent=1227"}],"curies":[{"name":"wp","href":"https:\/\/api.w.org\/{rel}","templated":true}]}}