{"id":1233,"date":"2022-08-28T20:50:29","date_gmt":"2022-08-28T17:50:29","guid":{"rendered":"https:\/\/drmakclinic.com\/?page_id=1233"},"modified":"2025-01-31T03:01:50","modified_gmt":"2025-01-31T00:01:50","slug":"thigh-lift","status":"publish","type":"page","link":"https:\/\/drmakclinic.com\/de\/procedures\/aesthetic-plastic-surgery\/thigh-lift\/","title":{"rendered":"Thigh Lift"},"content":{"rendered":"<div class=\"brz-root__container brz-reset-all brz brz-root__container-page\">\n<section id=\"_mibogpffopmpcuymclbmbdttacxadffgbjvb\" class=\"brz-section brz-css-g3jlrj\">\n<div class=\"brz-section__content brz-section--boxed brz-css-12sdp8t brz-css-vdcngp\" data-brz-custom-id=\"vburuwqmauoiwdpytyaohbghjaeltdajpegl\">\n<div class=\"brz-bg\">\n<div class=\"brz-bg-color\"><\/div>\n<\/div>\n<div class=\"brz-container brz-css-1nh9bdq\">\n<div class=\"brz-row__container brz-css-1u0xs7\" data-brz-custom-id=\"ygnpslxrogblqjpfinnkyyfghqophtbftmeb\">\n<div class=\"brz-bg\"><\/div>\n<div class=\"brz-row brz-css-1rg5evx brz-css-xrmx9m\">\n<div class=\"brz-columns brz-css-fxlvdi brz-css-i4xylr\" data-brz-custom-id=\"bqvisfswdzigaycsqepdzqvjevqglbiybevd\">\n<div class=\"brz-bg\"><\/div>\n<div class=\"brz-column__items brz-css-vxi2tp\">\n<div id=\"\" class=\"brz-css-1z5wqm brz-wrapper\">\n<div class=\"brz-icon-text brz-css-8lu9xm brz-css-6ty7tf\" data-brz-custom-id=\"yqgddscjufppjrksyfblsyozuprgwvzkujsl\">\n<div class=\"brz-icon__container\" data-brz-custom-id=\"qrthxtbxdysozbrxzgtgmovpscsgueecxtav\"><span class=\"brz-icon brz-span brz-css-r9hjnc brz-css-4u0nex\"><\/span><\/div>\n<div class=\"brz-text-btn\">\n<div class=\"brz-rich-text brz-rich-text__custom brz-css-t637pt\" data-brz-custom-id=\"peqtciqjsqcprdxkaunvgkxvkeusahpnirko\">\n<div data-brz-translate-text=\"1\">\n<p class=\"brz-lh-lg-1 brz-ls-lg-0 brz-fw-lg-400 brz-fss-lg-px brz-fs-lg-66 brz-ft-upload brz-ff-izzivsxniqvyexslaslvwzgtgnghvrxuxiru brz-tp-lg-empty brz-css-s2IrK\" data-generated-css=\"brz-css-hiwwj\" data-uniq-id=\"ywaay\"><span>Oberschenkelstraffung<\/span><\/p>\n<\/div>\n<\/div>\n<\/div>\n<\/div>\n<\/div>\n<\/div>\n<\/div>\n<\/div>\n<\/div>\n<\/div>\n<\/div>\n<\/section>\n<section id=\"_noivchomtuyyqnscsologxepotrgzxhnhxxm\" class=\"brz-section brz-css-g3jlrj\">\n<div class=\"brz-section__content brz-section--boxed brz-css-12sdp8t brz-css-9qabyy\" data-brz-custom-id=\"ikpyvlpatiqwudcoawdjsrdagnrrffngtorm\">\n<div class=\"brz-bg\">\n<div class=\"brz-bg-color\"><\/div>\n<\/div>\n<div class=\"brz-container brz-css-1nh9bdq\">\n<div id=\"\" class=\"brz-css-1z5wqm brz-wrapper\">\n<div class=\"brz-line brz-line-default brz-css-1qem2o0 brz-css-1m7p86\" data-brz-custom-id=\"sthjhcyzqnmeumwspuoyugckrthsoupijfza\">\n<hr class=\"brz-hr\"><\/div>\n<\/div>\n<div class=\"brz-row__container brz-css-1u0xs7\" data-brz-custom-id=\"vhntkfpmkcnstjizqylipmyzqqfyhzaitrdv\">\n<div class=\"brz-bg\"><\/div>\n<div class=\"brz-row brz-css-1rg5evx brz-css-1k177wg\">\n<div class=\"brz-columns brz-css-fxlvdi brz-css-1cnmkgp\" data-brz-custom-id=\"zcxlcmohbawrtqprkbajmavieltmcpcetksh\">\n<div class=\"brz-bg\"><\/div>\n<div class=\"brz-column__items brz-css-vxi2tp brz-css-19uc5p6\">\n<div id=\"\" class=\"brz-css-1z5wqm brz-css-ugf6sb brz-wrapper\">\n<div class=\"brz-rich-text brz-rich-text__custom brz-css-t637pt\" data-brz-custom-id=\"texvqxtfnqhzxzkphyzkllpkehdczwcvycel\">\n<div data-brz-translate-text=\"1\">\n<p class=\"brz-lh-lg-1_5 brz-ls-lg-1_1 brz-fw-lg-700 brz-fss-lg-px brz-fs-lg-13 brz-ft-google brz-ff-manrope brz-tp-lg-empty brz-css-s3_Vy\" data-generated-css=\"brz-css-rvubz\" data-uniq-id=\"fvbvg\"><span class=\"brz-capitalize-on\">Oberschenkelstraffung<\/span><\/p>\n<\/div>\n<\/div>\n<\/div>\n<div id=\"\" class=\"brz-css-1z5wqm brz-css-1i42ve brz-wrapper\">\n<div class=\"brz-rich-text brz-rich-text__custom brz-css-t637pt\" data-brz-custom-id=\"vixtlhzqmqvwudqfldwsxftrisamlbhdglqt\">\n<div data-brz-translate-text=\"1\">\n<p class=\"brz-lh-lg-1_3 brz-tp-lg-empty brz-ff-ckyztbazucvfgxnrkwthfbuhnumrbfrmhags brz-ft-upload brz-fs-lg-36 brz-fss-lg-px brz-fw-lg-400 brz-ls-lg-0 brz-css-ktIWv\" data-uniq-id=\"vvref\" data-generated-css=\"brz-css-fjlol\"><span class=\"brz-cp-color2\">Durch die Oberschenkelstraffung werden die Oberschenkel neu geformt, indem \u00fcbersch\u00fcssige Haut und Fett reduziert werden, was zu einer glatteren Haut und besser proportionierten Konturen der Oberschenkel und des Unterk\u00f6rpers f\u00fchrt.<\/span><\/p>\n<\/div>\n<\/div>\n<\/div>\n<div id=\"\" class=\"brz-css-1z5wqm brz-css-1y6pdsj brz-wrapper\">\n<div class=\"brz-spacer brz-css-12p2ldr brz-css-1ckadm8\"><\/div>\n<\/div>\n<div id=\"\" class=\"brz-css-1z5wqm brz-css-1y6pdsj brz-wrapper\">\n<div class=\"brz-spacer brz-css-12p2ldr brz-css-11qd1d6\"><\/div>\n<\/div>\n<div id=\"\" class=\"brz-css-1z5wqm brz-css-11t6a3d brz-wrapper\">\n<div class=\"brz-icon-text brz-css-8lu9xm\" data-brz-custom-id=\"xmgwkmbhetilqpydictpajcgszjwhbunrbux\">\n<div class=\"brz-icon__container\" data-brz-custom-id=\"nadtdintkifxbwcplccatcymimnvimnznwfv\"><span class=\"brz-icon brz-span brz-css-r9hjnc brz-css-y4j3dv\"><\/span><\/div>\n<div class=\"brz-text-btn\">\n<div class=\"brz-rich-text brz-rich-text__custom brz-css-t637pt\" data-brz-custom-id=\"quhzhaeqskhgyshrluygshaavlmfuckoeuey\">\n<div data-brz-translate-text=\"1\">\n<p class=\"brz-lh-lg-1_3 brz-fw-xs-400 brz-fw-sm-400 brz-fw-lg-400 brz-ft-google brz-ff-arimo brz-ls-xs-0 brz-ls-sm-0 brz-ls-lg-0 brz-fs-xs-17 brz-fs-sm-17 brz-fs-lg-18 brz-lh-sm-1_4 brz-lh-xs-1_4 brz-css-wmBqw\" data-generated-css=\"brz-css-msehh\" data-uniq-id=\"rvbmw\"><span>Narkose \u2013 Vollnarkose durch einen Facharzt<\/span><\/p>\n<\/div>\n<\/div>\n<\/div>\n<\/div>\n<\/div>\n<div id=\"\" class=\"brz-css-1z5wqm brz-css-1y6pdsj brz-wrapper\">\n<div class=\"brz-spacer brz-css-12p2ldr brz-css-19igw1x\"><\/div>\n<\/div>\n<div id=\"\" class=\"brz-css-1z5wqm brz-css-bdc54v brz-wrapper\">\n<div class=\"brz-icon-text brz-css-8lu9xm\" data-brz-custom-id=\"zdojgwljuuhynvjwifrgavveodrbfmxizjrx\">\n<div class=\"brz-icon__container\" data-brz-custom-id=\"ydjcmbgoezbwpsnryyotfobojancnyaouzfr\"><span class=\"brz-icon brz-span brz-css-r9hjnc brz-css-mptfzn\"><\/span><\/div>\n<div class=\"brz-text-btn\">\n<div class=\"brz-rich-text brz-rich-text__custom brz-css-t637pt\" data-brz-custom-id=\"tlkitplougbxczxsbudcmfcvfbteqqncltco\">\n<div data-brz-translate-text=\"1\">\n<p class=\"brz-lh-xs-1_4 brz-fs-lg-18 brz-fs-sm-17 brz-fs-xs-17 brz-ls-lg-0 brz-ls-sm-0 brz-ls-xs-0 brz-ff-arimo brz-ft-google brz-fw-lg-400 brz-fw-sm-400 brz-fw-xs-400 brz-lh-lg-1_3 brz-lh-sm-1_4 brz-css-zPEzw\" data-generated-css=\"brz-css-lavdm\" data-uniq-id=\"ajyww\"><span>Klinikaufenthalt \u2013 5 N\u00e4chte<\/span><\/p>\n<\/div>\n<\/div>\n<\/div>\n<\/div>\n<\/div>\n<div id=\"\" class=\"brz-css-1z5wqm brz-css-1y6pdsj brz-wrapper\">\n<div class=\"brz-spacer brz-css-12p2ldr brz-css-lswfi4\"><\/div>\n<\/div>\n<div id=\"\" class=\"brz-css-1z5wqm brz-css-hv8ib brz-wrapper\">\n<div class=\"brz-icon-text brz-css-8lu9xm\" data-brz-custom-id=\"uavndctiwpydnxoxvgietfecpbbqszlfekcs\">\n<div class=\"brz-icon__container\" data-brz-custom-id=\"usnfulxverawhccmunymucgbpotqigshkuah\"><span class=\"brz-icon brz-span brz-css-r9hjnc brz-css-vhfc28\"><\/span><\/div>\n<div class=\"brz-text-btn\">\n<div class=\"brz-rich-text brz-rich-text__custom brz-css-t637pt\" data-brz-custom-id=\"kakzrqwiminapbrvtgcmkvcserdlkijdflto\">\n<div data-brz-translate-text=\"1\">\n<p class=\"brz-lh-sm-1_4 brz-lh-lg-1_3 brz-fw-xs-400 brz-fw-sm-400 brz-fw-lg-400 brz-ft-google brz-ff-arimo brz-ls-xs-0 brz-ls-sm-0 brz-ls-lg-0 brz-fs-xs-17 brz-fs-sm-17 brz-fs-lg-18 brz-lh-xs-1_4 brz-css-fNTA3\" data-uniq-id=\"cbzkz\" data-generated-css=\"brz-css-opttv\"><span>OP Dauer \u2013 1 bis 2 Stunden<\/span><\/p>\n<\/div>\n<\/div>\n<\/div>\n<\/div>\n<\/div>\n<div id=\"\" class=\"brz-css-1z5wqm brz-css-1y6pdsj brz-wrapper\">\n<div class=\"brz-spacer brz-css-12p2ldr brz-css-pkfgmg\"><\/div>\n<\/div>\n<div id=\"\" class=\"brz-css-1z5wqm brz-css-c5rs3e brz-wrapper\">\n<div class=\"brz-icon-text brz-css-8lu9xm\" data-brz-custom-id=\"jhvzybbmtkgzrbyjdqtwmbkgnsmfgubrrdio\">\n<div class=\"brz-icon__container\" data-brz-custom-id=\"pomyilnsddrpkwrwwemsmgokignqtqkubvmi\"><span class=\"brz-icon brz-span brz-css-r9hjnc brz-css-ezsfwt\"><\/span><\/div>\n<div class=\"brz-text-btn\">\n<div class=\"brz-rich-text brz-rich-text__custom brz-css-t637pt\" data-brz-custom-id=\"ddptpktctwwnzczglnuwmnnwbtwgathuxqie\">\n<div data-brz-translate-text=\"1\">\n<p class=\"brz-lh-xs-1_4 brz-fs-lg-18 brz-fs-sm-17 brz-fs-xs-17 brz-ls-lg-0 brz-ls-sm-0 brz-ls-xs-0 brz-ff-arimo brz-ft-google brz-fw-lg-400 brz-fw-sm-400 brz-fw-xs-400 brz-lh-lg-1_3 brz-lh-sm-1_4 brz-css-seNfi\" data-uniq-id=\"mubgq\" data-generated-css=\"brz-css-teici\"><span>Gesellschaftsf\u00e4higkeit \u2013 nach 2 Wochen<\/span><\/p>\n<\/div>\n<\/div>\n<\/div>\n<\/div>\n<\/div>\n<div id=\"\" class=\"brz-css-1z5wqm brz-css-1y6pdsj brz-wrapper\">\n<div class=\"brz-spacer brz-css-12p2ldr brz-css-1hk605p\"><\/div>\n<\/div>\n<\/div>\n<\/div>\n<div class=\"brz-columns brz-css-fxlvdi brz-css-1idz8gd\" data-brz-custom-id=\"gatgvdlffdqbyrewcbcdhmlzcgtdjranduxp\">\n<div class=\"brz-bg\"><\/div>\n<div class=\"brz-column__items brz-css-vxi2tp brz-css-1jrw6cu\">\n<div id=\"\" class=\"brz-css-1z5wqm brz-css-1owsema brz-wrapper\">\n<div class=\"brz-image brz-css-1enip2z brz-css-o54o0w\" data-brz-custom-id=\"hpfzwxthjeopauspueclhrguqkfsiqygiqog\"><img decoding=\"async\" class=\"brz-img\" src=\"https:\/\/drmakclinic.com\/de?brizy_media=wp-d7bfa7478f5ff829fad95f0e6e09c8bd.png&amp;brizy_crop=original\" alt=\"\" loading=\"lazy\"><\/div>\n<\/div>\n<\/div>\n<\/div>\n<\/div>\n<\/div>\n<\/div>\n<\/div>\n<\/section>\n<section id=\"_rzihowbhlbzxfrtpebrsyyjjnjunwzchswdv\" class=\"brz-section brz-css-g3jlrj\">\n<div class=\"brz-section__content brz-section--boxed brz-css-12sdp8t brz-css-1ixbv4v\" data-brz-custom-id=\"ibcogemqteoqypgevopekfbycfebwnslsynn\">\n<div class=\"brz-bg\">\n<div class=\"brz-bg-color\"><\/div>\n<\/div>\n<div class=\"brz-container brz-css-1nh9bdq\">\n<div id=\"\" class=\"brz-css-1z5wqm brz-wrapper\">\n<div class=\"brz-line brz-line-default brz-css-1qem2o0 brz-css-okdred\" data-brz-custom-id=\"icdhlvsmcwezfkhrpkzpdcojvmilchjajmfr\">\n<hr class=\"brz-hr\"><\/div>\n<\/div>\n<div class=\"brz-row__container brz-css-1u0xs7\" data-brz-custom-id=\"isfusgrcsmbbilggmuzxximxuqmswuesgrxm\">\n<div class=\"brz-bg\"><\/div>\n<div class=\"brz-row brz-css-1rg5evx\">\n<div class=\"brz-columns brz-css-fxlvdi brz-css-1syaru0\" data-brz-custom-id=\"lwpjhnkyoqrrdztrxzfutugknsndrpkhcgwl\">\n<div class=\"brz-bg\"><\/div>\n<div class=\"brz-column__items brz-css-vxi2tp\"><\/div>\n<\/div>\n<div class=\"brz-columns brz-css-fxlvdi brz-css-1jx68nb\" data-brz-custom-id=\"sokhnomlmknbfewjzsrvgthhhodqecnocbqz\">\n<div class=\"brz-bg\"><\/div>\n<div class=\"brz-column__items brz-css-vxi2tp\">\n<div id=\"\" class=\"brz-css-1z5wqm brz-wrapper\">\n<div class=\"brz-rich-text brz-rich-text__custom brz-css-t637pt\" data-brz-custom-id=\"tdrrtrxacormnfliaenlguezarvyxpttkfhf\">\n<div data-brz-translate-text=\"1\">\n<p class=\"brz-mt-lg-34 brz-lh-lg-1_9 brz-ls-lg-0 brz-fw-lg-400 brz-fss-lg-px brz-fs-lg-22 brz-ft-upload brz-ff-ckyztbazucvfgxnrkwthfbuhnumrbfrmhags brz-tp-lg-empty brz-css-rFtkE\" data-uniq-id=\"yjsto\" data-generated-css=\"brz-css-khjhb\"><span class=\"brz-cp-color2\">Vor Ihren Behandlungen m\u00fcssen Sie m\u00f6glicherweise auch:<\/span><\/p>\n<\/div>\n<\/div>\n<\/div>\n<div id=\"\" class=\"brz-css-1z5wqm brz-css-14u4e3y brz-wrapper\">\n<div class=\"brz-icon-text brz-css-8lu9xm\" data-brz-custom-id=\"znrhsvrozcmsifwdslzcypagqanwwwixxqek\">\n<div class=\"brz-icon__container\" data-brz-custom-id=\"ecrngaktpedrlddbydnrfkjhdeciwbzscoim\"><span class=\"brz-icon brz-span brz-css-r9hjnc brz-css-v31ksn\"><\/span><\/div>\n<div class=\"brz-text-btn\">\n<div class=\"brz-rich-text brz-rich-text__custom brz-css-t637pt\" data-brz-custom-id=\"lucqphujolowibhsvkjheivjyxvgtukljdvo\">\n<div data-brz-translate-text=\"1\">\n<p class=\"brz-lh-xs-1_4 brz-fs-lg-18 brz-fs-sm-17 brz-fs-xs-17 brz-ls-lg-0 brz-ls-sm-0 brz-ls-xs-0 brz-ff-arimo brz-ft-google brz-fw-lg-400 brz-fw-sm-400 brz-fw-xs-400 brz-lh-lg-1_3 brz-lh-sm-1_4 brz-css-j6Hie\" data-uniq-id=\"jrcnv\" data-generated-css=\"brz-css-ogmjz\"><span>Aufh\u00f6ren zu rauchen. Rauchen verringert die Durchblutung der Haut und kann den Heilungsprozess verlangsamen. Wenn Sie rauchen, wird Dr. Mak Ihnen empfehlen, vor der Operation und w\u00e4hrend der Genesung auf das Rauchen zu verzichten.<\/span><\/p>\n<\/div>\n<\/div>\n<\/div>\n<\/div>\n<\/div>\n<div id=\"\" class=\"brz-css-1z5wqm brz-css-1y6pdsj brz-wrapper\">\n<div class=\"brz-spacer brz-css-12p2ldr brz-css-cmw5wf\"><\/div>\n<\/div>\n<div id=\"\" class=\"brz-css-1z5wqm brz-css-11bpx3i brz-wrapper\">\n<div class=\"brz-icon-text brz-css-8lu9xm\" data-brz-custom-id=\"jxzzfcgzbbazuvbwrtwaefvmhuoasdwrxrqt\">\n<div class=\"brz-icon__container\" data-brz-custom-id=\"ubghppiaqgafsgsinihsevoafqzugdjtuldf\"><span class=\"brz-icon brz-span brz-css-r9hjnc brz-css-16ohg8e\"><\/span><\/div>\n<div class=\"brz-text-btn\">\n<div class=\"brz-rich-text brz-rich-text__custom brz-css-t637pt\" data-brz-custom-id=\"ncztarwpvytqgogpsjlaxggxpmpqgxbbakqk\">\n<div data-brz-translate-text=\"1\">\n<p class=\"brz-lh-sm-1_4 brz-lh-lg-1_3 brz-fw-xs-400 brz-fw-sm-400 brz-fw-lg-400 brz-ft-google brz-ff-arimo brz-ls-xs-0 brz-ls-sm-0 brz-ls-lg-0 brz-fs-xs-17 brz-fs-sm-17 brz-fs-lg-18 brz-lh-xs-1_4 brz-css-md9tT\" data-generated-css=\"brz-css-brvsp\" data-uniq-id=\"zmqfx\"><span>Vermeiden Sie bestimmte Medikamente. Sie m\u00fcssen wahrscheinlich die Einnahme von Aspirin, entz\u00fcndungshemmenden Medikamenten, Blutverd\u00fcnnern und Kr\u00e4uterzus\u00e4tzen vermeiden, die die Blutung verst\u00e4rken k\u00f6nnen.<\/span><\/p>\n<\/div>\n<\/div>\n<\/div>\n<\/div>\n<\/div>\n<\/div>\n<\/div>\n<div class=\"brz-columns brz-css-fxlvdi brz-css-ri1ss0\" data-brz-custom-id=\"safcmtgmnpmoyenighddhmmbgstfhzaxcyhc\">\n<div class=\"brz-bg\"><\/div>\n<div class=\"brz-column__items brz-css-vxi2tp\"><\/div>\n<\/div>\n<\/div>\n<\/div>\n<\/div>\n<\/div>\n<\/section>\n<section id=\"_hkhuwujwkhsoktbuyxemollbrieyzsjaamxo\" class=\"brz-section brz-css-g3jlrj\">\n<div class=\"brz-section__content brz-section--boxed brz-css-12sdp8t brz-css-18r7dds\" data-brz-custom-id=\"blpwabheciqncywlfmruletvyzonvwjmaare\">\n<div class=\"brz-bg\">\n<div class=\"brz-bg-color\"><\/div>\n<\/div>\n<div class=\"brz-container brz-css-1nh9bdq\">\n<div id=\"\" class=\"brz-css-1z5wqm brz-wrapper\">\n<div class=\"brz-line brz-line-default brz-css-1qem2o0 brz-css-r05rli\" data-brz-custom-id=\"gyilxkrwvabltcyipqvdrawtodxvlspeomra\">\n<hr class=\"brz-hr\"><\/div>\n<\/div>\n<div id=\"\" class=\"brz-css-1z5wqm brz-css-1y6pdsj brz-wrapper\">\n<div class=\"brz-spacer brz-css-12p2ldr brz-css-1qlgtde\"><\/div>\n<\/div>\n<div class=\"brz-row__container brz-css-1u0xs7\" data-brz-custom-id=\"besecgskuogwybkkkceyieoomgrweabmsemx\">\n<div class=\"brz-bg\"><\/div>\n<div class=\"brz-row brz-css-1rg5evx brz-css-1k177wg\">\n<div class=\"brz-columns brz-css-fxlvdi brz-css-octrp8\" data-brz-custom-id=\"pjdyddjyeptlbprtmvbkxqkystkwrwujpouy\">\n<div class=\"brz-bg\"><\/div>\n<div class=\"brz-column__items brz-css-vxi2tp brz-css-1hqsxcg\">\n<div id=\"\" class=\"brz-css-1z5wqm brz-css-1awf5ym brz-wrapper\">\n<div class=\"brz-image brz-css-pg05f3 brz-css-o5gsiv\" data-brz-custom-id=\"euhoicglcoqlewoggvkcbfpxuaglxmfdvddu\"><img decoding=\"async\" class=\"brz-img\" src=\"https:\/\/drmakclinic.com\/de?brizy_media=wp-9b7486b9d786a0648588605ea135d33b.jpg&amp;brizy_crop=iW%3D316%26iH%3D211%26oX%3D90%26oY%3D23%26cW%3D105%26cH%3D106\" alt=\"\" loading=\"lazy\"><\/div>\n<\/div>\n<\/div>\n<\/div>\n<div class=\"brz-columns brz-css-fxlvdi brz-css-sijp4z\" data-brz-custom-id=\"vyxoqyyacxvsabeyrqieiyklkcrwpzipnxhz\">\n<div class=\"brz-bg\"><\/div>\n<div class=\"brz-column__items brz-css-vxi2tp brz-css-zlx96z\">\n<div id=\"\" class=\"brz-css-1z5wqm brz-wrapper\">\n<div class=\"brz-rich-text brz-rich-text__custom brz-css-t637pt\" data-brz-custom-id=\"lpxkvszmsqzudhprdlvqccjjdsgnkauqlpvk\">\n<div data-brz-translate-text=\"1\">\n<p class=\"brz-lh-lg-1_5 brz-ls-lg-0 brz-fw-lg-400 brz-fss-lg-px brz-fs-lg-24 brz-ft-upload brz-ff-ckyztbazucvfgxnrkwthfbuhnumrbfrmhags brz-tp-lg-empty brz-css-zhBVk\" data-generated-css=\"brz-css-fquna\" data-uniq-id=\"fjrdy\">Wenn Sie eine plastische und andere kosmetische Behandlung in Betracht ziehen, ist es mein Ziel als Ihr plastischer Chirurg, Ihnen w\u00e4hrend der gesamten Behandlung die h\u00f6chste Qualit\u00e4t und die beste Versorgung zu bieten.<\/p>\n<\/div>\n<\/div>\n<\/div>\n<div id=\"\" class=\"brz-css-1z5wqm brz-css-1y6pdsj brz-css-iuc771 brz-wrapper\">\n<div class=\"brz-spacer brz-css-12p2ldr brz-css-ocvvv0\"><\/div>\n<\/div>\n<div id=\"\" class=\"brz-css-1z5wqm brz-css-1um5st1 brz-wrapper\">\n<div class=\"brz-rich-text brz-rich-text__custom brz-css-t637pt\" data-brz-custom-id=\"djbtanrhswvdypmliguelmuesymnbxpcsted\">\n<div data-brz-translate-text=\"1\">\n<p class=\"brz-text-xs-center brz-tp-lg-heading4 brz-css-jOlBM\" data-uniq-id=\"mrayu\" data-generated-css=\"brz-css-yakzy\"><strong class=\"brz-cp-color2\">Dr. Mehmet Arif Karag\u00f6z<\/strong><\/p>\n<\/div>\n<\/div>\n<\/div>\n<div id=\"\" class=\"brz-css-1z5wqm brz-css-8kbugs brz-wrapper\">\n<div class=\"brz-rich-text brz-rich-text__custom brz-css-t637pt\" data-brz-custom-id=\"dlsoeurmmoarzguukolbvjwkeicpyzoitwzj\">\n<div data-brz-translate-text=\"1\">\n<p class=\"brz-tp-lg-paragraph brz-text-xs-center brz-css-f4ha2\" data-generated-css=\"brz-css-biiay\" data-uniq-id=\"elflk\"><span class=\"brz-cp-color7\">Dr. Mak Plastischer Chirurg<\/span><\/p>\n<\/div>\n<\/div>\n<\/div>\n<\/div>\n<\/div>\n<\/div>\n<\/div>\n<div id=\"\" class=\"brz-css-1z5wqm brz-css-1y6pdsj brz-css-1rwktnq brz-wrapper\">\n<div class=\"brz-spacer brz-css-12p2ldr brz-css-14s42kw\"><\/div>\n<\/div>\n<div id=\"\" class=\"brz-css-1z5wqm brz-wrapper\">\n<div class=\"brz-line brz-line-default brz-css-1qem2o0 brz-css-sfzmve\" data-brz-custom-id=\"jmidqaegbefkhtnckmsyvdkwtbtzxtubixnw\">\n<hr class=\"brz-hr\"><\/div>\n<\/div>\n<\/div>\n<\/div>\n<\/section>\n<\/div>\n<p>    <!-- version:1738281710 --><\/p>\n","protected":false},"excerpt":{"rendered":"<p>Oberschenkelstraffung Oberschenkelstraffung Durch die Oberschenkelstraffung werden die Oberschenkel neu geformt, indem \u00fcbersch\u00fcssige Haut und Fett reduziert werden, was zu einer glatteren Haut und besser proportionierten Konturen der Oberschenkel und des Unterk\u00f6rpers f\u00fchrt. Narkose \u2013 Vollnarkose durch einen Facharzt Klinikaufenthalt \u2013 5 N\u00e4chte OP Dauer \u2013 1 bis 2 Stunden Gesellschaftsf\u00e4higkeit \u2013 nach 2 Wochen Vor [&hellip;]<\/p>\n","protected":false},"author":1,"featured_media":0,"parent":1120,"menu_order":0,"comment_status":"closed","ping_status":"closed","template":"","meta":{"footnotes":""},"class_list":["post-1233","page","type-page","status-publish","hentry"],"blocksy_meta":{"styles_descriptor":{"styles":{"desktop":"","tablet":"","mobile":""},"google_fonts":[],"version":6}},"_links":{"self":[{"href":"https:\/\/drmakclinic.com\/de\/wp-json\/wp\/v2\/pages\/1233","targetHints":{"allow":["GET"]}}],"collection":[{"href":"https:\/\/drmakclinic.com\/de\/wp-json\/wp\/v2\/pages"}],"about":[{"href":"https:\/\/drmakclinic.com\/de\/wp-json\/wp\/v2\/types\/page"}],"author":[{"embeddable":true,"href":"https:\/\/drmakclinic.com\/de\/wp-json\/wp\/v2\/users\/1"}],"replies":[{"embeddable":true,"href":"https:\/\/drmakclinic.com\/de\/wp-json\/wp\/v2\/comments?post=1233"}],"version-history":[{"count":0,"href":"https:\/\/drmakclinic.com\/de\/wp-json\/wp\/v2\/pages\/1233\/revisions"}],"up":[{"embeddable":true,"href":"https:\/\/drmakclinic.com\/de\/wp-json\/wp\/v2\/pages\/1120"}],"wp:attachment":[{"href":"https:\/\/drmakclinic.com\/de\/wp-json\/wp\/v2\/media?parent=1233"}],"curies":[{"name":"wp","href":"https:\/\/api.w.org\/{rel}","templated":true}]}}