{"id":1245,"date":"2022-08-28T20:51:43","date_gmt":"2022-08-28T17:51:43","guid":{"rendered":"https:\/\/drmakclinic.com\/?page_id=1245"},"modified":"2025-01-31T02:57:07","modified_gmt":"2025-01-30T23:57:07","slug":"vaginoplasty","status":"publish","type":"page","link":"https:\/\/drmakclinic.com\/de\/procedures\/aesthetic-plastic-surgery\/vaginoplasty\/","title":{"rendered":"Vaginoplasty"},"content":{"rendered":"<div class=\"brz-root__container brz-reset-all brz brz-root__container-page\">\n<section id=\"_ycnbkcxjqocvnohuqslihplyadmonegsuodc\" class=\"brz-section brz-css-5g1uao\">\n<div class=\"brz-section__content brz-section--boxed brz-css-670ddg brz-css-ehd5pi\" data-brz-custom-id=\"mupixbzxywlprbrlsxmrzcqdpzjihmlbgbol\">\n<div class=\"brz-bg\">\n<div class=\"brz-bg-color\"><\/div>\n<\/div>\n<div class=\"brz-container brz-css-1xeruql\">\n<div class=\"brz-row__container brz-css-xzeu3d\" data-brz-custom-id=\"tlykfajumbmtudowzlvmxcvjnbotngajgyip\">\n<div class=\"brz-bg\"><\/div>\n<div class=\"brz-row brz-css-le67ze brz-css-1xj6sz2\">\n<div class=\"brz-columns brz-css-15hv3hq brz-css-s0l6ep\" data-brz-custom-id=\"rjtiodwuxsbaxiaqnrdyikuwqvvdjddpatbg\">\n<div class=\"brz-bg\"><\/div>\n<div class=\"brz-column__items brz-css-t7vsbo\">\n<div id=\"\" class=\"brz-css-19bivo1 brz-wrapper\">\n<div class=\"brz-icon-text brz-css-1a0s4wn brz-css-1b2j61q\" data-brz-custom-id=\"cjpqzcisjhqcmzsytpdncgfssxayuxcruohv\">\n<div class=\"brz-icon__container\" data-brz-custom-id=\"hkwkgsehuunfyordsjnkkgwrcxxzjvofqkqd\"><span class=\"brz-icon brz-span brz-css-tu2cz9 brz-css-1vt5q9p\"><\/span><\/div>\n<div class=\"brz-text-btn\">\n<div class=\"brz-rich-text brz-rich-text__custom brz-css-4i1dsd\" data-brz-custom-id=\"kwdnedfmnsijzwxglvosqijbnfffeqryvimk\">\n<div data-brz-translate-text=\"1\">\n<p class=\"brz-lh-lg-1 brz-ls-lg-0 brz-fw-lg-400 brz-fss-lg-px brz-fs-lg-66 brz-ft-upload brz-ff-izzivsxniqvyexslaslvwzgtgnghvrxuxiru brz-tp-lg-empty brz-css-zMEGf\" data-generated-css=\"brz-css-oswmm\" data-uniq-id=\"mmerw\"><span>Intimchirurgie (Vaginoplastik)<\/span><\/p>\n<\/div>\n<\/div>\n<\/div>\n<\/div>\n<\/div>\n<\/div>\n<\/div>\n<\/div>\n<\/div>\n<\/div>\n<\/div>\n<\/section>\n<section id=\"_iadkoeeyhjmcschxfuicqhdjmrkmoladmikp\" class=\"brz-section brz-css-5g1uao\">\n<div class=\"brz-section__content brz-section--boxed brz-css-670ddg brz-css-18otrhc\" data-brz-custom-id=\"blmdlojhzhtwpfhhoimytqjsoazleiicwejh\">\n<div class=\"brz-bg\">\n<div class=\"brz-bg-color\"><\/div>\n<\/div>\n<div class=\"brz-container brz-css-1xeruql\">\n<div id=\"\" class=\"brz-css-19bivo1 brz-wrapper\">\n<div class=\"brz-line brz-line-default brz-css-7svpps brz-css-ryodlm\" data-brz-custom-id=\"exodkmbogpagwzuxknscrykdktrbhrhduwuu\">\n<hr class=\"brz-hr\"><\/div>\n<\/div>\n<div class=\"brz-row__container brz-css-xzeu3d\" data-brz-custom-id=\"edslivncrvkiouymtonckclutzaqzndcspqt\">\n<div class=\"brz-bg\"><\/div>\n<div class=\"brz-row brz-css-le67ze brz-css-1vbezgg\">\n<div class=\"brz-columns brz-css-15hv3hq brz-css-1e4cm7s\" data-brz-custom-id=\"ornnaludllfqjjfhxhbtdtqzmyqefkqxdjrz\">\n<div class=\"brz-bg\"><\/div>\n<div class=\"brz-column__items brz-css-t7vsbo brz-css-1o1zvs5\">\n<div id=\"\" class=\"brz-css-19bivo1 brz-css-dz58ix brz-wrapper\">\n<div class=\"brz-rich-text brz-rich-text__custom brz-css-4i1dsd\" data-brz-custom-id=\"uznbplvzvrcincxawhvffmgciazamvjsgegv\">\n<div data-brz-translate-text=\"1\">\n<p class=\"brz-lh-lg-1_5 brz-ls-lg-1_1 brz-fw-lg-700 brz-fss-lg-px brz-fs-lg-13 brz-ft-google brz-ff-manrope brz-tp-lg-empty brz-css-jrrEd\" data-generated-css=\"brz-css-ufekw\" data-uniq-id=\"ipxbu\"><span class=\"brz-capitalize-on\">Intimchirurgie (Vaginoplastik)<\/span><\/p>\n<\/div>\n<\/div>\n<\/div>\n<div id=\"\" class=\"brz-css-19bivo1 brz-css-1gpqyyd brz-wrapper\">\n<div class=\"brz-rich-text brz-rich-text__custom brz-css-4i1dsd\" data-brz-custom-id=\"zfkfwzterqynsdoukwzykpofvuwzkypscvic\">\n<div data-brz-translate-text=\"1\">\n<p class=\"brz-ls-lg-0 brz-fw-lg-400 brz-fss-lg-px brz-fs-lg-36 brz-ft-upload brz-ff-ckyztbazucvfgxnrkwthfbuhnumrbfrmhags brz-tp-lg-empty brz-lh-lg-1_3 brz-css-i3SM9\" data-generated-css=\"brz-css-cnfqk\" data-uniq-id=\"derom\"><span class=\"brz-cp-color2\">Vaginalplastik ist ein Verfahren, die wegen Alter, Geburt, gyn\u00e4kologischen Eingriffe an der Vagina entstehenden Entspannung und Elastizit\u00e4tsverlust zu beseitigen und eine Verj\u00fcngerung zu erzielen.<\/span><\/p>\n<\/div>\n<\/div>\n<\/div>\n<div id=\"\" class=\"brz-css-19bivo1 brz-css-1ier2z brz-wrapper\">\n<div class=\"brz-spacer brz-css-14ouc8y brz-css-1t9kkl5\"><\/div>\n<\/div>\n<div id=\"\" class=\"brz-css-19bivo1 brz-css-1ier2z brz-wrapper\">\n<div class=\"brz-spacer brz-css-14ouc8y brz-css-123s3ux\"><\/div>\n<\/div>\n<div id=\"\" class=\"brz-css-19bivo1 brz-css-1b24s0z brz-wrapper\">\n<div class=\"brz-icon-text brz-css-1a0s4wn\" data-brz-custom-id=\"aiilyxawwwbmyrwbskitxdakwwdiiolbltfo\">\n<div class=\"brz-icon__container\" data-brz-custom-id=\"xsnssapttmplpnoivktsxttomowkdjgeyesx\"><span class=\"brz-icon brz-span brz-css-tu2cz9 brz-css-1yuvmd7\"><\/span><\/div>\n<div class=\"brz-text-btn\">\n<div class=\"brz-rich-text brz-rich-text__custom brz-css-4i1dsd\" data-brz-custom-id=\"ycorovnuarhnkjpupojqcxfhomcjtyfajbdj\">\n<div data-brz-translate-text=\"1\">\n<p class=\"brz-lh-lg-1_3 brz-fw-xs-400 brz-fw-sm-400 brz-fw-lg-400 brz-ft-google brz-ff-arimo brz-ls-xs-0 brz-ls-sm-0 brz-ls-lg-0 brz-fs-xs-17 brz-fs-sm-17 brz-fs-lg-18 brz-lh-sm-1_4 brz-lh-xs-1_4 brz-css-iduyN\" data-generated-css=\"brz-css-mfqfh\" data-uniq-id=\"cgvyo\"><span>Narkose \u2013 Vollnarkose durch einen Facharzt<\/span><\/p>\n<\/div>\n<\/div>\n<\/div>\n<\/div>\n<\/div>\n<div id=\"\" class=\"brz-css-19bivo1 brz-css-1ier2z brz-wrapper\">\n<div class=\"brz-spacer brz-css-14ouc8y brz-css-zb1m2w\"><\/div>\n<\/div>\n<div id=\"\" class=\"brz-css-19bivo1 brz-css-1mho547 brz-wrapper\">\n<div class=\"brz-icon-text brz-css-1a0s4wn\" data-brz-custom-id=\"mukxwjtebdzhbunschhybledrzdxzfkduqpv\">\n<div class=\"brz-icon__container\" data-brz-custom-id=\"pcnyuqvwebaqicrqgpyelybmyrcdhklrjukj\"><span class=\"brz-icon brz-span brz-css-tu2cz9 brz-css-1wssa0b\"><\/span><\/div>\n<div class=\"brz-text-btn\">\n<div class=\"brz-rich-text brz-rich-text__custom brz-css-4i1dsd\" data-brz-custom-id=\"krhsgtcwyogypwobewynprojkbjawbxsigcr\">\n<div data-brz-translate-text=\"1\">\n<p class=\"brz-lh-sm-1_4 brz-lh-lg-1_3 brz-fw-xs-400 brz-fw-sm-400 brz-fw-lg-400 brz-ft-google brz-ff-arimo brz-ls-xs-0 brz-ls-sm-0 brz-ls-lg-0 brz-fs-xs-17 brz-fs-sm-17 brz-fs-lg-18 brz-lh-xs-1_4 brz-css-vmnCf\" data-uniq-id=\"ngkpj\" data-generated-css=\"brz-css-pbupm\"><span>Klinikaufenthalt \u2013 4 N\u00e4chte<\/span><\/p>\n<\/div>\n<\/div>\n<\/div>\n<\/div>\n<\/div>\n<div id=\"\" class=\"brz-css-19bivo1 brz-css-1ier2z brz-wrapper\">\n<div class=\"brz-spacer brz-css-14ouc8y brz-css-1u2hn26\"><\/div>\n<\/div>\n<div id=\"\" class=\"brz-css-19bivo1 brz-css-1uspx7s brz-wrapper\">\n<div class=\"brz-icon-text brz-css-1a0s4wn\" data-brz-custom-id=\"ifyuaoklebrphdjszpmzdfrbhkrbejqchyvh\">\n<div class=\"brz-icon__container\" data-brz-custom-id=\"rwbjextmgmbpgdhvysvalbewozemewlpggre\"><span class=\"brz-icon brz-span brz-css-tu2cz9 brz-css-3cvj9y\"><\/span><\/div>\n<div class=\"brz-text-btn\">\n<div class=\"brz-rich-text brz-rich-text__custom brz-css-4i1dsd\" data-brz-custom-id=\"eaqnoobuzliflhhevznxwpnxomiujqudnydn\">\n<div data-brz-translate-text=\"1\">\n<p class=\"brz-lh-sm-1_4 brz-lh-lg-1_3 brz-fw-xs-400 brz-fw-sm-400 brz-fw-lg-400 brz-ft-google brz-ff-arimo brz-ls-xs-0 brz-ls-sm-0 brz-ls-lg-0 brz-fs-xs-17 brz-fs-sm-17 brz-fs-lg-18 brz-lh-xs-1_4 brz-css-zHxa5\" data-uniq-id=\"xoofc\" data-generated-css=\"brz-css-kjels\"><span>OP Dauer \u2013 1 Stunde<\/span><\/p>\n<\/div>\n<\/div>\n<\/div>\n<\/div>\n<\/div>\n<div id=\"\" class=\"brz-css-19bivo1 brz-css-1ier2z brz-wrapper\">\n<div class=\"brz-spacer brz-css-14ouc8y brz-css-1r3gcdw\"><\/div>\n<\/div>\n<div id=\"\" class=\"brz-css-19bivo1 brz-css-1vupdk8 brz-wrapper\">\n<div class=\"brz-icon-text brz-css-1a0s4wn\" data-brz-custom-id=\"aptwkpcvousgssgmvymscmbgpdmryzrsqdre\">\n<div class=\"brz-icon__container\" data-brz-custom-id=\"xmcuszqmkjvkhpkqnuzwwgxlqeiwmyzdmhfu\"><span class=\"brz-icon brz-span brz-css-tu2cz9 brz-css-1djyyxp\"><\/span><\/div>\n<div class=\"brz-text-btn\">\n<div class=\"brz-rich-text brz-rich-text__custom brz-css-4i1dsd\" data-brz-custom-id=\"achpyoyglzxoumpshbpqyrgmlpuponzfsmai\">\n<div data-brz-translate-text=\"1\">\n<p class=\"brz-lh-sm-1_4 brz-lh-lg-1_3 brz-fw-xs-400 brz-fw-sm-400 brz-fw-lg-400 brz-ft-google brz-ff-arimo brz-ls-xs-0 brz-ls-sm-0 brz-ls-lg-0 brz-fs-xs-17 brz-fs-sm-17 brz-fs-lg-18 brz-lh-xs-1_4 brz-css-u4G6f\" data-generated-css=\"brz-css-tyujs\" data-uniq-id=\"ubfbd\"><span>Gesellschaftsf\u00e4higkeit \u2013 nach 2 Wochen<\/span><\/p>\n<\/div>\n<\/div>\n<\/div>\n<\/div>\n<\/div>\n<div id=\"\" class=\"brz-css-19bivo1 brz-css-1ier2z brz-wrapper\">\n<div class=\"brz-spacer brz-css-14ouc8y brz-css-1g09d07\"><\/div>\n<\/div>\n<\/div>\n<\/div>\n<div class=\"brz-columns brz-css-15hv3hq brz-css-129l46e\" data-brz-custom-id=\"dttltoiwevdojihnpaobyxybyvbfwduohdrb\">\n<div class=\"brz-bg\"><\/div>\n<div class=\"brz-column__items brz-css-t7vsbo brz-css-1g91i6c\">\n<div id=\"\" class=\"brz-css-19bivo1 brz-css-1o7ngj6 brz-wrapper\">\n<div class=\"brz-image brz-css-gk63rk brz-css-1jymosn\" data-brz-custom-id=\"vjpfkjrvjxdldztpqxynpezdsoxccyyhauhp\"><img decoding=\"async\" class=\"brz-img\" src=\"https:\/\/drmakclinic.com\/de?brizy_media=wp-515ea4b4f4f52a901e6c096490cc4a11.png&amp;brizy_crop=original\" alt=\"\" loading=\"lazy\"><\/div>\n<\/div>\n<\/div>\n<\/div>\n<\/div>\n<\/div>\n<\/div>\n<\/div>\n<\/section>\n<section id=\"_nboyhjyvgqtljjqmwttessyztljxektgnxci\" class=\"brz-section brz-css-5g1uao\">\n<div class=\"brz-section__content brz-section--boxed brz-css-670ddg brz-css-1leha02\" data-brz-custom-id=\"zhvlyxtxrzfikqieebgbeewsfqhgnybhshst\">\n<div class=\"brz-bg\">\n<div class=\"brz-bg-color\"><\/div>\n<\/div>\n<div class=\"brz-container brz-css-1xeruql\">\n<div id=\"\" class=\"brz-css-19bivo1 brz-wrapper\">\n<div class=\"brz-line brz-line-default brz-css-7svpps brz-css-wx93eo\" data-brz-custom-id=\"fpcewwstnhtsliqluagiulgjveignzkwqhie\">\n<hr class=\"brz-hr\"><\/div>\n<\/div>\n<div class=\"brz-row__container brz-css-xzeu3d\" data-brz-custom-id=\"wgpytpwmnkcxuqvzkevrvjusywxuecnbfqod\">\n<div class=\"brz-bg\"><\/div>\n<div class=\"brz-row brz-css-le67ze\">\n<div class=\"brz-columns brz-css-15hv3hq brz-css-1jrmgnm\" data-brz-custom-id=\"tmzexxapnvorftqcqhauofjylbcupllrfbte\">\n<div class=\"brz-bg\"><\/div>\n<div class=\"brz-column__items brz-css-t7vsbo\"><\/div>\n<\/div>\n<div class=\"brz-columns brz-css-15hv3hq brz-css-73ob48\" data-brz-custom-id=\"ytiajhtutbqqzmpapyujmggygmgccmfszfxg\">\n<div class=\"brz-bg\"><\/div>\n<div class=\"brz-column__items brz-css-t7vsbo\">\n<div id=\"\" class=\"brz-css-19bivo1 brz-wrapper\">\n<div class=\"brz-rich-text brz-rich-text__custom brz-css-4i1dsd\" data-brz-custom-id=\"kweeminozivvrcsusealuzkrickmoeuluray\">\n<div data-brz-translate-text=\"1\">\n<p class=\"brz-fss-lg-px brz-fw-lg-400 brz-ls-lg-0 brz-lh-lg-1_9 brz-tp-lg-empty brz-ff-ckyztbazucvfgxnrkwthfbuhnumrbfrmhags brz-ft-upload brz-fs-lg-22 brz-css-ir6Ip\" data-uniq-id=\"oryjt\" data-generated-css=\"brz-css-uomdd\"><span>Was bewirkt eine Vaginoplastik?<\/span><\/p>\n<\/div>\n<\/div>\n<\/div>\n<div id=\"\" class=\"brz-css-19bivo1 brz-css-wga4yq brz-wrapper\">\n<div class=\"brz-rich-text brz-rich-text__custom brz-css-4i1dsd\" data-brz-custom-id=\"wlnofsuemycfgdmnutadkznxuxvrcfcucnik\">\n<div data-brz-translate-text=\"1\">\n<p class=\"brz-tp-lg-empty brz-ff-manrope brz-ft-google brz-fs-lg-16 brz-fss-lg-px brz-fw-lg-400 brz-ls-lg-0 brz-lh-lg-1_9 brz-css-ij7Ov\" data-uniq-id=\"ahixt\" data-generated-css=\"brz-css-qkutc\"><span>Eine Vaginoplastik bringt die getrennten Muskeln zusammen, und die \u00fcbersch\u00fcssige Haut wird von der R\u00fcckseite der Vagina entfernt. Die Au\u00dfenhaut kann f\u00fcr ein \u00e4sthetisch besseres Erscheinungsbild auch entfernt werden.<\/span><\/p>\n<\/div>\n<\/div>\n<\/div>\n<div id=\"\" class=\"brz-css-19bivo1 brz-wrapper\">\n<div class=\"brz-rich-text brz-rich-text__custom brz-css-4i1dsd\" data-brz-custom-id=\"vdzommcdczgfjpcyvohnxachzvptkipelelg\">\n<div data-brz-translate-text=\"1\">\n<p class=\"brz-fs-lg-22 brz-ft-upload brz-ff-ckyztbazucvfgxnrkwthfbuhnumrbfrmhags brz-tp-lg-empty brz-lh-lg-1_9 brz-ls-lg-0 brz-fw-lg-400 brz-fss-lg-px brz-css-uBqp_\" data-generated-css=\"brz-css-ouvds\" data-uniq-id=\"uxtqa\"><span>Vaginoplastik-Verfahren<\/span><\/p>\n<\/div>\n<\/div>\n<\/div>\n<div id=\"\" class=\"brz-css-19bivo1 brz-css-kubpif brz-wrapper\">\n<div class=\"brz-rich-text brz-rich-text__custom brz-css-4i1dsd\" data-brz-custom-id=\"vjklheyxmotrsvewrnslgpcjjmkujjhfeusu\">\n<div data-brz-translate-text=\"1\">\n<p class=\"brz-tp-lg-empty brz-ff-manrope brz-ft-google brz-fs-lg-16 brz-fss-lg-px brz-fw-lg-400 brz-ls-lg-0 brz-lh-lg-1_9 brz-css-lNStq\" data-uniq-id=\"syzss\" data-generated-css=\"brz-css-keqzp\"><span>Je nach St\u00e4rke der Straffung, wird \u00fcbersch\u00fcssige Haut abgegrenzt, die aus dem Inneren der Vagina entfernt werden soll. Unter der Haut wird das Gewebe mit starken N\u00e4hten gestrafft. Nachdem der Vaginalkanal gestrafft wurde, wird die Haut zugen\u00e4ht. Wenn Au\u00dfenhaut hervorsteht, kann diese f\u00fcr ein \u00e4sthetisch besseres Ergebnis ebenfalls entfernt werden.<\/span><\/p>\n<\/div>\n<\/div>\n<\/div>\n<div id=\"\" class=\"brz-css-19bivo1 brz-wrapper\">\n<div class=\"brz-rich-text brz-rich-text__custom brz-css-4i1dsd\" data-brz-custom-id=\"wzhbtuukekkltpffckydjsojettzvsctjkuf\">\n<div data-brz-translate-text=\"1\">\n<p class=\"brz-fss-lg-px brz-fw-lg-400 brz-ls-lg-0 brz-lh-lg-1_9 brz-tp-lg-empty brz-ff-ckyztbazucvfgxnrkwthfbuhnumrbfrmhags brz-ft-upload brz-fs-lg-22 brz-css-pGaw0\" data-uniq-id=\"udujr\" data-generated-css=\"brz-css-cglxa\"><span>Erholung von einer Vaginoplastik<\/span><\/p>\n<\/div>\n<\/div>\n<\/div>\n<div id=\"\" class=\"brz-css-19bivo1 brz-css-1btsrhn brz-wrapper\">\n<div class=\"brz-rich-text brz-rich-text__custom brz-css-4i1dsd\" data-brz-custom-id=\"bicwdukoyciboxdosdybtwmkueeofntzgafw\">\n<div data-brz-translate-text=\"1\">\n<p class=\"brz-tp-lg-empty brz-ff-manrope brz-ft-google brz-fs-lg-16 brz-fss-lg-px brz-fw-lg-400 brz-ls-lg-0 brz-lh-lg-1_9 brz-css-zT2Q4\" data-uniq-id=\"verae\" data-generated-css=\"brz-css-qtkei\"><span>Patienten k\u00f6nnen ein bis zwei Wochen Ausfallzeit haben. Sie k\u00f6nnen in den ersten Tagen Schmerzen versp\u00fcren und 4 Wochen lang keinen Tampon verwenden oder Geschlechtsverkehr haben.<\/span><\/p>\n<\/div>\n<\/div>\n<\/div>\n<div id=\"\" class=\"brz-css-19bivo1 brz-wrapper\">\n<div class=\"brz-rich-text brz-rich-text__custom brz-css-4i1dsd\" data-brz-custom-id=\"ewmksyjhqmhhwbtiwvphhhzjoiwhjrxdjpyy\">\n<div data-brz-translate-text=\"1\">\n<p class=\"brz-mt-lg-34 brz-lh-lg-1_9 brz-ls-lg-0 brz-fw-lg-400 brz-fss-lg-px brz-fs-lg-22 brz-ft-upload brz-ff-ckyztbazucvfgxnrkwthfbuhnumrbfrmhags brz-tp-lg-empty brz-css-kp2Uv\" data-uniq-id=\"ljfts\" data-generated-css=\"brz-css-ahref\"><span>Vor Ihren Behandlungen m\u00fcssen Sie m\u00f6glicherweise auch:<\/span><\/p>\n<\/div>\n<\/div>\n<\/div>\n<div id=\"\" class=\"brz-css-19bivo1 brz-css-1fs9805 brz-wrapper\">\n<div class=\"brz-icon-text brz-css-1a0s4wn\" data-brz-custom-id=\"immytueppomnoorervclzvxvukynwfastjrw\">\n<div class=\"brz-icon__container\" data-brz-custom-id=\"aunnqztulvylpzlrrczmiqprwznrfhkffynz\"><span class=\"brz-icon brz-span brz-css-tu2cz9 brz-css-zg92m\"><\/span><\/div>\n<div class=\"brz-text-btn\">\n<div class=\"brz-rich-text brz-rich-text__custom brz-css-4i1dsd\" data-brz-custom-id=\"qjcrjupejlamfgoairvhgptxibfpetlslflp\">\n<div data-brz-translate-text=\"1\">\n<p class=\"brz-lh-xs-1_4 brz-fs-lg-18 brz-fs-sm-17 brz-fs-xs-17 brz-ls-lg-0 brz-ls-sm-0 brz-ls-xs-0 brz-ff-arimo brz-ft-google brz-fw-lg-400 brz-fw-sm-400 brz-fw-xs-400 brz-lh-lg-1_3 brz-lh-sm-1_4 brz-css-eelVn\" data-uniq-id=\"ziuoo\" data-generated-css=\"brz-css-xrdpi\"><span>Aufh\u00f6ren zu rauchen. Rauchen verringert die Durchblutung der Haut und kann den Heilungsprozess verlangsamen. Wenn Sie rauchen, wird Dr. Mak Ihnen empfehlen, vor der Operation und w\u00e4hrend der Genesung auf das Rauchen zu verzichten.<\/span><\/p>\n<\/div>\n<\/div>\n<\/div>\n<\/div>\n<\/div>\n<div id=\"\" class=\"brz-css-19bivo1 brz-css-1ier2z brz-wrapper\">\n<div class=\"brz-spacer brz-css-14ouc8y brz-css-1t7dmhy\"><\/div>\n<\/div>\n<div id=\"\" class=\"brz-css-19bivo1 brz-css-6m0esc brz-wrapper\">\n<div class=\"brz-icon-text brz-css-1a0s4wn\" data-brz-custom-id=\"dcvrbyulmpvgvjhzgwdymdunrmmwoygnycge\">\n<div class=\"brz-icon__container\" data-brz-custom-id=\"sporyjmatxunamelnzslsqsbegpemzogultx\"><span class=\"brz-icon brz-span brz-css-tu2cz9 brz-css-bratkh\"><\/span><\/div>\n<div class=\"brz-text-btn\">\n<div class=\"brz-rich-text brz-rich-text__custom brz-css-4i1dsd\" data-brz-custom-id=\"ldgiqyfqzxxmlavevbqwrsbptkovagrmudom\">\n<div data-brz-translate-text=\"1\">\n<p class=\"brz-lh-sm-1_4 brz-lh-lg-1_3 brz-fw-xs-400 brz-fw-sm-400 brz-fw-lg-400 brz-ft-google brz-ff-arimo brz-ls-xs-0 brz-ls-sm-0 brz-ls-lg-0 brz-fs-xs-17 brz-fs-sm-17 brz-fs-lg-18 brz-lh-xs-1_4 brz-css-tgzSL\" data-generated-css=\"brz-css-nnakd\" data-uniq-id=\"chyua\"><span>Vermeiden Sie bestimmte Medikamente. Sie m\u00fcssen wahrscheinlich die Einnahme von Aspirin, entz\u00fcndungshemmenden Medikamenten, Blutverd\u00fcnnern und Kr\u00e4uterzus\u00e4tzen vermeiden, die die Blutung verst\u00e4rken k\u00f6nnen.<\/span><\/p>\n<\/div>\n<\/div>\n<\/div>\n<\/div>\n<\/div>\n<\/div>\n<\/div>\n<div class=\"brz-columns brz-css-15hv3hq brz-css-1ljz6ql\" data-brz-custom-id=\"rsrruuwoakbclpvvalfxeqfaynlndcrupdne\">\n<div class=\"brz-bg\"><\/div>\n<div class=\"brz-column__items brz-css-t7vsbo\"><\/div>\n<\/div>\n<\/div>\n<\/div>\n<\/div>\n<\/div>\n<\/section>\n<section id=\"_crikoaktqrvcaopszrkfesoafoszvnhdnwgx\" class=\"brz-section brz-css-5g1uao\">\n<div class=\"brz-section__content brz-section--boxed brz-css-670ddg brz-css-1e01l15\" data-brz-custom-id=\"kqzgxrymsnlmpamrkyyrtjepxyjgchzeksqp\">\n<div class=\"brz-bg\">\n<div class=\"brz-bg-color\"><\/div>\n<\/div>\n<div class=\"brz-container brz-css-1xeruql\">\n<div id=\"\" class=\"brz-css-19bivo1 brz-wrapper\">\n<div class=\"brz-line brz-line-default brz-css-7svpps brz-css-1194vxa\" data-brz-custom-id=\"tvpbwyzpicipjjkkkiqqmgsjonwsfitwtjtg\">\n<hr class=\"brz-hr\"><\/div>\n<\/div>\n<div id=\"\" class=\"brz-css-19bivo1 brz-css-1ier2z brz-wrapper\">\n<div class=\"brz-spacer brz-css-14ouc8y brz-css-fnj364\"><\/div>\n<\/div>\n<div class=\"brz-row__container brz-css-xzeu3d\" data-brz-custom-id=\"mucujbfngcjpbuvzjgaabanugvgbigdiwjwx\">\n<div class=\"brz-bg\"><\/div>\n<div class=\"brz-row brz-css-le67ze brz-css-1vbezgg\">\n<div class=\"brz-columns brz-css-15hv3hq brz-css-28nvae\" data-brz-custom-id=\"uohhrltekimfcptbhjzfmdftrviilutivhvj\">\n<div class=\"brz-bg\"><\/div>\n<div class=\"brz-column__items brz-css-t7vsbo brz-css-inbtxv\">\n<div id=\"\" class=\"brz-css-19bivo1 brz-css-1i8bpf6 brz-wrapper\">\n<div class=\"brz-image brz-css-z8gbu9 brz-css-188nzah\" data-brz-custom-id=\"lepsfufitvmfwfzhkjbnpejdffydxnccfbqo\"><img decoding=\"async\" class=\"brz-img\" src=\"https:\/\/drmakclinic.com\/de?brizy_media=wp-9b7486b9d786a0648588605ea135d33b.jpg&amp;brizy_crop=iW%3D316%26iH%3D211%26oX%3D90%26oY%3D23%26cW%3D105%26cH%3D106\" alt=\"\" loading=\"lazy\"><\/div>\n<\/div>\n<\/div>\n<\/div>\n<div class=\"brz-columns brz-css-15hv3hq brz-css-1z0y0ei\" data-brz-custom-id=\"xxkmbjlajljxnhemnapviqzivhardyevtcnu\">\n<div class=\"brz-bg\"><\/div>\n<div class=\"brz-column__items brz-css-t7vsbo brz-css-1a8lmr9\">\n<div id=\"\" class=\"brz-css-19bivo1 brz-wrapper\">\n<div class=\"brz-rich-text brz-rich-text__custom brz-css-4i1dsd\" data-brz-custom-id=\"fmalrooxzxuycjiiadrxsuxmgbvekmmnvnbv\">\n<div data-brz-translate-text=\"1\">\n<p class=\"brz-lh-lg-1_5 brz-ls-lg-0 brz-fw-lg-400 brz-fss-lg-px brz-fs-lg-24 brz-ft-upload brz-ff-ckyztbazucvfgxnrkwthfbuhnumrbfrmhags brz-tp-lg-empty brz-css-uBEZO\" data-generated-css=\"brz-css-mppap\" data-uniq-id=\"myvce\">Wenn Sie eine plastische und andere kosmetische Behandlung in Betracht ziehen, ist es mein Ziel als Ihr plastischer Chirurg, Ihnen w\u00e4hrend der gesamten Behandlung die h\u00f6chste Qualit\u00e4t und die beste Versorgung zu bieten.<\/p>\n<\/div>\n<\/div>\n<\/div>\n<div id=\"\" class=\"brz-css-19bivo1 brz-css-1ier2z brz-css-bgtsqw brz-wrapper\">\n<div class=\"brz-spacer brz-css-14ouc8y brz-css-6noers\"><\/div>\n<\/div>\n<div id=\"\" class=\"brz-css-19bivo1 brz-css-tftxne brz-wrapper\">\n<div class=\"brz-rich-text brz-rich-text__custom brz-css-4i1dsd\" data-brz-custom-id=\"rkogbhpyfpcgealtmbhbbdrrssapkybztxkx\">\n<div data-brz-translate-text=\"1\">\n<p class=\"brz-text-xs-center brz-tp-lg-heading4 brz-css-top4K\" data-uniq-id=\"mrayu\" data-generated-css=\"brz-css-yakzy\"><strong class=\"brz-cp-color2\">Dr. Mehmet Arif Karag\u00f6z<\/strong><\/p>\n<\/div>\n<\/div>\n<\/div>\n<div id=\"\" class=\"brz-css-19bivo1 brz-css-1f8opjf brz-wrapper\">\n<div class=\"brz-rich-text brz-rich-text__custom brz-css-4i1dsd\" data-brz-custom-id=\"anjitqzmrgpetkmctgpqlpuazpuliacseqdl\">\n<div data-brz-translate-text=\"1\">\n<p class=\"brz-text-xs-center brz-tp-lg-paragraph brz-css-wIcvI\" data-uniq-id=\"pqzic\" data-generated-css=\"brz-css-usrew\"><span class=\"brz-cp-color7\">Dr. Mak Plastischer Chirurg<\/span><\/p>\n<\/div>\n<\/div>\n<\/div>\n<\/div>\n<\/div>\n<\/div>\n<\/div>\n<div id=\"\" class=\"brz-css-19bivo1 brz-css-1ier2z brz-css-xz844h brz-wrapper\">\n<div class=\"brz-spacer brz-css-14ouc8y brz-css-1ietmio\"><\/div>\n<\/div>\n<div id=\"\" class=\"brz-css-19bivo1 brz-wrapper\">\n<div class=\"brz-line brz-line-default brz-css-7svpps brz-css-1aj4zue\" data-brz-custom-id=\"zqyjpxlwyixutkpimroeslsjwvpyegdmnbim\">\n<hr class=\"brz-hr\"><\/div>\n<\/div>\n<\/div>\n<\/div>\n<\/section>\n<\/div>\n<p>    <!-- version:1738281427 --><\/p>\n","protected":false},"excerpt":{"rendered":"<p>Intimchirurgie (Vaginoplastik) Intimchirurgie (Vaginoplastik) Vaginalplastik ist ein Verfahren, die wegen Alter, Geburt, gyn\u00e4kologischen Eingriffe an der Vagina entstehenden Entspannung und Elastizit\u00e4tsverlust zu beseitigen und eine Verj\u00fcngerung zu erzielen. Narkose \u2013 Vollnarkose durch einen Facharzt Klinikaufenthalt \u2013 4 N\u00e4chte OP Dauer \u2013 1 Stunde Gesellschaftsf\u00e4higkeit \u2013 nach 2 Wochen Was bewirkt eine Vaginoplastik? Eine Vaginoplastik bringt [&hellip;]<\/p>\n","protected":false},"author":1,"featured_media":0,"parent":1120,"menu_order":0,"comment_status":"closed","ping_status":"closed","template":"","meta":{"footnotes":""},"class_list":["post-1245","page","type-page","status-publish","hentry"],"blocksy_meta":{"styles_descriptor":{"styles":{"desktop":"","tablet":"","mobile":""},"google_fonts":[],"version":6}},"_links":{"self":[{"href":"https:\/\/drmakclinic.com\/de\/wp-json\/wp\/v2\/pages\/1245","targetHints":{"allow":["GET"]}}],"collection":[{"href":"https:\/\/drmakclinic.com\/de\/wp-json\/wp\/v2\/pages"}],"about":[{"href":"https:\/\/drmakclinic.com\/de\/wp-json\/wp\/v2\/types\/page"}],"author":[{"embeddable":true,"href":"https:\/\/drmakclinic.com\/de\/wp-json\/wp\/v2\/users\/1"}],"replies":[{"embeddable":true,"href":"https:\/\/drmakclinic.com\/de\/wp-json\/wp\/v2\/comments?post=1245"}],"version-history":[{"count":0,"href":"https:\/\/drmakclinic.com\/de\/wp-json\/wp\/v2\/pages\/1245\/revisions"}],"up":[{"embeddable":true,"href":"https:\/\/drmakclinic.com\/de\/wp-json\/wp\/v2\/pages\/1120"}],"wp:attachment":[{"href":"https:\/\/drmakclinic.com\/de\/wp-json\/wp\/v2\/media?parent=1245"}],"curies":[{"name":"wp","href":"https:\/\/api.w.org\/{rel}","templated":true}]}}