{"id":1275,"date":"2022-08-28T20:53:21","date_gmt":"2022-08-28T17:53:21","guid":{"rendered":"https:\/\/drmakclinic.com\/?page_id=1275"},"modified":"2025-01-30T08:10:48","modified_gmt":"2025-01-30T05:10:48","slug":"hair-transplants","status":"publish","type":"page","link":"https:\/\/drmakclinic.com\/de\/procedures\/hair-transplants\/","title":{"rendered":"Hair Transplants"},"content":{"rendered":"<div class=\"brz-root__container brz-reset-all brz brz-root__container-page\">\n<section id=\"_fnfwhrzmzjtgfdxmjlgymfjinfcaadvmskls\" class=\"brz-section brz-css-vlxpjd\">\n<div class=\"brz-section__content brz-section--boxed brz-css-vz120p brz-css-1gks4n1\" data-brz-custom-id=\"xdxmsrbzlaezygpigbalnfsrximflxcgpyvq\">\n<div class=\"brz-bg\">\n<div class=\"brz-bg-color\"><\/div>\n<\/div>\n<div class=\"brz-container brz-css-15auajl\">\n<div class=\"brz-row__container brz-css-1vzzpg3\" data-brz-custom-id=\"nijfejbvglbivvjjhsjdnrrgpjubuuvhgmnp\">\n<div class=\"brz-bg\"><\/div>\n<div class=\"brz-row brz-css-guunj6 brz-css-5v6q6f\">\n<div class=\"brz-columns brz-css-6p4jy2 brz-css-qxbya9\" data-brz-custom-id=\"pijnqjrwadpumacclqnxatydxgomwwebuzub\">\n<div class=\"brz-bg\"><\/div>\n<div class=\"brz-column__items brz-css-fk9v33\">\n<div id=\"\" class=\"brz-css-1xcx61m brz-wrapper\">\n<div class=\"brz-icon-text brz-css-mxy18p brz-css-1hz40hj\" data-brz-custom-id=\"qntesrzrlrfzvhqamdsrdbyubzpwbviaasbh\">\n<div class=\"brz-icon__container\" data-brz-custom-id=\"ydodpgdrkphbcikqooiiwnbonhrvghofrtjv\"><span class=\"brz-icon brz-span brz-css-15w5ugw brz-css-tci2mn\"><\/span><\/div>\n<div class=\"brz-text-btn\">\n<div class=\"brz-rich-text brz-rich-text__custom brz-css-14v3lm\" data-brz-custom-id=\"tpusoqgfhvcjuebctgtyojchbfwckzrpoihg\">\n<div data-brz-translate-text=\"1\">\n<p class=\"brz-lh-lg-1 brz-ls-lg-0 brz-fw-lg-400 brz-fss-lg-px brz-fs-lg-66 brz-ft-upload brz-ff-izzivsxniqvyexslaslvwzgtgnghvrxuxiru brz-tp-lg-empty brz-css-sfBXf\" data-generated-css=\"brz-css-afsad\" data-uniq-id=\"ehzml\"><span class=\"brz-cp-color2\">DHI-Haartransplantationen<\/span><\/p>\n<\/div>\n<\/div>\n<\/div>\n<\/div>\n<\/div>\n<\/div>\n<\/div>\n<\/div>\n<\/div>\n<\/div>\n<\/div>\n<\/section>\n<section id=\"_tvuxwrmidvtphqjotaklwcfddgkxmcrlnpjp\" class=\"brz-section brz-css-vlxpjd\">\n<div class=\"brz-section__content brz-section--boxed brz-css-vz120p brz-css-srx5mk\" data-brz-custom-id=\"arpjpbroocssrlkflpwqogeqaavkeqjskszc\">\n<div class=\"brz-bg\">\n<div class=\"brz-bg-color\"><\/div>\n<\/div>\n<div class=\"brz-container brz-css-15auajl\">\n<div id=\"\" class=\"brz-css-1xcx61m brz-wrapper\">\n<div class=\"brz-line brz-line-default brz-css-13u2wv8 brz-css-kg6t5k\" data-brz-custom-id=\"lkfnlsbajrmurcbyurgbjkfvqestbfnbzlbr\">\n<hr class=\"brz-hr\"><\/div>\n<\/div>\n<div class=\"brz-row__container brz-css-1vzzpg3\" data-brz-custom-id=\"wmnghuglhjgcsszwslgamheljedzhwxegfjx\">\n<div class=\"brz-bg\"><\/div>\n<div class=\"brz-row brz-css-guunj6 brz-css-9bt5is\">\n<div class=\"brz-columns brz-css-6p4jy2 brz-css-10z1qr6\" data-brz-custom-id=\"cbklalbkxpyjhyhvwhvrrewmdewqpaaazyjz\">\n<div class=\"brz-bg\"><\/div>\n<div class=\"brz-column__items brz-css-fk9v33 brz-css-nv5e97\">\n<div id=\"\" class=\"brz-css-1xcx61m brz-css-60j0lj brz-wrapper\">\n<div class=\"brz-rich-text brz-rich-text__custom brz-css-14v3lm\" data-brz-custom-id=\"eclbftdsbyobyhdyjkobzpbmilaiiuvigihr\">\n<div data-brz-translate-text=\"1\">\n<p class=\"brz-tp-lg-empty brz-ff-manrope brz-ft-google brz-fs-lg-13 brz-fss-lg-px brz-fw-lg-700 brz-ls-lg-1_1 brz-lh-lg-1_5 brz-css-fhXEA\" data-uniq-id=\"wshar\" data-generated-css=\"brz-css-ckfeq\"><span class=\"brz-capitalize-on\">HAARTRANSPLANTATION<\/span><\/p>\n<\/div>\n<\/div>\n<\/div>\n<div id=\"\" class=\"brz-css-1xcx61m brz-css-n3y6ap brz-wrapper\">\n<div class=\"brz-rich-text brz-rich-text__custom brz-css-14v3lm\" data-brz-custom-id=\"hklshxzstrpwwfsuqywygaedwvloookjqenf\">\n<div data-brz-translate-text=\"1\">\n<p class=\"brz-ls-lg-0 brz-fw-lg-400 brz-fss-lg-px brz-fs-lg-36 brz-ft-upload brz-ff-ckyztbazucvfgxnrkwthfbuhnumrbfrmhags brz-tp-lg-empty brz-lh-lg-1_3 brz-css-xggJY\" data-generated-css=\"brz-css-xxodd\" data-uniq-id=\"qugzd\"><span class=\"brz-cp-color2\">DHI Hair ist eine der am besten erforschten und beliebtesten Transplantationsmethoden bei Patienten, die sich einer Haartransplantation unterziehen m\u00f6chten.<\/span><\/p>\n<\/div>\n<\/div>\n<\/div>\n<div id=\"\" class=\"brz-css-1xcx61m brz-css-1267j6s brz-wrapper\">\n<div class=\"brz-spacer brz-css-j0oyzy brz-css-1feozb5\"><\/div>\n<\/div>\n<div id=\"\" class=\"brz-css-1xcx61m brz-css-1d945q8 brz-wrapper\">\n<div class=\"brz-rich-text brz-rich-text__custom brz-css-14v3lm\" data-brz-custom-id=\"zzoclwbtnzoxjdwawljlkjbbmjkmnahnklem\">\n<div data-brz-translate-text=\"1\">\n<p class=\"brz-tp-lg-empty brz-ff-manrope brz-ft-google brz-fs-lg-16 brz-fss-lg-px brz-fw-lg-400 brz-ls-lg-0 brz-lh-lg-1_9 brz-css-fxb5p\" data-uniq-id=\"qduqg\" data-generated-css=\"brz-css-qppgz\"><span>Die Transplantate, die durch die Mikro-FUE-Haartechnik aus dem Spenderbereich entnommen wurden, k\u00f6nnen ohne klassische Mikroinzision und Kanal\u00f6ffnung direkt in den Transplantationsbereich transplantiert werden.<\/span><\/p>\n<\/div>\n<\/div>\n<\/div>\n<div id=\"\" class=\"brz-css-1xcx61m brz-css-1267j6s brz-wrapper\">\n<div class=\"brz-spacer brz-css-j0oyzy brz-css-17jadcq\"><\/div>\n<\/div>\n<div id=\"\" class=\"brz-css-1xcx61m brz-css-185wiwt brz-wrapper\">\n<div class=\"brz-icon-text brz-css-mxy18p\" data-brz-custom-id=\"nhkmdblmvxlpdxldfaabladbmfztazsupvjj\">\n<div class=\"brz-icon__container\" data-brz-custom-id=\"rxipczcknuvgjofwrbfmivpgrsapqitxyksl\"><span class=\"brz-icon brz-span brz-css-15w5ugw brz-css-uf9r6l\"><\/span><\/div>\n<div class=\"brz-text-btn\">\n<div class=\"brz-rich-text brz-rich-text__custom brz-css-14v3lm\" data-brz-custom-id=\"oukqsqkqfmypolblyfjrhqprnbipvujzygtx\">\n<div data-brz-translate-text=\"1\">\n<p class=\"brz-lh-lg-1_3 brz-fw-xs-400 brz-fw-sm-400 brz-fw-lg-400 brz-ft-google brz-ff-arimo brz-ls-xs-0 brz-ls-sm-0 brz-ls-lg-0 brz-fs-xs-17 brz-fs-sm-17 brz-fs-lg-18 brz-lh-sm-1_4 brz-lh-xs-1_4 brz-css-zC63Q\" data-generated-css=\"brz-css-didzm\" data-uniq-id=\"evzvb\"><span>Narkose \u2013 Lokalan\u00e4sthesie<\/span><\/p>\n<\/div>\n<\/div>\n<\/div>\n<\/div>\n<\/div>\n<div id=\"\" class=\"brz-css-1xcx61m brz-css-1267j6s brz-wrapper\">\n<div class=\"brz-spacer brz-css-j0oyzy brz-css-3uyk3y\"><\/div>\n<\/div>\n<div id=\"\" class=\"brz-css-1xcx61m brz-css-hidlcx brz-wrapper\">\n<div class=\"brz-icon-text brz-css-mxy18p\" data-brz-custom-id=\"qjdkvjovqjaspxeufphwapubzwbnnfmezftp\">\n<div class=\"brz-icon__container\" data-brz-custom-id=\"cwvftwnujgosnwkmavofbufnbhlsbvbnfaoo\"><span class=\"brz-icon brz-span brz-css-15w5ugw brz-css-1l5lfrz\"><\/span><\/div>\n<div class=\"brz-text-btn\">\n<div class=\"brz-rich-text brz-rich-text__custom brz-css-14v3lm\" data-brz-custom-id=\"etlinjxbrckwmettwlrokhbrdrccjcwaguoz\">\n<div data-brz-translate-text=\"1\">\n<p class=\"brz-lh-xs-1_4 brz-fs-lg-18 brz-fs-sm-17 brz-fs-xs-17 brz-ls-lg-0 brz-ls-sm-0 brz-ls-xs-0 brz-ff-arimo brz-ft-google brz-fw-lg-400 brz-fw-sm-400 brz-fw-xs-400 brz-lh-lg-1_3 brz-lh-sm-1_4 brz-css-gNS43\" data-generated-css=\"brz-css-diyik\" data-uniq-id=\"mbxqy\"><span>Klinikaufenthalt \u2013 3 N\u00e4chte<\/span><\/p>\n<\/div>\n<\/div>\n<\/div>\n<\/div>\n<\/div>\n<div id=\"\" class=\"brz-css-1xcx61m brz-css-1267j6s brz-wrapper\">\n<div class=\"brz-spacer brz-css-j0oyzy brz-css-1i336ww\"><\/div>\n<\/div>\n<div id=\"\" class=\"brz-css-1xcx61m brz-css-1vqi2qg brz-wrapper\">\n<div class=\"brz-icon-text brz-css-mxy18p\" data-brz-custom-id=\"icfjihbnfklidhgqphkrqchmgzffwaujhhjt\">\n<div class=\"brz-icon__container\" data-brz-custom-id=\"wphxdwvjogbnqhjwmxrhmsagradyhgymhyym\"><span class=\"brz-icon brz-span brz-css-15w5ugw brz-css-fdvx6k\"><\/span><\/div>\n<div class=\"brz-text-btn\">\n<div class=\"brz-rich-text brz-rich-text__custom brz-css-14v3lm\" data-brz-custom-id=\"igevrbhqdmqqiybufnkhnijlgujynxlicaze\">\n<div data-brz-translate-text=\"1\">\n<p class=\"brz-lh-xs-1_4 brz-fs-lg-18 brz-fs-sm-17 brz-fs-xs-17 brz-ls-lg-0 brz-ls-sm-0 brz-ls-xs-0 brz-ff-arimo brz-ft-google brz-fw-lg-400 brz-fw-sm-400 brz-fw-xs-400 brz-lh-lg-1_3 brz-lh-sm-1_4 brz-css-ysMd9\" data-generated-css=\"brz-css-lyhdv\" data-uniq-id=\"anfiv\"><span>OP Dauer \u2013 5 bis 6 Stunden<\/span><\/p>\n<\/div>\n<\/div>\n<\/div>\n<\/div>\n<\/div>\n<div id=\"\" class=\"brz-css-1xcx61m brz-css-1267j6s brz-wrapper\">\n<div class=\"brz-spacer brz-css-j0oyzy brz-css-16n66uu\"><\/div>\n<\/div>\n<div id=\"\" class=\"brz-css-1xcx61m brz-css-159nh06 brz-wrapper\">\n<div class=\"brz-icon-text brz-css-mxy18p\" data-brz-custom-id=\"xvwvnnqxjupxgzhpcrjmmltiricocffdfsra\">\n<div class=\"brz-icon__container\" data-brz-custom-id=\"jabzyogtlewlhfpzicgugimpisdzgjlojgca\"><span class=\"brz-icon brz-span brz-css-15w5ugw brz-css-1b6vvl3\"><\/span><\/div>\n<div class=\"brz-text-btn\">\n<div class=\"brz-rich-text brz-rich-text__custom brz-css-14v3lm\" data-brz-custom-id=\"ashwnsrdbifoaeccqppvlfdsutgpghusjvib\">\n<div data-brz-translate-text=\"1\">\n<p class=\"brz-lh-sm-1_4 brz-lh-lg-1_3 brz-fw-xs-400 brz-fw-sm-400 brz-fw-lg-400 brz-ft-google brz-ff-arimo brz-ls-xs-0 brz-ls-sm-0 brz-ls-lg-0 brz-fs-xs-17 brz-fs-sm-17 brz-fs-lg-18 brz-lh-xs-1_4 brz-css-lRzNL\" data-generated-css=\"brz-css-uxqxp\" data-uniq-id=\"vfxmd\"><span>Gesellschaftsf\u00e4higkeit \u2013 nach 1 Woche<\/span><\/p>\n<\/div>\n<\/div>\n<\/div>\n<\/div>\n<\/div>\n<div id=\"\" class=\"brz-css-1xcx61m brz-css-1267j6s brz-wrapper\">\n<div class=\"brz-spacer brz-css-j0oyzy brz-css-qknk11\"><\/div>\n<\/div>\n<\/div>\n<\/div>\n<div class=\"brz-columns brz-css-6p4jy2 brz-css-15f8t89\" data-brz-custom-id=\"xmnssloccjtufwojtgrejnweqysaumgkectc\">\n<div class=\"brz-bg\"><\/div>\n<div class=\"brz-column__items brz-css-fk9v33 brz-css-1g7zzp7\">\n<div id=\"\" class=\"brz-css-1xcx61m brz-css-1yhemj3 brz-wrapper\">\n<div class=\"brz-image brz-css-1lce9p brz-css-quz12v\" data-brz-custom-id=\"eecdelyaslyeddfinavwxltmdooyalzjfusk\"><img decoding=\"async\" class=\"brz-img\" src=\"https:\/\/drmakclinic.com\/de?brizy_media=wp-c5f2563855fa54d37eccdce8d40c16b1.png&amp;brizy_crop=original\" alt=\"\" loading=\"lazy\"><\/div>\n<\/div>\n<\/div>\n<\/div>\n<\/div>\n<\/div>\n<\/div>\n<\/div>\n<\/section>\n<section id=\"_jgcsgnsvmnweiyqqbaphdebdlfvwbhrlahrj\" class=\"brz-section brz-css-vlxpjd\">\n<div class=\"brz-section__content brz-section--boxed brz-css-vz120p brz-css-1jsekt5\" data-brz-custom-id=\"ibqrkueiboevezzshimfcvxkueemsicxgjht\">\n<div class=\"brz-bg\">\n<div class=\"brz-bg-color\"><\/div>\n<\/div>\n<div class=\"brz-container brz-css-15auajl\">\n<div id=\"\" class=\"brz-css-1xcx61m brz-wrapper\">\n<div class=\"brz-line brz-line-default brz-css-13u2wv8 brz-css-13ee986\" data-brz-custom-id=\"htvwgozykeovrhmfiruioxbpyuqmxwmtqvnu\">\n<hr class=\"brz-hr\"><\/div>\n<\/div>\n<div class=\"brz-row__container brz-css-1vzzpg3\" data-brz-custom-id=\"sjkufuewnwvsbqobzsxhxitzchsksgaghghr\">\n<div class=\"brz-bg\"><\/div>\n<div class=\"brz-row brz-css-guunj6\">\n<div class=\"brz-columns brz-css-6p4jy2 brz-css-cba9t6\" data-brz-custom-id=\"ifpkvzniyqylusltdmozzxdzsyvqdmppsfyx\">\n<div class=\"brz-bg\"><\/div>\n<div class=\"brz-column__items brz-css-fk9v33\"><\/div>\n<\/div>\n<div class=\"brz-columns brz-css-6p4jy2 brz-css-1u2vzt5\" data-brz-custom-id=\"jilpdtuizmtprclpytjzukwbknzfgygmeuzt\">\n<div class=\"brz-bg\"><\/div>\n<div class=\"brz-column__items brz-css-fk9v33\">\n<div id=\"\" class=\"brz-css-1xcx61m brz-wrapper\">\n<div class=\"brz-rich-text brz-rich-text__custom brz-css-14v3lm\" data-brz-custom-id=\"xlqtbpysygzdckwlfpurhcuezlnkslswceqf\">\n<div data-brz-translate-text=\"1\">\n<p class=\"brz-tp-lg-empty brz-ff-manrope brz-ft-google brz-fs-lg-18 brz-fss-lg-px brz-fw-lg-400 brz-ls-lg-0 brz-lh-lg-1_9 brz-css-ae5D4\" data-uniq-id=\"xsiyg\" data-generated-css=\"brz-css-rzyeg\"><span>Die DHI-Haartransplantation ist heute eine der am meisten bevorzugten Methoden in der Haartransplantation. Die Haartransplantation kann mit dieser Technik in zwei Hauptphasen unterteilt werden: Extraktion (Ernte) und Implantation.<\/span><\/p>\n<p class=\"brz-tp-lg-empty brz-ff-manrope brz-ft-google brz-fs-lg-18 brz-fss-lg-px brz-fw-lg-400 brz-ls-lg-0 brz-lh-lg-1_9 brz-css-yXnx6\" data-uniq-id=\"taglp\" data-generated-css=\"brz-css-sraln\"><span> <\/span><\/p>\n<p class=\"brz-tp-lg-empty brz-ff-manrope brz-ft-google brz-fs-lg-18 brz-fss-lg-px brz-fw-lg-400 brz-ls-lg-0 brz-lh-lg-1_9 brz-css-jV7fj\" data-uniq-id=\"dhmmo\" data-generated-css=\"brz-css-fkknb\"><span>Bei dieser Technik, die auch als \u201ePen-Technik\u201c bezeichnet wird, werden spezielle Stifte mit besonders feinen Spitzen verwendet, um das Transplantat direkt in die Haut zu \u00fcbertragen, und die Transplantate einzeln einzusetzen und zu festigen.<\/span><\/p>\n<p class=\"brz-tp-lg-empty brz-ff-manrope brz-ft-google brz-fs-lg-18 brz-fss-lg-px brz-fw-lg-400 brz-ls-lg-0 brz-lh-lg-1_9 brz-css-jNzhu\" data-uniq-id=\"snswk\" data-generated-css=\"brz-css-pcdmg\"><span> <\/span><\/p>\n<p class=\"brz-tp-lg-empty brz-ff-manrope brz-ft-google brz-fs-lg-18 brz-fss-lg-px brz-fw-lg-400 brz-ls-lg-0 brz-lh-lg-1_9 brz-css-qPz7J\" data-uniq-id=\"gzrre\" data-generated-css=\"brz-css-siodo\"><span>Diese Operation, die ebenfalls unter \u00f6rtlicher Bet\u00e4ubung durchgef\u00fchrt wird, erfordert mehr Teamarbeit als andere Haartransplantationstechniken. Andernfalls dauert der Eingriff l\u00e4nger, sodass die Anzahl der transplantierbaren Transplantate in Kliniken, die kein gro\u00dfes auf DHI spezialisiertes Team haben, begrenzt ist.<\/span><\/p>\n<p class=\"brz-tp-lg-empty brz-ff-manrope brz-ft-google brz-fs-lg-18 brz-fss-lg-px brz-fw-lg-400 brz-ls-lg-0 brz-lh-lg-1_9 brz-css-rMQhO\" data-uniq-id=\"kngcs\" data-generated-css=\"brz-css-mochh\"><span> <\/span><\/p>\n<p class=\"brz-tp-lg-empty brz-ff-manrope brz-ft-google brz-fs-lg-18 brz-fss-lg-px brz-fw-lg-400 brz-ls-lg-0 brz-lh-lg-1_9 brz-css-sZXEn\" data-uniq-id=\"tciho\" data-generated-css=\"brz-css-qykoh\"><span>Bei der DHI-Methode k\u00f6nnen Haare ohne Einschnitte transplantiert werden, was einen deutlichen Vorteil f\u00fcr diejenigen bietet, die sich aufgrund ihrer Arbeit, ihres sozialen Status oder aus anderen Gr\u00fcnden Sorgen um das Aussehen nach der Haartransplantation machen.<\/span><\/p>\n<\/div>\n<\/div>\n<\/div>\n<\/div>\n<\/div>\n<div class=\"brz-columns brz-css-6p4jy2 brz-css-ahfig7\" data-brz-custom-id=\"lcfxmtznpvpgqsprtwvijhcmtpbidqzeacik\">\n<div class=\"brz-bg\"><\/div>\n<div class=\"brz-column__items brz-css-fk9v33\"><\/div>\n<\/div>\n<\/div>\n<\/div>\n<\/div>\n<\/div>\n<\/section>\n<section id=\"_ronvqzhyodqhxmzohcgqfejfnocqbxjlpsqb\" class=\"brz-section brz-css-vlxpjd\">\n<div class=\"brz-section__content brz-section--boxed brz-css-vz120p brz-css-1l1z8o6\" data-brz-custom-id=\"yqhkdensdkilaapraxctrsykoaaaulhyvwtn\">\n<div class=\"brz-bg\">\n<div class=\"brz-bg-color\"><\/div>\n<\/div>\n<div class=\"brz-container brz-css-15auajl\">\n<div id=\"\" class=\"brz-css-1xcx61m brz-wrapper\">\n<div class=\"brz-line brz-line-default brz-css-13u2wv8 brz-css-1o022la\" data-brz-custom-id=\"qrrrvoqtjkqcpzlpdjzfeueedjmbmwpgpecd\">\n<hr class=\"brz-hr\"><\/div>\n<\/div>\n<div id=\"\" class=\"brz-css-1xcx61m brz-css-1267j6s brz-wrapper\">\n<div class=\"brz-spacer brz-css-j0oyzy brz-css-1vtbv9r\"><\/div>\n<\/div>\n<div class=\"brz-row__container brz-css-1vzzpg3\" data-brz-custom-id=\"opcsbimlqocmebkzdjbstffrnvtjjgnohgfq\">\n<div class=\"brz-bg\"><\/div>\n<div class=\"brz-row brz-css-guunj6 brz-css-9bt5is\">\n<div class=\"brz-columns brz-css-6p4jy2 brz-css-10k1hus\" data-brz-custom-id=\"uhfdrxersisvicgkyrphnhmkgnkqdnpswxpd\">\n<div class=\"brz-bg\"><\/div>\n<div class=\"brz-column__items brz-css-fk9v33 brz-css-xtpxd5\">\n<div id=\"\" class=\"brz-css-1xcx61m brz-css-1uvwr5l brz-wrapper\">\n<div class=\"brz-image brz-css-1i61779 brz-css-h9bpgm\" data-brz-custom-id=\"rbdiqwfvxspjfbgbqbudhuhliixxspcjfgen\"><img decoding=\"async\" class=\"brz-img\" src=\"https:\/\/drmakclinic.com\/de?brizy_media=wp-9b7486b9d786a0648588605ea135d33b.jpg&amp;brizy_crop=iW%3D316%26iH%3D211%26oX%3D90%26oY%3D23%26cW%3D105%26cH%3D106\" alt=\"\" loading=\"lazy\"><\/div>\n<\/div>\n<\/div>\n<\/div>\n<div class=\"brz-columns brz-css-6p4jy2 brz-css-ys8lt3\" data-brz-custom-id=\"whchwqhqmjqnkcadxjsrhdqkxsljzqilameq\">\n<div class=\"brz-bg\"><\/div>\n<div class=\"brz-column__items brz-css-fk9v33 brz-css-1gxywyg\">\n<div id=\"\" class=\"brz-css-1xcx61m brz-wrapper\">\n<div class=\"brz-rich-text brz-rich-text__custom brz-css-14v3lm\" data-brz-custom-id=\"tuqqejyfnzvftibogwkqqwuxwbogrzxqfrxa\">\n<div data-brz-translate-text=\"1\">\n<p class=\"brz-lh-lg-1_5 brz-ls-lg-0 brz-fw-lg-400 brz-fss-lg-px brz-fs-lg-24 brz-ft-upload brz-ff-ckyztbazucvfgxnrkwthfbuhnumrbfrmhags brz-tp-lg-empty brz-css-zlGYr\" data-generated-css=\"brz-css-ljezf\" data-uniq-id=\"xjsja\">Wenn Sie eine plastische und andere kosmetische Behandlung in Betracht ziehen, ist es mein Ziel als Ihr plastischer Chirurg, Ihnen w\u00e4hrend der gesamten Behandlung die h\u00f6chste Qualit\u00e4t und die beste Versorgung zu bieten.<\/p>\n<\/div>\n<\/div>\n<\/div>\n<div id=\"\" class=\"brz-css-1xcx61m brz-css-1267j6s brz-css-1j6ilvp brz-wrapper\">\n<div class=\"brz-spacer brz-css-j0oyzy brz-css-1hfphsg\"><\/div>\n<\/div>\n<div id=\"\" class=\"brz-css-1xcx61m brz-css-1azm3jb brz-wrapper\">\n<div class=\"brz-rich-text brz-rich-text__custom brz-css-14v3lm\" data-brz-custom-id=\"grnwcrnfrlhfmvmscmjqdoffpsaggzsphtvg\">\n<div data-brz-translate-text=\"1\">\n<p class=\"brz-text-xs-center brz-tp-lg-heading4 brz-css-lEObA\" data-uniq-id=\"mrayu\" data-generated-css=\"brz-css-yakzy\"><strong class=\"brz-cp-color2\">Dr. Mehmet Arif Karag\u00f6z<\/strong><\/p>\n<\/div>\n<\/div>\n<\/div>\n<div id=\"\" class=\"brz-css-1xcx61m brz-css-1m5thiq brz-wrapper\">\n<div class=\"brz-rich-text brz-rich-text__custom brz-css-14v3lm\" data-brz-custom-id=\"qbgohymgbbybttxnjuobadeojuvxzjbipenq\">\n<div data-brz-translate-text=\"1\">\n<p class=\"brz-text-xs-center brz-tp-lg-paragraph brz-css-rpBHZ\" data-uniq-id=\"xuihj\" data-generated-css=\"brz-css-uaiir\"><span class=\"brz-cp-color7\">DRMAK Plastic Surgeon<\/span><\/p>\n<\/div>\n<\/div>\n<\/div>\n<\/div>\n<\/div>\n<\/div>\n<\/div>\n<div id=\"\" class=\"brz-css-1xcx61m brz-css-1267j6s brz-css-w7l5d4 brz-wrapper\">\n<div class=\"brz-spacer brz-css-j0oyzy brz-css-15kczfk\"><\/div>\n<\/div>\n<div id=\"\" class=\"brz-css-1xcx61m brz-wrapper\">\n<div class=\"brz-line brz-line-default brz-css-13u2wv8 brz-css-1rtbxxc\" data-brz-custom-id=\"lyqxbygeprfphysapnmakcpuawkpxgvgwhwh\">\n<hr class=\"brz-hr\"><\/div>\n<\/div>\n<\/div>\n<\/div>\n<\/section>\n<\/div>\n<p>    <!-- version:1738213848 --><\/p>\n","protected":false},"excerpt":{"rendered":"<p>DHI-Haartransplantationen HAARTRANSPLANTATION DHI Hair ist eine der am besten erforschten und beliebtesten Transplantationsmethoden bei Patienten, die sich einer Haartransplantation unterziehen m\u00f6chten. Die Transplantate, die durch die Mikro-FUE-Haartechnik aus dem Spenderbereich entnommen wurden, k\u00f6nnen ohne klassische Mikroinzision und Kanal\u00f6ffnung direkt in den Transplantationsbereich transplantiert werden. Narkose \u2013 Lokalan\u00e4sthesie Klinikaufenthalt \u2013 3 N\u00e4chte OP Dauer \u2013 5 [&hellip;]<\/p>\n","protected":false},"author":1,"featured_media":0,"parent":1117,"menu_order":0,"comment_status":"closed","ping_status":"closed","template":"","meta":{"footnotes":""},"class_list":["post-1275","page","type-page","status-publish","hentry"],"blocksy_meta":{"styles_descriptor":{"styles":{"desktop":"","tablet":"","mobile":""},"google_fonts":[],"version":6}},"_links":{"self":[{"href":"https:\/\/drmakclinic.com\/de\/wp-json\/wp\/v2\/pages\/1275","targetHints":{"allow":["GET"]}}],"collection":[{"href":"https:\/\/drmakclinic.com\/de\/wp-json\/wp\/v2\/pages"}],"about":[{"href":"https:\/\/drmakclinic.com\/de\/wp-json\/wp\/v2\/types\/page"}],"author":[{"embeddable":true,"href":"https:\/\/drmakclinic.com\/de\/wp-json\/wp\/v2\/users\/1"}],"replies":[{"embeddable":true,"href":"https:\/\/drmakclinic.com\/de\/wp-json\/wp\/v2\/comments?post=1275"}],"version-history":[{"count":0,"href":"https:\/\/drmakclinic.com\/de\/wp-json\/wp\/v2\/pages\/1275\/revisions"}],"up":[{"embeddable":true,"href":"https:\/\/drmakclinic.com\/de\/wp-json\/wp\/v2\/pages\/1117"}],"wp:attachment":[{"href":"https:\/\/drmakclinic.com\/de\/wp-json\/wp\/v2\/media?parent=1275"}],"curies":[{"name":"wp","href":"https:\/\/api.w.org\/{rel}","templated":true}]}}