{"id":99,"date":"2022-08-28T20:39:03","date_gmt":"2022-08-28T17:39:03","guid":{"rendered":"https:\/\/drmakclinic.com\/about\/"},"modified":"2025-01-31T04:02:41","modified_gmt":"2025-01-31T01:02:41","slug":"about","status":"publish","type":"page","link":"https:\/\/drmakclinic.com\/de\/about\/","title":{"rendered":"About"},"content":{"rendered":"<div class=\"brz-root__container brz-reset-all brz brz-root__container-page\">\n<section id=\"_kemadygbbolegdrwsuoeveqxveenkvcldzyp\" class=\"brz-section brz-css-1km8kv3\">\n<div class=\"brz-section__content brz-section--boxed brz-css-1bjsb7a brz-css-l384b3\" data-brz-custom-id=\"uoofiwiddmaynggpftzpdzzhcrsxhsoorvok\">\n<div class=\"brz-bg\">\n<div class=\"brz-bg-color\"><\/div>\n<\/div>\n<div class=\"brz-container brz-css-1ygscz1\">\n<div class=\"brz-row__container brz-css-d9ssev\" data-brz-custom-id=\"gxlxegfopnnxnrdidzbtmhvgkrunlvvzbsia\">\n<div class=\"brz-bg\"><\/div>\n<div class=\"brz-row brz-css-4vkze7 brz-css-iot8t0\">\n<div class=\"brz-columns brz-css-4lg4fe brz-css-1bj9fk0\" data-brz-custom-id=\"vackndhazsdclaattnyovhvuyfuugluzkjml\">\n<div class=\"brz-bg\"><\/div>\n<div class=\"brz-column__items brz-css-o97wgi\">\n<div id=\"\" class=\"brz-css-pdec9h brz-wrapper\">\n<div class=\"brz-icon-text brz-css-1nwsqx6 brz-css-fo6vd2\" data-brz-custom-id=\"lmtxdjyrtnctehriujgviasydlxmnzhaoohm\">\n<div class=\"brz-icon__container\" data-brz-custom-id=\"ltjovgzfwkwmtsywlsgixagyrwkesplribdg\"><span class=\"brz-icon brz-span brz-css-atxacq brz-css-4i0gkp\"><\/span><\/div>\n<div class=\"brz-text-btn\">\n<div class=\"brz-rich-text brz-rich-text__custom brz-css-xe25tc\" data-brz-custom-id=\"igmmmtlfudbnznpzpcfjeomhxgfxmhowbhdr\">\n<div data-brz-translate-text=\"1\">\n<p class=\"brz-tp-lg-empty brz-ff-izzivsxniqvyexslaslvwzgtgnghvrxuxiru brz-ft-upload brz-fs-lg-66 brz-fss-lg-px brz-fw-lg-400 brz-ls-lg-0 brz-lh-lg-1 brz-css-uS8_o\" data-uniq-id=\"vxoqr\" data-generated-css=\"brz-css-actiu\"><span>\u00dcber Uns<\/span><\/p>\n<\/div>\n<\/div>\n<\/div>\n<\/div>\n<\/div>\n<\/div>\n<\/div>\n<div class=\"brz-columns brz-css-4lg4fe brz-css-1m5ect1\" data-brz-custom-id=\"ppnxbjgomeejcevvwdjwchlfajwagydgdcft\">\n<div class=\"brz-bg\"><\/div>\n<div class=\"brz-column__items brz-css-o97wgi\"><\/div>\n<\/div>\n<\/div>\n<\/div>\n<\/div>\n<\/div>\n<\/section>\n<section id=\"_wipmrzdbahsvlahxcadhgfdqldroqgmmjmvs\" class=\"brz-section brz-css-1km8kv3\">\n<div class=\"brz-section__content brz-section--boxed brz-css-1bjsb7a brz-css-1wjoci2\" data-brz-custom-id=\"nqrdqnurtqtvaiypgyiafjuioufyvmcvsdti\">\n<div class=\"brz-bg\">\n<div class=\"brz-bg-color\"><\/div>\n<\/div>\n<div class=\"brz-container brz-css-1ygscz1\">\n<div class=\"brz-row__container brz-css-d9ssev brz-css-1sf2hcb\" data-brz-custom-id=\"pctzfbgkwqpewvrcflqwjcpsqfecplujawyn\">\n<div class=\"brz-bg\"><\/div>\n<div class=\"brz-row brz-css-4vkze7 brz-css-1w0wgrr\">\n<div class=\"brz-columns brz-css-4lg4fe brz-css-m1x14\" data-brz-custom-id=\"gvaucnbbxdqdelpkhfpcsrrstvgzyahuhwrz\">\n<div class=\"brz-bg\"><\/div>\n<div class=\"brz-column__items brz-css-o97wgi\">\n<div id=\"\" class=\"brz-css-pdec9h brz-wrapper\">\n<div class=\"brz-rich-text brz-rich-text__custom brz-css-xe25tc\" data-brz-custom-id=\"fmmwflhrvuiemkfkfervhmaunovkxpurmuzo\">\n<div data-brz-translate-text=\"1\">\n<p class=\"brz-fss-lg-px brz-fw-lg-400 brz-ls-lg-0 brz-lh-lg-1_4 brz-tp-lg-empty brz-ff-ckyztbazucvfgxnrkwthfbuhnumrbfrmhags brz-ft-upload brz-fs-lg-36 brz-css-lpZBA\" data-generated-css=\"brz-css-mwntw\" data-uniq-id=\"iiklb\"><span>Wir sind ein fachkundiges Operationsteam mit<\/span><\/p>\n<p class=\"brz-fss-lg-px brz-fw-lg-400 brz-ls-lg-0 brz-lh-lg-1_4 brz-tp-lg-empty brz-ff-ckyztbazucvfgxnrkwthfbuhnumrbfrmhags brz-ft-upload brz-fs-lg-36 brz-css-q1CdG\" data-generated-css=\"brz-css-oabhi\" data-uniq-id=\"qfufs\"><span>langj\u00e4hriger Erfahrung und modernste Operationstechniken<\/span><\/p>\n<p class=\"brz-fss-lg-px brz-fw-lg-400 brz-ls-lg-0 brz-lh-lg-1_4 brz-tp-lg-empty brz-ff-ckyztbazucvfgxnrkwthfbuhnumrbfrmhags brz-ft-upload brz-fs-lg-36 brz-css-ytI77\" data-generated-css=\"brz-css-utaoq\" data-uniq-id=\"ftyue\"><span>spezialisiert in den Bereichen Gesicht, Brust und K\u00f6rper.<\/span><\/p>\n<\/div>\n<\/div>\n<\/div>\n<div id=\"\" class=\"brz-css-pdec9h brz-wrapper\">\n<div class=\"brz-line brz-line-default brz-css-125561h brz-css-8p2m1q\" data-brz-custom-id=\"mxreqznpgpdpumzqhhedlemcbvszuqpksnzr\">\n<hr class=\"brz-hr\"><\/div>\n<\/div>\n<\/div>\n<\/div>\n<\/div>\n<\/div>\n<div class=\"brz-row__container brz-css-d9ssev brz-css-yp9inf\" data-brz-custom-id=\"wddyurjhwlhquxblxwgfqizznxbndfnhtoiq\">\n<div class=\"brz-bg\"><\/div>\n<div class=\"brz-row brz-css-4vkze7 brz-css-6dyw5x\">\n<div class=\"brz-columns brz-css-4lg4fe\" data-brz-custom-id=\"odltcpqypzewynxjhgbrghomtulmbttjchjm\">\n<div class=\"brz-bg\"><\/div>\n<div class=\"brz-column__items brz-css-o97wgi\">\n<div id=\"\" class=\"brz-css-pdec9h brz-wrapper\">\n<div class=\"brz-rich-text brz-rich-text__custom brz-css-xe25tc\" data-brz-custom-id=\"hybytwjwtrmqankuaivjpnngrdmatmbbzldi\">\n<div data-brz-translate-text=\"1\">\n<p class=\"brz-ls-lg-0 brz-lh-lg-1_9 brz-tp-lg-empty brz-ff-ckyztbazucvfgxnrkwthfbuhnumrbfrmhags brz-ft-upload brz-fs-lg-32 brz-fss-lg-px brz-fw-lg-500 brz-css-d45ID\" data-generated-css=\"brz-css-limyx\" data-uniq-id=\"nxuaw\"><span class=\"brz-cp-color7\">Wir sind f\u00fcr Sie da.<\/span><\/p>\n<\/div>\n<\/div>\n<\/div>\n<\/div>\n<\/div>\n<div class=\"brz-columns brz-css-4lg4fe\" data-brz-custom-id=\"lzlqzlizkdqrrlapacysaqqhgssuwhtecigo\">\n<div class=\"brz-bg\"><\/div>\n<div class=\"brz-column__items brz-css-o97wgi\"><\/div>\n<\/div>\n<\/div>\n<\/div>\n<\/div>\n<\/div>\n<\/section>\n<section id=\"_pslkhufmlowwhqzlwalnpkevdpxbcuobsagz\" class=\"brz-section brz-css-1km8kv3\">\n<div class=\"brz-section__content brz-section--boxed brz-css-1bjsb7a brz-css-7mxaek\" data-brz-custom-id=\"djgvuuuvesczkmaapnmlflohyozyvlycixql\">\n<div class=\"brz-bg\">\n<div class=\"brz-bg-color\"><\/div>\n<\/div>\n<div class=\"brz-container brz-css-1ygscz1 brz-css-1rz3p6t\">\n<div id=\"\" class=\"brz-css-pdec9h brz-wrapper\">\n<div class=\"brz-image brz-css-1xbs6h0 brz-css-6y2r78\" data-brz-custom-id=\"bjwleindtzrjwuhozuzarfixalekijhzwrcz\"><img decoding=\"async\" class=\"brz-img\" src=\"https:\/\/drmakclinic.com\/de?brizy_media=wp-a5d55bb52f084bb99cf69b6fcacacde2.jpg&amp;brizy_crop=iW%3D936%26iH%3D624%26oX%3D0%26oY%3D159%26cW%3D936%26cH%3D343\" alt=\"\" loading=\"lazy\"><\/div>\n<\/div>\n<div class=\"brz-row__container brz-css-d9ssev brz-css-fd4rj4\" data-brz-custom-id=\"yipltdvnjqzmiaopssnysjmaspylfykzqbtr\">\n<div class=\"brz-bg\"><\/div>\n<div class=\"brz-row brz-css-4vkze7 brz-css-13hy2al\">\n<div class=\"brz-columns brz-css-4lg4fe brz-css-1qm1os3\" data-brz-custom-id=\"czqxpdkofurlbxdanvuhsyvtazmopqoookcb\">\n<div class=\"brz-bg\"><\/div>\n<div class=\"brz-column__items brz-css-o97wgi\">\n<div id=\"\" class=\"brz-css-pdec9h brz-wrapper\">\n<div class=\"brz-rich-text brz-rich-text__custom brz-css-xe25tc\" data-brz-custom-id=\"ukxlqqqmkjxvsjpxfdszcbpfyqfyvrvfxwge\">\n<div data-brz-translate-text=\"1\">\n<p class=\"brz-fss-lg-px brz-fw-lg-400 brz-ls-lg-0 brz-lh-lg-1_9 brz-tp-lg-empty brz-ff-manrope brz-ft-google brz-fs-lg-20 brz-css-qdOlZ\" data-uniq-id=\"dtegz\" data-generated-css=\"brz-css-oqqxw\"><span>Gegr\u00fcndet im Herzen von Antalya mit herrlichem<\/span><\/p>\n<p class=\"brz-fss-lg-px brz-fw-lg-400 brz-ls-lg-0 brz-lh-lg-1_9 brz-tp-lg-empty brz-ff-manrope brz-ft-google brz-fs-lg-20 brz-css-gazjI\" data-uniq-id=\"oqits\" data-generated-css=\"brz-css-mkvut\"><span>Blick auf das Mittelmeer, sind wir seit 20 Jahren ein<\/span><\/p>\n<p class=\"brz-fss-lg-px brz-fw-lg-400 brz-ls-lg-0 brz-lh-lg-1_9 brz-tp-lg-empty brz-ff-manrope brz-ft-google brz-fs-lg-20 brz-css-jm5C9\" data-uniq-id=\"iokmj\" data-generated-css=\"brz-css-dsyfs\"><span>vertrauensw\u00fcrdiger Marktf\u00fchrer in der kosmetischen und plastischen<\/span><\/p>\n<p class=\"brz-fss-lg-px brz-fw-lg-400 brz-ls-lg-0 brz-lh-lg-1_9 brz-tp-lg-empty brz-ff-manrope brz-ft-google brz-fs-lg-20 brz-css-vB_bs\" data-uniq-id=\"xsrxi\" data-generated-css=\"brz-css-sktfu\"><span>Chirurgie in der T\u00fcrkei mit \u00fcber 20.000 Patienten. Wir bieten ein<\/span><\/p>\n<p class=\"brz-fss-lg-px brz-fw-lg-400 brz-ls-lg-0 brz-lh-lg-1_9 brz-tp-lg-empty brz-ff-manrope brz-ft-google brz-fs-lg-20 brz-css-jsovI\" data-uniq-id=\"lrsng\" data-generated-css=\"brz-css-xbfyu\"><span>umfassendes Spektrum innovativer und klassischer Eingriffe mit den<\/span><\/p>\n<p class=\"brz-fss-lg-px brz-fw-lg-400 brz-ls-lg-0 brz-lh-lg-1_9 brz-tp-lg-empty brz-ff-manrope brz-ft-google brz-fs-lg-20 brz-css-ipdi6\" data-uniq-id=\"poypv\" data-generated-css=\"brz-css-xhxnq\"><span>Schwerpunkten Gesicht, Brust und K\u00f6rper. Unsere Praxis wird von dem<\/span><\/p>\n<p class=\"brz-fss-lg-px brz-fw-lg-400 brz-ls-lg-0 brz-lh-lg-1_9 brz-tp-lg-empty brz-ff-manrope brz-ft-google brz-fs-lg-20 brz-css-b5uRr\" data-uniq-id=\"nhsic\" data-generated-css=\"brz-css-imjwb\"><span>\u00e4sthetischen und plastischen Chirurgen Dr. Mak (Dr. Mehmet Arif<\/span><\/p>\n<p class=\"brz-fss-lg-px brz-fw-lg-400 brz-ls-lg-0 brz-lh-lg-1_9 brz-tp-lg-empty brz-ff-manrope brz-ft-google brz-fs-lg-20 brz-css-b9ncH\" data-uniq-id=\"idilq\" data-generated-css=\"brz-css-btxxl\"><span>Karagoz) geleitet. Empathisch und fachkundig bespricht Dr. Mak das f\u00fcr Sie passende Verfahren mit Ihnen, um Ihr Wunsch-Resultat zu erreichen. Wir freuen uns, Ihnen erstklassige Dienstleistungen f\u00fcr Ihren neuen Look anzubieten.<\/span><\/p>\n<\/div>\n<\/div>\n<\/div>\n<\/div>\n<\/div>\n<\/div>\n<\/div>\n<\/div>\n<\/div>\n<\/section>\n<\/div>\n<p>    <!-- version:1738285361 --><\/p>\n","protected":false},"excerpt":{"rendered":"<p>\u00dcber Uns Wir sind ein fachkundiges Operationsteam mit langj\u00e4hriger Erfahrung und modernste Operationstechniken spezialisiert in den Bereichen Gesicht, Brust und K\u00f6rper. Wir sind f\u00fcr Sie da. Gegr\u00fcndet im Herzen von Antalya mit herrlichem Blick auf das Mittelmeer, sind wir seit 20 Jahren ein vertrauensw\u00fcrdiger Marktf\u00fchrer in der kosmetischen und plastischen Chirurgie in der T\u00fcrkei mit [&hellip;]<\/p>\n","protected":false},"author":1,"featured_media":0,"parent":0,"menu_order":0,"comment_status":"closed","ping_status":"closed","template":"","meta":{"footnotes":""},"class_list":["post-99","page","type-page","status-publish","hentry"],"blocksy_meta":{"styles_descriptor":{"styles":{"desktop":"","tablet":"","mobile":""},"google_fonts":[],"version":6}},"_links":{"self":[{"href":"https:\/\/drmakclinic.com\/de\/wp-json\/wp\/v2\/pages\/99","targetHints":{"allow":["GET"]}}],"collection":[{"href":"https:\/\/drmakclinic.com\/de\/wp-json\/wp\/v2\/pages"}],"about":[{"href":"https:\/\/drmakclinic.com\/de\/wp-json\/wp\/v2\/types\/page"}],"author":[{"embeddable":true,"href":"https:\/\/drmakclinic.com\/de\/wp-json\/wp\/v2\/users\/1"}],"replies":[{"embeddable":true,"href":"https:\/\/drmakclinic.com\/de\/wp-json\/wp\/v2\/comments?post=99"}],"version-history":[{"count":0,"href":"https:\/\/drmakclinic.com\/de\/wp-json\/wp\/v2\/pages\/99\/revisions"}],"wp:attachment":[{"href":"https:\/\/drmakclinic.com\/de\/wp-json\/wp\/v2\/media?parent=99"}],"curies":[{"name":"wp","href":"https:\/\/api.w.org\/{rel}","templated":true}]}}