{"id":104,"date":"2022-08-28T20:39:39","date_gmt":"2022-08-28T17:39:39","guid":{"rendered":"https:\/\/drmakclinic.com\/contact\/"},"modified":"2025-01-30T10:11:14","modified_gmt":"2025-01-30T07:11:14","slug":"contact","status":"publish","type":"page","link":"https:\/\/drmakclinic.com\/es\/contact\/","title":{"rendered":"Contact"},"content":{"rendered":"<div class=\"brz-root__container brz-reset-all brz brz-root__container-page\">\n<section id=\"_tjnkygbumnzujnimnpsidqnnvyaldrmbxfhe\" class=\"brz-section brz-css-1tnihnt\">\n<div class=\"brz-section__content brz-section--boxed brz-css-18zr5u3 brz-css-1rm6wrp\" data-brz-custom-id=\"imqynzezgfvbhrunfkhyuyswplgfctxrfert\">\n<div class=\"brz-container brz-css-h1rbyu\">\n<div id=\"\" class=\"brz-css-1rt6ytm brz-css-dje0u brz-wrapper\">\n<div class=\"brz-rich-text brz-rich-text__custom brz-css-1cyk9tp\" data-brz-custom-id=\"diwkkrtwneyauvcjwjtiailaylltfdzxgzvi\">\n<div data-brz-translate-text=\"1\">\n<p class=\"brz-text-xs-center brz-mb-lg-31 brz-text-lg-left brz-fss-lg-px brz-fw-lg-500 brz-ls-lg-m_1_5 brz-lh-lg-1_3 brz-tp-lg-empty brz-ff-ckyztbazucvfgxnrkwthfbuhnumrbfrmhags brz-ft-upload brz-fs-lg-48 brz-css-eGog8\" data-uniq-id=\"uccma\" data-generated-css=\"brz-css-omgkg\"><span class=\"brz-cp-color2\">Contacto<\/span><\/p>\n<\/div>\n<\/div>\n<\/div>\n<div class=\"brz-row__container brz-css-jz7bbz\" data-brz-custom-id=\"eczdcqegsadbtejlwcxtgneejfeodvvjlato\">\n<div class=\"brz-bg\"><\/div>\n<div class=\"brz-row brz-css-ckyrgj brz-css-coomaf\">\n<div class=\"brz-columns brz-css-1hio5f5 brz-css-14m5e5g\" data-brz-custom-id=\"vkpuaenjftwkmmjkkzoodfkzgieydvwoelsb\">\n<div class=\"brz-bg\">\n<div class=\"brz-bg-color\"><\/div>\n<\/div>\n<div class=\"brz-column__items brz-css-rvcxn4 brz-css-935cf6\">\n<div id=\"\" class=\"brz-css-1rt6ytm brz-css-pvl6xt brz-wrapper\">\n<div class=\"brz-image brz-css-g47f3i brz-css-2khyjq\" data-brz-custom-id=\"ewkaobfhschcfoaromwmhnutsedqgtocbohb\"><img decoding=\"async\" class=\"brz-img\" src=\"https:\/\/drmakclinic.com\/es?brizy_media=wp-9b7486b9d786a0648588605ea135d33b.jpg&amp;brizy_crop=original\" alt=\"\" loading=\"lazy\"><\/div>\n<\/div>\n<div id=\"\" class=\"brz-css-1rt6ytm brz-css-bxwii6 brz-wrapper\">\n<div class=\"brz-rich-text brz-rich-text__custom brz-css-1cyk9tp\" data-brz-custom-id=\"shlmijgugeceqssyvydacihxfdkvuyissgtd\">\n<div data-brz-translate-text=\"1\">\n<p class=\"brz-fs-lg-14 brz-ft-google brz-ff-manrope brz-tp-lg-empty brz-lh-lg-1_4 brz-ls-lg-0 brz-fw-lg-500 brz-fss-lg-px brz-text-lg-left brz-mt-lg-25 brz-mb-lg-8 brz-css-mAdxb\" data-uniq-id=\"iiclg\" data-generated-css=\"brz-css-mkkud\"><span class=\"brz-cp-color7\">Si necesita contactar con nosotros ll\u00e1menos al +90 532 296 11 36<\/span><\/p>\n<p class=\"brz-fs-lg-14 brz-ft-google brz-ff-manrope brz-tp-lg-empty brz-lh-lg-1_4 brz-ls-lg-0 brz-fw-lg-500 brz-fss-lg-px brz-mb-lg-25 brz-text-lg-left brz-mt-lg-0 brz-css-yonAV\" data-uniq-id=\"plkeb\" data-generated-css=\"brz-css-cahxs\"><span class=\"brz-cp-color7\">o puede enviarnos un correo electr\u00f3nico para consultas no urgentes en la cuenta decorreo electr\u00f3nico de consultas de pacientes.<\/span><\/p>\n<\/div>\n<\/div>\n<\/div>\n<\/div>\n<\/div>\n<div class=\"brz-columns brz-css-1hio5f5 brz-css-1u9aym9\" data-brz-custom-id=\"vlznitwmbjxgzrliydxpnvgslmfkzcrzwiby\">\n<div class=\"brz-bg\"><\/div>\n<div class=\"brz-column__items brz-css-rvcxn4 brz-css-afwfl1\">\n<div id=\"\" class=\"brz-css-1rt6ytm brz-wrapper\">\n<div class=\"brz-rich-text brz-rich-text__custom brz-css-1cyk9tp\" data-brz-custom-id=\"srmjxcardpvyhuhpjgwwoebcnvvjmgogzpch\">\n<div data-brz-translate-text=\"1\">\n<h2 class=\"brz-tp-lg-heading2 brz-mt-lg-30 brz-css-vNGxi\" data-uniq-id=\"diutx\" data-generated-css=\"brz-css-xeqie\"><span class=\"brz-cp-color2\">Hola! Nos encantar\u00eda saber de usted. Env\u00edenos sus pensamientos o comentarios.<\/span><\/h2>\n<\/div>\n<\/div>\n<\/div>\n<div id=\"\" class=\"brz-css-1rt6ytm brz-css-ee84jn brz-css-t0obpl brz-wrapper\">\n<div class=\"brz-spacer brz-css-1pbkpfq brz-css-q2sal2\"><\/div>\n<\/div>\n<div id=\"\" class=\"brz-css-1rt6ytm brz-wrapper\">\n<div data-brz-form-version=\"2\" class=\"brz-forms2 brz-css-1wtjxjr brz-css-zqbgyg\" data-brz-custom-id=\"qrxwjitskgqmuyeglnuddyffpthgfkwydufx\">\n<div data-brz-translate-text=\"1\" class=\"brz-forms2__item brz-css-1mf26gb brz-css-169g8ve brz-css-1pzxihk\"><\/div>\n<div data-brz-translate-text=\"1\" class=\"brz-forms2__item brz-css-1mf26gb brz-css-169g8ve brz-css-1pzxihk brz-css-1mrow6p\"><textarea id=\"cnRf9bMUcBjH_\" name=\"bdivgqxaomzgsnmayraqblpibdhnbgttxvum\" data-brz-type=\"Paragraph\" data-brz-label=\"Paragraph\" data-brz-placeholder=\"Paragraph\" class=\"brz-textarea brz-forms2__field brz-forms2__field-paragraph\"><\/textarea><\/div>\n<div class=\"brz-forms2 brz-forms2__item brz-forms2__item-button\" data-brz-custom-id=\"qrxwjitskgqmuyeglnuddyffpthgfkwydufx\"><button class=\"brz-btn brz-btn-submit brz-css-2jg3fu brz-css-j3wtqv\" data-brz-custom-id=\"fupimehhmmbhcisgkwcqxmdmbwjhhczlrstx\"><span data-brz-translate-text=\"1\" class=\"brz-span brz-text__editor\">Submit Message<\/span><\/button><\/div>\n<div class=\"brz-g-recaptcha\" data-sitekey=\"\" data-size=\"invisible\" data-callback=\"brzFormV2Captcha\"><\/div>\n<\/div>\n<\/div>\n<\/div>\n<\/div>\n<\/div>\n<\/div>\n<div class=\"brz-row__container brz-css-jz7bbz\" data-brz-custom-id=\"qkixvgnrsyhcynkgneapgmdugowhnmojozco\">\n<div class=\"brz-bg\"><\/div>\n<div class=\"brz-row brz-css-ckyrgj brz-css-coomaf\">\n<div class=\"brz-columns brz-css-1hio5f5 brz-css-14fu15o\" data-brz-custom-id=\"tlxaqqbtnxdwzwssqeswypnjzsuwxcoihcrg\">\n<div class=\"brz-bg\"><\/div>\n<div class=\"brz-column__items brz-css-rvcxn4 brz-css-k7s175\">\n<div id=\"\" class=\"brz-css-1rt6ytm brz-wrapper\">\n<div class=\"brz-line brz-line-default brz-css-1fhi9wb brz-css-t249ak\" data-brz-custom-id=\"tdaoyfwceskawaypiuretijfnyxotilyrzmo\">\n<hr class=\"brz-hr\"><\/div>\n<\/div>\n<div class=\"brz-row__container brz-css-jz7bbz\" data-brz-custom-id=\"rlgajyprmwaywvdwadfgqpkddhkaypkylfzx\">\n<div class=\"brz-bg\"><\/div>\n<div class=\"brz-row brz-row--inner brz-css-ckyrgj brz-css-coomaf\">\n<div class=\"brz-columns brz-css-1hio5f5 brz-css-8w35dn\" data-brz-custom-id=\"hlpixhghsfkkajbzumtoemmmajvjmuxbqxtr\">\n<div class=\"brz-bg\"><\/div>\n<div class=\"brz-column__items brz-css-rvcxn4 brz-css-1nlcx96\">\n<div id=\"\" class=\"brz-css-1rt6ytm brz-css-182laea brz-wrapper\">\n<div class=\"brz-rich-text brz-rich-text__custom brz-css-1cyk9tp\" data-brz-custom-id=\"vtpffpylpieypydbbbvvybmedprtuccnhjoc\">\n<div data-brz-translate-text=\"1\">\n<h4 class=\"brz-tp-lg-heading5 brz-text-xs-center brz-css-nlV2P\" data-uniq-id=\"rzise\" data-generated-css=\"brz-css-szwrw\"><span class=\"brz-cp-color2\">Address<\/span><\/h4>\n<\/div>\n<\/div>\n<\/div>\n<div id=\"\" class=\"brz-css-1rt6ytm brz-css-ky10q5 brz-wrapper\">\n<div class=\"brz-rich-text brz-rich-text__custom brz-css-1cyk9tp\" data-brz-custom-id=\"dxkglsopdgftvebghfpjeodnvshbimzumusv\">\n<div data-brz-translate-text=\"1\">\n<p class=\"brz-text-xs-center brz-tp-lg-paragraph brz-text-lg-left brz-css-fj0RB\" data-uniq-id=\"ipkkl\" data-generated-css=\"brz-css-xhecn\"><span class=\"brz-cp-color2\">Tevfik I\u015f\u0131k Cd. Ye\u015filbah\u00e7e Mh. \u00c7i\u00e7ek Sitesi A blok 2\/4 07100 Antalya, TURKEY<\/span><\/p>\n<\/div>\n<\/div>\n<\/div>\n<\/div>\n<\/div>\n<div class=\"brz-columns brz-css-1hio5f5 brz-css-1umdy4o\" data-brz-custom-id=\"efvpptwxfptvupoefhdffqfkaslrpykvthtq\">\n<div class=\"brz-bg\"><\/div>\n<div class=\"brz-column__items brz-css-rvcxn4\">\n<div id=\"\" class=\"brz-css-1rt6ytm brz-css-1by7dbu brz-wrapper\">\n<div class=\"brz-rich-text brz-rich-text__custom brz-css-1cyk9tp\" data-brz-custom-id=\"rkvrtbbloavgfvlaxrlxmmwkrgkmzhogaqak\">\n<div data-brz-translate-text=\"1\">\n<h4 class=\"brz-text-xs-center brz-tp-lg-heading5 brz-css-qIvJN\" data-generated-css=\"brz-css-fswxj\" data-uniq-id=\"kqegb\"><span class=\"brz-cp-color2\">Social Media<\/span><\/h4>\n<\/div>\n<\/div>\n<\/div>\n<div class=\"brz-wrapper-clone brz-css-10ylr1m\">\n<div class=\"brz-d-xs-flex brz-flex-xs-wrap brz-css-40d00b brz-css-tcmggu\" data-brz-custom-id=\"\">\n<div class=\"brz-wrapper-clone__item\" id=\"tkrdzoktkdxtrgdukdbupmlbxomhbzpeofjs\">\n<div class=\"brz-icon__container\" data-brz-custom-id=\"tkrdzoktkdxtrgdukdbupmlbxomhbzpeofjs\"><span class=\"brz-icon brz-span brz-css-14xqcy7 brz-css-6mxcri\"><\/span><\/div>\n<\/div>\n<div class=\"brz-wrapper-clone__item\" id=\"hvjqnxtvdpqefsaqujoutycwyhpxdgidjrht\">\n<div class=\"brz-icon__container\" data-brz-custom-id=\"hvjqnxtvdpqefsaqujoutycwyhpxdgidjrht\"><span class=\"brz-icon brz-span brz-css-14xqcy7 brz-css-teatl\"><\/span><\/div>\n<\/div>\n<div class=\"brz-wrapper-clone__item\" id=\"yhspsvdbqlsxffexcwdfpubnhorwhohpdvvr\">\n<div class=\"brz-icon__container\" data-brz-custom-id=\"yhspsvdbqlsxffexcwdfpubnhorwhohpdvvr\"><span class=\"brz-icon brz-span brz-css-14xqcy7 brz-css-70i08n\"><\/span><\/div>\n<\/div>\n<\/div>\n<\/div>\n<\/div>\n<\/div>\n<\/div>\n<\/div>\n<\/div>\n<\/div>\n<div class=\"brz-columns brz-css-1hio5f5 brz-css-1b5gy33\" data-brz-custom-id=\"zsjfwdprznqcdqnzbwkjmyhycbwfeoinwenz\">\n<div class=\"brz-bg\"><\/div>\n<div class=\"brz-column__items brz-css-rvcxn4 brz-css-1ka45uv\">\n<div id=\"\" class=\"brz-css-1rt6ytm brz-wrapper\">\n<div class=\"brz-line brz-line-default brz-css-1fhi9wb brz-css-1dhvjpv\" data-brz-custom-id=\"zfnmtluntcgcmpdlbeuvlywqiphcakvnsmgv\">\n<hr class=\"brz-hr\"><\/div>\n<\/div>\n<div class=\"brz-row__container brz-css-jz7bbz\" data-brz-custom-id=\"apxnpsjanejwcvxexlzqezdjyoggvctpqipr\">\n<div class=\"brz-bg\"><\/div>\n<div class=\"brz-row brz-row--inner brz-css-ckyrgj brz-css-coomaf\">\n<div class=\"brz-columns brz-css-1hio5f5 brz-css-r7zvkt\" data-brz-custom-id=\"hcekczrwwxraspxitynfafgjcqgdxnriletl\">\n<div class=\"brz-bg\"><\/div>\n<div class=\"brz-column__items brz-css-rvcxn4 brz-css-yvm3c9\">\n<div id=\"\" class=\"brz-css-1rt6ytm brz-css-1i9kj1q brz-wrapper\">\n<div class=\"brz-rich-text brz-rich-text__custom brz-css-1cyk9tp\" data-brz-custom-id=\"fqcsnplcjhcbjcxnbtmiqdbijtqwljvbelsg\">\n<div data-brz-translate-text=\"1\">\n<h4 class=\"brz-text-xs-center brz-tp-lg-heading5 brz-css-ogLvn\" data-generated-css=\"brz-css-mxoho\" data-uniq-id=\"zhfyf\"><span class=\"brz-cp-color2\">Phone<\/span><\/h4>\n<\/div>\n<\/div>\n<\/div>\n<div id=\"\" class=\"brz-css-1rt6ytm brz-css-1jdnctl brz-wrapper\">\n<div class=\"brz-rich-text brz-rich-text__custom brz-css-1cyk9tp\" data-brz-custom-id=\"ohbpqbvmqpvybpzmaxfbpmdifydvropnupht\">\n<div data-brz-translate-text=\"1\">\n<p class=\"brz-text-lg-left brz-tp-lg-paragraph brz-text-xs-center brz-css-m3ybB\" data-generated-css=\"brz-css-mhxtn\" data-uniq-id=\"qdoco\"><span class=\"brz-cp-color2\">+90 532 296 11 36<\/span><\/p>\n<\/div>\n<\/div>\n<\/div>\n<\/div>\n<\/div>\n<div class=\"brz-columns brz-css-1hio5f5 brz-css-1darbo1\" data-brz-custom-id=\"sxdhclpuqzqfbejfnhbcpewvqzyzgjzixwfb\">\n<div class=\"brz-bg\"><\/div>\n<div class=\"brz-column__items brz-css-rvcxn4\">\n<div id=\"\" class=\"brz-css-1rt6ytm brz-css-keoagf brz-wrapper\">\n<div class=\"brz-rich-text brz-rich-text__custom brz-css-1cyk9tp\" data-brz-custom-id=\"gkdczfvxcqetzesrzdfnepgoztafzumtknyp\">\n<div data-brz-translate-text=\"1\">\n<h4 class=\"brz-tp-lg-heading5 brz-text-xs-center brz-css-olqP2\" data-uniq-id=\"czuey\" data-generated-css=\"brz-css-pezuv\"><span class=\"brz-cp-color2\">Email<\/span><\/h4>\n<\/div>\n<\/div>\n<\/div>\n<div id=\"\" class=\"brz-css-1rt6ytm brz-css-1phn324 brz-wrapper\">\n<div class=\"brz-rich-text brz-rich-text__custom brz-css-1cyk9tp\" data-brz-custom-id=\"wwicfwqweeniijdvskgqkdojuttkculycmhu\">\n<div data-brz-translate-text=\"1\">\n<p class=\"brz-text-xs-center brz-text-lg-left brz-tp-lg-paragraph brz-css-iWrGe\" data-uniq-id=\"hdatw\" data-generated-css=\"brz-css-qwnjs\"><span class=\"brz-cp-color2\">info@drmakclinic.com<\/span><\/p>\n<\/div>\n<\/div>\n<\/div>\n<\/div>\n<\/div>\n<\/div>\n<\/div>\n<\/div>\n<\/div>\n<\/div>\n<\/div>\n<\/div>\n<\/div>\n<\/section>\n<\/div>\n<p>    <!-- version:1738221074 --><\/p>\n","protected":false},"excerpt":{"rendered":"<p>Contacto Si necesita contactar con nosotros ll\u00e1menos al +90 532 296 11 36 o puede enviarnos un correo electr\u00f3nico para consultas no urgentes en la cuenta decorreo electr\u00f3nico de consultas de pacientes. Hola! Nos encantar\u00eda saber de usted. Env\u00edenos sus pensamientos o comentarios. Submit Message Address Tevfik I\u015f\u0131k Cd. Ye\u015filbah\u00e7e Mh. \u00c7i\u00e7ek Sitesi A blok [&hellip;]<\/p>\n","protected":false},"author":1,"featured_media":0,"parent":0,"menu_order":0,"comment_status":"closed","ping_status":"closed","template":"","meta":{"footnotes":""},"class_list":["post-104","page","type-page","status-publish","hentry"],"blocksy_meta":{"styles_descriptor":{"styles":{"desktop":"","tablet":"","mobile":""},"google_fonts":[],"version":6}},"_links":{"self":[{"href":"https:\/\/drmakclinic.com\/es\/wp-json\/wp\/v2\/pages\/104","targetHints":{"allow":["GET"]}}],"collection":[{"href":"https:\/\/drmakclinic.com\/es\/wp-json\/wp\/v2\/pages"}],"about":[{"href":"https:\/\/drmakclinic.com\/es\/wp-json\/wp\/v2\/types\/page"}],"author":[{"embeddable":true,"href":"https:\/\/drmakclinic.com\/es\/wp-json\/wp\/v2\/users\/1"}],"replies":[{"embeddable":true,"href":"https:\/\/drmakclinic.com\/es\/wp-json\/wp\/v2\/comments?post=104"}],"version-history":[{"count":0,"href":"https:\/\/drmakclinic.com\/es\/wp-json\/wp\/v2\/pages\/104\/revisions"}],"wp:attachment":[{"href":"https:\/\/drmakclinic.com\/es\/wp-json\/wp\/v2\/media?parent=104"}],"curies":[{"name":"wp","href":"https:\/\/api.w.org\/{rel}","templated":true}]}}