{"id":1129,"date":"2022-08-28T20:44:16","date_gmt":"2022-08-28T17:44:16","guid":{"rendered":"https:\/\/drmakclinic.com\/?page_id=1129"},"modified":"2025-01-29T14:49:28","modified_gmt":"2025-01-29T11:49:28","slug":"aesthetic-plastic-surgery","status":"publish","type":"page","link":"https:\/\/drmakclinic.com\/es\/procedures\/aesthetic-plastic-surgery\/","title":{"rendered":"Aesthetic &amp; Plastic Surgery"},"content":{"rendered":"<div class=\"brz-root__container brz-reset-all brz brz-root__container-page\">\n<section id=\"_esqjhotkcmhejcchtzukubnnlvrhogifmmxe\" class=\"brz-section brz-css-1ibujp6\">\n<div class=\"brz-section__content brz-section--boxed brz-css-1r6pf5a brz-css-h2v4hr\" data-brz-custom-id=\"hfimbxcmbrywydzkrensmlgstizksjnnihzg\">\n<div class=\"brz-bg\">\n<div class=\"brz-bg-color\"><\/div>\n<\/div>\n<div class=\"brz-container brz-css-1mmalbf\">\n<div class=\"brz-row__container brz-css-hcaffb\" data-brz-custom-id=\"tlxgowxcffvrmuiujjpsjfhlfxawcamcifki\">\n<div class=\"brz-bg\"><\/div>\n<div class=\"brz-row brz-css-1eobeov brz-css-1fv70i0\">\n<div class=\"brz-columns brz-css-jn1fxk brz-css-1k00u2e\" data-brz-custom-id=\"coeaqclcqyfcqtatztcuczukmeuvxyiarqsx\">\n<div class=\"brz-bg\"><\/div>\n<div class=\"brz-column__items brz-css-6xumby\">\n<div id=\"\" class=\"brz-css-f63hpw brz-wrapper\">\n<div class=\"brz-icon-text brz-css-plvck6 brz-css-dttxrx\" data-brz-custom-id=\"ibzmkixgcatvarzwshdkgsffpxwubabysyzv\">\n<div class=\"brz-icon__container\" data-brz-custom-id=\"ntghzpkrtodcqititvdnjouzpahjfciydjhs\"><span class=\"brz-icon brz-span brz-css-p42fog brz-css-76ywcm\"><\/span><\/div>\n<div class=\"brz-text-btn\">\n<div class=\"brz-rich-text brz-rich-text__custom brz-css-fz87be\" data-brz-custom-id=\"kmodwlvxdaegyhyhujtjukdmxoquezkfrjbj\">\n<div data-brz-translate-text=\"1\">\n<p class=\"brz-tp-lg-empty brz-ff-izzivsxniqvyexslaslvwzgtgnghvrxuxiru brz-ft-upload brz-fs-lg-66 brz-fss-lg-px brz-fw-lg-400 brz-ls-lg-0 brz-lh-lg-1 brz-css-rXSj9\" data-uniq-id=\"xixcl\" data-generated-css=\"brz-css-goczd\"><span>Cirug\u00eda Est\u00e9tica y Pl\u00e1stica<\/span><\/p>\n<\/div>\n<\/div>\n<\/div>\n<\/div>\n<\/div>\n<\/div>\n<\/div>\n<div class=\"brz-columns brz-css-jn1fxk brz-css-t49xe8\" data-brz-custom-id=\"oeushddrpichgmpkzjfmadtvcwcaggtdqavr\">\n<div class=\"brz-bg\"><\/div>\n<div class=\"brz-column__items brz-css-6xumby\">\n<div id=\"\" class=\"brz-css-f63hpw brz-css-2q7ppl brz-wrapper\">\n<div class=\"brz-image brz-css-1utrtxt\" data-brz-custom-id=\"ywqtgakkwsxprgekakarbualrqfaecytlhlf\"><img decoding=\"async\" class=\"brz-img\" src=\"https:\/\/drmakclinic.com\/es?brizy_media=wp-18ec1347426d6e0fd082dcabcebb1fc4.png&amp;brizy_crop=original\" alt=\"\" loading=\"lazy\"><\/div>\n<\/div>\n<\/div>\n<\/div>\n<\/div>\n<\/div>\n<\/div>\n<\/div>\n<\/section>\n<section id=\"_tvymfayyxikwxcuioipxiwsgjfibhfizrpaf\" class=\"brz-section brz-css-1ibujp6\">\n<div class=\"brz-section__content brz-section--boxed brz-css-1r6pf5a brz-css-ozrx9h\" data-brz-custom-id=\"cwzhmuzgmxvnhwnqdulotlokeiutqditoylh\">\n<div class=\"brz-bg\">\n<div class=\"brz-bg-color\"><\/div>\n<\/div>\n<div class=\"brz-container brz-css-1mmalbf\">\n<div class=\"brz-row__container brz-css-hcaffb brz-css-1meeft3\" data-brz-custom-id=\"shbytsbjcglsgijcrgrxxabgefuhcrmpkmvd\">\n<div class=\"brz-bg\">\n<div class=\"brz-bg-color\"><\/div>\n<\/div>\n<div class=\"brz-row brz-css-1eobeov brz-css-nu8xgq\">\n<div class=\"brz-columns brz-css-jn1fxk\" data-brz-custom-id=\"wftizspomvtfymhzxlckgkwxepfktcqrszxr\">\n<div class=\"brz-bg\"><\/div>\n<div class=\"brz-column__items brz-css-6xumby\">\n<div id=\"\" class=\"brz-css-f63hpw brz-css-2h5uir brz-wrapper\">\n<div class=\"brz-image brz-css-45em27 brz-css-7jkrun\" data-brz-custom-id=\"fbsrlzbbwnuntuirgkczrugmzuknmkvdzwpw\"><img decoding=\"async\" class=\"brz-img\" src=\"https:\/\/drmakclinic.com\/es?brizy_media=wp-800f4c047c859465956adeb62b9982dc.png&amp;brizy_crop=original\" alt=\"\" loading=\"lazy\"><\/div>\n<\/div>\n<\/div>\n<\/div>\n<div class=\"brz-columns brz-css-jn1fxk brz-css-1qci9xr\" data-brz-custom-id=\"ifrywedfbolndupoaezxaaypqvlovwxrjaal\">\n<div class=\"brz-column__items brz-css-6xumby brz-css-1kxmr5c\">\n<div id=\"\" class=\"brz-css-f63hpw brz-css-1pwz4q2 brz-wrapper\">\n<div class=\"brz-rich-text brz-rich-text__custom brz-css-fz87be\" data-brz-custom-id=\"jelckglvwlpzlxkzstfsosivglopmmplhfxa\">\n<div data-brz-translate-text=\"1\">\n<p class=\"brz-fs-lg-48 brz-ft-upload brz-ff-ckyztbazucvfgxnrkwthfbuhnumrbfrmhags brz-tp-lg-empty brz-lh-lg-1_5 brz-ls-lg-m_0_5 brz-fw-lg-400 brz-fss-lg-px brz-mb-lg-0 brz-css-r3XvB\" data-generated-css=\"brz-css-gfpvf\" data-uniq-id=\"kuhqg\">Cara<\/p>\n<\/div>\n<\/div>\n<\/div>\n<div id=\"\" class=\"brz-css-f63hpw brz-css-s0rr57 brz-wrapper\">\n<div class=\"brz-rich-text brz-rich-text__custom brz-css-fz87be\" data-brz-custom-id=\"hsrdvwdqaegauvhsrwvjbgnuygsxiymlgtgz\">\n<div data-brz-translate-text=\"1\">\n<p class=\"brz-lh-lg-1_9 brz-ls-lg-0 brz-fw-lg-400 brz-fss-lg-px brz-fs-lg-26 brz-ft-upload brz-ff-izzivsxniqvyexslaslvwzgtgnghvrxuxiru brz-tp-lg-empty brz-css-irHDX\" data-uniq-id=\"tbufl\" data-generated-css=\"brz-css-zusit\">Elige tu procedimiento<\/p>\n<p class=\"brz-tp-lg-empty brz-ff-izzivsxniqvyexslaslvwzgtgnghvrxuxiru brz-ft-upload brz-fs-lg-26 brz-fss-lg-px brz-fw-lg-400 brz-ls-lg-0 brz-lh-lg-1_9 brz-css-nhCAm\" data-uniq-id=\"jnwys\" data-generated-css=\"brz-css-njteo\"><\/p>\n<ul>\n<li class=\"brz-lh-lg-1_9 brz-ls-lg-0 brz-fw-lg-400 brz-fss-lg-px brz-fs-lg-16 brz-ft-upload brz-ff-mruflzjvtzjxcnwqyqqtvvgobqvnixkyfskc brz-tp-lg-empty brz-css-xoZC5\" data-uniq-id=\"qmjgo\" data-generated-css=\"brz-css-zoake\"><a class=\"link--external\" href=\"https:\/\/drmakclinic.com\/es\/procedures\/aesthetic-plastic-surgery\/facelift-necklift\/\" data-brz-link-type=\"external\">LIFTING DE CARA Y CUELLO<\/a><\/li>\n<li class=\"brz-tp-lg-paragraph brz-css-qogpI\" data-uniq-id=\"kjvdv\" data-generated-css=\"brz-css-uggwa\"><a class=\"link--external brz-capitalize-on\" href=\"https:\/\/drmakclinic.com\/es\/procedures\/aesthetic-plastic-surgery\/rhinoplasty\/\" data-brz-link-type=\"external\">Rinoplastia<\/a><\/li>\n<li class=\"brz-mb-lg-0 brz-tp-lg-paragraph brz-mt-xs-0 brz-mt-lg-0 brz-css-nU3uq\" data-generated-css=\"brz-css-cjagh\" data-uniq-id=\"gohgr\"><a class=\"link--external\" href=\"https:\/\/drmakclinic.com\/es\/procedures\/aesthetic-plastic-surgery\/upper-eyelid-surgery\/\" data-brz-link-type=\"external\">CIRUGIA DEL PARP\u00c1DO SUPERIOR (BLEFAROPLASTIA)<\/a><\/li>\n<li class=\"brz-mb-lg-0 brz-tp-lg-paragraph brz-mt-xs-0 brz-mt-lg-0 brz-css-fkAEQ\" data-generated-css=\"brz-css-amzwy\" data-uniq-id=\"qknab\"><a class=\"link--external\" href=\"https:\/\/drmakclinic.com\/es\/procedures\/aesthetic-plastic-surgery\/lower-eyelid-surgery\/\" data-brz-link-type=\"external\">CIRUGIA DEL PARP\u00c1DO INFERIOR (BLEFAROPLASTIA)<\/a><\/li>\n<li class=\"brz-mb-lg-0 brz-tp-lg-paragraph brz-mt-xs-0 brz-mt-lg-0 brz-css-d2p1d\" data-generated-css=\"brz-css-hyjew\" data-uniq-id=\"gyued\"><a class=\"link--external\" href=\"https:\/\/drmakclinic.com\/es\/procedures\/aesthetic-plastic-surgery\/ear-surgery\/\" data-brz-link-type=\"external\">OTOPLASTIA O CIRUGIA DE LAS OREJAS<\/a><\/li>\n<li class=\"brz-mb-lg-0 brz-tp-lg-paragraph brz-mt-xs-0 brz-mt-lg-0 brz-css-wYp0F\" data-generated-css=\"brz-css-kuugk\" data-uniq-id=\"xzhhq\"><a class=\"link--external\" href=\"https:\/\/drmakclinic.com\/es\/procedures\/aesthetic-plastic-surgery\/lip-lift\/\" data-brz-link-type=\"external\">LIFTING DE LABIOS<\/a><\/li>\n<li class=\"brz-mb-lg-0 brz-tp-lg-paragraph brz-mt-xs-0 brz-mt-lg-0 brz-css-uGhwQ\" data-generated-css=\"brz-css-vjzxc\" data-uniq-id=\"zzpzm\"><a class=\"link--external\" href=\"https:\/\/drmakclinic.com\/es\/procedures\/aesthetic-plastic-surgery\/forehead-lift\/\" data-brz-link-type=\"external\">LIFTING DE FRENTE<\/a><\/li>\n<\/ul>\n<\/div>\n<\/div>\n<\/div>\n<\/div>\n<\/div>\n<\/div>\n<\/div>\n<\/div>\n<\/div>\n<\/section>\n<section id=\"_asajdyajhtxvcvsezquqxbpxdqljxwuhhdbq\" class=\"brz-section brz-css-1ibujp6\">\n<div class=\"brz-section__content brz-section--boxed brz-css-1r6pf5a brz-css-jaaiqz\" data-brz-custom-id=\"qslrdghkgtrxpebzintlsmztsmnhbsgyedkx\">\n<div class=\"brz-bg\">\n<div class=\"brz-bg-color\"><\/div>\n<\/div>\n<div class=\"brz-container brz-css-1mmalbf\">\n<div class=\"brz-row__container brz-css-hcaffb brz-css-n9qnzg\" data-brz-custom-id=\"knsdgwbwpvpyscffjasxqqtadvmqdeqlwipj\">\n<div class=\"brz-bg\">\n<div class=\"brz-bg-color\"><\/div>\n<\/div>\n<div class=\"brz-row brz-css-1eobeov brz-css-1gz0fzp\">\n<div class=\"brz-columns brz-css-jn1fxk brz-css-1ww65zs\" data-brz-custom-id=\"lavclnowvspuoytyvurmnmwyljfwaslhxuno\">\n<div class=\"brz-bg\"><\/div>\n<div class=\"brz-column__items brz-css-6xumby\">\n<div id=\"\" class=\"brz-css-f63hpw brz-css-1rb42r1 brz-wrapper\">\n<div class=\"brz-image brz-css-p6aulx brz-css-ezdv1k\" data-brz-custom-id=\"ffhgeubrvspgtexvastvvepxielyhhxajgla\"><img decoding=\"async\" class=\"brz-img\" src=\"https:\/\/drmakclinic.com\/es?brizy_media=wp-e81a77f093366acc8cc36a8806927494.png&amp;brizy_crop=original\" alt=\"\" loading=\"lazy\"><\/div>\n<\/div>\n<\/div>\n<\/div>\n<div class=\"brz-columns brz-css-jn1fxk brz-css-1f3p356\" data-brz-custom-id=\"ncdmblfhfpwcvhunhnbxvswxmbvwfctveyhb\">\n<div class=\"brz-column__items brz-css-6xumby brz-css-1eyax9e\">\n<div id=\"\" class=\"brz-css-f63hpw brz-css-rbwn76 brz-wrapper\">\n<div class=\"brz-rich-text brz-rich-text__custom brz-css-fz87be\" data-brz-custom-id=\"uxixfhvjfhgvorijandcwmqbdmtvjaeczkde\">\n<div data-brz-translate-text=\"1\">\n<p class=\"brz-mb-lg-0 brz-fss-lg-px brz-fw-lg-400 brz-ls-lg-m_0_5 brz-lh-lg-1_5 brz-tp-lg-empty brz-ff-ckyztbazucvfgxnrkwthfbuhnumrbfrmhags brz-ft-upload brz-fs-lg-48 brz-css-vRLGO\" data-uniq-id=\"ibuct\" data-generated-css=\"brz-css-dbwoh\">Cuerpo<\/p>\n<\/div>\n<\/div>\n<\/div>\n<div id=\"\" class=\"brz-css-f63hpw brz-css-1ao60ax brz-wrapper\">\n<div class=\"brz-rich-text brz-rich-text__custom brz-css-fz87be\" data-brz-custom-id=\"iutrottygswhvivqtbdvkmkaloiwgttufhua\">\n<div data-brz-translate-text=\"1\">\n<p class=\"brz-lh-lg-1_9 brz-ls-lg-0 brz-fw-lg-400 brz-fss-lg-px brz-fs-lg-26 brz-ft-upload brz-ff-izzivsxniqvyexslaslvwzgtgnghvrxuxiru brz-tp-lg-empty brz-css-yQInS\" data-uniq-id=\"siyyz\" data-generated-css=\"brz-css-qqbgy\">Elige tu procedimiento<\/p>\n<p class=\"brz-tp-lg-empty brz-ff-izzivsxniqvyexslaslvwzgtgnghvrxuxiru brz-ft-upload brz-fs-lg-26 brz-fss-lg-px brz-fw-lg-400 brz-ls-lg-0 brz-lh-lg-1_9 brz-css-i38x3\" data-uniq-id=\"jbniy\" data-generated-css=\"brz-css-ptliu\"><\/p>\n<ul>\n<li class=\"brz-tp-lg-paragraph brz-css-k7Gua\" data-uniq-id=\"xkhud\" data-generated-css=\"brz-css-sjouk\"><a class=\"link--external brz-capitalize-on\" href=\"https:\/\/drmakclinic.com\/es\/procedures\/aesthetic-plastic-surgery\/breast-uplift\/\" data-brz-link-type=\"external\">Lifting de mamas (Levantamiento de senos &#8211; Mamopexia)<\/a><\/li>\n<li class=\"brz-tp-lg-paragraph brz-css-fCzjy\" data-uniq-id=\"rcbdl\" data-generated-css=\"brz-css-xttqb\"><a class=\"link--external brz-capitalize-on\" href=\"https:\/\/drmakclinic.com\/es\/procedures\/aesthetic-plastic-surgery\/breast-implant\/\" data-brz-link-type=\"external\">Implantes de senos<\/a><\/li>\n<li class=\"brz-mb-lg-0 brz-tp-lg-paragraph brz-mt-xs-0 brz-mt-lg-0 brz-css-zxzty\" data-generated-css=\"brz-css-twvfv\" data-uniq-id=\"iepzj\"><a class=\"link--external brz-capitalize-on\" href=\"https:\/\/drmakclinic.com\/es\/procedures\/aesthetic-plastic-surgery\/breast-reduction\/\" data-brz-link-type=\"external\">Reducci\u00f3n de senos (Reducci\u00f3n mamaria)<\/a><\/li>\n<li class=\"brz-mb-lg-0 brz-tp-lg-paragraph brz-mt-xs-0 brz-mt-lg-0 brz-css-oSPFa\" data-generated-css=\"brz-css-astpb\" data-uniq-id=\"jrnwr\"><a class=\"link--external brz-capitalize-on\" href=\"https:\/\/drmakclinic.com\/es\/procedures\/aesthetic-plastic-surgery\/abdominoplasty\" data-brz-link-type=\"external\">Abdominoplastia<\/a><\/li>\n<li class=\"brz-mb-lg-0 brz-tp-lg-paragraph brz-mt-xs-0 brz-mt-lg-0 brz-css-q5KTd\" data-generated-css=\"brz-css-mazjl\" data-uniq-id=\"mmfaf\"><a class=\"link--external brz-capitalize-on\" href=\"https:\/\/drmakclinic.com\/es\/procedures\/aesthetic-plastic-surgery\/body-contouring-liposuction\/\" data-brz-link-type=\"external\">Contorno &#8211; Liposucci\u00f3n<\/a><\/li>\n<li class=\"brz-mb-lg-0 brz-tp-lg-paragraph brz-mt-xs-0 brz-mt-lg-0 brz-css-pvsmH\" data-generated-css=\"brz-css-qkkcf\" data-uniq-id=\"wqibp\"><a class=\"link--external brz-capitalize-on\" href=\"https:\/\/drmakclinic.com\/es\/procedures\/aesthetic-plastic-surgery\/brachioplasty-armlift\/\" data-brz-link-type=\"external\">Braquiloplastia &#8211; Lifting de brazos<\/a><\/li>\n<li class=\"brz-mb-lg-0 brz-tp-lg-paragraph brz-mt-xs-0 brz-mt-lg-0 brz-css-eLuDB\" data-generated-css=\"brz-css-zjpkb\" data-uniq-id=\"fbbtf\"><a class=\"link--external brz-capitalize-on\" href=\"https:\/\/drmakclinic.com\/es\/procedures\/aesthetic-plastic-surgery\/thigh-lift\/\" data-brz-link-type=\"external\">Lifting de muslos<\/a><\/li>\n<li class=\"brz-mb-lg-0 brz-tp-lg-paragraph brz-mt-xs-0 brz-mt-lg-0 brz-css-eXkgW\" data-generated-css=\"brz-css-zdvej\" data-uniq-id=\"zkycv\"><a class=\"link--external brz-capitalize-on\" href=\"https:\/\/drmakclinic.com\/es\/procedures\/aesthetic-plastic-surgery\/labiaplasty\/\" data-brz-link-type=\"external\">Labioplastia<\/a><\/li>\n<li class=\"brz-mb-lg-0 brz-tp-lg-paragraph brz-mt-xs-0 brz-mt-lg-0 brz-css-pKH8T\" data-generated-css=\"brz-css-eacpi\" data-uniq-id=\"vszld\"><a class=\"link--external brz-capitalize-on\" href=\"https:\/\/drmakclinic.com\/es\/procedures\/aesthetic-plastic-surgery\/vaginoplasty\/\" data-brz-link-type=\"external\">Vaginoplastia<\/a><\/li>\n<\/ul>\n<\/div>\n<\/div>\n<\/div>\n<\/div>\n<\/div>\n<\/div>\n<\/div>\n<\/div>\n<\/div>\n<\/section>\n<section id=\"_ftmpmkdcolifnvgxhuyhlzbaliljwdgzlfvr\" class=\"brz-section brz-css-1ibujp6\">\n<div class=\"brz-section__content brz-section--boxed brz-css-1r6pf5a brz-css-11rtbvi\" data-brz-custom-id=\"rabhzkgekhppowptmgxlttycfisqteskxgwd\">\n<div class=\"brz-bg\">\n<div class=\"brz-bg-color\"><\/div>\n<\/div>\n<div class=\"brz-container brz-css-1mmalbf\">\n<div class=\"brz-row__container brz-css-hcaffb brz-css-1cegpr6\" data-brz-custom-id=\"yrkgtorfvzmqowfbekvbtmjtjolbfvxtfiar\">\n<div class=\"brz-bg\">\n<div class=\"brz-bg-color\"><\/div>\n<\/div>\n<div class=\"brz-row brz-css-1eobeov brz-css-m007tm\">\n<div class=\"brz-columns brz-css-jn1fxk\" data-brz-custom-id=\"mutpomgtrnvocnepxhjtbzjtmuqiqeuricas\">\n<div class=\"brz-bg\"><\/div>\n<div class=\"brz-column__items brz-css-6xumby\">\n<div id=\"\" class=\"brz-css-f63hpw brz-css-jv0ob3 brz-wrapper\">\n<div class=\"brz-image brz-css-oecr4b brz-css-14m2485\" data-brz-custom-id=\"sifzdovzceqnwuzlgkyremrykcthariksrvj\"><img decoding=\"async\" class=\"brz-img\" src=\"https:\/\/drmakclinic.com\/es?brizy_media=wp-df722f62f20a5fc85fbc14244e441956.png&amp;brizy_crop=original\" alt=\"\" loading=\"lazy\"><\/div>\n<\/div>\n<\/div>\n<\/div>\n<div class=\"brz-columns brz-css-jn1fxk brz-css-4eg7b2\" data-brz-custom-id=\"fbtwgibexcsotaynfcgxaojxthvwulnrudnb\">\n<div class=\"brz-column__items brz-css-6xumby brz-css-qmubtr\">\n<div id=\"\" class=\"brz-css-f63hpw brz-css-axlany brz-wrapper\">\n<div class=\"brz-rich-text brz-rich-text__custom brz-css-fz87be\" data-brz-custom-id=\"bencgtchpmfulcopbyncsmnzpxgmzyjcozoc\">\n<div data-brz-translate-text=\"1\">\n<p class=\"brz-mb-lg-0 brz-fss-lg-px brz-fw-lg-400 brz-ls-lg-m_0_5 brz-lh-lg-1_5 brz-tp-lg-empty brz-ff-ckyztbazucvfgxnrkwthfbuhnumrbfrmhags brz-ft-upload brz-fs-lg-48 brz-css-lH7ZT\" data-uniq-id=\"chbnc\" data-generated-css=\"brz-css-estgv\">Piel<\/p>\n<\/div>\n<\/div>\n<\/div>\n<div id=\"\" class=\"brz-css-f63hpw brz-css-2zgaqe brz-wrapper\">\n<div class=\"brz-rich-text brz-rich-text__custom brz-css-fz87be\" data-brz-custom-id=\"qeuccjywzdvouuujgafajomfynwsixxkyswr\">\n<div data-brz-translate-text=\"1\">\n<p class=\"brz-lh-lg-1_9 brz-ls-lg-0 brz-fw-lg-400 brz-fss-lg-px brz-fs-lg-26 brz-ft-upload brz-ff-izzivsxniqvyexslaslvwzgtgnghvrxuxiru brz-tp-lg-empty brz-css-xZJxv\" data-uniq-id=\"hqtxm\" data-generated-css=\"brz-css-vlkcn\">Elige tu procedimiento<\/p>\n<p class=\"brz-tp-lg-empty brz-ff-izzivsxniqvyexslaslvwzgtgnghvrxuxiru brz-ft-upload brz-fs-lg-26 brz-fss-lg-px brz-fw-lg-400 brz-ls-lg-0 brz-lh-lg-1_9 brz-css-nyHXW\" data-uniq-id=\"stqej\" data-generated-css=\"brz-css-ubcfw\"><\/p>\n<ul>\n<li class=\"brz-tp-lg-empty brz-ff-mruflzjvtzjxcnwqyqqtvvgobqvnixkyfskc brz-ft-upload brz-fs-lg-16 brz-fss-lg-px brz-fw-lg-400 brz-ls-lg-0 brz-lh-lg-1_9 brz-css-eMeNG\" data-uniq-id=\"xujpl\" data-generated-css=\"brz-css-enkwh\"><a class=\"link--external brz-capitalize-on\" href=\"https:\/\/drmakclinic.com\/es\/procedures\/aesthetic-plastic-surgery\/fillers\/\" data-brz-link-type=\"external\">Rellenos<\/a><\/li>\n<li class=\"brz-tp-lg-paragraph brz-css-pYcdD\" data-generated-css=\"brz-css-wzgvp\" data-uniq-id=\"nbxrr\"><a class=\"link--external brz-capitalize-on\" href=\"https:\/\/drmakclinic.com\/es\/procedures\/aesthetic-plastic-surgery\/botox\/\" data-brz-link-type=\"external\">B\u00f3tox<\/a><\/li>\n<\/ul>\n<\/div>\n<\/div>\n<\/div>\n<\/div>\n<\/div>\n<\/div>\n<\/div>\n<\/div>\n<\/div>\n<\/section>\n<section id=\"_ebznpirujtomnyysavlxcacolbtqdekpmnak\" class=\"brz-section brz-css-1ibujp6\">\n<div class=\"brz-section__content brz-section--boxed brz-css-1r6pf5a brz-css-nj4xug\" data-brz-custom-id=\"jpsoqbqrxkjbtqtswbhbicnndnqiorsdrpaq\">\n<div class=\"brz-bg\">\n<div class=\"brz-bg-color\"><\/div>\n<\/div>\n<div class=\"brz-container brz-css-1mmalbf\">\n<div class=\"brz-row__container brz-css-hcaffb brz-css-dhorwv\" data-brz-custom-id=\"tdiqtwoewbbebrneqheigyxxcwulrwfbscxs\">\n<div class=\"brz-bg\">\n<div class=\"brz-bg-color\"><\/div>\n<\/div>\n<div class=\"brz-row brz-css-1eobeov brz-css-raqwlh\">\n<div class=\"brz-columns brz-css-jn1fxk\" data-brz-custom-id=\"vvjdjktesymvpgfgvsjcricdbfgzvaipkppf\">\n<div class=\"brz-bg\"><\/div>\n<div class=\"brz-column__items brz-css-6xumby\">\n<div id=\"\" class=\"brz-css-f63hpw brz-css-v4rfbf brz-wrapper\">\n<div class=\"brz-image brz-css-34t211 brz-css-1ehkllp\" data-brz-custom-id=\"emxxzclavgmrnuuarbwwzqmqslnawxamntkt\"><img decoding=\"async\" class=\"brz-img\" src=\"https:\/\/drmakclinic.com\/es?brizy_media=wp-4e6b90b56d6e59bcf5b79484ef52a09f.png&amp;brizy_crop=iW%3D569%26iH%3D380%26oX%3D32%26oY%3D0%26cW%3D506%26cH%3D380\" alt=\"\" loading=\"lazy\"><\/div>\n<\/div>\n<\/div>\n<\/div>\n<div class=\"brz-columns brz-css-jn1fxk brz-css-1i8nhbe\" data-brz-custom-id=\"jddjfdqoekcjzeefpumcbbsqviavsnpsbenv\">\n<div class=\"brz-column__items brz-css-6xumby brz-css-1brsuza\">\n<div id=\"\" class=\"brz-css-f63hpw brz-css-1ykwovl brz-wrapper\">\n<div class=\"brz-rich-text brz-rich-text__custom brz-css-fz87be\" data-brz-custom-id=\"goaosnwoykzevbfpstpwpxdgyfmvtwcjfwfx\">\n<div data-brz-translate-text=\"1\">\n<p class=\"brz-mb-lg-0 brz-fss-lg-px brz-fw-lg-400 brz-ls-lg-m_0_5 brz-lh-lg-1_5 brz-tp-lg-empty brz-ff-ckyztbazucvfgxnrkwthfbuhnumrbfrmhags brz-ft-upload brz-fs-lg-48 brz-css-iY4nR\" data-uniq-id=\"wmqau\" data-generated-css=\"brz-css-uurcp\">Hombres<\/p>\n<\/div>\n<\/div>\n<\/div>\n<div id=\"\" class=\"brz-css-f63hpw brz-css-1r9wuds brz-wrapper\">\n<div class=\"brz-rich-text brz-rich-text__custom brz-css-fz87be\" data-brz-custom-id=\"fhdvokilcgawoohejhwthcjkxotbwlvdawpk\">\n<div data-brz-translate-text=\"1\">\n<p class=\"brz-lh-lg-1_9 brz-ls-lg-0 brz-fw-lg-400 brz-fss-lg-px brz-fs-lg-26 brz-ft-upload brz-ff-izzivsxniqvyexslaslvwzgtgnghvrxuxiru brz-tp-lg-empty brz-css-epNox\" data-uniq-id=\"obepn\" data-generated-css=\"brz-css-lnsja\">Elige tu procedimiento<\/p>\n<p class=\"brz-tp-lg-empty brz-ff-izzivsxniqvyexslaslvwzgtgnghvrxuxiru brz-ft-upload brz-fs-lg-26 brz-fss-lg-px brz-fw-lg-400 brz-ls-lg-0 brz-lh-lg-1_9 brz-css-fHych\" data-uniq-id=\"kqzcf\" data-generated-css=\"brz-css-hwrhb\"><\/p>\n<ul>\n<li class=\"brz-tp-lg-empty brz-ff-mruflzjvtzjxcnwqyqqtvvgobqvnixkyfskc brz-ft-upload brz-fs-lg-16 brz-fss-lg-px brz-fw-lg-400 brz-ls-lg-0 brz-lh-lg-1_9 brz-css-wARW8\" data-uniq-id=\"iukvz\" data-generated-css=\"brz-css-yoymv\"><a class=\"link--external brz-capitalize-on\" href=\"https:\/\/drmakclinic.com\/es\/procedures\/aesthetic-plastic-surgery\/gynecomastia\/\" data-brz-link-type=\"external\">Ginecomastia<\/a><\/li>\n<li class=\"brz-tp-lg-paragraph brz-css-w8FyA\" data-generated-css=\"brz-css-iczoq\" data-uniq-id=\"adeaf\"><a class=\"link--external brz-capitalize-on\" href=\"https:\/\/drmakclinic.com\/es\/procedures\/aesthetic-plastic-surgery\/penis-enlargement\/\" data-brz-link-type=\"external\">Alargamiento de Pene<\/a><\/li>\n<\/ul>\n<\/div>\n<\/div>\n<\/div>\n<\/div>\n<\/div>\n<\/div>\n<\/div>\n<\/div>\n<\/div>\n<\/section>\n<\/div>\n<p>    <!-- version:1738151368 --><\/p>\n","protected":false},"excerpt":{"rendered":"<p>Cirug\u00eda Est\u00e9tica y Pl\u00e1stica Cara Elige tu procedimiento LIFTING DE CARA Y CUELLO Rinoplastia CIRUGIA DEL PARP\u00c1DO SUPERIOR (BLEFAROPLASTIA) CIRUGIA DEL PARP\u00c1DO INFERIOR (BLEFAROPLASTIA) OTOPLASTIA O CIRUGIA DE LAS OREJAS LIFTING DE LABIOS LIFTING DE FRENTE Cuerpo Elige tu procedimiento Lifting de mamas (Levantamiento de senos &#8211; Mamopexia) Implantes de senos Reducci\u00f3n de senos (Reducci\u00f3n [&hellip;]<\/p>\n","protected":false},"author":1,"featured_media":0,"parent":1126,"menu_order":0,"comment_status":"closed","ping_status":"closed","template":"","meta":{"footnotes":""},"class_list":["post-1129","page","type-page","status-publish","hentry"],"blocksy_meta":{"styles_descriptor":{"styles":{"desktop":"","tablet":"","mobile":""},"google_fonts":[],"version":6}},"_links":{"self":[{"href":"https:\/\/drmakclinic.com\/es\/wp-json\/wp\/v2\/pages\/1129","targetHints":{"allow":["GET"]}}],"collection":[{"href":"https:\/\/drmakclinic.com\/es\/wp-json\/wp\/v2\/pages"}],"about":[{"href":"https:\/\/drmakclinic.com\/es\/wp-json\/wp\/v2\/types\/page"}],"author":[{"embeddable":true,"href":"https:\/\/drmakclinic.com\/es\/wp-json\/wp\/v2\/users\/1"}],"replies":[{"embeddable":true,"href":"https:\/\/drmakclinic.com\/es\/wp-json\/wp\/v2\/comments?post=1129"}],"version-history":[{"count":0,"href":"https:\/\/drmakclinic.com\/es\/wp-json\/wp\/v2\/pages\/1129\/revisions"}],"up":[{"embeddable":true,"href":"https:\/\/drmakclinic.com\/es\/wp-json\/wp\/v2\/pages\/1126"}],"wp:attachment":[{"href":"https:\/\/drmakclinic.com\/es\/wp-json\/wp\/v2\/media?parent=1129"}],"curies":[{"name":"wp","href":"https:\/\/api.w.org\/{rel}","templated":true}]}}