{"id":1157,"date":"2022-08-28T20:46:24","date_gmt":"2022-08-28T17:46:24","guid":{"rendered":"https:\/\/drmakclinic.com\/?page_id=1157"},"modified":"2025-01-30T10:11:19","modified_gmt":"2025-01-30T07:11:19","slug":"breast-implant","status":"publish","type":"page","link":"https:\/\/drmakclinic.com\/es\/procedures\/aesthetic-plastic-surgery\/breast-implant\/","title":{"rendered":"Breast Implant"},"content":{"rendered":"<div class=\"brz-root__container brz-reset-all brz brz-root__container-page\">\n<section id=\"_dpvzyoyvberrcrzjjfkykfurpvinsaijmpdv\" class=\"brz-section brz-css-1e0wi5y\">\n<div class=\"brz-section__content brz-section--boxed brz-css-78onvu brz-css-gsh4ez\" data-brz-custom-id=\"qqlzwmdgpudxwrsxxplazmgkrxipyiuzqfhc\">\n<div class=\"brz-bg\">\n<div class=\"brz-bg-color\"><\/div>\n<\/div>\n<div class=\"brz-container brz-css-w2wys2\">\n<div class=\"brz-row__container brz-css-1424by0\" data-brz-custom-id=\"uhxvgcdlhgelapyqglefmjptiojvlcreexjl\">\n<div class=\"brz-bg\"><\/div>\n<div class=\"brz-row brz-css-wiurb brz-css-3pl01n\">\n<div class=\"brz-columns brz-css-migdnu brz-css-1nby0sh\" data-brz-custom-id=\"ngaidgtondnmmgtaruawmubtgwjniufngpkp\">\n<div class=\"brz-bg\"><\/div>\n<div class=\"brz-column__items brz-css-1o2ko7r\">\n<div id=\"\" class=\"brz-css-s47mkz brz-wrapper\">\n<div class=\"brz-icon-text brz-css-9ss6lz brz-css-mcuvjs\" data-brz-custom-id=\"tfbcuhbleunxmwavvqfpntumlgqfeiygntii\">\n<div class=\"brz-icon__container\" data-brz-custom-id=\"rqtqzdozahgmqkkmibnxaibjtxtumcjzhagk\"><span class=\"brz-icon brz-span brz-css-ps82vf brz-css-kh8loy\"><\/span><\/div>\n<div class=\"brz-text-btn\">\n<div class=\"brz-rich-text brz-rich-text__custom brz-css-w5zoew\" data-brz-custom-id=\"ldgvjwfrxvglgfrehohbtebjzcfgyxdkacxy\">\n<div data-brz-translate-text=\"1\">\n<p class=\"brz-lh-lg-1 brz-ls-lg-0 brz-fw-lg-400 brz-fss-lg-px brz-fs-lg-66 brz-ft-upload brz-ff-izzivsxniqvyexslaslvwzgtgnghvrxuxiru brz-tp-lg-empty ql-align-center brz-text-lg-justify brz-css-xmhvm\" data-generated-css=\"brz-css-yodvl\" data-uniq-id=\"tsbnh\"><span>Implantes de senos<\/span><\/p>\n<\/div>\n<\/div>\n<\/div>\n<\/div>\n<\/div>\n<\/div>\n<\/div>\n<\/div>\n<\/div>\n<\/div>\n<\/div>\n<\/section>\n<section id=\"_pzkusxzynridgumteszzpdnafylufbhpxfxz\" class=\"brz-section brz-css-1e0wi5y\">\n<div class=\"brz-section__content brz-section--boxed brz-css-78onvu brz-css-1d6824b\" data-brz-custom-id=\"ibbuxkfamimzffvqwgstkyrmaopjdjckggcv\">\n<div class=\"brz-bg\">\n<div class=\"brz-bg-color\"><\/div>\n<\/div>\n<div class=\"brz-container brz-css-w2wys2\">\n<div id=\"\" class=\"brz-css-s47mkz brz-wrapper\">\n<div class=\"brz-line brz-line-default brz-css-1axn0hz brz-css-d6rzr9\" data-brz-custom-id=\"xqqmppzhbjlbwmvohxzpyqqqlbxxpzpekycd\">\n<hr class=\"brz-hr\"><\/div>\n<\/div>\n<div class=\"brz-row__container brz-css-1424by0\" data-brz-custom-id=\"uaqjwobnaekqdczpgionhfjhizunatgdstzy\">\n<div class=\"brz-bg\"><\/div>\n<div class=\"brz-row brz-css-wiurb brz-css-199nxcb\">\n<div class=\"brz-columns brz-css-migdnu brz-css-1c2z0v\" data-brz-custom-id=\"mdnybosbjhkxhcxayhqmeimtoveumtzzqpnq\">\n<div class=\"brz-bg\"><\/div>\n<div class=\"brz-column__items brz-css-1o2ko7r brz-css-1wjsiwm\">\n<div id=\"\" class=\"brz-css-s47mkz brz-css-1ktnpng brz-wrapper\">\n<div class=\"brz-rich-text brz-rich-text__custom brz-css-w5zoew\" data-brz-custom-id=\"eoqhznqxwpzsvjurfyllmwhjwtdiorcqxzac\">\n<div data-brz-translate-text=\"1\">\n<h4 class=\"brz-lh-lg-1_5 brz-tp-lg-empty brz-ff-manrope brz-ft-google brz-fs-lg-13 brz-fss-lg-px brz-fw-lg-700 brz-ls-lg-m_0_5 brz-css-hzAHG\" data-generated-css=\"brz-css-lvkev\" data-uniq-id=\"hakzi\"><span class=\"brz-capitalize-on\">IMPLANTES DE SENOS<\/span><\/h4>\n<\/div>\n<\/div>\n<\/div>\n<div id=\"\" class=\"brz-css-s47mkz brz-css-wxkpog brz-wrapper\">\n<div class=\"brz-rich-text brz-rich-text__custom brz-css-w5zoew\" data-brz-custom-id=\"ouabwjgkeofhogpjqcobetsftucunpqkjaxd\">\n<div data-brz-translate-text=\"1\">\n<p class=\"brz-ls-lg-0 brz-fw-lg-400 brz-fss-lg-px brz-fs-lg-36 brz-ft-upload brz-ff-ckyztbazucvfgxnrkwthfbuhnumrbfrmhags brz-tp-lg-empty brz-lh-lg-1_3 brz-css-p6JAK\" data-generated-css=\"brz-css-zfgbt\" data-uniq-id=\"zikya\"><span class=\"brz-cp-color2\">Hoy en d\u00eda, el aumento de&nbsp;busto o de&nbsp;senos se ha convertido en un tratamiento muy popular y el Dr. Mak lo&nbsp;realiza de manera frecuente. Este procedimiento tambi\u00e9n puede restaurar el volumen de los senos perdido despu\u00e9s de la reducci\u00f3n de peso o&nbsp;despu\u00e9s del embarazo.<\/span><\/p>\n<\/div>\n<\/div>\n<\/div>\n<div id=\"\" class=\"brz-css-s47mkz brz-css-1kipcy brz-wrapper\">\n<div class=\"brz-spacer brz-css-1m0cxg5 brz-css-rsotom\"><\/div>\n<\/div>\n<div id=\"\" class=\"brz-css-s47mkz brz-css-ai8zzf brz-wrapper\">\n<div class=\"brz-rich-text brz-rich-text__custom brz-css-w5zoew\" data-brz-custom-id=\"eapxevzvpxhgmyjprdvxjlqhymemegscydqb\">\n<div data-brz-translate-text=\"1\">\n<p class=\"brz-tp-lg-empty brz-ff-manrope brz-ft-google brz-fs-lg-16 brz-fss-lg-px brz-fw-lg-400 brz-ls-lg-0 brz-lh-lg-1_9 brz-css-aqen0\" data-uniq-id=\"utsta\" data-generated-css=\"brz-css-slvhw\"><span class=\"brz-cp-color2\">Es importante notar que los implantes mamarios no corrigen los senos ca\u00eddos. Es posible que se requiera un&nbsp;lifting&nbsp;de senos junto con un aumento de senos para que los senos ca\u00eddos se vean m\u00e1s rellenos y levantados.<\/span><\/p>\n<\/div>\n<\/div>\n<\/div>\n<div id=\"\" class=\"brz-css-s47mkz brz-css-1kipcy brz-wrapper\">\n<div class=\"brz-spacer brz-css-1m0cxg5 brz-css-2kpwoi\"><\/div>\n<\/div>\n<div id=\"\" class=\"brz-css-s47mkz brz-css-1mute1r brz-wrapper\">\n<div class=\"brz-icon-text brz-css-9ss6lz\" data-brz-custom-id=\"akmwdngswvsqzgwpokkgvexbnpmzapsdvcqe\">\n<div class=\"brz-icon__container\" data-brz-custom-id=\"jxceuvjrxibhmahcwngfodcaxajodtrrbpah\"><span class=\"brz-icon brz-span brz-css-ps82vf brz-css-69ru1\"><\/span><\/div>\n<div class=\"brz-text-btn\">\n<div class=\"brz-rich-text brz-rich-text__custom brz-css-w5zoew\" data-brz-custom-id=\"moadkafosjcnvvapofzyxtdslfegfgyckfly\">\n<div data-brz-translate-text=\"1\">\n<p class=\"brz-lh-lg-1_3 brz-fw-xs-400 brz-fw-sm-400 brz-fw-lg-400 brz-ft-google brz-ff-arimo brz-ls-xs-0 brz-ls-sm-0 brz-ls-lg-0 brz-fs-xs-17 brz-fs-sm-17 brz-fs-lg-18 brz-lh-sm-1_4 brz-lh-xs-1_4 brz-css-eqfVl\" data-generated-css=\"brz-css-xdtne\" data-uniq-id=\"ddkbh\"><span class=\"brz-cp-color2\">Anestesia &#8211; General<\/span><\/p>\n<\/div>\n<\/div>\n<\/div>\n<\/div>\n<\/div>\n<div id=\"\" class=\"brz-css-s47mkz brz-css-1kipcy brz-wrapper\">\n<div class=\"brz-spacer brz-css-1m0cxg5 brz-css-1d2iu7u\"><\/div>\n<\/div>\n<div id=\"\" class=\"brz-css-s47mkz brz-css-18e12yu brz-wrapper\">\n<div class=\"brz-icon-text brz-css-9ss6lz\" data-brz-custom-id=\"bauaeewmnoqrclsodxukkivmzhjptbzbqgez\">\n<div class=\"brz-icon__container\" data-brz-custom-id=\"levzlcxevbyvcuwkcdiqklhotbzfvfbatmjq\"><span class=\"brz-icon brz-span brz-css-ps82vf brz-css-1w5faxs\"><\/span><\/div>\n<div class=\"brz-text-btn\">\n<div class=\"brz-rich-text brz-rich-text__custom brz-css-w5zoew\" data-brz-custom-id=\"dinrrotblixssmajpleafgsalxywzintewpa\">\n<div data-brz-translate-text=\"1\">\n<p class=\"brz-lh-xs-1_4 brz-fs-lg-18 brz-fs-sm-17 brz-fs-xs-17 brz-ls-lg-0 brz-ls-sm-0 brz-ls-xs-0 brz-ff-arimo brz-ft-google brz-fw-lg-400 brz-fw-sm-400 brz-fw-xs-400 brz-lh-lg-1_3 brz-lh-sm-1_4 brz-css-oDqlM\" data-generated-css=\"brz-css-vgqua\" data-uniq-id=\"uwaet\"><span>Duraci\u00f3n de la estancia &#8211;&nbsp;7&nbsp;noches<\/span><\/p>\n<\/div>\n<\/div>\n<\/div>\n<\/div>\n<\/div>\n<div id=\"\" class=\"brz-css-s47mkz brz-css-1kipcy brz-wrapper\">\n<div class=\"brz-spacer brz-css-1m0cxg5 brz-css-oeyc88\"><\/div>\n<\/div>\n<div id=\"\" class=\"brz-css-s47mkz brz-css-a8bdwu brz-wrapper\">\n<div class=\"brz-icon-text brz-css-9ss6lz\" data-brz-custom-id=\"ytqyzwmltealwszjxfzjrpoocdkojtkcvtcq\">\n<div class=\"brz-icon__container\" data-brz-custom-id=\"wxfmpnwhspbifbqubfltrwkskzllcygigcdq\"><span class=\"brz-icon brz-span brz-css-ps82vf brz-css-293mgt\"><\/span><\/div>\n<div class=\"brz-text-btn\">\n<div class=\"brz-rich-text brz-rich-text__custom brz-css-w5zoew\" data-brz-custom-id=\"tbbsaczkfajeuafrkcfaxbitlmywkwffqevr\">\n<div data-brz-translate-text=\"1\">\n<p class=\"brz-lh-xs-1_4 brz-fs-lg-18 brz-fs-sm-17 brz-fs-xs-17 brz-ls-lg-0 brz-ls-sm-0 brz-ls-xs-0 brz-ff-arimo brz-ft-google brz-fw-lg-400 brz-fw-sm-400 brz-fw-xs-400 brz-lh-lg-1_3 brz-lh-sm-1_4 brz-css-xuPLd\" data-generated-css=\"brz-css-yncvm\" data-uniq-id=\"yehwj\"><span>Duraci\u00f3n de la cirug\u00eda &#8211;&nbsp;1&nbsp;&nbsp;hora<\/span><\/p>\n<\/div>\n<\/div>\n<\/div>\n<\/div>\n<\/div>\n<div id=\"\" class=\"brz-css-s47mkz brz-css-1kipcy brz-wrapper\">\n<div class=\"brz-spacer brz-css-1m0cxg5 brz-css-1xwvnag\"><\/div>\n<\/div>\n<div id=\"\" class=\"brz-css-s47mkz brz-css-11q585c brz-wrapper\">\n<div class=\"brz-icon-text brz-css-9ss6lz\" data-brz-custom-id=\"guthjxdkovdgkadzrcqnvijmhezqgfpkawzi\">\n<div class=\"brz-icon__container\" data-brz-custom-id=\"suxgpwaxxwddzetmuocifnxmmotbvfrxsodh\"><span class=\"brz-icon brz-span brz-css-ps82vf brz-css-fb093w\"><\/span><\/div>\n<div class=\"brz-text-btn\">\n<div class=\"brz-rich-text brz-rich-text__custom brz-css-w5zoew\" data-brz-custom-id=\"sjmmjimqwthillyffejngnmjkavkysdpsvhw\">\n<div data-brz-translate-text=\"1\">\n<p class=\"brz-lh-sm-1_4 brz-lh-lg-1_3 brz-fw-xs-400 brz-fw-sm-400 brz-fw-lg-400 brz-ft-google brz-ff-arimo brz-ls-xs-0 brz-ls-sm-0 brz-ls-lg-0 brz-fs-xs-17 brz-fs-sm-17 brz-fs-lg-18 brz-lh-xs-1_4 brz-css-l2a5V\" data-generated-css=\"brz-css-jpyxg\" data-uniq-id=\"wezqy\"><span>Vuelta a la vida normal &#8211;&nbsp;2 semanas<\/span><\/p>\n<\/div>\n<\/div>\n<\/div>\n<\/div>\n<\/div>\n<div id=\"\" class=\"brz-css-s47mkz brz-css-1kipcy brz-wrapper\">\n<div class=\"brz-spacer brz-css-1m0cxg5 brz-css-r2hzok\"><\/div>\n<\/div>\n<\/div>\n<\/div>\n<div class=\"brz-columns brz-css-migdnu brz-css-10p32m4\" data-brz-custom-id=\"sdbujqrkdiffgfahtaoxchipasnqpqpzbmyu\">\n<div class=\"brz-bg\"><\/div>\n<div class=\"brz-column__items brz-css-1o2ko7r brz-css-143amjn\">\n<div id=\"\" class=\"brz-css-s47mkz brz-css-7jq6tj brz-wrapper\">\n<div class=\"brz-image brz-css-u0g5z4 brz-css-105cv5q\" data-brz-custom-id=\"ucvncbljcnrsymsqmqlnvaiyfkkvjzbygzho\"><img decoding=\"async\" class=\"brz-img\" src=\"https:\/\/drmakclinic.com\/es?brizy_media=wp-588c1239724e9c0a09e2e39b2a5eb87a.png&amp;brizy_crop=original\" alt=\"\" loading=\"lazy\"><\/div>\n<\/div>\n<\/div>\n<\/div>\n<\/div>\n<\/div>\n<\/div>\n<\/div>\n<\/section>\n<section id=\"_caeccvfmxjptmdjmdombwcwpxxwbqrrdjein\" class=\"brz-section brz-css-1e0wi5y\">\n<div class=\"brz-section__content brz-section--boxed brz-css-78onvu brz-css-1aekob6\" data-brz-custom-id=\"kmiuxoqvtrhjalyblrthmvjcktxulcrpsczz\">\n<div class=\"brz-bg\">\n<div class=\"brz-bg-color\"><\/div>\n<\/div>\n<div class=\"brz-container brz-css-w2wys2\">\n<div id=\"\" class=\"brz-css-s47mkz brz-wrapper\">\n<div class=\"brz-line brz-line-default brz-css-1axn0hz brz-css-15naju7\" data-brz-custom-id=\"meiaongscfqzemetwbxrzuaaqotyflyfbnsi\">\n<hr class=\"brz-hr\"><\/div>\n<\/div>\n<div class=\"brz-row__container brz-css-1424by0\" data-brz-custom-id=\"rctbhskzxumalvqitsrlsvubllixtiprsqcw\">\n<div class=\"brz-bg\"><\/div>\n<div class=\"brz-row brz-css-wiurb\">\n<div class=\"brz-columns brz-css-migdnu brz-css-tb9ne4\" data-brz-custom-id=\"exexornceeflizrgabmprscjbjstcbaimmdl\">\n<div class=\"brz-bg\"><\/div>\n<div class=\"brz-column__items brz-css-1o2ko7r\"><\/div>\n<\/div>\n<div class=\"brz-columns brz-css-migdnu brz-css-10fyr5s\" data-brz-custom-id=\"dyuyocxeqvhgcjxwvigreoxplyabvatqayep\">\n<div class=\"brz-bg\"><\/div>\n<div class=\"brz-column__items brz-css-1o2ko7r\">\n<div id=\"\" class=\"brz-css-s47mkz brz-wrapper\">\n<div class=\"brz-rich-text brz-rich-text__custom brz-css-w5zoew\" data-brz-custom-id=\"ukkwzyisjpzaxcrgyzuiypflobrmbbxjazna\">\n<div data-brz-translate-text=\"1\">\n<p class=\"brz-lh-lg-1_9 brz-ls-lg-0 brz-fw-lg-400 brz-fss-lg-px brz-fs-lg-22 brz-ft-upload brz-ff-ckyztbazucvfgxnrkwthfbuhnumrbfrmhags brz-tp-lg-empty brz-css-i7Tmu\" data-generated-css=\"brz-css-dcuea\" data-uniq-id=\"ydaje\"><span>Antes del&nbsp;tratamiento, es posible que deba:<\/span><\/p>\n<\/div>\n<\/div>\n<\/div>\n<div id=\"\" class=\"brz-css-s47mkz brz-css-cszoyb brz-wrapper\">\n<div class=\"brz-icon-text brz-css-9ss6lz\" data-brz-custom-id=\"ezrlcyjhkatmxvddrojhzmcsuqttelomqrpt\">\n<div class=\"brz-icon__container\" data-brz-custom-id=\"ifmzvbvzuzmpikvhaesukuttjoetkzazbtyy\"><span class=\"brz-icon brz-span brz-css-ps82vf brz-css-19veuef\"><\/span><\/div>\n<div class=\"brz-text-btn\">\n<div class=\"brz-rich-text brz-rich-text__custom brz-css-w5zoew\" data-brz-custom-id=\"pgwmuxiwijpcreowscvapcgmesduwyrgzgfp\">\n<div data-brz-translate-text=\"1\">\n<p class=\"brz-lh-sm-1_4 brz-lh-lg-1_3 brz-fw-xs-400 brz-fw-sm-400 brz-fw-lg-400 brz-ft-google brz-ff-arimo brz-ls-xs-0 brz-ls-sm-0 brz-ls-lg-0 brz-fs-xs-17 brz-fs-sm-17 brz-fs-lg-18 brz-lh-xs-1_4 brz-css-zZgTD\" data-generated-css=\"brz-css-ihcrc\" data-uniq-id=\"betqr\"><span class=\"brz-cp-color2\">Dejar&nbsp;de fumar. Fumar disminuye el flujo de sangre en la piel y puede retrasar el proceso de curaci\u00f3n. Si fuma, el Dr. Mak le recomendar\u00e1&nbsp;que deje de fumar antes de la cirug\u00eda y durante&nbsp;el periodo de&nbsp;la recuperaci\u00f3n.<\/span><\/p>\n<\/div>\n<\/div>\n<\/div>\n<\/div>\n<\/div>\n<div id=\"\" class=\"brz-css-s47mkz brz-css-1kipcy brz-wrapper\">\n<div class=\"brz-spacer brz-css-1m0cxg5 brz-css-oaqndn\"><\/div>\n<\/div>\n<div id=\"\" class=\"brz-css-s47mkz brz-css-k2pwvh brz-wrapper\">\n<div class=\"brz-icon-text brz-css-9ss6lz\" data-brz-custom-id=\"fgameqddsulanzxzudvndbaxcfimovafyicb\">\n<div class=\"brz-icon__container\" data-brz-custom-id=\"psfhawpkkowuqhvraqzfvzgdoxgnczcvfpgp\"><span class=\"brz-icon brz-span brz-css-ps82vf brz-css-l4a7ay\"><\/span><\/div>\n<div class=\"brz-text-btn\">\n<div class=\"brz-rich-text brz-rich-text__custom brz-css-w5zoew\" data-brz-custom-id=\"rlulcflyvavrreamahxlrvoosglfegvshawy\">\n<div data-brz-translate-text=\"1\">\n<p class=\"brz-lh-sm-1_4 brz-lh-lg-1_3 brz-fw-xs-400 brz-fw-sm-400 brz-fw-lg-400 brz-ft-google brz-ff-arimo brz-ls-xs-0 brz-ls-sm-0 brz-ls-lg-0 brz-fs-xs-17 brz-fs-sm-17 brz-fs-lg-18 brz-lh-xs-1_4 brz-mt-lg-0 brz-css-vuTfA\" data-generated-css=\"brz-css-vclms\" data-uniq-id=\"jfspm\"><span class=\"brz-cp-color2\">Evite ciertos medicamentos. Es probable que deba evitar tomar aspirina, medicamentos antiinflamatorios, anticoagualantes y suplementos&nbsp;herbales, que pueden aumentar el sangrado.<\/span><\/p>\n<\/div>\n<\/div>\n<\/div>\n<\/div>\n<\/div>\n<div id=\"\" class=\"brz-css-s47mkz brz-css-1kipcy brz-wrapper\">\n<div class=\"brz-spacer brz-css-1m0cxg5 brz-css-1b2ettg\"><\/div>\n<\/div>\n<\/div>\n<\/div>\n<div class=\"brz-columns brz-css-migdnu brz-css-78nks6\" data-brz-custom-id=\"ueqeapliwmvaaagjhsyvckpefcfaeyxmzdtl\">\n<div class=\"brz-bg\"><\/div>\n<div class=\"brz-column__items brz-css-1o2ko7r\"><\/div>\n<\/div>\n<\/div>\n<\/div>\n<\/div>\n<\/div>\n<\/section>\n<section id=\"_omvejtuwtecknabxxapgufyakmxouqjwdftc\" class=\"brz-section brz-css-1e0wi5y\">\n<div class=\"brz-section__content brz-section--boxed brz-css-78onvu brz-css-1fxfhlh\" data-brz-custom-id=\"aangwxqeitfxedjzvjknmufhmdhejykhizub\">\n<div class=\"brz-bg\">\n<div class=\"brz-bg-color\"><\/div>\n<\/div>\n<div class=\"brz-container brz-css-w2wys2\">\n<div id=\"\" class=\"brz-css-s47mkz brz-wrapper\">\n<div class=\"brz-line brz-line-default brz-css-1axn0hz brz-css-2cpmyt\" data-brz-custom-id=\"qfrkvqjnljvovyeuhljrqykhlddyxgexuyec\">\n<hr class=\"brz-hr\"><\/div>\n<\/div>\n<div id=\"\" class=\"brz-css-s47mkz brz-css-1kipcy brz-wrapper\">\n<div class=\"brz-spacer brz-css-1m0cxg5 brz-css-f3wcqr\"><\/div>\n<\/div>\n<div class=\"brz-row__container brz-css-1424by0\" data-brz-custom-id=\"rasttxretcggonristzmnvnrxmxnbstdvdxn\">\n<div class=\"brz-bg\"><\/div>\n<div class=\"brz-row brz-css-wiurb brz-css-199nxcb\">\n<div class=\"brz-columns brz-css-migdnu brz-css-hrnrrh\" data-brz-custom-id=\"reuamqoiqyqszjsetqjwdireoovctjydbeuh\">\n<div class=\"brz-bg\"><\/div>\n<div class=\"brz-column__items brz-css-1o2ko7r brz-css-egfj7g\">\n<div id=\"\" class=\"brz-css-s47mkz brz-css-oh726r brz-wrapper\">\n<div class=\"brz-image brz-css-vczsuv brz-css-157qwzf\" data-brz-custom-id=\"kmtoxgtjmazwwvnwklndulnkgqjazuoamzqf\"><img decoding=\"async\" class=\"brz-img\" src=\"https:\/\/drmakclinic.com\/es?brizy_media=wp-9b7486b9d786a0648588605ea135d33b.jpg&amp;brizy_crop=iW%3D316%26iH%3D211%26oX%3D90%26oY%3D23%26cW%3D105%26cH%3D106\" alt=\"\" loading=\"lazy\"><\/div>\n<\/div>\n<\/div>\n<\/div>\n<div class=\"brz-columns brz-css-migdnu brz-css-4qoio2\" data-brz-custom-id=\"rbkprlirypyvfiuqndcrtwzrwzzmyedwikro\">\n<div class=\"brz-bg\"><\/div>\n<div class=\"brz-column__items brz-css-1o2ko7r brz-css-1eti6qg\">\n<div id=\"\" class=\"brz-css-s47mkz brz-wrapper\">\n<div class=\"brz-rich-text brz-rich-text__custom brz-css-w5zoew\" data-brz-custom-id=\"eqcwzmysespivnwniootekqxzvejgzmwfowg\">\n<div data-brz-translate-text=\"1\">\n<p data-uniq-id=\"egydo\" data-generated-css=\"brz-css-trizt\" class=\"brz-tp-lg-empty brz-ff-ckyztbazucvfgxnrkwthfbuhnumrbfrmhags brz-ft-upload brz-fs-lg-24 brz-fss-lg-px brz-fw-lg-400 brz-ls-lg-0 brz-lh-lg-1_5 brz-css-zgCRK\">As you begin your journey toward considering plastic surgery and other cosmetic enhancements , my goal as your plastic surgeon is to provide you the highest quality of care throughout the entire process.<\/p>\n<\/div>\n<\/div>\n<\/div>\n<div id=\"\" class=\"brz-css-s47mkz brz-css-1kipcy brz-css-1hdik1y brz-wrapper\">\n<div class=\"brz-spacer brz-css-1m0cxg5 brz-css-16ctw6e\"><\/div>\n<\/div>\n<div id=\"\" class=\"brz-css-s47mkz brz-css-m1nepb brz-wrapper\">\n<div class=\"brz-rich-text brz-rich-text__custom brz-css-w5zoew\" data-brz-custom-id=\"qrhppuzorxfcmihrxxliksgxrulwtbhlhjun\">\n<div data-brz-translate-text=\"1\">\n<p class=\"brz-text-xs-center brz-tp-lg-heading4 brz-css-vO0Fs\" data-uniq-id=\"mrayu\" data-generated-css=\"brz-css-yakzy\"><strong class=\"brz-cp-color2\">Dr. Mehmet Arif Karag\u00f6z<\/strong><\/p>\n<\/div>\n<\/div>\n<\/div>\n<div id=\"\" class=\"brz-css-s47mkz brz-css-1mrwtps brz-wrapper\">\n<div class=\"brz-rich-text brz-rich-text__custom brz-css-w5zoew\" data-brz-custom-id=\"myqokgfjivaeebywjpfjqntygvefzkcuaazi\">\n<div data-brz-translate-text=\"1\">\n<p class=\"brz-text-xs-center brz-tp-lg-paragraph brz-css-sE_9f\" data-uniq-id=\"xuihj\" data-generated-css=\"brz-css-uaiir\"><span class=\"brz-cp-color7\">DRMAK Plastic Surgeon<\/span><\/p>\n<\/div>\n<\/div>\n<\/div>\n<\/div>\n<\/div>\n<\/div>\n<\/div>\n<div id=\"\" class=\"brz-css-s47mkz brz-css-1kipcy brz-css-12v3uae brz-wrapper\">\n<div class=\"brz-spacer brz-css-1m0cxg5 brz-css-19egaww\"><\/div>\n<\/div>\n<div id=\"\" class=\"brz-css-s47mkz brz-wrapper\">\n<div class=\"brz-line brz-line-default brz-css-1axn0hz brz-css-wu2k57\" data-brz-custom-id=\"rhpzlmrxlebofaknzkkctqgxjhaxpvgedoim\">\n<hr class=\"brz-hr\"><\/div>\n<\/div>\n<\/div>\n<\/div>\n<\/section>\n<\/div>\n<p>    <!-- version:1738221079 --><\/p>\n","protected":false},"excerpt":{"rendered":"<p>Implantes de senos IMPLANTES DE SENOS Hoy en d\u00eda, el aumento de&nbsp;busto o de&nbsp;senos se ha convertido en un tratamiento muy popular y el Dr. Mak lo&nbsp;realiza de manera frecuente. Este procedimiento tambi\u00e9n puede restaurar el volumen de los senos perdido despu\u00e9s de la reducci\u00f3n de peso o&nbsp;despu\u00e9s del embarazo. Es importante notar que los [&hellip;]<\/p>\n","protected":false},"author":1,"featured_media":0,"parent":1129,"menu_order":0,"comment_status":"closed","ping_status":"closed","template":"","meta":{"footnotes":""},"class_list":["post-1157","page","type-page","status-publish","hentry"],"blocksy_meta":{"styles_descriptor":{"styles":{"desktop":"","tablet":"","mobile":""},"google_fonts":[],"version":6}},"_links":{"self":[{"href":"https:\/\/drmakclinic.com\/es\/wp-json\/wp\/v2\/pages\/1157","targetHints":{"allow":["GET"]}}],"collection":[{"href":"https:\/\/drmakclinic.com\/es\/wp-json\/wp\/v2\/pages"}],"about":[{"href":"https:\/\/drmakclinic.com\/es\/wp-json\/wp\/v2\/types\/page"}],"author":[{"embeddable":true,"href":"https:\/\/drmakclinic.com\/es\/wp-json\/wp\/v2\/users\/1"}],"replies":[{"embeddable":true,"href":"https:\/\/drmakclinic.com\/es\/wp-json\/wp\/v2\/comments?post=1157"}],"version-history":[{"count":0,"href":"https:\/\/drmakclinic.com\/es\/wp-json\/wp\/v2\/pages\/1157\/revisions"}],"up":[{"embeddable":true,"href":"https:\/\/drmakclinic.com\/es\/wp-json\/wp\/v2\/pages\/1129"}],"wp:attachment":[{"href":"https:\/\/drmakclinic.com\/es\/wp-json\/wp\/v2\/media?parent=1157"}],"curies":[{"name":"wp","href":"https:\/\/api.w.org\/{rel}","templated":true}]}}