{"id":1169,"date":"2022-08-28T20:47:09","date_gmt":"2022-08-28T17:47:09","guid":{"rendered":"https:\/\/drmakclinic.com\/?page_id=1169"},"modified":"2025-01-30T19:14:50","modified_gmt":"2025-01-30T16:14:50","slug":"breast-uplift","status":"publish","type":"page","link":"https:\/\/drmakclinic.com\/es\/procedures\/aesthetic-plastic-surgery\/breast-uplift\/","title":{"rendered":"Breast Uplift"},"content":{"rendered":"<div class=\"brz-root__container brz-reset-all brz brz-root__container-page\">\n<section id=\"_ubutdqbavluglnadpqywilsrwsziinkkaadu\" class=\"brz-section brz-css-d8otm9\">\n<div class=\"brz-section__content brz-section--boxed brz-css-oyq49 brz-css-1idys3j\" data-brz-custom-id=\"oojbhcpeoadugvsygdtzxifqzhnwawnchkiz\">\n<div class=\"brz-bg\">\n<div class=\"brz-bg-color\"><\/div>\n<\/div>\n<div class=\"brz-container brz-css-d4zk2g\">\n<div class=\"brz-row__container brz-css-1ixie3f\" data-brz-custom-id=\"eimttulludoboucnkedxictshnsfbgejoiak\">\n<div class=\"brz-bg\"><\/div>\n<div class=\"brz-row brz-css-q9p6ix brz-css-12xx4t2\">\n<div class=\"brz-columns brz-css-1c8w9vs brz-css-nzcop1\" data-brz-custom-id=\"lrbxhrkcwvnglwseyiizmyakvvqciarchfgy\">\n<div class=\"brz-bg\"><\/div>\n<div class=\"brz-column__items brz-css-10pocix\">\n<div id=\"\" class=\"brz-css-1fg22st brz-wrapper\">\n<div class=\"brz-icon-text brz-css-jgw7iq brz-css-2xaosc\" data-brz-custom-id=\"ultcjrxpaaeejgusxavvjkzoifiynitawwrc\">\n<div class=\"brz-icon__container\" data-brz-custom-id=\"slasiejsdlcuigzkfzorsopvopilrizccwrm\"><span class=\"brz-icon brz-span brz-css-12te2yo brz-css-13s3by6\"><\/span><\/div>\n<div class=\"brz-text-btn\">\n<div class=\"brz-rich-text brz-rich-text__custom brz-css-ts9cbu\" data-brz-custom-id=\"ygiorqnmepgzyfpuhxdlqmlpftwtwamjnanj\">\n<div data-brz-translate-text=\"1\">\n<p class=\"brz-text-lg-justify ql-align-center brz-lh-lg-1 brz-tp-lg-empty brz-ff-enqmzdbzxbgylolsjadsfjxunpbkpfxobhlf brz-ft-upload brz-fs-lg-66 brz-fss-lg-px brz-fw-lg-400 brz-ls-lg-0 brz-css-l_hnO\" data-uniq-id=\"oeijc\" data-generated-css=\"brz-css-jtxyl\"><span>Lifting de mamas (Levantamiento de senos &#8211; Mamopexia)<\/span><\/p>\n<\/div>\n<\/div>\n<\/div>\n<\/div>\n<\/div>\n<\/div>\n<\/div>\n<\/div>\n<\/div>\n<\/div>\n<\/div>\n<\/section>\n<section id=\"_rcwpnujsfivoibmzfihsdqurtibjuqcufone\" class=\"brz-section brz-css-d8otm9\">\n<div class=\"brz-section__content brz-section--boxed brz-css-oyq49 brz-css-psjakx\" data-brz-custom-id=\"fiqlogsmmfftdcwuvjsyaxobnhkmmteedxqm\">\n<div class=\"brz-bg\">\n<div class=\"brz-bg-color\"><\/div>\n<\/div>\n<div class=\"brz-container brz-css-d4zk2g\">\n<div id=\"\" class=\"brz-css-1fg22st brz-wrapper\">\n<div class=\"brz-line brz-line-default brz-css-whe8q4 brz-css-l7tohx\" data-brz-custom-id=\"dbpdwotxmjfrwvfbuhfpatercmjduxqezbrp\">\n<hr class=\"brz-hr\"><\/div>\n<\/div>\n<div class=\"brz-row__container brz-css-1ixie3f\" data-brz-custom-id=\"nnbesjebvsqjlsvilzxhnggowqtgnwiqaklh\">\n<div class=\"brz-bg\"><\/div>\n<div class=\"brz-row brz-css-q9p6ix brz-css-6ysk2t\">\n<div class=\"brz-columns brz-css-1c8w9vs brz-css-11yghtc\" data-brz-custom-id=\"tzmcakwzworekbhmnfqjezhmplflheufwywo\">\n<div class=\"brz-bg\"><\/div>\n<div class=\"brz-column__items brz-css-10pocix brz-css-1s95en7\">\n<div id=\"\" class=\"brz-css-1fg22st brz-css-1l7os8t brz-wrapper\">\n<div class=\"brz-rich-text brz-rich-text__custom brz-css-ts9cbu\" data-brz-custom-id=\"nhecslbxhzasoekeglxjzinuicdagsbxuvid\">\n<div data-brz-translate-text=\"1\">\n<h4 class=\"brz-lh-lg-1_5 brz-tp-lg-empty brz-ff-manrope brz-ft-google brz-fs-lg-13 brz-fss-lg-px brz-fw-lg-700 brz-ls-lg-m_0_5 brz-css-nfGNy\" data-generated-css=\"brz-css-qxjsd\" data-uniq-id=\"cbzsw\"><span class=\"brz-capitalize-on\">LIFTING DE MAMAS (LEVANTAMIENTO DE SENOS &#8211; MAMOPEXIA)<\/span><\/h4>\n<\/div>\n<\/div>\n<\/div>\n<div id=\"\" class=\"brz-css-1fg22st brz-css-182h5tr brz-wrapper\">\n<div class=\"brz-rich-text brz-rich-text__custom brz-css-ts9cbu\" data-brz-custom-id=\"iviufcocpmjmzwkrilqgdttkyxdkirmmgyct\">\n<div data-brz-translate-text=\"1\">\n<p class=\"brz-ls-lg-0 brz-fw-lg-400 brz-fss-lg-px brz-fs-lg-36 brz-ft-upload brz-ff-ckyztbazucvfgxnrkwthfbuhnumrbfrmhags brz-tp-lg-empty brz-lh-lg-1_3 brz-css-pR6Vh\" data-generated-css=\"brz-css-ihpwt\" data-uniq-id=\"ptwqn\"><span class=\"brz-cp-color2\">Un levantamiento de senos levanta&nbsp;el pecho&nbsp;eliminando el exceso de piel y estirando el tejido circundante para remodelar y sostener el nuevo contorno del seno.<\/span><\/p>\n<\/div>\n<\/div>\n<\/div>\n<div id=\"\" class=\"brz-css-1fg22st brz-css-f3njpr brz-wrapper\">\n<div class=\"brz-spacer brz-css-lqd9t6 brz-css-10k66jo\"><\/div>\n<\/div>\n<div id=\"\" class=\"brz-css-1fg22st brz-css-1s0pi0g brz-wrapper\">\n<div class=\"brz-rich-text brz-rich-text__custom brz-css-ts9cbu\" data-brz-custom-id=\"zkdkwwosulsujufwbvkgexuavwjyhzkgnbhs\">\n<div data-brz-translate-text=\"1\">\n<p class=\"brz-text-lg-justify brz-lh-lg-1_9 brz-ls-lg-0 brz-fw-lg-400 brz-fss-lg-px brz-fs-lg-16 brz-ft-google brz-ff-manrope brz-tp-lg-empty brz-css-mT8n_\" data-generated-css=\"brz-css-cyteh\" data-uniq-id=\"rduha\"><span class=\"brz-cp-color2\">El levantamiento de&nbsp;mamas&nbsp;no cambia significativamente el tama\u00f1o de sus senos ni redondea la parte superior de sus senos. Si desea que sus senos se vean m\u00e1s llenos, debe considerar implantes mamarios con su cirug\u00eda de&nbsp;lifting&nbsp;de&nbsp;mamas. Si desea senos m\u00e1s peque\u00f1os, considere combinar el levantamiento de senos y la cirug\u00eda de reducci\u00f3n de&nbsp;mamas.<\/span><\/p>\n<\/div>\n<\/div>\n<\/div>\n<div id=\"\" class=\"brz-css-1fg22st brz-css-f3njpr brz-wrapper\">\n<div class=\"brz-spacer brz-css-lqd9t6 brz-css-1sfnnl5\"><\/div>\n<\/div>\n<div id=\"\" class=\"brz-css-1fg22st brz-css-1yl6krd brz-wrapper\">\n<div class=\"brz-icon-text brz-css-jgw7iq\" data-brz-custom-id=\"teszykhrjlxfnhgrkuwnyhjvqsvshueijdmt\">\n<div class=\"brz-icon__container\" data-brz-custom-id=\"cxonqwksxhjscsqtjyuuxiekkakyhvuyccen\"><span class=\"brz-icon brz-span brz-css-12te2yo brz-css-19bv3xk\"><\/span><\/div>\n<div class=\"brz-text-btn\">\n<div class=\"brz-rich-text brz-rich-text__custom brz-css-ts9cbu\" data-brz-custom-id=\"ibswwdjdxpvdeqpxtzxjqxscdzlasfwfyegz\">\n<div data-brz-translate-text=\"1\">\n<p class=\"brz-lh-xs-1_4 brz-lh-sm-1_4 brz-fs-lg-18 brz-fs-sm-17 brz-fs-xs-17 brz-ls-lg-0 brz-ls-sm-0 brz-ls-xs-0 brz-ff-arimo brz-ft-google brz-fw-lg-400 brz-fw-sm-400 brz-fw-xs-400 brz-lh-lg-1_3 brz-css-sNF_m\" data-uniq-id=\"ikwzs\" data-generated-css=\"brz-css-dhvns\"><span class=\"brz-cp-color2\">Anestesia &#8211; General<\/span><\/p>\n<\/div>\n<\/div>\n<\/div>\n<\/div>\n<\/div>\n<div id=\"\" class=\"brz-css-1fg22st brz-css-f3njpr brz-wrapper\">\n<div class=\"brz-spacer brz-css-lqd9t6 brz-css-1d4285w\"><\/div>\n<\/div>\n<div id=\"\" class=\"brz-css-1fg22st brz-css-1w1to8y brz-wrapper\">\n<div class=\"brz-icon-text brz-css-jgw7iq\" data-brz-custom-id=\"gsuykbayekrdxpjmxtpzkvosokkgeblroigp\">\n<div class=\"brz-icon__container\" data-brz-custom-id=\"fogaohlpdqntbjoymmngqtyjrvkldgdxyxlb\"><span class=\"brz-icon brz-span brz-css-12te2yo brz-css-qpstby\"><\/span><\/div>\n<div class=\"brz-text-btn\">\n<div class=\"brz-rich-text brz-rich-text__custom brz-css-ts9cbu\" data-brz-custom-id=\"bvqwabkndfsigwzqzkjpcnlwqfkspolvjzod\">\n<div data-brz-translate-text=\"1\">\n<p class=\"brz-lh-sm-1_4 brz-lh-lg-1_3 brz-fw-xs-400 brz-fw-sm-400 brz-fw-lg-400 brz-ft-google brz-ff-arimo brz-ls-xs-0 brz-ls-sm-0 brz-ls-lg-0 brz-fs-xs-17 brz-fs-sm-17 brz-fs-lg-18 brz-lh-xs-1_4 brz-css-cQLeN\" data-uniq-id=\"bbpxz\" data-generated-css=\"brz-css-ltorf\"><span>Duraci\u00f3n de la estancia &#8211;&nbsp;8&nbsp;noches<\/span><\/p>\n<\/div>\n<\/div>\n<\/div>\n<\/div>\n<\/div>\n<div id=\"\" class=\"brz-css-1fg22st brz-css-f3njpr brz-wrapper\">\n<div class=\"brz-spacer brz-css-lqd9t6 brz-css-1m5nbr8\"><\/div>\n<\/div>\n<div id=\"\" class=\"brz-css-1fg22st brz-css-co1pgw brz-wrapper\">\n<div class=\"brz-icon-text brz-css-jgw7iq\" data-brz-custom-id=\"fglagwufpvaxijzmfgptotrjedvvylswwutm\">\n<div class=\"brz-icon__container\" data-brz-custom-id=\"cryekmdkimcubdsedkuniyqydixufppbjolw\"><span class=\"brz-icon brz-span brz-css-12te2yo brz-css-c2r3f\"><\/span><\/div>\n<div class=\"brz-text-btn\">\n<div class=\"brz-rich-text brz-rich-text__custom brz-css-ts9cbu\" data-brz-custom-id=\"wdhdtyengdcykvqrgqozwweljxuaprzghpax\">\n<div data-brz-translate-text=\"1\">\n<p class=\"brz-lh-xs-1_4 brz-fs-lg-18 brz-fs-sm-17 brz-fs-xs-17 brz-ls-lg-0 brz-ls-sm-0 brz-ls-xs-0 brz-ff-arimo brz-ft-google brz-fw-lg-400 brz-fw-sm-400 brz-fw-xs-400 brz-lh-lg-1_3 brz-lh-sm-1_4 brz-css-yJcN2\" data-generated-css=\"brz-css-nxqxs\" data-uniq-id=\"sfpmb\"><span>Duraci\u00f3n de la cirug\u00eda &#8211;&nbsp;2.5&nbsp;&nbsp;horas<\/span><\/p>\n<\/div>\n<\/div>\n<\/div>\n<\/div>\n<\/div>\n<div id=\"\" class=\"brz-css-1fg22st brz-css-f3njpr brz-wrapper\">\n<div class=\"brz-spacer brz-css-lqd9t6 brz-css-2angy\"><\/div>\n<\/div>\n<div id=\"\" class=\"brz-css-1fg22st brz-css-1hgacik brz-wrapper\">\n<div class=\"brz-icon-text brz-css-jgw7iq\" data-brz-custom-id=\"ncccunvvrvgirixeswojysrjbzkxfylhiafm\">\n<div class=\"brz-icon__container\" data-brz-custom-id=\"uwfuazhpuvvrtyejzknhhxocacibrjrrnxup\"><span class=\"brz-icon brz-span brz-css-12te2yo brz-css-tz0szh\"><\/span><\/div>\n<div class=\"brz-text-btn\">\n<div class=\"brz-rich-text brz-rich-text__custom brz-css-ts9cbu\" data-brz-custom-id=\"zakkkpxxpyjogwqpoxisrcaiqijayekilqqm\">\n<div data-brz-translate-text=\"1\">\n<p class=\"brz-lh-xs-1_4 brz-fs-lg-18 brz-fs-sm-17 brz-fs-xs-17 brz-ls-lg-0 brz-ls-sm-0 brz-ls-xs-0 brz-ff-arimo brz-ft-google brz-fw-lg-400 brz-fw-sm-400 brz-fw-xs-400 brz-lh-lg-1_3 brz-lh-sm-1_4 brz-css-rmp61\" data-uniq-id=\"ydqte\" data-generated-css=\"brz-css-coheh\"><span>Vuelta a la vida normal &#8211;&nbsp;2 semanas<\/span><\/p>\n<\/div>\n<\/div>\n<\/div>\n<\/div>\n<\/div>\n<div id=\"\" class=\"brz-css-1fg22st brz-css-f3njpr brz-wrapper\">\n<div class=\"brz-spacer brz-css-lqd9t6 brz-css-zxscor\"><\/div>\n<\/div>\n<\/div>\n<\/div>\n<div class=\"brz-columns brz-css-1c8w9vs brz-css-rzkuwt\" data-brz-custom-id=\"qyuxlxvzxenykoklllxhehjtiknwqvqzcpyq\">\n<div class=\"brz-bg\"><\/div>\n<div class=\"brz-column__items brz-css-10pocix brz-css-17e50s8\">\n<div id=\"\" class=\"brz-css-1fg22st brz-css-183bi8q brz-wrapper\">\n<div class=\"brz-image brz-css-1bt62r9 brz-css-1e6rq63\" data-brz-custom-id=\"fagcotbcsevktnrabtldwzdduvwvhinjnagr\"><img decoding=\"async\" class=\"brz-img\" src=\"https:\/\/drmakclinic.com\/es?brizy_media=wp-cf224c0d6b0f3595c8ad58be93a36981.png&amp;brizy_crop=original\" alt=\"\" loading=\"lazy\"><\/div>\n<\/div>\n<\/div>\n<\/div>\n<\/div>\n<\/div>\n<\/div>\n<\/div>\n<\/section>\n<section id=\"_kqijrinxtcgmkeytliimrftreguwfbejxfpx\" class=\"brz-section brz-css-d8otm9\">\n<div class=\"brz-section__content brz-section--boxed brz-css-oyq49 brz-css-qalb9z\" data-brz-custom-id=\"ndfiivoskxphhbrpzeiudgzwriesumcpdlvi\">\n<div class=\"brz-bg\">\n<div class=\"brz-bg-color\"><\/div>\n<\/div>\n<div class=\"brz-container brz-css-d4zk2g\">\n<div id=\"\" class=\"brz-css-1fg22st brz-wrapper\">\n<div class=\"brz-line brz-line-default brz-css-whe8q4 brz-css-uqpgwf\" data-brz-custom-id=\"ugdrcirbffsnymejamiesiprimpudaenlrfx\">\n<hr class=\"brz-hr\"><\/div>\n<\/div>\n<div class=\"brz-row__container brz-css-1ixie3f\" data-brz-custom-id=\"bkikvwnpeaaqagbeznbsjumggqyizhiandbu\">\n<div class=\"brz-bg\"><\/div>\n<div class=\"brz-row brz-css-q9p6ix\">\n<div class=\"brz-columns brz-css-1c8w9vs brz-css-1axh3xa\" data-brz-custom-id=\"itrmfyqrzkvezavnlazxcknoiemhbzndpavh\">\n<div class=\"brz-bg\"><\/div>\n<div class=\"brz-column__items brz-css-10pocix\"><\/div>\n<\/div>\n<div class=\"brz-columns brz-css-1c8w9vs brz-css-163e141\" data-brz-custom-id=\"sgadbwpwhvjutybhptrqyfdrwileawsooxuh\">\n<div class=\"brz-bg\"><\/div>\n<div class=\"brz-column__items brz-css-10pocix\">\n<div id=\"\" class=\"brz-css-1fg22st brz-wrapper\">\n<div class=\"brz-rich-text brz-rich-text__custom brz-css-ts9cbu\" data-brz-custom-id=\"hoatthojssfrfhkyijqsgcaicxxbfjeasjmx\">\n<div data-brz-translate-text=\"1\">\n<p class=\"brz-lh-lg-1_9 brz-ls-lg-0 brz-fw-lg-400 brz-fss-lg-px brz-fs-lg-22 brz-ft-upload brz-ff-ckyztbazucvfgxnrkwthfbuhnumrbfrmhags brz-tp-lg-empty brz-css-lWNZZ\" data-generated-css=\"brz-css-dcuea\" data-uniq-id=\"ydaje\"><span>Antes del&nbsp;tratamiento, es posible que deba:<\/span><\/p>\n<\/div>\n<\/div>\n<\/div>\n<div id=\"\" class=\"brz-css-1fg22st brz-css-j3lpr5 brz-wrapper\">\n<div class=\"brz-icon-text brz-css-jgw7iq\" data-brz-custom-id=\"fmnqwadcnkalwxncheioppsayauhpuqladaw\">\n<div class=\"brz-icon__container\" data-brz-custom-id=\"mklzthmajrgthlkpcozrhqzzjstpwpzyujjs\"><span class=\"brz-icon brz-span brz-css-12te2yo brz-css-8acy8b\"><\/span><\/div>\n<div class=\"brz-text-btn\">\n<div class=\"brz-rich-text brz-rich-text__custom brz-css-ts9cbu\" data-brz-custom-id=\"ccivxrzderbuiznqinouxhxnmizjoxzkhmdb\">\n<div data-brz-translate-text=\"1\">\n<p class=\"brz-lh-xs-1_4 brz-fs-lg-18 brz-fs-sm-17 brz-fs-xs-17 brz-ls-lg-0 brz-ls-sm-0 brz-ls-xs-0 brz-ff-arimo brz-ft-google brz-fw-lg-400 brz-fw-sm-400 brz-fw-xs-400 brz-lh-lg-1_3 brz-lh-sm-1_4 brz-css-pvq51\" data-uniq-id=\"jpjfi\" data-generated-css=\"brz-css-fgzsr\"><span>Dejar&nbsp;de fumar. Fumar disminuye el flujo de sangre en la piel y puede retrasar el proceso de curaci\u00f3n. Si fuma, el Dr. Mak le recomendar\u00e1&nbsp;que deje de fumar antes de la cirug\u00eda y durante&nbsp;el periodo de&nbsp;la recuperaci\u00f3n<\/span><\/p>\n<\/div>\n<\/div>\n<\/div>\n<\/div>\n<\/div>\n<div id=\"\" class=\"brz-css-1fg22st brz-css-f3njpr brz-wrapper\">\n<div class=\"brz-spacer brz-css-lqd9t6 brz-css-1sq5lt1\"><\/div>\n<\/div>\n<div id=\"\" class=\"brz-css-1fg22st brz-css-a3br5j brz-wrapper\">\n<div class=\"brz-icon-text brz-css-jgw7iq\" data-brz-custom-id=\"bbdyekxogwvrbbadayqgmlaambdntxseoduv\">\n<div class=\"brz-icon__container\" data-brz-custom-id=\"lwrvwsktxbqeyqedfptwssogvxaklzsbqccc\"><span class=\"brz-icon brz-span brz-css-12te2yo brz-css-if8xix\"><\/span><\/div>\n<div class=\"brz-text-btn\">\n<div class=\"brz-rich-text brz-rich-text__custom brz-css-ts9cbu\" data-brz-custom-id=\"pqrxltkefituzbjaomvhwklurhunhvuoneig\">\n<div data-brz-translate-text=\"1\">\n<p class=\"brz-mt-lg-0 brz-lh-xs-1_4 brz-fs-lg-18 brz-fs-sm-17 brz-fs-xs-17 brz-ls-lg-0 brz-ls-sm-0 brz-ls-xs-0 brz-ff-arimo brz-ft-google brz-fw-lg-400 brz-fw-sm-400 brz-fw-xs-400 brz-lh-lg-1_3 brz-lh-sm-1_4 brz-css-hduhQ\" data-uniq-id=\"auzxc\" data-generated-css=\"brz-css-hwojf\"><span>Evite ciertos medicamentos. Es probable que deba evitar tomar aspirina, medicamentos antiinflamatorios, anticoagualantes y suplementos&nbsp;herbales, que pueden aumentar el sangrado.<\/span><\/p>\n<\/div>\n<\/div>\n<\/div>\n<\/div>\n<\/div>\n<div id=\"\" class=\"brz-css-1fg22st brz-css-f3njpr brz-wrapper\">\n<div class=\"brz-spacer brz-css-lqd9t6 brz-css-jrku2e\"><\/div>\n<\/div>\n<\/div>\n<\/div>\n<div class=\"brz-columns brz-css-1c8w9vs brz-css-gysf86\" data-brz-custom-id=\"dfpuubjrybbhjqalhpoheqtlrxeiopxtjyko\">\n<div class=\"brz-bg\"><\/div>\n<div class=\"brz-column__items brz-css-10pocix\"><\/div>\n<\/div>\n<\/div>\n<\/div>\n<\/div>\n<\/div>\n<\/section>\n<section id=\"_dpsvbdredwwzrrcdlaiiroiqiempipebpfln\" class=\"brz-section brz-css-d8otm9\">\n<div class=\"brz-section__content brz-section--boxed brz-css-oyq49 brz-css-e8wg5j\" data-brz-custom-id=\"qdbprngnsdubhdrecnpkwzgdywespqdrmeis\">\n<div class=\"brz-bg\">\n<div class=\"brz-bg-color\"><\/div>\n<\/div>\n<div class=\"brz-container brz-css-d4zk2g\">\n<div id=\"\" class=\"brz-css-1fg22st brz-wrapper\">\n<div class=\"brz-line brz-line-default brz-css-whe8q4 brz-css-1z0rhp9\" data-brz-custom-id=\"cbttygvvuschatpejjkepgjoihgkxqpmxysw\">\n<hr class=\"brz-hr\"><\/div>\n<\/div>\n<div id=\"\" class=\"brz-css-1fg22st brz-css-f3njpr brz-wrapper\">\n<div class=\"brz-spacer brz-css-lqd9t6 brz-css-vnpmkp\"><\/div>\n<\/div>\n<div class=\"brz-row__container brz-css-1ixie3f\" data-brz-custom-id=\"enbsjamqenosphnxaornwxvheklxprjuvuck\">\n<div class=\"brz-bg\"><\/div>\n<div class=\"brz-row brz-css-q9p6ix brz-css-6ysk2t\">\n<div class=\"brz-columns brz-css-1c8w9vs brz-css-jzq4h4\" data-brz-custom-id=\"aywctoxxiikltlccvgisxgoegzvvhmnpsohz\">\n<div class=\"brz-bg\"><\/div>\n<div class=\"brz-column__items brz-css-10pocix brz-css-1e19m3u\">\n<div id=\"\" class=\"brz-css-1fg22st brz-css-176kbit brz-wrapper\">\n<div class=\"brz-image brz-css-b5gj77 brz-css-15gr8uc\" data-brz-custom-id=\"ajbgxtdmjeamioxaleckotorlilawatewnga\"><img decoding=\"async\" class=\"brz-img\" src=\"https:\/\/drmakclinic.com\/es?brizy_media=wp-9b7486b9d786a0648588605ea135d33b.jpg&amp;brizy_crop=iW%3D316%26iH%3D211%26oX%3D90%26oY%3D23%26cW%3D105%26cH%3D106\" alt=\"\" loading=\"lazy\"><\/div>\n<\/div>\n<\/div>\n<\/div>\n<div class=\"brz-columns brz-css-1c8w9vs brz-css-woutqf\" data-brz-custom-id=\"inylriibnwxhndvqdlvlypjkqxyqcslymuhm\">\n<div class=\"brz-bg\"><\/div>\n<div class=\"brz-column__items brz-css-10pocix brz-css-d0g220\">\n<div id=\"\" class=\"brz-css-1fg22st brz-wrapper\">\n<div class=\"brz-rich-text brz-rich-text__custom brz-css-ts9cbu\" data-brz-custom-id=\"rwtpztorxxunzwnunsgsajvqheygyfzejzfz\">\n<div data-brz-translate-text=\"1\">\n<p data-uniq-id=\"egydo\" data-generated-css=\"brz-css-trizt\" class=\"brz-tp-lg-empty brz-ff-ckyztbazucvfgxnrkwthfbuhnumrbfrmhags brz-ft-upload brz-fs-lg-24 brz-fss-lg-px brz-fw-lg-400 brz-ls-lg-0 brz-lh-lg-1_5 brz-css-wLXho\">As you begin your journey toward considering plastic surgery and other cosmetic enhancements , my goal as your plastic surgeon is to provide you the highest quality of care throughout the entire process.<\/p>\n<\/div>\n<\/div>\n<\/div>\n<div id=\"\" class=\"brz-css-1fg22st brz-css-f3njpr brz-css-1qkuc2r brz-wrapper\">\n<div class=\"brz-spacer brz-css-lqd9t6 brz-css-w73m5j\"><\/div>\n<\/div>\n<div id=\"\" class=\"brz-css-1fg22st brz-css-1ypoe01 brz-wrapper\">\n<div class=\"brz-rich-text brz-rich-text__custom brz-css-ts9cbu\" data-brz-custom-id=\"axvqllcczxxvbqlrjtwyvcjsonekvpbqvblc\">\n<div data-brz-translate-text=\"1\">\n<p class=\"brz-text-xs-center brz-tp-lg-heading4 brz-css-kalh_\" data-uniq-id=\"mrayu\" data-generated-css=\"brz-css-yakzy\"><strong class=\"brz-cp-color2\">Dr. Mehmet Arif Karag\u00f6z<\/strong><\/p>\n<\/div>\n<\/div>\n<\/div>\n<div id=\"\" class=\"brz-css-1fg22st brz-css-4dec3z brz-wrapper\">\n<div class=\"brz-rich-text brz-rich-text__custom brz-css-ts9cbu\" data-brz-custom-id=\"ahtwptsddhegqurcumcmeujinccyjjsgzukj\">\n<div data-brz-translate-text=\"1\">\n<p class=\"brz-text-xs-center brz-tp-lg-paragraph brz-css-tNkyY\" data-uniq-id=\"xuihj\" data-generated-css=\"brz-css-uaiir\"><span class=\"brz-cp-color7\">DRMAK Plastic Surgeon<\/span><\/p>\n<\/div>\n<\/div>\n<\/div>\n<\/div>\n<\/div>\n<\/div>\n<\/div>\n<div id=\"\" class=\"brz-css-1fg22st brz-css-f3njpr brz-css-gn9p6r brz-wrapper\">\n<div class=\"brz-spacer brz-css-lqd9t6 brz-css-1m7hy36\"><\/div>\n<\/div>\n<div id=\"\" class=\"brz-css-1fg22st brz-wrapper\">\n<div class=\"brz-line brz-line-default brz-css-whe8q4 brz-css-r5rmcb\" data-brz-custom-id=\"fnlkqhtbkczijnwplnpleolugiufxfejmhti\">\n<hr class=\"brz-hr\"><\/div>\n<\/div>\n<\/div>\n<\/div>\n<\/section>\n<\/div>\n<p>    <!-- version:1738253690 --><\/p>\n","protected":false},"excerpt":{"rendered":"<p>Lifting de mamas (Levantamiento de senos &#8211; Mamopexia) LIFTING DE MAMAS (LEVANTAMIENTO DE SENOS &#8211; MAMOPEXIA) Un levantamiento de senos levanta&nbsp;el pecho&nbsp;eliminando el exceso de piel y estirando el tejido circundante para remodelar y sostener el nuevo contorno del seno. El levantamiento de&nbsp;mamas&nbsp;no cambia significativamente el tama\u00f1o de sus senos ni redondea la parte superior [&hellip;]<\/p>\n","protected":false},"author":1,"featured_media":0,"parent":1129,"menu_order":0,"comment_status":"closed","ping_status":"closed","template":"","meta":{"footnotes":""},"class_list":["post-1169","page","type-page","status-publish","hentry"],"blocksy_meta":{"styles_descriptor":{"styles":{"desktop":"","tablet":"","mobile":""},"google_fonts":[],"version":6}},"_links":{"self":[{"href":"https:\/\/drmakclinic.com\/es\/wp-json\/wp\/v2\/pages\/1169","targetHints":{"allow":["GET"]}}],"collection":[{"href":"https:\/\/drmakclinic.com\/es\/wp-json\/wp\/v2\/pages"}],"about":[{"href":"https:\/\/drmakclinic.com\/es\/wp-json\/wp\/v2\/types\/page"}],"author":[{"embeddable":true,"href":"https:\/\/drmakclinic.com\/es\/wp-json\/wp\/v2\/users\/1"}],"replies":[{"embeddable":true,"href":"https:\/\/drmakclinic.com\/es\/wp-json\/wp\/v2\/comments?post=1169"}],"version-history":[{"count":0,"href":"https:\/\/drmakclinic.com\/es\/wp-json\/wp\/v2\/pages\/1169\/revisions"}],"up":[{"embeddable":true,"href":"https:\/\/drmakclinic.com\/es\/wp-json\/wp\/v2\/pages\/1129"}],"wp:attachment":[{"href":"https:\/\/drmakclinic.com\/es\/wp-json\/wp\/v2\/media?parent=1169"}],"curies":[{"name":"wp","href":"https:\/\/api.w.org\/{rel}","templated":true}]}}