{"id":1175,"date":"2022-08-28T20:47:33","date_gmt":"2022-08-28T17:47:33","guid":{"rendered":"https:\/\/drmakclinic.com\/?page_id=1175"},"modified":"2025-01-29T14:59:30","modified_gmt":"2025-01-29T11:59:30","slug":"ear-surgery","status":"publish","type":"page","link":"https:\/\/drmakclinic.com\/es\/procedures\/aesthetic-plastic-surgery\/ear-surgery\/","title":{"rendered":"Ear Surgery"},"content":{"rendered":"<div class=\"brz-root__container brz-reset-all brz brz-root__container-page\">\n<section id=\"_dnybhnvqqgrlswhgqpitlyzubfsykqeujpld\" class=\"brz-section brz-css-1wlxpw3\">\n<div class=\"brz-section__content brz-section--boxed brz-css-1u924p1 brz-css-17dyfvp\" data-brz-custom-id=\"lbxgejcjannzskvrzagllpftqsrmvmetvvxo\">\n<div class=\"brz-bg\">\n<div class=\"brz-bg-color\"><\/div>\n<\/div>\n<div class=\"brz-container brz-css-d6ee66\">\n<div class=\"brz-row__container brz-css-pxqbtv\" data-brz-custom-id=\"ddcaubkunjunvnhvqmeempqgwfhehvwhmujz\">\n<div class=\"brz-bg\"><\/div>\n<div class=\"brz-row brz-css-7evprs brz-css-bajoej\">\n<div class=\"brz-columns brz-css-1qoxv33 brz-css-1a5ed2v\" data-brz-custom-id=\"qpzytjckqiktafqvdtotpburcinpwniamueg\">\n<div class=\"brz-bg\"><\/div>\n<div class=\"brz-column__items brz-css-11kf1xz\">\n<div id=\"\" class=\"brz-css-10uhf46 brz-wrapper\">\n<div class=\"brz-icon-text brz-css-2iaeg6 brz-css-1l2h7o1\" data-brz-custom-id=\"fwtkdmocmwwdxqanqpegnzvqvtorajhjfoiv\">\n<div class=\"brz-icon__container\" data-brz-custom-id=\"hcmbgsqsyfrhfpwjwoveyxejxwrrntsoullk\"><span class=\"brz-icon brz-span brz-css-l2g6q8 brz-css-6ot9im\"><\/span><\/div>\n<div class=\"brz-text-btn\">\n<div class=\"brz-rich-text brz-rich-text__custom brz-css-54zlz2\" data-brz-custom-id=\"gtkmikznzyhbznuinquxiiewctbqnerhtvid\">\n<div data-brz-translate-text=\"1\">\n<p class=\"brz-lh-lg-1 brz-ls-lg-0 brz-fw-lg-400 brz-fss-lg-px brz-fs-lg-66 brz-ft-upload brz-ff-izzivsxniqvyexslaslvwzgtgnghvrxuxiru brz-tp-lg-empty brz-css-p89gD\" data-generated-css=\"brz-css-fiawa\" data-uniq-id=\"vippm\"><span>OTOPLASTIA O CIRUGIA DE LAS OREJAS<\/span><\/p>\n<\/div>\n<\/div>\n<\/div>\n<\/div>\n<\/div>\n<\/div>\n<\/div>\n<\/div>\n<\/div>\n<\/div>\n<\/div>\n<\/section>\n<section id=\"_gyluhjgzuodjqgjrlpevthbeidvpsrjjbdek\" class=\"brz-section brz-css-1wlxpw3\">\n<div class=\"brz-section__content brz-section--boxed brz-css-1u924p1 brz-css-s7bd4z\" data-brz-custom-id=\"xodgnwnmbleihkyscfhiicefswrbqivvwoei\">\n<div class=\"brz-bg\">\n<div class=\"brz-bg-color\"><\/div>\n<\/div>\n<div class=\"brz-container brz-css-d6ee66\">\n<div id=\"\" class=\"brz-css-10uhf46 brz-wrapper\">\n<div class=\"brz-line brz-line-default brz-css-yt16pk brz-css-epokf3\" data-brz-custom-id=\"ckcbifcdawxyhmkninhjlexwlvzqimiezwzz\">\n<hr class=\"brz-hr\"><\/div>\n<\/div>\n<div class=\"brz-row__container brz-css-pxqbtv\" data-brz-custom-id=\"kzeswjfmmedgljsxqlffsnbvscjoaoiutlbl\">\n<div class=\"brz-bg\"><\/div>\n<div class=\"brz-row brz-css-7evprs brz-css-1qsfen1\">\n<div class=\"brz-columns brz-css-1qoxv33 brz-css-12ok56w\" data-brz-custom-id=\"qxmsgvvpvoaulbyijyrzetbxovemflmxghpc\">\n<div class=\"brz-bg\"><\/div>\n<div class=\"brz-column__items brz-css-11kf1xz brz-css-3rxp8m\">\n<div id=\"\" class=\"brz-css-10uhf46 brz-css-mwowtm brz-wrapper\">\n<div class=\"brz-rich-text brz-rich-text__custom brz-css-54zlz2\" data-brz-custom-id=\"byrcqwswqnzyyubtqpiqkwpcqttzcwowroaj\">\n<div data-brz-translate-text=\"1\">\n<p class=\"brz-tp-lg-empty brz-ff-manrope brz-ft-google brz-fs-lg-13 brz-fss-lg-px brz-fw-lg-700 brz-ls-lg-1_1 brz-lh-lg-1_5 brz-css-zR_33\" data-uniq-id=\"ehchp\" data-generated-css=\"brz-css-qqurn\"><span class=\"brz-capitalize-on\">OTOPLASTIA O CIRUGIA DE LAS OREJAS<\/span><\/p>\n<\/div>\n<\/div>\n<\/div>\n<div id=\"\" class=\"brz-css-10uhf46 brz-css-1gxn45i brz-wrapper\">\n<div class=\"brz-rich-text brz-rich-text__custom brz-css-54zlz2\" data-brz-custom-id=\"zajfztgfhbqwhbjnteketixcuwlkfqqxbpwc\">\n<div data-brz-translate-text=\"1\">\n<p class=\"brz-ls-lg-0 brz-fw-lg-400 brz-fss-lg-px brz-fs-lg-36 brz-ft-upload brz-ff-ckyztbazucvfgxnrkwthfbuhnumrbfrmhags brz-tp-lg-empty brz-lh-lg-1_3 brz-css-g2lOP\" data-generated-css=\"brz-css-ybaqs\" data-uniq-id=\"olfdy\"><span class=\"brz-cp-color2\">La cirug\u00eda de orejas, tambi\u00e9n conocida como otoplastia, puede corregir y mejorar la forma de las orejas, sus posiciones o proporciones.<\/span><\/p>\n<\/div>\n<\/div>\n<\/div>\n<div id=\"\" class=\"brz-css-10uhf46 brz-css-1hsa502 brz-wrapper\">\n<div class=\"brz-spacer brz-css-13nza80 brz-css-16p459e\"><\/div>\n<\/div>\n<div id=\"\" class=\"brz-css-10uhf46 brz-css-cjxoqt brz-wrapper\">\n<div class=\"brz-rich-text brz-rich-text__custom brz-css-54zlz2\" data-brz-custom-id=\"gxlyvhtyjvphpymgcrkbvbymetommwjusoms\">\n<div data-brz-translate-text=\"1\">\n<p class=\"brz-lh-lg-1_9 brz-ls-lg-0 brz-fw-lg-400 brz-fss-lg-px brz-fs-lg-16 brz-ft-google brz-ff-manrope brz-tp-lg-empty brz-css-iYfy_\" data-generated-css=\"brz-css-ofixq\" data-uniq-id=\"sqnqa\"><span class=\"brz-cp-color2\">Crea una forma m\u00e1s natural de la cara y al mismo tiempo da mejor proporci\u00f3n y equilibrio a las orejas. La correcci\u00f3n de deformidades incluso menores puede tener profundos beneficios para la apariencia y la autoestima, al disminuir la timidez y la verg\u00fcenza.<\/span><\/p>\n<\/div>\n<\/div>\n<\/div>\n<div id=\"\" class=\"brz-css-10uhf46 brz-css-1hsa502 brz-wrapper\">\n<div class=\"brz-spacer brz-css-13nza80 brz-css-8l772n\"><\/div>\n<\/div>\n<div id=\"\" class=\"brz-css-10uhf46 brz-css-1b0sm1o brz-wrapper\">\n<div class=\"brz-icon-text brz-css-2iaeg6\" data-brz-custom-id=\"shhgofgscztwivuoloaowxdtgjgmeypqupum\">\n<div class=\"brz-icon__container\" data-brz-custom-id=\"uznqvagujesmausdjnuhnihtmyeedzpzyahe\"><span class=\"brz-icon brz-span brz-css-l2g6q8 brz-css-vqz079\"><\/span><\/div>\n<div class=\"brz-text-btn\">\n<div class=\"brz-rich-text brz-rich-text__custom brz-css-54zlz2\" data-brz-custom-id=\"aissqnaxyvuvubuknboahzcuuaaqxhxjvsuz\">\n<div data-brz-translate-text=\"1\">\n<p class=\"brz-lh-xs-1_4 brz-lh-sm-1_4 brz-fs-lg-18 brz-fs-sm-17 brz-fs-xs-17 brz-ls-lg-0 brz-ls-sm-0 brz-ls-xs-0 brz-ff-arimo brz-ft-google brz-fw-lg-400 brz-fw-sm-400 brz-fw-xs-400 brz-lh-lg-1_3 brz-css-meGvK\" data-uniq-id=\"bvrzg\" data-generated-css=\"brz-css-wougl\"><span>Anestesia &#8211; General<\/span><\/p>\n<\/div>\n<\/div>\n<\/div>\n<\/div>\n<\/div>\n<div id=\"\" class=\"brz-css-10uhf46 brz-css-1hsa502 brz-wrapper\">\n<div class=\"brz-spacer brz-css-13nza80 brz-css-n067k\"><\/div>\n<\/div>\n<div id=\"\" class=\"brz-css-10uhf46 brz-css-y0ufxr brz-wrapper\">\n<div class=\"brz-icon-text brz-css-2iaeg6\" data-brz-custom-id=\"avuvbikamayzyxjkctgbliqaupmlqbuqohjq\">\n<div class=\"brz-icon__container\" data-brz-custom-id=\"zzfimlfquyopgxrkxnrnalolckqqqxovhsfy\"><span class=\"brz-icon brz-span brz-css-l2g6q8 brz-css-q83xjc\"><\/span><\/div>\n<div class=\"brz-text-btn\">\n<div class=\"brz-rich-text brz-rich-text__custom brz-css-54zlz2\" data-brz-custom-id=\"tomszffbyrqeitxeytoboecawvjaidlzmxbi\">\n<div data-brz-translate-text=\"1\">\n<p class=\"brz-lh-xs-1_4 brz-fs-lg-18 brz-fs-sm-17 brz-fs-xs-17 brz-ls-lg-0 brz-ls-sm-0 brz-ls-xs-0 brz-ff-arimo brz-ft-google brz-fw-lg-400 brz-fw-sm-400 brz-fw-xs-400 brz-lh-lg-1_3 brz-lh-sm-1_4 brz-css-sr7BR\" data-generated-css=\"brz-css-gmaix\" data-uniq-id=\"zmoag\"><span>Duraci\u00f3n de la estancia &#8211; 5 noches<\/span><\/p>\n<\/div>\n<\/div>\n<\/div>\n<\/div>\n<\/div>\n<div id=\"\" class=\"brz-css-10uhf46 brz-css-1hsa502 brz-wrapper\">\n<div class=\"brz-spacer brz-css-13nza80 brz-css-17yzmus\"><\/div>\n<\/div>\n<div id=\"\" class=\"brz-css-10uhf46 brz-css-15bfkip brz-wrapper\">\n<div class=\"brz-icon-text brz-css-2iaeg6\" data-brz-custom-id=\"hjxlokmeninizyrmpzmglzuwsttuivwpolxr\">\n<div class=\"brz-icon__container\" data-brz-custom-id=\"tynzcfnjwcxkfiwlytjjwcewcjnwqaaxsjct\"><span class=\"brz-icon brz-span brz-css-l2g6q8 brz-css-114iu\"><\/span><\/div>\n<div class=\"brz-text-btn\">\n<div class=\"brz-rich-text brz-rich-text__custom brz-css-54zlz2\" data-brz-custom-id=\"ykgojryrwzgfsyucbwtxfnhczbbvfjeidaiz\">\n<div data-brz-translate-text=\"1\">\n<p class=\"brz-lh-sm-1_4 brz-lh-lg-1_3 brz-fw-xs-400 brz-fw-sm-400 brz-fw-lg-400 brz-ft-google brz-ff-arimo brz-ls-xs-0 brz-ls-sm-0 brz-ls-lg-0 brz-fs-xs-17 brz-fs-sm-17 brz-fs-lg-18 brz-lh-xs-1_4 brz-css-iGA7I\" data-uniq-id=\"aqtys\" data-generated-css=\"brz-css-szrnd\"><span>Duraci\u00f3n de la cirug\u00eda &#8211; 90 minutos<\/span><\/p>\n<\/div>\n<\/div>\n<\/div>\n<\/div>\n<\/div>\n<div id=\"\" class=\"brz-css-10uhf46 brz-css-1hsa502 brz-wrapper\">\n<div class=\"brz-spacer brz-css-13nza80 brz-css-p7flru\"><\/div>\n<\/div>\n<div id=\"\" class=\"brz-css-10uhf46 brz-css-hw9tss brz-wrapper\">\n<div class=\"brz-icon-text brz-css-2iaeg6\" data-brz-custom-id=\"oyatpfpggypvbkvyzwvgtmpmysmuwpbeqfmd\">\n<div class=\"brz-icon__container\" data-brz-custom-id=\"pesrvgokmzgfeuffvnpszuanfkfbqfurxqss\"><span class=\"brz-icon brz-span brz-css-l2g6q8 brz-css-1t1mn7b\"><\/span><\/div>\n<div class=\"brz-text-btn\">\n<div class=\"brz-rich-text brz-rich-text__custom brz-css-54zlz2\" data-brz-custom-id=\"iyuwstqstlknhmqlqvbyplhmuqjbgluymrrz\">\n<div data-brz-translate-text=\"1\">\n<p class=\"brz-lh-sm-1_4 brz-lh-lg-1_3 brz-fw-xs-400 brz-fw-sm-400 brz-fw-lg-400 brz-ft-google brz-ff-arimo brz-ls-xs-0 brz-ls-sm-0 brz-ls-lg-0 brz-fs-xs-17 brz-fs-sm-17 brz-fs-lg-18 brz-lh-xs-1_4 brz-css-eGdgH\" data-generated-css=\"brz-css-ioydv\" data-uniq-id=\"miqwv\"><span>Vuelta a la vida normal &#8211; 1 semana<\/span><\/p>\n<\/div>\n<\/div>\n<\/div>\n<\/div>\n<\/div>\n<div id=\"\" class=\"brz-css-10uhf46 brz-css-1hsa502 brz-wrapper\">\n<div class=\"brz-spacer brz-css-13nza80 brz-css-1nief3d\"><\/div>\n<\/div>\n<\/div>\n<\/div>\n<div class=\"brz-columns brz-css-1qoxv33 brz-css-1aenpam\" data-brz-custom-id=\"uagxqeavshnmsceymyryjgytvullblpslyct\">\n<div class=\"brz-bg\"><\/div>\n<div class=\"brz-column__items brz-css-11kf1xz brz-css-y20wel\">\n<div id=\"\" class=\"brz-css-10uhf46 brz-css-70j4kq brz-wrapper\">\n<div class=\"brz-image brz-css-1l9pslk brz-css-owxqc6\" data-brz-custom-id=\"pgdbqerxrxruzkoyuzspmjeznjbydfbhmcxm\"><img decoding=\"async\" class=\"brz-img\" src=\"https:\/\/drmakclinic.com\/es?brizy_media=wp-f68f012cf65161cadff16d1c6ad828d3.png&amp;brizy_crop=original\" alt=\"\" loading=\"lazy\"><\/div>\n<\/div>\n<\/div>\n<\/div>\n<\/div>\n<\/div>\n<\/div>\n<\/div>\n<\/section>\n<section id=\"_iezguxgdfsylyehddsscftettvduqsdhklgt\" class=\"brz-section brz-css-1wlxpw3\">\n<div class=\"brz-section__content brz-section--boxed brz-css-1u924p1 brz-css-1asxmsg\" data-brz-custom-id=\"kwuzcphoyktotllusarxbbptuhsyclfzdvrn\">\n<div class=\"brz-bg\">\n<div class=\"brz-bg-color\"><\/div>\n<\/div>\n<div class=\"brz-container brz-css-d6ee66\">\n<div id=\"\" class=\"brz-css-10uhf46 brz-wrapper\">\n<div class=\"brz-line brz-line-default brz-css-yt16pk brz-css-1ci1z3r\" data-brz-custom-id=\"bpnfuhdpqnnievooxuwjqqfefdgkamlodiog\">\n<hr class=\"brz-hr\"><\/div>\n<\/div>\n<div class=\"brz-row__container brz-css-pxqbtv\" data-brz-custom-id=\"fpfcknrayhxmqplonkeognjhprgxizncbpgb\">\n<div class=\"brz-bg\"><\/div>\n<div class=\"brz-row brz-css-7evprs\">\n<div class=\"brz-columns brz-css-1qoxv33 brz-css-1ubitcs\" data-brz-custom-id=\"swmstwswhgahbevxbdixmqqpmevwtkbfdzse\">\n<div class=\"brz-bg\"><\/div>\n<div class=\"brz-column__items brz-css-11kf1xz\"><\/div>\n<\/div>\n<div class=\"brz-columns brz-css-1qoxv33 brz-css-2e1wu1\" data-brz-custom-id=\"tidlrobkqkinqgffgyhkziytdiybppjnntei\">\n<div class=\"brz-bg\"><\/div>\n<div class=\"brz-column__items brz-css-11kf1xz\">\n<div id=\"\" class=\"brz-css-10uhf46 brz-wrapper\">\n<div class=\"brz-rich-text brz-rich-text__custom brz-css-54zlz2\" data-brz-custom-id=\"crbvwqmwqoqerpsrzksrxxavqtghoocrqbhl\">\n<div data-brz-translate-text=\"1\">\n<p class=\"brz-lh-lg-1_9 brz-ls-lg-0 brz-fw-lg-400 brz-fss-lg-px brz-fs-lg-22 brz-ft-upload brz-ff-ckyztbazucvfgxnrkwthfbuhnumrbfrmhags brz-tp-lg-empty brz-css-fjrqt\" data-generated-css=\"brz-css-dbpre\" data-uniq-id=\"xenuf\"><span>Antes del tratamiento, es posible que deba:<\/span><\/p>\n<\/div>\n<\/div>\n<\/div>\n<div id=\"\" class=\"brz-css-10uhf46 brz-css-1ey6mic brz-wrapper\">\n<div class=\"brz-icon-text brz-css-2iaeg6\" data-brz-custom-id=\"ywfruzmafyqdjgerkwuqltvxbtjvvkrzhjgv\">\n<div class=\"brz-icon__container\" data-brz-custom-id=\"mfrdokrvzjnakjfhopryiutbnhnqgopqjmnl\"><span class=\"brz-icon brz-span brz-css-l2g6q8 brz-css-udx1ze\"><\/span><\/div>\n<div class=\"brz-text-btn\">\n<div class=\"brz-rich-text brz-rich-text__custom brz-css-54zlz2\" data-brz-custom-id=\"qozjoaythslhsndfjvmbxkipaahmanrlqknu\">\n<div data-brz-translate-text=\"1\">\n<p class=\"brz-lh-xs-1_4 brz-fs-lg-18 brz-fs-sm-17 brz-fs-xs-17 brz-ls-lg-0 brz-ls-sm-0 brz-ls-xs-0 brz-ff-arimo brz-ft-google brz-fw-lg-400 brz-fw-sm-400 brz-fw-xs-400 brz-lh-lg-1_3 brz-lh-sm-1_4 brz-css-ydQYp\" data-uniq-id=\"rukra\" data-generated-css=\"brz-css-bedhe\"><span>Dejar de fumar. Fumar disminuye el flujo de sangre en la piel y puede retrasar el proceso de curaci\u00f3n. Si fuma, el Dr. Mak le recomendar\u00e1 que deje de fumar antes de la cirug\u00eda y durante el periodo de la recuperaci\u00f3n.<\/span><\/p>\n<p class=\"brz-lh-xs-1_4 brz-fs-lg-18 brz-fs-sm-17 brz-fs-xs-17 brz-ls-lg-0 brz-ls-sm-0 brz-ls-xs-0 brz-ff-arimo brz-ft-google brz-fw-lg-400 brz-fw-sm-400 brz-fw-xs-400 brz-lh-lg-1_3 brz-lh-sm-1_4 brz-css-rBBz6\" data-uniq-id=\"rukra\" data-generated-css=\"brz-css-bedhe\"><span> <\/span><\/p>\n<\/div>\n<\/div>\n<\/div>\n<\/div>\n<\/div>\n<div id=\"\" class=\"brz-css-10uhf46 brz-css-tqp01x brz-wrapper\">\n<div class=\"brz-icon-text brz-css-2iaeg6\" data-brz-custom-id=\"kofvanmxrdfcrwuzyuoqgktxdacqcainbraj\">\n<div class=\"brz-icon__container\" data-brz-custom-id=\"rnjkaabsaqsohdpviyqzfkcgiimtbamdvuou\"><span class=\"brz-icon brz-span brz-css-l2g6q8 brz-css-a8nj4k\"><\/span><\/div>\n<div class=\"brz-text-btn\">\n<div class=\"brz-rich-text brz-rich-text__custom brz-css-54zlz2\" data-brz-custom-id=\"ipcdalpsrhxxoslrgwpkvprmnudrexbffzov\">\n<div data-brz-translate-text=\"1\">\n<p class=\"brz-lh-xs-1_4 brz-fs-lg-18 brz-fs-sm-17 brz-fs-xs-17 brz-ls-lg-0 brz-ls-sm-0 brz-ls-xs-0 brz-ff-arimo brz-ft-google brz-fw-lg-400 brz-fw-sm-400 brz-fw-xs-400 brz-lh-lg-1_3 brz-lh-sm-1_4 brz-css-d0KNo\" data-uniq-id=\"jmfne\" data-generated-css=\"brz-css-hfcxw\"><span>Evite ciertos medicamentos. Es probable que deba evitar tomar aspirina, medicamentos antiinflamatorios, anticoagualantes y suplementos herbales, que pueden aumentar el sangrado.<\/span><\/p>\n<\/div>\n<\/div>\n<\/div>\n<\/div>\n<\/div>\n<\/div>\n<\/div>\n<div class=\"brz-columns brz-css-1qoxv33 brz-css-s2woza\" data-brz-custom-id=\"iftklesjrokdnehemqgcckngjygejlxdfvxi\">\n<div class=\"brz-bg\"><\/div>\n<div class=\"brz-column__items brz-css-11kf1xz\"><\/div>\n<\/div>\n<\/div>\n<\/div>\n<\/div>\n<\/div>\n<\/section>\n<section id=\"_myfqctcholtgjgrakozkjvyfmxayquulimde\" class=\"brz-section brz-css-1wlxpw3\">\n<div class=\"brz-section__content brz-section--boxed brz-css-1u924p1 brz-css-1fe9n3k\" data-brz-custom-id=\"zgbxpxfyhmcrkhxwypybzwuzpcxixpfbftdf\">\n<div class=\"brz-bg\">\n<div class=\"brz-bg-color\"><\/div>\n<\/div>\n<div class=\"brz-container brz-css-d6ee66\">\n<div id=\"\" class=\"brz-css-10uhf46 brz-wrapper\">\n<div class=\"brz-line brz-line-default brz-css-yt16pk brz-css-gsj749\" data-brz-custom-id=\"qraxzfmwxgczizjzjhxflznmgnanlmnqkzce\">\n<hr class=\"brz-hr\"><\/div>\n<\/div>\n<div id=\"\" class=\"brz-css-10uhf46 brz-css-1hsa502 brz-wrapper\">\n<div class=\"brz-spacer brz-css-13nza80 brz-css-16txrs\"><\/div>\n<\/div>\n<div class=\"brz-row__container brz-css-pxqbtv\" data-brz-custom-id=\"zjcvbpsqhhnpattkwxloiyuitwchavnaargj\">\n<div class=\"brz-bg\"><\/div>\n<div class=\"brz-row brz-css-7evprs brz-css-1qsfen1\">\n<div class=\"brz-columns brz-css-1qoxv33 brz-css-1peud0q\" data-brz-custom-id=\"rvxwdfbsfvgrkzsukuxjqztpkfkcoxfxusjy\">\n<div class=\"brz-bg\"><\/div>\n<div class=\"brz-column__items brz-css-11kf1xz brz-css-37weog\">\n<div id=\"\" class=\"brz-css-10uhf46 brz-css-13wow09 brz-wrapper\">\n<div class=\"brz-image brz-css-9lzjcx brz-css-15c1h27\" data-brz-custom-id=\"aorbbltbdcrhbtgqoweufiojxpkitvzrsull\"><img decoding=\"async\" class=\"brz-img\" src=\"https:\/\/drmakclinic.com\/es?brizy_media=wp-9b7486b9d786a0648588605ea135d33b.jpg&amp;brizy_crop=iW%3D316%26iH%3D211%26oX%3D90%26oY%3D23%26cW%3D105%26cH%3D106\" alt=\"\" loading=\"lazy\"><\/div>\n<\/div>\n<\/div>\n<\/div>\n<div class=\"brz-columns brz-css-1qoxv33 brz-css-n6pciu\" data-brz-custom-id=\"xfakyidnqytrrojrcrxnierbgdfobxpfsbox\">\n<div class=\"brz-bg\"><\/div>\n<div class=\"brz-column__items brz-css-11kf1xz brz-css-1sbm8mz\">\n<div id=\"\" class=\"brz-css-10uhf46 brz-wrapper\">\n<div class=\"brz-rich-text brz-rich-text__custom brz-css-54zlz2\" data-brz-custom-id=\"xqkauikwzhpridswdkmfrrmwsfifndvjumpl\">\n<div data-brz-translate-text=\"1\">\n<p data-uniq-id=\"egydo\" data-generated-css=\"brz-css-trizt\" class=\"brz-tp-lg-empty brz-ff-ckyztbazucvfgxnrkwthfbuhnumrbfrmhags brz-ft-upload brz-fs-lg-24 brz-fss-lg-px brz-fw-lg-400 brz-ls-lg-0 brz-lh-lg-1_5 brz-css-bXasz\">As you begin your journey toward considering plastic surgery and other cosmetic enhancements , my goal as your plastic surgeon is to provide you the highest quality of care throughout the entire process.<\/p>\n<\/div>\n<\/div>\n<\/div>\n<div id=\"\" class=\"brz-css-10uhf46 brz-css-1hsa502 brz-css-9x850j brz-wrapper\">\n<div class=\"brz-spacer brz-css-13nza80 brz-css-g5py5n\"><\/div>\n<\/div>\n<div id=\"\" class=\"brz-css-10uhf46 brz-css-2eeooe brz-wrapper\">\n<div class=\"brz-rich-text brz-rich-text__custom brz-css-54zlz2\" data-brz-custom-id=\"acvkpqvncsdyhbfjcdqqmzyqvgoprqitjkpv\">\n<div data-brz-translate-text=\"1\">\n<p class=\"brz-text-xs-center brz-tp-lg-heading4 brz-css-sPihJ\" data-uniq-id=\"mrayu\" data-generated-css=\"brz-css-yakzy\"><strong class=\"brz-cp-color2\">Dr. Mehmet Arif Karag\u00f6z<\/strong><\/p>\n<\/div>\n<\/div>\n<\/div>\n<div id=\"\" class=\"brz-css-10uhf46 brz-css-wyafwm brz-wrapper\">\n<div class=\"brz-rich-text brz-rich-text__custom brz-css-54zlz2\" data-brz-custom-id=\"czfullayrszmkzhzwejrmiuriphorzbszwhm\">\n<div data-brz-translate-text=\"1\">\n<p class=\"brz-text-xs-center brz-tp-lg-paragraph brz-css-j2DFL\" data-uniq-id=\"xuihj\" data-generated-css=\"brz-css-uaiir\"><span class=\"brz-cp-color7\">DRMAK Plastic Surgeon<\/span><\/p>\n<\/div>\n<\/div>\n<\/div>\n<\/div>\n<\/div>\n<\/div>\n<\/div>\n<div id=\"\" class=\"brz-css-10uhf46 brz-css-1hsa502 brz-css-1e0tkwh brz-wrapper\">\n<div class=\"brz-spacer brz-css-13nza80 brz-css-utlzj8\"><\/div>\n<\/div>\n<div id=\"\" class=\"brz-css-10uhf46 brz-wrapper\">\n<div class=\"brz-line brz-line-default brz-css-yt16pk brz-css-132fm3n\" data-brz-custom-id=\"bpnidkkofhqnygteupmhjifmygyvozhlboxr\">\n<hr class=\"brz-hr\"><\/div>\n<\/div>\n<\/div>\n<\/div>\n<\/section>\n<\/div>\n<p>    <!-- version:1738151970 --><\/p>\n","protected":false},"excerpt":{"rendered":"<p>OTOPLASTIA O CIRUGIA DE LAS OREJAS OTOPLASTIA O CIRUGIA DE LAS OREJAS La cirug\u00eda de orejas, tambi\u00e9n conocida como otoplastia, puede corregir y mejorar la forma de las orejas, sus posiciones o proporciones. Crea una forma m\u00e1s natural de la cara y al mismo tiempo da mejor proporci\u00f3n y equilibrio a las orejas. La correcci\u00f3n [&hellip;]<\/p>\n","protected":false},"author":1,"featured_media":0,"parent":1129,"menu_order":0,"comment_status":"closed","ping_status":"closed","template":"","meta":{"footnotes":""},"class_list":["post-1175","page","type-page","status-publish","hentry"],"blocksy_meta":{"styles_descriptor":{"styles":{"desktop":"","tablet":"","mobile":""},"google_fonts":[],"version":6}},"_links":{"self":[{"href":"https:\/\/drmakclinic.com\/es\/wp-json\/wp\/v2\/pages\/1175","targetHints":{"allow":["GET"]}}],"collection":[{"href":"https:\/\/drmakclinic.com\/es\/wp-json\/wp\/v2\/pages"}],"about":[{"href":"https:\/\/drmakclinic.com\/es\/wp-json\/wp\/v2\/types\/page"}],"author":[{"embeddable":true,"href":"https:\/\/drmakclinic.com\/es\/wp-json\/wp\/v2\/users\/1"}],"replies":[{"embeddable":true,"href":"https:\/\/drmakclinic.com\/es\/wp-json\/wp\/v2\/comments?post=1175"}],"version-history":[{"count":0,"href":"https:\/\/drmakclinic.com\/es\/wp-json\/wp\/v2\/pages\/1175\/revisions"}],"up":[{"embeddable":true,"href":"https:\/\/drmakclinic.com\/es\/wp-json\/wp\/v2\/pages\/1129"}],"wp:attachment":[{"href":"https:\/\/drmakclinic.com\/es\/wp-json\/wp\/v2\/media?parent=1175"}],"curies":[{"name":"wp","href":"https:\/\/api.w.org\/{rel}","templated":true}]}}