{"id":1181,"date":"2022-08-28T20:47:52","date_gmt":"2022-08-28T17:47:52","guid":{"rendered":"https:\/\/drmakclinic.com\/?page_id=1181"},"modified":"2025-01-29T18:58:46","modified_gmt":"2025-01-29T15:58:46","slug":"facelift-necklift","status":"publish","type":"page","link":"https:\/\/drmakclinic.com\/es\/procedures\/aesthetic-plastic-surgery\/facelift-necklift\/","title":{"rendered":"Facelift &amp; Necklift"},"content":{"rendered":"<div class=\"brz-root__container brz-reset-all brz brz-root__container-page\">\n<section id=\"_wdnwvzcybpbhjhdnyueurucemzmnsffzmjsv\" class=\"brz-section brz-css-12ikoss\">\n<div class=\"brz-section__content brz-section--boxed brz-css-11jtk2p brz-css-193ui3p\" data-brz-custom-id=\"lvzjgglefotngvzocpxwvdvccregjmyekxcn\">\n<div class=\"brz-bg\">\n<div class=\"brz-bg-color\"><\/div>\n<\/div>\n<div class=\"brz-container brz-css-gymmmr\">\n<div class=\"brz-row__container brz-css-bh2pu4\" data-brz-custom-id=\"wiadgcvyvphosfzzyyhvnuztxxvycyreynms\">\n<div class=\"brz-bg\"><\/div>\n<div class=\"brz-row brz-css-jiy6me brz-css-1jr9yx9\">\n<div class=\"brz-columns brz-css-1x6n94x brz-css-62gbsg\" data-brz-custom-id=\"tgitzzneuxlrpaoznbrxgadzodbbxuwipfky\">\n<div class=\"brz-bg\"><\/div>\n<div class=\"brz-column__items brz-css-6hjq1b\">\n<div id=\"\" class=\"brz-css-1vzao6i brz-wrapper\">\n<div class=\"brz-icon-text brz-css-hi9ukt brz-css-39kuu1\" data-brz-custom-id=\"gtpsvbiflotocfoxttnpoehqmsweqgrnhthj\">\n<div class=\"brz-icon__container\" data-brz-custom-id=\"jghlchraflynyktinmpmcubcbazmrlsskghj\"><span class=\"brz-icon brz-span brz-css-1e696hj brz-css-x067ur\"><\/span><\/div>\n<div class=\"brz-text-btn\">\n<div class=\"brz-rich-text brz-rich-text__custom brz-css-hsloag\" data-brz-custom-id=\"slcbdiwaipueanpqhuhehpzivyrdffebmuhp\">\n<div data-brz-translate-text=\"1\">\n<p class=\"brz-lh-lg-1 brz-ls-lg-0 brz-fw-lg-400 brz-fss-lg-px brz-fs-lg-66 brz-ft-upload brz-ff-izzivsxniqvyexslaslvwzgtgnghvrxuxiru brz-tp-lg-empty brz-css-sVB3k\" data-generated-css=\"brz-css-cmdsu\" data-uniq-id=\"mxgyo\"><span>LIFTING DE CARA Y CUELLO<\/span><\/p>\n<\/div>\n<\/div>\n<\/div>\n<\/div>\n<\/div>\n<\/div>\n<\/div>\n<\/div>\n<\/div>\n<\/div>\n<\/div>\n<\/section>\n<section id=\"_zshgabgubrvivhdmddmdfujletzcuwyujbcg\" class=\"brz-section brz-css-12ikoss\">\n<div class=\"brz-section__content brz-section--boxed brz-css-11jtk2p brz-css-vzbaf7\" data-brz-custom-id=\"wxzyffkmxpxlkwlmtgsliotxyayqtbsmmait\">\n<div class=\"brz-bg\">\n<div class=\"brz-bg-color\"><\/div>\n<\/div>\n<div class=\"brz-container brz-css-gymmmr\">\n<div id=\"\" class=\"brz-css-1vzao6i brz-wrapper\">\n<div class=\"brz-line brz-line-default brz-css-vq1v47 brz-css-6r1ud8\" data-brz-custom-id=\"rgaxvxzgoiaqjtjbbqlagncopxhztklbxgje\">\n<hr class=\"brz-hr\"><\/div>\n<\/div>\n<div class=\"brz-row__container brz-css-bh2pu4\" data-brz-custom-id=\"yhbouauhezgakiqolwhuirilaecsfytnbzvy\">\n<div class=\"brz-bg\"><\/div>\n<div class=\"brz-row brz-css-jiy6me brz-css-b60ukh\">\n<div class=\"brz-columns brz-css-1x6n94x brz-css-t23tj5\" data-brz-custom-id=\"qnntbqyckmiecbsrsxkxwpnelmaceamexdan\">\n<div class=\"brz-bg\"><\/div>\n<div class=\"brz-column__items brz-css-6hjq1b brz-css-5bwgzl\">\n<div id=\"\" class=\"brz-css-1vzao6i brz-css-1fohvhh brz-wrapper\">\n<div class=\"brz-rich-text brz-rich-text__custom brz-css-hsloag\" data-brz-custom-id=\"ffuijxukxxdjsilbuigoqpgcpyywdelgovib\">\n<div data-brz-translate-text=\"1\">\n<h4 class=\"brz-tp-lg-empty brz-ff-manrope brz-ft-google brz-fs-lg-13 brz-fss-lg-px brz-fw-lg-400 brz-ls-lg-0 brz-lh-lg-1_5 brz-css-wMhVY\" data-uniq-id=\"ywzvp\" data-generated-css=\"brz-css-rheyn\"><strong class=\"brz-cp-color2\">LIFTING DE CARA Y CUELLO<\/strong><\/h4>\n<\/div>\n<\/div>\n<\/div>\n<div id=\"\" class=\"brz-css-1vzao6i brz-css-59wyuh brz-wrapper\">\n<div class=\"brz-rich-text brz-rich-text__custom brz-css-hsloag\" data-brz-custom-id=\"dfwaiytwobyrsbyquvcqwletvsnzshddsubk\">\n<div data-brz-translate-text=\"1\">\n<p class=\"brz-tp-lg-empty brz-ff-ckyztbazucvfgxnrkwthfbuhnumrbfrmhags brz-ft-upload brz-fs-lg-36 brz-fss-lg-px brz-fw-lg-400 brz-ls-lg-0 brz-lh-lg-1_3 brz-css-nghgc\" data-uniq-id=\"idbpj\" data-generated-css=\"brz-css-gjuju\"><span class=\"brz-cp-color2\">Un lifting facial es la mejor herramienta que puede restaurar los contornos juveniles naturales de la cara.<\/span><\/p>\n<\/div>\n<\/div>\n<\/div>\n<div id=\"\" class=\"brz-css-1vzao6i brz-css-ymeywg brz-wrapper\">\n<div class=\"brz-spacer brz-css-13wsdye brz-css-2umdtm\"><\/div>\n<\/div>\n<div id=\"\" class=\"brz-css-1vzao6i brz-css-8qbi6o brz-wrapper\">\n<div class=\"brz-rich-text brz-rich-text__custom brz-css-hsloag\" data-brz-custom-id=\"rchhbxqhmmucrsrfxgdhxeqddssjjurxwepv\">\n<div data-brz-translate-text=\"1\">\n<p class=\"brz-tp-lg-empty brz-ff-manrope brz-ft-google brz-fs-lg-16 brz-fss-lg-px brz-fw-lg-400 brz-ls-lg-0 brz-lh-lg-2 brz-css-eUs6z\" data-generated-css=\"brz-css-urhmb\" data-uniq-id=\"yrytr\"><span>Si existe una forma no quir\u00fargica de mejorar el contorno de las mejillas, la l\u00ednea mand\u00edbular o el cuello, el Dr. Mak definitivamente le recomendar\u00e1 el lifting facial. Sin embargo, despu\u00e9s de cierto tiempo, el exceso y la flacidez de la piel y los m\u00fasculos requieren cirug\u00eda para restaurar su apariencia juvenil.<\/span><\/p>\n<p class=\"brz-tp-lg-empty brz-ff-manrope brz-ft-google brz-fs-lg-16 brz-fss-lg-px brz-fw-lg-400 brz-ls-lg-0 brz-lh-lg-2 brz-css-sgEMd\" data-generated-css=\"brz-css-urhmb\" data-uniq-id=\"yrytr\"><span> <\/span><\/p>\n<p class=\"brz-tp-lg-empty brz-ff-manrope brz-ft-google brz-fs-lg-16 brz-fss-lg-px brz-fw-lg-400 brz-ls-lg-0 brz-lh-lg-2 brz-css-g15IW\" data-generated-css=\"brz-css-urhmb\" data-uniq-id=\"yrytr\"><span>El Dr. Mak realiza variaciones de lifting facial seg\u00fan las necesidades del paciente. <\/span><\/p>\n<\/div>\n<\/div>\n<\/div>\n<div id=\"\" class=\"brz-css-1vzao6i brz-css-ymeywg brz-wrapper\">\n<div class=\"brz-spacer brz-css-13wsdye brz-css-1p0mlwd\"><\/div>\n<\/div>\n<div id=\"\" class=\"brz-css-1vzao6i brz-css-127oofv brz-wrapper\">\n<div class=\"brz-icon-text brz-css-hi9ukt\" data-brz-custom-id=\"hdasmnsdpxvgnqxdldamzafeasszgzmkvxau\">\n<div class=\"brz-icon__container\" data-brz-custom-id=\"hdwdwxazgvdyclyodfnwmzmqyjbiodrbngbh\"><span class=\"brz-icon brz-span brz-css-1e696hj brz-css-zsay1k\"><\/span><\/div>\n<div class=\"brz-text-btn\">\n<div class=\"brz-rich-text brz-rich-text__custom brz-css-hsloag\" data-brz-custom-id=\"iwlvtidunssxdzynuujgopwzihqizrjmetrg\">\n<div data-brz-translate-text=\"1\">\n<p data-uniq-id=\"xzugq\" data-generated-css=\"brz-css-cnfvg\" class=\"brz-fss-lg-px brz-fw-lg-400 brz-ls-lg-0 brz-lh-lg-1_3 brz-tp-lg-empty brz-ff-manrope brz-ft-google brz-fs-lg-18 brz-css-lV0AK\"><span>Anaesthetic &#8211; General<\/span><\/p>\n<\/div>\n<\/div>\n<\/div>\n<\/div>\n<\/div>\n<div id=\"\" class=\"brz-css-1vzao6i brz-css-ymeywg brz-wrapper\">\n<div class=\"brz-spacer brz-css-13wsdye brz-css-qojyip\"><\/div>\n<\/div>\n<div id=\"\" class=\"brz-css-1vzao6i brz-css-i8d1m7 brz-wrapper\">\n<div class=\"brz-icon-text brz-css-hi9ukt\" data-brz-custom-id=\"aaxsjmgdaczpywrohsbqphquhstbgnoozkni\">\n<div class=\"brz-icon__container\" data-brz-custom-id=\"ajekairqoeczlabovbadnxntshovvjofbixg\"><span class=\"brz-icon brz-span brz-css-1e696hj brz-css-1q3rvps\"><\/span><\/div>\n<div class=\"brz-text-btn\">\n<div class=\"brz-rich-text brz-rich-text__custom brz-css-hsloag\" data-brz-custom-id=\"lvyktgbpdssmejzjstyuslwoxopeeewycwbp\">\n<div data-brz-translate-text=\"1\">\n<p data-uniq-id=\"qqpxf\" data-generated-css=\"brz-css-unrac\" class=\"brz-fss-lg-px brz-fw-lg-400 brz-ls-lg-0 brz-lh-lg-1_3 brz-tp-lg-empty brz-ff-manrope brz-ft-google brz-fs-lg-18 brz-css-uaV57\"><span>Length of stay &#8211; 7 nights&nbsp;<\/span><\/p>\n<\/div>\n<\/div>\n<\/div>\n<\/div>\n<\/div>\n<div id=\"\" class=\"brz-css-1vzao6i brz-css-ymeywg brz-wrapper\">\n<div class=\"brz-spacer brz-css-13wsdye brz-css-lp36y5\"><\/div>\n<\/div>\n<div id=\"\" class=\"brz-css-1vzao6i brz-css-4f5y0c brz-wrapper\">\n<div class=\"brz-icon-text brz-css-hi9ukt\" data-brz-custom-id=\"xanktregxqlduxhltklywlfiyywzgwsbwhek\">\n<div class=\"brz-icon__container\" data-brz-custom-id=\"soyngznkeppnjaajbxcujoivbxmjsxivtams\"><span class=\"brz-icon brz-span brz-css-1e696hj brz-css-1qse2jo\"><\/span><\/div>\n<div class=\"brz-text-btn\">\n<div class=\"brz-rich-text brz-rich-text__custom brz-css-hsloag\" data-brz-custom-id=\"bckfkjuujjanaunavvhzymljocywkxvvxcvg\">\n<div data-brz-translate-text=\"1\">\n<p data-uniq-id=\"ormbk\" data-generated-css=\"brz-css-ntxdt\" class=\"brz-fss-lg-px brz-fw-lg-400 brz-ls-lg-0 brz-lh-lg-1_3 brz-tp-lg-empty brz-ff-manrope brz-ft-google brz-fs-lg-18 brz-css-xpdQt\"><span>Length of surgery &#8211; 2\/3 hours<\/span><\/p>\n<\/div>\n<\/div>\n<\/div>\n<\/div>\n<\/div>\n<div id=\"\" class=\"brz-css-1vzao6i brz-css-ymeywg brz-wrapper\">\n<div class=\"brz-spacer brz-css-13wsdye brz-css-8rhk0m\"><\/div>\n<\/div>\n<div id=\"\" class=\"brz-css-1vzao6i brz-css-9pe54m brz-wrapper\">\n<div class=\"brz-icon-text brz-css-hi9ukt\" data-brz-custom-id=\"vvhyweethkzlqmyzsxtyuwurmgojrpgtauyi\">\n<div class=\"brz-icon__container\" data-brz-custom-id=\"bkeibcfmoxzllmzyxqusnkqwcfjuewymviyv\"><span class=\"brz-icon brz-span brz-css-1e696hj brz-css-byits8\"><\/span><\/div>\n<div class=\"brz-text-btn\">\n<div class=\"brz-rich-text brz-rich-text__custom brz-css-hsloag\" data-brz-custom-id=\"tazgyygtqvwprgdvhqjfyqjhlqfxhskhucgd\">\n<div data-brz-translate-text=\"1\">\n<p data-uniq-id=\"zydvl\" data-generated-css=\"brz-css-ryvme\" class=\"brz-fss-lg-px brz-fw-lg-400 brz-ls-lg-0 brz-lh-lg-1_3 brz-tp-lg-empty brz-ff-manrope brz-ft-google brz-fs-lg-18 brz-css-r2wyb\"><span>Return to normal life &#8211; 10 days<\/span><\/p>\n<\/div>\n<\/div>\n<\/div>\n<\/div>\n<\/div>\n<div id=\"\" class=\"brz-css-1vzao6i brz-css-ymeywg brz-wrapper\">\n<div class=\"brz-spacer brz-css-13wsdye brz-css-1oq0hni\"><\/div>\n<\/div>\n<\/div>\n<\/div>\n<div class=\"brz-columns brz-css-1x6n94x brz-css-x5eehm\" data-brz-custom-id=\"rqskokiheqnzhthryikqornjlwngmihbfddb\">\n<div class=\"brz-bg\"><\/div>\n<div class=\"brz-column__items brz-css-6hjq1b brz-css-3ai8rd\">\n<div id=\"\" class=\"brz-css-1vzao6i brz-css-1ff4fdg brz-wrapper\">\n<div class=\"brz-image brz-css-1jnynhx brz-css-15mpok4\" data-brz-custom-id=\"skbqidenboudpipmyjlpxxrfudutzlachrtd\"><img decoding=\"async\" class=\"brz-img\" src=\"https:\/\/drmakclinic.com\/es?brizy_media=wp-8c1beea79a7eb07b6b048c5df66b9749.png&amp;brizy_crop=original\" alt=\"\" loading=\"lazy\"><\/div>\n<\/div>\n<\/div>\n<\/div>\n<\/div>\n<\/div>\n<\/div>\n<\/div>\n<\/section>\n<section id=\"_jbfeqpqswwdzxwlyflajchakzsfrftazsxvy\" class=\"brz-section brz-css-12ikoss\">\n<div class=\"brz-section__content brz-section--boxed brz-css-11jtk2p brz-css-11vafm0\" data-brz-custom-id=\"ydnjglchhguffnvrewlbnoruyszqyofcyxrg\">\n<div class=\"brz-bg\">\n<div class=\"brz-bg-color\"><\/div>\n<\/div>\n<div class=\"brz-container brz-css-gymmmr\">\n<div id=\"\" class=\"brz-css-1vzao6i brz-wrapper\">\n<div class=\"brz-line brz-line-default brz-css-vq1v47 brz-css-2u8iqk\" data-brz-custom-id=\"bmyzrhqkyelctfrknyexymixcdxrohwsmhcw\">\n<hr class=\"brz-hr\"><\/div>\n<\/div>\n<div class=\"brz-row__container brz-css-bh2pu4\" data-brz-custom-id=\"piolahzoyrrbjhyippypserqgnudyhuzoucz\">\n<div class=\"brz-bg\"><\/div>\n<div class=\"brz-row brz-css-jiy6me\">\n<div class=\"brz-columns brz-css-1x6n94x brz-css-idzcg5\" data-brz-custom-id=\"omblbmtfayjbdswizigbgnkpsvojddjoqzfr\">\n<div class=\"brz-bg\"><\/div>\n<div class=\"brz-column__items brz-css-6hjq1b\"><\/div>\n<\/div>\n<div class=\"brz-columns brz-css-1x6n94x brz-css-co12wm\" data-brz-custom-id=\"ymfgeidcccugsyfwyaaoyxmxamlqxpagvkdt\">\n<div class=\"brz-bg\"><\/div>\n<div class=\"brz-column__items brz-css-6hjq1b\">\n<div id=\"\" class=\"brz-css-1vzao6i brz-wrapper\">\n<div class=\"brz-rich-text brz-rich-text__custom brz-css-hsloag\" data-brz-custom-id=\"huogddclechqmwxhlpodzozalcamogzllwxh\">\n<div data-brz-translate-text=\"1\">\n<p class=\"brz-tp-lg-empty brz-ff-ckyztbazucvfgxnrkwthfbuhnumrbfrmhags brz-ft-upload brz-fs-lg-22 brz-fss-lg-px brz-fw-lg-400 brz-ls-lg-0 brz-lh-lg-1_9 brz-css-vbIgz\" data-uniq-id=\"trgdb\" data-generated-css=\"brz-css-nmeux\">EL MINIi-LIFTING DE CARA<\/p>\n<p class=\"brz-tp-lg-empty brz-ff-manrope brz-ft-google brz-fs-lg-18 brz-fss-lg-px brz-fw-lg-400 brz-ls-lg-0 brz-lh-lg-1_9 brz-css-uKUK5\" data-uniq-id=\"enzmn\" data-generated-css=\"brz-css-hcefo\">Al igual que un lifting facial completo, el mini-lifting facial es un procedimiento quir\u00fargico que hace de la apariencia de los pacientes una apariencia m\u00e1s rejuvenecida eliminando y tensando la piel y los m\u00fasculos faciales ca\u00eddos. En el mini-lifting facial las incisiones son m\u00e1s peque\u00f1as, la cirug\u00eda es m\u00e1s corta y la cicatrizaci\u00f3n es mucho m\u00e1s r\u00e1pida.<\/p>\n<p class=\"brz-tp-lg-empty brz-ff-manrope brz-ft-google brz-fs-lg-18 brz-fss-lg-px brz-fw-lg-400 brz-ls-lg-0 brz-lh-lg-1_9 brz-css-kjmj4\" data-uniq-id=\"ppgev\" data-generated-css=\"brz-css-vwxsa\"><\/p>\n<p class=\"brz-tp-lg-empty brz-ff-ckyztbazucvfgxnrkwthfbuhnumrbfrmhags brz-ft-upload brz-fs-lg-22 brz-fss-lg-px brz-fw-lg-400 brz-ls-lg-0 brz-lh-lg-1_9 brz-css-pSKIk\" data-uniq-id=\"tvsct\" data-generated-css=\"brz-css-kqwkv\">EL LIFTING FACIAL<\/p>\n<p class=\"brz-tp-lg-empty brz-ff-manrope brz-ft-google brz-fs-lg-18 brz-fss-lg-px brz-fw-lg-400 brz-ls-lg-0 brz-lh-lg-1_9 brz-css-qr07E\" data-uniq-id=\"ruznb\" data-generated-css=\"brz-css-xlkyr\">Las incisiones empiezan en la sien (escondidas en la l\u00ednea del cabello), bajan por el frente y la oreja y terminan en la parte inferior del cuero cabelludo. Dr Mak puede redistribuir o transferir grasa, reposicionar tejidos profundos, estirar m\u00fasculos y eliminar el exceso de piel.<\/p>\n<p class=\"brz-tp-lg-empty brz-ff-manrope brz-ft-google brz-fs-lg-18 brz-fss-lg-px brz-fw-lg-400 brz-ls-lg-0 brz-lh-lg-1_9 brz-css-q6Fzd\" data-uniq-id=\"xlmwy\" data-generated-css=\"brz-css-gwuhm\"><\/p>\n<p class=\"brz-tp-lg-empty brz-ff-ckyztbazucvfgxnrkwthfbuhnumrbfrmhags brz-ft-upload brz-fs-lg-22 brz-fss-lg-px brz-fw-lg-400 brz-ls-lg-0 brz-lh-lg-1_9 brz-css-pC9Ux\" data-uniq-id=\"tipcd\" data-generated-css=\"brz-css-taoat\">EL LIFING DE CUELLO<\/p>\n<p class=\"brz-tp-lg-empty brz-ff-manrope brz-ft-google brz-fs-lg-18 brz-fss-lg-px brz-fw-lg-400 brz-ls-lg-0 brz-lh-lg-1_9 brz-css-iHEll\" data-uniq-id=\"ojzlp\" data-generated-css=\"brz-css-hmfax\">Las incisiones generalmente comienzan en frente del l\u00f3bulo de la oreja y contin\u00faan detr\u00e1s de la oreja para terminar en la parte inferior del cuero cabelludo. Tambi\u00e9n puede hacer una incisi\u00f3n adicional debajo de la barbilla.<\/p>\n<\/div>\n<\/div>\n<\/div>\n<\/div>\n<\/div>\n<div class=\"brz-columns brz-css-1x6n94x brz-css-118yglw\" data-brz-custom-id=\"foijdcxfzcnqiwclavkgihpckgxnvwalhyoz\">\n<div class=\"brz-bg\"><\/div>\n<div class=\"brz-column__items brz-css-6hjq1b\"><\/div>\n<\/div>\n<\/div>\n<\/div>\n<\/div>\n<\/div>\n<\/section>\n<section id=\"_ljhshjynarhoocesaaxhhyqlrdaxzlletmds\" class=\"brz-section brz-css-12ikoss\">\n<div class=\"brz-section__content brz-section--boxed brz-css-11jtk2p brz-css-117merk\" data-brz-custom-id=\"vpcnwllfhcazfbyeicvurufhlueazztmsdxx\">\n<div class=\"brz-bg\">\n<div class=\"brz-bg-color\"><\/div>\n<\/div>\n<div class=\"brz-container brz-css-gymmmr\">\n<div id=\"\" class=\"brz-css-1vzao6i brz-wrapper\">\n<div class=\"brz-line brz-line-default brz-css-vq1v47 brz-css-1okhvj0\" data-brz-custom-id=\"mfynwdbdxmarynhyjxgxmcmikdojjqyuvayk\">\n<hr class=\"brz-hr\"><\/div>\n<\/div>\n<div id=\"\" class=\"brz-css-1vzao6i brz-css-ymeywg brz-wrapper\">\n<div class=\"brz-spacer brz-css-13wsdye brz-css-1p0zics\"><\/div>\n<\/div>\n<div class=\"brz-row__container brz-css-bh2pu4\" data-brz-custom-id=\"tfvkftsjidtbvfyzxhlrqblnxsenshfnetkp\">\n<div class=\"brz-bg\"><\/div>\n<div class=\"brz-row brz-css-jiy6me brz-css-b60ukh\">\n<div class=\"brz-columns brz-css-1x6n94x brz-css-197yqoc\" data-brz-custom-id=\"ebeyqsaimikgpgyjswuswrarhgxlnevlpuoj\">\n<div class=\"brz-bg\"><\/div>\n<div class=\"brz-column__items brz-css-6hjq1b brz-css-tsc81u\">\n<div id=\"\" class=\"brz-css-1vzao6i brz-css-16hc1oo brz-wrapper\">\n<div class=\"brz-image brz-css-1ahi1rt brz-css-s3k83q\" data-brz-custom-id=\"utisfdzkhqurgbcdvoqfrmroxergvgrxxrtl\"><img decoding=\"async\" class=\"brz-img\" src=\"https:\/\/drmakclinic.com\/es?brizy_media=wp-9b7486b9d786a0648588605ea135d33b.jpg&amp;brizy_crop=iW%3D316%26iH%3D211%26oX%3D90%26oY%3D23%26cW%3D105%26cH%3D106\" alt=\"\" loading=\"lazy\"><\/div>\n<\/div>\n<\/div>\n<\/div>\n<div class=\"brz-columns brz-css-1x6n94x brz-css-b7l46s\" data-brz-custom-id=\"sksqhikxmtvqqitvhqpninfkqyuxnloldymw\">\n<div class=\"brz-bg\"><\/div>\n<div class=\"brz-column__items brz-css-6hjq1b brz-css-ytik4o\">\n<div id=\"\" class=\"brz-css-1vzao6i brz-wrapper\">\n<div class=\"brz-rich-text brz-rich-text__custom brz-css-hsloag\" data-brz-custom-id=\"ebxyoyyzwlyybkuvpwbctamjedmgghggkvbg\">\n<div data-brz-translate-text=\"1\">\n<p data-uniq-id=\"egydo\" data-generated-css=\"brz-css-trizt\" class=\"brz-tp-lg-empty brz-ff-ckyztbazucvfgxnrkwthfbuhnumrbfrmhags brz-ft-upload brz-fs-lg-24 brz-fss-lg-px brz-fw-lg-400 brz-ls-lg-0 brz-lh-lg-1_5 brz-css-zvpc4\">As you begin your journey toward considering plastic surgery and other cosmetic enhancements , my goal as your plastic surgeon is to provide you the highest quality of care throughout the entire process.<\/p>\n<\/div>\n<\/div>\n<\/div>\n<div id=\"\" class=\"brz-css-1vzao6i brz-css-ymeywg brz-css-disj3s brz-wrapper\">\n<div class=\"brz-spacer brz-css-13wsdye brz-css-1cbp9sk\"><\/div>\n<\/div>\n<div id=\"\" class=\"brz-css-1vzao6i brz-css-1dkjly7 brz-wrapper\">\n<div class=\"brz-rich-text brz-rich-text__custom brz-css-hsloag\" data-brz-custom-id=\"ssfafakuwdqdufejavmzgzplrrjwkfisvlbg\">\n<div data-brz-translate-text=\"1\">\n<p class=\"brz-text-xs-center brz-tp-lg-heading4 brz-css-pPtZJ\" data-uniq-id=\"mrayu\" data-generated-css=\"brz-css-yakzy\"><strong class=\"brz-cp-color2\">Dr. Mehmet Arif Karag\u00f6z<\/strong><\/p>\n<\/div>\n<\/div>\n<\/div>\n<div id=\"\" class=\"brz-css-1vzao6i brz-css-o8itg4 brz-wrapper\">\n<div class=\"brz-rich-text brz-rich-text__custom brz-css-hsloag\" data-brz-custom-id=\"hdyttfmajqocraqrpqtgrabwnglaascqgydc\">\n<div data-brz-translate-text=\"1\">\n<p class=\"brz-text-xs-center brz-tp-lg-paragraph brz-css-rUTo0\" data-uniq-id=\"xuihj\" data-generated-css=\"brz-css-uaiir\"><span class=\"brz-cp-color7\">DRMAK Plastic Surgeon<\/span><\/p>\n<\/div>\n<\/div>\n<\/div>\n<\/div>\n<\/div>\n<\/div>\n<\/div>\n<div id=\"\" class=\"brz-css-1vzao6i brz-css-ymeywg brz-css-1rh6r4o brz-wrapper\">\n<div class=\"brz-spacer brz-css-13wsdye brz-css-1dq7cu8\"><\/div>\n<\/div>\n<div id=\"\" class=\"brz-css-1vzao6i brz-wrapper\">\n<div class=\"brz-line brz-line-default brz-css-vq1v47 brz-css-12yah6g\" data-brz-custom-id=\"wyakzjftkluuvencojyxnlvqwfizgtpzgdbo\">\n<hr class=\"brz-hr\"><\/div>\n<\/div>\n<\/div>\n<\/div>\n<\/section>\n<\/div>\n<p>    <!-- version:1738166326 --><\/p>\n","protected":false},"excerpt":{"rendered":"<p>LIFTING DE CARA Y CUELLO LIFTING DE CARA Y CUELLO Un lifting facial es la mejor herramienta que puede restaurar los contornos juveniles naturales de la cara. Si existe una forma no quir\u00fargica de mejorar el contorno de las mejillas, la l\u00ednea mand\u00edbular o el cuello, el Dr. Mak definitivamente le recomendar\u00e1 el lifting facial. [&hellip;]<\/p>\n","protected":false},"author":1,"featured_media":0,"parent":1129,"menu_order":0,"comment_status":"closed","ping_status":"closed","template":"","meta":{"footnotes":""},"class_list":["post-1181","page","type-page","status-publish","hentry"],"blocksy_meta":{"styles_descriptor":{"styles":{"desktop":"","tablet":"","mobile":""},"google_fonts":[],"version":6}},"_links":{"self":[{"href":"https:\/\/drmakclinic.com\/es\/wp-json\/wp\/v2\/pages\/1181","targetHints":{"allow":["GET"]}}],"collection":[{"href":"https:\/\/drmakclinic.com\/es\/wp-json\/wp\/v2\/pages"}],"about":[{"href":"https:\/\/drmakclinic.com\/es\/wp-json\/wp\/v2\/types\/page"}],"author":[{"embeddable":true,"href":"https:\/\/drmakclinic.com\/es\/wp-json\/wp\/v2\/users\/1"}],"replies":[{"embeddable":true,"href":"https:\/\/drmakclinic.com\/es\/wp-json\/wp\/v2\/comments?post=1181"}],"version-history":[{"count":0,"href":"https:\/\/drmakclinic.com\/es\/wp-json\/wp\/v2\/pages\/1181\/revisions"}],"up":[{"embeddable":true,"href":"https:\/\/drmakclinic.com\/es\/wp-json\/wp\/v2\/pages\/1129"}],"wp:attachment":[{"href":"https:\/\/drmakclinic.com\/es\/wp-json\/wp\/v2\/media?parent=1181"}],"curies":[{"name":"wp","href":"https:\/\/api.w.org\/{rel}","templated":true}]}}