{"id":1187,"date":"2022-08-28T20:48:08","date_gmt":"2022-08-28T17:48:08","guid":{"rendered":"https:\/\/drmakclinic.com\/?page_id=1187"},"modified":"2025-01-31T00:10:46","modified_gmt":"2025-01-30T21:10:46","slug":"fillers","status":"publish","type":"page","link":"https:\/\/drmakclinic.com\/es\/procedures\/aesthetic-plastic-surgery\/fillers\/","title":{"rendered":"Fillers"},"content":{"rendered":"<div class=\"brz-root__container brz-reset-all brz brz-root__container-page\">\n<section id=\"_irgncmowolugnyykdojqurtsxqmwjelmwxxf\" class=\"brz-section brz-css-gzsl8j\">\n<div class=\"brz-section__content brz-section--boxed brz-css-wg6oi9 brz-css-1gqe9jz\" data-brz-custom-id=\"rclvnumjxykjlepdgyofxwckfpvjbyoihxsm\">\n<div class=\"brz-bg\">\n<div class=\"brz-bg-color\"><\/div>\n<\/div>\n<div class=\"brz-container brz-css-19hpekr\">\n<div class=\"brz-row__container brz-css-t1s58z\" data-brz-custom-id=\"wttssrfhipquwravbyllgphhwqrgytceyczi\">\n<div class=\"brz-bg\"><\/div>\n<div class=\"brz-row brz-css-z8nb4a brz-css-a70idv\">\n<div class=\"brz-columns brz-css-k905dt brz-css-1r41bho\" data-brz-custom-id=\"pedylbqariqxishaiwugkplwpzaecmfkbpwg\">\n<div class=\"brz-bg\"><\/div>\n<div class=\"brz-column__items brz-css-cdr6t5\">\n<div id=\"\" class=\"brz-css-1b7rwe7 brz-wrapper\">\n<div class=\"brz-icon-text brz-css-hfi1wp brz-css-prxqh5\" data-brz-custom-id=\"fvchschqkifydgmqakijmgnjucvvkhyqregq\">\n<div class=\"brz-icon__container\" data-brz-custom-id=\"wnnkunjsqccgxgqrezhticdxoojgipwoszne\"><span class=\"brz-icon brz-span brz-css-1wdrzhy brz-css-1sidyz9\"><\/span><\/div>\n<div class=\"brz-text-btn\">\n<div class=\"brz-rich-text brz-rich-text__custom brz-css-qty4so\" data-brz-custom-id=\"bzyoktxqdcyfzosptthtwfafqlahpsmbmukx\">\n<div data-brz-translate-text=\"1\">\n<p class=\"brz-tp-lg-empty brz-ff-izzivsxniqvyexslaslvwzgtgnghvrxuxiru brz-ft-upload brz-fs-lg-66 brz-fss-lg-px brz-fw-lg-400 brz-ls-lg-0 brz-lh-lg-1 ql-align-center brz-text-lg-justify brz-css-dTjcU\" data-uniq-id=\"hcqri\" data-generated-css=\"brz-css-zwlvk\"><span>Rellenos<\/span><\/p>\n<\/div>\n<\/div>\n<\/div>\n<\/div>\n<\/div>\n<\/div>\n<\/div>\n<\/div>\n<\/div>\n<\/div>\n<\/div>\n<\/section>\n<section id=\"_fckcehisqbscpmkuqtxzsjdiesttdrfjgale\" class=\"brz-section brz-css-gzsl8j\">\n<div class=\"brz-section__content brz-section--boxed brz-css-wg6oi9 brz-css-ezov0\" data-brz-custom-id=\"wvdvlyjmrhnhpoxtwmpafzwdkpaovbhoiadf\">\n<div class=\"brz-bg\">\n<div class=\"brz-bg-color\"><\/div>\n<\/div>\n<div class=\"brz-container brz-css-19hpekr\">\n<div id=\"\" class=\"brz-css-1b7rwe7 brz-wrapper\">\n<div class=\"brz-line brz-line-default brz-css-5571s3 brz-css-6t5q15\" data-brz-custom-id=\"twtwmjoynkskqyxyydwfresijywzeycojvrk\">\n<hr class=\"brz-hr\"><\/div>\n<\/div>\n<div class=\"brz-row__container brz-css-t1s58z\" data-brz-custom-id=\"udximkgurxhnlgodpaihhpokfezcqpghnywa\">\n<div class=\"brz-bg\"><\/div>\n<div class=\"brz-row brz-css-z8nb4a brz-css-1dsbtxy\">\n<div class=\"brz-columns brz-css-k905dt brz-css-1s7k2x\" data-brz-custom-id=\"yktzqgkcgutdniyvktgojgzygzcmevpnwgcr\">\n<div class=\"brz-bg\"><\/div>\n<div class=\"brz-column__items brz-css-cdr6t5 brz-css-1sw7bul\">\n<div id=\"\" class=\"brz-css-1b7rwe7 brz-css-1myiwi7 brz-wrapper\">\n<div class=\"brz-rich-text brz-rich-text__custom brz-css-qty4so\" data-brz-custom-id=\"nsyeiqxofhqvgfeyjssfbdphjrqnjwoihlpm\">\n<div data-brz-translate-text=\"1\">\n<h4 class=\"brz-lh-lg-1_5 brz-tp-lg-empty brz-ff-manrope brz-ft-google brz-fs-lg-13 brz-fss-lg-px brz-fw-lg-700 brz-ls-lg-m_0_5 brz-css-wtcyB\" data-uniq-id=\"wnnmm\" data-generated-css=\"brz-css-ajggp\"><span class=\"brz-capitalize-on\">RELLENOS<\/span><\/h4>\n<\/div>\n<\/div>\n<\/div>\n<div id=\"\" class=\"brz-css-1b7rwe7 brz-css-1sr6fk4 brz-wrapper\">\n<div class=\"brz-rich-text brz-rich-text__custom brz-css-qty4so\" data-brz-custom-id=\"psjtnukdtonmzzxtcjqtuvhnlyssxecpahfl\">\n<div data-brz-translate-text=\"1\">\n<p class=\"brz-lh-lg-1_3 brz-tp-lg-empty brz-ff-ckyztbazucvfgxnrkwthfbuhnumrbfrmhags brz-ft-upload brz-fs-lg-36 brz-fss-lg-px brz-fw-lg-400 brz-ls-lg-0 brz-css-tkxro\" data-uniq-id=\"fjnlj\" data-generated-css=\"brz-css-jemhj\"><span class=\"brz-cp-color2\">Dr Mak utiliza rellenos d\u00e9rmicos de&nbsp;\u00e1cido hialur\u00f3nico para suavizar, levantar, esculpir y rejuvenecer&nbsp;de manera eficaz su cara.&nbsp;<\/span><\/p>\n<\/div>\n<\/div>\n<\/div>\n<div id=\"\" class=\"brz-css-1b7rwe7 brz-css-kzw2w2 brz-wrapper\">\n<div class=\"brz-spacer brz-css-1g0n9g4 brz-css-o7tu98\"><\/div>\n<\/div>\n<div id=\"\" class=\"brz-css-1b7rwe7 brz-css-1pk2ugb brz-wrapper\">\n<div class=\"brz-rich-text brz-rich-text__custom brz-css-qty4so\" data-brz-custom-id=\"stnccskutkflxoskgepksvzgjxfeftiovfqc\">\n<div data-brz-translate-text=\"1\">\n<p class=\"brz-lh-lg-1_9 brz-ls-lg-0 brz-fw-lg-400 brz-fss-lg-px brz-fs-lg-16 brz-ft-google brz-ff-manrope brz-tp-lg-empty brz-css-n71wQ\" data-generated-css=\"brz-css-fuyiy\" data-uniq-id=\"nfmvs\"><span class=\"brz-cp-color2\">Los&nbsp;rellenos d\u00e9rmicos son una soluci\u00f3n conveniente y no quir\u00fargica si&nbsp;su objetivo es&nbsp;refrescar y mejorar su apariencia. Los rellenos d\u00e9rmicos de&nbsp;\u00e1cido hialur\u00f3nico son particularmente efectivos si desea:<\/span><\/p>\n<\/div>\n<\/div>\n<\/div>\n<div id=\"\" class=\"brz-css-1b7rwe7 brz-css-kzw2w2 brz-wrapper\">\n<div class=\"brz-spacer brz-css-1g0n9g4 brz-css-1haxkgz\"><\/div>\n<\/div>\n<div id=\"\" class=\"brz-css-1b7rwe7 brz-css-43la13 brz-wrapper\">\n<div class=\"brz-icon-text brz-css-hfi1wp\" data-brz-custom-id=\"bmutmetcjdflhxiwksgzkgtigbqsnykfgaoc\">\n<div class=\"brz-icon__container\" data-brz-custom-id=\"jcopmrjwqlvmxfjsbytrkcqtzseckeyecydg\"><span class=\"brz-icon brz-span brz-css-1wdrzhy brz-css-qaez09\"><\/span><\/div>\n<div class=\"brz-text-btn\">\n<div class=\"brz-rich-text brz-rich-text__custom brz-css-qty4so\" data-brz-custom-id=\"dromnrjwsfjmcndbhdcirkgdtuvruhsfetpy\">\n<div data-brz-translate-text=\"1\">\n<p class=\"brz-lh-lg-1_3 brz-fw-xs-400 brz-fw-sm-400 brz-fw-lg-400 brz-ft-google brz-ff-arimo brz-ls-xs-0 brz-ls-sm-0 brz-ls-lg-0 brz-fs-xs-17 brz-fs-sm-17 brz-fs-lg-18 brz-lh-sm-1_4 brz-lh-xs-1_4 brz-css-dF6tR\" data-generated-css=\"brz-css-yytec\" data-uniq-id=\"qepeo\"><span class=\"brz-cp-color2\">Definir, esculpir&nbsp;y&nbsp;tonificar&nbsp;el rostro con rellenos de mejillas<\/span><\/p>\n<p class=\"brz-lh-lg-1_3 brz-fw-xs-400 brz-fw-sm-400 brz-fw-lg-400 brz-ft-google brz-ff-arimo brz-ls-xs-0 brz-ls-sm-0 brz-ls-lg-0 brz-fs-xs-17 brz-fs-sm-17 brz-fs-lg-18 brz-lh-sm-1_4 brz-lh-xs-1_4 brz-css-wAdVD\" data-generated-css=\"brz-css-tgsky\" data-uniq-id=\"hdcni\"><\/p>\n<\/div>\n<\/div>\n<\/div>\n<\/div>\n<\/div>\n<div id=\"\" class=\"brz-css-1b7rwe7 brz-css-kzw2w2 brz-wrapper\">\n<div class=\"brz-spacer brz-css-1g0n9g4 brz-css-cfliq7\"><\/div>\n<\/div>\n<div id=\"\" class=\"brz-css-1b7rwe7 brz-css-ayzhwn brz-wrapper\">\n<div class=\"brz-icon-text brz-css-hfi1wp\" data-brz-custom-id=\"zoooqsdodlakmpfxmzrdpivtnhrijlsttzas\">\n<div class=\"brz-icon__container\" data-brz-custom-id=\"udtwkbcnyyaomtcujdovwrkxmzsbtdfkpvii\"><span class=\"brz-icon brz-span brz-css-1wdrzhy brz-css-q2z24u\"><\/span><\/div>\n<div class=\"brz-text-btn\">\n<div class=\"brz-rich-text brz-rich-text__custom brz-css-qty4so\" data-brz-custom-id=\"dlvkriacnwcaattacqqpbjrwwzftlrnaylye\">\n<div data-brz-translate-text=\"1\">\n<p class=\"brz-lh-sm-1_4 brz-lh-lg-1_3 brz-fw-xs-400 brz-fw-sm-400 brz-fw-lg-400 brz-ft-google brz-ff-arimo brz-ls-xs-0 brz-ls-sm-0 brz-ls-lg-0 brz-fs-xs-17 brz-fs-sm-17 brz-fs-lg-18 brz-lh-xs-1_4 brz-css-ysA7o\" data-uniq-id=\"cgsep\" data-generated-css=\"brz-css-zdxoj\"><span>Mejorar&nbsp;la forma y&nbsp;dar volumen y belleza a&nbsp;los labios con rellenos labiales<\/span><\/p>\n<\/div>\n<\/div>\n<\/div>\n<\/div>\n<\/div>\n<div id=\"\" class=\"brz-css-1b7rwe7 brz-css-kzw2w2 brz-wrapper\">\n<div class=\"brz-spacer brz-css-1g0n9g4 brz-css-1smayxo\"><\/div>\n<\/div>\n<div id=\"\" class=\"brz-css-1b7rwe7 brz-css-1qcswaa brz-wrapper\">\n<div class=\"brz-icon-text brz-css-hfi1wp\" data-brz-custom-id=\"ognllljykkazlfdokkvunivxhkmebzhxiytb\">\n<div class=\"brz-icon__container\" data-brz-custom-id=\"mwvkskzyqxkfskgyvrqlodlcpgrqikcuasvf\"><span class=\"brz-icon brz-span brz-css-1wdrzhy brz-css-1lsuf5k\"><\/span><\/div>\n<div class=\"brz-text-btn\">\n<div class=\"brz-rich-text brz-rich-text__custom brz-css-qty4so\" data-brz-custom-id=\"ufersynivqiovsqcjmzwuqpmbukyxwscfhgo\">\n<div data-brz-translate-text=\"1\">\n<p class=\"brz-lh-sm-1_4 brz-lh-lg-1_3 brz-fw-xs-400 brz-fw-sm-400 brz-fw-lg-400 brz-ft-google brz-ff-arimo brz-ls-xs-0 brz-ls-sm-0 brz-ls-lg-0 brz-fs-xs-17 brz-fs-sm-17 brz-fs-lg-18 brz-lh-xs-1_4 brz-css-hAiMp\" data-uniq-id=\"ysivn\" data-generated-css=\"brz-css-oemrp\"><span>Tonificar&nbsp;y refrescar&nbsp;los ojos cansados con rellenos de l\u00e1grimas<\/span><\/p>\n<\/div>\n<\/div>\n<\/div>\n<\/div>\n<\/div>\n<div id=\"\" class=\"brz-css-1b7rwe7 brz-css-kzw2w2 brz-wrapper\">\n<div class=\"brz-spacer brz-css-1g0n9g4 brz-css-s4n3tu\"><\/div>\n<\/div>\n<div id=\"\" class=\"brz-css-1b7rwe7 brz-css-15epog2 brz-wrapper\">\n<div class=\"brz-icon-text brz-css-hfi1wp\" data-brz-custom-id=\"jvnmrjxsyvouoormclhjzlpvkpjbzehztouj\">\n<div class=\"brz-icon__container\" data-brz-custom-id=\"giiqutkqynahcvxircpiixxrpngzbkfhihjs\"><span class=\"brz-icon brz-span brz-css-1wdrzhy brz-css-1jww5fn\"><\/span><\/div>\n<div class=\"brz-text-btn\">\n<div class=\"brz-rich-text brz-rich-text__custom brz-css-qty4so\" data-brz-custom-id=\"rkybpapvixrwfdhabapoyvswglxsmsmpeqtj\">\n<div data-brz-translate-text=\"1\">\n<p class=\"brz-lh-xs-1_4 brz-fs-lg-18 brz-fs-sm-17 brz-fs-xs-17 brz-ls-lg-0 brz-ls-sm-0 brz-ls-xs-0 brz-ff-arimo brz-ft-google brz-fw-lg-400 brz-fw-sm-400 brz-fw-xs-400 brz-lh-lg-1_3 brz-lh-sm-1_4 brz-css-tx9Jj\" data-uniq-id=\"vaecy\" data-generated-css=\"brz-css-npala\"><span>Reducir&nbsp;las arrugas y los pliegues profundos&nbsp;en la cara&nbsp;con rellenos faciales<\/span><\/p>\n<\/div>\n<\/div>\n<\/div>\n<\/div>\n<\/div>\n<div id=\"\" class=\"brz-css-1b7rwe7 brz-css-kzw2w2 brz-wrapper\">\n<div class=\"brz-spacer brz-css-1g0n9g4 brz-css-1b9egt5\"><\/div>\n<\/div>\n<div id=\"\" class=\"brz-css-1b7rwe7 brz-wrapper\">\n<div class=\"brz-rich-text brz-rich-text__custom brz-css-qty4so\" data-brz-custom-id=\"pfyaqwddncdhljwqyeffbgeqacjnwfgtmgnr\">\n<div data-brz-translate-text=\"1\">\n<p class=\"brz-lh-lg-1_9 brz-ls-lg-0 brz-fw-lg-400 brz-fss-lg-px brz-fs-lg-18 brz-ft-google brz-ff-manrope brz-tp-lg-empty brz-css-ypxbe\" data-generated-css=\"brz-css-mgmcb\" data-uniq-id=\"zcmtr\"><span class=\"brz-cp-color7\">Antes del&nbsp;tratamiento, es posible que deba:<\/span><\/p>\n<\/div>\n<\/div>\n<\/div>\n<div id=\"\" class=\"brz-css-1b7rwe7 brz-css-1ccerg3 brz-wrapper\">\n<div class=\"brz-icon-text brz-css-hfi1wp\" data-brz-custom-id=\"itzooqizwxlmjcldiuwqfbdmuylcoqqpgvme\">\n<div class=\"brz-icon__container\" data-brz-custom-id=\"jymirdppluxmblhkwhisxhvpklbqaihwoxik\"><span class=\"brz-icon brz-span brz-css-1wdrzhy brz-css-11jl0hn\"><\/span><\/div>\n<div class=\"brz-text-btn\">\n<div class=\"brz-rich-text brz-rich-text__custom brz-css-qty4so\" data-brz-custom-id=\"phcjvdwyvynebyvufzgutxjanqratjjmzjso\">\n<div data-brz-translate-text=\"1\">\n<p class=\"brz-lh-sm-1_4 brz-lh-lg-1_3 brz-fw-xs-400 brz-fw-sm-400 brz-fw-lg-400 brz-ft-google brz-ff-arimo brz-ls-xs-0 brz-ls-sm-0 brz-ls-lg-0 brz-fs-xs-17 brz-fs-sm-17 brz-fs-lg-18 brz-lh-xs-1_4 brz-css-g1YHo\" data-generated-css=\"brz-css-ugwya\" data-uniq-id=\"qbcri\"><span>Dejar&nbsp;de fumar. Fumar disminuye el flujo de sangre en la piel y puede retrasar el proceso de curaci\u00f3n. Si fuma, el Dr. Mak le recomendar\u00e1&nbsp;que deje de fumar antes de la cirug\u00eda y durante&nbsp;el periodo de&nbsp;la recuperaci\u00f3n<\/span><\/p>\n<\/div>\n<\/div>\n<\/div>\n<\/div>\n<\/div>\n<div id=\"\" class=\"brz-css-1b7rwe7 brz-css-kzw2w2 brz-wrapper\">\n<div class=\"brz-spacer brz-css-1g0n9g4 brz-css-1dlnuj1\"><\/div>\n<\/div>\n<div id=\"\" class=\"brz-css-1b7rwe7 brz-css-15rt1yp brz-wrapper\">\n<div class=\"brz-icon-text brz-css-hfi1wp\" data-brz-custom-id=\"muzlwezbhtpvanwnnoukzakuvlcwsefunjbx\">\n<div class=\"brz-icon__container\" data-brz-custom-id=\"wjhtasbtrniggvinfiluwlytqvprflnkubww\"><span class=\"brz-icon brz-span brz-css-1wdrzhy brz-css-5es5qd\"><\/span><\/div>\n<div class=\"brz-text-btn\">\n<div class=\"brz-rich-text brz-rich-text__custom brz-css-qty4so\" data-brz-custom-id=\"selyoavfkaqxnummvkaibijdymabhovbvelo\">\n<div data-brz-translate-text=\"1\">\n<p class=\"brz-lh-xs-1_4 brz-fs-lg-18 brz-fs-sm-17 brz-fs-xs-17 brz-ls-lg-0 brz-ls-sm-0 brz-ls-xs-0 brz-ff-arimo brz-ft-google brz-fw-lg-400 brz-fw-sm-400 brz-fw-xs-400 brz-lh-lg-1_3 brz-lh-sm-1_4 brz-css-sCD8O\" data-uniq-id=\"dmhqg\" data-generated-css=\"brz-css-uujdx\"><span>Evite ciertos medicamentos. Es probable que deba evitar tomar aspirina, medicamentos antiinflamatorios, anticoagualantes y suplementos&nbsp;herbales, que pueden aumentar el sangrado.<\/span><\/p>\n<\/div>\n<\/div>\n<\/div>\n<\/div>\n<\/div>\n<div id=\"\" class=\"brz-css-1b7rwe7 brz-css-kzw2w2 brz-wrapper\">\n<div class=\"brz-spacer brz-css-1g0n9g4 brz-css-q1gq76\"><\/div>\n<\/div>\n<\/div>\n<\/div>\n<div class=\"brz-columns brz-css-k905dt brz-css-1tl2nak\" data-brz-custom-id=\"rptppyrorefbjojldyqqgzekftufwwlhanqe\">\n<div class=\"brz-bg\"><\/div>\n<div class=\"brz-column__items brz-css-cdr6t5 brz-css-15y6udy\">\n<div id=\"\" class=\"brz-css-1b7rwe7 brz-css-1g80s5v brz-wrapper\">\n<div class=\"brz-image brz-css-764lo8 brz-css-1b166uf\" data-brz-custom-id=\"vtdfxtxizsspvacidwidfeyogyxeyomisohv\"><img decoding=\"async\" class=\"brz-img\" src=\"https:\/\/drmakclinic.com\/es?brizy_media=wp-86f6bb95846c723854716f37d84f1116.png&amp;brizy_crop=original\" alt=\"\" loading=\"lazy\"><\/div>\n<\/div>\n<\/div>\n<\/div>\n<\/div>\n<\/div>\n<\/div>\n<\/div>\n<\/section>\n<section id=\"_qboiebvwbwofssllcrkmegwniacdjdhzumts\" class=\"brz-section brz-css-gzsl8j\">\n<div class=\"brz-section__content brz-section--boxed brz-css-wg6oi9 brz-css-m2v480\" data-brz-custom-id=\"cbhbmvqkphjzwbnwhxflfdyjktbzcjnedgog\">\n<div class=\"brz-bg\">\n<div class=\"brz-bg-color\"><\/div>\n<\/div>\n<div class=\"brz-container brz-css-19hpekr\">\n<div id=\"\" class=\"brz-css-1b7rwe7 brz-wrapper\">\n<div class=\"brz-line brz-line-default brz-css-5571s3 brz-css-iqgm5l\" data-brz-custom-id=\"dvdowxcurgxajalzzjooryzgoremrhvoctqn\">\n<hr class=\"brz-hr\"><\/div>\n<\/div>\n<\/div>\n<\/div>\n<\/section>\n<section id=\"_yokupifbfwemnazzanyplaujasqfxjztexfy\" class=\"brz-section brz-css-gzsl8j\">\n<div class=\"brz-section__content brz-section--boxed brz-css-wg6oi9 brz-css-1byk082\" data-brz-custom-id=\"sorvypwaassrurcngcvmjlgwbacyzzjlgici\">\n<div class=\"brz-bg\">\n<div class=\"brz-bg-color\"><\/div>\n<\/div>\n<div class=\"brz-container brz-css-19hpekr\">\n<div id=\"\" class=\"brz-css-1b7rwe7 brz-css-kzw2w2 brz-wrapper\">\n<div class=\"brz-spacer brz-css-1g0n9g4 brz-css-as0cxe\"><\/div>\n<\/div>\n<div class=\"brz-row__container brz-css-t1s58z\" data-brz-custom-id=\"ezzvzkdqpupbifqtvmgyhziheanhgxypyakp\">\n<div class=\"brz-bg\"><\/div>\n<div class=\"brz-row brz-css-z8nb4a brz-css-1dsbtxy\">\n<div class=\"brz-columns brz-css-k905dt brz-css-7nh1jf\" data-brz-custom-id=\"lomtykrkuvguqrlejucgjlxjifirnuvuarma\">\n<div class=\"brz-bg\"><\/div>\n<div class=\"brz-column__items brz-css-cdr6t5 brz-css-18s4djo\">\n<div id=\"\" class=\"brz-css-1b7rwe7 brz-css-1yzualn brz-wrapper\">\n<div class=\"brz-image brz-css-16cw33d brz-css-17povu\" data-brz-custom-id=\"aqszaqvbrjfwtqknzojkawluiyzdxuunsbnj\"><img decoding=\"async\" class=\"brz-img\" src=\"https:\/\/drmakclinic.com\/es?brizy_media=wp-9b7486b9d786a0648588605ea135d33b.jpg&amp;brizy_crop=iW%3D316%26iH%3D211%26oX%3D90%26oY%3D23%26cW%3D105%26cH%3D106\" alt=\"\" loading=\"lazy\"><\/div>\n<\/div>\n<\/div>\n<\/div>\n<div class=\"brz-columns brz-css-k905dt brz-css-19cvwol\" data-brz-custom-id=\"bgxkffesusvsztgofourdrjarlhakwsyslnb\">\n<div class=\"brz-bg\"><\/div>\n<div class=\"brz-column__items brz-css-cdr6t5 brz-css-1mk6sro\">\n<div id=\"\" class=\"brz-css-1b7rwe7 brz-wrapper\">\n<div class=\"brz-rich-text brz-rich-text__custom brz-css-qty4so\" data-brz-custom-id=\"gofqqpqulwamgiprpisfysbqrqilophadgso\">\n<div data-brz-translate-text=\"1\">\n<p data-uniq-id=\"egydo\" data-generated-css=\"brz-css-trizt\" class=\"brz-tp-lg-empty brz-ff-ckyztbazucvfgxnrkwthfbuhnumrbfrmhags brz-ft-upload brz-fs-lg-24 brz-fss-lg-px brz-fw-lg-400 brz-ls-lg-0 brz-lh-lg-1_5 brz-css-qHUDS\">As you begin your journey toward considering plastic surgery and other cosmetic enhancements , my goal as your plastic surgeon is to provide you the highest quality of care throughout the entire process.<\/p>\n<\/div>\n<\/div>\n<\/div>\n<div id=\"\" class=\"brz-css-1b7rwe7 brz-css-kzw2w2 brz-css-1v2q1s2 brz-wrapper\">\n<div class=\"brz-spacer brz-css-1g0n9g4 brz-css-on2enk\"><\/div>\n<\/div>\n<div id=\"\" class=\"brz-css-1b7rwe7 brz-css-lyk38l brz-wrapper\">\n<div class=\"brz-rich-text brz-rich-text__custom brz-css-qty4so\" data-brz-custom-id=\"foxaqxevcesynabvwzvsncjwkmycofdxuruf\">\n<div data-brz-translate-text=\"1\">\n<p class=\"brz-text-xs-center brz-tp-lg-heading4 brz-css-w9Kgf\" data-uniq-id=\"mrayu\" data-generated-css=\"brz-css-yakzy\"><strong class=\"brz-cp-color2\">Dr. Mehmet Arif Karag\u00f6z<\/strong><\/p>\n<\/div>\n<\/div>\n<\/div>\n<div id=\"\" class=\"brz-css-1b7rwe7 brz-css-10w182r brz-wrapper\">\n<div class=\"brz-rich-text brz-rich-text__custom brz-css-qty4so\" data-brz-custom-id=\"djuimyliyvctvottlqdzljdlempthtfthvnw\">\n<div data-brz-translate-text=\"1\">\n<p class=\"brz-text-xs-center brz-tp-lg-paragraph brz-css-e079P\" data-uniq-id=\"xuihj\" data-generated-css=\"brz-css-uaiir\"><span class=\"brz-cp-color7\">DRMAK Plastic Surgeon<\/span><\/p>\n<\/div>\n<\/div>\n<\/div>\n<\/div>\n<\/div>\n<\/div>\n<\/div>\n<div id=\"\" class=\"brz-css-1b7rwe7 brz-css-kzw2w2 brz-css-ii4l1s brz-wrapper\">\n<div class=\"brz-spacer brz-css-1g0n9g4 brz-css-1wvw704\"><\/div>\n<\/div>\n<div id=\"\" class=\"brz-css-1b7rwe7 brz-wrapper\">\n<div class=\"brz-line brz-line-default brz-css-5571s3 brz-css-1unlgrp\" data-brz-custom-id=\"brocblihiziwnxdszymnyqapnbbhvoyretss\">\n<hr class=\"brz-hr\"><\/div>\n<\/div>\n<\/div>\n<\/div>\n<\/section>\n<\/div>\n<p>    <!-- version:1738271446 --><\/p>\n","protected":false},"excerpt":{"rendered":"<p>Rellenos RELLENOS Dr Mak utiliza rellenos d\u00e9rmicos de&nbsp;\u00e1cido hialur\u00f3nico para suavizar, levantar, esculpir y rejuvenecer&nbsp;de manera eficaz su cara.&nbsp; Los&nbsp;rellenos d\u00e9rmicos son una soluci\u00f3n conveniente y no quir\u00fargica si&nbsp;su objetivo es&nbsp;refrescar y mejorar su apariencia. Los rellenos d\u00e9rmicos de&nbsp;\u00e1cido hialur\u00f3nico son particularmente efectivos si desea: Definir, esculpir&nbsp;y&nbsp;tonificar&nbsp;el rostro con rellenos de mejillas Mejorar&nbsp;la forma y&nbsp;dar [&hellip;]<\/p>\n","protected":false},"author":1,"featured_media":0,"parent":1129,"menu_order":0,"comment_status":"closed","ping_status":"closed","template":"","meta":{"footnotes":""},"class_list":["post-1187","page","type-page","status-publish","hentry"],"blocksy_meta":{"styles_descriptor":{"styles":{"desktop":"","tablet":"","mobile":""},"google_fonts":[],"version":6}},"_links":{"self":[{"href":"https:\/\/drmakclinic.com\/es\/wp-json\/wp\/v2\/pages\/1187","targetHints":{"allow":["GET"]}}],"collection":[{"href":"https:\/\/drmakclinic.com\/es\/wp-json\/wp\/v2\/pages"}],"about":[{"href":"https:\/\/drmakclinic.com\/es\/wp-json\/wp\/v2\/types\/page"}],"author":[{"embeddable":true,"href":"https:\/\/drmakclinic.com\/es\/wp-json\/wp\/v2\/users\/1"}],"replies":[{"embeddable":true,"href":"https:\/\/drmakclinic.com\/es\/wp-json\/wp\/v2\/comments?post=1187"}],"version-history":[{"count":0,"href":"https:\/\/drmakclinic.com\/es\/wp-json\/wp\/v2\/pages\/1187\/revisions"}],"up":[{"embeddable":true,"href":"https:\/\/drmakclinic.com\/es\/wp-json\/wp\/v2\/pages\/1129"}],"wp:attachment":[{"href":"https:\/\/drmakclinic.com\/es\/wp-json\/wp\/v2\/media?parent=1187"}],"curies":[{"name":"wp","href":"https:\/\/api.w.org\/{rel}","templated":true}]}}