{"id":1193,"date":"2022-08-28T20:48:26","date_gmt":"2022-08-28T17:48:26","guid":{"rendered":"https:\/\/drmakclinic.com\/?page_id=1193"},"modified":"2025-01-31T00:10:51","modified_gmt":"2025-01-30T21:10:51","slug":"forehead-lift","status":"publish","type":"page","link":"https:\/\/drmakclinic.com\/es\/procedures\/aesthetic-plastic-surgery\/forehead-lift\/","title":{"rendered":"Forehead Lift"},"content":{"rendered":"<div class=\"brz-root__container brz-reset-all brz brz-root__container-page\">\n<section id=\"_fvwfdvarbkflnucvotzxxghrkhlllbwnwvnl\" class=\"brz-section brz-css-syztdx\">\n<div class=\"brz-section__content brz-section--boxed brz-css-14hkrp1 brz-css-1ndynd6\" data-brz-custom-id=\"giktukhszwtdkjhxracxptsbowojtfjxelxd\">\n<div class=\"brz-bg\">\n<div class=\"brz-bg-color\"><\/div>\n<\/div>\n<div class=\"brz-container brz-css-w7ogvp\">\n<div class=\"brz-row__container brz-css-uy5g3q\" data-brz-custom-id=\"ekijybkuqlwjxgfcjkzupwqebqnkwqysfzbs\">\n<div class=\"brz-bg\"><\/div>\n<div class=\"brz-row brz-css-433u4q brz-css-1stet7c\">\n<div class=\"brz-columns brz-css-1dwv47o brz-css-wsfvul\" data-brz-custom-id=\"ociguhhblzoeyysseactnicrkggqddrdvwkm\">\n<div class=\"brz-bg\"><\/div>\n<div class=\"brz-column__items brz-css-k93agq\">\n<div id=\"\" class=\"brz-css-k0zpbq brz-wrapper\">\n<div class=\"brz-icon-text brz-css-11ihdjb brz-css-pll3wv\" data-brz-custom-id=\"xerjxeywrlccvzualbedzzuqseawttolobff\">\n<div class=\"brz-icon__container\" data-brz-custom-id=\"htkcmfvaxpgbrhhkqhqyyqelyucbdjtqgdub\"><span class=\"brz-icon brz-span brz-css-ro0b9j brz-css-1yiqz4f\"><\/span><\/div>\n<div class=\"brz-text-btn\">\n<div class=\"brz-rich-text brz-rich-text__custom brz-css-i3rnrn\" data-brz-custom-id=\"rucaoccsfcajsokyizokshhyjglyalieyora\">\n<div data-brz-translate-text=\"1\">\n<p class=\"brz-lh-lg-1 brz-ls-lg-0 brz-fw-lg-400 brz-fss-lg-px brz-fs-lg-66 brz-ft-upload brz-ff-izzivsxniqvyexslaslvwzgtgnghvrxuxiru brz-tp-lg-empty brz-css-tEr5J\" data-generated-css=\"brz-css-zscaq\" data-uniq-id=\"dxdru\"><span>LIFTING DE FRENTE<\/span><\/p>\n<\/div>\n<\/div>\n<\/div>\n<\/div>\n<\/div>\n<\/div>\n<\/div>\n<\/div>\n<\/div>\n<\/div>\n<\/div>\n<\/section>\n<section id=\"_ttljjwjrekvjcaugzikyzclcmedserzlqgqx\" class=\"brz-section brz-css-syztdx\">\n<div class=\"brz-section__content brz-section--boxed brz-css-14hkrp1 brz-css-1pl7x4x\" data-brz-custom-id=\"nikkprfhhtdshqcielejlioknvpbjpkoemxs\">\n<div class=\"brz-bg\">\n<div class=\"brz-bg-color\"><\/div>\n<\/div>\n<div class=\"brz-container brz-css-w7ogvp\">\n<div id=\"\" class=\"brz-css-k0zpbq brz-wrapper\">\n<div class=\"brz-line brz-line-default brz-css-18ouoq5 brz-css-eu8hw9\" data-brz-custom-id=\"kzzlekhrrqrzeuthqsawhesxxeaochhqyhzx\">\n<hr class=\"brz-hr\"><\/div>\n<\/div>\n<div class=\"brz-row__container brz-css-uy5g3q\" data-brz-custom-id=\"fbkkznvcftcnhybuwveenndjlmnrtcemwqqa\">\n<div class=\"brz-bg\"><\/div>\n<div class=\"brz-row brz-css-433u4q brz-css-10al6m2\">\n<div class=\"brz-columns brz-css-1dwv47o brz-css-gayi2n\" data-brz-custom-id=\"zyofwfsgafwdkqmyuzbsnygfchtmvdqdulyc\">\n<div class=\"brz-bg\"><\/div>\n<div class=\"brz-column__items brz-css-k93agq brz-css-oxv353\">\n<div id=\"\" class=\"brz-css-k0zpbq brz-css-14t1bby brz-wrapper\">\n<div class=\"brz-rich-text brz-rich-text__custom brz-css-i3rnrn\" data-brz-custom-id=\"hlkbrxlbcfjfzpzezzmoenthlghsjirnnxuu\">\n<div data-brz-translate-text=\"1\">\n<p class=\"brz-tp-lg-empty brz-ff-manrope brz-ft-google brz-fs-lg-13 brz-fss-lg-px brz-fw-lg-700 brz-ls-lg-1_1 brz-lh-lg-1_5 brz-css-u_GJZ\" data-uniq-id=\"nxidm\" data-generated-css=\"brz-css-mjdrq\"><span class=\"brz-capitalize-on\">LIFTING DE FRENTE<\/span><\/p>\n<\/div>\n<\/div>\n<\/div>\n<div id=\"\" class=\"brz-css-k0zpbq brz-css-w2n8my brz-wrapper\">\n<div class=\"brz-spacer brz-css-14eqkoi brz-css-1102js7\"><\/div>\n<\/div>\n<div id=\"\" class=\"brz-css-k0zpbq brz-css-xibitu brz-wrapper\">\n<div class=\"brz-icon-text brz-css-11ihdjb\" data-brz-custom-id=\"flonipcnleaweubvfsonwwdfxhzviovxtyll\">\n<div class=\"brz-icon__container\" data-brz-custom-id=\"irgubqwfmabkmxobensiuezandgnftzskrvk\"><span class=\"brz-icon brz-span brz-css-ro0b9j brz-css-1d49a98\"><\/span><\/div>\n<div class=\"brz-text-btn\">\n<div class=\"brz-rich-text brz-rich-text__custom brz-css-i3rnrn\" data-brz-custom-id=\"vhjlpdzbmpasqfuahwkwxgnyiwjhpdosmllm\">\n<div data-brz-translate-text=\"1\">\n<p class=\"brz-lh-xs-1_4 brz-lh-sm-1_4 brz-fs-lg-18 brz-fs-sm-17 brz-fs-xs-17 brz-ls-lg-0 brz-ls-sm-0 brz-ls-xs-0 brz-ff-arimo brz-ft-google brz-fw-lg-400 brz-fw-sm-400 brz-fw-xs-400 brz-lh-lg-1_3 brz-css-p74CL\" data-uniq-id=\"mlxql\" data-generated-css=\"brz-css-yqdsz\"><span>Anestesia &#8211; General<\/span><\/p>\n<\/div>\n<\/div>\n<\/div>\n<\/div>\n<\/div>\n<div id=\"\" class=\"brz-css-k0zpbq brz-css-w2n8my brz-wrapper\">\n<div class=\"brz-spacer brz-css-14eqkoi brz-css-zzlgpb\"><\/div>\n<\/div>\n<div id=\"\" class=\"brz-css-k0zpbq brz-css-uimk29 brz-wrapper\">\n<div class=\"brz-icon-text brz-css-11ihdjb\" data-brz-custom-id=\"wqdkimkdfqqexdaygwmsimnmsplgcnliuyoq\">\n<div class=\"brz-icon__container\" data-brz-custom-id=\"umwxqimznepssamqjrwdctpcnmwlcucravdd\"><span class=\"brz-icon brz-span brz-css-ro0b9j brz-css-6c540e\"><\/span><\/div>\n<div class=\"brz-text-btn\">\n<div class=\"brz-rich-text brz-rich-text__custom brz-css-i3rnrn\" data-brz-custom-id=\"rysmpapiahzrgvptnmylxkoswrmgdmnnairs\">\n<div data-brz-translate-text=\"1\">\n<p class=\"brz-lh-sm-1_4 brz-lh-lg-1_3 brz-fw-xs-400 brz-fw-sm-400 brz-fw-lg-400 brz-ft-google brz-ff-arimo brz-ls-xs-0 brz-ls-sm-0 brz-ls-lg-0 brz-fs-xs-17 brz-fs-sm-17 brz-fs-lg-18 brz-lh-xs-1_4 brz-css-dboVP\" data-uniq-id=\"tpiav\" data-generated-css=\"brz-css-ejjvp\"><span>Duraci\u00f3n de la estancia &#8211; 5 noches<\/span><\/p>\n<\/div>\n<\/div>\n<\/div>\n<\/div>\n<\/div>\n<div id=\"\" class=\"brz-css-k0zpbq brz-css-w2n8my brz-wrapper\">\n<div class=\"brz-spacer brz-css-14eqkoi brz-css-1v26e82\"><\/div>\n<\/div>\n<div id=\"\" class=\"brz-css-k0zpbq brz-css-ub0l1r brz-wrapper\">\n<div class=\"brz-icon-text brz-css-11ihdjb\" data-brz-custom-id=\"xtoxmxtjaxrsvdozuenxptzbzkcgwasrzqbl\">\n<div class=\"brz-icon__container\" data-brz-custom-id=\"adzxvfierduktuglnxsmfwpvwkaojfolavvp\"><span class=\"brz-icon brz-span brz-css-ro0b9j brz-css-su9ur5\"><\/span><\/div>\n<div class=\"brz-text-btn\">\n<div class=\"brz-rich-text brz-rich-text__custom brz-css-i3rnrn\" data-brz-custom-id=\"pgclgnsbctoegcauaozziexkeirmswzjsjnt\">\n<div data-brz-translate-text=\"1\">\n<p class=\"brz-lh-sm-1_4 brz-lh-lg-1_3 brz-fw-xs-400 brz-fw-sm-400 brz-fw-lg-400 brz-ft-google brz-ff-arimo brz-ls-xs-0 brz-ls-sm-0 brz-ls-lg-0 brz-fs-xs-17 brz-fs-sm-17 brz-fs-lg-18 brz-lh-xs-1_4 brz-css-lry0g\" data-uniq-id=\"wvmlh\" data-generated-css=\"brz-css-dmxxh\"><span>Duraci\u00f3n de la cirug\u00eda &#8211; 1 hora<\/span><\/p>\n<\/div>\n<\/div>\n<\/div>\n<\/div>\n<\/div>\n<div id=\"\" class=\"brz-css-k0zpbq brz-css-w2n8my brz-wrapper\">\n<div class=\"brz-spacer brz-css-14eqkoi brz-css-1na280o\"><\/div>\n<\/div>\n<div id=\"\" class=\"brz-css-k0zpbq brz-css-3e2v29 brz-wrapper\">\n<div class=\"brz-icon-text brz-css-11ihdjb\" data-brz-custom-id=\"demehnngrxlyobemjoyirzgayvfcmqigzetz\">\n<div class=\"brz-icon__container\" data-brz-custom-id=\"avjbilsvxewhwvydpbptpqdxwkvtuthlllnn\"><span class=\"brz-icon brz-span brz-css-ro0b9j brz-css-4mp59c\"><\/span><\/div>\n<div class=\"brz-text-btn\">\n<div class=\"brz-rich-text brz-rich-text__custom brz-css-i3rnrn\" data-brz-custom-id=\"kthhopkabgfnyowcvmxcjdvhqbfccaxkervd\">\n<div data-brz-translate-text=\"1\">\n<p class=\"brz-lh-sm-1_4 brz-lh-lg-1_3 brz-fw-xs-400 brz-fw-sm-400 brz-fw-lg-400 brz-ft-google brz-ff-arimo brz-ls-xs-0 brz-ls-sm-0 brz-ls-lg-0 brz-fs-xs-17 brz-fs-sm-17 brz-fs-lg-18 brz-lh-xs-1_4 brz-css-gQEH6\" data-generated-css=\"brz-css-yysjl\" data-uniq-id=\"whaan\"><span>Vuelta a la vida normal &#8211; 1 semana<\/span><\/p>\n<\/div>\n<\/div>\n<\/div>\n<\/div>\n<\/div>\n<div id=\"\" class=\"brz-css-k0zpbq brz-css-w2n8my brz-wrapper\">\n<div class=\"brz-spacer brz-css-14eqkoi brz-css-1e81h8l\"><\/div>\n<\/div>\n<\/div>\n<\/div>\n<div class=\"brz-columns brz-css-1dwv47o brz-css-7h7eig\" data-brz-custom-id=\"jncrnkiprrbrflbooonlagobnnpqswoutbbf\">\n<div class=\"brz-bg\"><\/div>\n<div class=\"brz-column__items brz-css-k93agq brz-css-1cs1on3\">\n<div id=\"\" class=\"brz-css-k0zpbq brz-css-k4lihd brz-wrapper\">\n<div class=\"brz-image brz-css-hkt52c brz-css-fj99dm\" data-brz-custom-id=\"dkwkjgbteehiyqxlndrvpyzbreycqbiuzpzy\"><img decoding=\"async\" class=\"brz-img\" src=\"https:\/\/drmakclinic.com\/es?brizy_media=wp-7a8b7f6112c2328730e520510e30b4df.png&amp;brizy_crop=original\" alt=\"\" loading=\"lazy\"><\/div>\n<\/div>\n<\/div>\n<\/div>\n<\/div>\n<\/div>\n<\/div>\n<\/div>\n<\/section>\n<section id=\"_lblqzfcbsknidlgdxywsrkpwpntnhzzilrna\" class=\"brz-section brz-css-syztdx\">\n<div class=\"brz-section__content brz-section--boxed brz-css-14hkrp1 brz-css-1am637n\" data-brz-custom-id=\"ddblkxrnmmnxmsgjojmnoldjlrejkmvvlfrv\">\n<div class=\"brz-bg\">\n<div class=\"brz-bg-color\"><\/div>\n<\/div>\n<div class=\"brz-container brz-css-w7ogvp\">\n<div id=\"\" class=\"brz-css-k0zpbq brz-wrapper\">\n<div class=\"brz-line brz-line-default brz-css-18ouoq5 brz-css-pd3dwq\" data-brz-custom-id=\"tjvjppbvfiyapmkdvmsfblofofbacfjtwmyr\">\n<hr class=\"brz-hr\"><\/div>\n<\/div>\n<\/div>\n<\/div>\n<\/section>\n<section id=\"_awenkdhoyxjmotuiciqdvwaqklmqwunfarix\" class=\"brz-section brz-css-syztdx\">\n<div class=\"brz-section__content brz-section--boxed brz-css-14hkrp1 brz-css-1d7v0t8\" data-brz-custom-id=\"geoeocofxfafcskggilzptbmytdhvmmztizq\">\n<div class=\"brz-bg\">\n<div class=\"brz-bg-color\"><\/div>\n<\/div>\n<div class=\"brz-container brz-css-w7ogvp\">\n<div id=\"\" class=\"brz-css-k0zpbq brz-css-w2n8my brz-wrapper\">\n<div class=\"brz-spacer brz-css-14eqkoi brz-css-1pul66p\"><\/div>\n<\/div>\n<div class=\"brz-row__container brz-css-uy5g3q\" data-brz-custom-id=\"gwlovylgurqsmrcbliuchphrrmfpngtacagx\">\n<div class=\"brz-bg\"><\/div>\n<div class=\"brz-row brz-css-433u4q brz-css-10al6m2\">\n<div class=\"brz-columns brz-css-1dwv47o brz-css-17xzrc7\" data-brz-custom-id=\"tdxkhkicbuobubkagqbfguahbcaxmqqrxuhu\">\n<div class=\"brz-bg\"><\/div>\n<div class=\"brz-column__items brz-css-k93agq brz-css-zg67m1\">\n<div id=\"\" class=\"brz-css-k0zpbq brz-css-19bd6uc brz-wrapper\">\n<div class=\"brz-image brz-css-1qjiuid brz-css-on7r8m\" data-brz-custom-id=\"wfrfyqcekygvqrmkzbzcguldqejvtmvhmcor\"><img decoding=\"async\" class=\"brz-img\" src=\"https:\/\/drmakclinic.com\/es?brizy_media=wp-9b7486b9d786a0648588605ea135d33b.jpg&amp;brizy_crop=iW%3D316%26iH%3D211%26oX%3D90%26oY%3D23%26cW%3D105%26cH%3D106\" alt=\"\" loading=\"lazy\"><\/div>\n<\/div>\n<\/div>\n<\/div>\n<div class=\"brz-columns brz-css-1dwv47o brz-css-ggk5hn\" data-brz-custom-id=\"pnwqnmrwffnapnqybytuwqlambmtjlcgarpj\">\n<div class=\"brz-bg\"><\/div>\n<div class=\"brz-column__items brz-css-k93agq brz-css-ttooox\">\n<div id=\"\" class=\"brz-css-k0zpbq brz-wrapper\">\n<div class=\"brz-rich-text brz-rich-text__custom brz-css-i3rnrn\" data-brz-custom-id=\"ifhvcsmojeeeadqccphsrwtdxlsvakyxzqfw\">\n<div data-brz-translate-text=\"1\">\n<p data-uniq-id=\"egydo\" data-generated-css=\"brz-css-trizt\" class=\"brz-tp-lg-empty brz-ff-ckyztbazucvfgxnrkwthfbuhnumrbfrmhags brz-ft-upload brz-fs-lg-24 brz-fss-lg-px brz-fw-lg-400 brz-ls-lg-0 brz-lh-lg-1_5 brz-css-sysJx\">As you begin your journey toward considering plastic surgery and other cosmetic enhancements , my goal as your plastic surgeon is to provide you the highest quality of care throughout the entire process.<\/p>\n<\/div>\n<\/div>\n<\/div>\n<div id=\"\" class=\"brz-css-k0zpbq brz-css-w2n8my brz-css-g5iwlb brz-wrapper\">\n<div class=\"brz-spacer brz-css-14eqkoi brz-css-176obkz\"><\/div>\n<\/div>\n<div id=\"\" class=\"brz-css-k0zpbq brz-css-1o4j3qw brz-wrapper\">\n<div class=\"brz-rich-text brz-rich-text__custom brz-css-i3rnrn\" data-brz-custom-id=\"vgzsizuwvluxcwrzgcskqfmuirjikaycnikj\">\n<div data-brz-translate-text=\"1\">\n<p class=\"brz-text-xs-center brz-tp-lg-heading4 brz-css-jkpzC\" data-uniq-id=\"mrayu\" data-generated-css=\"brz-css-yakzy\"><strong class=\"brz-cp-color2\">Dr. Mehmet Arif Karag\u00f6z<\/strong><\/p>\n<\/div>\n<\/div>\n<\/div>\n<div id=\"\" class=\"brz-css-k0zpbq brz-css-1h6gk28 brz-wrapper\">\n<div class=\"brz-rich-text brz-rich-text__custom brz-css-i3rnrn\" data-brz-custom-id=\"lwjhzqrepmdtbaqcqglbchrqdtvbzqgngnhk\">\n<div data-brz-translate-text=\"1\">\n<p class=\"brz-text-xs-center brz-tp-lg-paragraph brz-css-yLHFg\" data-uniq-id=\"xuihj\" data-generated-css=\"brz-css-uaiir\"><span class=\"brz-cp-color7\">DRMAK Plastic Surgeon<\/span><\/p>\n<\/div>\n<\/div>\n<\/div>\n<\/div>\n<\/div>\n<\/div>\n<\/div>\n<div id=\"\" class=\"brz-css-k0zpbq brz-css-w2n8my brz-css-mowabq brz-wrapper\">\n<div class=\"brz-spacer brz-css-14eqkoi brz-css-f595qx\"><\/div>\n<\/div>\n<div id=\"\" class=\"brz-css-k0zpbq brz-wrapper\">\n<div class=\"brz-line brz-line-default brz-css-18ouoq5 brz-css-1537gjk\" data-brz-custom-id=\"qtvcofnqxqteawwgujlcogtzmcnswfmwawyw\">\n<hr class=\"brz-hr\"><\/div>\n<\/div>\n<\/div>\n<\/div>\n<\/section>\n<\/div>\n<p>    <!-- version:1738271451 --><\/p>\n","protected":false},"excerpt":{"rendered":"<p>LIFTING DE FRENTE LIFTING DE FRENTE Anestesia &#8211; General Duraci\u00f3n de la estancia &#8211; 5 noches Duraci\u00f3n de la cirug\u00eda &#8211; 1 hora Vuelta a la vida normal &#8211; 1 semana As you begin your journey toward considering plastic surgery and other cosmetic enhancements , my goal as your plastic surgeon is to provide you [&hellip;]<\/p>\n","protected":false},"author":1,"featured_media":0,"parent":1129,"menu_order":0,"comment_status":"closed","ping_status":"closed","template":"","meta":{"footnotes":""},"class_list":["post-1193","page","type-page","status-publish","hentry"],"blocksy_meta":{"styles_descriptor":{"styles":{"desktop":"","tablet":"","mobile":""},"google_fonts":[],"version":6}},"_links":{"self":[{"href":"https:\/\/drmakclinic.com\/es\/wp-json\/wp\/v2\/pages\/1193","targetHints":{"allow":["GET"]}}],"collection":[{"href":"https:\/\/drmakclinic.com\/es\/wp-json\/wp\/v2\/pages"}],"about":[{"href":"https:\/\/drmakclinic.com\/es\/wp-json\/wp\/v2\/types\/page"}],"author":[{"embeddable":true,"href":"https:\/\/drmakclinic.com\/es\/wp-json\/wp\/v2\/users\/1"}],"replies":[{"embeddable":true,"href":"https:\/\/drmakclinic.com\/es\/wp-json\/wp\/v2\/comments?post=1193"}],"version-history":[{"count":0,"href":"https:\/\/drmakclinic.com\/es\/wp-json\/wp\/v2\/pages\/1193\/revisions"}],"up":[{"embeddable":true,"href":"https:\/\/drmakclinic.com\/es\/wp-json\/wp\/v2\/pages\/1129"}],"wp:attachment":[{"href":"https:\/\/drmakclinic.com\/es\/wp-json\/wp\/v2\/media?parent=1193"}],"curies":[{"name":"wp","href":"https:\/\/api.w.org\/{rel}","templated":true}]}}