{"id":1199,"date":"2022-08-28T20:48:42","date_gmt":"2022-08-28T17:48:42","guid":{"rendered":"https:\/\/drmakclinic.com\/?page_id=1199"},"modified":"2025-01-29T22:00:13","modified_gmt":"2025-01-29T19:00:13","slug":"gynecomastia","status":"publish","type":"page","link":"https:\/\/drmakclinic.com\/es\/procedures\/aesthetic-plastic-surgery\/gynecomastia\/","title":{"rendered":"Gynecomastia"},"content":{"rendered":"<div class=\"brz-root__container brz-reset-all brz brz-root__container-page\">\n<section id=\"_ijdonxlabkuohdcnfctdkzdkobgukliaxsfb\" class=\"brz-section brz-css-e13w3x\">\n<div class=\"brz-section__content brz-section--boxed brz-css-zmrxk7 brz-css-3p91y0\" data-brz-custom-id=\"tkxhfikeryarfsrdjaqjhjgivdefsfdzwbod\">\n<div class=\"brz-bg\">\n<div class=\"brz-bg-color\"><\/div>\n<\/div>\n<div class=\"brz-container brz-css-1qxg47b\">\n<div class=\"brz-row__container brz-css-pdhodp\" data-brz-custom-id=\"dmhjchohdqnownbfkpkashjjzqepiqkhgaje\">\n<div class=\"brz-bg\"><\/div>\n<div class=\"brz-row brz-css-p87yop brz-css-1cgmd1d\">\n<div class=\"brz-columns brz-css-1hsnkem brz-css-1gxevjl\" data-brz-custom-id=\"gdphwmgjfegjwaabpkjbrrnzihenrxlqkfcn\">\n<div class=\"brz-bg\"><\/div>\n<div class=\"brz-column__items brz-css-15p253d\">\n<div id=\"\" class=\"brz-css-1yl4naw brz-wrapper\">\n<div class=\"brz-icon-text brz-css-12xfhgn brz-css-12gcong\" data-brz-custom-id=\"njpvwwxngrqvminjjnvrnnpqfveidluhwsom\">\n<div class=\"brz-icon__container\" data-brz-custom-id=\"xnbxdurobxmsydlyqcprtksakncphhthizyo\"><span class=\"brz-icon brz-span brz-css-1ho5zuw brz-css-19789v9\"><\/span><\/div>\n<div class=\"brz-text-btn\">\n<div class=\"brz-rich-text brz-rich-text__custom brz-css-dztyhj\" data-brz-custom-id=\"wbacnexljftcvflhwczehxdjstbpuvgrpgep\">\n<div data-brz-translate-text=\"1\">\n<p class=\"brz-tp-lg-empty brz-ff-izzivsxniqvyexslaslvwzgtgnghvrxuxiru brz-ft-upload brz-fs-lg-66 brz-fss-lg-px brz-fw-lg-400 brz-ls-lg-0 brz-lh-lg-1 ql-align-center brz-text-lg-justify brz-css-qtVG_\" data-uniq-id=\"xqznm\" data-generated-css=\"brz-css-nsdsn\"><span>Ginecomastia<\/span><\/p>\n<\/div>\n<\/div>\n<\/div>\n<\/div>\n<\/div>\n<\/div>\n<\/div>\n<\/div>\n<\/div>\n<\/div>\n<\/div>\n<\/section>\n<section id=\"_tbanbuqospqpdfyhemutqbpnyczbbihlwrwf\" class=\"brz-section brz-css-e13w3x\">\n<div class=\"brz-section__content brz-section--boxed brz-css-zmrxk7 brz-css-taudej\" data-brz-custom-id=\"ztttivbznruaudbkbzsahuceiqxmpytbjogk\">\n<div class=\"brz-bg\">\n<div class=\"brz-bg-color\"><\/div>\n<\/div>\n<div class=\"brz-container brz-css-1qxg47b\">\n<div id=\"\" class=\"brz-css-1yl4naw brz-wrapper\">\n<div class=\"brz-line brz-line-default brz-css-o7ed9q brz-css-z6rl88\" data-brz-custom-id=\"wnyqulyysdysfmdbpqhffzefmdvbgcgolwje\">\n<hr class=\"brz-hr\"><\/div>\n<\/div>\n<div class=\"brz-row__container brz-css-pdhodp\" data-brz-custom-id=\"obfyrcatninezddayzxeowanydelxptocyyy\">\n<div class=\"brz-bg\"><\/div>\n<div class=\"brz-row brz-css-p87yop brz-css-8168bu\">\n<div class=\"brz-columns brz-css-1hsnkem brz-css-1kh5pr2\" data-brz-custom-id=\"avpekgpqpnykewxhvxwvpzjqnljcsidawkth\">\n<div class=\"brz-bg\"><\/div>\n<div class=\"brz-column__items brz-css-15p253d brz-css-j4uze3\">\n<div id=\"\" class=\"brz-css-1yl4naw brz-css-mcdwfq brz-wrapper\">\n<div class=\"brz-rich-text brz-rich-text__custom brz-css-dztyhj\" data-brz-custom-id=\"zjbugczmedrlaeejstuvdlarudyqcdqrvvfs\">\n<div data-brz-translate-text=\"1\">\n<h4 class=\"brz-lh-lg-1_5 brz-tp-lg-empty brz-ff-manrope brz-ft-google brz-fs-lg-13 brz-fss-lg-px brz-fw-lg-700 brz-ls-lg-m_0_5 brz-css-krkq1\" data-generated-css=\"brz-css-kpamy\" data-uniq-id=\"dxyky\"><span class=\"brz-capitalize-on\">GINECOMASTIA<\/span><\/h4>\n<\/div>\n<\/div>\n<\/div>\n<div id=\"\" class=\"brz-css-1yl4naw brz-css-1gb30tq brz-wrapper\">\n<div class=\"brz-rich-text brz-rich-text__custom brz-css-dztyhj\" data-brz-custom-id=\"ryuxecegjhmsdpkabmfrfsoiowtwwsfhmikk\">\n<div data-brz-translate-text=\"1\">\n<p class=\"brz-lh-lg-1_3 brz-tp-lg-empty brz-ff-ckyztbazucvfgxnrkwthfbuhnumrbfrmhags brz-ft-upload brz-fs-lg-36 brz-fss-lg-px brz-fw-lg-400 brz-ls-lg-0 brz-css-xwU8T\" data-uniq-id=\"oreur\" data-generated-css=\"brz-css-spfof\"><span class=\"brz-cp-color1\">La cirug\u00eda para extirpar los tejidos mamarios generalmente implica la liposucci\u00f3n del exceso de grasa, la extirpaci\u00f3n quir\u00fargica del exceso de tejido mamario glandular a trav\u00e9s de una incisi\u00f3n en el margen del complejo areola-pez\u00f3n y\/o la escisi\u00f3n de la piel (en senos muy grandes)<\/span><\/p>\n<\/div>\n<\/div>\n<\/div>\n<div id=\"\" class=\"brz-css-1yl4naw brz-css-12v9a75 brz-wrapper\">\n<div class=\"brz-spacer brz-css-sax6if brz-css-1jpca7c\"><\/div>\n<\/div>\n<div id=\"\" class=\"brz-css-1yl4naw brz-css-18hcq8r brz-wrapper\">\n<div class=\"brz-icon-text brz-css-12xfhgn\" data-brz-custom-id=\"exippukdkldbdslvqjkdlsbibpxqvjuniaeq\">\n<div class=\"brz-icon__container\" data-brz-custom-id=\"pglqqcetwnjlgaamkkylvzcjqhkuvajhortk\"><span class=\"brz-icon brz-span brz-css-1ho5zuw brz-css-rf0kjt\"><\/span><\/div>\n<div class=\"brz-text-btn\">\n<div class=\"brz-rich-text brz-rich-text__custom brz-css-dztyhj\" data-brz-custom-id=\"ocdjttmcsknrpfewawkoflsuzpsosejutuct\">\n<div data-brz-translate-text=\"1\">\n<p class=\"brz-lh-xs-1_4 brz-lh-sm-1_4 brz-fs-lg-18 brz-fs-sm-17 brz-fs-xs-17 brz-ls-lg-0 brz-ls-sm-0 brz-ls-xs-0 brz-ff-arimo brz-ft-google brz-fw-lg-400 brz-fw-sm-400 brz-fw-xs-400 brz-lh-lg-1_3 brz-css-ieVIr\" data-uniq-id=\"yblvj\" data-generated-css=\"brz-css-ubpbl\"><span class=\"brz-cp-color2\">Anestesia &#8211; Genera<\/span><\/p>\n<\/div>\n<\/div>\n<\/div>\n<\/div>\n<\/div>\n<div id=\"\" class=\"brz-css-1yl4naw brz-css-12v9a75 brz-wrapper\">\n<div class=\"brz-spacer brz-css-sax6if brz-css-3hoohe\"><\/div>\n<\/div>\n<div id=\"\" class=\"brz-css-1yl4naw brz-css-1p4b8sl brz-wrapper\">\n<div class=\"brz-icon-text brz-css-12xfhgn\" data-brz-custom-id=\"wikrgszfoxuldhdkrqhtodrilmxyylpijspi\">\n<div class=\"brz-icon__container\" data-brz-custom-id=\"gnefuhmcpdeiacqmhpimicjaywzuaprpoilp\"><span class=\"brz-icon brz-span brz-css-1ho5zuw brz-css-zogdhf\"><\/span><\/div>\n<div class=\"brz-text-btn\">\n<div class=\"brz-rich-text brz-rich-text__custom brz-css-dztyhj\" data-brz-custom-id=\"vekubipmxadzvmfqwrfdvvibcbgsxpnxfwmi\">\n<div data-brz-translate-text=\"1\">\n<p class=\"brz-lh-sm-1_4 brz-lh-lg-1_3 brz-fw-xs-400 brz-fw-sm-400 brz-fw-lg-400 brz-ft-google brz-ff-arimo brz-ls-xs-0 brz-ls-sm-0 brz-ls-lg-0 brz-fs-xs-17 brz-fs-sm-17 brz-fs-lg-18 brz-lh-xs-1_4 brz-css-nAv_k\" data-uniq-id=\"jnyoz\" data-generated-css=\"brz-css-ahgme\"><span>Duraci\u00f3n de la estancia &#8211;&nbsp;4&nbsp;noches<\/span><\/p>\n<\/div>\n<\/div>\n<\/div>\n<\/div>\n<\/div>\n<div id=\"\" class=\"brz-css-1yl4naw brz-css-12v9a75 brz-wrapper\">\n<div class=\"brz-spacer brz-css-sax6if brz-css-13wsk4n\"><\/div>\n<\/div>\n<div id=\"\" class=\"brz-css-1yl4naw brz-css-uywt9j brz-wrapper\">\n<div class=\"brz-icon-text brz-css-12xfhgn\" data-brz-custom-id=\"nrcxulpafizcikqhdvijtagqufigmiqfgahf\">\n<div class=\"brz-icon__container\" data-brz-custom-id=\"fucnuphcpeucividnvvdyuejzdycwliqamxp\"><span class=\"brz-icon brz-span brz-css-1ho5zuw brz-css-e6usz1\"><\/span><\/div>\n<div class=\"brz-text-btn\">\n<div class=\"brz-rich-text brz-rich-text__custom brz-css-dztyhj\" data-brz-custom-id=\"dgnslurcdzwgotrnkmcfryjmrymuapzgcpfb\">\n<div data-brz-translate-text=\"1\">\n<p class=\"brz-lh-sm-1_4 brz-lh-lg-1_3 brz-fw-xs-400 brz-fw-sm-400 brz-fw-lg-400 brz-ft-google brz-ff-arimo brz-ls-xs-0 brz-ls-sm-0 brz-ls-lg-0 brz-fs-xs-17 brz-fs-sm-17 brz-fs-lg-18 brz-lh-xs-1_4 brz-css-sPnmt\" data-uniq-id=\"pxrsm\" data-generated-css=\"brz-css-qnhmd\"><span>Duraci\u00f3n de la cirug\u00eda &#8211;&nbsp;1 &#8211; 2&nbsp;horas<\/span><\/p>\n<\/div>\n<\/div>\n<\/div>\n<\/div>\n<\/div>\n<div id=\"\" class=\"brz-css-1yl4naw brz-css-12v9a75 brz-wrapper\">\n<div class=\"brz-spacer brz-css-sax6if brz-css-160vogk\"><\/div>\n<\/div>\n<div id=\"\" class=\"brz-css-1yl4naw brz-css-1g4hxsr brz-wrapper\">\n<div class=\"brz-icon-text brz-css-12xfhgn\" data-brz-custom-id=\"srejeozbfixizgtxuykjhhryvullsbkjmjec\">\n<div class=\"brz-icon__container\" data-brz-custom-id=\"anblixdwebjlccbgjwttmcgauajrsdqwauht\"><span class=\"brz-icon brz-span brz-css-1ho5zuw brz-css-1u7wf20\"><\/span><\/div>\n<div class=\"brz-text-btn\">\n<div class=\"brz-rich-text brz-rich-text__custom brz-css-dztyhj\" data-brz-custom-id=\"udrdwlqackxxyrjdvectcjrqptxbftqpvkvt\">\n<div data-brz-translate-text=\"1\">\n<p class=\"brz-lh-xs-1_4 brz-fs-lg-18 brz-fs-sm-17 brz-fs-xs-17 brz-ls-lg-0 brz-ls-sm-0 brz-ls-xs-0 brz-ff-arimo brz-ft-google brz-fw-lg-400 brz-fw-sm-400 brz-fw-xs-400 brz-lh-lg-1_3 brz-lh-sm-1_4 brz-css-wlvBt\" data-uniq-id=\"vmacd\" data-generated-css=\"brz-css-yymkm\"><span>Vuelta a la vida normal &#8211;&nbsp;1 semana<\/span><\/p>\n<\/div>\n<\/div>\n<\/div>\n<\/div>\n<\/div>\n<div id=\"\" class=\"brz-css-1yl4naw brz-css-12v9a75 brz-wrapper\">\n<div class=\"brz-spacer brz-css-sax6if brz-css-x3701j\"><\/div>\n<\/div>\n<\/div>\n<\/div>\n<div class=\"brz-columns brz-css-1hsnkem brz-css-11an7dw\" data-brz-custom-id=\"cizahhdbrwfymztffdvekvxnwnqiuqznsvzs\">\n<div class=\"brz-bg\"><\/div>\n<div class=\"brz-column__items brz-css-15p253d brz-css-z6s08h\">\n<div id=\"\" class=\"brz-css-1yl4naw brz-css-ohptwf brz-wrapper\">\n<div class=\"brz-image brz-css-1cqm6zh brz-css-wm1pmo\" data-brz-custom-id=\"dnstglstttygdpyharrutoidlyqfolkmktle\"><img decoding=\"async\" class=\"brz-img\" src=\"https:\/\/drmakclinic.com\/es?brizy_media=wp-60498e1fbfbc8e7d25d0a8d9d1ecd171.png&amp;brizy_crop=original\" alt=\"\" loading=\"lazy\"><\/div>\n<\/div>\n<\/div>\n<\/div>\n<\/div>\n<\/div>\n<\/div>\n<\/div>\n<\/section>\n<section id=\"_pzwlzzcfmfvjyccfzpifhgsbnmymxjjkaswc\" class=\"brz-section brz-css-e13w3x\">\n<div class=\"brz-section__content brz-section--boxed brz-css-zmrxk7 brz-css-wmqamo\" data-brz-custom-id=\"dufrguoxixiyfxvgwkzomhhldgdngwinmjpn\">\n<div class=\"brz-bg\">\n<div class=\"brz-bg-color\"><\/div>\n<\/div>\n<div class=\"brz-container brz-css-1qxg47b\">\n<div id=\"\" class=\"brz-css-1yl4naw brz-wrapper\">\n<div class=\"brz-line brz-line-default brz-css-o7ed9q brz-css-ul9tbn\" data-brz-custom-id=\"ggqyucozpgdwxosoeafojrjoubpnjakbwwyk\">\n<hr class=\"brz-hr\"><\/div>\n<\/div>\n<div class=\"brz-row__container brz-css-pdhodp\" data-brz-custom-id=\"dbsjezdmzoavztwfpetnchfajiiculqjlwvb\">\n<div class=\"brz-bg\"><\/div>\n<div class=\"brz-row brz-css-p87yop\">\n<div class=\"brz-columns brz-css-1hsnkem brz-css-1aqm44x\" data-brz-custom-id=\"nxwgqgqjbbbwnqfgcdiuvjtvainkgdenxorj\">\n<div class=\"brz-bg\"><\/div>\n<div class=\"brz-column__items brz-css-15p253d\"><\/div>\n<\/div>\n<div class=\"brz-columns brz-css-1hsnkem brz-css-n7aevg\" data-brz-custom-id=\"stwarqdnzdhpaihcjbujyugpsnxxygkpklha\">\n<div class=\"brz-bg\"><\/div>\n<div class=\"brz-column__items brz-css-15p253d\">\n<div id=\"\" class=\"brz-css-1yl4naw brz-wrapper\">\n<div class=\"brz-rich-text brz-rich-text__custom brz-css-dztyhj\" data-brz-custom-id=\"roicocrvvzqxmgecitlkpxvvdrucluaftnas\">\n<div data-brz-translate-text=\"1\">\n<p class=\"brz-fss-lg-px brz-fw-lg-400 brz-ls-lg-0 brz-lh-lg-1_9 brz-tp-lg-empty brz-ff-ckyztbazucvfgxnrkwthfbuhnumrbfrmhags brz-ft-upload brz-fs-lg-22 brz-css-roEOY\" data-uniq-id=\"mkspq\" data-generated-css=\"brz-css-qbygd\"><span class=\"brz-cp-color2\">Antes del&nbsp;tratamiento, es posible que deba:<\/span><\/p>\n<\/div>\n<\/div>\n<\/div>\n<div id=\"\" class=\"brz-css-1yl4naw brz-css-oo4r6m brz-wrapper\">\n<div class=\"brz-icon-text brz-css-12xfhgn\" data-brz-custom-id=\"sskjxzrjnfbwmbfxfaywwiglufeunpncpzqa\">\n<div class=\"brz-icon__container\" data-brz-custom-id=\"aimpoqqwzsfwgjqgrlniamkiznbffsqjuppb\"><span class=\"brz-icon brz-span brz-css-1ho5zuw brz-css-1391zag\"><\/span><\/div>\n<div class=\"brz-text-btn\">\n<div class=\"brz-rich-text brz-rich-text__custom brz-css-dztyhj\" data-brz-custom-id=\"zkzljhamaxehnaunutgvdsmtwzqemumuumok\">\n<div data-brz-translate-text=\"1\">\n<p class=\"brz-lh-sm-1_4 brz-lh-lg-1_3 brz-fw-xs-400 brz-fw-sm-400 brz-fw-lg-400 brz-ft-google brz-ff-arimo brz-ls-xs-0 brz-ls-sm-0 brz-ls-lg-0 brz-fs-xs-17 brz-fs-sm-17 brz-fs-lg-18 brz-lh-xs-1_4 brz-css-jVnw9\" data-generated-css=\"brz-css-vdjqq\" data-uniq-id=\"oexuk\"><span>Dejar&nbsp;de fumar. Fumar disminuye el flujo de sangre en la piel y puede retrasar el proceso de curaci\u00f3n. Si fuma, el Dr. Mak le recomendar\u00e1&nbsp;que deje de fumar antes de la cirug\u00eda y durante&nbsp;el periodo de&nbsp;la recuperaci\u00f3n<\/span><\/p>\n<\/div>\n<\/div>\n<\/div>\n<\/div>\n<\/div>\n<div id=\"\" class=\"brz-css-1yl4naw brz-css-12v9a75 brz-wrapper\">\n<div class=\"brz-spacer brz-css-sax6if brz-css-1gb4ekg\"><\/div>\n<\/div>\n<div id=\"\" class=\"brz-css-1yl4naw brz-css-11tppgt brz-wrapper\">\n<div class=\"brz-icon-text brz-css-12xfhgn\" data-brz-custom-id=\"rqfomqjofyumkroijjqmnuxnzpocdsvabkii\">\n<div class=\"brz-icon__container\" data-brz-custom-id=\"ttprkxqcohzpqduivtodjjqlyqolgizrbrki\"><span class=\"brz-icon brz-span brz-css-1ho5zuw brz-css-1l149zg\"><\/span><\/div>\n<div class=\"brz-text-btn\">\n<div class=\"brz-rich-text brz-rich-text__custom brz-css-dztyhj\" data-brz-custom-id=\"illnpcliidkabzqtoqjhaiepsbbxioixlmak\">\n<div data-brz-translate-text=\"1\">\n<p class=\"brz-lh-sm-1_4 brz-lh-lg-1_3 brz-fw-xs-400 brz-fw-sm-400 brz-fw-lg-400 brz-ft-google brz-ff-arimo brz-ls-xs-0 brz-ls-sm-0 brz-ls-lg-0 brz-fs-xs-17 brz-fs-sm-17 brz-fs-lg-18 brz-lh-xs-1_4 brz-css-e9yXa\" data-generated-css=\"brz-css-ccpeg\" data-uniq-id=\"cmckd\"><span class=\"brz-cp-color2\">Evite ciertos medicamentos. Es probable que deba evitar tomar aspirina, medicamentos antiinflamatorios, anticoagualantes y suplementos&nbsp;herbales, que pueden aumentar el sangrado.<\/span><\/p>\n<\/div>\n<\/div>\n<\/div>\n<\/div>\n<\/div>\n<div id=\"\" class=\"brz-css-1yl4naw brz-css-12v9a75 brz-wrapper\">\n<div class=\"brz-spacer brz-css-sax6if brz-css-3ae1tk\"><\/div>\n<\/div>\n<\/div>\n<\/div>\n<div class=\"brz-columns brz-css-1hsnkem brz-css-ilwp29\" data-brz-custom-id=\"fwjnxsrgljltvbyptxsxbrrbalmxcqddvgbb\">\n<div class=\"brz-bg\"><\/div>\n<div class=\"brz-column__items brz-css-15p253d\"><\/div>\n<\/div>\n<\/div>\n<\/div>\n<\/div>\n<\/div>\n<\/section>\n<section id=\"_wewevlpwxdngfeaxqoxeasldqanwxjowcodf\" class=\"brz-section brz-css-e13w3x\">\n<div class=\"brz-section__content brz-section--boxed brz-css-zmrxk7 brz-css-1uf1wwl\" data-brz-custom-id=\"hoxrqgfkppfanmsytoghimrmmtbhjlmthxsc\">\n<div class=\"brz-bg\">\n<div class=\"brz-bg-color\"><\/div>\n<\/div>\n<div class=\"brz-container brz-css-1qxg47b\">\n<div id=\"\" class=\"brz-css-1yl4naw brz-wrapper\">\n<div class=\"brz-line brz-line-default brz-css-o7ed9q brz-css-n1ee1v\" data-brz-custom-id=\"jxudabxzerxpmeohvgqyeymngbsphmjkwubc\">\n<hr class=\"brz-hr\"><\/div>\n<\/div>\n<div id=\"\" class=\"brz-css-1yl4naw brz-css-12v9a75 brz-wrapper\">\n<div class=\"brz-spacer brz-css-sax6if brz-css-ln6nl2\"><\/div>\n<\/div>\n<div class=\"brz-row__container brz-css-pdhodp\" data-brz-custom-id=\"mztmwvpjwjcsguvupknkbibchzlrwfzshrue\">\n<div class=\"brz-bg\"><\/div>\n<div class=\"brz-row brz-css-p87yop brz-css-8168bu\">\n<div class=\"brz-columns brz-css-1hsnkem brz-css-77fhhj\" data-brz-custom-id=\"uzayxgcvmxzfspxmwsfemasjvlwvysnjennj\">\n<div class=\"brz-bg\"><\/div>\n<div class=\"brz-column__items brz-css-15p253d brz-css-1duhdwv\">\n<div id=\"\" class=\"brz-css-1yl4naw brz-css-1f612tu brz-wrapper\">\n<div class=\"brz-image brz-css-1gb1m5g brz-css-1s8abvf\" data-brz-custom-id=\"mrbbffewpvnhlzvuajaunznbhhfjyntjghtq\"><img decoding=\"async\" class=\"brz-img\" src=\"https:\/\/drmakclinic.com\/es?brizy_media=wp-9b7486b9d786a0648588605ea135d33b.jpg&amp;brizy_crop=iW%3D316%26iH%3D211%26oX%3D90%26oY%3D23%26cW%3D105%26cH%3D106\" alt=\"\" loading=\"lazy\"><\/div>\n<\/div>\n<\/div>\n<\/div>\n<div class=\"brz-columns brz-css-1hsnkem brz-css-16pvdw5\" data-brz-custom-id=\"xvjbflueolskncjixvveigoiemyqmkajzaae\">\n<div class=\"brz-bg\"><\/div>\n<div class=\"brz-column__items brz-css-15p253d brz-css-ybp1z\">\n<div id=\"\" class=\"brz-css-1yl4naw brz-wrapper\">\n<div class=\"brz-rich-text brz-rich-text__custom brz-css-dztyhj\" data-brz-custom-id=\"sjbyinlddqtyspyeznquvojdhxrvvlkpgwbd\">\n<div data-brz-translate-text=\"1\">\n<p data-uniq-id=\"egydo\" data-generated-css=\"brz-css-trizt\" class=\"brz-tp-lg-empty brz-ff-ckyztbazucvfgxnrkwthfbuhnumrbfrmhags brz-ft-upload brz-fs-lg-24 brz-fss-lg-px brz-fw-lg-400 brz-ls-lg-0 brz-lh-lg-1_5 brz-css-txZ7g\">As you begin your journey toward considering plastic surgery and other cosmetic enhancements , my goal as your plastic surgeon is to provide you the highest quality of care throughout the entire process.<\/p>\n<\/div>\n<\/div>\n<\/div>\n<div id=\"\" class=\"brz-css-1yl4naw brz-css-12v9a75 brz-css-s3jubo brz-wrapper\">\n<div class=\"brz-spacer brz-css-sax6if brz-css-w99c88\"><\/div>\n<\/div>\n<div id=\"\" class=\"brz-css-1yl4naw brz-css-qsqcbj brz-wrapper\">\n<div class=\"brz-rich-text brz-rich-text__custom brz-css-dztyhj\" data-brz-custom-id=\"tdaovmkviiilflagntngravikmzzhswrsnsx\">\n<div data-brz-translate-text=\"1\">\n<p class=\"brz-text-xs-center brz-tp-lg-heading4 brz-css-km7jf\" data-uniq-id=\"mrayu\" data-generated-css=\"brz-css-yakzy\"><strong class=\"brz-cp-color2\">Dr. Mehmet Arif Karag\u00f6z<\/strong><\/p>\n<\/div>\n<\/div>\n<\/div>\n<div id=\"\" class=\"brz-css-1yl4naw brz-css-1cp6pmw brz-wrapper\">\n<div class=\"brz-rich-text brz-rich-text__custom brz-css-dztyhj\" data-brz-custom-id=\"vhopqcrykhmhrltzihimsgidizzyylynowcu\">\n<div data-brz-translate-text=\"1\">\n<p class=\"brz-text-xs-center brz-tp-lg-paragraph brz-css-qcyP_\" data-uniq-id=\"xuihj\" data-generated-css=\"brz-css-uaiir\"><span class=\"brz-cp-color7\">DRMAK Plastic Surgeon<\/span><\/p>\n<\/div>\n<\/div>\n<\/div>\n<\/div>\n<\/div>\n<\/div>\n<\/div>\n<div id=\"\" class=\"brz-css-1yl4naw brz-css-12v9a75 brz-css-1vudq8w brz-wrapper\">\n<div class=\"brz-spacer brz-css-sax6if brz-css-1491xd6\"><\/div>\n<\/div>\n<div id=\"\" class=\"brz-css-1yl4naw brz-wrapper\">\n<div class=\"brz-line brz-line-default brz-css-o7ed9q brz-css-1kz9p1d\" data-brz-custom-id=\"tohlimmenmwzochzbswowqklrlbktgmutryy\">\n<hr class=\"brz-hr\"><\/div>\n<\/div>\n<\/div>\n<\/div>\n<\/section>\n<\/div>\n<p>    <!-- version:1738177213 --><\/p>\n","protected":false},"excerpt":{"rendered":"<p>Ginecomastia GINECOMASTIA La cirug\u00eda para extirpar los tejidos mamarios generalmente implica la liposucci\u00f3n del exceso de grasa, la extirpaci\u00f3n quir\u00fargica del exceso de tejido mamario glandular a trav\u00e9s de una incisi\u00f3n en el margen del complejo areola-pez\u00f3n y\/o la escisi\u00f3n de la piel (en senos muy grandes) Anestesia &#8211; Genera Duraci\u00f3n de la estancia &#8211;&nbsp;4&nbsp;noches [&hellip;]<\/p>\n","protected":false},"author":1,"featured_media":0,"parent":1129,"menu_order":0,"comment_status":"closed","ping_status":"closed","template":"","meta":{"footnotes":""},"class_list":["post-1199","page","type-page","status-publish","hentry"],"blocksy_meta":{"styles_descriptor":{"styles":{"desktop":"","tablet":"","mobile":""},"google_fonts":[],"version":6}},"_links":{"self":[{"href":"https:\/\/drmakclinic.com\/es\/wp-json\/wp\/v2\/pages\/1199","targetHints":{"allow":["GET"]}}],"collection":[{"href":"https:\/\/drmakclinic.com\/es\/wp-json\/wp\/v2\/pages"}],"about":[{"href":"https:\/\/drmakclinic.com\/es\/wp-json\/wp\/v2\/types\/page"}],"author":[{"embeddable":true,"href":"https:\/\/drmakclinic.com\/es\/wp-json\/wp\/v2\/users\/1"}],"replies":[{"embeddable":true,"href":"https:\/\/drmakclinic.com\/es\/wp-json\/wp\/v2\/comments?post=1199"}],"version-history":[{"count":0,"href":"https:\/\/drmakclinic.com\/es\/wp-json\/wp\/v2\/pages\/1199\/revisions"}],"up":[{"embeddable":true,"href":"https:\/\/drmakclinic.com\/es\/wp-json\/wp\/v2\/pages\/1129"}],"wp:attachment":[{"href":"https:\/\/drmakclinic.com\/es\/wp-json\/wp\/v2\/media?parent=1199"}],"curies":[{"name":"wp","href":"https:\/\/api.w.org\/{rel}","templated":true}]}}