{"id":1205,"date":"2022-08-28T20:48:58","date_gmt":"2022-08-28T17:48:58","guid":{"rendered":"https:\/\/drmakclinic.com\/?page_id=1205"},"modified":"2025-01-31T00:06:13","modified_gmt":"2025-01-30T21:06:13","slug":"labiaplasty","status":"publish","type":"page","link":"https:\/\/drmakclinic.com\/es\/procedures\/aesthetic-plastic-surgery\/labiaplasty\/","title":{"rendered":"Labiaplasty"},"content":{"rendered":"<div class=\"brz-root__container brz-reset-all brz brz-root__container-page\">\n<section id=\"_uyysuptxfydrggfoicguqffkqkvpalcxkiph\" class=\"brz-section brz-css-1j1shnw\">\n<div class=\"brz-section__content brz-section--boxed brz-css-1qaifyb brz-css-1k1qax4\" data-brz-custom-id=\"albxsufjfmxqsdqaxutajqgoetubrbdefxnr\">\n<div class=\"brz-bg\">\n<div class=\"brz-bg-color\"><\/div>\n<\/div>\n<div class=\"brz-container brz-css-1ruq5bm\">\n<div class=\"brz-row__container brz-css-vn4oa2\" data-brz-custom-id=\"ebcvsxuelpqpxvhmkytxzpiulnqhohwuogvt\">\n<div class=\"brz-bg\"><\/div>\n<div class=\"brz-row brz-css-8yimde brz-css-x3t78j\">\n<div class=\"brz-columns brz-css-1ohkyti brz-css-w1g4p1\" data-brz-custom-id=\"wjvzsvrvktbwztgxzofcrshjqeqwujlxltnl\">\n<div class=\"brz-bg\"><\/div>\n<div class=\"brz-column__items brz-css-hnorah\">\n<div id=\"\" class=\"brz-css-1kpda03 brz-wrapper\">\n<div class=\"brz-icon-text brz-css-1mod7lm brz-css-18phg9r\" data-brz-custom-id=\"jxoqubkcbgenmscwwvqitkhkjnzxswbinlqf\">\n<div class=\"brz-icon__container\" data-brz-custom-id=\"cnqhfqcktqqolyeoqhvmompqjlmumodzpepg\"><span class=\"brz-icon brz-span brz-css-slobw6 brz-css-1oxf4o8\"><\/span><\/div>\n<div class=\"brz-text-btn\">\n<div class=\"brz-rich-text brz-rich-text__custom brz-css-15iwy49\" data-brz-custom-id=\"lsghzfjdfvqroplprllbjkztkzefksonbyyp\">\n<div data-brz-translate-text=\"1\">\n<p class=\"brz-tp-lg-empty brz-ff-izzivsxniqvyexslaslvwzgtgnghvrxuxiru brz-ft-upload brz-fs-lg-66 brz-fss-lg-px brz-fw-lg-400 brz-ls-lg-0 brz-lh-lg-1 ql-align-center brz-text-lg-justify brz-css-u7vlT\" data-uniq-id=\"kramt\" data-generated-css=\"brz-css-czdrj\"><span>Labioplastia<\/span><\/p>\n<\/div>\n<\/div>\n<\/div>\n<\/div>\n<\/div>\n<\/div>\n<\/div>\n<\/div>\n<\/div>\n<\/div>\n<\/div>\n<\/section>\n<section id=\"_ckudvoaaonppduxkkeqklvekmijapsdyfltq\" class=\"brz-section brz-css-1j1shnw\">\n<div class=\"brz-section__content brz-section--boxed brz-css-1qaifyb brz-css-ecz3gs\" data-brz-custom-id=\"xolqbjddxjmdytaeynakzxfzejgeowkavpor\">\n<div class=\"brz-bg\">\n<div class=\"brz-bg-color\"><\/div>\n<\/div>\n<div class=\"brz-container brz-css-1ruq5bm\">\n<div id=\"\" class=\"brz-css-1kpda03 brz-wrapper\">\n<div class=\"brz-line brz-line-default brz-css-9u5tos brz-css-m3k4oh\" data-brz-custom-id=\"kxubvjapyguzxcizxzfesmhoxuhyyepvdxcp\">\n<hr class=\"brz-hr\"><\/div>\n<\/div>\n<div class=\"brz-row__container brz-css-vn4oa2\" data-brz-custom-id=\"axqblygqrhuspdwnonoeellyxwjkbomntsyq\">\n<div class=\"brz-bg\"><\/div>\n<div class=\"brz-row brz-css-8yimde brz-css-lwdzk9\">\n<div class=\"brz-columns brz-css-1ohkyti brz-css-57c5ou\" data-brz-custom-id=\"zjwyfemtjydfcxtlxamylwabwaqulcsszxgr\">\n<div class=\"brz-bg\"><\/div>\n<div class=\"brz-column__items brz-css-hnorah brz-css-yjr0k6\">\n<div id=\"\" class=\"brz-css-1kpda03 brz-css-skuewq brz-wrapper\">\n<div class=\"brz-rich-text brz-rich-text__custom brz-css-15iwy49\" data-brz-custom-id=\"sfrhhelfybqofvunpagxftzubridtqykcdpn\">\n<div data-brz-translate-text=\"1\">\n<h4 class=\"brz-fs-lg-13 brz-ft-google brz-ff-manrope brz-tp-lg-empty brz-lh-lg-1_5 brz-ls-lg-m_0_5 brz-fw-lg-700 brz-fss-lg-px brz-css-fu4FA\" data-uniq-id=\"rsslu\" data-generated-css=\"brz-css-xxjhh\"><span class=\"brz-capitalize-on\">LABIOPLASTIA<\/span><\/h4>\n<\/div>\n<\/div>\n<\/div>\n<div id=\"\" class=\"brz-css-1kpda03 brz-css-p990cc brz-wrapper\">\n<div class=\"brz-rich-text brz-rich-text__custom brz-css-15iwy49\" data-brz-custom-id=\"jvcvkebzfyvtnrgokieszqbwsfbebgcnfhin\">\n<div data-brz-translate-text=\"1\">\n<p class=\"brz-ls-lg-0 brz-fw-lg-400 brz-fss-lg-px brz-fs-lg-36 brz-ft-upload brz-ff-ckyztbazucvfgxnrkwthfbuhnumrbfrmhags brz-tp-lg-empty brz-lh-lg-1_3 brz-css-mi0v7\" data-generated-css=\"brz-css-krjlm\" data-uniq-id=\"jyoed\"><span class=\"brz-cp-color2\">La labioplastia&nbsp;es una intervenci\u00f3n que&nbsp;se realiza para&nbsp;disminuir&nbsp;los labios internos en la zona genital y mejorarlos est\u00e9ticamente. Adem\u00e1s de la est\u00e9tica, las cirug\u00edas de labioplastia tienen&nbsp;varios&nbsp;beneficios sexuales, higi\u00e9nicos, psicol\u00f3gicos y sociales.<\/span><\/p>\n<\/div>\n<\/div>\n<\/div>\n<div id=\"\" class=\"brz-css-1kpda03 brz-css-l06mto brz-wrapper\">\n<div class=\"brz-spacer brz-css-1e4wtoj brz-css-1islbvy\"><\/div>\n<\/div>\n<div id=\"\" class=\"brz-css-1kpda03 brz-css-ssqm0m brz-wrapper\">\n<div class=\"brz-rich-text brz-rich-text__custom brz-css-15iwy49\" data-brz-custom-id=\"ilvigwgoyhzhlgzsfbiwbrjuvryykuvuvgjl\">\n<div data-brz-translate-text=\"1\">\n<p class=\"brz-tp-lg-empty brz-ff-manrope brz-ft-google brz-fs-lg-16 brz-fss-lg-px brz-fw-lg-400 brz-ls-lg-0 brz-lh-lg-1_9 brz-css-pmKsi\" data-uniq-id=\"ifrjw\" data-generated-css=\"brz-css-idiek\"><span class=\"brz-cp-color2\">La labioplastia es un procedimiento extremadamente com\u00fan que reduce y remodela los&nbsp;labios de los&nbsp;genitales externos femeninos. Esta cirug\u00eda pl\u00e1stica se realiza m\u00e1s com\u00fanmente para&nbsp;reducir&nbsp;las molestias causadas por labios menores&nbsp;muy crecidas, gruesos o asim\u00e9tricos, tambi\u00e9n llamado&nbsp;hipertrofia de labios menores. El proceso encoge el tejido y asegura que los pliegues no cuelguen debajo de los labios&nbsp;mayores. La asimetr\u00eda tambi\u00e9n se puede corregir cuando uno es&nbsp;mucho m\u00e1s largo que el otro, y se puede reducir la longitud de ambos labios para que ya no est\u00e9n doblados o tirados<\/span><\/p>\n<\/div>\n<\/div>\n<\/div>\n<div id=\"\" class=\"brz-css-1kpda03 brz-css-l06mto brz-wrapper\">\n<div class=\"brz-spacer brz-css-1e4wtoj brz-css-logr2m\"><\/div>\n<\/div>\n<div id=\"\" class=\"brz-css-1kpda03 brz-css-8bwo0g brz-wrapper\">\n<div class=\"brz-icon-text brz-css-1mod7lm\" data-brz-custom-id=\"xhixvbjjnxlckxtvliojekaggzdlcrxutquo\">\n<div class=\"brz-icon__container\" data-brz-custom-id=\"kqusxzqpwnwhsrikgurtphnrhxsjyjybutwl\"><span class=\"brz-icon brz-span brz-css-slobw6 brz-css-1rl3369\"><\/span><\/div>\n<div class=\"brz-text-btn\">\n<div class=\"brz-rich-text brz-rich-text__custom brz-css-15iwy49\" data-brz-custom-id=\"mazxtjdxjfosnsshdydofvpzwfylowtojqgx\">\n<div data-brz-translate-text=\"1\">\n<p class=\"brz-lh-lg-1_3 brz-fw-xs-400 brz-fw-sm-400 brz-fw-lg-400 brz-ft-google brz-ff-arimo brz-ls-xs-0 brz-ls-sm-0 brz-ls-lg-0 brz-fs-xs-17 brz-fs-sm-17 brz-fs-lg-18 brz-lh-sm-1_4 brz-lh-xs-1_4 brz-css-eFZfm\" data-generated-css=\"brz-css-jxeoq\" data-uniq-id=\"tkugi\"><span class=\"brz-cp-color2\">Anestesia &#8211; Genera<\/span><\/p>\n<\/div>\n<\/div>\n<\/div>\n<\/div>\n<\/div>\n<div id=\"\" class=\"brz-css-1kpda03 brz-css-l06mto brz-wrapper\">\n<div class=\"brz-spacer brz-css-1e4wtoj brz-css-11id216\"><\/div>\n<\/div>\n<div id=\"\" class=\"brz-css-1kpda03 brz-css-ym7wit brz-wrapper\">\n<div class=\"brz-icon-text brz-css-1mod7lm\" data-brz-custom-id=\"thndzevkoxhzvirlmotgsbauvprdbhgmxbxs\">\n<div class=\"brz-icon__container\" data-brz-custom-id=\"uhjmtcwbnorvenblkovazvobumgtlonzqfwc\"><span class=\"brz-icon brz-span brz-css-slobw6 brz-css-11fcfpz\"><\/span><\/div>\n<div class=\"brz-text-btn\">\n<div class=\"brz-rich-text brz-rich-text__custom brz-css-15iwy49\" data-brz-custom-id=\"tmvxbrnojxpxswqtlytjrjeoqifczztilmtu\">\n<div data-brz-translate-text=\"1\">\n<p class=\"brz-lh-sm-1_4 brz-lh-lg-1_3 brz-fw-xs-400 brz-fw-sm-400 brz-fw-lg-400 brz-ft-google brz-ff-arimo brz-ls-xs-0 brz-ls-sm-0 brz-ls-lg-0 brz-fs-xs-17 brz-fs-sm-17 brz-fs-lg-18 brz-lh-xs-1_4 brz-css-m579J\" data-uniq-id=\"xmvoe\" data-generated-css=\"brz-css-oayei\"><span>Duraci\u00f3n de la estancia &#8211;&nbsp;4&nbsp;noches<\/span><\/p>\n<\/div>\n<\/div>\n<\/div>\n<\/div>\n<\/div>\n<div id=\"\" class=\"brz-css-1kpda03 brz-css-l06mto brz-wrapper\">\n<div class=\"brz-spacer brz-css-1e4wtoj brz-css-61z7lt\"><\/div>\n<\/div>\n<div id=\"\" class=\"brz-css-1kpda03 brz-css-njoaz5 brz-wrapper\">\n<div class=\"brz-icon-text brz-css-1mod7lm\" data-brz-custom-id=\"qzoqveohxoqjwlpfvvilrjcpbrjfanhpeouy\">\n<div class=\"brz-icon__container\" data-brz-custom-id=\"zqkxfgcaffnfwbobfrcqvxctjwubzkfpkdui\"><span class=\"brz-icon brz-span brz-css-slobw6 brz-css-nq2pxj\"><\/span><\/div>\n<div class=\"brz-text-btn\">\n<div class=\"brz-rich-text brz-rich-text__custom brz-css-15iwy49\" data-brz-custom-id=\"afdonmidqmejzezzmtknybuhefbmwsopglgd\">\n<div data-brz-translate-text=\"1\">\n<p class=\"brz-lh-xs-1_4 brz-fs-lg-18 brz-fs-sm-17 brz-fs-xs-17 brz-ls-lg-0 brz-ls-sm-0 brz-ls-xs-0 brz-ff-arimo brz-ft-google brz-fw-lg-400 brz-fw-sm-400 brz-fw-xs-400 brz-lh-lg-1_3 brz-lh-sm-1_4 brz-css-dI4Tw\" data-generated-css=\"brz-css-zgsrp\" data-uniq-id=\"whefp\"><span>Duraci\u00f3n de la cirug\u00eda &#8211;&nbsp;1&nbsp;&nbsp;hora<\/span><\/p>\n<\/div>\n<\/div>\n<\/div>\n<\/div>\n<\/div>\n<div id=\"\" class=\"brz-css-1kpda03 brz-css-l06mto brz-wrapper\">\n<div class=\"brz-spacer brz-css-1e4wtoj brz-css-ktdy4g\"><\/div>\n<\/div>\n<div id=\"\" class=\"brz-css-1kpda03 brz-css-leuvdi brz-wrapper\">\n<div class=\"brz-icon-text brz-css-1mod7lm\" data-brz-custom-id=\"woskkwhhozgbvxapvwwcarujhqxntqzsalgo\">\n<div class=\"brz-icon__container\" data-brz-custom-id=\"rmgobzgmkyszpnwngpzjxozijjsosweytzcq\"><span class=\"brz-icon brz-span brz-css-slobw6 brz-css-t8x3r0\"><\/span><\/div>\n<div class=\"brz-text-btn\">\n<div class=\"brz-rich-text brz-rich-text__custom brz-css-15iwy49\" data-brz-custom-id=\"rogpzovwruqnaxwitiuruzavlwgkgadlthyx\">\n<div data-brz-translate-text=\"1\">\n<p class=\"brz-lh-xs-1_4 brz-fs-lg-18 brz-fs-sm-17 brz-fs-xs-17 brz-ls-lg-0 brz-ls-sm-0 brz-ls-xs-0 brz-ff-arimo brz-ft-google brz-fw-lg-400 brz-fw-sm-400 brz-fw-xs-400 brz-lh-lg-1_3 brz-lh-sm-1_4 brz-css-iVykf\" data-uniq-id=\"sqtgd\" data-generated-css=\"brz-css-wxfjw\"><span>Vuelta a la vida normal &#8211;&nbsp;1 semana<\/span><\/p>\n<\/div>\n<\/div>\n<\/div>\n<\/div>\n<\/div>\n<div id=\"\" class=\"brz-css-1kpda03 brz-css-l06mto brz-wrapper\">\n<div class=\"brz-spacer brz-css-1e4wtoj brz-css-1ackt05\"><\/div>\n<\/div>\n<\/div>\n<\/div>\n<div class=\"brz-columns brz-css-1ohkyti brz-css-1lv8wrg\" data-brz-custom-id=\"emqxbeawnvqaipmqvozpxpbxanxrnyjnjpgt\">\n<div class=\"brz-bg\"><\/div>\n<div class=\"brz-column__items brz-css-hnorah brz-css-gcnqek\">\n<div id=\"\" class=\"brz-css-1kpda03 brz-css-r5184p brz-wrapper\">\n<div class=\"brz-image brz-css-1iv3eg8 brz-css-ywgwlt\" data-brz-custom-id=\"zhuwrbljhtxzzruwsbtllshnysbggybrocuj\"><img decoding=\"async\" class=\"brz-img\" src=\"https:\/\/drmakclinic.com\/es?brizy_media=wp-6b7418ce75fef0078510b694e97de2a6.png&amp;brizy_crop=original\" alt=\"\" loading=\"lazy\"><\/div>\n<\/div>\n<\/div>\n<\/div>\n<\/div>\n<\/div>\n<\/div>\n<\/div>\n<\/section>\n<section id=\"_clblhfsfcaidbrgbedbshcofkjuxsnjraakz\" class=\"brz-section brz-css-1j1shnw\">\n<div class=\"brz-section__content brz-section--boxed brz-css-1qaifyb brz-css-2g464o\" data-brz-custom-id=\"iupnsfqxavrivgnqrejttpkxrlskbcbfdqud\">\n<div class=\"brz-bg\">\n<div class=\"brz-bg-color\"><\/div>\n<\/div>\n<div class=\"brz-container brz-css-1ruq5bm\">\n<div id=\"\" class=\"brz-css-1kpda03 brz-wrapper\">\n<div class=\"brz-line brz-line-default brz-css-9u5tos brz-css-vp2eat\" data-brz-custom-id=\"agqcwrzkykofanhgeqhuzqlczzcrammmjjbm\">\n<hr class=\"brz-hr\"><\/div>\n<\/div>\n<div class=\"brz-row__container brz-css-vn4oa2\" data-brz-custom-id=\"ullfudqqgrweslpfulbodmapezssdmwmzfbx\">\n<div class=\"brz-bg\"><\/div>\n<div class=\"brz-row brz-css-8yimde\">\n<div class=\"brz-columns brz-css-1ohkyti brz-css-1lx5tvo\" data-brz-custom-id=\"ojzgaqydumgrnhzznqblrvocpvvtunlnthvw\">\n<div class=\"brz-bg\"><\/div>\n<div class=\"brz-column__items brz-css-hnorah\"><\/div>\n<\/div>\n<div class=\"brz-columns brz-css-1ohkyti brz-css-1hynfu4\" data-brz-custom-id=\"wrmceppbmwuhtvmmdizyetcavaxfddkkakqn\">\n<div class=\"brz-bg\"><\/div>\n<div class=\"brz-column__items brz-css-hnorah\">\n<div id=\"\" class=\"brz-css-1kpda03 brz-wrapper\">\n<div class=\"brz-rich-text brz-rich-text__custom brz-css-15iwy49\" data-brz-custom-id=\"skswzbxbqanrivimrlccqxxcjrayjvbrhfje\">\n<div data-brz-translate-text=\"1\">\n<p class=\"brz-tp-lg-empty brz-ff-ckyztbazucvfgxnrkwthfbuhnumrbfrmhags brz-ft-upload brz-fs-lg-22 brz-fss-lg-px brz-fw-lg-400 brz-ls-lg-0 brz-lh-lg-1_9 brz-mt-lg-34 brz-css-wbU90\" data-generated-css=\"brz-css-hyjsp\" data-uniq-id=\"pcscx\"><span class=\"brz-cp-color2\">Antes del&nbsp;tratamiento, es posible que deba:<\/span><\/p>\n<\/div>\n<\/div>\n<\/div>\n<div id=\"\" class=\"brz-css-1kpda03 brz-css-235kzs brz-wrapper\">\n<div class=\"brz-icon-text brz-css-1mod7lm\" data-brz-custom-id=\"oiuzjjluibeivwujgdegtjbohajszqgyevvl\">\n<div class=\"brz-icon__container\" data-brz-custom-id=\"cdlvspnsfqvjtrjywbfhswrkryqrjxojofsj\"><span class=\"brz-icon brz-span brz-css-slobw6 brz-css-gdoq5e\"><\/span><\/div>\n<div class=\"brz-text-btn\">\n<div class=\"brz-rich-text brz-rich-text__custom brz-css-15iwy49\" data-brz-custom-id=\"ppgfvlaqexoygykodlhkizkfqpbhowmkdfbu\">\n<div data-brz-translate-text=\"1\">\n<p class=\"brz-lh-xs-1_4 brz-fs-lg-18 brz-fs-sm-17 brz-fs-xs-17 brz-ls-lg-0 brz-ls-sm-0 brz-ls-xs-0 brz-ff-arimo brz-ft-google brz-fw-lg-400 brz-fw-sm-400 brz-fw-xs-400 brz-lh-lg-1_3 brz-lh-sm-1_4 brz-css-bneLR\" data-uniq-id=\"karnl\" data-generated-css=\"brz-css-cgnls\"><span>Dejar&nbsp;de fumar. Fumar disminuye el flujo de sangre en la piel y puede retrasar el proceso de curaci\u00f3n. Si fuma, el Dr. Mak le recomendar\u00e1&nbsp;que deje de fumar antes de la cirug\u00eda y durante&nbsp;el periodo de&nbsp;la recuperaci\u00f3n<\/span><\/p>\n<\/div>\n<\/div>\n<\/div>\n<\/div>\n<\/div>\n<div id=\"\" class=\"brz-css-1kpda03 brz-css-l06mto brz-wrapper\">\n<div class=\"brz-spacer brz-css-1e4wtoj brz-css-1oo4pib\"><\/div>\n<\/div>\n<div id=\"\" class=\"brz-css-1kpda03 brz-css-15j30v3 brz-wrapper\">\n<div class=\"brz-icon-text brz-css-1mod7lm\" data-brz-custom-id=\"zyoheipgjxtmddbhuvgeoidbnzucfjgqcgla\">\n<div class=\"brz-icon__container\" data-brz-custom-id=\"udcvtwckvszpapkvrwpgrsleacroioffdkum\"><span class=\"brz-icon brz-span brz-css-slobw6 brz-css-g6tktl\"><\/span><\/div>\n<div class=\"brz-text-btn\">\n<div class=\"brz-rich-text brz-rich-text__custom brz-css-15iwy49\" data-brz-custom-id=\"arazfvbflxjymftjaopkszaabkgnsdmafxer\">\n<div data-brz-translate-text=\"1\">\n<p class=\"brz-lh-sm-1_4 brz-lh-lg-1_3 brz-fw-xs-400 brz-fw-sm-400 brz-fw-lg-400 brz-ft-google brz-ff-arimo brz-ls-xs-0 brz-ls-sm-0 brz-ls-lg-0 brz-fs-xs-17 brz-fs-sm-17 brz-fs-lg-18 brz-lh-xs-1_4 brz-css-aG1Zh\" data-generated-css=\"brz-css-bpgrz\" data-uniq-id=\"iihuh\"><span>Evite ciertos medicamentos. Es probable que deba evitar tomar aspirina, medicamentos antiinflamatorios, anticoagualantes y suplementos&nbsp;herbales, que pueden aumentar el sangrado.<\/span><\/p>\n<\/div>\n<\/div>\n<\/div>\n<\/div>\n<\/div>\n<div id=\"\" class=\"brz-css-1kpda03 brz-css-l06mto brz-wrapper\">\n<div class=\"brz-spacer brz-css-1e4wtoj brz-css-1hivad8\"><\/div>\n<\/div>\n<\/div>\n<\/div>\n<div class=\"brz-columns brz-css-1ohkyti brz-css-dxn5dn\" data-brz-custom-id=\"ekybcarfkwzglkcktepmzbmhtwsnuycztaac\">\n<div class=\"brz-bg\"><\/div>\n<div class=\"brz-column__items brz-css-hnorah\"><\/div>\n<\/div>\n<\/div>\n<\/div>\n<\/div>\n<\/div>\n<\/section>\n<section id=\"_igpyfdikoteqvvehuqeahkqcgvytgmfccjgi\" class=\"brz-section brz-css-1j1shnw\">\n<div class=\"brz-section__content brz-section--boxed brz-css-1qaifyb brz-css-f09yjf\" data-brz-custom-id=\"cyjncgqniaaqxpmggzhnhozwalgscuckiheq\">\n<div class=\"brz-bg\">\n<div class=\"brz-bg-color\"><\/div>\n<\/div>\n<div class=\"brz-container brz-css-1ruq5bm\">\n<div id=\"\" class=\"brz-css-1kpda03 brz-wrapper\">\n<div class=\"brz-line brz-line-default brz-css-9u5tos brz-css-10jcqrf\" data-brz-custom-id=\"dyxqjpnvpxyewwkaeapsjdorapaoukzgfsuh\">\n<hr class=\"brz-hr\"><\/div>\n<\/div>\n<div id=\"\" class=\"brz-css-1kpda03 brz-css-l06mto brz-wrapper\">\n<div class=\"brz-spacer brz-css-1e4wtoj brz-css-1o300wi\"><\/div>\n<\/div>\n<div class=\"brz-row__container brz-css-vn4oa2\" data-brz-custom-id=\"rvzetpitcrsvnlqvwyilgnzovcslqrkxxjud\">\n<div class=\"brz-bg\"><\/div>\n<div class=\"brz-row brz-css-8yimde brz-css-lwdzk9\">\n<div class=\"brz-columns brz-css-1ohkyti brz-css-1l15f9w\" data-brz-custom-id=\"gmxdmfujnhxmyfowulqipkgjozihadccdorm\">\n<div class=\"brz-bg\"><\/div>\n<div class=\"brz-column__items brz-css-hnorah brz-css-vugr1e\">\n<div id=\"\" class=\"brz-css-1kpda03 brz-css-bkxhgt brz-wrapper\">\n<div class=\"brz-image brz-css-1wv1qlq brz-css-13ex5gw\" data-brz-custom-id=\"kwicchphhrdbzbjyxcvjvmyvmucpxbrsjtvs\"><img decoding=\"async\" class=\"brz-img\" src=\"https:\/\/drmakclinic.com\/es?brizy_media=wp-9b7486b9d786a0648588605ea135d33b.jpg&amp;brizy_crop=iW%3D316%26iH%3D211%26oX%3D90%26oY%3D23%26cW%3D105%26cH%3D106\" alt=\"\" loading=\"lazy\"><\/div>\n<\/div>\n<\/div>\n<\/div>\n<div class=\"brz-columns brz-css-1ohkyti brz-css-1d8ub4i\" data-brz-custom-id=\"ocughplioeizlyqdqfhgovgnpsidayqntcsj\">\n<div class=\"brz-bg\"><\/div>\n<div class=\"brz-column__items brz-css-hnorah brz-css-kt50b1\">\n<div id=\"\" class=\"brz-css-1kpda03 brz-wrapper\">\n<div class=\"brz-rich-text brz-rich-text__custom brz-css-15iwy49\" data-brz-custom-id=\"wqrxxzkgjcpuiezxmnwauquzrtwqtvytfmgv\">\n<div data-brz-translate-text=\"1\">\n<p data-uniq-id=\"egydo\" data-generated-css=\"brz-css-trizt\" class=\"brz-tp-lg-empty brz-ff-ckyztbazucvfgxnrkwthfbuhnumrbfrmhags brz-ft-upload brz-fs-lg-24 brz-fss-lg-px brz-fw-lg-400 brz-ls-lg-0 brz-lh-lg-1_5 brz-css-txe_v\">As you begin your journey toward considering plastic surgery and other cosmetic enhancements , my goal as your plastic surgeon is to provide you the highest quality of care throughout the entire process.<\/p>\n<\/div>\n<\/div>\n<\/div>\n<div id=\"\" class=\"brz-css-1kpda03 brz-css-l06mto brz-css-3uqx1w brz-wrapper\">\n<div class=\"brz-spacer brz-css-1e4wtoj brz-css-k2977c\"><\/div>\n<\/div>\n<div id=\"\" class=\"brz-css-1kpda03 brz-css-qodrzj brz-wrapper\">\n<div class=\"brz-rich-text brz-rich-text__custom brz-css-15iwy49\" data-brz-custom-id=\"zybcqrqsgkovohnyloxvlppratydootmhubb\">\n<div data-brz-translate-text=\"1\">\n<p class=\"brz-text-xs-center brz-tp-lg-heading4 brz-css-tNmqH\" data-uniq-id=\"mrayu\" data-generated-css=\"brz-css-yakzy\"><strong class=\"brz-cp-color2\">Dr. Mehmet Arif Karag\u00f6z<\/strong><\/p>\n<\/div>\n<\/div>\n<\/div>\n<div id=\"\" class=\"brz-css-1kpda03 brz-css-9lcpvo brz-wrapper\">\n<div class=\"brz-rich-text brz-rich-text__custom brz-css-15iwy49\" data-brz-custom-id=\"izesfedxkgeharfanzhwokxswawnztrmaelg\">\n<div data-brz-translate-text=\"1\">\n<p class=\"brz-text-xs-center brz-tp-lg-paragraph brz-css-bqzDf\" data-uniq-id=\"xuihj\" data-generated-css=\"brz-css-uaiir\"><span class=\"brz-cp-color7\">DRMAK Plastic Surgeon<\/span><\/p>\n<\/div>\n<\/div>\n<\/div>\n<\/div>\n<\/div>\n<\/div>\n<\/div>\n<div id=\"\" class=\"brz-css-1kpda03 brz-css-l06mto brz-css-98dbq5 brz-wrapper\">\n<div class=\"brz-spacer brz-css-1e4wtoj brz-css-1suft92\"><\/div>\n<\/div>\n<div id=\"\" class=\"brz-css-1kpda03 brz-wrapper\">\n<div class=\"brz-line brz-line-default brz-css-9u5tos brz-css-1jqfscj\" data-brz-custom-id=\"hiklyfpzpzvwqnlfyjkiarsrxkwgzdazmiqy\">\n<hr class=\"brz-hr\"><\/div>\n<\/div>\n<\/div>\n<\/div>\n<\/section>\n<\/div>\n<p>    <!-- version:1738271173 --><\/p>\n","protected":false},"excerpt":{"rendered":"<p>Labioplastia LABIOPLASTIA La labioplastia&nbsp;es una intervenci\u00f3n que&nbsp;se realiza para&nbsp;disminuir&nbsp;los labios internos en la zona genital y mejorarlos est\u00e9ticamente. Adem\u00e1s de la est\u00e9tica, las cirug\u00edas de labioplastia tienen&nbsp;varios&nbsp;beneficios sexuales, higi\u00e9nicos, psicol\u00f3gicos y sociales. La labioplastia es un procedimiento extremadamente com\u00fan que reduce y remodela los&nbsp;labios de los&nbsp;genitales externos femeninos. Esta cirug\u00eda pl\u00e1stica se realiza m\u00e1s com\u00fanmente [&hellip;]<\/p>\n","protected":false},"author":1,"featured_media":0,"parent":1129,"menu_order":0,"comment_status":"closed","ping_status":"closed","template":"","meta":{"footnotes":""},"class_list":["post-1205","page","type-page","status-publish","hentry"],"blocksy_meta":{"styles_descriptor":{"styles":{"desktop":"","tablet":"","mobile":""},"google_fonts":[],"version":6}},"_links":{"self":[{"href":"https:\/\/drmakclinic.com\/es\/wp-json\/wp\/v2\/pages\/1205","targetHints":{"allow":["GET"]}}],"collection":[{"href":"https:\/\/drmakclinic.com\/es\/wp-json\/wp\/v2\/pages"}],"about":[{"href":"https:\/\/drmakclinic.com\/es\/wp-json\/wp\/v2\/types\/page"}],"author":[{"embeddable":true,"href":"https:\/\/drmakclinic.com\/es\/wp-json\/wp\/v2\/users\/1"}],"replies":[{"embeddable":true,"href":"https:\/\/drmakclinic.com\/es\/wp-json\/wp\/v2\/comments?post=1205"}],"version-history":[{"count":0,"href":"https:\/\/drmakclinic.com\/es\/wp-json\/wp\/v2\/pages\/1205\/revisions"}],"up":[{"embeddable":true,"href":"https:\/\/drmakclinic.com\/es\/wp-json\/wp\/v2\/pages\/1129"}],"wp:attachment":[{"href":"https:\/\/drmakclinic.com\/es\/wp-json\/wp\/v2\/media?parent=1205"}],"curies":[{"name":"wp","href":"https:\/\/api.w.org\/{rel}","templated":true}]}}