{"id":1212,"date":"2022-08-28T20:49:15","date_gmt":"2022-08-28T17:49:15","guid":{"rendered":"https:\/\/drmakclinic.com\/?page_id=1212"},"modified":"2025-01-29T16:00:52","modified_gmt":"2025-01-29T13:00:52","slug":"lip-lift","status":"publish","type":"page","link":"https:\/\/drmakclinic.com\/es\/procedures\/aesthetic-plastic-surgery\/lip-lift\/","title":{"rendered":"Lip Lift"},"content":{"rendered":"<div class=\"brz-root__container brz-reset-all brz brz-root__container-page\">\n<section id=\"_rwglksqqldsqxheqoxfxurppiwoncsqqagdd\" class=\"brz-section brz-css-1mcl5mu\">\n<div class=\"brz-section__content brz-section--boxed brz-css-1u50n03 brz-css-1m0ypos\" data-brz-custom-id=\"thqmzddkqvjsblccgrinulchjmtukbbgojyi\">\n<div class=\"brz-bg\">\n<div class=\"brz-bg-color\"><\/div>\n<\/div>\n<div class=\"brz-container brz-css-4mae6d\">\n<div class=\"brz-row__container brz-css-1ddxkhq\" data-brz-custom-id=\"trqwvngmrsdelmiplnoxdvhmqtwrojosbavz\">\n<div class=\"brz-bg\"><\/div>\n<div class=\"brz-row brz-css-ccqarq brz-css-m3nlny\">\n<div class=\"brz-columns brz-css-1w2rtto brz-css-1onvvr6\" data-brz-custom-id=\"knlixyhzzpbqbdfmylhcbqhmgvloffezdlpr\">\n<div class=\"brz-bg\"><\/div>\n<div class=\"brz-column__items brz-css-vvdoyc\">\n<div id=\"\" class=\"brz-css-j3150a brz-wrapper\">\n<div class=\"brz-icon-text brz-css-qm5tgx brz-css-ratr6b\" data-brz-custom-id=\"akcsyxkheqfqeiicvddxzxdanuhirrxfnpkf\">\n<div class=\"brz-icon__container\" data-brz-custom-id=\"ttdgfeqvoofxomgkncessgrixnnsmpqjgqsp\"><span class=\"brz-icon brz-span brz-css-1iraz8u brz-css-1lrktn6\"><\/span><\/div>\n<div class=\"brz-text-btn\">\n<div class=\"brz-rich-text brz-rich-text__custom brz-css-1o3fgri\" data-brz-custom-id=\"yymcokjkyfydeumucekmfibevxudruvyhrzk\">\n<div data-brz-translate-text=\"1\">\n<p class=\"brz-lh-lg-1 brz-ls-lg-0 brz-fw-lg-400 brz-fss-lg-px brz-fs-lg-66 brz-ft-upload brz-ff-izzivsxniqvyexslaslvwzgtgnghvrxuxiru brz-tp-lg-empty brz-css-m22dL\" data-generated-css=\"brz-css-frgmq\" data-uniq-id=\"emymf\"><span>LIFTING DE LABIOS<\/span><\/p>\n<\/div>\n<\/div>\n<\/div>\n<\/div>\n<\/div>\n<\/div>\n<\/div>\n<\/div>\n<\/div>\n<\/div>\n<\/div>\n<\/section>\n<section id=\"_ktniffglmjsbxkvotrdpbnypuwdycbmsdmvz\" class=\"brz-section brz-css-1mcl5mu\">\n<div class=\"brz-section__content brz-section--boxed brz-css-1u50n03 brz-css-1hx3iew\" data-brz-custom-id=\"giuvqbgmwiyynvnsdlzqutslgdupjwffvjoe\">\n<div class=\"brz-bg\">\n<div class=\"brz-bg-color\"><\/div>\n<\/div>\n<div class=\"brz-container brz-css-4mae6d\">\n<div id=\"\" class=\"brz-css-j3150a brz-wrapper\">\n<div class=\"brz-line brz-line-default brz-css-p0bcqt brz-css-q4ref0\" data-brz-custom-id=\"ulvsbwjjelxqdlnymlmukdxennfybxbokfpq\">\n<hr class=\"brz-hr\"><\/div>\n<\/div>\n<div class=\"brz-row__container brz-css-1ddxkhq\" data-brz-custom-id=\"feufrbqnesuoxuzdeuqlqauyrgnykrsvpani\">\n<div class=\"brz-bg\"><\/div>\n<div class=\"brz-row brz-css-ccqarq brz-css-g8yxfk\">\n<div class=\"brz-columns brz-css-1w2rtto brz-css-hxf065\" data-brz-custom-id=\"fotibhodtowvwgcrspkoaqjqjldtidcztcgy\">\n<div class=\"brz-bg\"><\/div>\n<div class=\"brz-column__items brz-css-vvdoyc brz-css-7c4ws2\">\n<div id=\"\" class=\"brz-css-j3150a brz-css-14z6lwy brz-wrapper\">\n<div class=\"brz-rich-text brz-rich-text__custom brz-css-1o3fgri\" data-brz-custom-id=\"oevqxdzbhdgxzooowqetwnyzjrwncvlwsfxw\">\n<div data-brz-translate-text=\"1\">\n<p class=\"brz-tp-lg-empty brz-ff-manrope brz-ft-google brz-fs-lg-13 brz-fss-lg-px brz-fw-lg-700 brz-ls-lg-1_1 brz-lh-lg-1_5 brz-css-kQkWA\" data-uniq-id=\"ydink\" data-generated-css=\"brz-css-latzs\"><span class=\"brz-capitalize-on\">LIFTING DE LABIOS<\/span><\/p>\n<\/div>\n<\/div>\n<\/div>\n<div id=\"\" class=\"brz-css-j3150a brz-css-1okt4u2 brz-wrapper\">\n<div class=\"brz-rich-text brz-rich-text__custom brz-css-1o3fgri\" data-brz-custom-id=\"jooojlwrmudgvxbyhdukunlfzuptaufgdhno\">\n<div data-brz-translate-text=\"1\">\n<p class=\"brz-ls-lg-0 brz-fw-lg-400 brz-fss-lg-px brz-fs-lg-36 brz-ft-upload brz-ff-ckyztbazucvfgxnrkwthfbuhnumrbfrmhags brz-tp-lg-empty brz-lh-lg-1_3 brz-css-oQoHu\" data-generated-css=\"brz-css-xwuoe\" data-uniq-id=\"qsnnd\"><span class=\"brz-cp-color2\">El lifting de labios es un procedimiento quir\u00fargico cosm\u00e9tico que crea un equilibrio y una forma est\u00e9ticamente m\u00e1s agradable del \u00e1rea de los labios.<\/span><\/p>\n<\/div>\n<\/div>\n<\/div>\n<div id=\"\" class=\"brz-css-j3150a brz-css-qp134f brz-wrapper\">\n<div class=\"brz-spacer brz-css-fivcod brz-css-1di6u72\"><\/div>\n<\/div>\n<div id=\"\" class=\"brz-css-j3150a brz-css-gwtvhx brz-wrapper\">\n<div class=\"brz-icon-text brz-css-qm5tgx\" data-brz-custom-id=\"pttrapgarehgauzlcqmlqzclunpcjophbyoa\">\n<div class=\"brz-icon__container\" data-brz-custom-id=\"puduwuebpzslmtggzanzdgzspbbpzvuvqizt\"><span class=\"brz-icon brz-span brz-css-1iraz8u brz-css-qn47vh\"><\/span><\/div>\n<div class=\"brz-text-btn\">\n<div class=\"brz-rich-text brz-rich-text__custom brz-css-1o3fgri\" data-brz-custom-id=\"nicvysrbfkaqijslaaepupqhrudqzuukqado\">\n<div data-brz-translate-text=\"1\">\n<p class=\"brz-lh-lg-1_3 brz-fw-xs-400 brz-fw-sm-400 brz-fw-lg-400 brz-ft-google brz-ff-arimo brz-ls-xs-0 brz-ls-sm-0 brz-ls-lg-0 brz-fs-xs-17 brz-fs-sm-17 brz-fs-lg-18 brz-lh-sm-1_4 brz-lh-xs-1_4 brz-css-vDI_T\" data-generated-css=\"brz-css-bwvwc\" data-uniq-id=\"ucfqb\"><span>Anestesia &#8211; General<\/span><\/p>\n<\/div>\n<\/div>\n<\/div>\n<\/div>\n<\/div>\n<div id=\"\" class=\"brz-css-j3150a brz-css-qp134f brz-wrapper\">\n<div class=\"brz-spacer brz-css-fivcod brz-css-8xx6n8\"><\/div>\n<\/div>\n<div id=\"\" class=\"brz-css-j3150a brz-css-1t9d1aw brz-wrapper\">\n<div class=\"brz-icon-text brz-css-qm5tgx\" data-brz-custom-id=\"brcmpjtzggreshvvxkbxchsyegyypnbpsfgl\">\n<div class=\"brz-icon__container\" data-brz-custom-id=\"znyhdhelnfspkwewhajiqhwntzxfioqdhshp\"><span class=\"brz-icon brz-span brz-css-1iraz8u brz-css-kvvkp1\"><\/span><\/div>\n<div class=\"brz-text-btn\">\n<div class=\"brz-rich-text brz-rich-text__custom brz-css-1o3fgri\" data-brz-custom-id=\"galnycvyexxfangjiwbjaozopcrczkxncxxq\">\n<div data-brz-translate-text=\"1\">\n<p class=\"brz-lh-sm-1_4 brz-lh-lg-1_3 brz-fw-xs-400 brz-fw-sm-400 brz-fw-lg-400 brz-ft-google brz-ff-arimo brz-ls-xs-0 brz-ls-sm-0 brz-ls-lg-0 brz-fs-xs-17 brz-fs-sm-17 brz-fs-lg-18 brz-lh-xs-1_4 brz-css-wF7xc\" data-uniq-id=\"odedx\" data-generated-css=\"brz-css-wbqgj\"><span>Duraci\u00f3n de la estancia &#8211; 4 noches<\/span><\/p>\n<\/div>\n<\/div>\n<\/div>\n<\/div>\n<\/div>\n<div id=\"\" class=\"brz-css-j3150a brz-css-qp134f brz-wrapper\">\n<div class=\"brz-spacer brz-css-fivcod brz-css-ejrpsh\"><\/div>\n<\/div>\n<div id=\"\" class=\"brz-css-j3150a brz-css-20hqod brz-wrapper\">\n<div class=\"brz-icon-text brz-css-qm5tgx\" data-brz-custom-id=\"qqphofvejyncmegktbkuuuxgljrinsdufgca\">\n<div class=\"brz-icon__container\" data-brz-custom-id=\"bhcmpojxtfdhwsvrlrmdxbfokivmerntoyrs\"><span class=\"brz-icon brz-span brz-css-1iraz8u brz-css-qpx5bv\"><\/span><\/div>\n<div class=\"brz-text-btn\">\n<div class=\"brz-rich-text brz-rich-text__custom brz-css-1o3fgri\" data-brz-custom-id=\"cgyfqjfifvolpvaoehsgiyphnvtakvdjuoca\">\n<div data-brz-translate-text=\"1\">\n<p class=\"brz-lh-sm-1_4 brz-lh-lg-1_3 brz-fw-xs-400 brz-fw-sm-400 brz-fw-lg-400 brz-ft-google brz-ff-arimo brz-ls-xs-0 brz-ls-sm-0 brz-ls-lg-0 brz-fs-xs-17 brz-fs-sm-17 brz-fs-lg-18 brz-lh-xs-1_4 brz-css-pH9NV\" data-uniq-id=\"ptyih\" data-generated-css=\"brz-css-dsify\"><span>Duraci\u00f3n de la cirug\u00eda &#8211; 1 hora<\/span><\/p>\n<\/div>\n<\/div>\n<\/div>\n<\/div>\n<\/div>\n<div id=\"\" class=\"brz-css-j3150a brz-css-qp134f brz-wrapper\">\n<div class=\"brz-spacer brz-css-fivcod brz-css-1849a4r\"><\/div>\n<\/div>\n<div id=\"\" class=\"brz-css-j3150a brz-css-1j6ftmj brz-wrapper\">\n<div class=\"brz-icon-text brz-css-qm5tgx\" data-brz-custom-id=\"ebrkqaaispumgapjdzulzdfefqbvxqiqymkc\">\n<div class=\"brz-icon__container\" data-brz-custom-id=\"gdoszgtwedkqfqkympbcmkkponxbvquayked\"><span class=\"brz-icon brz-span brz-css-1iraz8u brz-css-wrq79e\"><\/span><\/div>\n<div class=\"brz-text-btn\">\n<div class=\"brz-rich-text brz-rich-text__custom brz-css-1o3fgri\" data-brz-custom-id=\"unsugugnchwyqjpuyjmealgfjuopjvfewawu\">\n<div data-brz-translate-text=\"1\">\n<p class=\"brz-lh-xs-1_4 brz-fs-lg-18 brz-fs-sm-17 brz-fs-xs-17 brz-ls-lg-0 brz-ls-sm-0 brz-ls-xs-0 brz-ff-arimo brz-ft-google brz-fw-lg-400 brz-fw-sm-400 brz-fw-xs-400 brz-lh-lg-1_3 brz-lh-sm-1_4 brz-css-lkxPQ\" data-uniq-id=\"schhu\" data-generated-css=\"brz-css-ilfvm\"><span>Vuelta a la vida normal &#8211; 10 d\u00edas<\/span><\/p>\n<\/div>\n<\/div>\n<\/div>\n<\/div>\n<\/div>\n<div id=\"\" class=\"brz-css-j3150a brz-css-qp134f brz-wrapper\">\n<div class=\"brz-spacer brz-css-fivcod brz-css-oc8jni\"><\/div>\n<\/div>\n<\/div>\n<\/div>\n<div class=\"brz-columns brz-css-1w2rtto brz-css-10oullo\" data-brz-custom-id=\"hcreahakfouwpuwhjftascvxvtkwrgijtuyv\">\n<div class=\"brz-bg\"><\/div>\n<div class=\"brz-column__items brz-css-vvdoyc brz-css-1l5kc5u\">\n<div id=\"\" class=\"brz-css-j3150a brz-css-1ujv1kj brz-wrapper\">\n<div class=\"brz-image brz-css-57fekc brz-css-yog7xw\" data-brz-custom-id=\"goafgjyepyvlllfzecxljofxlhdydwmmvlsi\"><img decoding=\"async\" class=\"brz-img\" src=\"https:\/\/drmakclinic.com\/es?brizy_media=wp-8c95d4297c43fa3a4ec6a37399cfbe7e.png&amp;brizy_crop=original\" alt=\"\" loading=\"lazy\"><\/div>\n<\/div>\n<\/div>\n<\/div>\n<\/div>\n<\/div>\n<\/div>\n<\/div>\n<\/section>\n<section id=\"_iyargbkglaattozjoyrkpoegvlwugjyrncmc\" class=\"brz-section brz-css-1mcl5mu\">\n<div class=\"brz-section__content brz-section--boxed brz-css-1u50n03 brz-css-uy0cl\" data-brz-custom-id=\"qgmdnwoyzfalfduzkauxhlgzylpcszgjzxvb\">\n<div class=\"brz-bg\">\n<div class=\"brz-bg-color\"><\/div>\n<\/div>\n<div class=\"brz-container brz-css-4mae6d\">\n<div id=\"\" class=\"brz-css-j3150a brz-wrapper\">\n<div class=\"brz-line brz-line-default brz-css-p0bcqt brz-css-tgdu2d\" data-brz-custom-id=\"cckannjngdvypzgrvjjrcmodqewwtiaahfdi\">\n<hr class=\"brz-hr\"><\/div>\n<\/div>\n<div class=\"brz-row__container brz-css-1ddxkhq\" data-brz-custom-id=\"rciweaufuvyxwjrqrguwvlcgnmluxqhpjkov\">\n<div class=\"brz-bg\"><\/div>\n<div class=\"brz-row brz-css-ccqarq\">\n<div class=\"brz-columns brz-css-1w2rtto brz-css-3j6j4k\" data-brz-custom-id=\"hffjniswivvfbxkwdnmdcecgjxivsupdjwha\">\n<div class=\"brz-bg\"><\/div>\n<div class=\"brz-column__items brz-css-vvdoyc\"><\/div>\n<\/div>\n<div class=\"brz-columns brz-css-1w2rtto brz-css-skam3s\" data-brz-custom-id=\"xpyciziyrvfhcedanplkedwyfgmefzktallc\">\n<div class=\"brz-bg\"><\/div>\n<div class=\"brz-column__items brz-css-vvdoyc\">\n<div id=\"\" class=\"brz-css-j3150a brz-wrapper\">\n<div class=\"brz-rich-text brz-rich-text__custom brz-css-1o3fgri\" data-brz-custom-id=\"xsnfjprxmqhywlgjrednrbqymsiirhnmvasm\">\n<div data-brz-translate-text=\"1\">\n<p class=\"brz-tp-lg-empty brz-ff-ckyztbazucvfgxnrkwthfbuhnumrbfrmhags brz-ft-upload brz-fs-lg-21 brz-fss-lg-px brz-fw-lg-400 brz-ls-lg-0 brz-lh-lg-1_9 brz-css-lm_OG\" data-uniq-id=\"cbqoc\" data-generated-css=\"brz-css-vzkfu\"><span class=\"brz-cp-color2\">Antes del tratamiento, es posible que deba:<\/span><\/p>\n<\/div>\n<\/div>\n<\/div>\n<div id=\"\" class=\"brz-css-j3150a brz-css-68zvlr brz-wrapper\">\n<div class=\"brz-icon-text brz-css-qm5tgx\" data-brz-custom-id=\"efrdkvgzvfyikjrfnrszuxhpinjnkbbrhrcd\">\n<div class=\"brz-icon__container\" data-brz-custom-id=\"mmqiumwgwjnvopszmbyvqbxmutzbgkqrsdir\"><span class=\"brz-icon brz-span brz-css-1iraz8u brz-css-1bg5za4\"><\/span><\/div>\n<div class=\"brz-text-btn\">\n<div class=\"brz-rich-text brz-rich-text__custom brz-css-1o3fgri\" data-brz-custom-id=\"pyochpaqdgcnqticltnmmqpdyfjloalihcyp\">\n<div data-brz-translate-text=\"1\">\n<p class=\"brz-lh-lg-1_3 brz-fw-xs-400 brz-fw-sm-400 brz-fw-lg-400 brz-ft-google brz-ff-arimo brz-ls-xs-0 brz-ls-sm-0 brz-ls-lg-0 brz-fs-xs-17 brz-fs-sm-17 brz-fs-lg-18 brz-lh-sm-1_4 brz-lh-xs-1_4 brz-css-apsAh\" data-generated-css=\"brz-css-xclrd\" data-uniq-id=\"gxszp\"><span>Dejar de fumar. Fumar disminuye el flujo de sangre en la piel y puede retrasar el proceso de curaci\u00f3n. Si fuma, el Dr. Mak le recomendar\u00e1 que deje de fumar antes de la cirug\u00eda y durante el periodo de la recuperaci\u00f3n.<\/span><\/p>\n<\/div>\n<\/div>\n<\/div>\n<\/div>\n<\/div>\n<div id=\"\" class=\"brz-css-j3150a brz-css-qp134f brz-wrapper\">\n<div class=\"brz-spacer brz-css-fivcod brz-css-fehbqy\"><\/div>\n<\/div>\n<div id=\"\" class=\"brz-css-j3150a brz-css-409h52 brz-wrapper\">\n<div class=\"brz-icon-text brz-css-qm5tgx\" data-brz-custom-id=\"nzkxmxeirxnfbcnqxinbcisckuqbjjvwowuy\">\n<div class=\"brz-icon__container\" data-brz-custom-id=\"gmgafxenwwktkbbgqxkvzydoqusfusesmnfo\"><span class=\"brz-icon brz-span brz-css-1iraz8u brz-css-106ndrk\"><\/span><\/div>\n<div class=\"brz-text-btn\">\n<div class=\"brz-rich-text brz-rich-text__custom brz-css-1o3fgri\" data-brz-custom-id=\"xsvqvmhbgmeyidpvwcwymvbxygolejssxfyv\">\n<div data-brz-translate-text=\"1\">\n<p class=\"brz-lh-lg-1_3 brz-fw-xs-400 brz-fw-sm-400 brz-fw-lg-400 brz-ft-google brz-ff-arimo brz-ls-xs-0 brz-ls-sm-0 brz-ls-lg-0 brz-fs-xs-17 brz-fs-sm-17 brz-fs-lg-18 brz-lh-sm-1_4 brz-lh-xs-1_4 brz-css-nYIaP\" data-generated-css=\"brz-css-ikmus\" data-uniq-id=\"itgda\"><span>Evite ciertos medicamentos. Es probable que deba evitar tomar aspirina, medicamentos antiinflamatorios, anticoagualantes y suplementos herbales, que pueden aumentar el sangrado.<\/span><\/p>\n<\/div>\n<\/div>\n<\/div>\n<\/div>\n<\/div>\n<\/div>\n<\/div>\n<div class=\"brz-columns brz-css-1w2rtto brz-css-455eyj\" data-brz-custom-id=\"wrkskhxakyjhwkpkapcrerjewwoacqwmfuvr\">\n<div class=\"brz-bg\"><\/div>\n<div class=\"brz-column__items brz-css-vvdoyc\"><\/div>\n<\/div>\n<\/div>\n<\/div>\n<\/div>\n<\/div>\n<\/section>\n<section id=\"_ikfuzpeyglafionqjaelcgwswilcdmsagfem\" class=\"brz-section brz-css-1mcl5mu\">\n<div class=\"brz-section__content brz-section--boxed brz-css-1u50n03 brz-css-dt0ssq\" data-brz-custom-id=\"nelsyohisqnqkbpxvzezymaoqkgeuhoqjhdq\">\n<div class=\"brz-bg\">\n<div class=\"brz-bg-color\"><\/div>\n<\/div>\n<div class=\"brz-container brz-css-4mae6d\">\n<div id=\"\" class=\"brz-css-j3150a brz-wrapper\">\n<div class=\"brz-line brz-line-default brz-css-p0bcqt brz-css-1ejtz70\" data-brz-custom-id=\"zbbuctolwiitwxkmezgdlhqflzcftzohivck\">\n<hr class=\"brz-hr\"><\/div>\n<\/div>\n<\/div>\n<\/div>\n<\/section>\n<section id=\"_sbeohpfoiztlllnsdaphbboaaoapidwtcnro\" class=\"brz-section brz-css-1mcl5mu\">\n<div class=\"brz-section__content brz-section--boxed brz-css-1u50n03 brz-css-suotzz\" data-brz-custom-id=\"nijjcuhuigbmiiwngvqltbnejchiljclzupy\">\n<div class=\"brz-bg\">\n<div class=\"brz-bg-color\"><\/div>\n<\/div>\n<div class=\"brz-container brz-css-4mae6d\">\n<div id=\"\" class=\"brz-css-j3150a brz-wrapper\">\n<div class=\"brz-line brz-line-default brz-css-p0bcqt brz-css-1ybl04k\" data-brz-custom-id=\"kwlipydmubscxruphzppjsvrfsewdyxsjant\">\n<hr class=\"brz-hr\"><\/div>\n<\/div>\n<div id=\"\" class=\"brz-css-j3150a brz-css-qp134f brz-wrapper\">\n<div class=\"brz-spacer brz-css-fivcod brz-css-1ruiyhh\"><\/div>\n<\/div>\n<div class=\"brz-row__container brz-css-1ddxkhq\" data-brz-custom-id=\"poghkadahbjgvaiwduprssauuemmornkjxfh\">\n<div class=\"brz-bg\"><\/div>\n<div class=\"brz-row brz-css-ccqarq brz-css-g8yxfk\">\n<div class=\"brz-columns brz-css-1w2rtto brz-css-1dkg06s\" data-brz-custom-id=\"hhspnjrgmgdwdmxowtksxnofraelbgynrxln\">\n<div class=\"brz-bg\"><\/div>\n<div class=\"brz-column__items brz-css-vvdoyc brz-css-k3cou0\">\n<div id=\"\" class=\"brz-css-j3150a brz-css-1459imz brz-wrapper\">\n<div class=\"brz-image brz-css-162wa9 brz-css-1f9qh7n\" data-brz-custom-id=\"yeeclatnrfztvhxtqlpcqzoqsglzkdrcepqy\"><img decoding=\"async\" class=\"brz-img\" src=\"https:\/\/drmakclinic.com\/es?brizy_media=wp-9b7486b9d786a0648588605ea135d33b.jpg&amp;brizy_crop=iW%3D316%26iH%3D211%26oX%3D90%26oY%3D23%26cW%3D105%26cH%3D106\" alt=\"\" loading=\"lazy\"><\/div>\n<\/div>\n<\/div>\n<\/div>\n<div class=\"brz-columns brz-css-1w2rtto brz-css-1ka9k8q\" data-brz-custom-id=\"mvsjkfnobxlmitxhpdcbuzhdcxzdjzchraqe\">\n<div class=\"brz-bg\"><\/div>\n<div class=\"brz-column__items brz-css-vvdoyc brz-css-alcnf7\">\n<div id=\"\" class=\"brz-css-j3150a brz-wrapper\">\n<div class=\"brz-rich-text brz-rich-text__custom brz-css-1o3fgri\" data-brz-custom-id=\"resvxbmuvidvazhzpoekzlujcstgxmatsmme\">\n<div data-brz-translate-text=\"1\">\n<p data-uniq-id=\"egydo\" data-generated-css=\"brz-css-trizt\" class=\"brz-tp-lg-empty brz-ff-ckyztbazucvfgxnrkwthfbuhnumrbfrmhags brz-ft-upload brz-fs-lg-24 brz-fss-lg-px brz-fw-lg-400 brz-ls-lg-0 brz-lh-lg-1_5 brz-css-ia2vc\">As you begin your journey toward considering plastic surgery and other cosmetic enhancements , my goal as your plastic surgeon is to provide you the highest quality of care throughout the entire process.<\/p>\n<\/div>\n<\/div>\n<\/div>\n<div id=\"\" class=\"brz-css-j3150a brz-css-qp134f brz-css-17i9b0r brz-wrapper\">\n<div class=\"brz-spacer brz-css-fivcod brz-css-9c23oi\"><\/div>\n<\/div>\n<div id=\"\" class=\"brz-css-j3150a brz-css-1layw7q brz-wrapper\">\n<div class=\"brz-rich-text brz-rich-text__custom brz-css-1o3fgri\" data-brz-custom-id=\"vvxknsfooiqkuiujurshezuhfqvtcybkfdws\">\n<div data-brz-translate-text=\"1\">\n<p class=\"brz-text-xs-center brz-tp-lg-heading4 brz-css-t7KYo\" data-uniq-id=\"mrayu\" data-generated-css=\"brz-css-yakzy\"><strong class=\"brz-cp-color2\">Dr. Mehmet Arif Karag\u00f6z<\/strong><\/p>\n<\/div>\n<\/div>\n<\/div>\n<div id=\"\" class=\"brz-css-j3150a brz-css-osmxcu brz-wrapper\">\n<div class=\"brz-rich-text brz-rich-text__custom brz-css-1o3fgri\" data-brz-custom-id=\"bkebrayyyvmnekgronhreizehpewcleeskag\">\n<div data-brz-translate-text=\"1\">\n<p class=\"brz-text-xs-center brz-tp-lg-paragraph brz-css-uIP7C\" data-uniq-id=\"xuihj\" data-generated-css=\"brz-css-uaiir\"><span class=\"brz-cp-color7\">DRMAK Plastic Surgeon<\/span><\/p>\n<\/div>\n<\/div>\n<\/div>\n<\/div>\n<\/div>\n<\/div>\n<\/div>\n<div id=\"\" class=\"brz-css-j3150a brz-css-qp134f brz-css-8uy4d8 brz-wrapper\">\n<div class=\"brz-spacer brz-css-fivcod brz-css-1kguh4j\"><\/div>\n<\/div>\n<div id=\"\" class=\"brz-css-j3150a brz-wrapper\">\n<div class=\"brz-line brz-line-default brz-css-p0bcqt brz-css-16bak3w\" data-brz-custom-id=\"vkynvpwjaajcvykstrctcuiibptbpwsmbyjx\">\n<hr class=\"brz-hr\"><\/div>\n<\/div>\n<\/div>\n<\/div>\n<\/section>\n<\/div>\n<p>    <!-- version:1738155652 --><\/p>\n","protected":false},"excerpt":{"rendered":"<p>LIFTING DE LABIOS LIFTING DE LABIOS El lifting de labios es un procedimiento quir\u00fargico cosm\u00e9tico que crea un equilibrio y una forma est\u00e9ticamente m\u00e1s agradable del \u00e1rea de los labios. Anestesia &#8211; General Duraci\u00f3n de la estancia &#8211; 4 noches Duraci\u00f3n de la cirug\u00eda &#8211; 1 hora Vuelta a la vida normal &#8211; 10 d\u00edas [&hellip;]<\/p>\n","protected":false},"author":1,"featured_media":0,"parent":1129,"menu_order":0,"comment_status":"closed","ping_status":"closed","template":"","meta":{"footnotes":""},"class_list":["post-1212","page","type-page","status-publish","hentry"],"blocksy_meta":{"styles_descriptor":{"styles":{"desktop":"","tablet":"","mobile":""},"google_fonts":[],"version":6}},"_links":{"self":[{"href":"https:\/\/drmakclinic.com\/es\/wp-json\/wp\/v2\/pages\/1212","targetHints":{"allow":["GET"]}}],"collection":[{"href":"https:\/\/drmakclinic.com\/es\/wp-json\/wp\/v2\/pages"}],"about":[{"href":"https:\/\/drmakclinic.com\/es\/wp-json\/wp\/v2\/types\/page"}],"author":[{"embeddable":true,"href":"https:\/\/drmakclinic.com\/es\/wp-json\/wp\/v2\/users\/1"}],"replies":[{"embeddable":true,"href":"https:\/\/drmakclinic.com\/es\/wp-json\/wp\/v2\/comments?post=1212"}],"version-history":[{"count":0,"href":"https:\/\/drmakclinic.com\/es\/wp-json\/wp\/v2\/pages\/1212\/revisions"}],"up":[{"embeddable":true,"href":"https:\/\/drmakclinic.com\/es\/wp-json\/wp\/v2\/pages\/1129"}],"wp:attachment":[{"href":"https:\/\/drmakclinic.com\/es\/wp-json\/wp\/v2\/media?parent=1212"}],"curies":[{"name":"wp","href":"https:\/\/api.w.org\/{rel}","templated":true}]}}