{"id":1218,"date":"2022-08-28T20:49:31","date_gmt":"2022-08-28T17:49:31","guid":{"rendered":"https:\/\/drmakclinic.com\/?page_id=1218"},"modified":"2025-01-29T20:14:12","modified_gmt":"2025-01-29T17:14:12","slug":"lower-eyelid-surgery","status":"publish","type":"page","link":"https:\/\/drmakclinic.com\/es\/procedures\/aesthetic-plastic-surgery\/lower-eyelid-surgery\/","title":{"rendered":"Lower Eyelid Surgery"},"content":{"rendered":"<div class=\"brz-root__container brz-reset-all brz brz-root__container-page\">\n<section id=\"_bxkbywruryzrexitxmlqqtoizyujjnbwrmuq\" class=\"brz-section brz-css-u4kklo\">\n<div class=\"brz-section__content brz-section--boxed brz-css-1lkyjtv brz-css-1jane84\" data-brz-custom-id=\"cybkksvuimvtaeftdudrcuihmhplfjmvqlue\">\n<div class=\"brz-bg\">\n<div class=\"brz-bg-color\"><\/div>\n<\/div>\n<div class=\"brz-container brz-css-11vaya7\">\n<div class=\"brz-row__container brz-css-1p77czq\" data-brz-custom-id=\"tpphydbkajhbgpdyhuxdxfiklmjtwewjqlsd\">\n<div class=\"brz-bg\"><\/div>\n<div class=\"brz-row brz-css-bhajrp brz-css-ijc3km\">\n<div class=\"brz-columns brz-css-1on757c brz-css-ydrhxf\" data-brz-custom-id=\"xlxtawjehbrvqftvcgbekdawacgxowgvhonl\">\n<div class=\"brz-bg\"><\/div>\n<div class=\"brz-column__items brz-css-1l6b3sz\">\n<div id=\"\" class=\"brz-css-1xat1xz brz-wrapper\">\n<div class=\"brz-icon-text brz-css-1tc15jp brz-css-1aoif7i\" data-brz-custom-id=\"mxssxpuhxjqhbzputxrhpzpnevmbxteoicdq\">\n<div class=\"brz-icon__container\" data-brz-custom-id=\"lgrhtoqkturhlrxbhorhsngsysxvexpwrdqi\"><span class=\"brz-icon brz-span brz-css-yv4uf1 brz-css-8lf7pv\"><\/span><\/div>\n<div class=\"brz-text-btn\">\n<div class=\"brz-rich-text brz-rich-text__custom brz-css-iu0foq\" data-brz-custom-id=\"hhhkbzfbgveiglmpvzsmyziyqevixoqijovm\">\n<div data-brz-translate-text=\"1\">\n<p class=\"brz-lh-lg-1 brz-ls-lg-0 brz-fw-lg-400 brz-fss-lg-px brz-fs-lg-66 brz-ft-upload brz-ff-izzivsxniqvyexslaslvwzgtgnghvrxuxiru brz-tp-lg-empty brz-css-v0UwZ\" data-generated-css=\"brz-css-zjcme\" data-uniq-id=\"rdyyi\"><span>CIRUGIA DEL PARP\u00c1DO INFERIOR (BLEFAROPLASTIA)<\/span><\/p>\n<\/div>\n<\/div>\n<\/div>\n<\/div>\n<\/div>\n<\/div>\n<\/div>\n<\/div>\n<\/div>\n<\/div>\n<\/div>\n<\/section>\n<section id=\"_rouvkxtxafvdpkaodfdvnqrocintorscposj\" class=\"brz-section brz-css-u4kklo\">\n<div class=\"brz-section__content brz-section--boxed brz-css-1lkyjtv brz-css-830rbn\" data-brz-custom-id=\"whqtthuyfqoejkqxcxswcxaoabiwqzqcvkre\">\n<div class=\"brz-bg\">\n<div class=\"brz-bg-color\"><\/div>\n<\/div>\n<div class=\"brz-container brz-css-11vaya7\">\n<div id=\"\" class=\"brz-css-1xat1xz brz-wrapper\">\n<div class=\"brz-line brz-line-default brz-css-1xte50q brz-css-1sq4nvp\" data-brz-custom-id=\"jtimqdgojkwbpoczcavimogizbvohpxsudgp\">\n<hr class=\"brz-hr\"><\/div>\n<\/div>\n<div class=\"brz-row__container brz-css-1p77czq\" data-brz-custom-id=\"cjzkwvmibjwhnltniogyurokieebsphkxrii\">\n<div class=\"brz-bg\"><\/div>\n<div class=\"brz-row brz-css-bhajrp brz-css-2hpdt4\">\n<div class=\"brz-columns brz-css-1on757c brz-css-b6z1t5\" data-brz-custom-id=\"dzbcbtazpgrzifdangpkwjlwuoteeeobaanm\">\n<div class=\"brz-bg\"><\/div>\n<div class=\"brz-column__items brz-css-1l6b3sz brz-css-6k7je\">\n<div id=\"\" class=\"brz-css-1xat1xz brz-css-jn0w76 brz-wrapper\">\n<div class=\"brz-rich-text brz-rich-text__custom brz-css-iu0foq\" data-brz-custom-id=\"otudsyibjkkpfpetmxrwcolkhugmvlfoevoz\">\n<div data-brz-translate-text=\"1\">\n<p class=\"brz-lh-lg-1_5 brz-ls-lg-1_1 brz-fw-lg-700 brz-fss-lg-px brz-fs-lg-13 brz-ft-google brz-ff-manrope brz-tp-lg-empty brz-css-fdIoV\" data-generated-css=\"brz-css-tuytx\" data-uniq-id=\"ujlng\"><span class=\"brz-capitalize-on\">CIRUGIA DEL PARP\u00c1DO INFERIOR (BLEFAROPLASTIA)<\/span><\/p>\n<\/div>\n<\/div>\n<\/div>\n<div id=\"\" class=\"brz-css-1xat1xz brz-css-12msv3n brz-wrapper\">\n<div class=\"brz-rich-text brz-rich-text__custom brz-css-iu0foq\" data-brz-custom-id=\"kzfnmttngvqyfsvceepkvnjikbzmiyglfkps\">\n<div data-brz-translate-text=\"1\">\n<p class=\"brz-lh-lg-1_3 brz-tp-lg-empty brz-ff-ckyztbazucvfgxnrkwthfbuhnumrbfrmhags brz-ft-upload brz-fs-lg-36 brz-fss-lg-px brz-fw-lg-400 brz-ls-lg-0 brz-css-kPtmj\" data-uniq-id=\"ipsek\" data-generated-css=\"brz-css-aooma\"><span>La cirug\u00eda para deshacerte de las bolsas debajo los ojos o para reparar las bolsas inferiores de los ojos y el exceso de piel es un procedimiento m\u00e1s complicado que la cirug\u00eda de p\u00e1rpados superiores y, en su mayor\u00eda, requiere anestesia general.<\/span><\/p>\n<\/div>\n<\/div>\n<\/div>\n<div id=\"\" class=\"brz-css-1xat1xz brz-css-18ef85h brz-wrapper\">\n<div class=\"brz-spacer brz-css-64e7gq brz-css-1uoird9\"><\/div>\n<\/div>\n<div id=\"\" class=\"brz-css-1xat1xz brz-css-18ef85h brz-wrapper\">\n<div class=\"brz-spacer brz-css-64e7gq brz-css-1h17iz3\"><\/div>\n<\/div>\n<div id=\"\" class=\"brz-css-1xat1xz brz-css-pri0dg brz-wrapper\">\n<div class=\"brz-icon-text brz-css-1tc15jp\" data-brz-custom-id=\"yqouajsozfrtdkixlpagqbemkmqrwwkafnhl\">\n<div class=\"brz-icon__container\" data-brz-custom-id=\"zclpkshbecqsbxbjrucrugarogrclgirtigd\"><span class=\"brz-icon brz-span brz-css-yv4uf1 brz-css-1c1278i\"><\/span><\/div>\n<div class=\"brz-text-btn\">\n<div class=\"brz-rich-text brz-rich-text__custom brz-css-iu0foq\" data-brz-custom-id=\"jpucfriarnkhlfskthdgkrqolqnujjsudavv\">\n<div data-brz-translate-text=\"1\">\n<p class=\"brz-lh-xs-1_4 brz-lh-sm-1_4 brz-fs-lg-18 brz-fs-sm-17 brz-fs-xs-17 brz-ls-lg-0 brz-ls-sm-0 brz-ls-xs-0 brz-ff-arimo brz-ft-google brz-fw-lg-400 brz-fw-sm-400 brz-fw-xs-400 brz-lh-lg-1_3 brz-css-eGUUK\" data-uniq-id=\"jbltn\" data-generated-css=\"brz-css-gdgyg\"><span>Anestesia &#8211; General<\/span><\/p>\n<\/div>\n<\/div>\n<\/div>\n<\/div>\n<\/div>\n<div id=\"\" class=\"brz-css-1xat1xz brz-css-18ef85h brz-wrapper\">\n<div class=\"brz-spacer brz-css-64e7gq brz-css-dhmeuc\"><\/div>\n<\/div>\n<div id=\"\" class=\"brz-css-1xat1xz brz-css-htxgqr brz-wrapper\">\n<div class=\"brz-icon-text brz-css-1tc15jp\" data-brz-custom-id=\"ruymkzwiewekcreuuvumabekviggoejkktua\">\n<div class=\"brz-icon__container\" data-brz-custom-id=\"exxkddtdvnxecntmpmkcbudpvvdvpdlyataw\"><span class=\"brz-icon brz-span brz-css-yv4uf1 brz-css-1l60uq1\"><\/span><\/div>\n<div class=\"brz-text-btn\">\n<div class=\"brz-rich-text brz-rich-text__custom brz-css-iu0foq\" data-brz-custom-id=\"lgiudtsejhxoavrlsujpcsaiahrqoyvhbbjo\">\n<div data-brz-translate-text=\"1\">\n<p class=\"brz-lh-sm-1_4 brz-lh-lg-1_3 brz-fw-xs-400 brz-fw-sm-400 brz-fw-lg-400 brz-ft-google brz-ff-arimo brz-ls-xs-0 brz-ls-sm-0 brz-ls-lg-0 brz-fs-xs-17 brz-fs-sm-17 brz-fs-lg-18 brz-lh-xs-1_4 brz-css-tv6FA\" data-uniq-id=\"ftfbi\" data-generated-css=\"brz-css-qvwuv\"><span>Duraci\u00f3n de la estancia &#8211; 5 noches<\/span><\/p>\n<\/div>\n<\/div>\n<\/div>\n<\/div>\n<\/div>\n<div id=\"\" class=\"brz-css-1xat1xz brz-css-18ef85h brz-wrapper\">\n<div class=\"brz-spacer brz-css-64e7gq brz-css-149si45\"><\/div>\n<\/div>\n<div id=\"\" class=\"brz-css-1xat1xz brz-css-1bolm6h brz-wrapper\">\n<div class=\"brz-icon-text brz-css-1tc15jp\" data-brz-custom-id=\"oqnxysryifhcmourolfzpeofqcunnkxgcuvs\">\n<div class=\"brz-icon__container\" data-brz-custom-id=\"vafrzkjajvltmxwuprqfqgyrcoxwjutzbfvv\"><span class=\"brz-icon brz-span brz-css-yv4uf1 brz-css-57gegm\"><\/span><\/div>\n<div class=\"brz-text-btn\">\n<div class=\"brz-rich-text brz-rich-text__custom brz-css-iu0foq\" data-brz-custom-id=\"cgkqzjvmttkurdvledcmimncysqbhgviihtw\">\n<div data-brz-translate-text=\"1\">\n<p class=\"brz-lh-sm-1_4 brz-lh-lg-1_3 brz-fw-xs-400 brz-fw-sm-400 brz-fw-lg-400 brz-ft-google brz-ff-arimo brz-ls-xs-0 brz-ls-sm-0 brz-ls-lg-0 brz-fs-xs-17 brz-fs-sm-17 brz-fs-lg-18 brz-lh-xs-1_4 brz-css-w91hY\" data-uniq-id=\"vvdbw\" data-generated-css=\"brz-css-jqzmq\"><span>Duraci\u00f3n de la cirug\u00eda &#8211; 1 hora<\/span><\/p>\n<\/div>\n<\/div>\n<\/div>\n<\/div>\n<\/div>\n<div id=\"\" class=\"brz-css-1xat1xz brz-css-18ef85h brz-wrapper\">\n<div class=\"brz-spacer brz-css-64e7gq brz-css-b8phx4\"><\/div>\n<\/div>\n<div id=\"\" class=\"brz-css-1xat1xz brz-css-1xlr9j9 brz-wrapper\">\n<div class=\"brz-icon-text brz-css-1tc15jp\" data-brz-custom-id=\"vqefvqyqjanezyvlfdexzhbddumsjxqehmjc\">\n<div class=\"brz-icon__container\" data-brz-custom-id=\"croomubavfsbaugummwhsyavuyaxijvyfbvx\"><span class=\"brz-icon brz-span brz-css-yv4uf1 brz-css-1xl1jx3\"><\/span><\/div>\n<div class=\"brz-text-btn\">\n<div class=\"brz-rich-text brz-rich-text__custom brz-css-iu0foq\" data-brz-custom-id=\"kosaxixsbdieikfgpzbyeugadufraulggtmn\">\n<div data-brz-translate-text=\"1\">\n<p class=\"brz-lh-sm-1_4 brz-lh-lg-1_3 brz-fw-xs-400 brz-fw-sm-400 brz-fw-lg-400 brz-ft-google brz-ff-arimo brz-ls-xs-0 brz-ls-sm-0 brz-ls-lg-0 brz-fs-xs-17 brz-fs-sm-17 brz-fs-lg-18 brz-lh-xs-1_4 brz-css-ufUGS\" data-generated-css=\"brz-css-atqmj\" data-uniq-id=\"ttxam\"><span>Vuelta a la vida normal &#8211; 1 semana<\/span><\/p>\n<\/div>\n<\/div>\n<\/div>\n<\/div>\n<\/div>\n<div id=\"\" class=\"brz-css-1xat1xz brz-css-18ef85h brz-wrapper\">\n<div class=\"brz-spacer brz-css-64e7gq brz-css-16d9x9d\"><\/div>\n<\/div>\n<\/div>\n<\/div>\n<div class=\"brz-columns brz-css-1on757c brz-css-f5hns7\" data-brz-custom-id=\"waieiklbzlstpmsikanmydamnmbsqvaqjpjq\">\n<div class=\"brz-bg\"><\/div>\n<div class=\"brz-column__items brz-css-1l6b3sz brz-css-1l8xcix\">\n<div id=\"\" class=\"brz-css-1xat1xz brz-css-1v208f5 brz-wrapper\">\n<div class=\"brz-image brz-css-16a1bkh brz-css-8yin28\" data-brz-custom-id=\"etxebmengmmenyvgmvtvqiwdmghfidgapcxg\"><img decoding=\"async\" class=\"brz-img\" src=\"https:\/\/drmakclinic.com\/es?brizy_media=wp-c1939866f713c97e5d256ca62e43b8f4.png&amp;brizy_crop=original\" alt=\"\" loading=\"lazy\"><\/div>\n<\/div>\n<\/div>\n<\/div>\n<\/div>\n<\/div>\n<\/div>\n<\/div>\n<\/section>\n<section id=\"_jwcvnhxqhesnotwgeukxwkxswqqjqixjsqvy\" class=\"brz-section brz-css-u4kklo\">\n<div class=\"brz-section__content brz-section--boxed brz-css-1lkyjtv brz-css-xzwax1\" data-brz-custom-id=\"yvryvfvdskaiyoqqgzgcpaanjseeixnybgyp\">\n<div class=\"brz-bg\">\n<div class=\"brz-bg-color\"><\/div>\n<\/div>\n<div class=\"brz-container brz-css-11vaya7\">\n<div id=\"\" class=\"brz-css-1xat1xz brz-wrapper\">\n<div class=\"brz-line brz-line-default brz-css-1xte50q brz-css-124mmwl\" data-brz-custom-id=\"avzhnnykxtnxfgqwvpnsboadjaamvzofsalq\">\n<hr class=\"brz-hr\"><\/div>\n<\/div>\n<div class=\"brz-row__container brz-css-1p77czq\" data-brz-custom-id=\"qzoujmdokqcttphagdyqdbzkftuxqyygfjjg\">\n<div class=\"brz-bg\"><\/div>\n<div class=\"brz-row brz-css-bhajrp\">\n<div class=\"brz-columns brz-css-1on757c brz-css-jbym0v\" data-brz-custom-id=\"ayimazuulzlrdsvblxiklbbtrlgwdsgmuher\">\n<div class=\"brz-bg\"><\/div>\n<div class=\"brz-column__items brz-css-1l6b3sz\"><\/div>\n<\/div>\n<div class=\"brz-columns brz-css-1on757c brz-css-19455jp\" data-brz-custom-id=\"fgynfzbjarhxpgfdnvtfjcxlofyceifyctdj\">\n<div class=\"brz-bg\"><\/div>\n<div class=\"brz-column__items brz-css-1l6b3sz\">\n<div id=\"\" class=\"brz-css-1xat1xz brz-wrapper\">\n<div class=\"brz-rich-text brz-rich-text__custom brz-css-iu0foq\" data-brz-custom-id=\"xanitqstnqwcsffpkrupdlxzqxrephrxbjkr\">\n<div data-brz-translate-text=\"1\">\n<p class=\"brz-tp-lg-empty brz-ff-manrope brz-ft-google brz-fs-lg-18 brz-fss-lg-px brz-fw-lg-400 brz-ls-lg-0 brz-lh-lg-1_9 brz-css-ofkqZ\" data-uniq-id=\"egxwn,odhmr\" data-generated-css=\"brz-css-gcpuc,brz-css-anxhj\"><span class=\"brz-cp-color2\">El Dr. Mak a veces combina a este procedimiento una transferencia de grasa en el p\u00e1rpado inferior para asegurar y garantizar mucho m\u00e1s juveniles y duraderos resultados.<\/span><\/p>\n<p class=\"brz-tp-lg-empty brz-ff-manrope brz-ft-google brz-fs-lg-18 brz-fss-lg-px brz-fw-lg-400 brz-ls-lg-0 brz-lh-lg-1_9 brz-css-qNkBU\" data-uniq-id=\"egxwn,odhmr\" data-generated-css=\"brz-css-gcpuc,brz-css-anxhj\"><\/p>\n<p class=\"brz-tp-lg-empty brz-ff-manrope brz-ft-google brz-fs-lg-18 brz-fss-lg-px brz-fw-lg-400 brz-ls-lg-0 brz-lh-lg-1_9 brz-css-hKRWz\" data-uniq-id=\"egxwn,odhmr\" data-generated-css=\"brz-css-gcpuc,brz-css-anxhj\"><span class=\"brz-cp-color2\">Las estructuras del p\u00e1rpado inferior se pueden abordar por una incisi\u00f3n debajo de las pesta\u00f1as inferiores (subciliar) o dentro del p\u00e1rpado inferior (conjuntival).<\/span><\/p>\n<p class=\"brz-tp-lg-empty brz-ff-manrope brz-ft-google brz-fs-lg-18 brz-fss-lg-px brz-fw-lg-400 brz-ls-lg-0 brz-lh-lg-1_9 brz-css-xB13N\" data-uniq-id=\"egxwn,odhmr\" data-generated-css=\"brz-css-gcpuc,brz-css-anxhj\"><\/p>\n<p class=\"brz-tp-lg-empty brz-ff-manrope brz-ft-google brz-fs-lg-18 brz-fss-lg-px brz-fw-lg-400 brz-ls-lg-0 brz-lh-lg-1_9 brz-css-jVE8z\" data-uniq-id=\"odhmr\" data-generated-css=\"brz-css-anxhj\"><span class=\"brz-cp-color2\">Como la piel es tan delgada alrededor de los ojos, casi todos los pacientes tendr\u00e1n algunos morados o moretones alrededor de los ojos, que pueden tardar de 2 a 3 semanas en desaparecer por completo; sin embargo, generalmente puede  esconderlos por maquillaje despu\u00e9s de una semana.<\/span><\/p>\n<\/div>\n<\/div>\n<\/div>\n<div id=\"\" class=\"brz-css-1xat1xz brz-wrapper\">\n<div class=\"brz-rich-text brz-rich-text__custom brz-css-iu0foq\" data-brz-custom-id=\"nkxdhzhkgzkyqxruwbihcskugkkdcylqvkgi\">\n<div data-brz-translate-text=\"1\">\n<p class=\"brz-lh-lg-1_9 brz-ls-lg-0 brz-fw-lg-400 brz-fss-lg-px brz-fs-lg-22 brz-ft-upload brz-ff-ckyztbazucvfgxnrkwthfbuhnumrbfrmhags brz-tp-lg-empty brz-css-vUfLK\" data-generated-css=\"brz-css-bfcgy\" data-uniq-id=\"rehbm\"><span class=\"brz-cp-color2\">Antes del&nbsp;tratamiento, es posible que deba:<\/span><\/p>\n<\/div>\n<\/div>\n<\/div>\n<div id=\"\" class=\"brz-css-1xat1xz brz-css-192l7rf brz-wrapper\">\n<div class=\"brz-icon-text brz-css-1tc15jp\" data-brz-custom-id=\"ljxwjczixzriwwdnhikjkubogyymeslharib\">\n<div class=\"brz-icon__container\" data-brz-custom-id=\"oppsjufvsxaoafhsxnkhqlmaprqjuzhvqpnd\"><span class=\"brz-icon brz-span brz-css-yv4uf1 brz-css-xkly3e\"><\/span><\/div>\n<div class=\"brz-text-btn\">\n<div class=\"brz-rich-text brz-rich-text__custom brz-css-iu0foq\" data-brz-custom-id=\"duafbfadyzwlrgotxdumiopttlncfukoojhh\">\n<div data-brz-translate-text=\"1\">\n<p class=\"brz-lh-sm-1_4 brz-lh-lg-1_3 brz-fw-xs-400 brz-fw-sm-400 brz-fw-lg-400 brz-ft-google brz-ff-arimo brz-ls-xs-0 brz-ls-sm-0 brz-ls-lg-0 brz-fs-xs-17 brz-fs-sm-17 brz-fs-lg-18 brz-lh-xs-1_4 brz-css-t9tOy\" data-generated-css=\"brz-css-ezyqf\" data-uniq-id=\"pxvnv\"><span>Dejar de fumar. Fumar disminuye el flujo de sangre en la piel y puede retrasar el proceso de curaci\u00f3n. Si fuma, el Dr. Mak le recomendar\u00e1 que deje de fumar antes de la cirug\u00eda y durante el periodo de la recuperaci\u00f3n.<\/span><\/p>\n<\/div>\n<\/div>\n<\/div>\n<\/div>\n<\/div>\n<div id=\"\" class=\"brz-css-1xat1xz brz-css-18ef85h brz-wrapper\">\n<div class=\"brz-spacer brz-css-64e7gq brz-css-tt8uks\"><\/div>\n<\/div>\n<div id=\"\" class=\"brz-css-1xat1xz brz-css-ybi24j brz-wrapper\">\n<div class=\"brz-icon-text brz-css-1tc15jp\" data-brz-custom-id=\"yaxjzacqjppfeveixkaghglrrisehzgeobql\">\n<div class=\"brz-icon__container\" data-brz-custom-id=\"jvcpstjcaoeioshluhwraxbdkczvlwyxftoo\"><span class=\"brz-icon brz-span brz-css-yv4uf1 brz-css-nbmuli\"><\/span><\/div>\n<div class=\"brz-text-btn\">\n<div class=\"brz-rich-text brz-rich-text__custom brz-css-iu0foq\" data-brz-custom-id=\"anmkojgchlznhtcxbilpmsknkhprmqdxjhar\">\n<div data-brz-translate-text=\"1\">\n<p class=\"brz-lh-xs-1_4 brz-fs-lg-18 brz-fs-sm-17 brz-fs-xs-17 brz-ls-lg-0 brz-ls-sm-0 brz-ls-xs-0 brz-ff-arimo brz-ft-google brz-fw-lg-400 brz-fw-sm-400 brz-fw-xs-400 brz-lh-lg-1_3 brz-lh-sm-1_4 brz-css-ie00j\" data-uniq-id=\"robfm\" data-generated-css=\"brz-css-khhrz\"><span class=\"brz-cp-color2\">Evite ciertos medicamentos. Es probable que deba evitar tomar aspirina, medicamentos antiinflamatorios, anticoagualantes y suplementos herbales, que pueden aumentar el sangrado.<\/span><\/p>\n<\/div>\n<\/div>\n<\/div>\n<\/div>\n<\/div>\n<\/div>\n<\/div>\n<div class=\"brz-columns brz-css-1on757c brz-css-15v5q5g\" data-brz-custom-id=\"tcwimocmbhdbjrbfsfzkhxosqalhrivcqibw\">\n<div class=\"brz-bg\"><\/div>\n<div class=\"brz-column__items brz-css-1l6b3sz\"><\/div>\n<\/div>\n<\/div>\n<\/div>\n<\/div>\n<\/div>\n<\/section>\n<section id=\"_nvvtkfwkimsnddkqrfqsnqbapwgwggodbowy\" class=\"brz-section brz-css-u4kklo\">\n<div class=\"brz-section__content brz-section--boxed brz-css-1lkyjtv brz-css-u1zqm2\" data-brz-custom-id=\"vjngjyrwgnwkrmrzdbtbmlciopsnitvnybhq\">\n<div class=\"brz-bg\">\n<div class=\"brz-bg-color\"><\/div>\n<\/div>\n<div class=\"brz-container brz-css-11vaya7\">\n<div id=\"\" class=\"brz-css-1xat1xz brz-wrapper\">\n<div class=\"brz-line brz-line-default brz-css-1xte50q brz-css-1j6m60o\" data-brz-custom-id=\"jchoawvyvwyganmvbvqfophgaixmvabigxoz\">\n<hr class=\"brz-hr\"><\/div>\n<\/div>\n<div id=\"\" class=\"brz-css-1xat1xz brz-css-18ef85h brz-wrapper\">\n<div class=\"brz-spacer brz-css-64e7gq brz-css-1b5txqh\"><\/div>\n<\/div>\n<div class=\"brz-row__container brz-css-1p77czq\" data-brz-custom-id=\"rcitinrhebstrbjqkzsidgggfmfdudjjviag\">\n<div class=\"brz-bg\"><\/div>\n<div class=\"brz-row brz-css-bhajrp brz-css-2hpdt4\">\n<div class=\"brz-columns brz-css-1on757c brz-css-mu6ukc\" data-brz-custom-id=\"bslgyyjtunccxcckldmsrtakhkodrrmckhfm\">\n<div class=\"brz-bg\"><\/div>\n<div class=\"brz-column__items brz-css-1l6b3sz brz-css-137bdnl\">\n<div id=\"\" class=\"brz-css-1xat1xz brz-css-f7y3j1 brz-wrapper\">\n<div class=\"brz-image brz-css-baua26 brz-css-1nl371w\" data-brz-custom-id=\"oknxnhlxioouoavdyuppvgcutibbfmkntmmj\"><img decoding=\"async\" class=\"brz-img\" src=\"https:\/\/drmakclinic.com\/es?brizy_media=wp-9b7486b9d786a0648588605ea135d33b.jpg&amp;brizy_crop=iW%3D316%26iH%3D211%26oX%3D90%26oY%3D23%26cW%3D105%26cH%3D106\" alt=\"\" loading=\"lazy\"><\/div>\n<\/div>\n<\/div>\n<\/div>\n<div class=\"brz-columns brz-css-1on757c brz-css-wesxrk\" data-brz-custom-id=\"nzmajokikrwuqkykmhzcyexnwugvubquwvgh\">\n<div class=\"brz-bg\"><\/div>\n<div class=\"brz-column__items brz-css-1l6b3sz brz-css-f3oqh7\">\n<div id=\"\" class=\"brz-css-1xat1xz brz-wrapper\">\n<div class=\"brz-rich-text brz-rich-text__custom brz-css-iu0foq\" data-brz-custom-id=\"bfefxxhbpvnfpcuomiyeoixzpvfeiuhlsvca\">\n<div data-brz-translate-text=\"1\">\n<p data-uniq-id=\"egydo\" data-generated-css=\"brz-css-trizt\" class=\"brz-tp-lg-empty brz-ff-ckyztbazucvfgxnrkwthfbuhnumrbfrmhags brz-ft-upload brz-fs-lg-24 brz-fss-lg-px brz-fw-lg-400 brz-ls-lg-0 brz-lh-lg-1_5 brz-css-g5d5n\">As you begin your journey toward considering plastic surgery and other cosmetic enhancements , my goal as your plastic surgeon is to provide you the highest quality of care throughout the entire process.<\/p>\n<\/div>\n<\/div>\n<\/div>\n<div id=\"\" class=\"brz-css-1xat1xz brz-css-18ef85h brz-css-1h1q03f brz-wrapper\">\n<div class=\"brz-spacer brz-css-64e7gq brz-css-1xtpad9\"><\/div>\n<\/div>\n<div id=\"\" class=\"brz-css-1xat1xz brz-css-6vsu8x brz-wrapper\">\n<div class=\"brz-rich-text brz-rich-text__custom brz-css-iu0foq\" data-brz-custom-id=\"yatiqdsewqkdvzdszamumfqogtnopozcjbnm\">\n<div data-brz-translate-text=\"1\">\n<p class=\"brz-text-xs-center brz-tp-lg-heading4 brz-css-hioU3\" data-uniq-id=\"mrayu\" data-generated-css=\"brz-css-yakzy\"><strong class=\"brz-cp-color2\">Dr. Mehmet Arif Karag\u00f6z<\/strong><\/p>\n<\/div>\n<\/div>\n<\/div>\n<div id=\"\" class=\"brz-css-1xat1xz brz-css-rtd9of brz-wrapper\">\n<div class=\"brz-rich-text brz-rich-text__custom brz-css-iu0foq\" data-brz-custom-id=\"cdgbmomooghpvojyybdfanjoorekpmsivujj\">\n<div data-brz-translate-text=\"1\">\n<p class=\"brz-text-xs-center brz-tp-lg-paragraph brz-css-bLYc3\" data-uniq-id=\"xuihj\" data-generated-css=\"brz-css-uaiir\"><span class=\"brz-cp-color7\">DRMAK Plastic Surgeon<\/span><\/p>\n<\/div>\n<\/div>\n<\/div>\n<\/div>\n<\/div>\n<\/div>\n<\/div>\n<div id=\"\" class=\"brz-css-1xat1xz brz-css-18ef85h brz-css-5w6uto brz-wrapper\">\n<div class=\"brz-spacer brz-css-64e7gq brz-css-14fks52\"><\/div>\n<\/div>\n<div id=\"\" class=\"brz-css-1xat1xz brz-wrapper\">\n<div class=\"brz-line brz-line-default brz-css-1xte50q brz-css-s2gqfl\" data-brz-custom-id=\"cxladtkmrgozrndrosoqfuankhvameldzawp\">\n<hr class=\"brz-hr\"><\/div>\n<\/div>\n<\/div>\n<\/div>\n<\/section>\n<\/div>\n<p>    <!-- version:1738170852 --><\/p>\n","protected":false},"excerpt":{"rendered":"<p>CIRUGIA DEL PARP\u00c1DO INFERIOR (BLEFAROPLASTIA) CIRUGIA DEL PARP\u00c1DO INFERIOR (BLEFAROPLASTIA) La cirug\u00eda para deshacerte de las bolsas debajo los ojos o para reparar las bolsas inferiores de los ojos y el exceso de piel es un procedimiento m\u00e1s complicado que la cirug\u00eda de p\u00e1rpados superiores y, en su mayor\u00eda, requiere anestesia general. Anestesia &#8211; General [&hellip;]<\/p>\n","protected":false},"author":1,"featured_media":0,"parent":1129,"menu_order":0,"comment_status":"closed","ping_status":"closed","template":"","meta":{"footnotes":""},"class_list":["post-1218","page","type-page","status-publish","hentry"],"blocksy_meta":{"styles_descriptor":{"styles":{"desktop":"","tablet":"","mobile":""},"google_fonts":[],"version":6}},"_links":{"self":[{"href":"https:\/\/drmakclinic.com\/es\/wp-json\/wp\/v2\/pages\/1218","targetHints":{"allow":["GET"]}}],"collection":[{"href":"https:\/\/drmakclinic.com\/es\/wp-json\/wp\/v2\/pages"}],"about":[{"href":"https:\/\/drmakclinic.com\/es\/wp-json\/wp\/v2\/types\/page"}],"author":[{"embeddable":true,"href":"https:\/\/drmakclinic.com\/es\/wp-json\/wp\/v2\/users\/1"}],"replies":[{"embeddable":true,"href":"https:\/\/drmakclinic.com\/es\/wp-json\/wp\/v2\/comments?post=1218"}],"version-history":[{"count":0,"href":"https:\/\/drmakclinic.com\/es\/wp-json\/wp\/v2\/pages\/1218\/revisions"}],"up":[{"embeddable":true,"href":"https:\/\/drmakclinic.com\/es\/wp-json\/wp\/v2\/pages\/1129"}],"wp:attachment":[{"href":"https:\/\/drmakclinic.com\/es\/wp-json\/wp\/v2\/media?parent=1218"}],"curies":[{"name":"wp","href":"https:\/\/api.w.org\/{rel}","templated":true}]}}