{"id":1224,"date":"2022-08-28T20:49:47","date_gmt":"2022-08-28T17:49:47","guid":{"rendered":"https:\/\/drmakclinic.com\/?page_id=1224"},"modified":"2025-01-29T18:13:14","modified_gmt":"2025-01-29T15:13:14","slug":"penis-enlargement","status":"publish","type":"page","link":"https:\/\/drmakclinic.com\/es\/procedures\/aesthetic-plastic-surgery\/penis-enlargement\/","title":{"rendered":"Penis Enlargement"},"content":{"rendered":"<div class=\"brz-root__container brz-reset-all brz brz-root__container-page\">\n<section id=\"_uvnizlxuwjizubbwdyrkxkdktjceciaidkam\" class=\"brz-section brz-css-bckh8e\">\n<div class=\"brz-section__content brz-section--boxed brz-css-1qofn53 brz-css-16pq95i\" data-brz-custom-id=\"gipsspnstkduwrywrxpwhrhkrtygrsyyvhun\">\n<div class=\"brz-bg\">\n<div class=\"brz-bg-color\"><\/div>\n<\/div>\n<div class=\"brz-container brz-css-rayipp\">\n<div class=\"brz-row__container brz-css-1hpsewp\" data-brz-custom-id=\"jwsavqvnsbgiwvtqklckpkhwfucypfjocesh\">\n<div class=\"brz-bg\"><\/div>\n<div class=\"brz-row brz-css-1evp1pj brz-css-1q5nx4t\">\n<div class=\"brz-columns brz-css-18c2hnr brz-css-1n0g388\" data-brz-custom-id=\"wfndkbtsuwrifgdbaqogrsuerqhbkxstbxhv\">\n<div class=\"brz-bg\"><\/div>\n<div class=\"brz-column__items brz-css-us69yj\">\n<div id=\"\" class=\"brz-css-15vdyku brz-wrapper\">\n<div class=\"brz-icon-text brz-css-1jgiebx brz-css-1winsdn\" data-brz-custom-id=\"seaxqaszuytnbofxtnhngvomblojgekngyxe\">\n<div class=\"brz-icon__container\" data-brz-custom-id=\"iyogubrdsptycreqfjttcyjfdojmjitzlzso\"><span class=\"brz-icon brz-span brz-css-1ku13se brz-css-1czq7ax\"><\/span><\/div>\n<div class=\"brz-text-btn\">\n<div class=\"brz-rich-text brz-rich-text__custom brz-css-s09e0\" data-brz-custom-id=\"zxcperhluysrzvfxtrmkpmawbbrngnmrbmwx\">\n<div data-brz-translate-text=\"1\">\n<p class=\"brz-tp-lg-empty brz-ff-izzivsxniqvyexslaslvwzgtgnghvrxuxiru brz-ft-upload brz-fs-lg-66 brz-fss-lg-px brz-fw-lg-400 brz-ls-lg-0 brz-lh-lg-1 ql-align-center brz-text-lg-justify brz-css-nB1Hz\" data-uniq-id=\"djyvk\" data-generated-css=\"brz-css-ptwre\"><span>Alargamiento de Pene<\/span><\/p>\n<\/div>\n<\/div>\n<\/div>\n<\/div>\n<\/div>\n<\/div>\n<\/div>\n<\/div>\n<\/div>\n<\/div>\n<\/div>\n<\/section>\n<section id=\"_yncttutnnewlzgaggzendnoecocxhljknuoz\" class=\"brz-section brz-css-bckh8e\">\n<div class=\"brz-section__content brz-section--boxed brz-css-1qofn53 brz-css-18annsc\" data-brz-custom-id=\"nqfwyzvikgijywdaydekochjmisogcrdimbg\">\n<div class=\"brz-bg\">\n<div class=\"brz-bg-color\"><\/div>\n<\/div>\n<div class=\"brz-container brz-css-rayipp\">\n<div id=\"\" class=\"brz-css-15vdyku brz-wrapper\">\n<div class=\"brz-line brz-line-default brz-css-1uul4bt brz-css-1nik85l\" data-brz-custom-id=\"jfoyteorziqpgjnszjphprytqnwqmkmsmqpb\">\n<hr class=\"brz-hr\"><\/div>\n<\/div>\n<div class=\"brz-row__container brz-css-1hpsewp\" data-brz-custom-id=\"rhnogboglcyxfwhetuecevkbitychazthxes\">\n<div class=\"brz-bg\"><\/div>\n<div class=\"brz-row brz-css-1evp1pj brz-css-1ct739p\">\n<div class=\"brz-columns brz-css-18c2hnr brz-css-1wageki\" data-brz-custom-id=\"tgsitucnaelpsuptyqkrscziwajcxzcwlzjy\">\n<div class=\"brz-bg\"><\/div>\n<div class=\"brz-column__items brz-css-us69yj brz-css-ltoukm\">\n<div id=\"\" class=\"brz-css-15vdyku brz-css-1pn6nbw brz-wrapper\">\n<div class=\"brz-rich-text brz-rich-text__custom brz-css-s09e0\" data-brz-custom-id=\"xnxzyzbmjytikkgpljpvhkiwqpuynohucywh\">\n<div data-brz-translate-text=\"1\">\n<h4 class=\"brz-lh-lg-1_5 brz-tp-lg-empty brz-ff-manrope brz-ft-google brz-fs-lg-13 brz-fss-lg-px brz-fw-lg-700 brz-ls-lg-m_0_5 brz-css-cP4S0\" data-generated-css=\"brz-css-mjvyy\" data-uniq-id=\"wtfgq\"><span class=\"brz-capitalize-on\">ALARGAMIENTO DE PENE<\/span><\/h4>\n<\/div>\n<\/div>\n<\/div>\n<div id=\"\" class=\"brz-css-15vdyku brz-css-i12i6c brz-wrapper\">\n<div class=\"brz-rich-text brz-rich-text__custom brz-css-s09e0\" data-brz-custom-id=\"wzssapkymztekejzzjzsauvxfwgrbrcjxlyp\">\n<div data-brz-translate-text=\"1\">\n<p class=\"brz-ls-lg-0 brz-fw-lg-400 brz-fss-lg-px brz-fs-lg-36 brz-ft-upload brz-ff-ckyztbazucvfgxnrkwthfbuhnumrbfrmhags brz-tp-lg-empty brz-lh-lg-1_3 brz-css-uEdJY\" data-generated-css=\"brz-css-yyvsa\" data-uniq-id=\"kfwnd\"><span class=\"brz-cp-color2\">El injerto de grasa del pene, tambi\u00e9n conocido como&nbsp;faloplastia de transferencia de grasa, tiene la capacidad de proporcionar un pene m\u00e1s grande. Eso ocurre&nbsp;al transferir la propia grasa purificada del paciente&nbsp;\u00e9l mismo&nbsp;de un&nbsp;\u00e1rea de su&nbsp;cuerpo al eje de&nbsp;su pene.<\/span><\/p>\n<\/div>\n<\/div>\n<\/div>\n<div id=\"\" class=\"brz-css-15vdyku brz-css-lwani2 brz-wrapper\">\n<div class=\"brz-spacer brz-css-px5pyy brz-css-bml5il\"><\/div>\n<\/div>\n<div id=\"\" class=\"brz-css-15vdyku brz-css-bk719t brz-wrapper\">\n<div class=\"brz-rich-text brz-rich-text__custom brz-css-s09e0\" data-brz-custom-id=\"pbogzolqgaeefbzarcvlgwfvhafcxlfwcqpz\">\n<div data-brz-translate-text=\"1\">\n<p class=\"brz-lh-lg-1_9 brz-ls-lg-0 brz-fw-lg-400 brz-fss-lg-px brz-fs-lg-16 brz-ft-google brz-ff-manrope brz-tp-lg-empty brz-css-bS1X6\" data-generated-css=\"brz-css-ojcck\" data-uniq-id=\"srros\"><span class=\"brz-cp-color2\">&nbsp;El uso de la&nbsp;grasa del propio cuerpo&nbsp;del paciente \u00e9l mismo,&nbsp;elimina el riesgo de una reacci\u00f3n al\u00e9rgica. Si cree que su pene es demasiado peque\u00f1o en proporci\u00f3n al tama\u00f1o de su cuerpo o si simplemente desea un pene m\u00e1s grande,&nbsp;puede&nbsp;considerar&nbsp;el alargamiento de pene.<\/span><\/p>\n<\/div>\n<\/div>\n<\/div>\n<div id=\"\" class=\"brz-css-15vdyku brz-css-lwani2 brz-wrapper\">\n<div class=\"brz-spacer brz-css-px5pyy brz-css-1wnvxyq\"><\/div>\n<\/div>\n<div id=\"\" class=\"brz-css-15vdyku brz-css-cqrhhd brz-wrapper\">\n<div class=\"brz-icon-text brz-css-1jgiebx\" data-brz-custom-id=\"puitntxipxdugjuzufwwmioasgxctzifbhmf\">\n<div class=\"brz-icon__container\" data-brz-custom-id=\"dyhdvnbthvypmvsixrbexqjkkrevgmcdqbce\"><span class=\"brz-icon brz-span brz-css-1ku13se brz-css-94m4xz\"><\/span><\/div>\n<div class=\"brz-text-btn\">\n<div class=\"brz-rich-text brz-rich-text__custom brz-css-s09e0\" data-brz-custom-id=\"vytqouzvktocirisbikamfsqieugaqmluzqn\">\n<div data-brz-translate-text=\"1\">\n<p class=\"brz-lh-xs-1_4 brz-lh-sm-1_4 brz-fs-lg-18 brz-fs-sm-17 brz-fs-xs-17 brz-ls-lg-0 brz-ls-sm-0 brz-ls-xs-0 brz-ff-arimo brz-ft-google brz-fw-lg-400 brz-fw-sm-400 brz-fw-xs-400 brz-lh-lg-1_3 brz-css-nTcG4\" data-uniq-id=\"zrnkc\" data-generated-css=\"brz-css-aisqe\"><span class=\"brz-cp-color2\">Anestesia &#8211; Gener<\/span><\/p>\n<\/div>\n<\/div>\n<\/div>\n<\/div>\n<\/div>\n<div id=\"\" class=\"brz-css-15vdyku brz-css-lwani2 brz-wrapper\">\n<div class=\"brz-spacer brz-css-px5pyy brz-css-bivvl4\"><\/div>\n<\/div>\n<div id=\"\" class=\"brz-css-15vdyku brz-css-nwk7ak brz-wrapper\">\n<div class=\"brz-icon-text brz-css-1jgiebx\" data-brz-custom-id=\"zkagtviwyshcdbaflrjpaynxwmfzmvlhygpv\">\n<div class=\"brz-icon__container\" data-brz-custom-id=\"skjukhhfxwvbpikhqsozcdbemroqzvnaqqqe\"><span class=\"brz-icon brz-span brz-css-1ku13se brz-css-196vur7\"><\/span><\/div>\n<div class=\"brz-text-btn\">\n<div class=\"brz-rich-text brz-rich-text__custom brz-css-s09e0\" data-brz-custom-id=\"rttepwyhcvfbbnopbrxblszqckxbmjnipuwc\">\n<div data-brz-translate-text=\"1\">\n<p class=\"brz-lh-sm-1_4 brz-lh-lg-1_3 brz-fw-xs-400 brz-fw-sm-400 brz-fw-lg-400 brz-ft-google brz-ff-arimo brz-ls-xs-0 brz-ls-sm-0 brz-ls-lg-0 brz-fs-xs-17 brz-fs-sm-17 brz-fs-lg-18 brz-lh-xs-1_4 brz-css-mSOAF\" data-uniq-id=\"dulqt\" data-generated-css=\"brz-css-etcnr\"><span>Duraci\u00f3n de la estancia &#8211;&nbsp;4&nbsp;noches<\/span><\/p>\n<\/div>\n<\/div>\n<\/div>\n<\/div>\n<\/div>\n<div id=\"\" class=\"brz-css-15vdyku brz-css-lwani2 brz-wrapper\">\n<div class=\"brz-spacer brz-css-px5pyy brz-css-pvwgno\"><\/div>\n<\/div>\n<div id=\"\" class=\"brz-css-15vdyku brz-css-fjdgty brz-wrapper\">\n<div class=\"brz-icon-text brz-css-1jgiebx\" data-brz-custom-id=\"fymyhiaiukylckohglcoresxscweewzblgll\">\n<div class=\"brz-icon__container\" data-brz-custom-id=\"zhspdmaxfcckeidrpfbqzkykmglcqphzybso\"><span class=\"brz-icon brz-span brz-css-1ku13se brz-css-1nh8tmf\"><\/span><\/div>\n<div class=\"brz-text-btn\">\n<div class=\"brz-rich-text brz-rich-text__custom brz-css-s09e0\" data-brz-custom-id=\"elbahtmffsnjhkzvpkzhuxxbtjcwleeyttpt\">\n<div data-brz-translate-text=\"1\">\n<p class=\"brz-lh-sm-1_4 brz-lh-lg-1_3 brz-fw-xs-400 brz-fw-sm-400 brz-fw-lg-400 brz-ft-google brz-ff-arimo brz-ls-xs-0 brz-ls-sm-0 brz-ls-lg-0 brz-fs-xs-17 brz-fs-sm-17 brz-fs-lg-18 brz-lh-xs-1_4 brz-css-whq2U\" data-uniq-id=\"hwzev\" data-generated-css=\"brz-css-nodgu\"><span>Duraci\u00f3n de la cirug\u00eda &#8211;&nbsp;1 &#8211; 2&nbsp;horas<\/span><\/p>\n<\/div>\n<\/div>\n<\/div>\n<\/div>\n<\/div>\n<div id=\"\" class=\"brz-css-15vdyku brz-css-lwani2 brz-wrapper\">\n<div class=\"brz-spacer brz-css-px5pyy brz-css-ieds4u\"><\/div>\n<\/div>\n<div id=\"\" class=\"brz-css-15vdyku brz-css-7piqmg brz-wrapper\">\n<div class=\"brz-icon-text brz-css-1jgiebx\" data-brz-custom-id=\"czzmldbwyzpophetkhvpcarcesgsusrgbtep\">\n<div class=\"brz-icon__container\" data-brz-custom-id=\"vwwmznpkatgortgzhaucrqdqioqdqxqxlcvw\"><span class=\"brz-icon brz-span brz-css-1ku13se brz-css-x5pwlo\"><\/span><\/div>\n<div class=\"brz-text-btn\">\n<div class=\"brz-rich-text brz-rich-text__custom brz-css-s09e0\" data-brz-custom-id=\"idzsisdobyskmziagfsxdmksohahgzjcqdmo\">\n<div data-brz-translate-text=\"1\">\n<p class=\"brz-lh-sm-1_4 brz-lh-lg-1_3 brz-fw-xs-400 brz-fw-sm-400 brz-fw-lg-400 brz-ft-google brz-ff-arimo brz-ls-xs-0 brz-ls-sm-0 brz-ls-lg-0 brz-fs-xs-17 brz-fs-sm-17 brz-fs-lg-18 brz-lh-xs-1_4 brz-css-qtIdK\" data-generated-css=\"brz-css-ujpnn\" data-uniq-id=\"tuxzk\"><span>Vuelta a la vida normal &#8211;&nbsp;2 semanas<\/span><\/p>\n<\/div>\n<\/div>\n<\/div>\n<\/div>\n<\/div>\n<div id=\"\" class=\"brz-css-15vdyku brz-css-lwani2 brz-wrapper\">\n<div class=\"brz-spacer brz-css-px5pyy brz-css-iup7xp\"><\/div>\n<\/div>\n<\/div>\n<\/div>\n<div class=\"brz-columns brz-css-18c2hnr brz-css-19ud1im\" data-brz-custom-id=\"xakjerenzxiukmaulpyhigudbxtekvcqfidw\">\n<div class=\"brz-bg\"><\/div>\n<div class=\"brz-column__items brz-css-us69yj brz-css-p0anpt\">\n<div id=\"\" class=\"brz-css-15vdyku brz-css-1ksy1r7 brz-wrapper\">\n<div class=\"brz-image brz-css-omab7q brz-css-1yyfuu\" data-brz-custom-id=\"kcqevjyherajmjlchgeoteufsdyxwhnqrenc\"><img decoding=\"async\" class=\"brz-img\" src=\"https:\/\/drmakclinic.com\/es?brizy_media=wp-4e6b90b56d6e59bcf5b79484ef52a09f.png&amp;brizy_crop=original\" alt=\"\" loading=\"lazy\"><\/div>\n<\/div>\n<\/div>\n<\/div>\n<\/div>\n<\/div>\n<\/div>\n<\/div>\n<\/section>\n<section id=\"_salctxnprmaxpazibcgvaxagrszvyalfdiwc\" class=\"brz-section brz-css-bckh8e\">\n<div class=\"brz-section__content brz-section--boxed brz-css-1qofn53 brz-css-ncbx7p\" data-brz-custom-id=\"vmczelsluyuypkdvcfucarvsboochwytgywg\">\n<div class=\"brz-bg\">\n<div class=\"brz-bg-color\"><\/div>\n<\/div>\n<div class=\"brz-container brz-css-rayipp\">\n<div id=\"\" class=\"brz-css-15vdyku brz-wrapper\">\n<div class=\"brz-line brz-line-default brz-css-1uul4bt brz-css-1qipb5w\" data-brz-custom-id=\"roafbcnlrwqgdarbiricleymzemecixfkxcc\">\n<hr class=\"brz-hr\"><\/div>\n<\/div>\n<div class=\"brz-row__container brz-css-1hpsewp\" data-brz-custom-id=\"vkkaoccwuoxclksdnuxrrbwgepdmjumzvisu\">\n<div class=\"brz-bg\"><\/div>\n<div class=\"brz-row brz-css-1evp1pj\">\n<div class=\"brz-columns brz-css-18c2hnr brz-css-1lgn9ut\" data-brz-custom-id=\"tndabmttpqyhnugspycjirjjzvqcyimvmyhd\">\n<div class=\"brz-bg\"><\/div>\n<div class=\"brz-column__items brz-css-us69yj\"><\/div>\n<\/div>\n<div class=\"brz-columns brz-css-18c2hnr brz-css-pb1vc5\" data-brz-custom-id=\"iroizhmhthhytactzvyjyxybvhnhzrdhdsjr\">\n<div class=\"brz-bg\"><\/div>\n<div class=\"brz-column__items brz-css-us69yj\">\n<div id=\"\" class=\"brz-css-15vdyku brz-wrapper\">\n<div class=\"brz-rich-text brz-rich-text__custom brz-css-s09e0\" data-brz-custom-id=\"geifgtvifhehqwdnkvmxwjzldjrwlhbyryif\">\n<div data-brz-translate-text=\"1\">\n<p class=\"brz-lh-lg-1_9 brz-ls-lg-0 brz-fw-lg-400 brz-fss-lg-px brz-fs-lg-22 brz-ft-upload brz-ff-ckyztbazucvfgxnrkwthfbuhnumrbfrmhags brz-tp-lg-empty brz-css-xdcuE\" data-generated-css=\"brz-css-ptzsp\" data-uniq-id=\"ytzcx\"><span class=\"brz-cp-color2\">Antes del&nbsp;tratamiento, es posible que deba:<\/span><\/p>\n<\/div>\n<\/div>\n<\/div>\n<div id=\"\" class=\"brz-css-15vdyku brz-css-avk4ts brz-wrapper\">\n<div class=\"brz-icon-text brz-css-1jgiebx\" data-brz-custom-id=\"wopntzvgnmlrgisapvkkgwmylbqhzrhovust\">\n<div class=\"brz-icon__container\" data-brz-custom-id=\"bfdrjngtggenaftnhibrwnbttwaahnmdrjpd\"><span class=\"brz-icon brz-span brz-css-1ku13se brz-css-kvoxef\"><\/span><\/div>\n<div class=\"brz-text-btn\">\n<div class=\"brz-rich-text brz-rich-text__custom brz-css-s09e0\" data-brz-custom-id=\"oiyvkfrdyeffksdpvgkipcbqvgwwsojlmwck\">\n<div data-brz-translate-text=\"1\">\n<p class=\"brz-lh-xs-1_4 brz-fs-lg-18 brz-fs-sm-17 brz-fs-xs-17 brz-ls-lg-0 brz-ls-sm-0 brz-ls-xs-0 brz-ff-arimo brz-ft-google brz-fw-lg-400 brz-fw-sm-400 brz-fw-xs-400 brz-lh-lg-1_3 brz-lh-sm-1_4 brz-css-jkL3p\" data-uniq-id=\"nzzht\" data-generated-css=\"brz-css-kcjxc\"><span>Dejar&nbsp;de fumar. Fumar disminuye el flujo de sangre en la piel y puede retrasar el proceso de curaci\u00f3n. Si fuma, el Dr. Mak le recomendar\u00e1&nbsp;que deje de fumar antes de la cirug\u00eda y durante&nbsp;el periodo de&nbsp;la recuperaci\u00f3n<\/span><\/p>\n<\/div>\n<\/div>\n<\/div>\n<\/div>\n<\/div>\n<div id=\"\" class=\"brz-css-15vdyku brz-css-lwani2 brz-wrapper\">\n<div class=\"brz-spacer brz-css-px5pyy brz-css-3hrb1z\"><\/div>\n<\/div>\n<div id=\"\" class=\"brz-css-15vdyku brz-css-1527m8u brz-wrapper\">\n<div class=\"brz-icon-text brz-css-1jgiebx\" data-brz-custom-id=\"nffwiwqmnznwqjlfdbkamvfsedkseqbudbuc\">\n<div class=\"brz-icon__container\" data-brz-custom-id=\"fhbrlmaxhmxqxohkhfrfcpfbkrxumlmwkifi\"><span class=\"brz-icon brz-span brz-css-1ku13se brz-css-1xo95mh\"><\/span><\/div>\n<div class=\"brz-text-btn\">\n<div class=\"brz-rich-text brz-rich-text__custom brz-css-s09e0\" data-brz-custom-id=\"qecguqqpckoookgbpekpknajbvevzwfydaqc\">\n<div data-brz-translate-text=\"1\">\n<p class=\"brz-lh-xs-1_4 brz-fs-lg-18 brz-fs-sm-17 brz-fs-xs-17 brz-ls-lg-0 brz-ls-sm-0 brz-ls-xs-0 brz-ff-arimo brz-ft-google brz-fw-lg-400 brz-fw-sm-400 brz-fw-xs-400 brz-lh-lg-1_3 brz-lh-sm-1_4 brz-css-lqJkU\" data-uniq-id=\"bhkvi\" data-generated-css=\"brz-css-phost\"><span class=\"brz-cp-color2\">Evite ciertos medicamentos. Es probable que deba evitar tomar aspirina, medicamentos antiinflamatorios, anticoagualantes y suplementos&nbsp;herbales, que pueden aumentar el sangrado.<\/span><\/p>\n<\/div>\n<\/div>\n<\/div>\n<\/div>\n<\/div>\n<div id=\"\" class=\"brz-css-15vdyku brz-css-lwani2 brz-wrapper\">\n<div class=\"brz-spacer brz-css-px5pyy brz-css-1p0innd\"><\/div>\n<\/div>\n<\/div>\n<\/div>\n<div class=\"brz-columns brz-css-18c2hnr brz-css-szx00b\" data-brz-custom-id=\"ixlipqfinyuhegnsaiptuipcqvymwujzauyv\">\n<div class=\"brz-bg\"><\/div>\n<div class=\"brz-column__items brz-css-us69yj\"><\/div>\n<\/div>\n<\/div>\n<\/div>\n<\/div>\n<\/div>\n<\/section>\n<section id=\"_ruesmzsqvgvjlmnnoknuqyxawpoeixivxfmu\" class=\"brz-section brz-css-bckh8e\">\n<div class=\"brz-section__content brz-section--boxed brz-css-1qofn53 brz-css-51f7oc\" data-brz-custom-id=\"uhubbyazrkpgunivjxqbnybstnbhghixkjdj\">\n<div class=\"brz-bg\">\n<div class=\"brz-bg-color\"><\/div>\n<\/div>\n<div class=\"brz-container brz-css-rayipp\">\n<div id=\"\" class=\"brz-css-15vdyku brz-wrapper\">\n<div class=\"brz-line brz-line-default brz-css-1uul4bt brz-css-bfukuy\" data-brz-custom-id=\"rnqvveeivatrvyrgtwtcscehtsrubqgmmkoa\">\n<hr class=\"brz-hr\"><\/div>\n<\/div>\n<div id=\"\" class=\"brz-css-15vdyku brz-css-lwani2 brz-wrapper\">\n<div class=\"brz-spacer brz-css-px5pyy brz-css-462nti\"><\/div>\n<\/div>\n<div class=\"brz-row__container brz-css-1hpsewp\" data-brz-custom-id=\"rrnxfaazxpqukzqmytfnulpzjhhykdccpzug\">\n<div class=\"brz-bg\"><\/div>\n<div class=\"brz-row brz-css-1evp1pj brz-css-1ct739p\">\n<div class=\"brz-columns brz-css-18c2hnr brz-css-c87ihn\" data-brz-custom-id=\"haowrrgfabofeqwycoknkbliwnenuznnokle\">\n<div class=\"brz-bg\"><\/div>\n<div class=\"brz-column__items brz-css-us69yj brz-css-z5ade0\">\n<div id=\"\" class=\"brz-css-15vdyku brz-css-1ley4ob brz-wrapper\">\n<div class=\"brz-image brz-css-g6e315 brz-css-8rip1f\" data-brz-custom-id=\"crjlufldslsrjrdesbweznfdmvsoibqkdjrb\"><img decoding=\"async\" class=\"brz-img\" src=\"https:\/\/drmakclinic.com\/es?brizy_media=wp-9b7486b9d786a0648588605ea135d33b.jpg&amp;brizy_crop=iW%3D316%26iH%3D211%26oX%3D90%26oY%3D23%26cW%3D105%26cH%3D106\" alt=\"\" loading=\"lazy\"><\/div>\n<\/div>\n<\/div>\n<\/div>\n<div class=\"brz-columns brz-css-18c2hnr brz-css-18lpnwy\" data-brz-custom-id=\"ylifxjmagsuezlbvdvloflbtizcvdtbibbnl\">\n<div class=\"brz-bg\"><\/div>\n<div class=\"brz-column__items brz-css-us69yj brz-css-ahdkjz\">\n<div id=\"\" class=\"brz-css-15vdyku brz-wrapper\">\n<div class=\"brz-rich-text brz-rich-text__custom brz-css-s09e0\" data-brz-custom-id=\"ztsajhrxrkqcwnydygbrmwnbgcmoeidnejxb\">\n<div data-brz-translate-text=\"1\">\n<p data-uniq-id=\"egydo\" data-generated-css=\"brz-css-trizt\" class=\"brz-tp-lg-empty brz-ff-ckyztbazucvfgxnrkwthfbuhnumrbfrmhags brz-ft-upload brz-fs-lg-24 brz-fss-lg-px brz-fw-lg-400 brz-ls-lg-0 brz-lh-lg-1_5 brz-css-nLbfV\">As you begin your journey toward considering plastic surgery and other cosmetic enhancements , my goal as your plastic surgeon is to provide you the highest quality of care throughout the entire process.<\/p>\n<\/div>\n<\/div>\n<\/div>\n<div id=\"\" class=\"brz-css-15vdyku brz-css-lwani2 brz-css-fzym5 brz-wrapper\">\n<div class=\"brz-spacer brz-css-px5pyy brz-css-r70ata\"><\/div>\n<\/div>\n<div id=\"\" class=\"brz-css-15vdyku brz-css-sthum5 brz-wrapper\">\n<div class=\"brz-rich-text brz-rich-text__custom brz-css-s09e0\" data-brz-custom-id=\"xbkuuqvovkyknnlpxbdqwuxeblsbhszyyhds\">\n<div data-brz-translate-text=\"1\">\n<p class=\"brz-text-xs-center brz-tp-lg-heading4 brz-css-oWBHW\" data-uniq-id=\"mrayu\" data-generated-css=\"brz-css-yakzy\"><strong class=\"brz-cp-color2\">Dr. Mehmet Arif Karag\u00f6z<\/strong><\/p>\n<\/div>\n<\/div>\n<\/div>\n<div id=\"\" class=\"brz-css-15vdyku brz-css-bndha9 brz-wrapper\">\n<div class=\"brz-rich-text brz-rich-text__custom brz-css-s09e0\" data-brz-custom-id=\"iltrpfijfvnvdwjnqlcggbzhsvlbgtofkzay\">\n<div data-brz-translate-text=\"1\">\n<p class=\"brz-text-xs-center brz-tp-lg-paragraph brz-css-zo7Ln\" data-uniq-id=\"xuihj\" data-generated-css=\"brz-css-uaiir\"><span class=\"brz-cp-color7\">DRMAK Plastic Surgeon<\/span><\/p>\n<\/div>\n<\/div>\n<\/div>\n<\/div>\n<\/div>\n<\/div>\n<\/div>\n<div id=\"\" class=\"brz-css-15vdyku brz-css-lwani2 brz-css-1emfqui brz-wrapper\">\n<div class=\"brz-spacer brz-css-px5pyy brz-css-pjq834\"><\/div>\n<\/div>\n<div id=\"\" class=\"brz-css-15vdyku brz-wrapper\">\n<div class=\"brz-line brz-line-default brz-css-1uul4bt brz-css-wlgnnn\" data-brz-custom-id=\"uaokquuoylqzizzftoqypmkwwqdhheakfxxh\">\n<hr class=\"brz-hr\"><\/div>\n<\/div>\n<\/div>\n<\/div>\n<\/section>\n<\/div>\n<p>    <!-- version:1738163594 --><\/p>\n","protected":false},"excerpt":{"rendered":"<p>Alargamiento de Pene ALARGAMIENTO DE PENE El injerto de grasa del pene, tambi\u00e9n conocido como&nbsp;faloplastia de transferencia de grasa, tiene la capacidad de proporcionar un pene m\u00e1s grande. Eso ocurre&nbsp;al transferir la propia grasa purificada del paciente&nbsp;\u00e9l mismo&nbsp;de un&nbsp;\u00e1rea de su&nbsp;cuerpo al eje de&nbsp;su pene. &nbsp;El uso de la&nbsp;grasa del propio cuerpo&nbsp;del paciente \u00e9l mismo,&nbsp;elimina [&hellip;]<\/p>\n","protected":false},"author":1,"featured_media":0,"parent":1129,"menu_order":0,"comment_status":"closed","ping_status":"closed","template":"","meta":{"footnotes":""},"class_list":["post-1224","page","type-page","status-publish","hentry"],"blocksy_meta":{"styles_descriptor":{"styles":{"desktop":"","tablet":"","mobile":""},"google_fonts":[],"version":6}},"_links":{"self":[{"href":"https:\/\/drmakclinic.com\/es\/wp-json\/wp\/v2\/pages\/1224","targetHints":{"allow":["GET"]}}],"collection":[{"href":"https:\/\/drmakclinic.com\/es\/wp-json\/wp\/v2\/pages"}],"about":[{"href":"https:\/\/drmakclinic.com\/es\/wp-json\/wp\/v2\/types\/page"}],"author":[{"embeddable":true,"href":"https:\/\/drmakclinic.com\/es\/wp-json\/wp\/v2\/users\/1"}],"replies":[{"embeddable":true,"href":"https:\/\/drmakclinic.com\/es\/wp-json\/wp\/v2\/comments?post=1224"}],"version-history":[{"count":0,"href":"https:\/\/drmakclinic.com\/es\/wp-json\/wp\/v2\/pages\/1224\/revisions"}],"up":[{"embeddable":true,"href":"https:\/\/drmakclinic.com\/es\/wp-json\/wp\/v2\/pages\/1129"}],"wp:attachment":[{"href":"https:\/\/drmakclinic.com\/es\/wp-json\/wp\/v2\/media?parent=1224"}],"curies":[{"name":"wp","href":"https:\/\/api.w.org\/{rel}","templated":true}]}}