{"id":1236,"date":"2022-08-28T20:50:29","date_gmt":"2022-08-28T17:50:29","guid":{"rendered":"https:\/\/drmakclinic.com\/?page_id=1236"},"modified":"2025-01-29T16:46:55","modified_gmt":"2025-01-29T13:46:55","slug":"thigh-lift","status":"publish","type":"page","link":"https:\/\/drmakclinic.com\/es\/procedures\/aesthetic-plastic-surgery\/thigh-lift\/","title":{"rendered":"Thigh Lift"},"content":{"rendered":"<div class=\"brz-root__container brz-reset-all brz brz-root__container-page\">\n<section id=\"_rbzavgdsvippsyxzazpktuztticmgejvrgcm\" class=\"brz-section brz-css-6jnp3o\">\n<div class=\"brz-section__content brz-section--boxed brz-css-1t16ijg brz-css-14563w6\" data-brz-custom-id=\"wngqbwtajposjqtdlvvvwpsftpecnsltseuh\">\n<div class=\"brz-bg\">\n<div class=\"brz-bg-color\"><\/div>\n<\/div>\n<div class=\"brz-container brz-css-1lxpzcr\">\n<div class=\"brz-row__container brz-css-1lg4qh0\" data-brz-custom-id=\"eabrfwvwkrtcprbfyldpuzckbuvjvsxottoz\">\n<div class=\"brz-bg\"><\/div>\n<div class=\"brz-row brz-css-17jmyfl brz-css-1cjva4z\">\n<div class=\"brz-columns brz-css-uxlfgh brz-css-e789kh\" data-brz-custom-id=\"hcropdkcjcrmkdtujutlhnlpndjgedsyvtnn\">\n<div class=\"brz-bg\"><\/div>\n<div class=\"brz-column__items brz-css-n1jhiw\">\n<div id=\"\" class=\"brz-css-buuwm9 brz-wrapper\">\n<div class=\"brz-icon-text brz-css-1jng9fs brz-css-1x806a4\" data-brz-custom-id=\"jbdwfvowcidxrbvpiahufyjdhyziadmyhoha\">\n<div class=\"brz-icon__container\" data-brz-custom-id=\"ufztsudxqurwzckabvgrvrvgtwjqbekmsmin\"><span class=\"brz-icon brz-span brz-css-1bwm27b brz-css-jds63y\"><\/span><\/div>\n<div class=\"brz-text-btn\">\n<div class=\"brz-rich-text brz-rich-text__custom brz-css-9doqy1\" data-brz-custom-id=\"jnheeqthensxkjcvwhkcgrfomghpdokpuzbj\">\n<div data-brz-translate-text=\"1\">\n<p class=\"brz-lh-lg-1 brz-ls-lg-0 brz-fw-lg-400 brz-fss-lg-px brz-fs-lg-66 brz-ft-upload brz-ff-izzivsxniqvyexslaslvwzgtgnghvrxuxiru brz-tp-lg-empty ql-align-center brz-text-lg-justify brz-css-nZNeQ\" data-generated-css=\"brz-css-nlhgq\" data-uniq-id=\"xunnd\"><span>Lifting de muslos<\/span><\/p>\n<\/div>\n<\/div>\n<\/div>\n<\/div>\n<\/div>\n<\/div>\n<\/div>\n<\/div>\n<\/div>\n<\/div>\n<\/div>\n<\/section>\n<section id=\"_nqmmmjxbqcvvybtkdvkltnxucfcjfakltodq\" class=\"brz-section brz-css-6jnp3o\">\n<div class=\"brz-section__content brz-section--boxed brz-css-1t16ijg brz-css-pla8z2\" data-brz-custom-id=\"pbljkyflfrpeeckxneewjzldreawuzbepjof\">\n<div class=\"brz-bg\">\n<div class=\"brz-bg-color\"><\/div>\n<\/div>\n<div class=\"brz-container brz-css-1lxpzcr\">\n<div id=\"\" class=\"brz-css-buuwm9 brz-wrapper\">\n<div class=\"brz-line brz-line-default brz-css-ph0ww2 brz-css-cli3kv\" data-brz-custom-id=\"lbojuwjmwcpwmzjeyswuhrbojkbkfjduhply\">\n<hr class=\"brz-hr\"><\/div>\n<\/div>\n<div class=\"brz-row__container brz-css-1lg4qh0\" data-brz-custom-id=\"kluyddbwxnfghogmeyfcwtsdvyxhormzgzsb\">\n<div class=\"brz-bg\"><\/div>\n<div class=\"brz-row brz-css-17jmyfl brz-css-1luaqyn\">\n<div class=\"brz-columns brz-css-uxlfgh brz-css-sm1ytj\" data-brz-custom-id=\"kvvfilzlgytlvtinzvgaoqoexnracexpshwz\">\n<div class=\"brz-bg\"><\/div>\n<div class=\"brz-column__items brz-css-n1jhiw brz-css-fbyqzh\">\n<div id=\"\" class=\"brz-css-buuwm9 brz-css-143zdlv brz-wrapper\">\n<div class=\"brz-rich-text brz-rich-text__custom brz-css-9doqy1\" data-brz-custom-id=\"lzhugiusmdhkcatgfgjdraulwyoigfwedarr\">\n<div data-brz-translate-text=\"1\">\n<h4 class=\"brz-tp-lg-empty brz-ff-manrope brz-ft-google brz-fs-lg-13 brz-fss-lg-px brz-fw-lg-700 brz-ls-lg-m_0_5 brz-lh-lg-1_5 brz-css-bE0eF\" data-generated-css=\"brz-css-kftli\" data-uniq-id=\"dffzp\"><span class=\"brz-capitalize-on\">LIFTING DE MUSLOS<\/span><\/h4>\n<\/div>\n<\/div>\n<\/div>\n<div id=\"\" class=\"brz-css-buuwm9 brz-css-346ad1 brz-wrapper\">\n<div class=\"brz-rich-text brz-rich-text__custom brz-css-9doqy1\" data-brz-custom-id=\"rkdajhisyrwfceudnmuplgdawqhvppjglrqz\">\n<div data-brz-translate-text=\"1\">\n<p class=\"brz-ls-lg-0 brz-fw-lg-400 brz-fss-lg-px brz-fs-lg-36 brz-ft-upload brz-ff-ckyztbazucvfgxnrkwthfbuhnumrbfrmhags brz-tp-lg-empty brz-lh-lg-1_3 brz-css-uwKdU\" data-generated-css=\"brz-css-rzidl\" data-uniq-id=\"vfhip\"><span class=\"brz-cp-color2\">La cirug\u00eda de&nbsp;lifting&nbsp;de muslos re-modela los muslos&nbsp;reduciendo&nbsp;el exceso de piel y grasa, lo que&nbsp;resulta en tener&nbsp;una piel m\u00e1s suave y contornos mejor proporcionados de los muslos y la parte inferior del cuerpo.<\/span><\/p>\n<\/div>\n<\/div>\n<\/div>\n<div id=\"\" class=\"brz-css-buuwm9 brz-css-7bs31i brz-wrapper\">\n<div class=\"brz-spacer brz-css-11493j7 brz-css-1fkw3si\"><\/div>\n<\/div>\n<div id=\"\" class=\"brz-css-buuwm9 brz-css-7bs31i brz-wrapper\">\n<div class=\"brz-spacer brz-css-11493j7 brz-css-4u0ucq\"><\/div>\n<\/div>\n<div id=\"\" class=\"brz-css-buuwm9 brz-css-1egir1q brz-wrapper\">\n<div class=\"brz-icon-text brz-css-1jng9fs\" data-brz-custom-id=\"exstuthlzhadyqxvqoaxxwhtmhlokmrqpotg\">\n<div class=\"brz-icon__container\" data-brz-custom-id=\"cvmkqrdvungekbxmstbljqbobkttoehmeljd\"><span class=\"brz-icon brz-span brz-css-1bwm27b brz-css-ye87n5\"><\/span><\/div>\n<div class=\"brz-text-btn\">\n<div class=\"brz-rich-text brz-rich-text__custom brz-css-9doqy1\" data-brz-custom-id=\"hutayqcfshxrjbbtylvaetprgijijzbentek\">\n<div data-brz-translate-text=\"1\">\n<p class=\"brz-lh-xs-1_4 brz-lh-sm-1_4 brz-fs-lg-18 brz-fs-sm-17 brz-fs-xs-17 brz-ls-lg-0 brz-ls-sm-0 brz-ls-xs-0 brz-ff-arimo brz-ft-google brz-fw-lg-400 brz-fw-sm-400 brz-fw-xs-400 brz-lh-lg-1_3 brz-css-unAKr\" data-uniq-id=\"zmoif\" data-generated-css=\"brz-css-zervl\"><span class=\"brz-cp-color2\">Anestesia &#8211; General<\/span><\/p>\n<\/div>\n<\/div>\n<\/div>\n<\/div>\n<\/div>\n<div id=\"\" class=\"brz-css-buuwm9 brz-css-7bs31i brz-wrapper\">\n<div class=\"brz-spacer brz-css-11493j7 brz-css-1by1dxa\"><\/div>\n<\/div>\n<div id=\"\" class=\"brz-css-buuwm9 brz-css-fe8dcx brz-wrapper\">\n<div class=\"brz-icon-text brz-css-1jng9fs\" data-brz-custom-id=\"xyllkluclrtaeqaiiqionpwmsdnnizzwwjdg\">\n<div class=\"brz-icon__container\" data-brz-custom-id=\"hupfiacqgofcwvbcrnxgiyxxwratfeqqcnro\"><span class=\"brz-icon brz-span brz-css-1bwm27b brz-css-5ymdnz\"><\/span><\/div>\n<div class=\"brz-text-btn\">\n<div class=\"brz-rich-text brz-rich-text__custom brz-css-9doqy1\" data-brz-custom-id=\"pwuxpzmrixduoatokokrmgiejomgkkvcchks\">\n<div data-brz-translate-text=\"1\">\n<p class=\"brz-lh-sm-1_4 brz-lh-lg-1_3 brz-fw-xs-400 brz-fw-sm-400 brz-fw-lg-400 brz-ft-google brz-ff-arimo brz-ls-xs-0 brz-ls-sm-0 brz-ls-lg-0 brz-fs-xs-17 brz-fs-sm-17 brz-fs-lg-18 brz-lh-xs-1_4 brz-css-bgzs0\" data-uniq-id=\"ixbvg\" data-generated-css=\"brz-css-pcrfb\"><span>Duraci\u00f3n de la estancia &#8211;&nbsp;5&nbsp;noches<\/span><\/p>\n<\/div>\n<\/div>\n<\/div>\n<\/div>\n<\/div>\n<div id=\"\" class=\"brz-css-buuwm9 brz-css-7bs31i brz-wrapper\">\n<div class=\"brz-spacer brz-css-11493j7 brz-css-1a5ie70\"><\/div>\n<\/div>\n<div id=\"\" class=\"brz-css-buuwm9 brz-css-1aba7qt brz-wrapper\">\n<div class=\"brz-icon-text brz-css-1jng9fs\" data-brz-custom-id=\"uhbujbvpvvkuvivymihtnzbfiruhgjmuxefb\">\n<div class=\"brz-icon__container\" data-brz-custom-id=\"rqyiolvetxovfbahbnkhwpvncksswvolavpg\"><span class=\"brz-icon brz-span brz-css-1bwm27b brz-css-18tzmek\"><\/span><\/div>\n<div class=\"brz-text-btn\">\n<div class=\"brz-rich-text brz-rich-text__custom brz-css-9doqy1\" data-brz-custom-id=\"wbtckjrivizikmokvvwfldgfokhlajuxbosy\">\n<div data-brz-translate-text=\"1\">\n<p class=\"brz-lh-sm-1_4 brz-lh-lg-1_3 brz-fw-xs-400 brz-fw-sm-400 brz-fw-lg-400 brz-ft-google brz-ff-arimo brz-ls-xs-0 brz-ls-sm-0 brz-ls-lg-0 brz-fs-xs-17 brz-fs-sm-17 brz-fs-lg-18 brz-lh-xs-1_4 brz-css-nQrP4\" data-uniq-id=\"mhcrt\" data-generated-css=\"brz-css-snfcy\"><span>Duraci\u00f3n de la cirug\u00eda &#8211;&nbsp;1 &#8211; 2&nbsp;&nbsp;horas<\/span><\/p>\n<p class=\"brz-lh-sm-1_4 brz-lh-lg-1_3 brz-fw-xs-400 brz-fw-sm-400 brz-fw-lg-400 brz-ft-google brz-ff-arimo brz-ls-xs-0 brz-ls-sm-0 brz-ls-lg-0 brz-fs-xs-17 brz-fs-sm-17 brz-fs-lg-18 brz-lh-xs-1_4 brz-css-wvjK_\" data-uniq-id=\"ifdeh\" data-generated-css=\"brz-css-ahpyf\"><\/p>\n<\/div>\n<\/div>\n<\/div>\n<\/div>\n<\/div>\n<div id=\"\" class=\"brz-css-buuwm9 brz-css-7bs31i brz-wrapper\">\n<div class=\"brz-spacer brz-css-11493j7 brz-css-1vo6kke\"><\/div>\n<\/div>\n<div id=\"\" class=\"brz-css-buuwm9 brz-css-12128xh brz-wrapper\">\n<div class=\"brz-icon-text brz-css-1jng9fs\" data-brz-custom-id=\"npnhgjwxlgyrrzkczzrgfnadmblguujprmqp\">\n<div class=\"brz-icon__container\" data-brz-custom-id=\"ygiuxtdzmuswbixlfgwtqchygmytycbwmizk\"><span class=\"brz-icon brz-span brz-css-1bwm27b brz-css-uush1v\"><\/span><\/div>\n<div class=\"brz-text-btn\">\n<div class=\"brz-rich-text brz-rich-text__custom brz-css-9doqy1\" data-brz-custom-id=\"eogrifbasvpetlchbyhbfllnddlwcdbnjiwb\">\n<div data-brz-translate-text=\"1\">\n<p class=\"brz-lh-xs-1_4 brz-fs-lg-18 brz-fs-sm-17 brz-fs-xs-17 brz-ls-lg-0 brz-ls-sm-0 brz-ls-xs-0 brz-ff-arimo brz-ft-google brz-fw-lg-400 brz-fw-sm-400 brz-fw-xs-400 brz-lh-lg-1_3 brz-lh-sm-1_4 brz-css-dikN1\" data-uniq-id=\"ttgxk\" data-generated-css=\"brz-css-thtjs\"><span>Vuelta a la vida normal &#8211;&nbsp;2 semanas<\/span><\/p>\n<\/div>\n<\/div>\n<\/div>\n<\/div>\n<\/div>\n<div id=\"\" class=\"brz-css-buuwm9 brz-css-7bs31i brz-wrapper\">\n<div class=\"brz-spacer brz-css-11493j7 brz-css-1kpoqy1\"><\/div>\n<\/div>\n<\/div>\n<\/div>\n<div class=\"brz-columns brz-css-uxlfgh brz-css-t2x1dc\" data-brz-custom-id=\"nagitdqghrnreredvfwvbzhmmgwxuuypqkkj\">\n<div class=\"brz-bg\"><\/div>\n<div class=\"brz-column__items brz-css-n1jhiw brz-css-2fthc2\">\n<div id=\"\" class=\"brz-css-buuwm9 brz-css-j1x9sa brz-wrapper\">\n<div class=\"brz-image brz-css-kraolp brz-css-166uah4\" data-brz-custom-id=\"alvcfmotjqzzfmwclldzfokqeqatwzkmfkxr\"><img decoding=\"async\" class=\"brz-img\" src=\"https:\/\/drmakclinic.com\/es?brizy_media=wp-d7bfa7478f5ff829fad95f0e6e09c8bd.png&amp;brizy_crop=original\" alt=\"\" loading=\"lazy\"><\/div>\n<\/div>\n<\/div>\n<\/div>\n<\/div>\n<\/div>\n<\/div>\n<\/div>\n<\/section>\n<section id=\"_xpgriyqzlqwwefkocrrydqjafvivjsqefplj\" class=\"brz-section brz-css-6jnp3o\">\n<div class=\"brz-section__content brz-section--boxed brz-css-1t16ijg brz-css-14o6i9a\" data-brz-custom-id=\"gfdoyxaeujxesgvtuemvurbodlocxabprfnk\">\n<div class=\"brz-bg\">\n<div class=\"brz-bg-color\"><\/div>\n<\/div>\n<div class=\"brz-container brz-css-1lxpzcr\">\n<div id=\"\" class=\"brz-css-buuwm9 brz-wrapper\">\n<div class=\"brz-line brz-line-default brz-css-ph0ww2 brz-css-u6ljp6\" data-brz-custom-id=\"brohgkeeockvnccjskcuvtvtcvtizzqoxsou\">\n<hr class=\"brz-hr\"><\/div>\n<\/div>\n<div class=\"brz-row__container brz-css-1lg4qh0\" data-brz-custom-id=\"ximegqmwwlpdepawdmokaitlbmkvlbgahuig\">\n<div class=\"brz-bg\"><\/div>\n<div class=\"brz-row brz-css-17jmyfl\">\n<div class=\"brz-columns brz-css-uxlfgh brz-css-hf94g3\" data-brz-custom-id=\"nlrubmtrmlmmyfiwlbmtpckcvfkeihbyzfjq\">\n<div class=\"brz-bg\"><\/div>\n<div class=\"brz-column__items brz-css-n1jhiw\"><\/div>\n<\/div>\n<div class=\"brz-columns brz-css-uxlfgh brz-css-1kfp8fz\" data-brz-custom-id=\"pwfplsojxqxvkppslgkaybqzfeuvqqvkstsg\">\n<div class=\"brz-bg\"><\/div>\n<div class=\"brz-column__items brz-css-n1jhiw\">\n<div id=\"\" class=\"brz-css-buuwm9 brz-wrapper\">\n<div class=\"brz-rich-text brz-rich-text__custom brz-css-9doqy1\" data-brz-custom-id=\"mngfdhxultucjwlgkuhjuqderdbmiusjxeau\">\n<div data-brz-translate-text=\"1\">\n<p class=\"brz-tp-lg-empty brz-ff-ckyztbazucvfgxnrkwthfbuhnumrbfrmhags brz-ft-upload brz-fs-lg-22 brz-fss-lg-px brz-fw-lg-400 brz-ls-lg-0 brz-lh-lg-1_9 brz-mt-lg-34 brz-css-q3U7A\" data-generated-css=\"brz-css-xyavs\" data-uniq-id=\"pirqe\"><span class=\"brz-cp-color2\">Antes del&nbsp;tratamiento, es posible que deba:<\/span><\/p>\n<\/div>\n<\/div>\n<\/div>\n<div id=\"\" class=\"brz-css-buuwm9 brz-css-1h5wm2o brz-wrapper\">\n<div class=\"brz-icon-text brz-css-1jng9fs\" data-brz-custom-id=\"pbrtshoqszgeyaqobrvulsfauzhnzqvwaxoo\">\n<div class=\"brz-icon__container\" data-brz-custom-id=\"zhicgotsjrtstvgmetxrtdrcxgbcuvtqftsy\"><span class=\"brz-icon brz-span brz-css-1bwm27b brz-css-ni38e2\"><\/span><\/div>\n<div class=\"brz-text-btn\">\n<div class=\"brz-rich-text brz-rich-text__custom brz-css-9doqy1\" data-brz-custom-id=\"zamnfqcoogkbideyuojsymmltznyhcncynsy\">\n<div data-brz-translate-text=\"1\">\n<p class=\"brz-lh-xs-1_4 brz-fs-lg-18 brz-fs-sm-17 brz-fs-xs-17 brz-ls-lg-0 brz-ls-sm-0 brz-ls-xs-0 brz-ff-arimo brz-ft-google brz-fw-lg-400 brz-fw-sm-400 brz-fw-xs-400 brz-lh-lg-1_3 brz-lh-sm-1_4 brz-css-xUCWZ\" data-uniq-id=\"lyzfd\" data-generated-css=\"brz-css-xmjqi\"><span>Dejar&nbsp;de fumar. Fumar disminuye el flujo de sangre en la piel y puede retrasar el proceso de curaci\u00f3n. Si fuma, el Dr. Mak le recomendar\u00e1&nbsp;que deje de fumar antes de la cirug\u00eda y durante&nbsp;el periodo de&nbsp;la recuperaci\u00f3n<\/span><\/p>\n<\/div>\n<\/div>\n<\/div>\n<\/div>\n<\/div>\n<div id=\"\" class=\"brz-css-buuwm9 brz-css-7bs31i brz-wrapper\">\n<div class=\"brz-spacer brz-css-11493j7 brz-css-1e3ojvu\"><\/div>\n<\/div>\n<div id=\"\" class=\"brz-css-buuwm9 brz-css-vmrz5k brz-wrapper\">\n<div class=\"brz-icon-text brz-css-1jng9fs\" data-brz-custom-id=\"jxiuwjcgpmwwcpmgkwkguleilykmneqketuo\">\n<div class=\"brz-icon__container\" data-brz-custom-id=\"pgaxkazkvpbxscwbdyoebqeizhsixvxhqbzk\"><span class=\"brz-icon brz-span brz-css-1bwm27b brz-css-1et4opc\"><\/span><\/div>\n<div class=\"brz-text-btn\">\n<div class=\"brz-rich-text brz-rich-text__custom brz-css-9doqy1\" data-brz-custom-id=\"azkzaegbindgsjzeungvoumrevbyqrstfopu\">\n<div data-brz-translate-text=\"1\">\n<p class=\"brz-lh-sm-1_4 brz-lh-lg-1_3 brz-fw-xs-400 brz-fw-sm-400 brz-fw-lg-400 brz-ft-google brz-ff-arimo brz-ls-xs-0 brz-ls-sm-0 brz-ls-lg-0 brz-fs-xs-17 brz-fs-sm-17 brz-fs-lg-18 brz-lh-xs-1_4 brz-css-c8xGt\" data-generated-css=\"brz-css-sgpxq\" data-uniq-id=\"nmzbx\"><span>Evite ciertos medicamentos. Es probable que deba evitar tomar aspirina, medicamentos antiinflamatorios, anticoagualantes y suplementos&nbsp;herbales, que pueden aumentar el sangrado.<\/span><\/p>\n<\/div>\n<\/div>\n<\/div>\n<\/div>\n<\/div>\n<div id=\"\" class=\"brz-css-buuwm9 brz-css-7bs31i brz-wrapper\">\n<div class=\"brz-spacer brz-css-11493j7 brz-css-1xclihq\"><\/div>\n<\/div>\n<\/div>\n<\/div>\n<div class=\"brz-columns brz-css-uxlfgh brz-css-9bjrzk\" data-brz-custom-id=\"tsoeieondezxmmqzsmmxhtphfvfovjrkojsl\">\n<div class=\"brz-bg\"><\/div>\n<div class=\"brz-column__items brz-css-n1jhiw\"><\/div>\n<\/div>\n<\/div>\n<\/div>\n<\/div>\n<\/div>\n<\/section>\n<section id=\"_mdgckyobeeaplwuieakxwukodmuntlgkwidg\" class=\"brz-section brz-css-6jnp3o\">\n<div class=\"brz-section__content brz-section--boxed brz-css-1t16ijg brz-css-r0tjjm\" data-brz-custom-id=\"yngfuyavpfhlegamxsehaxonbntrebarsqcw\">\n<div class=\"brz-bg\">\n<div class=\"brz-bg-color\"><\/div>\n<\/div>\n<div class=\"brz-container brz-css-1lxpzcr\">\n<div id=\"\" class=\"brz-css-buuwm9 brz-wrapper\">\n<div class=\"brz-line brz-line-default brz-css-ph0ww2 brz-css-1lor1b4\" data-brz-custom-id=\"ypuhdbdlyewhoiymjfrmhmugbyvlqzpqwcmd\">\n<hr class=\"brz-hr\"><\/div>\n<\/div>\n<div id=\"\" class=\"brz-css-buuwm9 brz-css-7bs31i brz-wrapper\">\n<div class=\"brz-spacer brz-css-11493j7 brz-css-1wngtlu\"><\/div>\n<\/div>\n<div class=\"brz-row__container brz-css-1lg4qh0\" data-brz-custom-id=\"cruccdtimqallgiynxbxegeliktkboswqecg\">\n<div class=\"brz-bg\"><\/div>\n<div class=\"brz-row brz-css-17jmyfl brz-css-1luaqyn\">\n<div class=\"brz-columns brz-css-uxlfgh brz-css-9ry92\" data-brz-custom-id=\"coplimhlenxjtvrnbjhthzfzvazopjryguso\">\n<div class=\"brz-bg\"><\/div>\n<div class=\"brz-column__items brz-css-n1jhiw brz-css-jxapnn\">\n<div id=\"\" class=\"brz-css-buuwm9 brz-css-1oiykw2 brz-wrapper\">\n<div class=\"brz-image brz-css-1gs9hvs brz-css-183l3rl\" data-brz-custom-id=\"tpeatnddxryvpjyxtqipotbnydovceyapdob\"><img decoding=\"async\" class=\"brz-img\" src=\"https:\/\/drmakclinic.com\/es?brizy_media=wp-9b7486b9d786a0648588605ea135d33b.jpg&amp;brizy_crop=iW%3D316%26iH%3D211%26oX%3D90%26oY%3D23%26cW%3D105%26cH%3D106\" alt=\"\" loading=\"lazy\"><\/div>\n<\/div>\n<\/div>\n<\/div>\n<div class=\"brz-columns brz-css-uxlfgh brz-css-1g1m2xa\" data-brz-custom-id=\"sqnzpuidocxzihwzvfhnhppcloxndohfqfqc\">\n<div class=\"brz-bg\"><\/div>\n<div class=\"brz-column__items brz-css-n1jhiw brz-css-j76vo6\">\n<div id=\"\" class=\"brz-css-buuwm9 brz-wrapper\">\n<div class=\"brz-rich-text brz-rich-text__custom brz-css-9doqy1\" data-brz-custom-id=\"swjazzyzrpbmwbmsqmyrttonvollfegmgkex\">\n<div data-brz-translate-text=\"1\">\n<p data-uniq-id=\"egydo\" data-generated-css=\"brz-css-trizt\" class=\"brz-tp-lg-empty brz-ff-ckyztbazucvfgxnrkwthfbuhnumrbfrmhags brz-ft-upload brz-fs-lg-24 brz-fss-lg-px brz-fw-lg-400 brz-ls-lg-0 brz-lh-lg-1_5 brz-css-yjE1J\">As you begin your journey toward considering plastic surgery and other cosmetic enhancements , my goal as your plastic surgeon is to provide you the highest quality of care throughout the entire process.<\/p>\n<\/div>\n<\/div>\n<\/div>\n<div id=\"\" class=\"brz-css-buuwm9 brz-css-7bs31i brz-css-1pe6hio brz-wrapper\">\n<div class=\"brz-spacer brz-css-11493j7 brz-css-f9nltn\"><\/div>\n<\/div>\n<div id=\"\" class=\"brz-css-buuwm9 brz-css-1m2jg3t brz-wrapper\">\n<div class=\"brz-rich-text brz-rich-text__custom brz-css-9doqy1\" data-brz-custom-id=\"rfgoultasheaylwmucoaduhpsfngoojggjmn\">\n<div data-brz-translate-text=\"1\">\n<p class=\"brz-text-xs-center brz-tp-lg-heading4 brz-css-wXQ8e\" data-uniq-id=\"mrayu\" data-generated-css=\"brz-css-yakzy\"><strong class=\"brz-cp-color2\">Dr. Mehmet Arif Karag\u00f6z<\/strong><\/p>\n<\/div>\n<\/div>\n<\/div>\n<div id=\"\" class=\"brz-css-buuwm9 brz-css-124uxwa brz-wrapper\">\n<div class=\"brz-rich-text brz-rich-text__custom brz-css-9doqy1\" data-brz-custom-id=\"zuiauowiyqbkbyacaogvvvuggzzjnqblrdln\">\n<div data-brz-translate-text=\"1\">\n<p class=\"brz-text-xs-center brz-tp-lg-paragraph brz-css-vT4Vw\" data-uniq-id=\"xuihj\" data-generated-css=\"brz-css-uaiir\"><span class=\"brz-cp-color7\">DRMAK Plastic Surgeon<\/span><\/p>\n<\/div>\n<\/div>\n<\/div>\n<\/div>\n<\/div>\n<\/div>\n<\/div>\n<div id=\"\" class=\"brz-css-buuwm9 brz-css-7bs31i brz-css-opy8f0 brz-wrapper\">\n<div class=\"brz-spacer brz-css-11493j7 brz-css-4kh1pc\"><\/div>\n<\/div>\n<div id=\"\" class=\"brz-css-buuwm9 brz-wrapper\">\n<div class=\"brz-line brz-line-default brz-css-ph0ww2 brz-css-nm8w74\" data-brz-custom-id=\"spobvfiguzglplujmfaqgbblggwtfvkhhont\">\n<hr class=\"brz-hr\"><\/div>\n<\/div>\n<\/div>\n<\/div>\n<\/section>\n<\/div>\n<p>    <!-- version:1738158415 --><\/p>\n","protected":false},"excerpt":{"rendered":"<p>Lifting de muslos LIFTING DE MUSLOS La cirug\u00eda de&nbsp;lifting&nbsp;de muslos re-modela los muslos&nbsp;reduciendo&nbsp;el exceso de piel y grasa, lo que&nbsp;resulta en tener&nbsp;una piel m\u00e1s suave y contornos mejor proporcionados de los muslos y la parte inferior del cuerpo. Anestesia &#8211; General Duraci\u00f3n de la estancia &#8211;&nbsp;5&nbsp;noches Duraci\u00f3n de la cirug\u00eda &#8211;&nbsp;1 &#8211; 2&nbsp;&nbsp;horas Vuelta a [&hellip;]<\/p>\n","protected":false},"author":1,"featured_media":0,"parent":1129,"menu_order":0,"comment_status":"closed","ping_status":"closed","template":"","meta":{"footnotes":""},"class_list":["post-1236","page","type-page","status-publish","hentry"],"blocksy_meta":{"styles_descriptor":{"styles":{"desktop":"","tablet":"","mobile":""},"google_fonts":[],"version":6}},"_links":{"self":[{"href":"https:\/\/drmakclinic.com\/es\/wp-json\/wp\/v2\/pages\/1236","targetHints":{"allow":["GET"]}}],"collection":[{"href":"https:\/\/drmakclinic.com\/es\/wp-json\/wp\/v2\/pages"}],"about":[{"href":"https:\/\/drmakclinic.com\/es\/wp-json\/wp\/v2\/types\/page"}],"author":[{"embeddable":true,"href":"https:\/\/drmakclinic.com\/es\/wp-json\/wp\/v2\/users\/1"}],"replies":[{"embeddable":true,"href":"https:\/\/drmakclinic.com\/es\/wp-json\/wp\/v2\/comments?post=1236"}],"version-history":[{"count":0,"href":"https:\/\/drmakclinic.com\/es\/wp-json\/wp\/v2\/pages\/1236\/revisions"}],"up":[{"embeddable":true,"href":"https:\/\/drmakclinic.com\/es\/wp-json\/wp\/v2\/pages\/1129"}],"wp:attachment":[{"href":"https:\/\/drmakclinic.com\/es\/wp-json\/wp\/v2\/media?parent=1236"}],"curies":[{"name":"wp","href":"https:\/\/api.w.org\/{rel}","templated":true}]}}