{"id":1242,"date":"2022-08-28T20:51:31","date_gmt":"2022-08-28T17:51:31","guid":{"rendered":"https:\/\/drmakclinic.com\/?page_id=1242"},"modified":"2025-01-29T12:48:48","modified_gmt":"2025-01-29T09:48:48","slug":"upper-eyelid-surgery","status":"publish","type":"page","link":"https:\/\/drmakclinic.com\/es\/procedures\/aesthetic-plastic-surgery\/upper-eyelid-surgery\/","title":{"rendered":"Upper Eyelid Surgery"},"content":{"rendered":"<div class=\"brz-root__container brz-reset-all brz brz-root__container-page\">\n<section id=\"_kiqudbzapbhidgievzhzqwygnmmuwyqbxytw\" class=\"brz-section brz-css-c4xf13\">\n<div class=\"brz-section__content brz-section--boxed brz-css-1t7j0zs brz-css-2t8gaa\" data-brz-custom-id=\"jwdyjxwcbqpsgditdaopxtcqovwghxfhcsav\">\n<div class=\"brz-bg\">\n<div class=\"brz-bg-color\"><\/div>\n<\/div>\n<div class=\"brz-container brz-css-1p4z55b\">\n<div class=\"brz-row__container brz-css-1s78bzc\" data-brz-custom-id=\"qillinwiwdhudhgulgtziyvoxbivmbsbdkud\">\n<div class=\"brz-bg\"><\/div>\n<div class=\"brz-row brz-css-1a158u2 brz-css-beglmn\">\n<div class=\"brz-columns brz-css-1ycbey7 brz-css-109karj\" data-brz-custom-id=\"pkvluxzdgnrcwogqbqfnlqfqmugxzgzmbelq\">\n<div class=\"brz-bg\"><\/div>\n<div class=\"brz-column__items brz-css-1a99aqd\">\n<div id=\"\" class=\"brz-css-199lphh brz-wrapper\">\n<div class=\"brz-icon-text brz-css-afw6dv brz-css-acaja9\" data-brz-custom-id=\"qvvcgslwqwrufcvpocurddclxcvqspawolap\">\n<div class=\"brz-icon__container\" data-brz-custom-id=\"wydzhokukncrrfxsumjvykiywkfvxhbetitk\"><span class=\"brz-icon brz-span brz-css-4rhms2 brz-css-r3uald\"><\/span><\/div>\n<div class=\"brz-text-btn\">\n<div class=\"brz-rich-text brz-rich-text__custom brz-css-13mmzdk\" data-brz-custom-id=\"ajnowcuxswkrgqbjhnbiaksjaitjbubgehhp\">\n<div data-brz-translate-text=\"1\">\n<p class=\"brz-lh-lg-1 brz-ls-lg-0 brz-fw-lg-400 brz-fss-lg-px brz-fs-lg-66 brz-ft-upload brz-ff-izzivsxniqvyexslaslvwzgtgnghvrxuxiru brz-tp-lg-empty brz-css-pC7nc\" data-generated-css=\"brz-css-wbiep\" data-uniq-id=\"jooll\"><span>CIRUGIA DEL PARP\u00c1DO SUPERIOR (BLEFAROPLASTIA)<\/span><\/p>\n<\/div>\n<\/div>\n<\/div>\n<\/div>\n<\/div>\n<\/div>\n<\/div>\n<\/div>\n<\/div>\n<\/div>\n<\/div>\n<\/section>\n<section id=\"_hlcnibrpkvdsdciqgqemvquqaynmqzstcspz\" class=\"brz-section brz-css-c4xf13\">\n<div class=\"brz-section__content brz-section--boxed brz-css-1t7j0zs brz-css-1je1efy\" data-brz-custom-id=\"zjwuphnctntsxwqutsvlpuxuhnjxvpuijshz\">\n<div class=\"brz-bg\">\n<div class=\"brz-bg-color\"><\/div>\n<\/div>\n<div class=\"brz-container brz-css-1p4z55b\">\n<div id=\"\" class=\"brz-css-199lphh brz-wrapper\">\n<div class=\"brz-line brz-line-default brz-css-838iae brz-css-19f16gc\" data-brz-custom-id=\"cpwxgfhymizceehsauahchazumcdbmeudhnt\">\n<hr class=\"brz-hr\"><\/div>\n<\/div>\n<div class=\"brz-row__container brz-css-1s78bzc\" data-brz-custom-id=\"gickbcmzhlfbybebdkyjexglxieuhemycivm\">\n<div class=\"brz-bg\"><\/div>\n<div class=\"brz-row brz-css-1a158u2 brz-css-djk6ec\">\n<div class=\"brz-columns brz-css-1ycbey7 brz-css-f92hs9\" data-brz-custom-id=\"pxbhuoohhhtmosmxpwmxcoglmsthqywclmhp\">\n<div class=\"brz-bg\"><\/div>\n<div class=\"brz-column__items brz-css-1a99aqd brz-css-sdhvfj\">\n<div id=\"\" class=\"brz-css-199lphh brz-css-1sjsz7s brz-wrapper\">\n<div class=\"brz-rich-text brz-rich-text__custom brz-css-13mmzdk\" data-brz-custom-id=\"havjlshcjevkbsnoosvnylyhhesodgfbhbyy\">\n<div data-brz-translate-text=\"1\">\n<p class=\"brz-tp-lg-empty brz-ff-manrope brz-ft-google brz-fs-lg-13 brz-fss-lg-px brz-fw-lg-700 brz-ls-lg-1_1 brz-lh-lg-1_5 brz-css-bXb_p\" data-uniq-id=\"vvjkv\" data-generated-css=\"brz-css-rqfkx\"><span class=\"brz-capitalize-on\">CIRUGIA DEL PARP\u00c1DO SUPERIOR (BLEFAROPLASTIA)<\/span><\/p>\n<\/div>\n<\/div>\n<\/div>\n<div id=\"\" class=\"brz-css-199lphh brz-css-1uuvnss brz-wrapper\">\n<div class=\"brz-rich-text brz-rich-text__custom brz-css-13mmzdk\" data-brz-custom-id=\"gxeuhrsgvwytgpdppzcqzdjasdnqzqtdbcrt\">\n<div data-brz-translate-text=\"1\">\n<p class=\"brz-ls-lg-0 brz-fw-lg-400 brz-fss-lg-px brz-fs-lg-36 brz-ft-upload brz-ff-ckyztbazucvfgxnrkwthfbuhnumrbfrmhags brz-tp-lg-empty brz-lh-lg-1_3 brz-css-kbEpJ\" data-generated-css=\"brz-css-kyzld\" data-uniq-id=\"xsybc\"><span class=\"brz-cp-color2\">La cirug\u00eda de p\u00e1rpados superiores es un procedimiento quir\u00fargico para mejorar la apariencia de los p\u00e1rpados. <\/span><\/p>\n<\/div>\n<\/div>\n<\/div>\n<div id=\"\" class=\"brz-css-199lphh brz-css-19mmmvh brz-wrapper\">\n<div class=\"brz-spacer brz-css-11207yg brz-css-b8nw01\"><\/div>\n<\/div>\n<div id=\"\" class=\"brz-css-199lphh brz-css-19mmmvh brz-wrapper\">\n<div class=\"brz-spacer brz-css-11207yg brz-css-czi67q\"><\/div>\n<\/div>\n<div id=\"\" class=\"brz-css-199lphh brz-css-q1vn3l brz-wrapper\">\n<div class=\"brz-icon-text brz-css-afw6dv\" data-brz-custom-id=\"zmbnemocsqymeqysmuitesqyswlrgtzefgrj\">\n<div class=\"brz-icon__container\" data-brz-custom-id=\"szmanqwulcnduhfydoqtiqbrkdugtquizxmg\"><span class=\"brz-icon brz-span brz-css-4rhms2 brz-css-7qgjic\"><\/span><\/div>\n<div class=\"brz-text-btn\">\n<div class=\"brz-rich-text brz-rich-text__custom brz-css-13mmzdk\" data-brz-custom-id=\"dagdpqsdvqpcarmshgpplxjxvdgauyjapmda\">\n<div data-brz-translate-text=\"1\">\n<p class=\"brz-lh-xs-1_4 brz-lh-sm-1_4 brz-fs-lg-18 brz-fs-sm-17 brz-fs-xs-17 brz-ls-lg-0 brz-ls-sm-0 brz-ls-xs-0 brz-ff-arimo brz-ft-google brz-fw-lg-400 brz-fw-sm-400 brz-fw-xs-400 brz-lh-lg-1_3 brz-css-lymub\" data-uniq-id=\"walhz\" data-generated-css=\"brz-css-oxvxo\"><span>Anestesia &#8211; General<\/span><\/p>\n<\/div>\n<\/div>\n<\/div>\n<\/div>\n<\/div>\n<div id=\"\" class=\"brz-css-199lphh brz-css-19mmmvh brz-wrapper\">\n<div class=\"brz-spacer brz-css-11207yg brz-css-fpkv7q\"><\/div>\n<\/div>\n<div id=\"\" class=\"brz-css-199lphh brz-css-1p0eiz1 brz-wrapper\">\n<div class=\"brz-icon-text brz-css-afw6dv\" data-brz-custom-id=\"grcrxvyhgmtbflrzzbsqcdxhcdvvpyioncir\">\n<div class=\"brz-icon__container\" data-brz-custom-id=\"dminvlcygkgchgolemcvrufzvhiujlupbelt\"><span class=\"brz-icon brz-span brz-css-4rhms2 brz-css-5o32n4\"><\/span><\/div>\n<div class=\"brz-text-btn\">\n<div class=\"brz-rich-text brz-rich-text__custom brz-css-13mmzdk\" data-brz-custom-id=\"kzeeziaxhgfrlxlaagnedffarsponjdvkchd\">\n<div data-brz-translate-text=\"1\">\n<p class=\"brz-lh-sm-1_4 brz-lh-lg-1_3 brz-fw-xs-400 brz-fw-sm-400 brz-fw-lg-400 brz-ft-google brz-ff-arimo brz-ls-xs-0 brz-ls-sm-0 brz-ls-lg-0 brz-fs-xs-17 brz-fs-sm-17 brz-fs-lg-18 brz-lh-xs-1_4 brz-css-cVHUw\" data-uniq-id=\"itwar\" data-generated-css=\"brz-css-xucpb\"><span>Duraci\u00f3n de la estancia &#8211; 5 d\u00edas<\/span><\/p>\n<\/div>\n<\/div>\n<\/div>\n<\/div>\n<\/div>\n<div id=\"\" class=\"brz-css-199lphh brz-css-19mmmvh brz-wrapper\">\n<div class=\"brz-spacer brz-css-11207yg brz-css-cmexz2\"><\/div>\n<\/div>\n<div id=\"\" class=\"brz-css-199lphh brz-css-1otg2ds brz-wrapper\">\n<div class=\"brz-icon-text brz-css-afw6dv\" data-brz-custom-id=\"nhipjvjnphvxttkthgasbvmuxthxpdnwthua\">\n<div class=\"brz-icon__container\" data-brz-custom-id=\"powahjlvhantmlwxdahevaxviknvtamadqnd\"><span class=\"brz-icon brz-span brz-css-4rhms2 brz-css-1bucj3l\"><\/span><\/div>\n<div class=\"brz-text-btn\">\n<div class=\"brz-rich-text brz-rich-text__custom brz-css-13mmzdk\" data-brz-custom-id=\"dogbpjonqstzbpvbnfctdknjaraaimqiyzke\">\n<div data-brz-translate-text=\"1\">\n<p class=\"brz-lh-sm-1_4 brz-lh-lg-1_3 brz-fw-xs-400 brz-fw-sm-400 brz-fw-lg-400 brz-ft-google brz-ff-arimo brz-ls-xs-0 brz-ls-sm-0 brz-ls-lg-0 brz-fs-xs-17 brz-fs-sm-17 brz-fs-lg-18 brz-lh-xs-1_4 brz-css-oL7CC\" data-uniq-id=\"dhqun\" data-generated-css=\"brz-css-pyphb\"><span>Duraci\u00f3n de la cirug\u00eda &#8211; 1 hora<\/span><\/p>\n<\/div>\n<\/div>\n<\/div>\n<\/div>\n<\/div>\n<div id=\"\" class=\"brz-css-199lphh brz-css-19mmmvh brz-wrapper\">\n<div class=\"brz-spacer brz-css-11207yg brz-css-1yuaugl\"><\/div>\n<\/div>\n<div id=\"\" class=\"brz-css-199lphh brz-css-1ovpdrl brz-wrapper\">\n<div class=\"brz-icon-text brz-css-afw6dv\" data-brz-custom-id=\"kdomacaenoqkqulxynofbgzeejcmykncdoja\">\n<div class=\"brz-icon__container\" data-brz-custom-id=\"fwesuhsybxqgwjxsmcxzfbvxvdeigsaxtkef\"><span class=\"brz-icon brz-span brz-css-4rhms2 brz-css-1gfr9yp\"><\/span><\/div>\n<div class=\"brz-text-btn\">\n<div class=\"brz-rich-text brz-rich-text__custom brz-css-13mmzdk\" data-brz-custom-id=\"uxevglitmqihozqaegacgihtbgenyizzhmry\">\n<div data-brz-translate-text=\"1\">\n<p class=\"brz-lh-sm-1_4 brz-lh-lg-1_3 brz-fw-xs-400 brz-fw-sm-400 brz-fw-lg-400 brz-ft-google brz-ff-arimo brz-ls-xs-0 brz-ls-sm-0 brz-ls-lg-0 brz-fs-xs-17 brz-fs-sm-17 brz-fs-lg-18 brz-lh-xs-1_4 brz-css-wwD9c\" data-generated-css=\"brz-css-xxigt\" data-uniq-id=\"dcvju\"><span>Vuelta a la vida normal &#8211; 1 semana<\/span><\/p>\n<\/div>\n<\/div>\n<\/div>\n<\/div>\n<\/div>\n<div id=\"\" class=\"brz-css-199lphh brz-css-19mmmvh brz-wrapper\">\n<div class=\"brz-spacer brz-css-11207yg brz-css-8ms538\"><\/div>\n<\/div>\n<\/div>\n<\/div>\n<div class=\"brz-columns brz-css-1ycbey7 brz-css-1qw7ehn\" data-brz-custom-id=\"lnwxsomwyvrahgpnsymuvnnyuyixlvgwdyxz\">\n<div class=\"brz-bg\"><\/div>\n<div class=\"brz-column__items brz-css-1a99aqd brz-css-1sjlm9m\">\n<div id=\"\" class=\"brz-css-199lphh brz-css-1b81h2e brz-wrapper\">\n<div class=\"brz-image brz-css-1gd5v54 brz-css-c3b4xv\" data-brz-custom-id=\"npmaaqnavykutbbtdpggpqpfgoqltcmmstuy\"><img decoding=\"async\" class=\"brz-img\" src=\"https:\/\/drmakclinic.com\/es?brizy_media=wp-791cdf5828999e8370ae576714c057d2.png&amp;brizy_crop=original\" alt=\"\" loading=\"lazy\"><\/div>\n<\/div>\n<\/div>\n<\/div>\n<\/div>\n<\/div>\n<\/div>\n<\/div>\n<\/section>\n<section id=\"_tccoxystrrhjvowylpejtbqivqdouazkpmsq\" class=\"brz-section brz-css-c4xf13\">\n<div class=\"brz-section__content brz-section--boxed brz-css-1t7j0zs brz-css-9fepli\" data-brz-custom-id=\"neutxxbkwjxhlfvngtaljqtqghlyemyalxup\">\n<div class=\"brz-bg\">\n<div class=\"brz-bg-color\"><\/div>\n<\/div>\n<div class=\"brz-container brz-css-1p4z55b\">\n<div id=\"\" class=\"brz-css-199lphh brz-wrapper\">\n<div class=\"brz-line brz-line-default brz-css-838iae brz-css-16sge82\" data-brz-custom-id=\"whkzzmnkcvnursuupwzdesyvbkkmjyqyzpzi\">\n<hr class=\"brz-hr\"><\/div>\n<\/div>\n<div class=\"brz-row__container brz-css-1s78bzc\" data-brz-custom-id=\"ymkcrjnhwgwlglfdgbzzvoqkgmtuekifxhvf\">\n<div class=\"brz-bg\"><\/div>\n<div class=\"brz-row brz-css-1a158u2\">\n<div class=\"brz-columns brz-css-1ycbey7 brz-css-k1gjja\" data-brz-custom-id=\"etyxcqnbhwkillyfxwurwsvyvgbworhuhtms\">\n<div class=\"brz-bg\"><\/div>\n<div class=\"brz-column__items brz-css-1a99aqd\"><\/div>\n<\/div>\n<div class=\"brz-columns brz-css-1ycbey7 brz-css-ki3rrb\" data-brz-custom-id=\"zjmdvqmwrfrbckayyzbrvbjmlzhnzbgtrkeq\">\n<div class=\"brz-bg\"><\/div>\n<div class=\"brz-column__items brz-css-1a99aqd\">\n<div id=\"\" class=\"brz-css-199lphh brz-wrapper\">\n<div class=\"brz-rich-text brz-rich-text__custom brz-css-13mmzdk\" data-brz-custom-id=\"nutfokctkwjwwpvjbbbeovzntqchgubcojjo\">\n<div data-brz-translate-text=\"1\">\n<p class=\"brz-lh-lg-1_9 brz-ls-lg-0 brz-fw-lg-400 brz-fss-lg-px brz-fs-lg-18 brz-ft-google brz-ff-manrope brz-tp-lg-empty brz-css-wrYL5\" data-generated-css=\"brz-css-mpxbt\" data-uniq-id=\"jsdqn\"><span class=\"brz-cp-color2\">El exceso de piel puede resultar en una apariencia muy cansada y tambi\u00e9n puede causar problemas funcionales en los p\u00e1rpados. A menudo, una cirug\u00eda de p\u00e1rpado superior se puede realizar en la cl\u00ednica mediante anestesia local. A trav\u00e9s de la incisi\u00f3n, el Dr. Mak eliminar\u00e1 una peque\u00f1a cantidad de grasa y\/o el exceso de piel se puede remover. Una vez que se ha completado la cirug\u00eda de p\u00e1rpados, la piel se cierra con suturas muy finas que se retiran\/disuelven varios d\u00edas despu\u00e9s, y con el tiempo las cicatrices se desaparecen hasta ser apenas visibles.<\/span><\/p>\n<\/div>\n<\/div>\n<\/div>\n<div id=\"\" class=\"brz-css-199lphh brz-wrapper\">\n<div class=\"brz-rich-text brz-rich-text__custom brz-css-13mmzdk\" data-brz-custom-id=\"gtiemkxtvcqxztgysxyjohufdcehbzmbxuke\">\n<div data-brz-translate-text=\"1\">\n<p class=\"brz-tp-lg-empty brz-ff-ckyztbazucvfgxnrkwthfbuhnumrbfrmhags brz-ft-upload brz-fs-lg-22 brz-fss-lg-px brz-fw-lg-400 brz-ls-lg-0 brz-lh-lg-1_9 brz-css-f3qOS\" data-generated-css=\"brz-css-tcobr\" data-uniq-id=\"nremd\"><span class=\"brz-cp-color2\">Antes del tratamiento, es posible que deba:<\/span><\/p>\n<\/div>\n<\/div>\n<\/div>\n<div id=\"\" class=\"brz-css-199lphh brz-css-cb6008 brz-wrapper\">\n<div class=\"brz-icon-text brz-css-afw6dv\" data-brz-custom-id=\"xttzytnglmpnkuzqgmqdeygdfefdcbvvomzl\">\n<div class=\"brz-icon__container\" data-brz-custom-id=\"mltrvtfiyqudwurqvqxtqtuinunjuevdxktf\"><span class=\"brz-icon brz-span brz-css-4rhms2 brz-css-1u20la4\"><\/span><\/div>\n<div class=\"brz-text-btn\">\n<div class=\"brz-rich-text brz-rich-text__custom brz-css-13mmzdk\" data-brz-custom-id=\"jpddwfpinipqhkhyexzijnuxcnaqspcxepdg\">\n<div data-brz-translate-text=\"1\">\n<p class=\"brz-lh-sm-1_4 brz-lh-lg-1_3 brz-fw-xs-400 brz-fw-sm-400 brz-fw-lg-400 brz-ft-google brz-ff-arimo brz-ls-xs-0 brz-ls-sm-0 brz-ls-lg-0 brz-fs-xs-17 brz-fs-sm-17 brz-fs-lg-18 brz-lh-xs-1_4 brz-css-kdJ3a\" data-generated-css=\"brz-css-vakzy\" data-uniq-id=\"lsvpu\"><span>Dejar de fumar. Fumar disminuye el flujo de sangre en la piel y puede retrasar el proceso de curaci\u00f3n. Si fuma, el Dr. Mak le recomendar\u00e1 que deje de fumar antes de la cirug\u00eda y durante el periodo de la recuperaci\u00f3n.<\/span><\/p>\n<\/div>\n<\/div>\n<\/div>\n<\/div>\n<\/div>\n<div id=\"\" class=\"brz-css-199lphh brz-css-19mmmvh brz-wrapper\">\n<div class=\"brz-spacer brz-css-11207yg brz-css-1vmo8f9\"><\/div>\n<\/div>\n<div id=\"\" class=\"brz-css-199lphh brz-css-1skik9g brz-wrapper\">\n<div class=\"brz-icon-text brz-css-afw6dv\" data-brz-custom-id=\"ggyyxgjpkxgkgaiysvwydhzssgvlthpkladq\">\n<div class=\"brz-icon__container\" data-brz-custom-id=\"xwodpufvmrqymxcjvkyrglazilldcuvbdysq\"><span class=\"brz-icon brz-span brz-css-4rhms2 brz-css-4gd8qx\"><\/span><\/div>\n<div class=\"brz-text-btn\">\n<div class=\"brz-rich-text brz-rich-text__custom brz-css-13mmzdk\" data-brz-custom-id=\"gvhmhhswkxjjnjtxvhmbnvfcrxakazcarszx\">\n<div data-brz-translate-text=\"1\">\n<p class=\"brz-lh-xs-1_4 brz-fs-lg-18 brz-fs-sm-17 brz-fs-xs-17 brz-ls-lg-0 brz-ls-sm-0 brz-ls-xs-0 brz-ff-arimo brz-ft-google brz-fw-lg-400 brz-fw-sm-400 brz-fw-xs-400 brz-lh-lg-1_3 brz-lh-sm-1_4 brz-css-lDlpm\" data-uniq-id=\"hmvsw\" data-generated-css=\"brz-css-nuakm\"><span>Evite ciertos medicamentos. Es probable que deba evitar tomar aspirina, medicamentos antiinflamatorios, anticoagualantes y suplementos herbales, que pueden aumentar el sangrado.<\/span><\/p>\n<\/div>\n<\/div>\n<\/div>\n<\/div>\n<\/div>\n<\/div>\n<\/div>\n<div class=\"brz-columns brz-css-1ycbey7 brz-css-1ewlyf7\" data-brz-custom-id=\"nknuabdysgxvfjkxzppowylydyankgddpkbr\">\n<div class=\"brz-bg\"><\/div>\n<div class=\"brz-column__items brz-css-1a99aqd\"><\/div>\n<\/div>\n<\/div>\n<\/div>\n<\/div>\n<\/div>\n<\/section>\n<section id=\"_xdovncmfnkvjavhozpxassedwrtneyfljblb\" class=\"brz-section brz-css-c4xf13\">\n<div class=\"brz-section__content brz-section--boxed brz-css-1t7j0zs brz-css-1brb2un\" data-brz-custom-id=\"lkhrvybkoygensvyxjykfgrochotyftdiexx\">\n<div class=\"brz-bg\">\n<div class=\"brz-bg-color\"><\/div>\n<\/div>\n<div class=\"brz-container brz-css-1p4z55b\">\n<div id=\"\" class=\"brz-css-199lphh brz-wrapper\">\n<div class=\"brz-line brz-line-default brz-css-838iae brz-css-1gtfkht\" data-brz-custom-id=\"bmswnyxeppotskqrcjjsugwaomscmwrmwcgh\">\n<hr class=\"brz-hr\"><\/div>\n<\/div>\n<div id=\"\" class=\"brz-css-199lphh brz-css-19mmmvh brz-wrapper\">\n<div class=\"brz-spacer brz-css-11207yg brz-css-bs3f03\"><\/div>\n<\/div>\n<div class=\"brz-row__container brz-css-1s78bzc\" data-brz-custom-id=\"vffggnyfpuhxkkfnhbtzgaedeyctgztqezwy\">\n<div class=\"brz-bg\"><\/div>\n<div class=\"brz-row brz-css-1a158u2 brz-css-djk6ec\">\n<div class=\"brz-columns brz-css-1ycbey7 brz-css-1nie2pc\" data-brz-custom-id=\"qwrztdlxungpmnkaacjhdvbhndqjjopwbrbq\">\n<div class=\"brz-bg\"><\/div>\n<div class=\"brz-column__items brz-css-1a99aqd brz-css-10xk67i\">\n<div id=\"\" class=\"brz-css-199lphh brz-css-9j6o7f brz-wrapper\">\n<div class=\"brz-image brz-css-texibd brz-css-1m11ulz\" data-brz-custom-id=\"jdixmympaibbjqvumgyajpbhsabopcwzdwjo\"><img decoding=\"async\" class=\"brz-img\" src=\"https:\/\/drmakclinic.com\/es?brizy_media=wp-9b7486b9d786a0648588605ea135d33b.jpg&amp;brizy_crop=iW%3D316%26iH%3D211%26oX%3D90%26oY%3D23%26cW%3D105%26cH%3D106\" alt=\"\" loading=\"lazy\"><\/div>\n<\/div>\n<\/div>\n<\/div>\n<div class=\"brz-columns brz-css-1ycbey7 brz-css-a750w7\" data-brz-custom-id=\"qnfznhvyixldpuzypvkuntujawzrrbwijszz\">\n<div class=\"brz-bg\"><\/div>\n<div class=\"brz-column__items brz-css-1a99aqd brz-css-953na1\">\n<div id=\"\" class=\"brz-css-199lphh brz-wrapper\">\n<div class=\"brz-rich-text brz-rich-text__custom brz-css-13mmzdk\" data-brz-custom-id=\"yotleblhzqcfkilahdrrpssoupmucbcioyig\">\n<div data-brz-translate-text=\"1\">\n<p data-uniq-id=\"egydo\" data-generated-css=\"brz-css-trizt\" class=\"brz-tp-lg-empty brz-ff-ckyztbazucvfgxnrkwthfbuhnumrbfrmhags brz-ft-upload brz-fs-lg-24 brz-fss-lg-px brz-fw-lg-400 brz-ls-lg-0 brz-lh-lg-1_5 brz-css-r0N9j\">As you begin your journey toward considering plastic surgery and other cosmetic enhancements , my goal as your plastic surgeon is to provide you the highest quality of care throughout the entire process.<\/p>\n<\/div>\n<\/div>\n<\/div>\n<div id=\"\" class=\"brz-css-199lphh brz-css-19mmmvh brz-css-ic0jcf brz-wrapper\">\n<div class=\"brz-spacer brz-css-11207yg brz-css-16546e8\"><\/div>\n<\/div>\n<div id=\"\" class=\"brz-css-199lphh brz-css-1koxy1t brz-wrapper\">\n<div class=\"brz-rich-text brz-rich-text__custom brz-css-13mmzdk\" data-brz-custom-id=\"tiykycygfisqaggvurrwzrdyarfytannmlpa\">\n<div data-brz-translate-text=\"1\">\n<p class=\"brz-text-xs-center brz-tp-lg-heading4 brz-css-wbx61\" data-uniq-id=\"mrayu\" data-generated-css=\"brz-css-yakzy\"><strong class=\"brz-cp-color2\">Dr. Mehmet Arif Karag\u00f6z<\/strong><\/p>\n<\/div>\n<\/div>\n<\/div>\n<div id=\"\" class=\"brz-css-199lphh brz-css-echak4 brz-wrapper\">\n<div class=\"brz-rich-text brz-rich-text__custom brz-css-13mmzdk\" data-brz-custom-id=\"xsdmnwdojpnlkbjqmiatemsrrfqexwmlmxbh\">\n<div data-brz-translate-text=\"1\">\n<p class=\"brz-text-xs-center brz-tp-lg-paragraph brz-css-cxiJE\" data-uniq-id=\"xuihj\" data-generated-css=\"brz-css-uaiir\"><span class=\"brz-cp-color7\">DRMAK Plastic Surgeon<\/span><\/p>\n<\/div>\n<\/div>\n<\/div>\n<\/div>\n<\/div>\n<\/div>\n<\/div>\n<div id=\"\" class=\"brz-css-199lphh brz-css-19mmmvh brz-css-1xn7t0z brz-wrapper\">\n<div class=\"brz-spacer brz-css-11207yg brz-css-d8cd9g\"><\/div>\n<\/div>\n<div id=\"\" class=\"brz-css-199lphh brz-wrapper\">\n<div class=\"brz-line brz-line-default brz-css-838iae brz-css-2rooqa\" data-brz-custom-id=\"xtevnreozlflquqvnaglxzyzbjydcaooufcw\">\n<hr class=\"brz-hr\"><\/div>\n<\/div>\n<\/div>\n<\/div>\n<\/section>\n<\/div>\n<p>    <!-- version:1738144128 --><\/p>\n","protected":false},"excerpt":{"rendered":"<p>CIRUGIA DEL PARP\u00c1DO SUPERIOR (BLEFAROPLASTIA) CIRUGIA DEL PARP\u00c1DO SUPERIOR (BLEFAROPLASTIA) La cirug\u00eda de p\u00e1rpados superiores es un procedimiento quir\u00fargico para mejorar la apariencia de los p\u00e1rpados. Anestesia &#8211; General Duraci\u00f3n de la estancia &#8211; 5 d\u00edas Duraci\u00f3n de la cirug\u00eda &#8211; 1 hora Vuelta a la vida normal &#8211; 1 semana El exceso de piel [&hellip;]<\/p>\n","protected":false},"author":1,"featured_media":0,"parent":1129,"menu_order":0,"comment_status":"closed","ping_status":"closed","template":"","meta":{"footnotes":""},"class_list":["post-1242","page","type-page","status-publish","hentry"],"blocksy_meta":{"styles_descriptor":{"styles":{"desktop":"","tablet":"","mobile":""},"google_fonts":[],"version":6}},"_links":{"self":[{"href":"https:\/\/drmakclinic.com\/es\/wp-json\/wp\/v2\/pages\/1242","targetHints":{"allow":["GET"]}}],"collection":[{"href":"https:\/\/drmakclinic.com\/es\/wp-json\/wp\/v2\/pages"}],"about":[{"href":"https:\/\/drmakclinic.com\/es\/wp-json\/wp\/v2\/types\/page"}],"author":[{"embeddable":true,"href":"https:\/\/drmakclinic.com\/es\/wp-json\/wp\/v2\/users\/1"}],"replies":[{"embeddable":true,"href":"https:\/\/drmakclinic.com\/es\/wp-json\/wp\/v2\/comments?post=1242"}],"version-history":[{"count":0,"href":"https:\/\/drmakclinic.com\/es\/wp-json\/wp\/v2\/pages\/1242\/revisions"}],"up":[{"embeddable":true,"href":"https:\/\/drmakclinic.com\/es\/wp-json\/wp\/v2\/pages\/1129"}],"wp:attachment":[{"href":"https:\/\/drmakclinic.com\/es\/wp-json\/wp\/v2\/media?parent=1242"}],"curies":[{"name":"wp","href":"https:\/\/api.w.org\/{rel}","templated":true}]}}