{"id":1248,"date":"2022-08-28T20:51:43","date_gmt":"2022-08-28T17:51:43","guid":{"rendered":"https:\/\/drmakclinic.com\/?page_id=1248"},"modified":"2025-01-29T18:36:27","modified_gmt":"2025-01-29T15:36:27","slug":"vaginoplasty","status":"publish","type":"page","link":"https:\/\/drmakclinic.com\/es\/procedures\/aesthetic-plastic-surgery\/vaginoplasty\/","title":{"rendered":"Vaginoplasty"},"content":{"rendered":"<div class=\"brz-root__container brz-reset-all brz brz-root__container-page\">\n<section id=\"_qpwxkcmfcntxlmuzxnlzcdfdoprambdjnplo\" class=\"brz-section brz-css-1y6gd1p\">\n<div class=\"brz-section__content brz-section--boxed brz-css-1t4s2lx brz-css-tr1uqq\" data-brz-custom-id=\"drzltxstfysgxismxyrycyirumbvmqkjxnsr\">\n<div class=\"brz-bg\">\n<div class=\"brz-bg-color\"><\/div>\n<\/div>\n<div class=\"brz-container brz-css-1slee92\">\n<div class=\"brz-row__container brz-css-ntudd3\" data-brz-custom-id=\"typmxbyopouprogckbyhysfgrkwneacvfgmu\">\n<div class=\"brz-bg\"><\/div>\n<div class=\"brz-row brz-css-1p7obr3 brz-css-cocbgj\">\n<div class=\"brz-columns brz-css-c04hdo brz-css-nqai0\" data-brz-custom-id=\"npjlhxrgtyyepstbochwhwxrimjqvtoqabvy\">\n<div class=\"brz-bg\"><\/div>\n<div class=\"brz-column__items brz-css-9tn77b\">\n<div id=\"\" class=\"brz-css-g8jnds brz-wrapper\">\n<div class=\"brz-icon-text brz-css-16q2kec brz-css-1hzpy0g\" data-brz-custom-id=\"oeutnurxkxbqfiolxxenpwnulzaypdsfkdci\">\n<div class=\"brz-icon__container\" data-brz-custom-id=\"hrosbekwnjciurpjclusdcliwyroajfeycsw\"><span class=\"brz-icon brz-span brz-css-1a7o06d brz-css-gs5jb5\"><\/span><\/div>\n<div class=\"brz-text-btn\">\n<div class=\"brz-rich-text brz-rich-text__custom brz-css-844wq0\" data-brz-custom-id=\"fbtbrxbpkyblcocprlwvjugdjkvicxcyrfsu\">\n<div data-brz-translate-text=\"1\">\n<p class=\"brz-lh-lg-1 brz-ls-lg-0 brz-fw-lg-400 brz-fss-lg-px brz-fs-lg-66 brz-ft-upload brz-ff-izzivsxniqvyexslaslvwzgtgnghvrxuxiru brz-tp-lg-empty ql-align-center brz-text-lg-justify brz-css-wDgPW\" data-generated-css=\"brz-css-imndb\" data-uniq-id=\"lplmz\"><span>Vaginoplastia<\/span><\/p>\n<\/div>\n<\/div>\n<\/div>\n<\/div>\n<\/div>\n<\/div>\n<\/div>\n<\/div>\n<\/div>\n<\/div>\n<\/div>\n<\/section>\n<section id=\"_istoewoydoxagvzyvdiparmhxdjfkplhiggi\" class=\"brz-section brz-css-1y6gd1p\">\n<div class=\"brz-section__content brz-section--boxed brz-css-1t4s2lx brz-css-lt1mmy\" data-brz-custom-id=\"fkmnzoeegoynabmlsvpksuqorjkhpblrvqjk\">\n<div class=\"brz-bg\">\n<div class=\"brz-bg-color\"><\/div>\n<\/div>\n<div class=\"brz-container brz-css-1slee92\">\n<div id=\"\" class=\"brz-css-g8jnds brz-wrapper\">\n<div class=\"brz-line brz-line-default brz-css-1qf9zg9 brz-css-zu3g41\" data-brz-custom-id=\"hvvtpfeqiehthvagpiswrijjlfawjmqjwtno\">\n<hr class=\"brz-hr\"><\/div>\n<\/div>\n<div class=\"brz-row__container brz-css-ntudd3\" data-brz-custom-id=\"kniavdkamxyidkuqxhkjhqaidkloflytmqbv\">\n<div class=\"brz-bg\"><\/div>\n<div class=\"brz-row brz-css-1p7obr3 brz-css-5dbt7y\">\n<div class=\"brz-columns brz-css-c04hdo brz-css-1wqxj2m\" data-brz-custom-id=\"puxhjwkvkilsnkagtqsofnonabzhonwsevkj\">\n<div class=\"brz-bg\"><\/div>\n<div class=\"brz-column__items brz-css-9tn77b brz-css-149v0xl\">\n<div id=\"\" class=\"brz-css-g8jnds brz-css-112xol6 brz-wrapper\">\n<div class=\"brz-rich-text brz-rich-text__custom brz-css-844wq0\" data-brz-custom-id=\"pkyodqyjxomwjwbdurafsvvqqtciqtrtugrx\">\n<div data-brz-translate-text=\"1\">\n<h4 class=\"brz-lh-lg-1_5 brz-tp-lg-empty brz-ff-manrope brz-ft-google brz-fs-lg-13 brz-fss-lg-px brz-fw-lg-700 brz-ls-lg-m_0_5 brz-css-lQQEZ\" data-generated-css=\"brz-css-pevep\" data-uniq-id=\"ohvly\"><span class=\"brz-capitalize-on\">VAGINOPLASTIA<\/span><\/h4>\n<\/div>\n<\/div>\n<\/div>\n<div id=\"\" class=\"brz-css-g8jnds brz-css-1rzbqeb brz-wrapper\">\n<div class=\"brz-rich-text brz-rich-text__custom brz-css-844wq0\" data-brz-custom-id=\"xxagwoqqrnekvqudsocofdfyrevlmmqahabp\">\n<div data-brz-translate-text=\"1\">\n<p class=\"brz-ls-lg-0 brz-fw-lg-400 brz-fss-lg-px brz-fs-lg-36 brz-ft-upload brz-ff-ckyztbazucvfgxnrkwthfbuhnumrbfrmhags brz-tp-lg-empty brz-lh-lg-1_3 brz-css-jY77z\" data-generated-css=\"brz-css-tpafi\" data-uniq-id=\"pgmdh\"><span class=\"brz-cp-color2\">La vaginoplastia es un procedimiento dise\u00f1ado para&nbsp;rejuvenecer&nbsp;la vagina. Despu\u00e9s de&nbsp;los&nbsp;partos, muchas&nbsp;mujeres pueden quejarse del s\u00edndrome de relajaci\u00f3n vaginal&nbsp;laxitud vaginal&nbsp;o de&nbsp;ensanchamiento&nbsp;vaginal, lo que ha&nbsp;resultado del estiramiento de los tejidos y la separaci\u00f3n de los m\u00fasculos, a veces hasta que se caen&nbsp;tampones, y esta falta de&nbsp;virtud&nbsp;puede contribuir a la disfunci\u00f3n sexual<\/span><\/p>\n<\/div>\n<\/div>\n<\/div>\n<div id=\"\" class=\"brz-css-g8jnds brz-css-iziw1a brz-wrapper\">\n<div class=\"brz-spacer brz-css-ejovwp brz-css-hwgcgi\"><\/div>\n<\/div>\n<div id=\"\" class=\"brz-css-g8jnds brz-css-iziw1a brz-wrapper\">\n<div class=\"brz-spacer brz-css-ejovwp brz-css-1igcx6h\"><\/div>\n<\/div>\n<div id=\"\" class=\"brz-css-g8jnds brz-css-13eeonl brz-wrapper\">\n<div class=\"brz-icon-text brz-css-16q2kec\" data-brz-custom-id=\"vsvbvefqlveashflqiyxcndlshayuojetpxh\">\n<div class=\"brz-icon__container\" data-brz-custom-id=\"cptbvmfylfhjisqtihohnidlzhyszqpapoti\"><span class=\"brz-icon brz-span brz-css-1a7o06d brz-css-1i8g4de\"><\/span><\/div>\n<div class=\"brz-text-btn\">\n<div class=\"brz-rich-text brz-rich-text__custom brz-css-844wq0\" data-brz-custom-id=\"clmigqhgsvhxcxdukifmvamxspaxvvbnguov\">\n<div data-brz-translate-text=\"1\">\n<p class=\"brz-lh-xs-1_4 brz-lh-sm-1_4 brz-fs-lg-18 brz-fs-sm-17 brz-fs-xs-17 brz-ls-lg-0 brz-ls-sm-0 brz-ls-xs-0 brz-ff-arimo brz-ft-google brz-fw-lg-400 brz-fw-sm-400 brz-fw-xs-400 brz-lh-lg-1_3 brz-css-ovhsN\" data-uniq-id=\"fswbx\" data-generated-css=\"brz-css-qubah\"><span>Anaesthetic &#8211; General<\/span><\/p>\n<\/div>\n<\/div>\n<\/div>\n<\/div>\n<\/div>\n<div id=\"\" class=\"brz-css-g8jnds brz-css-iziw1a brz-wrapper\">\n<div class=\"brz-spacer brz-css-ejovwp brz-css-13qys0u\"><\/div>\n<\/div>\n<div id=\"\" class=\"brz-css-g8jnds brz-css-f9uj0x brz-wrapper\">\n<div class=\"brz-icon-text brz-css-16q2kec\" data-brz-custom-id=\"ubnfgxlgtrapwnqvhtzmxzgeqypmphlnscqg\">\n<div class=\"brz-icon__container\" data-brz-custom-id=\"gqjrpwdwfcgmuqamrxdtszwzwgbkkxgupsad\"><span class=\"brz-icon brz-span brz-css-1a7o06d brz-css-1g8oyj3\"><\/span><\/div>\n<div class=\"brz-text-btn\">\n<div class=\"brz-rich-text brz-rich-text__custom brz-css-844wq0\" data-brz-custom-id=\"vpviqcydprhnyusgxcsiayiofsvcusxyyghr\">\n<div data-brz-translate-text=\"1\">\n<p class=\"brz-lh-xs-1_4 brz-fs-lg-18 brz-fs-sm-17 brz-fs-xs-17 brz-ls-lg-0 brz-ls-sm-0 brz-ls-xs-0 brz-ff-arimo brz-ft-google brz-fw-lg-400 brz-fw-sm-400 brz-fw-xs-400 brz-lh-lg-1_3 brz-lh-sm-1_4 brz-css-ckr6o\" data-generated-css=\"brz-css-emvwo\" data-uniq-id=\"nqmeh\"><span>Length of stay &#8211; 4 nights&nbsp;<\/span><\/p>\n<\/div>\n<\/div>\n<\/div>\n<\/div>\n<\/div>\n<div id=\"\" class=\"brz-css-g8jnds brz-css-iziw1a brz-wrapper\">\n<div class=\"brz-spacer brz-css-ejovwp brz-css-13enuxf\"><\/div>\n<\/div>\n<div id=\"\" class=\"brz-css-g8jnds brz-css-1nxhz88 brz-wrapper\">\n<div class=\"brz-icon-text brz-css-16q2kec\" data-brz-custom-id=\"jcsmgngyzzexikadrdvvcpuzjjtaksejurbx\">\n<div class=\"brz-icon__container\" data-brz-custom-id=\"lttdmydrkvcfjfmruovhjdfsvodtzbudzeot\"><span class=\"brz-icon brz-span brz-css-1a7o06d brz-css-100y6ss\"><\/span><\/div>\n<div class=\"brz-text-btn\">\n<div class=\"brz-rich-text brz-rich-text__custom brz-css-844wq0\" data-brz-custom-id=\"fwvfrdcjkxxwlqkfyudifgxmiquwuufdtfal\">\n<div data-brz-translate-text=\"1\">\n<p class=\"brz-lh-xs-1_4 brz-fs-lg-18 brz-fs-sm-17 brz-fs-xs-17 brz-ls-lg-0 brz-ls-sm-0 brz-ls-xs-0 brz-ff-arimo brz-ft-google brz-fw-lg-400 brz-fw-sm-400 brz-fw-xs-400 brz-lh-lg-1_3 brz-lh-sm-1_4 brz-css-tPBoU\" data-generated-css=\"brz-css-zwopl\" data-uniq-id=\"awimy\"><span>Length of operation &#8211; 1 hours<\/span><\/p>\n<\/div>\n<\/div>\n<\/div>\n<\/div>\n<\/div>\n<div id=\"\" class=\"brz-css-g8jnds brz-css-iziw1a brz-wrapper\">\n<div class=\"brz-spacer brz-css-ejovwp brz-css-prmmvi\"><\/div>\n<\/div>\n<div id=\"\" class=\"brz-css-g8jnds brz-css-1fp0qtc brz-wrapper\">\n<div class=\"brz-icon-text brz-css-16q2kec\" data-brz-custom-id=\"amoucygcqbqecurhptvccwxydswfkrngurqz\">\n<div class=\"brz-icon__container\" data-brz-custom-id=\"nakfrpnjfzigsvauxppdhsbvvxrbjgovonly\"><span class=\"brz-icon brz-span brz-css-1a7o06d brz-css-1szdggf\"><\/span><\/div>\n<div class=\"brz-text-btn\">\n<div class=\"brz-rich-text brz-rich-text__custom brz-css-844wq0\" data-brz-custom-id=\"okpqhzcuekgaeaguhhwindfmcfycthunbfkg\">\n<div data-brz-translate-text=\"1\">\n<p class=\"brz-lh-xs-1_4 brz-fs-lg-18 brz-fs-sm-17 brz-fs-xs-17 brz-ls-lg-0 brz-ls-sm-0 brz-ls-xs-0 brz-ff-arimo brz-ft-google brz-fw-lg-400 brz-fw-sm-400 brz-fw-xs-400 brz-lh-lg-1_3 brz-lh-sm-1_4 brz-css-uK4ph\" data-uniq-id=\"rsqjo\" data-generated-css=\"brz-css-obpyb\"><span>Return to normal life &#8211; 2 week<\/span><\/p>\n<\/div>\n<\/div>\n<\/div>\n<\/div>\n<\/div>\n<div id=\"\" class=\"brz-css-g8jnds brz-css-iziw1a brz-wrapper\">\n<div class=\"brz-spacer brz-css-ejovwp brz-css-6y9wzd\"><\/div>\n<\/div>\n<\/div>\n<\/div>\n<div class=\"brz-columns brz-css-c04hdo brz-css-17qy4af\" data-brz-custom-id=\"kytjluohnfspwyrcqonymsmfygakxvuaywbb\">\n<div class=\"brz-bg\"><\/div>\n<div class=\"brz-column__items brz-css-9tn77b brz-css-128imam\">\n<div id=\"\" class=\"brz-css-g8jnds brz-css-11f6kyk brz-wrapper\">\n<div class=\"brz-image brz-css-a8hi2n brz-css-vofe3k\" data-brz-custom-id=\"abapaeupbrdtqruswpyheuqeeazsvhexnary\"><img decoding=\"async\" class=\"brz-img\" src=\"https:\/\/drmakclinic.com\/es?brizy_media=wp-515ea4b4f4f52a901e6c096490cc4a11.png&amp;brizy_crop=original\" alt=\"\" loading=\"lazy\"><\/div>\n<\/div>\n<\/div>\n<\/div>\n<\/div>\n<\/div>\n<\/div>\n<\/div>\n<\/section>\n<section id=\"_zocmjjzctqhtibgzporocmfqhlwgdwlkjnvu\" class=\"brz-section brz-css-1y6gd1p\">\n<div class=\"brz-section__content brz-section--boxed brz-css-1t4s2lx brz-css-cfk4u4\" data-brz-custom-id=\"gmexwktyktwczpvtxgqzbtcvqfnyazzyjfex\">\n<div class=\"brz-bg\">\n<div class=\"brz-bg-color\"><\/div>\n<\/div>\n<div class=\"brz-container brz-css-1slee92\">\n<div id=\"\" class=\"brz-css-g8jnds brz-wrapper\">\n<div class=\"brz-line brz-line-default brz-css-1qf9zg9 brz-css-1u624rf\" data-brz-custom-id=\"kmltezyqfyrtyyftafshdhpbvojcxvaaeaog\">\n<hr class=\"brz-hr\"><\/div>\n<\/div>\n<div class=\"brz-row__container brz-css-ntudd3\" data-brz-custom-id=\"aesumcdsipzfmdqlvynkuridkkhqckjfkxgf\">\n<div class=\"brz-bg\"><\/div>\n<div class=\"brz-row brz-css-1p7obr3\">\n<div class=\"brz-columns brz-css-c04hdo brz-css-1nr8pgb\" data-brz-custom-id=\"zitjsnuulqpclmhsokziekgxhzdyysebjdne\">\n<div class=\"brz-bg\"><\/div>\n<div class=\"brz-column__items brz-css-9tn77b\"><\/div>\n<\/div>\n<div class=\"brz-columns brz-css-c04hdo brz-css-3247s2\" data-brz-custom-id=\"obbobjjjlcjenukouryrfvihnzqncponoyjk\">\n<div class=\"brz-bg\"><\/div>\n<div class=\"brz-column__items brz-css-9tn77b\">\n<div id=\"\" class=\"brz-css-g8jnds brz-wrapper\">\n<div class=\"brz-rich-text brz-rich-text__custom brz-css-844wq0\" data-brz-custom-id=\"ndgsetumwumcpmngbknjfdqxvlegnsajnifo\">\n<div data-brz-translate-text=\"1\">\n<p class=\"brz-fs-lg-22 brz-ft-upload brz-ff-ckyztbazucvfgxnrkwthfbuhnumrbfrmhags brz-tp-lg-empty brz-lh-lg-1_9 brz-ls-lg-0 brz-fw-lg-400 brz-fss-lg-px brz-css-v6Tqa\" data-generated-css=\"brz-css-qqmjg\" data-uniq-id=\"haiwu\"><span>\u00bfEn qu\u00e9&nbsp;hace una vaginoplastia?<\/span><\/p>\n<\/div>\n<\/div>\n<\/div>\n<div id=\"\" class=\"brz-css-g8jnds brz-css-63dn7p brz-wrapper\">\n<div class=\"brz-rich-text brz-rich-text__custom brz-css-844wq0\" data-brz-custom-id=\"zsleivlyqebbgpknlpznmcbctetivonsfnqi\">\n<div data-brz-translate-text=\"1\">\n<p class=\"brz-lh-lg-1_9 brz-ls-lg-0 brz-fw-lg-400 brz-fss-lg-px brz-fs-lg-16 brz-ft-google brz-ff-manrope brz-tp-lg-empty brz-css-sAYaZ\" data-generated-css=\"brz-css-pgjmx\" data-uniq-id=\"fqioy\"><span>El objetivo de la vaginoplastia consiste en unir&nbsp;los m\u00fasculos separados y&nbsp;remover la&nbsp;la piel mucosa adicional de la parte posterior de la vagina. La piel externa tambi\u00e9n se puede quitar para una apariencia m\u00e1s est\u00e9tica.<\/span><\/p>\n<\/div>\n<\/div>\n<\/div>\n<div id=\"\" class=\"brz-css-g8jnds brz-wrapper\">\n<div class=\"brz-rich-text brz-rich-text__custom brz-css-844wq0\" data-brz-custom-id=\"kmmacanmotijynwuwwdcabesytmsgkblecca\">\n<div data-brz-translate-text=\"1\">\n<p class=\"brz-fss-lg-px brz-fw-lg-400 brz-ls-lg-0 brz-lh-lg-1_9 brz-tp-lg-empty brz-ff-ckyztbazucvfgxnrkwthfbuhnumrbfrmhags brz-ft-upload brz-fs-lg-22 brz-css-m6ymV\" data-uniq-id=\"ztied\" data-generated-css=\"brz-css-ytngw\"><span>Procedimiento de&nbsp;la vaginoplastia<\/span><\/p>\n<\/div>\n<\/div>\n<\/div>\n<div id=\"\" class=\"brz-css-g8jnds brz-css-374xlt brz-wrapper\">\n<div class=\"brz-rich-text brz-rich-text__custom brz-css-844wq0\" data-brz-custom-id=\"emfxdhceesdddmmtiqakskzoyrwsyumyvjoq\">\n<div data-brz-translate-text=\"1\">\n<p class=\"brz-lh-lg-1_9 brz-ls-lg-0 brz-fw-lg-400 brz-fss-lg-px brz-fs-lg-16 brz-ft-google brz-ff-manrope brz-tp-lg-empty brz-css-of6ec\" data-generated-css=\"brz-css-yylmc\" data-uniq-id=\"jbmed\"><span>Una vez que se determina la cantidad&nbsp;exacta&nbsp;de estiramiento que se debe realizar, se marca una cu\u00f1a en forma de pastel para delinear la piel adicional que se eliminar\u00e1 de la parte&nbsp;interior de la vagina. Debajo de la piel, los tejidos se tensan con fuertes suturas.&nbsp;Cuando&nbsp;se ha apretado el canal vaginal, se sutura la piel de la mucosa para cerrarla. Si hay piel externa que sobresale, esta tambi\u00e9n se puede reducir para una soluci\u00f3n y un resultado m\u00e1s est\u00e9tico.<\/span><\/p>\n<\/div>\n<\/div>\n<\/div>\n<div id=\"\" class=\"brz-css-g8jnds brz-wrapper\">\n<div class=\"brz-rich-text brz-rich-text__custom brz-css-844wq0\" data-brz-custom-id=\"pxbdepkpjrzehvwpfwhayllddiqrbtbbkgtv\">\n<div data-brz-translate-text=\"1\">\n<p class=\"brz-fs-lg-22 brz-ft-upload brz-ff-ckyztbazucvfgxnrkwthfbuhnumrbfrmhags brz-tp-lg-empty brz-lh-lg-1_9 brz-ls-lg-0 brz-fw-lg-400 brz-fss-lg-px brz-css-vt_54\" data-generated-css=\"brz-css-vqcch\" data-uniq-id=\"gwpeh\"><span>Recuperarse de una vaginoplastia&nbsp;<\/span><\/p>\n<\/div>\n<\/div>\n<\/div>\n<div id=\"\" class=\"brz-css-g8jnds brz-css-x9s8dy brz-wrapper\">\n<div class=\"brz-rich-text brz-rich-text__custom brz-css-844wq0\" data-brz-custom-id=\"cqzkhjmqavncgjpgvkzmnhjlckhztvbxwmjw\">\n<div data-brz-translate-text=\"1\">\n<p class=\"brz-lh-lg-1_9 brz-ls-lg-0 brz-fw-lg-400 brz-fss-lg-px brz-fs-lg-16 brz-ft-google brz-ff-manrope brz-tp-lg-empty brz-css-w93i_\" data-generated-css=\"brz-css-gqdyg\" data-uniq-id=\"pacyp\"><span>Los pacientes pueden&nbsp;experimentar&nbsp;una o dos semanas de tiempo de inactividad. Pueden sentir dolores&nbsp;durante los primeros d\u00edas y no usar tampones ni tener&nbsp;relaciones sexuales durante 4 semanas.<\/span><\/p>\n<\/div>\n<\/div>\n<\/div>\n<div id=\"\" class=\"brz-css-g8jnds brz-wrapper\">\n<div class=\"brz-rich-text brz-rich-text__custom brz-css-844wq0\" data-brz-custom-id=\"kbargoavgooafyuxenztnpybfcqldnfwbktd\">\n<div data-brz-translate-text=\"1\">\n<p class=\"brz-tp-lg-empty brz-ff-ckyztbazucvfgxnrkwthfbuhnumrbfrmhags brz-ft-upload brz-fs-lg-22 brz-fss-lg-px brz-fw-lg-400 brz-ls-lg-0 brz-lh-lg-1_9 brz-mt-lg-34 brz-css-jPE9y\" data-generated-css=\"brz-css-chwjo\" data-uniq-id=\"zxyaz\"><span class=\"brz-cp-color2\">Antes del&nbsp;tratamiento, es posible que deba:<\/span><\/p>\n<\/div>\n<\/div>\n<\/div>\n<div id=\"\" class=\"brz-css-g8jnds brz-css-wq99bg brz-wrapper\">\n<div class=\"brz-icon-text brz-css-16q2kec\" data-brz-custom-id=\"usidzzovztodcqmzhohqltapirqhsspuylrp\">\n<div class=\"brz-icon__container\" data-brz-custom-id=\"qyeprksnhvsauukrcqtbsgbohohdglnieteo\"><span class=\"brz-icon brz-span brz-css-1a7o06d brz-css-1ppygih\"><\/span><\/div>\n<div class=\"brz-text-btn\">\n<div class=\"brz-rich-text brz-rich-text__custom brz-css-844wq0\" data-brz-custom-id=\"gompsydnyktkwebifhsudznnhisnlsafiqfo\">\n<div data-brz-translate-text=\"1\">\n<p class=\"brz-lh-xs-1_4 brz-fs-lg-18 brz-fs-sm-17 brz-fs-xs-17 brz-ls-lg-0 brz-ls-sm-0 brz-ls-xs-0 brz-ff-arimo brz-ft-google brz-fw-lg-400 brz-fw-sm-400 brz-fw-xs-400 brz-lh-lg-1_3 brz-lh-sm-1_4 brz-css-dmAGV\" data-uniq-id=\"vfqmj\" data-generated-css=\"brz-css-hslij\"><span>Dejar&nbsp;de fumar. Fumar disminuye el flujo de sangre en la piel y puede retrasar el proceso de curaci\u00f3n. Si fuma, el Dr. Mak le recomendar\u00e1&nbsp;que deje de fumar antes de la cirug\u00eda y durante&nbsp;el periodo de&nbsp;la recuperaci\u00f3n<\/span><\/p>\n<\/div>\n<\/div>\n<\/div>\n<\/div>\n<\/div>\n<div id=\"\" class=\"brz-css-g8jnds brz-css-iziw1a brz-wrapper\">\n<div class=\"brz-spacer brz-css-ejovwp brz-css-3r9scc\"><\/div>\n<\/div>\n<div id=\"\" class=\"brz-css-g8jnds brz-css-1f74zp7 brz-wrapper\">\n<div class=\"brz-icon-text brz-css-16q2kec\" data-brz-custom-id=\"cthcpxjxvmzqmuotmfcqldkzzkmmmphqtlrw\">\n<div class=\"brz-icon__container\" data-brz-custom-id=\"srvnzfbzwgzmmcymkozxlcoyppnhblqvlhae\"><span class=\"brz-icon brz-span brz-css-1a7o06d brz-css-1f1c7fx\"><\/span><\/div>\n<div class=\"brz-text-btn\">\n<div class=\"brz-rich-text brz-rich-text__custom brz-css-844wq0\" data-brz-custom-id=\"kawiqecdxyurzogzkxtvljlbeibfxqvumfkv\">\n<div data-brz-translate-text=\"1\">\n<p class=\"brz-lh-sm-1_4 brz-lh-lg-1_3 brz-fw-xs-400 brz-fw-sm-400 brz-fw-lg-400 brz-ft-google brz-ff-arimo brz-ls-xs-0 brz-ls-sm-0 brz-ls-lg-0 brz-fs-xs-17 brz-fs-sm-17 brz-fs-lg-18 brz-lh-xs-1_4 brz-css-asQuI\" data-generated-css=\"brz-css-avawp\" data-uniq-id=\"nnfkf\"><span>Evite ciertos medicamentos. Es probable que deba evitar tomar aspirina, medicamentos antiinflamatorios, anticoagualantes y suplementos&nbsp;herbales, que pueden aumentar el sangrado.<\/span><\/p>\n<\/div>\n<\/div>\n<\/div>\n<\/div>\n<\/div>\n<div id=\"\" class=\"brz-css-g8jnds brz-css-iziw1a brz-wrapper\">\n<div class=\"brz-spacer brz-css-ejovwp brz-css-1egwbce\"><\/div>\n<\/div>\n<\/div>\n<\/div>\n<div class=\"brz-columns brz-css-c04hdo brz-css-193i49u\" data-brz-custom-id=\"rrrkrcfpguigvtkjtlwdshyjxzhnmytovfxx\">\n<div class=\"brz-bg\"><\/div>\n<div class=\"brz-column__items brz-css-9tn77b\"><\/div>\n<\/div>\n<\/div>\n<\/div>\n<\/div>\n<\/div>\n<\/section>\n<section id=\"_vnfgvvewfihwamrrjllazbzwogrjrgpdypyt\" class=\"brz-section brz-css-1y6gd1p\">\n<div class=\"brz-section__content brz-section--boxed brz-css-1t4s2lx brz-css-1fqpie9\" data-brz-custom-id=\"ursnbzxyrgjweoujumzeolohhbthkqmgpezf\">\n<div class=\"brz-bg\">\n<div class=\"brz-bg-color\"><\/div>\n<\/div>\n<div class=\"brz-container brz-css-1slee92\">\n<div id=\"\" class=\"brz-css-g8jnds brz-wrapper\">\n<div class=\"brz-line brz-line-default brz-css-1qf9zg9 brz-css-16j1qa2\" data-brz-custom-id=\"sajwvdmizckymulayihmsjniqzhxfptadvmy\">\n<hr class=\"brz-hr\"><\/div>\n<\/div>\n<div id=\"\" class=\"brz-css-g8jnds brz-css-iziw1a brz-wrapper\">\n<div class=\"brz-spacer brz-css-ejovwp brz-css-1huqph1\"><\/div>\n<\/div>\n<div class=\"brz-row__container brz-css-ntudd3\" data-brz-custom-id=\"xeogotvioorjphdmiowmgcokjpzppxnwkrwz\">\n<div class=\"brz-bg\"><\/div>\n<div class=\"brz-row brz-css-1p7obr3 brz-css-5dbt7y\">\n<div class=\"brz-columns brz-css-c04hdo brz-css-117xfmm\" data-brz-custom-id=\"yhyhrafhdnkejodqdrbkiexljldxtnsuwltb\">\n<div class=\"brz-bg\"><\/div>\n<div class=\"brz-column__items brz-css-9tn77b brz-css-1ij9de1\">\n<div id=\"\" class=\"brz-css-g8jnds brz-css-c0yltk brz-wrapper\">\n<div class=\"brz-image brz-css-oht7xr brz-css-171t8nb\" data-brz-custom-id=\"bzehywsvuzwjlurvprooexgblgzfvqxeeape\"><img decoding=\"async\" class=\"brz-img\" src=\"https:\/\/drmakclinic.com\/es?brizy_media=wp-9b7486b9d786a0648588605ea135d33b.jpg&amp;brizy_crop=iW%3D316%26iH%3D211%26oX%3D90%26oY%3D23%26cW%3D105%26cH%3D106\" alt=\"\" loading=\"lazy\"><\/div>\n<\/div>\n<\/div>\n<\/div>\n<div class=\"brz-columns brz-css-c04hdo brz-css-asvovu\" data-brz-custom-id=\"ujziomftmbxnrpxracnrookafruxhuccrvgy\">\n<div class=\"brz-bg\"><\/div>\n<div class=\"brz-column__items brz-css-9tn77b brz-css-14cg8l9\">\n<div id=\"\" class=\"brz-css-g8jnds brz-wrapper\">\n<div class=\"brz-rich-text brz-rich-text__custom brz-css-844wq0\" data-brz-custom-id=\"hresfuphtsrzyintthirutpisljtfplgkkxf\">\n<div data-brz-translate-text=\"1\">\n<p data-uniq-id=\"egydo\" data-generated-css=\"brz-css-trizt\" class=\"brz-tp-lg-empty brz-ff-ckyztbazucvfgxnrkwthfbuhnumrbfrmhags brz-ft-upload brz-fs-lg-24 brz-fss-lg-px brz-fw-lg-400 brz-ls-lg-0 brz-lh-lg-1_5 brz-css-iltDg\">As you begin your journey toward considering plastic surgery and other cosmetic enhancements , my goal as your plastic surgeon is to provide you the highest quality of care throughout the entire process.<\/p>\n<\/div>\n<\/div>\n<\/div>\n<div id=\"\" class=\"brz-css-g8jnds brz-css-iziw1a brz-css-7az4hy brz-wrapper\">\n<div class=\"brz-spacer brz-css-ejovwp brz-css-1nnxyg\"><\/div>\n<\/div>\n<div id=\"\" class=\"brz-css-g8jnds brz-css-1gslnp6 brz-wrapper\">\n<div class=\"brz-rich-text brz-rich-text__custom brz-css-844wq0\" data-brz-custom-id=\"mtzwfgcdyejiwrauxxixgbhskwlcpotrijbr\">\n<div data-brz-translate-text=\"1\">\n<p class=\"brz-text-xs-center brz-tp-lg-heading4 brz-css-toZVP\" data-uniq-id=\"mrayu\" data-generated-css=\"brz-css-yakzy\"><strong class=\"brz-cp-color2\">Dr. Mehmet Arif Karag\u00f6z<\/strong><\/p>\n<\/div>\n<\/div>\n<\/div>\n<div id=\"\" class=\"brz-css-g8jnds brz-css-1t8fr8h brz-wrapper\">\n<div class=\"brz-rich-text brz-rich-text__custom brz-css-844wq0\" data-brz-custom-id=\"nxftoxbcelslrftjetouuogmadbpofrjprqr\">\n<div data-brz-translate-text=\"1\">\n<p class=\"brz-text-xs-center brz-tp-lg-paragraph brz-css-lMbz6\" data-uniq-id=\"xuihj\" data-generated-css=\"brz-css-uaiir\"><span class=\"brz-cp-color7\">DRMAK Plastic Surgeon<\/span><\/p>\n<\/div>\n<\/div>\n<\/div>\n<\/div>\n<\/div>\n<\/div>\n<\/div>\n<div id=\"\" class=\"brz-css-g8jnds brz-css-iziw1a brz-css-19vyc5x brz-wrapper\">\n<div class=\"brz-spacer brz-css-ejovwp brz-css-17wn2ga\"><\/div>\n<\/div>\n<div id=\"\" class=\"brz-css-g8jnds brz-wrapper\">\n<div class=\"brz-line brz-line-default brz-css-1qf9zg9 brz-css-1rabxll\" data-brz-custom-id=\"hkydzocgvhmhmggdxjndvqlgneuhxhslunar\">\n<hr class=\"brz-hr\"><\/div>\n<\/div>\n<\/div>\n<\/div>\n<\/section>\n<\/div>\n<p>    <!-- version:1738164987 --><\/p>\n","protected":false},"excerpt":{"rendered":"<p>Vaginoplastia VAGINOPLASTIA La vaginoplastia es un procedimiento dise\u00f1ado para&nbsp;rejuvenecer&nbsp;la vagina. Despu\u00e9s de&nbsp;los&nbsp;partos, muchas&nbsp;mujeres pueden quejarse del s\u00edndrome de relajaci\u00f3n vaginal&nbsp;laxitud vaginal&nbsp;o de&nbsp;ensanchamiento&nbsp;vaginal, lo que ha&nbsp;resultado del estiramiento de los tejidos y la separaci\u00f3n de los m\u00fasculos, a veces hasta que se caen&nbsp;tampones, y esta falta de&nbsp;virtud&nbsp;puede contribuir a la disfunci\u00f3n sexual Anaesthetic &#8211; General Length [&hellip;]<\/p>\n","protected":false},"author":1,"featured_media":0,"parent":1129,"menu_order":0,"comment_status":"closed","ping_status":"closed","template":"","meta":{"footnotes":""},"class_list":["post-1248","page","type-page","status-publish","hentry"],"blocksy_meta":{"styles_descriptor":{"styles":{"desktop":"","tablet":"","mobile":""},"google_fonts":[],"version":6}},"_links":{"self":[{"href":"https:\/\/drmakclinic.com\/es\/wp-json\/wp\/v2\/pages\/1248","targetHints":{"allow":["GET"]}}],"collection":[{"href":"https:\/\/drmakclinic.com\/es\/wp-json\/wp\/v2\/pages"}],"about":[{"href":"https:\/\/drmakclinic.com\/es\/wp-json\/wp\/v2\/types\/page"}],"author":[{"embeddable":true,"href":"https:\/\/drmakclinic.com\/es\/wp-json\/wp\/v2\/users\/1"}],"replies":[{"embeddable":true,"href":"https:\/\/drmakclinic.com\/es\/wp-json\/wp\/v2\/comments?post=1248"}],"version-history":[{"count":0,"href":"https:\/\/drmakclinic.com\/es\/wp-json\/wp\/v2\/pages\/1248\/revisions"}],"up":[{"embeddable":true,"href":"https:\/\/drmakclinic.com\/es\/wp-json\/wp\/v2\/pages\/1129"}],"wp:attachment":[{"href":"https:\/\/drmakclinic.com\/es\/wp-json\/wp\/v2\/media?parent=1248"}],"curies":[{"name":"wp","href":"https:\/\/api.w.org\/{rel}","templated":true}]}}