{"id":1278,"date":"2022-08-28T20:53:21","date_gmt":"2022-08-28T17:53:21","guid":{"rendered":"https:\/\/drmakclinic.com\/?page_id=1278"},"modified":"2025-01-29T14:55:05","modified_gmt":"2025-01-29T11:55:05","slug":"hair-transplants","status":"publish","type":"page","link":"https:\/\/drmakclinic.com\/es\/procedures\/hair-transplants\/","title":{"rendered":"Hair Transplants"},"content":{"rendered":"<div class=\"brz-root__container brz-reset-all brz brz-root__container-page\">\n<section id=\"_cnddhdkbesibsgfpzucylsosughytjccjzau\" class=\"brz-section brz-css-lyrtpj\">\n<div class=\"brz-section__content brz-section--boxed brz-css-gd65jv brz-css-1bgokuv\" data-brz-custom-id=\"xafjztjridfefoselcciolnpszatlhsrspgj\">\n<div class=\"brz-bg\">\n<div class=\"brz-bg-color\"><\/div>\n<\/div>\n<div class=\"brz-container brz-css-1azyg9u\">\n<div class=\"brz-row__container brz-css-wesxzc\" data-brz-custom-id=\"ozzccweklctubsomskzlwugseecxiabawxoz\">\n<div class=\"brz-bg\"><\/div>\n<div class=\"brz-row brz-css-9cpf6i brz-css-zvzjk1\">\n<div class=\"brz-columns brz-css-1vwbn0w brz-css-mar8ak\" data-brz-custom-id=\"hldcusgfkrqifabylhqqgnplueboftjdsxbk\">\n<div class=\"brz-bg\"><\/div>\n<div class=\"brz-column__items brz-css-1a7zazf\">\n<div id=\"\" class=\"brz-css-14xmyqs brz-wrapper\">\n<div class=\"brz-icon-text brz-css-1vhn5yw brz-css-1cp60ld\" data-brz-custom-id=\"ozmdmvkqeoymlktecpefqysvcjdrjgqhqwaf\">\n<div class=\"brz-icon__container\" data-brz-custom-id=\"prhdzitmgipcelfhuylmcefmsoxadrxrpcid\"><span class=\"brz-icon brz-span brz-css-1l1qi10 brz-css-6tw1br\"><\/span><\/div>\n<div class=\"brz-text-btn\">\n<div class=\"brz-rich-text brz-rich-text__custom brz-css-1lpzgg1\" data-brz-custom-id=\"wuobukvmndmulqdgkxywswkydyzetqpetqsr\">\n<div data-brz-translate-text=\"1\">\n<h6 class=\"ql-align-center brz-tp-lg-empty brz-ff-manrope brz-ft-google brz-fs-lg-49 brz-fss-lg-px brz-fw-lg-700 brz-ls-lg-0 brz-lh-lg-1_5 brz-text-lg-justify brz-css-lsQVL\" data-uniq-id=\"atyyi\" data-generated-css=\"brz-css-aetmo\"><span>Trasplante de pelo DHI<\/span><\/h6>\n<\/div>\n<\/div>\n<\/div>\n<\/div>\n<\/div>\n<\/div>\n<\/div>\n<\/div>\n<\/div>\n<\/div>\n<\/div>\n<\/section>\n<section id=\"_yaqstkhyimjknyrcnbevogggywualjeruvxy\" class=\"brz-section brz-css-lyrtpj\">\n<div class=\"brz-section__content brz-section--boxed brz-css-gd65jv brz-css-mur2tk\" data-brz-custom-id=\"xctgwuqnebxjgbfroseqyxlccokoexkbnmru\">\n<div class=\"brz-bg\">\n<div class=\"brz-bg-color\"><\/div>\n<\/div>\n<div class=\"brz-container brz-css-1azyg9u\">\n<div id=\"\" class=\"brz-css-14xmyqs brz-wrapper\">\n<div class=\"brz-line brz-line-default brz-css-1j9fl38 brz-css-1c4j8ii\" data-brz-custom-id=\"hqemefveqptdhjvhbrfvrsfsrqdidfgifwgk\">\n<hr class=\"brz-hr\"><\/div>\n<\/div>\n<div class=\"brz-row__container brz-css-wesxzc\" data-brz-custom-id=\"kbnqxfypeahrmzzpcwslxebsgkbpppuwzwjx\">\n<div class=\"brz-bg\"><\/div>\n<div class=\"brz-row brz-css-9cpf6i brz-css-atqx6m\">\n<div class=\"brz-columns brz-css-1vwbn0w brz-css-1jb4721\" data-brz-custom-id=\"ofrqvvtglnidguuqmzqbxomwtvbvfpdpzdfb\">\n<div class=\"brz-bg\"><\/div>\n<div class=\"brz-column__items brz-css-1a7zazf brz-css-1m88t96\">\n<div id=\"\" class=\"brz-css-14xmyqs brz-css-okc0lc brz-wrapper\">\n<div class=\"brz-rich-text brz-rich-text__custom brz-css-1lpzgg1\" data-brz-custom-id=\"fwesajywgavhpdgvfbfchfhjudxqeiscavjo\">\n<div data-brz-translate-text=\"1\">\n<h4 class=\"brz-lh-lg-1_5 ql-align-center brz-text-lg-justify brz-tp-lg-empty brz-ff-manrope brz-ft-google brz-fs-lg-13 brz-fss-lg-px brz-fw-lg-700 brz-ls-lg-m_0_5 brz-css-fKgWR\" data-uniq-id=\"lnsow\" data-generated-css=\"brz-css-vtsot\"><span class=\"brz-capitalize-on\">TRANSPLANTE DE PELO<\/span><\/h4>\n<\/div>\n<\/div>\n<\/div>\n<div id=\"\" class=\"brz-css-14xmyqs brz-css-s5z0ec brz-wrapper\">\n<div class=\"brz-rich-text brz-rich-text__custom brz-css-1lpzgg1\" data-brz-custom-id=\"wzbmtjsbqqdtnhempcdgntyupaypbbihzyrq\">\n<div data-brz-translate-text=\"1\">\n<p class=\"brz-ls-lg-0 brz-fw-lg-400 brz-fss-lg-px brz-fs-lg-36 brz-ft-upload brz-ff-ckyztbazucvfgxnrkwthfbuhnumrbfrmhags brz-tp-lg-empty brz-lh-lg-1_3 brz-css-jBYku\" data-generated-css=\"brz-css-brkfi\" data-uniq-id=\"eqjja\"><span class=\"brz-cp-color2\">Hoy en d\u00eda,&nbsp;DHI Hair es uno de los m\u00e9todos de trasplante m\u00e1s del que hay m\u00e9todos&nbsp;investigados y populares entre los pacientes potenciales que desean&nbsp;obtener resultados satisfactorios de&nbsp;una operaci\u00f3n de trasplante de&nbsp;pelo.<\/span><\/p>\n<\/div>\n<\/div>\n<\/div>\n<div id=\"\" class=\"brz-css-14xmyqs brz-css-14axcbb brz-wrapper\">\n<div class=\"brz-spacer brz-css-9p58ag brz-css-7zh3zx\"><\/div>\n<\/div>\n<div id=\"\" class=\"brz-css-14xmyqs brz-css-1hficue brz-wrapper\">\n<div class=\"brz-rich-text brz-rich-text__custom brz-css-1lpzgg1\" data-brz-custom-id=\"lamjjvvhmtkdddnfsdpobfpgbnxkzhyxlfbg\">\n<div data-brz-translate-text=\"1\">\n<p class=\"brz-tp-lg-empty brz-ff-manrope brz-ft-google brz-fs-lg-16 brz-fss-lg-px brz-fw-lg-400 brz-ls-lg-0 brz-lh-lg-1_9 brz-css-uHOr3\" data-uniq-id=\"feejk\" data-generated-css=\"brz-css-xmtyx\"><span>Los injertos tomados del&nbsp;\u00e1rea donante con la ayuda&nbsp;de la t\u00e9cnica capilar micro FUE se pueden trasplantar directamente al&nbsp;\u00e1rea de trasplante sin&nbsp;recurrir a&nbsp;la cl\u00e1sica micro-incisi\u00f3n y la apertura del canal.<\/span><\/p>\n<\/div>\n<\/div>\n<\/div>\n<div id=\"\" class=\"brz-css-14xmyqs brz-css-14axcbb brz-wrapper\">\n<div class=\"brz-spacer brz-css-9p58ag brz-css-2t2vwf\"><\/div>\n<\/div>\n<div id=\"\" class=\"brz-css-14xmyqs brz-css-pnpb3j brz-wrapper\">\n<div class=\"brz-icon-text brz-css-1vhn5yw\" data-brz-custom-id=\"uepfsnmvpkgxgiozeabowsluxyrpxhaulgzl\">\n<div class=\"brz-icon__container\" data-brz-custom-id=\"masxqlymyoyybnqdbfwtfcfsxrrsdngisgtd\"><span class=\"brz-icon brz-span brz-css-1l1qi10 brz-css-a1vaqw\"><\/span><\/div>\n<div class=\"brz-text-btn\">\n<div class=\"brz-rich-text brz-rich-text__custom brz-css-1lpzgg1\" data-brz-custom-id=\"triuurjjcydqcfuxsmvvnjqirghazimtsxnu\">\n<div data-brz-translate-text=\"1\">\n<p class=\"brz-lh-lg-1_3 brz-fw-xs-400 brz-fw-sm-400 brz-fw-lg-400 brz-ft-google brz-ff-arimo brz-ls-xs-0 brz-ls-sm-0 brz-ls-lg-0 brz-fs-xs-17 brz-fs-sm-17 brz-fs-lg-18 brz-lh-sm-1_4 brz-lh-xs-1_4 brz-css-iAKLo\" data-generated-css=\"brz-css-dteyi\" data-uniq-id=\"uzwyr\"><span>Anestesia &#8211;&nbsp;Local<\/span><\/p>\n<\/div>\n<\/div>\n<\/div>\n<\/div>\n<\/div>\n<div id=\"\" class=\"brz-css-14xmyqs brz-css-14axcbb brz-wrapper\">\n<div class=\"brz-spacer brz-css-9p58ag brz-css-1jahhkg\"><\/div>\n<\/div>\n<div id=\"\" class=\"brz-css-14xmyqs brz-css-1c1wi1 brz-wrapper\">\n<div class=\"brz-icon-text brz-css-1vhn5yw\" data-brz-custom-id=\"bgeuenzdswevahifofdzfhdiquqvqgqpscgs\">\n<div class=\"brz-icon__container\" data-brz-custom-id=\"nujjiqqlkebxzookwdvvqkjqhmjictaqjlvf\"><span class=\"brz-icon brz-span brz-css-1l1qi10 brz-css-mhgw8r\"><\/span><\/div>\n<div class=\"brz-text-btn\">\n<div class=\"brz-rich-text brz-rich-text__custom brz-css-1lpzgg1\" data-brz-custom-id=\"qnkxxzqddgjsyzolbgaoxozshmspzltvzyvq\">\n<div data-brz-translate-text=\"1\">\n<p class=\"brz-lh-sm-1_4 brz-lh-lg-1_3 brz-fw-xs-400 brz-fw-sm-400 brz-fw-lg-400 brz-ft-google brz-ff-arimo brz-ls-xs-0 brz-ls-sm-0 brz-ls-lg-0 brz-fs-xs-17 brz-fs-sm-17 brz-fs-lg-18 brz-lh-xs-1_4 brz-css-rryDI\" data-uniq-id=\"wobye\" data-generated-css=\"brz-css-trvev\"><span class=\"brz-cp-color2\">Duraci\u00f3n de la estancia &#8211;&nbsp;3&nbsp;noches<\/span><\/p>\n<\/div>\n<\/div>\n<\/div>\n<\/div>\n<\/div>\n<div id=\"\" class=\"brz-css-14xmyqs brz-css-14axcbb brz-wrapper\">\n<div class=\"brz-spacer brz-css-9p58ag brz-css-xrn61z\"><\/div>\n<\/div>\n<div id=\"\" class=\"brz-css-14xmyqs brz-css-ijefs8 brz-wrapper\">\n<div class=\"brz-icon-text brz-css-1vhn5yw\" data-brz-custom-id=\"pjbcohclrgbqrmkibpehjtljqbkvcvplvhhm\">\n<div class=\"brz-icon__container\" data-brz-custom-id=\"vtvzvaafulruwdfwpcnzytpjztaugfujnefs\"><span class=\"brz-icon brz-span brz-css-1l1qi10 brz-css-158swmz\"><\/span><\/div>\n<div class=\"brz-text-btn\">\n<div class=\"brz-rich-text brz-rich-text__custom brz-css-1lpzgg1\" data-brz-custom-id=\"tfxfcprauchaqtwgaablhizmpzihbgplvdum\">\n<div data-brz-translate-text=\"1\">\n<p class=\"brz-lh-sm-1_4 brz-lh-lg-1_3 brz-fw-xs-400 brz-fw-sm-400 brz-fw-lg-400 brz-ft-google brz-ff-arimo brz-ls-xs-0 brz-ls-sm-0 brz-ls-lg-0 brz-fs-xs-17 brz-fs-sm-17 brz-fs-lg-18 brz-lh-xs-1_4 brz-css-tPHYY\" data-uniq-id=\"sbtgk\" data-generated-css=\"brz-css-szwee\"><span>Duraci\u00f3n de la operaci\u00f3n &#8211;&nbsp;5 &#8211; 6&nbsp;horas<\/span><\/p>\n<\/div>\n<\/div>\n<\/div>\n<\/div>\n<\/div>\n<div id=\"\" class=\"brz-css-14xmyqs brz-css-14axcbb brz-wrapper\">\n<div class=\"brz-spacer brz-css-9p58ag brz-css-1wpvmsq\"><\/div>\n<\/div>\n<div id=\"\" class=\"brz-css-14xmyqs brz-css-yb39bp brz-wrapper\">\n<div class=\"brz-icon-text brz-css-1vhn5yw\" data-brz-custom-id=\"sjqjeylczkgwgzblnmmcgrznlvbgbjgfedcs\">\n<div class=\"brz-icon__container\" data-brz-custom-id=\"hbypcflosmlaevfbjxtvdpfqegfxhggmyxue\"><span class=\"brz-icon brz-span brz-css-1l1qi10 brz-css-18h5pcy\"><\/span><\/div>\n<div class=\"brz-text-btn\">\n<div class=\"brz-rich-text brz-rich-text__custom brz-css-1lpzgg1\" data-brz-custom-id=\"fyfjtwshezdgnvgikbendhinrcstolbbkdap\">\n<div data-brz-translate-text=\"1\">\n<p class=\"brz-lh-xs-1_4 brz-fs-lg-18 brz-fs-sm-17 brz-fs-xs-17 brz-ls-lg-0 brz-ls-sm-0 brz-ls-xs-0 brz-ff-arimo brz-ft-google brz-fw-lg-400 brz-fw-sm-400 brz-fw-xs-400 brz-lh-lg-1_3 brz-lh-sm-1_4 brz-css-wutgm\" data-uniq-id=\"aubly\" data-generated-css=\"brz-css-ywkrb\"><span>Vuelta a la vida normal &#8211;&nbsp;1  semana<\/span><\/p>\n<\/div>\n<\/div>\n<\/div>\n<\/div>\n<\/div>\n<div id=\"\" class=\"brz-css-14xmyqs brz-css-14axcbb brz-wrapper\">\n<div class=\"brz-spacer brz-css-9p58ag brz-css-1qqzh4y\"><\/div>\n<\/div>\n<\/div>\n<\/div>\n<div class=\"brz-columns brz-css-1vwbn0w brz-css-18ug16b\" data-brz-custom-id=\"pzzwiqevycftpdncfkqrcagotzqbzxthimxc\">\n<div class=\"brz-bg\"><\/div>\n<div class=\"brz-column__items brz-css-1a7zazf brz-css-160ruey\">\n<div id=\"\" class=\"brz-css-14xmyqs brz-css-ug5hhi brz-wrapper\">\n<div class=\"brz-image brz-css-1bse08f brz-css-1y6op8f\" data-brz-custom-id=\"bniwjtksjqmqxzoflullbybbgovvmxpdbart\"><img decoding=\"async\" class=\"brz-img\" src=\"https:\/\/drmakclinic.com\/es?brizy_media=wp-c5f2563855fa54d37eccdce8d40c16b1.png&amp;brizy_crop=original\" alt=\"\" loading=\"lazy\"><\/div>\n<\/div>\n<\/div>\n<\/div>\n<\/div>\n<\/div>\n<\/div>\n<\/div>\n<\/section>\n<section id=\"_tushmlrbkdjkvpipbffjqdgjvhwskfqlgzne\" class=\"brz-section brz-css-lyrtpj\">\n<div class=\"brz-section__content brz-section--boxed brz-css-gd65jv brz-css-159fh2s\" data-brz-custom-id=\"pucxrrfgtgnlaoodifiwycobtogkhdyxoaom\">\n<div class=\"brz-bg\">\n<div class=\"brz-bg-color\"><\/div>\n<\/div>\n<div class=\"brz-container brz-css-1azyg9u\">\n<div id=\"\" class=\"brz-css-14xmyqs brz-wrapper\">\n<div class=\"brz-line brz-line-default brz-css-1j9fl38 brz-css-1emmals\" data-brz-custom-id=\"mttumwgnewpakwtdycwytalshaogdvgjenyr\">\n<hr class=\"brz-hr\"><\/div>\n<\/div>\n<div class=\"brz-row__container brz-css-wesxzc\" data-brz-custom-id=\"irkhgugyjqofgqmsnvjrpzwjznrqzlpsciln\">\n<div class=\"brz-bg\"><\/div>\n<div class=\"brz-row brz-css-9cpf6i\">\n<div class=\"brz-columns brz-css-1vwbn0w brz-css-131kqm8\" data-brz-custom-id=\"wlorclvmjrbecokovseqvbwnlamtlxvzzbnn\">\n<div class=\"brz-bg\"><\/div>\n<div class=\"brz-column__items brz-css-1a7zazf\"><\/div>\n<\/div>\n<div class=\"brz-columns brz-css-1vwbn0w brz-css-u9cce7\" data-brz-custom-id=\"ifabisaolthlnvdjeqnlnpsfuvyncjrcrcdb\">\n<div class=\"brz-bg\"><\/div>\n<div class=\"brz-column__items brz-css-1a7zazf\">\n<div id=\"\" class=\"brz-css-14xmyqs brz-wrapper\">\n<div class=\"brz-rich-text brz-rich-text__custom brz-css-1lpzgg1\" data-brz-custom-id=\"nvybrqcguxlbdgxnfebbzrtvsmxwtubcezfh\">\n<div data-brz-translate-text=\"1\">\n<p class=\"brz-tp-lg-empty brz-ff-manrope brz-ft-google brz-fs-lg-18 brz-fss-lg-px brz-fw-lg-400 brz-ls-lg-0 brz-lh-lg-1_9 brz-css-oKC7D\" data-uniq-id=\"myrcd\" data-generated-css=\"brz-css-ugidn\"><span>El trasplante de&nbsp;pelo&nbsp;DHI es uno de los m\u00e9todos m\u00e1s preferidos en el trasplante&nbsp;capilar en la actualidad. El trasplante de cabello se&nbsp;divide&nbsp;en dos fases principales con esta t\u00e9cnica: extracci\u00f3n (cosecha) e implantaci\u00f3n.<\/span><\/p>\n<p class=\"brz-tp-lg-empty brz-ff-manrope brz-ft-google brz-fs-lg-18 brz-fss-lg-px brz-fw-lg-400 brz-ls-lg-0 brz-lh-lg-1_9 brz-css-c7cNe\" data-uniq-id=\"kbryx\" data-generated-css=\"brz-css-kzqob\"><span> <\/span><\/p>\n<p class=\"brz-tp-lg-empty brz-ff-manrope brz-ft-google brz-fs-lg-18 brz-fss-lg-px brz-fw-lg-400 brz-ls-lg-0 brz-lh-lg-1_9 brz-css-ybRtO\" data-uniq-id=\"ridlz\" data-generated-css=\"brz-css-ystpr\"><span>En esta t\u00e9cnica, que tambi\u00e9n se conoce como&nbsp;\u201ct\u00e9cnica del bol\u00edgrafo\u201d, se utilizan bol\u00edgrafos especiales con puntas finas&nbsp;y&nbsp;especiales para transferir&nbsp;los injertos&nbsp;directamente a la piel cuando se colocan en&nbsp;\u00e9sta&nbsp;uno por uno y se presionan.<\/span><\/p>\n<p class=\"brz-tp-lg-empty brz-ff-manrope brz-ft-google brz-fs-lg-18 brz-fss-lg-px brz-fw-lg-400 brz-ls-lg-0 brz-lh-lg-1_9 brz-css-hqHqg\" data-uniq-id=\"srimo\" data-generated-css=\"brz-css-khlmv\"><span> <\/span><\/p>\n<p class=\"brz-tp-lg-empty brz-ff-manrope brz-ft-google brz-fs-lg-18 brz-fss-lg-px brz-fw-lg-400 brz-ls-lg-0 brz-lh-lg-1_9 brz-css-cjI0h\" data-uniq-id=\"rqinv\" data-generated-css=\"brz-css-ugbrz\"><span>Esta operaci\u00f3n, que tambi\u00e9n se realiza bajo anestesia local, requiere m\u00e1s personas para trabajar en el equipo que otras t\u00e9cnicas de trasplante capilar. De lo contrario, el procedimiento&nbsp;consume m\u00e1s tiempo&nbsp;y&nbsp;por&nbsp;lo tanto&nbsp;la cantidad de injertos que se pueden transferir es limitada en cl\u00ednicas&nbsp;en&nbsp;que no encuentran&nbsp;gran equipo especializado en DHI.<\/span><\/p>\n<p class=\"brz-tp-lg-empty brz-ff-manrope brz-ft-google brz-fs-lg-18 brz-fss-lg-px brz-fw-lg-400 brz-ls-lg-0 brz-lh-lg-1_9 brz-css-t9icC\" data-uniq-id=\"udwlc\" data-generated-css=\"brz-css-giqkc\"><span> <\/span><\/p>\n<p class=\"brz-tp-lg-empty brz-ff-manrope brz-ft-google brz-fs-lg-18 brz-fss-lg-px brz-fw-lg-400 brz-ls-lg-0 brz-lh-lg-1_9 brz-css-qlnkE\" data-uniq-id=\"qrnux\" data-generated-css=\"brz-css-pvdfl\"><span>Con&nbsp;el m\u00e9todo DHI, el&nbsp;pelo&nbsp;se puede trasplantar sin incisiones,&nbsp;tiene&nbsp;una clara ventaja para&nbsp;los&nbsp;que se preocupan por la apariencia despu\u00e9s del trasplante de&nbsp;pelo dado&nbsp;su trabajo, estatus social y otras&nbsp;diferente&nbsp;razones.<\/span><\/p>\n<\/div>\n<\/div>\n<\/div>\n<\/div>\n<\/div>\n<div class=\"brz-columns brz-css-1vwbn0w brz-css-1y0n9b0\" data-brz-custom-id=\"hhnsxydhwdawzscxxuymypkqjgokvupehmiy\">\n<div class=\"brz-bg\"><\/div>\n<div class=\"brz-column__items brz-css-1a7zazf\"><\/div>\n<\/div>\n<\/div>\n<\/div>\n<\/div>\n<\/div>\n<\/section>\n<section id=\"_czhmoetwsefbajmnmyvkfxgqjvfzdmdeynki\" class=\"brz-section brz-css-lyrtpj\">\n<div class=\"brz-section__content brz-section--boxed brz-css-gd65jv brz-css-1t15j0\" data-brz-custom-id=\"tzezqtxpsbwlgfpmwmkkgblasatcuxuilypf\">\n<div class=\"brz-bg\">\n<div class=\"brz-bg-color\"><\/div>\n<\/div>\n<div class=\"brz-container brz-css-1azyg9u\">\n<div id=\"\" class=\"brz-css-14xmyqs brz-wrapper\">\n<div class=\"brz-line brz-line-default brz-css-1j9fl38 brz-css-p4mckh\" data-brz-custom-id=\"biiuoejiqvoyqsfmyrirwfaefcqehnbzhkoz\">\n<hr class=\"brz-hr\"><\/div>\n<\/div>\n<div id=\"\" class=\"brz-css-14xmyqs brz-css-14axcbb brz-wrapper\">\n<div class=\"brz-spacer brz-css-9p58ag brz-css-tchumk\"><\/div>\n<\/div>\n<div class=\"brz-row__container brz-css-wesxzc\" data-brz-custom-id=\"ptchwnitwpnmjbomonatgjttuvnhlfxosuqx\">\n<div class=\"brz-bg\"><\/div>\n<div class=\"brz-row brz-css-9cpf6i brz-css-atqx6m\">\n<div class=\"brz-columns brz-css-1vwbn0w brz-css-e8s7gx\" data-brz-custom-id=\"hsrszmxixxqwvdgnwkolmmwccmzznjxqgjki\">\n<div class=\"brz-bg\"><\/div>\n<div class=\"brz-column__items brz-css-1a7zazf brz-css-19v21a0\">\n<div id=\"\" class=\"brz-css-14xmyqs brz-css-179gb6f brz-wrapper\">\n<div class=\"brz-image brz-css-9p0436 brz-css-jpowk2\" data-brz-custom-id=\"irsngsfwxpszluyonxepcryrlprftecebtpp\"><img decoding=\"async\" class=\"brz-img\" src=\"https:\/\/drmakclinic.com\/es?brizy_media=wp-9b7486b9d786a0648588605ea135d33b.jpg&amp;brizy_crop=iW%3D316%26iH%3D211%26oX%3D90%26oY%3D23%26cW%3D105%26cH%3D106\" alt=\"\" loading=\"lazy\"><\/div>\n<\/div>\n<\/div>\n<\/div>\n<div class=\"brz-columns brz-css-1vwbn0w brz-css-zdpa6f\" data-brz-custom-id=\"xkxclyeipclkjrhbgxuikwtwducgxenvfgtr\">\n<div class=\"brz-bg\"><\/div>\n<div class=\"brz-column__items brz-css-1a7zazf brz-css-4jc65v\">\n<div id=\"\" class=\"brz-css-14xmyqs brz-wrapper\">\n<div class=\"brz-rich-text brz-rich-text__custom brz-css-1lpzgg1\" data-brz-custom-id=\"ntipfednawdddzvkdmsseocgakjxlyxulrlg\">\n<div data-brz-translate-text=\"1\">\n<p data-uniq-id=\"egydo\" data-generated-css=\"brz-css-trizt\" class=\"brz-tp-lg-empty brz-ff-ckyztbazucvfgxnrkwthfbuhnumrbfrmhags brz-ft-upload brz-fs-lg-24 brz-fss-lg-px brz-fw-lg-400 brz-ls-lg-0 brz-lh-lg-1_5 brz-css-acop5\">As you begin your journey toward considering plastic surgery and other cosmetic enhancements , my goal as your plastic surgeon is to provide you the highest quality of care throughout the entire process.<\/p>\n<\/div>\n<\/div>\n<\/div>\n<div id=\"\" class=\"brz-css-14xmyqs brz-css-14axcbb brz-css-gpeoeu brz-wrapper\">\n<div class=\"brz-spacer brz-css-9p58ag brz-css-ju27ez\"><\/div>\n<\/div>\n<div id=\"\" class=\"brz-css-14xmyqs brz-css-gpd6er brz-wrapper\">\n<div class=\"brz-rich-text brz-rich-text__custom brz-css-1lpzgg1\" data-brz-custom-id=\"gmsobghojnloptfnkyorpkstqocxmvimdnwb\">\n<div data-brz-translate-text=\"1\">\n<p class=\"brz-text-xs-center brz-tp-lg-heading4 brz-css-dScCt\" data-uniq-id=\"mrayu\" data-generated-css=\"brz-css-yakzy\"><strong class=\"brz-cp-color2\">Dr. Mehmet Arif Karag\u00f6z<\/strong><\/p>\n<\/div>\n<\/div>\n<\/div>\n<div id=\"\" class=\"brz-css-14xmyqs brz-css-1i6w48f brz-wrapper\">\n<div class=\"brz-rich-text brz-rich-text__custom brz-css-1lpzgg1\" data-brz-custom-id=\"gstsbwocbffgetcaevwweokqtkdcdqndujvn\">\n<div data-brz-translate-text=\"1\">\n<p class=\"brz-text-xs-center brz-tp-lg-paragraph brz-css-hpLr1\" data-uniq-id=\"xuihj\" data-generated-css=\"brz-css-uaiir\"><span class=\"brz-cp-color7\">DRMAK Plastic Surgeon<\/span><\/p>\n<\/div>\n<\/div>\n<\/div>\n<\/div>\n<\/div>\n<\/div>\n<\/div>\n<div id=\"\" class=\"brz-css-14xmyqs brz-css-14axcbb brz-css-l5ozbm brz-wrapper\">\n<div class=\"brz-spacer brz-css-9p58ag brz-css-9xa6hj\"><\/div>\n<\/div>\n<div id=\"\" class=\"brz-css-14xmyqs brz-wrapper\">\n<div class=\"brz-line brz-line-default brz-css-1j9fl38 brz-css-wnep70\" data-brz-custom-id=\"gcpnkciwxrifjmwcihridqmubncwejtiwqtg\">\n<hr class=\"brz-hr\"><\/div>\n<\/div>\n<\/div>\n<\/div>\n<\/section>\n<\/div>\n<p>    <!-- version:1738151705 --><\/p>\n","protected":false},"excerpt":{"rendered":"<p>Trasplante de pelo DHI TRANSPLANTE DE PELO Hoy en d\u00eda,&nbsp;DHI Hair es uno de los m\u00e9todos de trasplante m\u00e1s del que hay m\u00e9todos&nbsp;investigados y populares entre los pacientes potenciales que desean&nbsp;obtener resultados satisfactorios de&nbsp;una operaci\u00f3n de trasplante de&nbsp;pelo. Los injertos tomados del&nbsp;\u00e1rea donante con la ayuda&nbsp;de la t\u00e9cnica capilar micro FUE se pueden trasplantar directamente [&hellip;]<\/p>\n","protected":false},"author":1,"featured_media":0,"parent":1126,"menu_order":0,"comment_status":"closed","ping_status":"closed","template":"","meta":{"footnotes":""},"class_list":["post-1278","page","type-page","status-publish","hentry"],"blocksy_meta":{"styles_descriptor":{"styles":{"desktop":"","tablet":"","mobile":""},"google_fonts":[],"version":6}},"_links":{"self":[{"href":"https:\/\/drmakclinic.com\/es\/wp-json\/wp\/v2\/pages\/1278","targetHints":{"allow":["GET"]}}],"collection":[{"href":"https:\/\/drmakclinic.com\/es\/wp-json\/wp\/v2\/pages"}],"about":[{"href":"https:\/\/drmakclinic.com\/es\/wp-json\/wp\/v2\/types\/page"}],"author":[{"embeddable":true,"href":"https:\/\/drmakclinic.com\/es\/wp-json\/wp\/v2\/users\/1"}],"replies":[{"embeddable":true,"href":"https:\/\/drmakclinic.com\/es\/wp-json\/wp\/v2\/comments?post=1278"}],"version-history":[{"count":0,"href":"https:\/\/drmakclinic.com\/es\/wp-json\/wp\/v2\/pages\/1278\/revisions"}],"up":[{"embeddable":true,"href":"https:\/\/drmakclinic.com\/es\/wp-json\/wp\/v2\/pages\/1126"}],"wp:attachment":[{"href":"https:\/\/drmakclinic.com\/es\/wp-json\/wp\/v2\/media?parent=1278"}],"curies":[{"name":"wp","href":"https:\/\/api.w.org\/{rel}","templated":true}]}}