{"id":96,"date":"2022-08-28T20:39:03","date_gmt":"2022-08-28T17:39:03","guid":{"rendered":"https:\/\/drmakclinic.com\/about\/"},"modified":"2025-01-29T20:08:26","modified_gmt":"2025-01-29T17:08:26","slug":"about","status":"publish","type":"page","link":"https:\/\/drmakclinic.com\/es\/about\/","title":{"rendered":"About"},"content":{"rendered":"<div class=\"brz-root__container brz-reset-all brz brz-root__container-page\">\n<section id=\"_qljtoisvnftoijohikrvqtvujxoxmdvchzlw\" class=\"brz-section brz-css-118ihf4\">\n<div class=\"brz-section__content brz-section--boxed brz-css-1nncnbx brz-css-1jmtpgf\" data-brz-custom-id=\"wcosmyhgfzexqlilcxiuetgnovikywxzzkte\">\n<div class=\"brz-bg\">\n<div class=\"brz-bg-color\"><\/div>\n<\/div>\n<div class=\"brz-container brz-css-1ijfyqn\">\n<div class=\"brz-row__container brz-css-skf4df\" data-brz-custom-id=\"zmvmqlbpntaojvbcqxkeximdfdoozrtwztsy\">\n<div class=\"brz-bg\"><\/div>\n<div class=\"brz-row brz-css-w0ej33 brz-css-9w1pdq\">\n<div class=\"brz-columns brz-css-1clu33m brz-css-1gqi9e0\" data-brz-custom-id=\"jtowwkyqwcuzoqdqomxporejmifmcwnyrjnf\">\n<div class=\"brz-bg\"><\/div>\n<div class=\"brz-column__items brz-css-ut2j03\">\n<div id=\"\" class=\"brz-css-10vfl0t brz-wrapper\">\n<div class=\"brz-icon-text brz-css-1b5npho brz-css-t3ajj7\" data-brz-custom-id=\"gpiqljpcxpcwreenlhnpcocnaaatcvuceand\">\n<div class=\"brz-icon__container\" data-brz-custom-id=\"hhjdowpurshmzptwcgezgckfgacczbxfqlpz\"><span class=\"brz-icon brz-span brz-css-pgpeqz brz-css-1j5y56d\"><\/span><\/div>\n<div class=\"brz-text-btn\">\n<div class=\"brz-rich-text brz-rich-text__custom brz-css-1wh8s18\" data-brz-custom-id=\"vbaqbbljlgejibrqymgpuyxcevxhjjyyvuch\">\n<div data-brz-translate-text=\"1\">\n<p class=\"brz-lh-lg-1 brz-ls-lg-0 brz-fw-lg-400 brz-fss-lg-px brz-fs-lg-66 brz-ft-upload brz-ff-izzivsxniqvyexslaslvwzgtgnghvrxuxiru brz-tp-lg-empty brz-css-l1mj8\" data-generated-css=\"brz-css-ougda\" data-uniq-id=\"mjiuq\"><span>Sobre Nosotros<\/span><\/p>\n<\/div>\n<\/div>\n<\/div>\n<\/div>\n<\/div>\n<\/div>\n<\/div>\n<div class=\"brz-columns brz-css-1clu33m brz-css-1i48clp\" data-brz-custom-id=\"shxooyzmpaqsblildfzlgrmcbpiwfjnxfoef\">\n<div class=\"brz-bg\"><\/div>\n<div class=\"brz-column__items brz-css-ut2j03\"><\/div>\n<\/div>\n<\/div>\n<\/div>\n<\/div>\n<\/div>\n<\/section>\n<section id=\"_sztkmefattlgevmeqgqmafvchkliswbynndj\" class=\"brz-section brz-css-118ihf4\">\n<div class=\"brz-section__content brz-section--boxed brz-css-1nncnbx brz-css-1wjzhl5\" data-brz-custom-id=\"xsasidipujawiybpsdocdyrrtgmdsjyroyuk\">\n<div class=\"brz-bg\">\n<div class=\"brz-bg-color\"><\/div>\n<\/div>\n<div class=\"brz-container brz-css-1ijfyqn\">\n<div class=\"brz-row__container brz-css-skf4df brz-css-1lv4vq5\" data-brz-custom-id=\"tvjlyrenddpgydnbytujmsyxudxtcekqbfyk\">\n<div class=\"brz-bg\"><\/div>\n<div class=\"brz-row brz-css-w0ej33 brz-css-xbfdop\">\n<div class=\"brz-columns brz-css-1clu33m brz-css-13clk19\" data-brz-custom-id=\"gywacqdeeabrwqtdgnzxcffheliatizdirua\">\n<div class=\"brz-bg\"><\/div>\n<div class=\"brz-column__items brz-css-ut2j03\">\n<div id=\"\" class=\"brz-css-10vfl0t brz-wrapper\">\n<div class=\"brz-rich-text brz-rich-text__custom brz-css-1wh8s18\" data-brz-custom-id=\"hromayuchgdjkmdminhhouslinpjsohkyibi\">\n<div data-brz-translate-text=\"1\">\n<p class=\"brz-fss-lg-px brz-fw-lg-400 brz-ls-lg-0 brz-lh-lg-1_4 brz-tp-lg-empty brz-ff-ckyztbazucvfgxnrkwthfbuhnumrbfrmhags brz-ft-upload brz-fs-lg-36 brz-css-tbYre\" data-generated-css=\"brz-css-wjgdl\" data-uniq-id=\"kmkdl\"><span>Ofrecemos una amplia gama de procedimientos no s\u00f3lo innovadores pero tambi\u00e9n cl\u00e1sicos que se especializan en la cara, el seno y el cuerpo.<\/span><\/p>\n<\/div>\n<\/div>\n<\/div>\n<div id=\"\" class=\"brz-css-10vfl0t brz-wrapper\">\n<div class=\"brz-line brz-line-default brz-css-1kjinzv brz-css-1k2zgce\" data-brz-custom-id=\"slahxorkiuwiewmsgvaykcebgexezbtwqslj\">\n<hr class=\"brz-hr\"><\/div>\n<\/div>\n<\/div>\n<\/div>\n<\/div>\n<\/div>\n<div class=\"brz-row__container brz-css-skf4df brz-css-1xdxukn\" data-brz-custom-id=\"oyzacpugacodxylfogqggzoydarhrftgpobx\">\n<div class=\"brz-bg\"><\/div>\n<div class=\"brz-row brz-css-w0ej33 brz-css-iykwgn\">\n<div class=\"brz-columns brz-css-1clu33m\" data-brz-custom-id=\"rbtozmjqwsuygaogwslhtwskoidajanuggme\">\n<div class=\"brz-bg\"><\/div>\n<div class=\"brz-column__items brz-css-ut2j03\">\n<div id=\"\" class=\"brz-css-10vfl0t brz-wrapper\">\n<div class=\"brz-rich-text brz-rich-text__custom brz-css-1wh8s18\" data-brz-custom-id=\"icdlsxqkzuhulunvgffwmgqjbqrnwlalmxvo\">\n<div data-brz-translate-text=\"1\">\n<p data-generated-css=\"brz-css-pbxjv\" data-uniq-id=\"cvxek\" class=\"brz-ls-lg-0 brz-lh-lg-1_9 brz-tp-lg-empty brz-ff-ckyztbazucvfgxnrkwthfbuhnumrbfrmhags brz-ft-upload brz-fs-lg-32 brz-fss-lg-px brz-fw-lg-500 brz-css-pREe6\"><span class=\"brz-cp-color7\">We are here for you.<\/span><\/p>\n<\/div>\n<\/div>\n<\/div>\n<\/div>\n<\/div>\n<div class=\"brz-columns brz-css-1clu33m\" data-brz-custom-id=\"entioafmfxuwbvswcrwunnkmzadxorypbjnv\">\n<div class=\"brz-bg\"><\/div>\n<div class=\"brz-column__items brz-css-ut2j03\"><\/div>\n<\/div>\n<\/div>\n<\/div>\n<\/div>\n<\/div>\n<\/section>\n<section id=\"_wnotdicxmcjgswxwrmsbftlaupdnieyolcgb\" class=\"brz-section brz-css-118ihf4\">\n<div class=\"brz-section__content brz-section--boxed brz-css-1nncnbx brz-css-1lgnwfo\" data-brz-custom-id=\"pnztvnkiinsrjqorkpznejqgevugszyljgqj\">\n<div class=\"brz-bg\">\n<div class=\"brz-bg-color\"><\/div>\n<\/div>\n<div class=\"brz-container brz-css-1ijfyqn brz-css-z8b0v\">\n<div id=\"\" class=\"brz-css-10vfl0t brz-wrapper\">\n<div class=\"brz-image brz-css-l1zpya brz-css-xeji0e\" data-brz-custom-id=\"cwcbccfedhsrvnptrlihlybyfmugsxygiepv\"><img decoding=\"async\" class=\"brz-img\" src=\"https:\/\/drmakclinic.com\/es?brizy_media=wp-a5d55bb52f084bb99cf69b6fcacacde2.jpg&amp;brizy_crop=iW%3D936%26iH%3D624%26oX%3D0%26oY%3D159%26cW%3D936%26cH%3D343\" alt=\"\" loading=\"lazy\"><\/div>\n<\/div>\n<div class=\"brz-row__container brz-css-skf4df brz-css-1dgao1k\" data-brz-custom-id=\"fxsqvwnbpyvtpawayaytdkvppxofxauaipwi\">\n<div class=\"brz-bg\"><\/div>\n<div class=\"brz-row brz-css-w0ej33 brz-css-15hwnne\">\n<div class=\"brz-columns brz-css-1clu33m brz-css-11zm91a\" data-brz-custom-id=\"plhkmdmgvihfvksvsrvdvigjltqqlgleccfd\">\n<div class=\"brz-bg\"><\/div>\n<div class=\"brz-column__items brz-css-ut2j03\">\n<div id=\"\" class=\"brz-css-10vfl0t brz-wrapper\">\n<div class=\"brz-rich-text brz-rich-text__custom brz-css-1wh8s18\" data-brz-custom-id=\"huavximkyljyjgpdtstmxpqgwermwtyrevbw\">\n<div data-brz-translate-text=\"1\">\n<p class=\"brz-fss-lg-px brz-fw-lg-400 brz-ls-lg-0 brz-lh-lg-1_9 brz-tp-lg-empty brz-ff-manrope brz-ft-google brz-fs-lg-20 brz-css-zFFcW\" data-uniq-id=\"qqbjc\" data-generated-css=\"brz-css-sakin\"><span>Established in the heart of Antalya with a gorgeous view of the Mediterranean Sea, we have been a trusted leader in Turkey cosmetic plastic surgery for 20 years , serving over 20,000 patients. We offer a comprehensive range of both innovative and classic procedures specializing in the face , breast and body. Our practice is led by Aesthetic and Plastic surgeon Dr Mak ( Dr Mehmet Arif Karagoz) , who brings compassion, expertise and innovative insight to his craft. Dr Mak empowers patients by helping them to choose the right procedures for their unique vision and body type. We are pleased to suggest top-notch services that can complement your new look.<\/span><\/p>\n<\/div>\n<\/div>\n<\/div>\n<\/div>\n<\/div>\n<\/div>\n<\/div>\n<\/div>\n<\/div>\n<\/section>\n<\/div>\n<p>    <!-- version:1738170506 --><\/p>\n","protected":false},"excerpt":{"rendered":"<p>Sobre Nosotros Ofrecemos una amplia gama de procedimientos no s\u00f3lo innovadores pero tambi\u00e9n cl\u00e1sicos que se especializan en la cara, el seno y el cuerpo. We are here for you. Established in the heart of Antalya with a gorgeous view of the Mediterranean Sea, we have been a trusted leader in Turkey cosmetic plastic surgery [&hellip;]<\/p>\n","protected":false},"author":1,"featured_media":0,"parent":0,"menu_order":0,"comment_status":"closed","ping_status":"closed","template":"","meta":{"footnotes":""},"class_list":["post-96","page","type-page","status-publish","hentry"],"blocksy_meta":{"styles_descriptor":{"styles":{"desktop":"","tablet":"","mobile":""},"google_fonts":[],"version":6}},"_links":{"self":[{"href":"https:\/\/drmakclinic.com\/es\/wp-json\/wp\/v2\/pages\/96","targetHints":{"allow":["GET"]}}],"collection":[{"href":"https:\/\/drmakclinic.com\/es\/wp-json\/wp\/v2\/pages"}],"about":[{"href":"https:\/\/drmakclinic.com\/es\/wp-json\/wp\/v2\/types\/page"}],"author":[{"embeddable":true,"href":"https:\/\/drmakclinic.com\/es\/wp-json\/wp\/v2\/users\/1"}],"replies":[{"embeddable":true,"href":"https:\/\/drmakclinic.com\/es\/wp-json\/wp\/v2\/comments?post=96"}],"version-history":[{"count":0,"href":"https:\/\/drmakclinic.com\/es\/wp-json\/wp\/v2\/pages\/96\/revisions"}],"wp:attachment":[{"href":"https:\/\/drmakclinic.com\/es\/wp-json\/wp\/v2\/media?parent=96"}],"curies":[{"name":"wp","href":"https:\/\/api.w.org\/{rel}","templated":true}]}}