{"id":100,"date":"2022-08-28T20:39:03","date_gmt":"2022-08-28T17:39:03","guid":{"rendered":"https:\/\/drmakclinic.com\/about\/"},"modified":"2025-01-30T22:52:05","modified_gmt":"2025-01-30T19:52:05","slug":"about","status":"publish","type":"page","link":"https:\/\/drmakclinic.com\/fr\/about\/","title":{"rendered":"About"},"content":{"rendered":"<div class=\"brz-root__container brz-reset-all brz brz-root__container-page\">\n<section id=\"_nmijlioonkgtyjmryeatgolbgjnxidotnqlz\" class=\"brz-section brz-css-1iper45\">\n<div class=\"brz-section__content brz-section--boxed brz-css-epulux brz-css-1ngt3sh\" data-brz-custom-id=\"zwmxbntbhxoyarsbyxlejiozinknwbculgmc\">\n<div class=\"brz-bg\">\n<div class=\"brz-bg-color\"><\/div>\n<\/div>\n<div class=\"brz-container brz-css-1f5cgi8\">\n<div class=\"brz-row__container brz-css-ro2woj\" data-brz-custom-id=\"sgjynblhtmmnlwcvjjkzprkemloewlkgadpi\">\n<div class=\"brz-bg\"><\/div>\n<div class=\"brz-row brz-css-1ywt8l4 brz-css-1x6acd2\">\n<div class=\"brz-columns brz-css-1eiusst brz-css-ycqy8p\" data-brz-custom-id=\"jzcpwkirotnhcdjrdkuicbdvmbvylkyevbjp\">\n<div class=\"brz-bg\"><\/div>\n<div class=\"brz-column__items brz-css-18ulq2r\">\n<div id=\"\" class=\"brz-css-1ib3hmf brz-wrapper\">\n<div class=\"brz-icon-text brz-css-wnfba4 brz-css-18ffgzj\" data-brz-custom-id=\"gmfwgxivwlswvsrhvllmaqaiwfxtpumpjclm\">\n<div class=\"brz-icon__container\" data-brz-custom-id=\"zbtgeckcbdvgmluqrwzowdepqmwikrdyuerk\"><span class=\"brz-icon brz-span brz-css-r5nscv brz-css-x1s0dy\"><\/span><\/div>\n<div class=\"brz-text-btn\">\n<div class=\"brz-rich-text brz-rich-text__custom brz-css-1o24pc9\" data-brz-custom-id=\"pfyzzpubbhvbdnwwzcaanvjwbenpkymsekyz\">\n<div data-brz-translate-text=\"1\">\n<p class=\"brz-ls-lg-0 brz-lh-lg-1 brz-tp-lg-empty brz-ff-enqmzdbzxbgylolsjadsfjxunpbkpfxobhlf brz-ft-upload brz-fs-lg-66 brz-fss-lg-px brz-fw-lg-400 brz-css-hdrOU\" data-generated-css=\"brz-css-amspn\" data-uniq-id=\"xscdy\"><span>\u00e0 propos de nous:<\/span><\/p>\n<\/div>\n<\/div>\n<\/div>\n<\/div>\n<\/div>\n<\/div>\n<\/div>\n<div class=\"brz-columns brz-css-1eiusst brz-css-pehs8b\" data-brz-custom-id=\"ldnvitofikxmpdbaiguqtyicorauidiaipdf\">\n<div class=\"brz-bg\"><\/div>\n<div class=\"brz-column__items brz-css-18ulq2r\"><\/div>\n<\/div>\n<\/div>\n<\/div>\n<\/div>\n<\/div>\n<\/section>\n<section id=\"_yxlzanctouahfznagxunpqdfqissvysjjofr\" class=\"brz-section brz-css-1iper45\">\n<div class=\"brz-section__content brz-section--boxed brz-css-epulux brz-css-vuawr4\" data-brz-custom-id=\"qmtzqqtstsemavugeggnpmleodkvndogeloe\">\n<div class=\"brz-bg\">\n<div class=\"brz-bg-color\"><\/div>\n<\/div>\n<div class=\"brz-container brz-css-1f5cgi8\">\n<div class=\"brz-row__container brz-css-ro2woj brz-css-1pkvf4w\" data-brz-custom-id=\"aeqmluwadwencasigrnulxthfsluyerjcjdi\">\n<div class=\"brz-bg\"><\/div>\n<div class=\"brz-row brz-css-1ywt8l4 brz-css-wtumw4\">\n<div class=\"brz-columns brz-css-1eiusst brz-css-17g235i\" data-brz-custom-id=\"epetfcftscsmsfjffqlrfamcljugoqjwpiag\">\n<div class=\"brz-bg\"><\/div>\n<div class=\"brz-column__items brz-css-18ulq2r\">\n<div id=\"\" class=\"brz-css-1ib3hmf brz-wrapper\">\n<div class=\"brz-rich-text brz-rich-text__custom brz-css-1o24pc9\" data-brz-custom-id=\"kqcktmasvevhqfmiqiuwkvimsqnlpehybyes\">\n<div data-brz-translate-text=\"1\">\n<p class=\"brz-fs-lg-36 brz-ft-upload brz-lh-lg-1_4 brz-ls-lg-0 brz-fw-lg-400 brz-fss-lg-px brz-tp-lg-empty brz-ff-enqmzdbzxbgylolsjadsfjxunpbkpfxobhlf brz-css-gKwOC\" data-uniq-id=\"tqjqv\" data-generated-css=\"brz-css-atxmg\"><span>Nous offrons une gamme compl\u00e8te de proc\u00e9dures \u00e0 la fois innovantes et classiques sp\u00e9cialis\u00e9es dans le visage, le sein et le corps.<\/span><\/p>\n<\/div>\n<\/div>\n<\/div>\n<div id=\"\" class=\"brz-css-1ib3hmf brz-wrapper\">\n<div class=\"brz-line brz-line-default brz-css-1m9jhbu brz-css-1gqdhnw\" data-brz-custom-id=\"tbwyablrgknrggkmnkcpsppxvfbwlvdqsgbf\">\n<hr class=\"brz-hr\"><\/div>\n<\/div>\n<\/div>\n<\/div>\n<\/div>\n<\/div>\n<\/div>\n<\/div>\n<\/section>\n<section id=\"_jqigneqaycoviaoyeyjiweanmylzacbxsabq\" class=\"brz-section brz-css-1iper45\">\n<div class=\"brz-section__content brz-section--boxed brz-css-epulux brz-css-homgsl\" data-brz-custom-id=\"ylmsrcjzhwddjaiconsikezsrjrdhrxtmagn\">\n<div class=\"brz-bg\">\n<div class=\"brz-bg-color\"><\/div>\n<\/div>\n<div class=\"brz-container brz-css-1f5cgi8 brz-css-bfh56q\">\n<div id=\"\" class=\"brz-css-1ib3hmf brz-wrapper\">\n<div class=\"brz-image brz-css-v6mc0x brz-css-z41zz0\" data-brz-custom-id=\"ihpdjtvryuzlhenvsbfrsiusjqfnqruhjwhu\"><img decoding=\"async\" class=\"brz-img\" src=\"https:\/\/drmakclinic.com\/fr?brizy_media=wp-a5d55bb52f084bb99cf69b6fcacacde2.jpg&amp;brizy_crop=iW%3D936%26iH%3D624%26oX%3D0%26oY%3D159%26cW%3D936%26cH%3D343\" alt=\"\" loading=\"lazy\"><\/div>\n<\/div>\n<div class=\"brz-row__container brz-css-ro2woj brz-css-ox48vn\" data-brz-custom-id=\"wwscfigpflyxtrvzwtwetrtanhlbynuzhxzb\">\n<div class=\"brz-bg\"><\/div>\n<div class=\"brz-row brz-css-1ywt8l4 brz-css-1l4f3jj\">\n<div class=\"brz-columns brz-css-1eiusst brz-css-1ksvdbk\" data-brz-custom-id=\"jcpaqqfesxkyhcwudufkhccttljxyeoanozk\">\n<div class=\"brz-bg\"><\/div>\n<div class=\"brz-column__items brz-css-18ulq2r\">\n<div id=\"\" class=\"brz-css-1ib3hmf brz-wrapper\">\n<div class=\"brz-rich-text brz-rich-text__custom brz-css-1o24pc9\" data-brz-custom-id=\"rbwlmmnyggfeloeffxuktoigureuadedlewa\">\n<div data-brz-translate-text=\"1\">\n<p class=\"brz-fs-lg-20 brz-ft-google brz-ff-manrope brz-tp-lg-empty brz-lh-lg-1_9 brz-ls-lg-0 brz-fw-lg-400 brz-fss-lg-px brz-css-xY92x\" data-generated-css=\"brz-css-yqykb\" data-uniq-id=\"gjupj\"><span>Nous sommes la seule clinique \u00e0 Antalya sp\u00e9cialis\u00e9e uniquement dans la chirurgie esth\u00e9tique et nous proposons une gamme de traitements pour les patients de tous \u00e2ges. Il existe des options \u00e0 la fois chirurgicales et non chirurgicales pour les seins, le corps&nbsp;et&nbsp;le&nbsp;visage.<\/span><\/p>\n<\/div>\n<\/div>\n<\/div>\n<\/div>\n<\/div>\n<\/div>\n<\/div>\n<\/div>\n<\/div>\n<\/section>\n<\/div>\n<p>    <!-- version:1738266725 --><\/p>\n","protected":false},"excerpt":{"rendered":"<p>\u00e0 propos de nous: Nous offrons une gamme compl\u00e8te de proc\u00e9dures \u00e0 la fois innovantes et classiques sp\u00e9cialis\u00e9es dans le visage, le sein et le corps. Nous sommes la seule clinique \u00e0 Antalya sp\u00e9cialis\u00e9e uniquement dans la chirurgie esth\u00e9tique et nous proposons une gamme de traitements pour les patients de tous \u00e2ges. Il existe des [&hellip;]<\/p>\n","protected":false},"author":1,"featured_media":0,"parent":0,"menu_order":0,"comment_status":"closed","ping_status":"closed","template":"","meta":{"footnotes":""},"class_list":["post-100","page","type-page","status-publish","hentry"],"blocksy_meta":{"styles_descriptor":{"styles":{"desktop":"","tablet":"","mobile":""},"google_fonts":[],"version":6}},"_links":{"self":[{"href":"https:\/\/drmakclinic.com\/fr\/wp-json\/wp\/v2\/pages\/100","targetHints":{"allow":["GET"]}}],"collection":[{"href":"https:\/\/drmakclinic.com\/fr\/wp-json\/wp\/v2\/pages"}],"about":[{"href":"https:\/\/drmakclinic.com\/fr\/wp-json\/wp\/v2\/types\/page"}],"author":[{"embeddable":true,"href":"https:\/\/drmakclinic.com\/fr\/wp-json\/wp\/v2\/users\/1"}],"replies":[{"embeddable":true,"href":"https:\/\/drmakclinic.com\/fr\/wp-json\/wp\/v2\/comments?post=100"}],"version-history":[{"count":0,"href":"https:\/\/drmakclinic.com\/fr\/wp-json\/wp\/v2\/pages\/100\/revisions"}],"wp:attachment":[{"href":"https:\/\/drmakclinic.com\/fr\/wp-json\/wp\/v2\/media?parent=100"}],"curies":[{"name":"wp","href":"https:\/\/api.w.org\/{rel}","templated":true}]}}