{"id":101,"date":"2022-08-28T20:39:39","date_gmt":"2022-08-28T17:39:39","guid":{"rendered":"https:\/\/drmakclinic.com\/contact\/"},"modified":"2025-01-29T14:54:23","modified_gmt":"2025-01-29T11:54:23","slug":"contact","status":"publish","type":"page","link":"https:\/\/drmakclinic.com\/fr\/contact\/","title":{"rendered":"Contact"},"content":{"rendered":"<div class=\"brz-root__container brz-reset-all brz brz-root__container-page\">\n<section id=\"_smodjblwjljaznzdoqcaixsmlbpkvmgqefbe\" class=\"brz-section brz-css-xhfjl4\">\n<div class=\"brz-section__content brz-section--boxed brz-css-16utcs1 brz-css-1829v4m\" data-brz-custom-id=\"xodmqgusjvojuqvrcjukqpteztsewupyyblo\">\n<div class=\"brz-container brz-css-frngd\">\n<div id=\"\" class=\"brz-css-14tvxja brz-css-107ur6q brz-wrapper\">\n<div class=\"brz-rich-text brz-rich-text__custom brz-css-1am1dvc\" data-brz-custom-id=\"wvionsdahiybpjjlbybjqefhqmtgepplrmyq\">\n<div data-brz-translate-text=\"1\">\n<p class=\"brz-text-xs-center brz-mb-lg-31 brz-text-lg-left brz-fss-lg-px brz-fw-lg-500 brz-ls-lg-m_1_5 brz-lh-lg-1_3 brz-tp-lg-empty brz-ff-ckyztbazucvfgxnrkwthfbuhnumrbfrmhags brz-ft-upload brz-fs-lg-48 brz-css-t0L7j\" data-uniq-id=\"nejux\" data-generated-css=\"brz-css-ewuap\"><span class=\"brz-cp-color2\">Commucication<\/span><\/p>\n<\/div>\n<\/div>\n<\/div>\n<div class=\"brz-row__container brz-css-evl8ny\" data-brz-custom-id=\"jgrccktnynrgvquqxzfikgslderwoaxlkbdm\">\n<div class=\"brz-bg\"><\/div>\n<div class=\"brz-row brz-css-11ahp3 brz-css-60b7g8\">\n<div class=\"brz-columns brz-css-17tztot brz-css-16s8ix4\" data-brz-custom-id=\"cpanocybltxnskzdnssixynyfgghupoeggmc\">\n<div class=\"brz-bg\">\n<div class=\"brz-bg-color\"><\/div>\n<\/div>\n<div class=\"brz-column__items brz-css-1kvkeoo brz-css-hucb3a\">\n<div id=\"\" class=\"brz-css-14tvxja brz-css-tfaj7y brz-wrapper\">\n<div class=\"brz-image brz-css-2ovqto brz-css-1d8pclr\" data-brz-custom-id=\"dftmtbwwbachyxsiibrcsdegftohjqdgjagx\"><img decoding=\"async\" class=\"brz-img\" src=\"https:\/\/drmakclinic.com\/fr?brizy_media=wp-9b7486b9d786a0648588605ea135d33b.jpg&amp;brizy_crop=original\" alt=\"\" loading=\"lazy\"><\/div>\n<\/div>\n<div id=\"\" class=\"brz-css-14tvxja brz-css-1430ixf brz-wrapper\">\n<div class=\"brz-rich-text brz-rich-text__custom brz-css-1am1dvc\" data-brz-custom-id=\"dvznhoirtictfsioyrijtluxuwrckazxyfrs\">\n<div data-brz-translate-text=\"1\">\n<p class=\"brz-mb-lg-8 brz-mt-lg-25 brz-text-lg-left brz-fss-lg-px brz-fw-lg-500 brz-ls-lg-0 brz-lh-lg-1_4 brz-tp-lg-empty brz-ff-manrope brz-ft-google brz-fs-lg-14 brz-css-uicZA\" data-generated-css=\"brz-css-mlbxn\" data-uniq-id=\"uchzo\"><span class=\"brz-cp-color7\">Si vous avez besoin de nous contacter, veuillez appeler le +90 532 296 11 36 <\/span><\/p>\n<p class=\"brz-mt-lg-0 brz-text-lg-left brz-mb-lg-25 brz-fss-lg-px brz-fw-lg-500 brz-ls-lg-0 brz-lh-lg-1_4 brz-tp-lg-empty brz-ff-manrope brz-ft-google brz-fs-lg-14 brz-css-wgQbM\" data-generated-css=\"brz-css-mjbae\" data-uniq-id=\"xnjep\"><span class=\"brz-cp-color7\">ou vous pouvez nous envoyer un e-mail pour les demandes non urgentes sur le compte de messagerie des demandes de renseignements des patients.<\/span><\/p>\n<\/div>\n<\/div>\n<\/div>\n<\/div>\n<\/div>\n<div class=\"brz-columns brz-css-17tztot brz-css-1p5fqmm\" data-brz-custom-id=\"ehgwslgulluyaylmrgzkmlkvafdwehsiufav\">\n<div class=\"brz-bg\"><\/div>\n<div class=\"brz-column__items brz-css-1kvkeoo brz-css-15mvdau\">\n<div id=\"\" class=\"brz-css-14tvxja brz-wrapper\">\n<div class=\"brz-rich-text brz-rich-text__custom brz-css-1am1dvc\" data-brz-custom-id=\"stpnghrhyxbuzsjuebganguzrpegjxcmylsd\">\n<div data-brz-translate-text=\"1\">\n<h2 class=\"brz-mt-lg-30 brz-tp-lg-heading2 brz-css-rqEnU\" data-generated-css=\"brz-css-ltmcf\" data-uniq-id=\"vewcj\"><span class=\"brz-cp-color2\">Bonjour!  Nous serons heureux de vous entendre.  Envoyez-nous vos r\u00e9flexions.<\/span><\/h2>\n<\/div>\n<\/div>\n<\/div>\n<div id=\"\" class=\"brz-css-14tvxja brz-css-sdfwzy brz-css-kktm00 brz-wrapper\">\n<div class=\"brz-spacer brz-css-1svnpv0 brz-css-1nsk4up\"><\/div>\n<\/div>\n<div id=\"\" class=\"brz-css-14tvxja brz-wrapper\">\n<div data-brz-form-version=\"2\" class=\"brz-forms2 brz-css-1kigh1b brz-css-ugwz7\" data-brz-custom-id=\"bkruxlpvotriqngumdjmaolgbjurqksdjmlo\">\n<div data-brz-translate-text=\"1\" class=\"brz-forms2__item brz-css-u3m4d3 brz-css-13bkavh brz-css-3njq66\"><\/div>\n<div data-brz-translate-text=\"1\" class=\"brz-forms2__item brz-css-u3m4d3 brz-css-13bkavh brz-css-3njq66 brz-css-17cvsqh\"><textarea id=\"mTc147spRVTQ_\" name=\"gawwanbwmmskvvmjqtrqzabylstquvyrmsbz\" data-brz-type=\"Paragraph\" data-brz-label=\"Paragraph\" data-brz-placeholder=\"Paragraph\" class=\"brz-textarea brz-forms2__field brz-forms2__field-paragraph\"><\/textarea><\/div>\n<div class=\"brz-forms2 brz-forms2__item brz-forms2__item-button\" data-brz-custom-id=\"bkruxlpvotriqngumdjmaolgbjurqksdjmlo\"><button class=\"brz-btn brz-btn-submit brz-css-m6j7ns brz-css-18pwnun\" data-brz-custom-id=\"tbfzlxsqomkxzgxzvezpxgoklmvxdyvnmtgc\"><span data-brz-translate-text=\"1\" class=\"brz-span brz-text__editor\">Submit Message<\/span><\/button><\/div>\n<div class=\"brz-g-recaptcha\" data-sitekey=\"\" data-size=\"invisible\" data-callback=\"brzFormV2Captcha\"><\/div>\n<\/div>\n<\/div>\n<\/div>\n<\/div>\n<\/div>\n<\/div>\n<div class=\"brz-row__container brz-css-evl8ny\" data-brz-custom-id=\"zjvcjedjlmcqmtcbbplojprxtefeielfbqky\">\n<div class=\"brz-bg\"><\/div>\n<div class=\"brz-row brz-css-11ahp3 brz-css-60b7g8\">\n<div class=\"brz-columns brz-css-17tztot brz-css-1lbw2q\" data-brz-custom-id=\"iekrhjdrahtjripbtbjhgikdydugfthcxyoo\">\n<div class=\"brz-bg\"><\/div>\n<div class=\"brz-column__items brz-css-1kvkeoo brz-css-1bd1azy\">\n<div id=\"\" class=\"brz-css-14tvxja brz-wrapper\">\n<div class=\"brz-line brz-line-default brz-css-bub0l7 brz-css-18nk1eh\" data-brz-custom-id=\"gjmatwxrrnivfwgacimyhvjkjlfcekviqzct\">\n<hr class=\"brz-hr\"><\/div>\n<\/div>\n<div class=\"brz-row__container brz-css-evl8ny\" data-brz-custom-id=\"irqpwapepekkfqzkpimkyoxaldejjiuymssu\">\n<div class=\"brz-bg\"><\/div>\n<div class=\"brz-row brz-row--inner brz-css-11ahp3 brz-css-60b7g8\">\n<div class=\"brz-columns brz-css-17tztot brz-css-zkf8er\" data-brz-custom-id=\"klwkqtnyvjhshddukeojevgojbdzkmejmkla\">\n<div class=\"brz-bg\"><\/div>\n<div class=\"brz-column__items brz-css-1kvkeoo brz-css-v3687h\">\n<div id=\"\" class=\"brz-css-14tvxja brz-css-y9rlwk brz-wrapper\">\n<div class=\"brz-rich-text brz-rich-text__custom brz-css-1am1dvc\" data-brz-custom-id=\"mkkgpfrytnbwwtchafhkdyqfoudthfgyjiqs\">\n<div data-brz-translate-text=\"1\">\n<h4 class=\"brz-tp-lg-heading5 brz-text-xs-center brz-css-aIE3K\" data-uniq-id=\"rzise\" data-generated-css=\"brz-css-szwrw\"><span class=\"brz-cp-color2\">Address<\/span><\/h4>\n<\/div>\n<\/div>\n<\/div>\n<div id=\"\" class=\"brz-css-14tvxja brz-css-1t1quvl brz-wrapper\">\n<div class=\"brz-rich-text brz-rich-text__custom brz-css-1am1dvc\" data-brz-custom-id=\"etkxdbtjpfvgeawlinkpzyxofdufxkbxqvzx\">\n<div data-brz-translate-text=\"1\">\n<p class=\"brz-text-xs-center brz-tp-lg-paragraph brz-text-lg-left brz-css-n2EUi\" data-uniq-id=\"ipkkl\" data-generated-css=\"brz-css-xhecn\"><span class=\"brz-cp-color2\">Tevfik I\u015f\u0131k Cd. Ye\u015filbah\u00e7e Mh. \u00c7i\u00e7ek Sitesi A blok 2\/4 07100 Antalya, TURKEY<\/span><\/p>\n<\/div>\n<\/div>\n<\/div>\n<\/div>\n<\/div>\n<div class=\"brz-columns brz-css-17tztot brz-css-1kf88m9\" data-brz-custom-id=\"nkbahnjudidppidjdptyoesqqnuyalyzcjpu\">\n<div class=\"brz-bg\"><\/div>\n<div class=\"brz-column__items brz-css-1kvkeoo\">\n<div id=\"\" class=\"brz-css-14tvxja brz-css-3l1uwf brz-wrapper\">\n<div class=\"brz-rich-text brz-rich-text__custom brz-css-1am1dvc\" data-brz-custom-id=\"ehbzfskthfkiwjyqmllvucifjdwafcooqlza\">\n<div data-brz-translate-text=\"1\">\n<h4 class=\"brz-text-xs-center brz-tp-lg-heading5 brz-css-th3I5\" data-generated-css=\"brz-css-fswxj\" data-uniq-id=\"kqegb\"><span class=\"brz-cp-color2\">Social Media<\/span><\/h4>\n<\/div>\n<\/div>\n<\/div>\n<div class=\"brz-wrapper-clone brz-css-c90u0b\">\n<div class=\"brz-d-xs-flex brz-flex-xs-wrap brz-css-chdgwl brz-css-35ouem\" data-brz-custom-id=\"\">\n<div class=\"brz-wrapper-clone__item\" id=\"kmhxqyjwzrlvrljpurlityxkfmkwninrpjia\">\n<div class=\"brz-icon__container\" data-brz-custom-id=\"kmhxqyjwzrlvrljpurlityxkfmkwninrpjia\"><span class=\"brz-icon brz-span brz-css-14m74uc brz-css-n03sar\"><\/span><\/div>\n<\/div>\n<div class=\"brz-wrapper-clone__item\" id=\"xceczbokufdninnrihyatwjnvlflgxoqgkzf\">\n<div class=\"brz-icon__container\" data-brz-custom-id=\"xceczbokufdninnrihyatwjnvlflgxoqgkzf\"><span class=\"brz-icon brz-span brz-css-14m74uc brz-css-1jtz3bk\"><\/span><\/div>\n<\/div>\n<div class=\"brz-wrapper-clone__item\" id=\"mbilpmqihbwrxofkrzatnlpuofqxiaphpcqc\">\n<div class=\"brz-icon__container\" data-brz-custom-id=\"mbilpmqihbwrxofkrzatnlpuofqxiaphpcqc\"><span class=\"brz-icon brz-span brz-css-14m74uc brz-css-eejljv\"><\/span><\/div>\n<\/div>\n<\/div>\n<\/div>\n<\/div>\n<\/div>\n<\/div>\n<\/div>\n<\/div>\n<\/div>\n<div class=\"brz-columns brz-css-17tztot brz-css-hfak7q\" data-brz-custom-id=\"pupmciruljtmvfxxijuegxdgtvpdkvrsntic\">\n<div class=\"brz-bg\"><\/div>\n<div class=\"brz-column__items brz-css-1kvkeoo brz-css-6pc43w\">\n<div id=\"\" class=\"brz-css-14tvxja brz-wrapper\">\n<div class=\"brz-line brz-line-default brz-css-bub0l7 brz-css-6w6qpb\" data-brz-custom-id=\"atpeddqbafmvckigncspoeurqkkrsfbrzfhx\">\n<hr class=\"brz-hr\"><\/div>\n<\/div>\n<div class=\"brz-row__container brz-css-evl8ny\" data-brz-custom-id=\"wcwnqgjgmdhrlgmbuapiwaausaxxnjlwfmyi\">\n<div class=\"brz-bg\"><\/div>\n<div class=\"brz-row brz-row--inner brz-css-11ahp3 brz-css-60b7g8\">\n<div class=\"brz-columns brz-css-17tztot brz-css-4onr5f\" data-brz-custom-id=\"yqsqxbwuscuxywnfghpbisocdzgjrcoankxx\">\n<div class=\"brz-bg\"><\/div>\n<div class=\"brz-column__items brz-css-1kvkeoo brz-css-30wp5u\">\n<div id=\"\" class=\"brz-css-14tvxja brz-css-14r8f05 brz-wrapper\">\n<div class=\"brz-rich-text brz-rich-text__custom brz-css-1am1dvc\" data-brz-custom-id=\"aklkzkdxrzysapveottaanovdddgiodeupjx\">\n<div data-brz-translate-text=\"1\">\n<h4 class=\"brz-text-xs-center brz-tp-lg-heading5 brz-css-wrjzD\" data-generated-css=\"brz-css-mxoho\" data-uniq-id=\"zhfyf\"><span class=\"brz-cp-color2\">Phone<\/span><\/h4>\n<\/div>\n<\/div>\n<\/div>\n<div id=\"\" class=\"brz-css-14tvxja brz-css-g9apv9 brz-wrapper\">\n<div class=\"brz-rich-text brz-rich-text__custom brz-css-1am1dvc\" data-brz-custom-id=\"wgnqsggyxmnyghvbuzlduhmmwonjyixgeigl\">\n<div data-brz-translate-text=\"1\">\n<p class=\"brz-text-lg-left brz-tp-lg-paragraph brz-text-xs-center brz-css-wWrNK\" data-generated-css=\"brz-css-mhxtn\" data-uniq-id=\"qdoco\"><span class=\"brz-cp-color2\">+90 532 296 11 36<\/span><\/p>\n<\/div>\n<\/div>\n<\/div>\n<\/div>\n<\/div>\n<div class=\"brz-columns brz-css-17tztot brz-css-1yeutjq\" data-brz-custom-id=\"qsjjqlsybrrthizviizkmjltbhejdrlanvdi\">\n<div class=\"brz-bg\"><\/div>\n<div class=\"brz-column__items brz-css-1kvkeoo\">\n<div id=\"\" class=\"brz-css-14tvxja brz-css-1iukl8g brz-wrapper\">\n<div class=\"brz-rich-text brz-rich-text__custom brz-css-1am1dvc\" data-brz-custom-id=\"uxlzplxvowjfcfxadvjpzlddrvzdxuaqnsmr\">\n<div data-brz-translate-text=\"1\">\n<h4 class=\"brz-tp-lg-heading5 brz-text-xs-center brz-css-kO8ep\" data-uniq-id=\"czuey\" data-generated-css=\"brz-css-pezuv\"><span class=\"brz-cp-color2\">Email<\/span><\/h4>\n<\/div>\n<\/div>\n<\/div>\n<div id=\"\" class=\"brz-css-14tvxja brz-css-11a6egm brz-wrapper\">\n<div class=\"brz-rich-text brz-rich-text__custom brz-css-1am1dvc\" data-brz-custom-id=\"myejrnadkcxjnahbgtxqgfchdsvlbvqyddre\">\n<div data-brz-translate-text=\"1\">\n<p class=\"brz-text-xs-center brz-text-lg-left brz-tp-lg-paragraph brz-css-aMDgz\" data-uniq-id=\"hdatw\" data-generated-css=\"brz-css-qwnjs\"><span class=\"brz-cp-color2\">info@drmakclinic.com<\/span><\/p>\n<\/div>\n<\/div>\n<\/div>\n<\/div>\n<\/div>\n<\/div>\n<\/div>\n<\/div>\n<\/div>\n<\/div>\n<\/div>\n<\/div>\n<\/div>\n<\/section>\n<\/div>\n<p>    <!-- version:1738151663 --><\/p>\n","protected":false},"excerpt":{"rendered":"<p>Commucication Si vous avez besoin de nous contacter, veuillez appeler le +90 532 296 11 36 ou vous pouvez nous envoyer un e-mail pour les demandes non urgentes sur le compte de messagerie des demandes de renseignements des patients. Bonjour! Nous serons heureux de vous entendre. Envoyez-nous vos r\u00e9flexions. Submit Message Address Tevfik I\u015f\u0131k Cd. [&hellip;]<\/p>\n","protected":false},"author":1,"featured_media":0,"parent":0,"menu_order":0,"comment_status":"closed","ping_status":"closed","template":"","meta":{"footnotes":""},"class_list":["post-101","page","type-page","status-publish","hentry"],"blocksy_meta":{"styles_descriptor":{"styles":{"desktop":"","tablet":"","mobile":""},"google_fonts":[],"version":6}},"_links":{"self":[{"href":"https:\/\/drmakclinic.com\/fr\/wp-json\/wp\/v2\/pages\/101","targetHints":{"allow":["GET"]}}],"collection":[{"href":"https:\/\/drmakclinic.com\/fr\/wp-json\/wp\/v2\/pages"}],"about":[{"href":"https:\/\/drmakclinic.com\/fr\/wp-json\/wp\/v2\/types\/page"}],"author":[{"embeddable":true,"href":"https:\/\/drmakclinic.com\/fr\/wp-json\/wp\/v2\/users\/1"}],"replies":[{"embeddable":true,"href":"https:\/\/drmakclinic.com\/fr\/wp-json\/wp\/v2\/comments?post=101"}],"version-history":[{"count":0,"href":"https:\/\/drmakclinic.com\/fr\/wp-json\/wp\/v2\/pages\/101\/revisions"}],"wp:attachment":[{"href":"https:\/\/drmakclinic.com\/fr\/wp-json\/wp\/v2\/media?parent=101"}],"curies":[{"name":"wp","href":"https:\/\/api.w.org\/{rel}","templated":true}]}}