{"id":1034,"date":"2022-08-28T20:43:40","date_gmt":"2022-08-28T17:43:40","guid":{"rendered":"https:\/\/drmakclinic.com\/?page_id=1034"},"modified":"2025-01-29T14:50:58","modified_gmt":"2025-01-29T11:50:58","slug":"procedures","status":"publish","type":"page","link":"https:\/\/drmakclinic.com\/fr\/procedures\/","title":{"rendered":"Procedures"},"content":{"rendered":"<div class=\"brz-root__container brz-reset-all brz brz-root__container-page\">\n<section id=\"_cbvmexjnpekxqtmedeorbffhtolchakvaxxg\" class=\"brz-section brz-css-ewjia\">\n<div class=\"brz-section__content brz-section--boxed brz-css-1o56hsl brz-css-122truv\" data-brz-custom-id=\"jncrleytagczfnecotihdawjvbdoaidudjhg\">\n<div class=\"brz-bg\">\n<div class=\"brz-bg-color\"><\/div>\n<\/div>\n<div class=\"brz-container brz-css-1n3v0tn\">\n<div class=\"brz-row__container brz-css-slm3f4\" data-brz-custom-id=\"zgxmtpuuncrgnnpmbqessilvdbsstehpxoss\">\n<div class=\"brz-bg\"><\/div>\n<div class=\"brz-row brz-css-2dfqrc brz-css-hmvo13\">\n<div class=\"brz-columns brz-css-1aeqgk4 brz-css-ijitsj\" data-brz-custom-id=\"tnwwopklturhqavrccxpovkiwxbsehlwkmfs\">\n<div class=\"brz-bg\"><\/div>\n<div class=\"brz-column__items brz-css-3icvr3\">\n<div id=\"\" class=\"brz-css-1gys1x7 brz-wrapper\">\n<div class=\"brz-icon-text brz-css-ps2fuc brz-css-1kaf0px\" data-brz-custom-id=\"viuzxfdkapnuypmsjywnrmnjrcdnptouwjbp\">\n<div class=\"brz-icon__container\" data-brz-custom-id=\"zatzmvrnqfcbdxihsumqdtineagrwhoshldz\"><span class=\"brz-icon brz-span brz-css-gul0et brz-css-1xzjijg\"><\/span><\/div>\n<div class=\"brz-text-btn\">\n<div class=\"brz-rich-text brz-rich-text__custom brz-css-a14c4\" data-brz-custom-id=\"nzlhcuubmeikykhdytgbfcokkmnbtpzcmiio\">\n<div data-brz-translate-text=\"1\">\n<p class=\"brz-tp-lg-empty brz-ff-izzivsxniqvyexslaslvwzgtgnghvrxuxiru brz-ft-upload brz-fs-lg-66 brz-fss-lg-px brz-fw-lg-400 brz-ls-lg-0 brz-lh-lg-1 brz-css-wwOIj\" data-uniq-id=\"icwgy\" data-generated-css=\"brz-css-zytzi\"><span>Proc\u00e9dures<\/span><\/p>\n<\/div>\n<\/div>\n<\/div>\n<\/div>\n<\/div>\n<\/div>\n<\/div>\n<\/div>\n<\/div>\n<\/div>\n<\/div>\n<\/section>\n<section id=\"_dkendtxqxkqeyhwoqlcvkqalnenkoecdsblv\" class=\"brz-section brz-css-ewjia\">\n<div class=\"brz-section__content brz-section--boxed brz-css-1o56hsl brz-css-mlxyzb\" data-brz-custom-id=\"jcdmokfksuwqhwwpltpwpnqxwzctklvdabpp\">\n<div class=\"brz-bg\">\n<div class=\"brz-bg-color\"><\/div>\n<\/div>\n<div class=\"brz-container brz-css-1n3v0tn\">\n<div id=\"\" class=\"brz-css-1gys1x7 brz-css-erjz14 brz-wrapper\">\n<div class=\"brz-rich-text brz-rich-text__custom brz-css-a14c4\" data-brz-custom-id=\"iaqdbyvvzuukmtzzfnnnnzaqaqyqigcacwjb\">\n<div data-brz-translate-text=\"1\">\n<p class=\"brz-text-lg-left brz-tp-lg-empty brz-ff-manrope brz-ft-google brz-fs-lg-13 brz-fss-lg-px brz-fw-lg-700 brz-ls-lg-1_1 brz-lh-lg-1_5 brz-css-yrG8_\" data-generated-css=\"brz-css-jljvk\" data-uniq-id=\"rafoz\"><span class=\"brz-capitalize-on\">LA PREMI\u00c8RE CLINIQUE D&rsquo;ANTALYA<\/span><\/p>\n<\/div>\n<\/div>\n<\/div>\n<div id=\"\" class=\"brz-css-1gys1x7 brz-css-wjals6 brz-wrapper\">\n<div class=\"brz-rich-text brz-rich-text__custom brz-css-a14c4\" data-brz-custom-id=\"qezritycsrreptobzflufirvljvosbcmuyvw\">\n<div data-brz-translate-text=\"1\">\n<p class=\"brz-text-lg-left brz-tp-lg-empty brz-ff-ckyztbazucvfgxnrkwthfbuhnumrbfrmhags brz-ft-upload brz-fs-lg-36 brz-fss-lg-px brz-fw-lg-400 brz-ls-lg-0_5 brz-lh-lg-1_3 brz-css-sgVeS\" data-uniq-id=\"adtlh\" data-generated-css=\"brz-css-qozqy\"><strong>LA BEAUT\u00c9 DES R\u00c9SULTATS<\/strong><\/p>\n<p class=\"brz-text-lg-left brz-tp-lg-empty brz-ff-ckyztbazucvfgxnrkwthfbuhnumrbfrmhags brz-ft-upload brz-fs-lg-36 brz-fss-lg-px brz-fw-lg-400 brz-ls-lg-0_5 brz-lh-lg-1_3 brz-css-dYsBV\" data-uniq-id=\"adtlh\" data-generated-css=\"brz-css-qozqy\"><strong>AVEC DR.  MAC<\/strong><\/p>\n<\/div>\n<\/div>\n<\/div>\n<div id=\"\" class=\"brz-css-1gys1x7 brz-css-1xp6du brz-wrapper\">\n<div class=\"brz-rich-text brz-rich-text__custom brz-css-a14c4\" data-brz-custom-id=\"crpabbavaiphvgszqcdbtakyqnohgkeckhbk\">\n<div data-brz-translate-text=\"1\">\n<p class=\"brz-fs-lg-16 brz-ft-google brz-ff-manrope brz-tp-lg-empty brz-lh-lg-1_9 brz-ls-lg-0 brz-fw-lg-400 brz-fss-lg-px brz-text-lg-left brz-css-lpIBa\" data-uniq-id=\"dgvxb\" data-generated-css=\"brz-css-naqxg\"><span>La chirurgie plastique est un gros probl\u00e8me, qu&rsquo;elle soit esth\u00e9tique ou reconstructive.<\/span><\/p>\n<p class=\"brz-fs-lg-16 brz-ft-google brz-ff-manrope brz-tp-lg-empty brz-lh-lg-1_9 brz-ls-lg-0 brz-fw-lg-400 brz-fss-lg-px brz-text-lg-left brz-css-l0nZz\" data-uniq-id=\"nvyye\" data-generated-css=\"brz-css-wvxab\"><span>Pour obtenir les meilleurs r\u00e9sultats, le Dr MAK personnalisera votre proc\u00e9dure ou chirurgie en fonction de vos besoins personels.<\/span><\/p>\n<\/div>\n<\/div>\n<\/div>\n<div id=\"\" class=\"brz-css-1gys1x7 brz-css-16csumy brz-wrapper\">\n<div class=\"brz-spacer brz-css-1e78g95 brz-css-mv0ihg\"><\/div>\n<\/div>\n<div class=\"brz-row__container brz-css-slm3f4\" data-brz-custom-id=\"shgpryshbdnqoevbknrcvpmxuwxgevcvzbqe\">\n<div class=\"brz-bg\"><\/div>\n<div class=\"brz-row brz-css-2dfqrc brz-css-1hrus9a\">\n<div class=\"brz-columns brz-css-1aeqgk4 brz-css-1h3gdty\" data-brz-custom-id=\"ympbghlmzkgxwcwedcapoytvluxcagvbbedk\">\n<div class=\"brz-bg\">\n<div class=\"brz-bg-color\"><\/div>\n<\/div>\n<div class=\"brz-column__items brz-css-3icvr3 brz-css-nfg9qm\">\n<div id=\"\" class=\"brz-css-1gys1x7 brz-wrapper\">\n<div class=\"brz-image brz-css-a2kr3p brz-css-muq18i\" data-brz-custom-id=\"pjosizzepexfqpfgimnnswuxzofexnojxeqp\"><img decoding=\"async\" class=\"brz-img\" src=\"https:\/\/drmakclinic.com\/fr?brizy_media=wp-3e6d5ec9ec1ea1eeb6d13c87c31c6340.png&amp;brizy_crop=iW%3D575%26iH%3D383%26oX%3D32%26oY%3D0%26cW%3D511%26cH%3D383\" alt=\"\" loading=\"lazy\"><\/div>\n<\/div>\n<div id=\"\" class=\"brz-css-1gys1x7 brz-css-1f8gtyh brz-wrapper\">\n<div class=\"brz-rich-text brz-rich-text__custom brz-css-a14c4\" data-brz-custom-id=\"ekzolmjodbjwthhttxighymwhgdngqdsqjac\">\n<div data-brz-translate-text=\"1\">\n<p class=\"brz-text-lg-center brz-lh-lg-1_9 brz-ls-lg-0 brz-fw-lg-400 brz-fss-lg-px brz-fs-lg-26 brz-ft-upload brz-ff-izzivsxniqvyexslaslvwzgtgnghvrxuxiru brz-tp-lg-empty brz-css-uFCBR\" data-uniq-id=\"aqrar\" data-generated-css=\"brz-css-gjgag\"><span>La chirurgie plastique<\/span><\/p>\n<\/div>\n<\/div>\n<\/div>\n<\/div>\n<p><a class=\"brz-a brz-container-link\" href=\"https:\/\/drmakclinic.com\/fr\/procedures\/aesthetic-plastic-surgery\/\" target=\"_self\" rel=\"noopener\" data-brz-link-type=\"external\"><\/a><\/div>\n<div class=\"brz-columns brz-css-1aeqgk4 brz-css-8qa5y1\" data-brz-custom-id=\"qrugwmawzgzmdopvhslkeqmtxwkikhainedw\">\n<div class=\"brz-bg\">\n<div class=\"brz-bg-color\"><\/div>\n<\/div>\n<div class=\"brz-column__items brz-css-3icvr3 brz-css-1hytszg\">\n<div id=\"\" class=\"brz-css-1gys1x7 brz-wrapper\">\n<div class=\"brz-image brz-css-sxj7so brz-css-1mkabxh\" data-brz-custom-id=\"bikqgsyrggnskgrtshjfeshbyysxugufvwmu\"><img decoding=\"async\" class=\"brz-img\" src=\"https:\/\/drmakclinic.com\/fr?brizy_media=wp-c5f2563855fa54d37eccdce8d40c16b1.png&amp;brizy_crop=iW%3D575%26iH%3D383%26oX%3D32%26oY%3D0%26cW%3D511%26cH%3D383\" alt=\"\" loading=\"lazy\"><\/div>\n<\/div>\n<div id=\"\" class=\"brz-css-1gys1x7 brz-css-1x54r1q brz-wrapper\">\n<div class=\"brz-rich-text brz-rich-text__custom brz-css-a14c4\" data-brz-custom-id=\"hqbykwvdfvwyhigsjcvpydumofyeeppljawn\">\n<div data-brz-translate-text=\"1\">\n<p class=\"brz-text-lg-center brz-lh-lg-1_9 brz-ls-lg-0 brz-fw-lg-400 brz-fss-lg-px brz-fs-lg-26 brz-ft-upload brz-ff-izzivsxniqvyexslaslvwzgtgnghvrxuxiru brz-tp-lg-empty brz-css-gT0VW\" data-uniq-id=\"ajivi\" data-generated-css=\"brz-css-qoxgh\"><span>Greffe de cheveux<\/span><\/p>\n<\/div>\n<\/div>\n<\/div>\n<\/div>\n<p><a class=\"brz-a brz-container-link\" href=\"https:\/\/drmakclinic.com\/fr\/procedures\/hair-transplants\/\" target=\"_self\" rel=\"noopener\" data-brz-link-type=\"external\"><\/a><\/div>\n<\/div>\n<\/div>\n<\/div>\n<\/div>\n<\/section>\n<\/div>\n<p>    <!-- version:1738151458 --><\/p>\n","protected":false},"excerpt":{"rendered":"<p>Proc\u00e9dures LA PREMI\u00c8RE CLINIQUE D&rsquo;ANTALYA LA BEAUT\u00c9 DES R\u00c9SULTATS AVEC DR. MAC La chirurgie plastique est un gros probl\u00e8me, qu&rsquo;elle soit esth\u00e9tique ou reconstructive. Pour obtenir les meilleurs r\u00e9sultats, le Dr MAK personnalisera votre proc\u00e9dure ou chirurgie en fonction de vos besoins personels. La chirurgie plastique Greffe de cheveux<\/p>\n","protected":false},"author":1,"featured_media":0,"parent":0,"menu_order":0,"comment_status":"closed","ping_status":"closed","template":"","meta":{"footnotes":""},"class_list":["post-1034","page","type-page","status-publish","hentry"],"blocksy_meta":{"styles_descriptor":{"styles":{"desktop":"","tablet":"","mobile":""},"google_fonts":[],"version":6}},"_links":{"self":[{"href":"https:\/\/drmakclinic.com\/fr\/wp-json\/wp\/v2\/pages\/1034","targetHints":{"allow":["GET"]}}],"collection":[{"href":"https:\/\/drmakclinic.com\/fr\/wp-json\/wp\/v2\/pages"}],"about":[{"href":"https:\/\/drmakclinic.com\/fr\/wp-json\/wp\/v2\/types\/page"}],"author":[{"embeddable":true,"href":"https:\/\/drmakclinic.com\/fr\/wp-json\/wp\/v2\/users\/1"}],"replies":[{"embeddable":true,"href":"https:\/\/drmakclinic.com\/fr\/wp-json\/wp\/v2\/comments?post=1034"}],"version-history":[{"count":0,"href":"https:\/\/drmakclinic.com\/fr\/wp-json\/wp\/v2\/pages\/1034\/revisions"}],"wp:attachment":[{"href":"https:\/\/drmakclinic.com\/fr\/wp-json\/wp\/v2\/media?parent=1034"}],"curies":[{"name":"wp","href":"https:\/\/api.w.org\/{rel}","templated":true}]}}