{"id":1038,"date":"2022-08-28T20:44:16","date_gmt":"2022-08-28T17:44:16","guid":{"rendered":"https:\/\/drmakclinic.com\/?page_id=1038"},"modified":"2025-01-29T16:21:31","modified_gmt":"2025-01-29T13:21:31","slug":"aesthetic-plastic-surgery","status":"publish","type":"page","link":"https:\/\/drmakclinic.com\/fr\/procedures\/aesthetic-plastic-surgery\/","title":{"rendered":"Aesthetic &amp; Plastic Surgery"},"content":{"rendered":"<div class=\"brz-root__container brz-reset-all brz brz-root__container-page\">\n<section id=\"_esqjhotkcmhejcchtzukubnnlvrhogifmmxe\" class=\"brz-section brz-css-1ibujp6\">\n<div class=\"brz-section__content brz-section--boxed brz-css-1r6pf5a brz-css-h2v4hr\" data-brz-custom-id=\"hfimbxcmbrywydzkrensmlgstizksjnnihzg\">\n<div class=\"brz-bg\">\n<div class=\"brz-bg-color\"><\/div>\n<\/div>\n<div class=\"brz-container brz-css-1mmalbf\">\n<div class=\"brz-row__container brz-css-hcaffb\" data-brz-custom-id=\"tlxgowxcffvrmuiujjpsjfhlfxawcamcifki\">\n<div class=\"brz-bg\"><\/div>\n<div class=\"brz-row brz-css-1eobeov brz-css-1fv70i0\">\n<div class=\"brz-columns brz-css-jn1fxk brz-css-1k00u2e\" data-brz-custom-id=\"coeaqclcqyfcqtatztcuczukmeuvxyiarqsx\">\n<div class=\"brz-bg\"><\/div>\n<div class=\"brz-column__items brz-css-6xumby\">\n<div id=\"\" class=\"brz-css-f63hpw brz-wrapper\">\n<div class=\"brz-icon-text brz-css-plvck6 brz-css-dttxrx\" data-brz-custom-id=\"ibzmkixgcatvarzwshdkgsffpxwubabysyzv\">\n<div class=\"brz-icon__container\" data-brz-custom-id=\"ntghzpkrtodcqititvdnjouzpahjfciydjhs\"><span class=\"brz-icon brz-span brz-css-p42fog brz-css-76ywcm\"><\/span><\/div>\n<div class=\"brz-text-btn\">\n<div class=\"brz-rich-text brz-rich-text__custom brz-css-fz87be\" data-brz-custom-id=\"kmodwlvxdaegyhyhujtjukdmxoquezkfrjbj\">\n<div data-brz-translate-text=\"1\">\n<p class=\"brz-tp-lg-empty brz-ff-izzivsxniqvyexslaslvwzgtgnghvrxuxiru brz-ft-upload brz-fs-lg-66 brz-fss-lg-px brz-fw-lg-400 brz-ls-lg-0 brz-lh-lg-1 brz-css-jjNM6\" data-uniq-id=\"ucvxl\" data-generated-css=\"brz-css-ppdfc\"><span>La chirurgie plastique<\/span><\/p>\n<\/div>\n<\/div>\n<\/div>\n<\/div>\n<\/div>\n<\/div>\n<\/div>\n<div class=\"brz-columns brz-css-jn1fxk brz-css-t49xe8\" data-brz-custom-id=\"oeushddrpichgmpkzjfmadtvcwcaggtdqavr\">\n<div class=\"brz-bg\"><\/div>\n<div class=\"brz-column__items brz-css-6xumby\">\n<div id=\"\" class=\"brz-css-f63hpw brz-css-2q7ppl brz-wrapper\">\n<div class=\"brz-image brz-css-1utrtxt\" data-brz-custom-id=\"ywqtgakkwsxprgekakarbualrqfaecytlhlf\"><img decoding=\"async\" class=\"brz-img\" src=\"https:\/\/drmakclinic.com\/fr?brizy_media=wp-18ec1347426d6e0fd082dcabcebb1fc4.png&amp;brizy_crop=original\" alt=\"\" loading=\"lazy\"><\/div>\n<\/div>\n<\/div>\n<\/div>\n<\/div>\n<\/div>\n<\/div>\n<\/div>\n<\/section>\n<section id=\"_tvymfayyxikwxcuioipxiwsgjfibhfizrpaf\" class=\"brz-section brz-css-1ibujp6\">\n<div class=\"brz-section__content brz-section--boxed brz-css-1r6pf5a brz-css-ozrx9h\" data-brz-custom-id=\"cwzhmuzgmxvnhwnqdulotlokeiutqditoylh\">\n<div class=\"brz-bg\">\n<div class=\"brz-bg-color\"><\/div>\n<\/div>\n<div class=\"brz-container brz-css-1mmalbf\">\n<div class=\"brz-row__container brz-css-hcaffb brz-css-1meeft3\" data-brz-custom-id=\"shbytsbjcglsgijcrgrxxabgefuhcrmpkmvd\">\n<div class=\"brz-bg\">\n<div class=\"brz-bg-color\"><\/div>\n<\/div>\n<div class=\"brz-row brz-css-1eobeov brz-css-nu8xgq\">\n<div class=\"brz-columns brz-css-jn1fxk\" data-brz-custom-id=\"wftizspomvtfymhzxlckgkwxepfktcqrszxr\">\n<div class=\"brz-bg\"><\/div>\n<div class=\"brz-column__items brz-css-6xumby\">\n<div id=\"\" class=\"brz-css-f63hpw brz-css-2h5uir brz-wrapper\">\n<div class=\"brz-image brz-css-45em27 brz-css-7jkrun\" data-brz-custom-id=\"fbsrlzbbwnuntuirgkczrugmzuknmkvdzwpw\"><img decoding=\"async\" class=\"brz-img\" src=\"https:\/\/drmakclinic.com\/fr?brizy_media=wp-800f4c047c859465956adeb62b9982dc.png&amp;brizy_crop=original\" alt=\"\" loading=\"lazy\"><\/div>\n<\/div>\n<\/div>\n<\/div>\n<div class=\"brz-columns brz-css-jn1fxk brz-css-1qci9xr\" data-brz-custom-id=\"ifrywedfbolndupoaezxaaypqvlovwxrjaal\">\n<div class=\"brz-column__items brz-css-6xumby brz-css-1kxmr5c\">\n<div id=\"\" class=\"brz-css-f63hpw brz-css-1pwz4q2 brz-wrapper\">\n<div class=\"brz-rich-text brz-rich-text__custom brz-css-fz87be\" data-brz-custom-id=\"jelckglvwlpzlxkzstfsosivglopmmplhfxa\">\n<div data-brz-translate-text=\"1\">\n<p class=\"brz-fs-lg-48 brz-ft-upload brz-ff-ckyztbazucvfgxnrkwthfbuhnumrbfrmhags brz-tp-lg-empty brz-lh-lg-1_5 brz-ls-lg-m_0_5 brz-fw-lg-400 brz-fss-lg-px brz-mb-lg-0 brz-css-fokDs\" data-generated-css=\"brz-css-pckqi\" data-uniq-id=\"aphtz\">Visage<\/p>\n<\/div>\n<\/div>\n<\/div>\n<div id=\"\" class=\"brz-css-f63hpw brz-css-s0rr57 brz-wrapper\">\n<div class=\"brz-rich-text brz-rich-text__custom brz-css-fz87be\" data-brz-custom-id=\"hsrdvwdqaegauvhsrwvjbgnuygsxiymlgtgz\">\n<div data-brz-translate-text=\"1\">\n<p class=\"brz-tp-lg-empty brz-ff-izzivsxniqvyexslaslvwzgtgnghvrxuxiru brz-ft-upload brz-fs-lg-26 brz-fss-lg-px brz-fw-lg-400 brz-ls-lg-0 brz-lh-lg-1_9 brz-css-doStr\" data-generated-css=\"brz-css-qguig\" data-uniq-id=\"fjicv\">Choisissez votre proc\u00e9dure<\/p>\n<p class=\"brz-lh-lg-1_9 brz-ls-lg-0 brz-fw-lg-400 brz-fss-lg-px brz-fs-lg-26 brz-ft-upload brz-ff-izzivsxniqvyexslaslvwzgtgnghvrxuxiru brz-tp-lg-empty brz-css-pHVZ2\" data-generated-css=\"brz-css-ewoge\" data-uniq-id=\"qaxnr\"><\/p>\n<ul>\n<li class=\"brz-tp-lg-empty brz-ff-mruflzjvtzjxcnwqyqqtvvgobqvnixkyfskc brz-ft-upload brz-fs-lg-16 brz-fss-lg-px brz-fw-lg-400 brz-ls-lg-0 brz-lh-lg-1_9 brz-css-ylsvZ\" data-generated-css=\"brz-css-dvjzh\" data-uniq-id=\"gcryu\"><a class=\"link--external\" href=\"https:\/\/drmakclinic.com\/fr\/procedures\/aesthetic-plastic-surgery\/facelift-necklift\/\" data-brz-link-type=\"external\">LIFTING DU VISAGE<\/a><\/li>\n<li class=\"brz-tp-lg-paragraph brz-css-peoQI\" data-generated-css=\"brz-css-ablwi\" data-uniq-id=\"ywaeg\"><a class=\"link--external\" href=\"https:\/\/drmakclinic.com\/fr\/procedures\/aesthetic-plastic-surgery\/rhinoplasty\/\" data-brz-link-type=\"external\">RHINOPLASTIE DE R\u00c9VISION<\/a><\/li>\n<li class=\"brz-mt-lg-0 brz-mt-xs-0 brz-tp-lg-paragraph brz-mb-lg-0 brz-css-fyoiK\" data-uniq-id=\"acbxa\" data-generated-css=\"brz-css-ordrz\"><a class=\"link--external\" href=\"https:\/\/drmakclinic.com\/fr\/procedures\/aesthetic-plastic-surgery\/upper-eyelid-surgery\/\" data-brz-link-type=\"external\">CHIRURGIE DES PAUPI\u00c8RES SUP\u00c9RIEURES (BL\u00c9PHAROPLASTIE)<\/a><\/li>\n<li class=\"brz-mt-lg-0 brz-mt-xs-0 brz-tp-lg-paragraph brz-mb-lg-0 brz-css-lovTn\" data-uniq-id=\"btsbn\" data-generated-css=\"brz-css-vlsxn\"><a class=\"link--external\" href=\"https:\/\/drmakclinic.com\/fr\/procedures\/aesthetic-plastic-surgery\/lower-eyelid-surgery\/\" data-brz-link-type=\"external\">CHIRURGIE DES PAUPI\u00c8RES INF\u00c9RIEURES<\/a><\/li>\n<li class=\"brz-mt-lg-0 brz-mt-xs-0 brz-tp-lg-paragraph brz-mb-lg-0 brz-css-s1DRh\" data-uniq-id=\"qxgvq\" data-generated-css=\"brz-css-ljvfw\"><a class=\"link--external\" href=\"https:\/\/drmakclinic.com\/fr\/procedures\/aesthetic-plastic-surgery\/ear-surgery\/\" data-brz-link-type=\"external\">CHIRURGIE DE L&rsquo;OREILLE (OTOPLASTIE)<\/a><\/li>\n<li class=\"brz-mt-lg-0 brz-mt-xs-0 brz-tp-lg-paragraph brz-mb-lg-0 brz-css-pppku\" data-uniq-id=\"jhlet\" data-generated-css=\"brz-css-jyekp\"><a class=\"link--external\" href=\"https:\/\/drmakclinic.com\/fr\/procedures\/aesthetic-plastic-surgery\/lip-lift\/\" data-brz-link-type=\"external\">LIFTING DES L\u00caVRES<\/a><\/li>\n<li class=\"brz-mt-lg-0 brz-mt-xs-0 brz-tp-lg-paragraph brz-mb-lg-0 brz-css-rcC_T\" data-uniq-id=\"bxwez\" data-generated-css=\"brz-css-vxrrv\"><a class=\"link--external\" href=\"https:\/\/drmakclinic.com\/fr\/procedures\/aesthetic-plastic-surgery\/forehead-lift\/\" data-brz-link-type=\"external\">LIFTING FRONTAL<\/a><\/li>\n<\/ul>\n<\/div>\n<\/div>\n<\/div>\n<\/div>\n<\/div>\n<\/div>\n<\/div>\n<\/div>\n<\/div>\n<\/section>\n<section id=\"_asajdyajhtxvcvsezquqxbpxdqljxwuhhdbq\" class=\"brz-section brz-css-1ibujp6\">\n<div class=\"brz-section__content brz-section--boxed brz-css-1r6pf5a brz-css-jaaiqz\" data-brz-custom-id=\"qslrdghkgtrxpebzintlsmztsmnhbsgyedkx\">\n<div class=\"brz-bg\">\n<div class=\"brz-bg-color\"><\/div>\n<\/div>\n<div class=\"brz-container brz-css-1mmalbf\">\n<div class=\"brz-row__container brz-css-hcaffb brz-css-n9qnzg\" data-brz-custom-id=\"knsdgwbwpvpyscffjasxqqtadvmqdeqlwipj\">\n<div class=\"brz-bg\">\n<div class=\"brz-bg-color\"><\/div>\n<\/div>\n<div class=\"brz-row brz-css-1eobeov brz-css-1gz0fzp\">\n<div class=\"brz-columns brz-css-jn1fxk brz-css-1ww65zs\" data-brz-custom-id=\"lavclnowvspuoytyvurmnmwyljfwaslhxuno\">\n<div class=\"brz-bg\"><\/div>\n<div class=\"brz-column__items brz-css-6xumby\">\n<div id=\"\" class=\"brz-css-f63hpw brz-css-1rb42r1 brz-wrapper\">\n<div class=\"brz-image brz-css-p6aulx brz-css-ezdv1k\" data-brz-custom-id=\"ffhgeubrvspgtexvastvvepxielyhhxajgla\"><img decoding=\"async\" class=\"brz-img\" src=\"https:\/\/drmakclinic.com\/fr?brizy_media=wp-e81a77f093366acc8cc36a8806927494.png&amp;brizy_crop=original\" alt=\"\" loading=\"lazy\"><\/div>\n<\/div>\n<\/div>\n<\/div>\n<div class=\"brz-columns brz-css-jn1fxk brz-css-1f3p356\" data-brz-custom-id=\"ncdmblfhfpwcvhunhnbxvswxmbvwfctveyhb\">\n<div class=\"brz-column__items brz-css-6xumby brz-css-1eyax9e\">\n<div id=\"\" class=\"brz-css-f63hpw brz-css-rbwn76 brz-wrapper\">\n<div class=\"brz-rich-text brz-rich-text__custom brz-css-fz87be\" data-brz-custom-id=\"uxixfhvjfhgvorijandcwmqbdmtvjaeczkde\">\n<div data-brz-translate-text=\"1\">\n<p class=\"brz-mb-lg-0 brz-fss-lg-px brz-fw-lg-400 brz-ls-lg-m_0_5 brz-lh-lg-1_5 brz-tp-lg-empty brz-ff-ckyztbazucvfgxnrkwthfbuhnumrbfrmhags brz-ft-upload brz-fs-lg-48 brz-css-ei3DW\" data-uniq-id=\"iorev\" data-generated-css=\"brz-css-dbgat\">Corps<\/p>\n<\/div>\n<\/div>\n<\/div>\n<div id=\"\" class=\"brz-css-f63hpw brz-css-1ao60ax brz-wrapper\">\n<div class=\"brz-rich-text brz-rich-text__custom brz-css-fz87be\" data-brz-custom-id=\"iutrottygswhvivqtbdvkmkaloiwgttufhua\">\n<div data-brz-translate-text=\"1\">\n<p class=\"brz-tp-lg-empty brz-ff-izzivsxniqvyexslaslvwzgtgnghvrxuxiru brz-ft-upload brz-fs-lg-26 brz-fss-lg-px brz-fw-lg-400 brz-ls-lg-0 brz-lh-lg-1_9 brz-css-eZ_jS\" data-generated-css=\"brz-css-jgwxt\" data-uniq-id=\"bgwjp\">Choisissez votre proc\u00e9dure<\/p>\n<p class=\"brz-lh-lg-1_9 brz-ls-lg-0 brz-fw-lg-400 brz-fss-lg-px brz-fs-lg-26 brz-ft-upload brz-ff-izzivsxniqvyexslaslvwzgtgnghvrxuxiru brz-tp-lg-empty brz-css-duWW3\" data-generated-css=\"brz-css-qyfma\" data-uniq-id=\"lspnx\"><\/p>\n<ul>\n<li class=\"brz-lh-lg-1_9 brz-ls-lg-0 brz-fw-lg-400 brz-fss-lg-px brz-fs-lg-16 brz-ft-upload brz-ff-mruflzjvtzjxcnwqyqqtvvgobqvnixkyfskc brz-tp-lg-empty brz-css-n4sP5\" data-generated-css=\"brz-css-igndq\" data-uniq-id=\"noxjl\"><a class=\"link--external\" href=\"https:\/\/drmakclinic.com\/fr\/procedures\/aesthetic-plastic-surgery\/breast-uplift\/\" data-brz-link-type=\"external\">LIFTING DES SEINS<\/a><\/li>\n<li class=\"brz-tp-lg-paragraph brz-css-eoTCc\" data-generated-css=\"brz-css-meslm\" data-uniq-id=\"mtpsa\"><a class=\"link--external\" href=\"https:\/\/drmakclinic.com\/fr\/procedures\/aesthetic-plastic-surgery\/breast-implant\/\" data-brz-link-type=\"external\">IMPLANTS MAMMAIRES<\/a><\/li>\n<li class=\"brz-mt-lg-0 brz-mt-xs-0 brz-tp-lg-paragraph brz-mb-lg-0 brz-css-oqmMM\" data-uniq-id=\"yhamp\" data-generated-css=\"brz-css-aivhv\"><a class=\"link--external\" href=\"https:\/\/drmakclinic.com\/fr\/procedures\/aesthetic-plastic-surgery\/breast-reduction\/\" data-brz-link-type=\"external\">R\u00c9DUCTION MAMMAIRE<\/a><\/li>\n<li class=\"brz-mt-lg-0 brz-mt-xs-0 brz-tp-lg-paragraph brz-mb-lg-0 brz-css-jxcrn\" data-uniq-id=\"rqlgo\" data-generated-css=\"brz-css-hstvn\"><a class=\"link--external\" href=\"https:\/\/drmakclinic.com\/fr\/procedures\/aesthetic-plastic-surgery\/abdominoplasty\/\" data-brz-link-type=\"external\">ABDOMINOPLASTIE<\/a><\/li>\n<li class=\"brz-mt-lg-0 brz-mt-xs-0 brz-tp-lg-paragraph brz-mb-lg-0 brz-css-kVLnW\" data-uniq-id=\"zmshw\" data-generated-css=\"brz-css-upjdo\"><a class=\"link--external\" href=\"https:\/\/drmakclinic.com\/fr\/procedures\/aesthetic-plastic-surgery\/body-contouring-liposuction\/\" data-brz-link-type=\"external\">CONTOUR DU CORPS \u2013 LIPOSUCCION<\/a><\/li>\n<li class=\"brz-mt-lg-0 brz-mt-xs-0 brz-tp-lg-paragraph brz-mb-lg-0 brz-css-synXC\" data-uniq-id=\"sdpil\" data-generated-css=\"brz-css-vyiez\"><a class=\"link--external\" href=\"https:\/\/drmakclinic.com\/fr\/procedures\/aesthetic-plastic-surgery\/brachioplasty-armlift\/\" data-brz-link-type=\"external\">BRACHIOPLASTIE \u2013 LIFTING DES BRAS<\/a><\/li>\n<li class=\"brz-mt-lg-0 brz-mt-xs-0 brz-tp-lg-paragraph brz-mb-lg-0 brz-css-sQDef\" data-uniq-id=\"pxgjz\" data-generated-css=\"brz-css-jtnqn\"><a class=\"link--external\" href=\"https:\/\/drmakclinic.com\/fr\/procedures\/aesthetic-plastic-surgery\/thigh-lift\/\" data-brz-link-type=\"external\">LIFTING DES CUISSES<\/a><\/li>\n<li class=\"brz-mt-lg-0 brz-mt-xs-0 brz-tp-lg-paragraph brz-mb-lg-0 brz-css-osmiY\" data-uniq-id=\"duwpt\" data-generated-css=\"brz-css-opbfy\"><a class=\"link--external\" href=\"https:\/\/drmakclinic.com\/fr\/procedures\/aesthetic-plastic-surgery\/labiaplasty\/\" data-brz-link-type=\"external\">LABIAPLASTIE<\/a><\/li>\n<li class=\"brz-mt-lg-0 brz-mt-xs-0 brz-tp-lg-paragraph brz-mb-lg-0 brz-css-bxKh1\" data-uniq-id=\"mehjd\" data-generated-css=\"brz-css-fhitm\"><a class=\"link--external\" href=\"https:\/\/drmakclinic.com\/fr\/procedures\/aesthetic-plastic-surgery\/vaginoplasty\/\" data-brz-link-type=\"external\">VAGINOPLASTIE<\/a><\/li>\n<\/ul>\n<\/div>\n<\/div>\n<\/div>\n<\/div>\n<\/div>\n<\/div>\n<\/div>\n<\/div>\n<\/div>\n<\/section>\n<section id=\"_ftmpmkdcolifnvgxhuyhlzbaliljwdgzlfvr\" class=\"brz-section brz-css-1ibujp6\">\n<div class=\"brz-section__content brz-section--boxed brz-css-1r6pf5a brz-css-11rtbvi\" data-brz-custom-id=\"rabhzkgekhppowptmgxlttycfisqteskxgwd\">\n<div class=\"brz-bg\">\n<div class=\"brz-bg-color\"><\/div>\n<\/div>\n<div class=\"brz-container brz-css-1mmalbf\">\n<div class=\"brz-row__container brz-css-hcaffb brz-css-1cegpr6\" data-brz-custom-id=\"yrkgtorfvzmqowfbekvbtmjtjolbfvxtfiar\">\n<div class=\"brz-bg\">\n<div class=\"brz-bg-color\"><\/div>\n<\/div>\n<div class=\"brz-row brz-css-1eobeov brz-css-m007tm\">\n<div class=\"brz-columns brz-css-jn1fxk\" data-brz-custom-id=\"mutpomgtrnvocnepxhjtbzjtmuqiqeuricas\">\n<div class=\"brz-bg\"><\/div>\n<div class=\"brz-column__items brz-css-6xumby\">\n<div id=\"\" class=\"brz-css-f63hpw brz-css-jv0ob3 brz-wrapper\">\n<div class=\"brz-image brz-css-oecr4b brz-css-14m2485\" data-brz-custom-id=\"sifzdovzceqnwuzlgkyremrykcthariksrvj\"><img decoding=\"async\" class=\"brz-img\" src=\"https:\/\/drmakclinic.com\/fr?brizy_media=wp-df722f62f20a5fc85fbc14244e441956.png&amp;brizy_crop=original\" alt=\"\" loading=\"lazy\"><\/div>\n<\/div>\n<\/div>\n<\/div>\n<div class=\"brz-columns brz-css-jn1fxk brz-css-4eg7b2\" data-brz-custom-id=\"fbtwgibexcsotaynfcgxaojxthvwulnrudnb\">\n<div class=\"brz-column__items brz-css-6xumby brz-css-qmubtr\">\n<div id=\"\" class=\"brz-css-f63hpw brz-css-axlany brz-wrapper\">\n<div class=\"brz-rich-text brz-rich-text__custom brz-css-fz87be\" data-brz-custom-id=\"bencgtchpmfulcopbyncsmnzpxgmzyjcozoc\">\n<div data-brz-translate-text=\"1\">\n<p class=\"brz-fs-lg-48 brz-ft-upload brz-ff-ckyztbazucvfgxnrkwthfbuhnumrbfrmhags brz-tp-lg-empty brz-lh-lg-1_5 brz-ls-lg-m_0_5 brz-fw-lg-400 brz-fss-lg-px brz-mb-lg-0 brz-css-uhP3S\" data-generated-css=\"brz-css-uezsa\" data-uniq-id=\"uzxnr\">La peau<\/p>\n<\/div>\n<\/div>\n<\/div>\n<div id=\"\" class=\"brz-css-f63hpw brz-css-2zgaqe brz-wrapper\">\n<div class=\"brz-rich-text brz-rich-text__custom brz-css-fz87be\" data-brz-custom-id=\"qeuccjywzdvouuujgafajomfynwsixxkyswr\">\n<div data-brz-translate-text=\"1\">\n<p class=\"brz-lh-lg-1_9 brz-ls-lg-0 brz-fw-lg-400 brz-fss-lg-px brz-fs-lg-26 brz-ft-upload brz-ff-izzivsxniqvyexslaslvwzgtgnghvrxuxiru brz-tp-lg-empty brz-css-lWPBd\" data-uniq-id=\"nlkex\" data-generated-css=\"brz-css-jnsuc\">Choisissez votre proc\u00e9dure<\/p>\n<p class=\"brz-tp-lg-empty brz-ff-izzivsxniqvyexslaslvwzgtgnghvrxuxiru brz-ft-upload brz-fs-lg-26 brz-fss-lg-px brz-fw-lg-400 brz-ls-lg-0 brz-lh-lg-1_9 brz-css-qGKO5\" data-uniq-id=\"pcljl\" data-generated-css=\"brz-css-zohgy\"><\/p>\n<ul>\n<li class=\"brz-tp-lg-empty brz-ff-mruflzjvtzjxcnwqyqqtvvgobqvnixkyfskc brz-ft-upload brz-fs-lg-16 brz-fss-lg-px brz-fw-lg-400 brz-ls-lg-0 brz-lh-lg-1_9 brz-css-hj13H\" data-uniq-id=\"mdpge\" data-generated-css=\"brz-css-vkohg\"><a class=\"link--external\" href=\"https:\/\/drmakclinic.com\/fr\/procedures\/aesthetic-plastic-surgery\/fillers\/\" data-brz-link-type=\"external\">REMPLISSAGES<\/a><\/li>\n<li class=\"brz-tp-lg-paragraph brz-css-idl8I\" data-generated-css=\"brz-css-wttej\" data-uniq-id=\"owtim\"><a class=\"link--external\" href=\"https:\/\/drmakclinic.com\/fr\/procedures\/aesthetic-plastic-surgery\/botox\/\" data-brz-link-type=\"external\">BOTOX<\/a><\/li>\n<\/ul>\n<\/div>\n<\/div>\n<\/div>\n<\/div>\n<\/div>\n<\/div>\n<\/div>\n<\/div>\n<\/div>\n<\/section>\n<section id=\"_ebznpirujtomnyysavlxcacolbtqdekpmnak\" class=\"brz-section brz-css-1ibujp6\">\n<div class=\"brz-section__content brz-section--boxed brz-css-1r6pf5a brz-css-nj4xug\" data-brz-custom-id=\"jpsoqbqrxkjbtqtswbhbicnndnqiorsdrpaq\">\n<div class=\"brz-bg\">\n<div class=\"brz-bg-color\"><\/div>\n<\/div>\n<div class=\"brz-container brz-css-1mmalbf\">\n<div class=\"brz-row__container brz-css-hcaffb brz-css-dhorwv\" data-brz-custom-id=\"tdiqtwoewbbebrneqheigyxxcwulrwfbscxs\">\n<div class=\"brz-bg\">\n<div class=\"brz-bg-color\"><\/div>\n<\/div>\n<div class=\"brz-row brz-css-1eobeov brz-css-raqwlh\">\n<div class=\"brz-columns brz-css-jn1fxk\" data-brz-custom-id=\"vvjdjktesymvpgfgvsjcricdbfgzvaipkppf\">\n<div class=\"brz-bg\"><\/div>\n<div class=\"brz-column__items brz-css-6xumby\">\n<div id=\"\" class=\"brz-css-f63hpw brz-css-v4rfbf brz-wrapper\">\n<div class=\"brz-image brz-css-34t211 brz-css-1ehkllp\" data-brz-custom-id=\"emxxzclavgmrnuuarbwwzqmqslnawxamntkt\"><img decoding=\"async\" class=\"brz-img\" src=\"https:\/\/drmakclinic.com\/fr?brizy_media=wp-4e6b90b56d6e59bcf5b79484ef52a09f.png&amp;brizy_crop=iW%3D569%26iH%3D380%26oX%3D32%26oY%3D0%26cW%3D506%26cH%3D380\" alt=\"\" loading=\"lazy\"><\/div>\n<\/div>\n<\/div>\n<\/div>\n<div class=\"brz-columns brz-css-jn1fxk brz-css-1i8nhbe\" data-brz-custom-id=\"jddjfdqoekcjzeefpumcbbsqviavsnpsbenv\">\n<div class=\"brz-column__items brz-css-6xumby brz-css-1brsuza\">\n<div id=\"\" class=\"brz-css-f63hpw brz-css-1ykwovl brz-wrapper\">\n<div class=\"brz-rich-text brz-rich-text__custom brz-css-fz87be\" data-brz-custom-id=\"goaosnwoykzevbfpstpwpxdgyfmvtwcjfwfx\">\n<div data-brz-translate-text=\"1\">\n<p class=\"brz-mb-lg-0 brz-fss-lg-px brz-fw-lg-400 brz-ls-lg-m_0_5 brz-lh-lg-1_5 brz-tp-lg-empty brz-ff-ckyztbazucvfgxnrkwthfbuhnumrbfrmhags brz-ft-upload brz-fs-lg-48 brz-css-o9UCV\" data-uniq-id=\"zuzbs\" data-generated-css=\"brz-css-ixnqb\">Hommes<\/p>\n<\/div>\n<\/div>\n<\/div>\n<div id=\"\" class=\"brz-css-f63hpw brz-css-1r9wuds brz-wrapper\">\n<div class=\"brz-rich-text brz-rich-text__custom brz-css-fz87be\" data-brz-custom-id=\"fhdvokilcgawoohejhwthcjkxotbwlvdawpk\">\n<div data-brz-translate-text=\"1\">\n<p class=\"brz-lh-lg-1_9 brz-ls-lg-0 brz-fw-lg-400 brz-fss-lg-px brz-fs-lg-26 brz-ft-upload brz-ff-izzivsxniqvyexslaslvwzgtgnghvrxuxiru brz-tp-lg-empty brz-css-se5Mx\" data-uniq-id=\"vejqk\" data-generated-css=\"brz-css-epmyy\">Choisissez votre proc\u00e9dure<\/p>\n<p class=\"brz-tp-lg-empty brz-ff-izzivsxniqvyexslaslvwzgtgnghvrxuxiru brz-ft-upload brz-fs-lg-26 brz-fss-lg-px brz-fw-lg-400 brz-ls-lg-0 brz-lh-lg-1_9 brz-css-opRFg\" data-uniq-id=\"goxdj\" data-generated-css=\"brz-css-ycnco\"><\/p>\n<ul>\n<li class=\"brz-tp-lg-empty brz-ff-mruflzjvtzjxcnwqyqqtvvgobqvnixkyfskc brz-ft-upload brz-fs-lg-16 brz-fss-lg-px brz-fw-lg-400 brz-ls-lg-0 brz-lh-lg-1_9 brz-css-kGQC3\" data-uniq-id=\"fjcgf\" data-generated-css=\"brz-css-vturx\"><a class=\"link--external\" href=\"https:\/\/drmakclinic.com\/fr\/procedures\/aesthetic-plastic-surgery\/gynecomastia\/\" data-brz-link-type=\"external\">GYN\u00c9COMASTIE<\/a><\/li>\n<li class=\"brz-tp-lg-paragraph brz-css-lnTBy\" data-generated-css=\"brz-css-grcxp\" data-uniq-id=\"urvrm\"><a class=\"link--external\" href=\"https:\/\/drmakclinic.com\/fr\/procedures\/aesthetic-plastic-surgery\/penis-enlargement\/\" data-brz-link-type=\"external\">AGRANDISSEMENT DU P\u00c9NIS<\/a><\/li>\n<\/ul>\n<\/div>\n<\/div>\n<\/div>\n<\/div>\n<\/div>\n<\/div>\n<\/div>\n<\/div>\n<\/div>\n<\/section>\n<\/div>\n<p>    <!-- version:1738156891 --><\/p>\n","protected":false},"excerpt":{"rendered":"<p>La chirurgie plastique Visage Choisissez votre proc\u00e9dure LIFTING DU VISAGE RHINOPLASTIE DE R\u00c9VISION CHIRURGIE DES PAUPI\u00c8RES SUP\u00c9RIEURES (BL\u00c9PHAROPLASTIE) CHIRURGIE DES PAUPI\u00c8RES INF\u00c9RIEURES CHIRURGIE DE L&rsquo;OREILLE (OTOPLASTIE) LIFTING DES L\u00caVRES LIFTING FRONTAL Corps Choisissez votre proc\u00e9dure LIFTING DES SEINS IMPLANTS MAMMAIRES R\u00c9DUCTION MAMMAIRE ABDOMINOPLASTIE CONTOUR DU CORPS \u2013 LIPOSUCCION BRACHIOPLASTIE \u2013 LIFTING DES BRAS LIFTING DES [&hellip;]<\/p>\n","protected":false},"author":1,"featured_media":0,"parent":1034,"menu_order":0,"comment_status":"closed","ping_status":"closed","template":"","meta":{"footnotes":""},"class_list":["post-1038","page","type-page","status-publish","hentry"],"blocksy_meta":{"styles_descriptor":{"styles":{"desktop":"","tablet":"","mobile":""},"google_fonts":[],"version":6}},"_links":{"self":[{"href":"https:\/\/drmakclinic.com\/fr\/wp-json\/wp\/v2\/pages\/1038","targetHints":{"allow":["GET"]}}],"collection":[{"href":"https:\/\/drmakclinic.com\/fr\/wp-json\/wp\/v2\/pages"}],"about":[{"href":"https:\/\/drmakclinic.com\/fr\/wp-json\/wp\/v2\/types\/page"}],"author":[{"embeddable":true,"href":"https:\/\/drmakclinic.com\/fr\/wp-json\/wp\/v2\/users\/1"}],"replies":[{"embeddable":true,"href":"https:\/\/drmakclinic.com\/fr\/wp-json\/wp\/v2\/comments?post=1038"}],"version-history":[{"count":0,"href":"https:\/\/drmakclinic.com\/fr\/wp-json\/wp\/v2\/pages\/1038\/revisions"}],"up":[{"embeddable":true,"href":"https:\/\/drmakclinic.com\/fr\/wp-json\/wp\/v2\/pages\/1034"}],"wp:attachment":[{"href":"https:\/\/drmakclinic.com\/fr\/wp-json\/wp\/v2\/media?parent=1038"}],"curies":[{"name":"wp","href":"https:\/\/api.w.org\/{rel}","templated":true}]}}