{"id":1047,"date":"2022-08-28T20:45:13","date_gmt":"2022-08-28T17:45:13","guid":{"rendered":"https:\/\/drmakclinic.com\/?page_id=1047"},"modified":"2025-01-29T14:42:58","modified_gmt":"2025-01-29T11:42:58","slug":"botox","status":"publish","type":"page","link":"https:\/\/drmakclinic.com\/fr\/procedures\/aesthetic-plastic-surgery\/botox\/","title":{"rendered":"Botox"},"content":{"rendered":"<div class=\"brz-root__container brz-reset-all brz brz-root__container-page\">\n<section id=\"_obbswaorvicnfoslmyibknzwktzohricxpto\" class=\"brz-section brz-css-19nbthz\">\n<div class=\"brz-section__content brz-section--boxed brz-css-1bo6cv2 brz-css-1flaxlm\" data-brz-custom-id=\"mgavugsxsqxlkwioutdixvhkfvagzmfqsljf\">\n<div class=\"brz-bg\">\n<div class=\"brz-bg-color\"><\/div>\n<\/div>\n<div class=\"brz-container brz-css-1atg6e1\">\n<div class=\"brz-row__container brz-css-jhwt3s\" data-brz-custom-id=\"ddknpkisvrfpkabbmkfhjydkkbqkwgdzfntj\">\n<div class=\"brz-bg\"><\/div>\n<div class=\"brz-row brz-css-1ytwvk5 brz-css-6ufm41\">\n<div class=\"brz-columns brz-css-1uhwbz brz-css-19ac31z\" data-brz-custom-id=\"ssugldjzbpcddkhnwtxdlwdwvqhcrfrgmoly\">\n<div class=\"brz-bg\"><\/div>\n<div class=\"brz-column__items brz-css-17olxys\">\n<div id=\"\" class=\"brz-css-mhhn0u brz-wrapper\">\n<div class=\"brz-icon-text brz-css-chxj4p brz-css-1iogx01\" data-brz-custom-id=\"sljudnvcbixumrbjeowokdkrzikaecvitgdi\">\n<div class=\"brz-icon__container\" data-brz-custom-id=\"jkolmkxakuqqgcdcccguksfwbzfklliybdeo\"><span class=\"brz-icon brz-span brz-css-n763be brz-css-vbgivv\"><\/span><\/div>\n<div class=\"brz-text-btn\">\n<div class=\"brz-rich-text brz-rich-text__custom brz-css-1nzvbd2\" data-brz-custom-id=\"njyljybyzlbvyrduantmsgbmjkxyqjxlntzk\">\n<div data-brz-translate-text=\"1\">\n<p class=\"brz-lh-lg-1 brz-ls-lg-0 brz-fw-lg-400 brz-fss-lg-px brz-fs-lg-66 brz-ft-upload brz-ff-izzivsxniqvyexslaslvwzgtgnghvrxuxiru brz-tp-lg-empty brz-css-crGfq\" data-generated-css=\"brz-css-svhvf\" data-uniq-id=\"yvxbf\"><span>BOTOX<\/span><\/p>\n<\/div>\n<\/div>\n<\/div>\n<\/div>\n<\/div>\n<\/div>\n<\/div>\n<\/div>\n<\/div>\n<\/div>\n<\/div>\n<\/section>\n<section id=\"_beaibodeltflgtjazsgakwzgbxmcyepjjpfn\" class=\"brz-section brz-css-19nbthz\">\n<div class=\"brz-section__content brz-section--boxed brz-css-1bo6cv2 brz-css-5ibl1b\" data-brz-custom-id=\"gwtjjptuqxxxkzozwkklechtdkspewezwcwh\">\n<div class=\"brz-bg\">\n<div class=\"brz-bg-color\"><\/div>\n<\/div>\n<div class=\"brz-container brz-css-1atg6e1\">\n<div id=\"\" class=\"brz-css-mhhn0u brz-wrapper\">\n<div class=\"brz-line brz-line-default brz-css-1yr6595 brz-css-1vpsa9b\" data-brz-custom-id=\"cjrznazmxyjtnyyozgacztkrnrbdbrffzwvi\">\n<hr class=\"brz-hr\"><\/div>\n<\/div>\n<div class=\"brz-row__container brz-css-jhwt3s\" data-brz-custom-id=\"ztdrjtcbeuddaoldcnnfddqifauvnbfviieu\">\n<div class=\"brz-bg\"><\/div>\n<div class=\"brz-row brz-css-1ytwvk5 brz-css-1xwm1xh\">\n<div class=\"brz-columns brz-css-1uhwbz brz-css-1mbnwqc\" data-brz-custom-id=\"quyeqyhbksrmpnquocypnijthpbwojjkytnw\">\n<div class=\"brz-bg\"><\/div>\n<div class=\"brz-column__items brz-css-17olxys brz-css-15h6k2v\">\n<div id=\"\" class=\"brz-css-mhhn0u brz-css-17ec998 brz-wrapper\">\n<div class=\"brz-rich-text brz-rich-text__custom brz-css-1nzvbd2\" data-brz-custom-id=\"jtixkjknrhdktrjbdoslybckjbtxmqpahcfd\">\n<div data-brz-translate-text=\"1\">\n<p class=\"brz-lh-lg-1_5 brz-ls-lg-1_1 brz-fw-lg-700 brz-fss-lg-px brz-fs-lg-13 brz-ft-google brz-ff-manrope brz-tp-lg-empty brz-css-xojpT\" data-generated-css=\"brz-css-ytzso\" data-uniq-id=\"rgfli\"><span class=\"brz-capitalize-on\">BOTOX<\/span><\/p>\n<\/div>\n<\/div>\n<\/div>\n<div id=\"\" class=\"brz-css-mhhn0u brz-css-1wsu7z6 brz-wrapper\">\n<div class=\"brz-rich-text brz-rich-text__custom brz-css-1nzvbd2\" data-brz-custom-id=\"otrrljybgntcelwqzhqswaosoypxroocqjit\">\n<div data-brz-translate-text=\"1\">\n<p class=\"brz-lh-lg-1_3 brz-tp-lg-empty brz-ff-ckyztbazucvfgxnrkwthfbuhnumrbfrmhags brz-ft-upload brz-fs-lg-36 brz-fss-lg-px brz-fw-lg-400 brz-ls-lg-0 brz-css-hitos\" data-uniq-id=\"vpyix\" data-generated-css=\"brz-css-bznal\"><span>BOTOX restaure avec succ\u00e8s un visage jeune et plus esth\u00e9tique, am\u00e9liorant efficacement les signes du vieillissement.<\/span><\/p>\n<\/div>\n<\/div>\n<\/div>\n<div id=\"\" class=\"brz-css-mhhn0u brz-css-1l76rhy brz-wrapper\">\n<div class=\"brz-spacer brz-css-15ww5k7 brz-css-1i7r6o8\"><\/div>\n<\/div>\n<div id=\"\" class=\"brz-css-mhhn0u brz-css-md76uw brz-wrapper\">\n<div class=\"brz-rich-text brz-rich-text__custom brz-css-1nzvbd2\" data-brz-custom-id=\"ctlbzvvwleenuihuulsghpgqdukxjwlacnom\">\n<div data-brz-translate-text=\"1\">\n<p class=\"brz-tp-lg-empty brz-ff-manrope brz-ft-google brz-fs-lg-16 brz-fss-lg-px brz-fw-lg-400 brz-ls-lg-0 brz-lh-lg-1_9 brz-css-vDzSJ\" data-uniq-id=\"cnpxi\" data-generated-css=\"brz-css-wfqmz\"><span>\u00c0 la clinique Dr Mak, nous utilisons le botox pour r\u00e9duire et traiter les rides et ridules du visage.<\/span><\/p>\n<\/div>\n<\/div>\n<\/div>\n<div id=\"\" class=\"brz-css-mhhn0u brz-css-1l76rhy brz-wrapper\">\n<div class=\"brz-spacer brz-css-15ww5k7 brz-css-1q4a11z\"><\/div>\n<\/div>\n<div id=\"\" class=\"brz-css-mhhn0u brz-css-rr45lc brz-wrapper\">\n<div class=\"brz-rich-text brz-rich-text__custom brz-css-1nzvbd2\" data-brz-custom-id=\"zqhfqplldrvvkoqxxgihlowujgqbaqtfbjve\">\n<div data-brz-translate-text=\"1\">\n<p class=\"brz-lh-lg-1_9 brz-ls-lg-0 brz-fw-lg-400 brz-fss-lg-px brz-fs-lg-22 brz-ft-upload brz-ff-ckyztbazucvfgxnrkwthfbuhnumrbfrmhags brz-tp-lg-empty brz-mb-lg-24 brz-css-mtzk7\" data-uniq-id=\"vwsqb\" data-generated-css=\"brz-css-ywklv\"><span>Principales zones du visage \u00e0 traiter avec le BOTOX !<\/span><\/p>\n<\/div>\n<\/div>\n<\/div>\n<div id=\"\" class=\"brz-css-mhhn0u brz-css-1fe9wyr brz-wrapper\">\n<div class=\"brz-icon-text brz-css-chxj4p\" data-brz-custom-id=\"dmfmtmaghthnjlmroxfpojqvvnnzlpyxoszt\">\n<div class=\"brz-icon__container\" data-brz-custom-id=\"dyydaxpqxeaiaadugibnulqowtougmlcfedh\"><span class=\"brz-icon brz-span brz-css-n763be brz-css-1qistrd\"><\/span><\/div>\n<div class=\"brz-text-btn\">\n<div class=\"brz-rich-text brz-rich-text__custom brz-css-1nzvbd2\" data-brz-custom-id=\"iwgoyssusrjpohuxmqgfvkfrlogvgrhimqyl\">\n<div data-brz-translate-text=\"1\">\n<p class=\"brz-lh-lg-1_3 brz-fw-xs-400 brz-fw-sm-400 brz-fw-lg-400 brz-ft-google brz-ff-arimo brz-ls-xs-0 brz-ls-sm-0 brz-ls-lg-0 brz-fs-xs-17 brz-fs-sm-17 brz-fs-lg-18 brz-lh-sm-1_4 brz-lh-xs-1_4 brz-css-fQ0xC\" data-generated-css=\"brz-css-fmirq\" data-uniq-id=\"mhmqk\"><span>Botox pour les rides du front<\/span><\/p>\n<\/div>\n<\/div>\n<\/div>\n<\/div>\n<\/div>\n<div id=\"\" class=\"brz-css-mhhn0u brz-css-1l76rhy brz-wrapper\">\n<div class=\"brz-spacer brz-css-15ww5k7 brz-css-26fb75\"><\/div>\n<\/div>\n<div id=\"\" class=\"brz-css-mhhn0u brz-css-1301u9t brz-wrapper\">\n<div class=\"brz-icon-text brz-css-chxj4p\" data-brz-custom-id=\"lofaaxexxjcuvtexllasrkczpcvsicynowxp\">\n<div class=\"brz-icon__container\" data-brz-custom-id=\"qzkynvpoybxezuznnjdbmymdaoklqlmuvtuk\"><span class=\"brz-icon brz-span brz-css-n763be brz-css-1a67smi\"><\/span><\/div>\n<div class=\"brz-text-btn\">\n<div class=\"brz-rich-text brz-rich-text__custom brz-css-1nzvbd2\" data-brz-custom-id=\"blaxjzfoihxmbfdxibpulxqsbprmcbnpwtdb\">\n<div data-brz-translate-text=\"1\">\n<p class=\"brz-lh-xs-1_4 brz-fs-lg-18 brz-fs-sm-17 brz-fs-xs-17 brz-ls-lg-0 brz-ls-sm-0 brz-ls-xs-0 brz-ff-arimo brz-ft-google brz-fw-lg-400 brz-fw-sm-400 brz-fw-xs-400 brz-lh-lg-1_3 brz-lh-sm-1_4 brz-css-kPcZG\" data-generated-css=\"brz-css-qrvyk\" data-uniq-id=\"hyirk\"><span>Botox pour les pattes d&rsquo;oie &#8211; Lignes sur les deux tiers sup\u00e9rieurs de l&rsquo;\u0153il lat\u00e9ral.<\/span><\/p>\n<\/div>\n<\/div>\n<\/div>\n<\/div>\n<\/div>\n<div id=\"\" class=\"brz-css-mhhn0u brz-css-1l76rhy brz-wrapper\">\n<div class=\"brz-spacer brz-css-15ww5k7 brz-css-1d3lo4t\"><\/div>\n<\/div>\n<div id=\"\" class=\"brz-css-mhhn0u brz-css-16gj1vw brz-wrapper\">\n<div class=\"brz-icon-text brz-css-chxj4p\" data-brz-custom-id=\"lwpvigkmkikdpodnybwbqdkvzlidocwcnmrl\">\n<div class=\"brz-icon__container\" data-brz-custom-id=\"egjpedsloomdfaljcqnouuwcpwobtwrupabb\"><span class=\"brz-icon brz-span brz-css-n763be brz-css-yf0vio\"><\/span><\/div>\n<div class=\"brz-text-btn\">\n<div class=\"brz-rich-text brz-rich-text__custom brz-css-1nzvbd2\" data-brz-custom-id=\"pybwdyfvtbdzzjhhasjdvcxdbkjtuysxkwfr\">\n<div data-brz-translate-text=\"1\">\n<p class=\"brz-lh-xs-1_4 brz-fs-lg-18 brz-fs-sm-17 brz-fs-xs-17 brz-ls-lg-0 brz-ls-sm-0 brz-ls-xs-0 brz-ff-arimo brz-ft-google brz-fw-lg-400 brz-fw-sm-400 brz-fw-xs-400 brz-lh-lg-1_3 brz-lh-sm-1_4 brz-css-tqpQf\" data-generated-css=\"brz-css-tvrfo\" data-uniq-id=\"tzfvu\"><span>Botox pour les rides du lion<\/span><\/p>\n<\/div>\n<\/div>\n<\/div>\n<\/div>\n<\/div>\n<div id=\"\" class=\"brz-css-mhhn0u brz-css-1l76rhy brz-wrapper\">\n<div class=\"brz-spacer brz-css-15ww5k7 brz-css-1gompeu\"><\/div>\n<\/div>\n<div id=\"\" class=\"brz-css-mhhn0u brz-css-vkcq2v brz-wrapper\">\n<div class=\"brz-icon-text brz-css-chxj4p\" data-brz-custom-id=\"cdqaklguyicgrtybhjgqnvmlmyfxzhwaqdhm\">\n<div class=\"brz-icon__container\" data-brz-custom-id=\"bxwgfyqcyimxxvjpshxokhqbqbpggkvjeaaj\"><span class=\"brz-icon brz-span brz-css-n763be brz-css-1yuhs3r\"><\/span><\/div>\n<div class=\"brz-text-btn\">\n<div class=\"brz-rich-text brz-rich-text__custom brz-css-1nzvbd2\" data-brz-custom-id=\"kuhazdpmywnajdooprqunytqemsdedixphqi\">\n<div data-brz-translate-text=\"1\">\n<p class=\"brz-lh-sm-1_4 brz-lh-lg-1_3 brz-fw-xs-400 brz-fw-sm-400 brz-fw-lg-400 brz-ft-google brz-ff-arimo brz-ls-xs-0 brz-ls-sm-0 brz-ls-lg-0 brz-fs-xs-17 brz-fs-sm-17 brz-fs-lg-18 brz-lh-xs-1_4 brz-css-tIwRi\" data-generated-css=\"brz-css-fogrf\" data-uniq-id=\"beacw\"><span>Botox pour les lignes de lapin<\/span><\/p>\n<\/div>\n<\/div>\n<\/div>\n<\/div>\n<\/div>\n<div id=\"\" class=\"brz-css-mhhn0u brz-css-1l76rhy brz-wrapper\">\n<div class=\"brz-spacer brz-css-15ww5k7 brz-css-zh40vs\"><\/div>\n<\/div>\n<div id=\"\" class=\"brz-css-mhhn0u brz-css-1xtl6jo brz-wrapper\">\n<div class=\"brz-icon-text brz-css-chxj4p\" data-brz-custom-id=\"nlvtnfikivfdgmqvweqsejfvxzlsvmsvaykk\">\n<div class=\"brz-icon__container\" data-brz-custom-id=\"zvqjojouyolubwwlapdirrtiizckahbcewob\"><span class=\"brz-icon brz-span brz-css-n763be brz-css-1usmd8n\"><\/span><\/div>\n<div class=\"brz-text-btn\">\n<div class=\"brz-rich-text brz-rich-text__custom brz-css-1nzvbd2\" data-brz-custom-id=\"mjpsnarsljpalklyxhjtfckfwugnabdeunjl\">\n<div data-brz-translate-text=\"1\">\n<p class=\"brz-lh-xs-1_4 brz-fs-lg-18 brz-fs-sm-17 brz-fs-xs-17 brz-ls-lg-0 brz-ls-sm-0 brz-ls-xs-0 brz-ff-arimo brz-ft-google brz-fw-lg-400 brz-fw-sm-400 brz-fw-xs-400 brz-lh-lg-1_3 brz-lh-sm-1_4 brz-css-g7bp_\" data-uniq-id=\"nknmh\" data-generated-css=\"brz-css-obbjz\"><span>Botox pour les bosses du menton<\/span><\/p>\n<\/div>\n<\/div>\n<\/div>\n<\/div>\n<\/div>\n<div id=\"\" class=\"brz-css-mhhn0u brz-css-1l76rhy brz-wrapper\">\n<div class=\"brz-spacer brz-css-15ww5k7 brz-css-l91vw6\"><\/div>\n<\/div>\n<div id=\"\" class=\"brz-css-mhhn0u brz-css-23y53g brz-wrapper\">\n<div class=\"brz-icon-text brz-css-chxj4p\" data-brz-custom-id=\"mucyxnmibzxoeujqptkkmeqjvzzqwziwrqzw\">\n<div class=\"brz-icon__container\" data-brz-custom-id=\"lfiwgguhejgizwmktjasrkimjbutvneskzyz\"><span class=\"brz-icon brz-span brz-css-n763be brz-css-5cojrj\"><\/span><\/div>\n<div class=\"brz-text-btn\">\n<div class=\"brz-rich-text brz-rich-text__custom brz-css-1nzvbd2\" data-brz-custom-id=\"dvhuaeaoatyjjbknqbcfvljufugfqdzlucpn\">\n<div data-brz-translate-text=\"1\">\n<p class=\"brz-lh-xs-1_4 brz-fs-lg-18 brz-fs-sm-17 brz-fs-xs-17 brz-ls-lg-0 brz-ls-sm-0 brz-ls-xs-0 brz-ff-arimo brz-ft-google brz-fw-lg-400 brz-fw-sm-400 brz-fw-xs-400 brz-lh-lg-1_3 brz-lh-sm-1_4 brz-css-qdifx\" data-uniq-id=\"tttwk\" data-generated-css=\"brz-css-xzzdm\"><span>Botox pour les muscles mass\u00e9ters<\/span><\/p>\n<\/div>\n<\/div>\n<\/div>\n<\/div>\n<\/div>\n<div id=\"\" class=\"brz-css-mhhn0u brz-css-1l76rhy brz-wrapper\">\n<div class=\"brz-spacer brz-css-15ww5k7 brz-css-n3e2mf\"><\/div>\n<\/div>\n<div id=\"\" class=\"brz-css-mhhn0u brz-css-1qfctgv brz-wrapper\">\n<div class=\"brz-icon-text brz-css-chxj4p\" data-brz-custom-id=\"wtlsdttsdnuzyknxjutebcavwokjmorwhevp\">\n<div class=\"brz-icon__container\" data-brz-custom-id=\"oyrdkxkrebotrsgxfhuepygmohgmpgrwicgr\"><span class=\"brz-icon brz-span brz-css-n763be brz-css-11tqjl9\"><\/span><\/div>\n<div class=\"brz-text-btn\">\n<div class=\"brz-rich-text brz-rich-text__custom brz-css-1nzvbd2\" data-brz-custom-id=\"bgvuuhhmzffkubbqglpevwpjazbkxxiwgbzp\">\n<div data-brz-translate-text=\"1\">\n<p class=\"brz-lh-xs-1_4 brz-fs-lg-18 brz-fs-sm-17 brz-fs-xs-17 brz-ls-lg-0 brz-ls-sm-0 brz-ls-xs-0 brz-ff-arimo brz-ft-google brz-fw-lg-400 brz-fw-sm-400 brz-fw-xs-400 brz-lh-lg-1_3 brz-lh-sm-1_4 brz-css-rOT6f\" data-uniq-id=\"esdeq\" data-generated-css=\"brz-css-snkoq\"><span>Botox pour le lifting des sourcils<\/span><\/p>\n<\/div>\n<\/div>\n<\/div>\n<\/div>\n<\/div>\n<div id=\"\" class=\"brz-css-mhhn0u brz-css-1l76rhy brz-wrapper\">\n<div class=\"brz-spacer brz-css-15ww5k7 brz-css-5zxapu\"><\/div>\n<\/div>\n<div id=\"\" class=\"brz-css-mhhn0u brz-css-8vlqq6 brz-wrapper\">\n<div class=\"brz-icon-text brz-css-chxj4p\" data-brz-custom-id=\"bsoeeuxyujrlljtidrbbpwqskixqodidzvvy\">\n<div class=\"brz-icon__container\" data-brz-custom-id=\"touokbgrsnbkghvqlkfqrvugkngpormpouhb\"><span class=\"brz-icon brz-span brz-css-n763be brz-css-1rpxyt8\"><\/span><\/div>\n<div class=\"brz-text-btn\">\n<div class=\"brz-rich-text brz-rich-text__custom brz-css-1nzvbd2\" data-brz-custom-id=\"vugtudzrgceollhupqumbclaxlufuoyyxlkd\">\n<div data-brz-translate-text=\"1\">\n<p class=\"brz-lh-xs-1_4 brz-fs-lg-18 brz-fs-sm-17 brz-fs-xs-17 brz-ls-lg-0 brz-ls-sm-0 brz-ls-xs-0 brz-ff-arimo brz-ft-google brz-fw-lg-400 brz-fw-sm-400 brz-fw-xs-400 brz-lh-lg-1_3 brz-lh-sm-1_4 brz-css-uj6yv\" data-uniq-id=\"bzlrp\" data-generated-css=\"brz-css-dtycp\"><span>Botox pour un sourire gommeux<\/span><\/p>\n<\/div>\n<\/div>\n<\/div>\n<\/div>\n<\/div>\n<div id=\"\" class=\"brz-css-mhhn0u brz-css-1l76rhy brz-wrapper\">\n<div class=\"brz-spacer brz-css-15ww5k7 brz-css-1o7j0w3\"><\/div>\n<\/div>\n<div id=\"\" class=\"brz-css-mhhn0u brz-css-43r2o3 brz-wrapper\">\n<div class=\"brz-icon-text brz-css-chxj4p\" data-brz-custom-id=\"cjmqwsnijyrtdgfyfdgexxodhgejcueysmyh\">\n<div class=\"brz-icon__container\" data-brz-custom-id=\"zbzfeudxalsehqkzuphvescougkemkkwyhsj\"><span class=\"brz-icon brz-span brz-css-n763be brz-css-1msaxud\"><\/span><\/div>\n<div class=\"brz-text-btn\">\n<div class=\"brz-rich-text brz-rich-text__custom brz-css-1nzvbd2\" data-brz-custom-id=\"qeiugprcirhzecgxieopwrvvkxphifgpavfx\">\n<div data-brz-translate-text=\"1\">\n<p class=\"brz-lh-xs-1_4 brz-fs-lg-18 brz-fs-sm-17 brz-fs-xs-17 brz-ls-lg-0 brz-ls-sm-0 brz-ls-xs-0 brz-ff-arimo brz-ft-google brz-fw-lg-400 brz-fw-sm-400 brz-fw-xs-400 brz-lh-lg-1_3 brz-lh-sm-1_4 brz-css-iLedT\" data-uniq-id=\"cjiue\" data-generated-css=\"brz-css-kmoia\"><span>Botox pour l&rsquo;hyperhidrose<\/span><\/p>\n<\/div>\n<\/div>\n<\/div>\n<\/div>\n<\/div>\n<div id=\"\" class=\"brz-css-mhhn0u brz-css-1l76rhy brz-wrapper\">\n<div class=\"brz-spacer brz-css-15ww5k7 brz-css-1s6xi7x\"><\/div>\n<\/div>\n<div id=\"\" class=\"brz-css-mhhn0u brz-css-2cykrx brz-wrapper\">\n<div class=\"brz-icon-text brz-css-chxj4p\" data-brz-custom-id=\"qkaiwatgdfiwdqaaxuntgrmqocgzmnhpuktn\">\n<div class=\"brz-icon__container\" data-brz-custom-id=\"mwjssxnygigmtnnsyehtundfqgncxcirplad\"><span class=\"brz-icon brz-span brz-css-n763be brz-css-1rbxjl6\"><\/span><\/div>\n<div class=\"brz-text-btn\">\n<div class=\"brz-rich-text brz-rich-text__custom brz-css-1nzvbd2\" data-brz-custom-id=\"vocfveapjddwtvmvspxbyhqncbvspnsbqvfl\">\n<div data-brz-translate-text=\"1\">\n<p class=\"brz-lh-sm-1_4 brz-lh-lg-1_3 brz-fw-xs-400 brz-fw-sm-400 brz-fw-lg-400 brz-ft-google brz-ff-arimo brz-ls-xs-0 brz-ls-sm-0 brz-ls-lg-0 brz-fs-xs-17 brz-fs-sm-17 brz-fs-lg-18 brz-lh-xs-1_4 brz-css-grJRI\" data-generated-css=\"brz-css-rqiwr\" data-uniq-id=\"djqsx\"><span>Botox pour les l\u00e8vres<\/span><\/p>\n<\/div>\n<\/div>\n<\/div>\n<\/div>\n<\/div>\n<div id=\"\" class=\"brz-css-mhhn0u brz-css-1l76rhy brz-wrapper\">\n<div class=\"brz-spacer brz-css-15ww5k7 brz-css-1iq7nba\"><\/div>\n<\/div>\n<\/div>\n<\/div>\n<div class=\"brz-columns brz-css-1uhwbz brz-css-l5ztjl\" data-brz-custom-id=\"gphmayhpjwqjvtweasbxevczvjbitkvtpqil\">\n<div class=\"brz-bg\"><\/div>\n<div class=\"brz-column__items brz-css-17olxys brz-css-vqtknv\">\n<div id=\"\" class=\"brz-css-mhhn0u brz-css-ot00td brz-wrapper\">\n<div class=\"brz-image brz-css-1vlx7gn brz-css-1jf10mp\" data-brz-custom-id=\"amhvxhktlordfyuayjizlpidtdyhltukbmiu\"><img decoding=\"async\" class=\"brz-img\" src=\"https:\/\/drmakclinic.com\/fr?brizy_media=wp-3e6d5ec9ec1ea1eeb6d13c87c31c6340.png&amp;brizy_crop=original\" alt=\"\" loading=\"lazy\"><\/div>\n<\/div>\n<\/div>\n<\/div>\n<\/div>\n<\/div>\n<\/div>\n<\/div>\n<\/section>\n<section id=\"_dzfqgxfrjzzwjrurszlmftyttxcfkvxqlnoa\" class=\"brz-section brz-css-19nbthz\">\n<div class=\"brz-section__content brz-section--boxed brz-css-1bo6cv2 brz-css-p4v33o\" data-brz-custom-id=\"kvtklvmkaepalvecfifuznzsdsjlkhngpwox\">\n<div class=\"brz-bg\">\n<div class=\"brz-bg-color\"><\/div>\n<\/div>\n<div class=\"brz-container brz-css-1atg6e1\">\n<div id=\"\" class=\"brz-css-mhhn0u brz-wrapper\">\n<div class=\"brz-line brz-line-default brz-css-1yr6595 brz-css-6ir8jd\" data-brz-custom-id=\"kbgkqyuweddtovbycuprhthvxpllmklhaafd\">\n<hr class=\"brz-hr\"><\/div>\n<\/div>\n<div class=\"brz-row__container brz-css-jhwt3s\" data-brz-custom-id=\"haolwrxkwhfrzqmtyostjmpqconsyoqrtkak\">\n<div class=\"brz-bg\"><\/div>\n<div class=\"brz-row brz-css-1ytwvk5\">\n<div class=\"brz-columns brz-css-1uhwbz brz-css-coi89k\" data-brz-custom-id=\"qcatlmoifgaqhjkgsuppqkfmacmizxyrnhoi\">\n<div class=\"brz-bg\"><\/div>\n<div class=\"brz-column__items brz-css-17olxys\"><\/div>\n<\/div>\n<div class=\"brz-columns brz-css-1uhwbz brz-css-1tw0dm1\" data-brz-custom-id=\"reghakfpmqiprtejvocnkfmjnsusnqafdcfs\">\n<div class=\"brz-bg\"><\/div>\n<div class=\"brz-column__items brz-css-17olxys\">\n<div id=\"\" class=\"brz-css-mhhn0u brz-wrapper\">\n<div class=\"brz-rich-text brz-rich-text__custom brz-css-1nzvbd2\" data-brz-custom-id=\"ivrcnsxeaferopnpkbewoshikarbcfgdaxoz\">\n<div data-brz-translate-text=\"1\">\n<p class=\"brz-lh-lg-1_9 brz-ls-lg-0 brz-fw-lg-400 brz-fss-lg-px brz-fs-lg-22 brz-ft-upload brz-ff-ckyztbazucvfgxnrkwthfbuhnumrbfrmhags brz-tp-lg-empty brz-css-rIvFE\" data-generated-css=\"brz-css-sptcg\" data-uniq-id=\"sgasc\"><span>Avant vos traitements, vous devrez peut-\u00eatre \u00e9galement :<\/span><\/p>\n<\/div>\n<\/div>\n<\/div>\n<div id=\"\" class=\"brz-css-mhhn0u brz-css-1s973i9 brz-wrapper\">\n<div class=\"brz-icon-text brz-css-chxj4p\" data-brz-custom-id=\"logeyrkizdjtgyfdlbdohmywdihnufcwanip\">\n<div class=\"brz-icon__container\" data-brz-custom-id=\"ytylzwznookpgrxmhaomuaiyvfsozxtzzxqx\"><span class=\"brz-icon brz-span brz-css-n763be brz-css-18t6o1s\"><\/span><\/div>\n<div class=\"brz-text-btn\">\n<div class=\"brz-rich-text brz-rich-text__custom brz-css-1nzvbd2\" data-brz-custom-id=\"mpfuvmiiigjioimxydptoriwuuynhocjdyta\">\n<div data-brz-translate-text=\"1\">\n<p class=\"brz-lh-xs-1_4 brz-fs-lg-18 brz-fs-sm-17 brz-fs-xs-17 brz-ls-lg-0 brz-ls-sm-0 brz-ls-xs-0 brz-ff-arimo brz-ft-google brz-fw-lg-400 brz-fw-sm-400 brz-fw-xs-400 brz-lh-lg-1_3 brz-lh-sm-1_4 brz-css-uIC_e\" data-uniq-id=\"boony\" data-generated-css=\"brz-css-naffu\"><span>Arr\u00eater de fumer. Fumer diminue le flux sanguin dans la peau et peut ralentir le processus de gu\u00e9rison. Si vous fumez, le Dr Mak vous recommandera d&rsquo;arr\u00eater de fumer avant la chirurgie et pendant la convalescence.<\/span><\/p>\n<\/div>\n<\/div>\n<\/div>\n<\/div>\n<\/div>\n<div id=\"\" class=\"brz-css-mhhn0u brz-css-1l76rhy brz-wrapper\">\n<div class=\"brz-spacer brz-css-15ww5k7 brz-css-wgf8g1\"><\/div>\n<\/div>\n<div id=\"\" class=\"brz-css-mhhn0u brz-css-1uvg2hu brz-wrapper\">\n<div class=\"brz-icon-text brz-css-chxj4p\" data-brz-custom-id=\"cmwfosgikbwhjopvngitlmfkethycdwpguvo\">\n<div class=\"brz-icon__container\" data-brz-custom-id=\"rgfhzqftxruuqhzgikvohqccecadjzfbnbiu\"><span class=\"brz-icon brz-span brz-css-n763be brz-css-p4yemr\"><\/span><\/div>\n<div class=\"brz-text-btn\">\n<div class=\"brz-rich-text brz-rich-text__custom brz-css-1nzvbd2\" data-brz-custom-id=\"ijvpipfibjnxrcztaffbtfqhfhagayqfoldx\">\n<div data-brz-translate-text=\"1\">\n<p class=\"brz-mt-lg-0 brz-lh-xs-1_4 brz-fs-lg-18 brz-fs-sm-17 brz-fs-xs-17 brz-ls-lg-0 brz-ls-sm-0 brz-ls-xs-0 brz-ff-arimo brz-ft-google brz-fw-lg-400 brz-fw-sm-400 brz-fw-xs-400 brz-lh-lg-1_3 brz-lh-sm-1_4 brz-css-mdXID\" data-uniq-id=\"hkiro\" data-generated-css=\"brz-css-fbrrh\"><span>\u00c9vitez certains m\u00e9dicaments. Vous devrez probablement \u00e9viter de prendre de l&rsquo;aspirine, des anti-inflammatoires, des anabolisants et des suppl\u00e9ments \u00e0 base de plantes, qui peuvent augmenter les saignements.<\/span><\/p>\n<\/div>\n<\/div>\n<\/div>\n<\/div>\n<\/div>\n<\/div>\n<\/div>\n<div class=\"brz-columns brz-css-1uhwbz brz-css-1sz36o8\" data-brz-custom-id=\"yewlzhbqbmfjxcoayegjwjkuenigfzqycxwa\">\n<div class=\"brz-bg\"><\/div>\n<div class=\"brz-column__items brz-css-17olxys\"><\/div>\n<\/div>\n<\/div>\n<\/div>\n<\/div>\n<\/div>\n<\/section>\n<section id=\"_esdnanoivrkesurdvvlwuuysbtibrnaymbdi\" class=\"brz-section brz-css-19nbthz\">\n<div class=\"brz-section__content brz-section--boxed brz-css-1bo6cv2 brz-css-8z0xe8\" data-brz-custom-id=\"ugcnfjzaetpezizqquesdjstzlxscqgeljfk\">\n<div class=\"brz-bg\">\n<div class=\"brz-bg-color\"><\/div>\n<\/div>\n<div class=\"brz-container brz-css-1atg6e1\">\n<div id=\"\" class=\"brz-css-mhhn0u brz-wrapper\">\n<div class=\"brz-line brz-line-default brz-css-1yr6595 brz-css-wgibm\" data-brz-custom-id=\"qyunapmapgffjpftlgjwwqvpizffbwqnwbua\">\n<hr class=\"brz-hr\"><\/div>\n<\/div>\n<div id=\"\" class=\"brz-css-mhhn0u brz-css-1l76rhy brz-wrapper\">\n<div class=\"brz-spacer brz-css-15ww5k7 brz-css-112gwth\"><\/div>\n<\/div>\n<div class=\"brz-row__container brz-css-jhwt3s\" data-brz-custom-id=\"hfnpyysruoulpxrtqfgvieifvxmjghrtmayj\">\n<div class=\"brz-bg\"><\/div>\n<div class=\"brz-row brz-css-1ytwvk5 brz-css-1xwm1xh\">\n<div class=\"brz-columns brz-css-1uhwbz brz-css-2hoaiz\" data-brz-custom-id=\"imixzcmnlutuvoxgdqxzvgokfnlpaibglpac\">\n<div class=\"brz-bg\"><\/div>\n<div class=\"brz-column__items brz-css-17olxys brz-css-bpth7h\">\n<div id=\"\" class=\"brz-css-mhhn0u brz-css-gxconr brz-wrapper\">\n<div class=\"brz-image brz-css-1n7duwo brz-css-10k05ui\" data-brz-custom-id=\"plhsnhzpbtjystajwbzembydekrkgjwfqftt\"><img decoding=\"async\" class=\"brz-img\" src=\"https:\/\/drmakclinic.com\/fr?brizy_media=wp-9b7486b9d786a0648588605ea135d33b.jpg&amp;brizy_crop=iW%3D316%26iH%3D211%26oX%3D90%26oY%3D23%26cW%3D105%26cH%3D106\" alt=\"\" loading=\"lazy\"><\/div>\n<\/div>\n<\/div>\n<\/div>\n<div class=\"brz-columns brz-css-1uhwbz brz-css-zx1ktv\" data-brz-custom-id=\"gubnbgcvthpwxoqjtgorkmrjdnisccimmahf\">\n<div class=\"brz-bg\"><\/div>\n<div class=\"brz-column__items brz-css-17olxys brz-css-ju8dkf\">\n<div id=\"\" class=\"brz-css-mhhn0u brz-wrapper\">\n<div class=\"brz-rich-text brz-rich-text__custom brz-css-1nzvbd2\" data-brz-custom-id=\"fcjdppjkvyezvlgbsbzquzrqxegwrtiljerj\">\n<div data-brz-translate-text=\"1\">\n<p data-uniq-id=\"egydo\" data-generated-css=\"brz-css-trizt\" class=\"brz-tp-lg-empty brz-ff-ckyztbazucvfgxnrkwthfbuhnumrbfrmhags brz-ft-upload brz-fs-lg-24 brz-fss-lg-px brz-fw-lg-400 brz-ls-lg-0 brz-lh-lg-1_5 brz-css-nkn1D\">As you begin your journey toward considering plastic surgery and other cosmetic enhancements , my goal as your plastic surgeon is to provide you the highest quality of care throughout the entire process.<\/p>\n<\/div>\n<\/div>\n<\/div>\n<div id=\"\" class=\"brz-css-mhhn0u brz-css-1l76rhy brz-css-1lzg43m brz-wrapper\">\n<div class=\"brz-spacer brz-css-15ww5k7 brz-css-vhtzkj\"><\/div>\n<\/div>\n<div id=\"\" class=\"brz-css-mhhn0u brz-css-1jqo89w brz-wrapper\">\n<div class=\"brz-rich-text brz-rich-text__custom brz-css-1nzvbd2\" data-brz-custom-id=\"jzmjupvvciqrbgfngjpzimsxkadqunvaudpd\">\n<div data-brz-translate-text=\"1\">\n<p class=\"brz-text-xs-center brz-tp-lg-heading4 brz-css-oDL9O\" data-uniq-id=\"mrayu\" data-generated-css=\"brz-css-yakzy\"><strong class=\"brz-cp-color2\">Dr. Mehmet Arif Karag\u00f6z<\/strong><\/p>\n<\/div>\n<\/div>\n<\/div>\n<div id=\"\" class=\"brz-css-mhhn0u brz-css-1l1nztq brz-wrapper\">\n<div class=\"brz-rich-text brz-rich-text__custom brz-css-1nzvbd2\" data-brz-custom-id=\"joaxwwiptvilfzuzfkkewpvcpczrspdsfcdl\">\n<div data-brz-translate-text=\"1\">\n<p class=\"brz-text-xs-center brz-tp-lg-paragraph brz-css-m6oxK\" data-uniq-id=\"xuihj\" data-generated-css=\"brz-css-uaiir\"><span class=\"brz-cp-color7\">DRMAK Plastic Surgeon<\/span><\/p>\n<\/div>\n<\/div>\n<\/div>\n<\/div>\n<\/div>\n<\/div>\n<\/div>\n<div id=\"\" class=\"brz-css-mhhn0u brz-css-1l76rhy brz-css-wd1izp brz-wrapper\">\n<div class=\"brz-spacer brz-css-15ww5k7 brz-css-wdqqg3\"><\/div>\n<\/div>\n<div id=\"\" class=\"brz-css-mhhn0u brz-wrapper\">\n<div class=\"brz-line brz-line-default brz-css-1yr6595 brz-css-kdaur1\" data-brz-custom-id=\"daxuvlhlcigsoywtkcdtyhwktyvzhuxknoou\">\n<hr class=\"brz-hr\"><\/div>\n<\/div>\n<\/div>\n<\/div>\n<\/section>\n<\/div>\n<p>    <!-- version:1738150978 --><\/p>\n","protected":false},"excerpt":{"rendered":"<p>BOTOX BOTOX BOTOX restaure avec succ\u00e8s un visage jeune et plus esth\u00e9tique, am\u00e9liorant efficacement les signes du vieillissement. \u00c0 la clinique Dr Mak, nous utilisons le botox pour r\u00e9duire et traiter les rides et ridules du visage. Principales zones du visage \u00e0 traiter avec le BOTOX ! Botox pour les rides du front Botox pour [&hellip;]<\/p>\n","protected":false},"author":1,"featured_media":0,"parent":1038,"menu_order":0,"comment_status":"closed","ping_status":"closed","template":"","meta":{"footnotes":""},"class_list":["post-1047","page","type-page","status-publish","hentry"],"blocksy_meta":{"styles_descriptor":{"styles":{"desktop":"","tablet":"","mobile":""},"google_fonts":[],"version":6}},"_links":{"self":[{"href":"https:\/\/drmakclinic.com\/fr\/wp-json\/wp\/v2\/pages\/1047","targetHints":{"allow":["GET"]}}],"collection":[{"href":"https:\/\/drmakclinic.com\/fr\/wp-json\/wp\/v2\/pages"}],"about":[{"href":"https:\/\/drmakclinic.com\/fr\/wp-json\/wp\/v2\/types\/page"}],"author":[{"embeddable":true,"href":"https:\/\/drmakclinic.com\/fr\/wp-json\/wp\/v2\/users\/1"}],"replies":[{"embeddable":true,"href":"https:\/\/drmakclinic.com\/fr\/wp-json\/wp\/v2\/comments?post=1047"}],"version-history":[{"count":0,"href":"https:\/\/drmakclinic.com\/fr\/wp-json\/wp\/v2\/pages\/1047\/revisions"}],"up":[{"embeddable":true,"href":"https:\/\/drmakclinic.com\/fr\/wp-json\/wp\/v2\/pages\/1038"}],"wp:attachment":[{"href":"https:\/\/drmakclinic.com\/fr\/wp-json\/wp\/v2\/media?parent=1047"}],"curies":[{"name":"wp","href":"https:\/\/api.w.org\/{rel}","templated":true}]}}