{"id":1050,"date":"2022-08-28T20:46:06","date_gmt":"2022-08-28T17:46:06","guid":{"rendered":"https:\/\/drmakclinic.com\/?page_id=1050"},"modified":"2025-01-30T07:55:55","modified_gmt":"2025-01-30T04:55:55","slug":"brachioplasty-armlift","status":"publish","type":"page","link":"https:\/\/drmakclinic.com\/fr\/procedures\/aesthetic-plastic-surgery\/brachioplasty-armlift\/","title":{"rendered":"Brachioplasty \u2013 Armlift"},"content":{"rendered":"<div class=\"brz-root__container brz-reset-all brz brz-root__container-page\">\n<section id=\"_zgawgogxegrwqkbaexgnpoiqupqejtweuouc\" class=\"brz-section brz-css-ffg7ob\">\n<div class=\"brz-section__content brz-section--boxed brz-css-y4ehec brz-css-1ll9a81\" data-brz-custom-id=\"lkxqvhlazxuonzezdbgyiscfqkvaxkbeodnr\">\n<div class=\"brz-bg\">\n<div class=\"brz-bg-color\"><\/div>\n<\/div>\n<div class=\"brz-container brz-css-vhb3n8\">\n<div class=\"brz-row__container brz-css-u0fdp4\" data-brz-custom-id=\"xbzjfvdutknfdfaghpvhjqzlfatkkjiltmdf\">\n<div class=\"brz-bg\"><\/div>\n<div class=\"brz-row brz-css-925on4 brz-css-1bg8ok7\">\n<div class=\"brz-columns brz-css-qzjtu9 brz-css-1u7os3n\" data-brz-custom-id=\"hlujcymuvbpkhbsyfodtbzxckynjgpyscrwr\">\n<div class=\"brz-bg\"><\/div>\n<div class=\"brz-column__items brz-css-1tw9aq8\">\n<div id=\"\" class=\"brz-css-1kbvn8l brz-wrapper\">\n<div class=\"brz-icon-text brz-css-19vibqp brz-css-1xb417e\" data-brz-custom-id=\"zsmpokhkkwzijlvpzaaxpklsfpvjjpsqpuwy\">\n<div class=\"brz-icon__container\" data-brz-custom-id=\"bvlxekelbtovoycuuwmgcqfkwnhoapexukqw\"><span class=\"brz-icon brz-span brz-css-c6z3ye brz-css-q403vj\"><\/span><\/div>\n<div class=\"brz-text-btn\">\n<div class=\"brz-rich-text brz-rich-text__custom brz-css-wvul5i\" data-brz-custom-id=\"ypjiyddcuvpdprnixrqifafhmxxklxbjtlgw\">\n<div data-brz-translate-text=\"1\">\n<p class=\"brz-tp-lg-empty brz-ff-izzivsxniqvyexslaslvwzgtgnghvrxuxiru brz-ft-upload brz-fs-lg-66 brz-fss-lg-px brz-fw-lg-400 brz-ls-lg-0 brz-lh-lg-1 brz-css-kYEHY\" data-uniq-id=\"zjpbv\" data-generated-css=\"brz-css-teeag\"><span>BRACHIOPLASTIE &#8211; LIFTING DES BRAS<\/span><\/p>\n<\/div>\n<\/div>\n<\/div>\n<\/div>\n<\/div>\n<\/div>\n<\/div>\n<\/div>\n<\/div>\n<\/div>\n<\/div>\n<\/section>\n<section id=\"_jqoqnoaokdgselasvitbegnctzmbatoconht\" class=\"brz-section brz-css-ffg7ob\">\n<div class=\"brz-section__content brz-section--boxed brz-css-y4ehec brz-css-sy1fk1\" data-brz-custom-id=\"imykuvjjkkehwvatnvbmqcybjumecloqmgql\">\n<div class=\"brz-bg\">\n<div class=\"brz-bg-color\"><\/div>\n<\/div>\n<div class=\"brz-container brz-css-vhb3n8\">\n<div id=\"\" class=\"brz-css-1kbvn8l brz-wrapper\">\n<div class=\"brz-line brz-line-default brz-css-24x7ht brz-css-1471kjf\" data-brz-custom-id=\"ysettxfrqgiuiymjntljnihkeszsgcxnvhud\">\n<hr class=\"brz-hr\"><\/div>\n<\/div>\n<div class=\"brz-row__container brz-css-u0fdp4\" data-brz-custom-id=\"qpuvslmnklhdimschwpxuiklxrncbnitrmzu\">\n<div class=\"brz-bg\"><\/div>\n<div class=\"brz-row brz-css-925on4 brz-css-lalltn\">\n<div class=\"brz-columns brz-css-qzjtu9 brz-css-1tj6wtg\" data-brz-custom-id=\"abwseqibkmbywfatnutixvwbkwkebftgblaz\">\n<div class=\"brz-bg\"><\/div>\n<div class=\"brz-column__items brz-css-1tw9aq8 brz-css-d6hm6j\">\n<div id=\"\" class=\"brz-css-1kbvn8l brz-css-sg3qgd brz-wrapper\">\n<div class=\"brz-rich-text brz-rich-text__custom brz-css-wvul5i\" data-brz-custom-id=\"rkoeudxxcutzhtmcfqdomvmeooafdpgbtsjc\">\n<div data-brz-translate-text=\"1\">\n<p class=\"brz-tp-lg-empty brz-ff-manrope brz-ft-google brz-fs-lg-13 brz-fss-lg-px brz-fw-lg-700 brz-ls-lg-1_1 brz-lh-lg-1_5 brz-css-obk_7\" data-uniq-id=\"yimfo\" data-generated-css=\"brz-css-hmbxj\"><span class=\"brz-capitalize-on\">BRACHIOPLASTIE &#8211; LIFTING DES BRAS<\/span><\/p>\n<\/div>\n<\/div>\n<\/div>\n<div id=\"\" class=\"brz-css-1kbvn8l brz-css-mo19fi brz-wrapper\">\n<div class=\"brz-rich-text brz-rich-text__custom brz-css-wvul5i\" data-brz-custom-id=\"yrvarkveynrbzkrmvtaqlgumltoucyzcyfay\">\n<div data-brz-translate-text=\"1\">\n<p class=\"brz-lh-lg-1_3 brz-tp-lg-empty brz-ff-ckyztbazucvfgxnrkwthfbuhnumrbfrmhags brz-ft-upload brz-fs-lg-36 brz-fss-lg-px brz-fw-lg-400 brz-ls-lg-0 brz-css-bBNWF\" data-uniq-id=\"duaoz\" data-generated-css=\"brz-css-rtoga\"><span class=\"brz-cp-color2\">Au fur et \u00e0 mesure que la production de collag\u00e8ne ralentit avec le vieillissement, la peau s&rsquo;affaisse et rend votre peau moins \u00e9lastique qu&rsquo;\u00e0 un \u00e2ge plus jeune.<\/span><\/p>\n<\/div>\n<\/div>\n<\/div>\n<div id=\"\" class=\"brz-css-1kbvn8l brz-css-1i41prb brz-wrapper\">\n<div class=\"brz-spacer brz-css-m3992v brz-css-1s0u6wv\"><\/div>\n<\/div>\n<div id=\"\" class=\"brz-css-1kbvn8l brz-css-pn9bru brz-wrapper\">\n<div class=\"brz-rich-text brz-rich-text__custom brz-css-wvul5i\" data-brz-custom-id=\"kykqnlsjzfwxvvrathhisxhwaukakfrejyvc\">\n<div data-brz-translate-text=\"1\">\n<p class=\"brz-lh-lg-1_9 brz-ls-lg-0 brz-fw-lg-400 brz-fss-lg-px brz-fs-lg-16 brz-ft-google brz-ff-manrope brz-tp-lg-empty brz-css-hl_BL\" data-generated-css=\"brz-css-fkzpe\" data-uniq-id=\"ywres\"><span>Une autre cause d&rsquo;affaissement, en particulier sous les bras, est la prise de poids excessive ou la perte de poids rapide.<\/span><\/p>\n<p class=\"brz-lh-lg-1_9 brz-ls-lg-0 brz-fw-lg-400 brz-fss-lg-px brz-fs-lg-16 brz-ft-google brz-ff-manrope brz-tp-lg-empty brz-css-nta76\" data-generated-css=\"brz-css-fkzpe\" data-uniq-id=\"ywres\"><\/p>\n<p class=\"brz-lh-lg-1_9 brz-ls-lg-0 brz-fw-lg-400 brz-fss-lg-px brz-fs-lg-16 brz-ft-google brz-ff-manrope brz-tp-lg-empty brz-css-slppa\" data-generated-css=\"brz-css-fkzpe\" data-uniq-id=\"ywres\"><span>Un lifting des bras est une intervention chirurgicale visant \u00e0 am\u00e9liorer l&rsquo;apparence de la partie inf\u00e9rieure de vos bras. La longueur et la forme des incisions d\u00e9pendent de la quantit\u00e9 de peau retir\u00e9e. Apr\u00e8s avoir fait les incisions, le Dr Mak resserrera vos tissus et vos muscles et les fixera avec des points de suture. Il peut \u00e9galement utiliser la liposuccion pour \u00e9liminer l&rsquo;exc\u00e8s de graisse.<\/span><\/p>\n<\/div>\n<\/div>\n<\/div>\n<div id=\"\" class=\"brz-css-1kbvn8l brz-css-1i41prb brz-wrapper\">\n<div class=\"brz-spacer brz-css-m3992v brz-css-19r11ae\"><\/div>\n<\/div>\n<div id=\"\" class=\"brz-css-1kbvn8l brz-css-1u7pl42 brz-wrapper\">\n<div class=\"brz-icon-text brz-css-19vibqp\" data-brz-custom-id=\"ocahkpgallkyufodhqaiunuxkalsuhqjudsr\">\n<div class=\"brz-icon__container\" data-brz-custom-id=\"mkjbztmdgrfhsclthchtrwevffafpwkgpcmj\"><span class=\"brz-icon brz-span brz-css-c6z3ye brz-css-5uas8a\"><\/span><\/div>\n<div class=\"brz-text-btn\">\n<div class=\"brz-rich-text brz-rich-text__custom brz-css-wvul5i\" data-brz-custom-id=\"rzytcsdsoghnyohlsqncfihpfcptydftidhy\">\n<div data-brz-translate-text=\"1\">\n<p class=\"brz-lh-xs-1_4 brz-lh-sm-1_4 brz-fs-lg-18 brz-fs-sm-17 brz-fs-xs-17 brz-ls-lg-0 brz-ls-sm-0 brz-ls-xs-0 brz-ff-arimo brz-ft-google brz-fw-lg-400 brz-fw-sm-400 brz-fw-xs-400 brz-lh-lg-1_3 brz-css-ogIza\" data-uniq-id=\"efavj\" data-generated-css=\"brz-css-uiyjc\"><span>Anesth\u00e9sie : G\u00e9n\u00e9rale<\/span><\/p>\n<\/div>\n<\/div>\n<\/div>\n<\/div>\n<\/div>\n<div id=\"\" class=\"brz-css-1kbvn8l brz-css-1i41prb brz-wrapper\">\n<div class=\"brz-spacer brz-css-m3992v brz-css-19kjzeq\"><\/div>\n<\/div>\n<div id=\"\" class=\"brz-css-1kbvn8l brz-css-1hfgs4t brz-wrapper\">\n<div class=\"brz-icon-text brz-css-19vibqp\" data-brz-custom-id=\"pvhxcnhvpteiautqeftqfyqmznnmswsuzmzu\">\n<div class=\"brz-icon__container\" data-brz-custom-id=\"nfxtlrtjnesvbfmmppvbsiqqbkoqtprhvbln\"><span class=\"brz-icon brz-span brz-css-c6z3ye brz-css-hwfsv2\"><\/span><\/div>\n<div class=\"brz-text-btn\">\n<div class=\"brz-rich-text brz-rich-text__custom brz-css-wvul5i\" data-brz-custom-id=\"ecrejzorcuarfzmhshbkbnmslcnevtbpwgjs\">\n<div data-brz-translate-text=\"1\">\n<p class=\"brz-lh-xs-1_4 brz-fs-lg-18 brz-fs-sm-17 brz-fs-xs-17 brz-ls-lg-0 brz-ls-sm-0 brz-ls-xs-0 brz-ff-arimo brz-ft-google brz-fw-lg-400 brz-fw-sm-400 brz-fw-xs-400 brz-lh-lg-1_3 brz-lh-sm-1_4 brz-css-iNM4o\" data-generated-css=\"brz-css-almrh\" data-uniq-id=\"fjdyo\"><span>Dur\u00e9e du s\u00e9jour : 5 nuits<\/span><\/p>\n<\/div>\n<\/div>\n<\/div>\n<\/div>\n<\/div>\n<div id=\"\" class=\"brz-css-1kbvn8l brz-css-1i41prb brz-wrapper\">\n<div class=\"brz-spacer brz-css-m3992v brz-css-1f53f3b\"><\/div>\n<\/div>\n<div id=\"\" class=\"brz-css-1kbvn8l brz-css-vh1eb5 brz-wrapper\">\n<div class=\"brz-icon-text brz-css-19vibqp\" data-brz-custom-id=\"lwplaqpejqgdhiazxqvhmywiazrshwlrpicx\">\n<div class=\"brz-icon__container\" data-brz-custom-id=\"zinjiepyiwmvsrgtebtvbznisrlkzuuwmbxo\"><span class=\"brz-icon brz-span brz-css-c6z3ye brz-css-djipzy\"><\/span><\/div>\n<div class=\"brz-text-btn\">\n<div class=\"brz-rich-text brz-rich-text__custom brz-css-wvul5i\" data-brz-custom-id=\"hqzgqtwlroestxmdvtphlgkworjltqocuydf\">\n<div data-brz-translate-text=\"1\">\n<p class=\"brz-lh-sm-1_4 brz-lh-lg-1_3 brz-fw-xs-400 brz-fw-sm-400 brz-fw-lg-400 brz-ft-google brz-ff-arimo brz-ls-xs-0 brz-ls-sm-0 brz-ls-lg-0 brz-fs-xs-17 brz-fs-sm-17 brz-fs-lg-18 brz-lh-xs-1_4 brz-css-zf5VK\" data-uniq-id=\"gpylw\" data-generated-css=\"brz-css-cfror\"><span>Dur\u00e9e de la chirurgie : 1-2 heures<\/span><\/p>\n<\/div>\n<\/div>\n<\/div>\n<\/div>\n<\/div>\n<div id=\"\" class=\"brz-css-1kbvn8l brz-css-1i41prb brz-wrapper\">\n<div class=\"brz-spacer brz-css-m3992v brz-css-1mq6cc2\"><\/div>\n<\/div>\n<div id=\"\" class=\"brz-css-1kbvn8l brz-css-1llize7 brz-wrapper\">\n<div class=\"brz-icon-text brz-css-19vibqp\" data-brz-custom-id=\"ubawqrkfuujmyjkgjmjoijnfdgjcvkgztaws\">\n<div class=\"brz-icon__container\" data-brz-custom-id=\"ihxllbithmkndqkbfzokfjzfuegcglvxhosc\"><span class=\"brz-icon brz-span brz-css-c6z3ye brz-css-1qfyjwl\"><\/span><\/div>\n<div class=\"brz-text-btn\">\n<div class=\"brz-rich-text brz-rich-text__custom brz-css-wvul5i\" data-brz-custom-id=\"kqovagmzxpzokpizinhevnovokiarzcxqeyy\">\n<div data-brz-translate-text=\"1\">\n<p class=\"brz-lh-sm-1_4 brz-lh-lg-1_3 brz-fw-xs-400 brz-fw-sm-400 brz-fw-lg-400 brz-ft-google brz-ff-arimo brz-ls-xs-0 brz-ls-sm-0 brz-ls-lg-0 brz-fs-xs-17 brz-fs-sm-17 brz-fs-lg-18 brz-lh-xs-1_4 brz-css-frI9G\" data-generated-css=\"brz-css-geufj\" data-uniq-id=\"owijo\"><span>Retour \u00e0 votre vie normale : 2 semaines<\/span><\/p>\n<\/div>\n<\/div>\n<\/div>\n<\/div>\n<\/div>\n<div id=\"\" class=\"brz-css-1kbvn8l brz-css-1i41prb brz-wrapper\">\n<div class=\"brz-spacer brz-css-m3992v brz-css-1l7buzw\"><\/div>\n<\/div>\n<\/div>\n<\/div>\n<div class=\"brz-columns brz-css-qzjtu9 brz-css-1w83lfm\" data-brz-custom-id=\"pkdaxtkpxtqzxwydcltpuvjgodcebwfwsevq\">\n<div class=\"brz-bg\"><\/div>\n<div class=\"brz-column__items brz-css-1tw9aq8 brz-css-1ssovhr\">\n<div id=\"\" class=\"brz-css-1kbvn8l brz-css-1lr7aam brz-wrapper\">\n<div class=\"brz-image brz-css-1jtyj4w brz-css-zqjgcy\" data-brz-custom-id=\"tqybkhhavmofydevdflffcojybsigmcsmamk\"><img decoding=\"async\" class=\"brz-img\" src=\"https:\/\/drmakclinic.com\/fr?brizy_media=wp-37feb68869b65c17d4565c896fd504d4.png&amp;brizy_crop=original\" alt=\"\" loading=\"lazy\"><\/div>\n<\/div>\n<\/div>\n<\/div>\n<\/div>\n<\/div>\n<\/div>\n<\/div>\n<\/section>\n<section id=\"_agnwobqkemrkyxkrertxaljxnmqkozoamxki\" class=\"brz-section brz-css-ffg7ob\">\n<div class=\"brz-section__content brz-section--boxed brz-css-y4ehec brz-css-1bp2y6c\" data-brz-custom-id=\"dkdfbnbcdcrckrlgyyuflomplyuplfmlugph\">\n<div class=\"brz-bg\">\n<div class=\"brz-bg-color\"><\/div>\n<\/div>\n<div class=\"brz-container brz-css-vhb3n8\">\n<div id=\"\" class=\"brz-css-1kbvn8l brz-wrapper\">\n<div class=\"brz-line brz-line-default brz-css-24x7ht brz-css-2detvq\" data-brz-custom-id=\"fbpcmkojfgvvpydwkjfzoklsalaudkzkwnjc\">\n<hr class=\"brz-hr\"><\/div>\n<\/div>\n<div class=\"brz-row__container brz-css-u0fdp4\" data-brz-custom-id=\"mvofcpgotzidyjnmjgjytaahfyaopriebuzt\">\n<div class=\"brz-bg\"><\/div>\n<div class=\"brz-row brz-css-925on4\">\n<div class=\"brz-columns brz-css-qzjtu9 brz-css-1kogahc\" data-brz-custom-id=\"ryodpdluarnbnkocxccbzecfkeszgwqzdfin\">\n<div class=\"brz-bg\"><\/div>\n<div class=\"brz-column__items brz-css-1tw9aq8\"><\/div>\n<\/div>\n<div class=\"brz-columns brz-css-qzjtu9 brz-css-12v48y5\" data-brz-custom-id=\"hssbnphtbruvbimqjlqaenpumqdukfcwjlao\">\n<div class=\"brz-bg\"><\/div>\n<div class=\"brz-column__items brz-css-1tw9aq8\">\n<div id=\"\" class=\"brz-css-1kbvn8l brz-wrapper\">\n<div class=\"brz-rich-text brz-rich-text__custom brz-css-wvul5i\" data-brz-custom-id=\"cpxqpbjtuetdglaxdydrqosdglgolsggvpoa\">\n<div data-brz-translate-text=\"1\">\n<p class=\"brz-tp-lg-empty brz-ff-ckyztbazucvfgxnrkwthfbuhnumrbfrmhags brz-ft-upload brz-fs-lg-22 brz-fss-lg-px brz-fw-lg-400 brz-ls-lg-0 brz-lh-lg-1_9 brz-mt-lg-0 brz-css-lRCJT\" data-generated-css=\"brz-css-hpkuy\" data-uniq-id=\"lbzwf\"><span>Avant vos traitements, vous devrez peut-\u00eatre \u00e9galement :<\/span><\/p>\n<\/div>\n<\/div>\n<\/div>\n<div id=\"\" class=\"brz-css-1kbvn8l brz-css-1j7xf26 brz-wrapper\">\n<div class=\"brz-icon-text brz-css-19vibqp\" data-brz-custom-id=\"uujygmanpvpsvakkfiyesetpphpxtbpxpfne\">\n<div class=\"brz-icon__container\" data-brz-custom-id=\"wmgcybmrcgcstupqhepzwmlusgatenkxhrel\"><span class=\"brz-icon brz-span brz-css-c6z3ye brz-css-jlww0i\"><\/span><\/div>\n<div class=\"brz-text-btn\">\n<div class=\"brz-rich-text brz-rich-text__custom brz-css-wvul5i\" data-brz-custom-id=\"xrifabvtpuugocovjftfkwvaiqpdvtbztvnc\">\n<div data-brz-translate-text=\"1\">\n<p class=\"brz-lh-xs-1_4 brz-fs-lg-18 brz-fs-sm-17 brz-fs-xs-17 brz-ls-lg-0 brz-ls-sm-0 brz-ls-xs-0 brz-ff-arimo brz-ft-google brz-fw-lg-400 brz-fw-sm-400 brz-fw-xs-400 brz-lh-lg-1_3 brz-lh-sm-1_4 brz-css-jdyGv\" data-uniq-id=\"uwmhf\" data-generated-css=\"brz-css-ogufx\"><span>Arr\u00eater de fumer. Fumer diminue le flux sanguin dans la peau et peut ralentir le processus de gu\u00e9rison. Si vous fumez, le Dr Mak vous recommandera d&rsquo;arr\u00eater de fumer avant la chirurgie et pendant la convalescence.<\/span><\/p>\n<\/div>\n<\/div>\n<\/div>\n<\/div>\n<\/div>\n<div id=\"\" class=\"brz-css-1kbvn8l brz-css-1i41prb brz-wrapper\">\n<div class=\"brz-spacer brz-css-m3992v brz-css-v0atx7\"><\/div>\n<\/div>\n<div id=\"\" class=\"brz-css-1kbvn8l brz-css-9ttstw brz-wrapper\">\n<div class=\"brz-icon-text brz-css-19vibqp\" data-brz-custom-id=\"ydschyjftpimtatdpxilplpzdpztfasxwxnt\">\n<div class=\"brz-icon__container\" data-brz-custom-id=\"uscmqzwovdlkojjaobfmotajlzizjcgdkqcr\"><span class=\"brz-icon brz-span brz-css-c6z3ye brz-css-27ga6w\"><\/span><\/div>\n<div class=\"brz-text-btn\">\n<div class=\"brz-rich-text brz-rich-text__custom brz-css-wvul5i\" data-brz-custom-id=\"cuowiuetpgzcciegjiddcdhbtyzjyjzufgib\">\n<div data-brz-translate-text=\"1\">\n<p class=\"brz-lh-sm-1_4 brz-lh-lg-1_3 brz-fw-xs-400 brz-fw-sm-400 brz-fw-lg-400 brz-ft-google brz-ff-arimo brz-ls-xs-0 brz-ls-sm-0 brz-ls-lg-0 brz-fs-xs-17 brz-fs-sm-17 brz-fs-lg-18 brz-lh-xs-1_4 brz-css-vg93t\" data-generated-css=\"brz-css-uggaa\" data-uniq-id=\"hfdza\"><span>\u00c9vitez certains m\u00e9dicaments. Vous devrez probablement \u00e9viter de prendre de l&rsquo;aspirine, des anti-inflammatoires, des anabolisants et des suppl\u00e9ments \u00e0 base de plantes, qui peuvent augmenter les saignements.<\/span><\/p>\n<\/div>\n<\/div>\n<\/div>\n<\/div>\n<\/div>\n<\/div>\n<\/div>\n<div class=\"brz-columns brz-css-qzjtu9 brz-css-1q5irde\" data-brz-custom-id=\"zzrhzrvnifdqlgafnbfobpwwoglvhwixbqtc\">\n<div class=\"brz-bg\"><\/div>\n<div class=\"brz-column__items brz-css-1tw9aq8\"><\/div>\n<\/div>\n<\/div>\n<\/div>\n<\/div>\n<\/div>\n<\/section>\n<section id=\"_tybtewzzetorkbdaulxgnyixqsynzyxhtkwx\" class=\"brz-section brz-css-ffg7ob\">\n<div class=\"brz-section__content brz-section--boxed brz-css-y4ehec brz-css-17gf0gf\" data-brz-custom-id=\"wrgcwsrycnkgcwerkgpfjompcqkxlwcmitjg\">\n<div class=\"brz-bg\">\n<div class=\"brz-bg-color\"><\/div>\n<\/div>\n<div class=\"brz-container brz-css-vhb3n8\">\n<div id=\"\" class=\"brz-css-1kbvn8l brz-wrapper\">\n<div class=\"brz-line brz-line-default brz-css-24x7ht brz-css-1mcqgmm\" data-brz-custom-id=\"wlecfmkuzlixfcmonbkikjkaxegihrtazckb\">\n<hr class=\"brz-hr\"><\/div>\n<\/div>\n<div id=\"\" class=\"brz-css-1kbvn8l brz-css-1i41prb brz-wrapper\">\n<div class=\"brz-spacer brz-css-m3992v brz-css-mwlc9z\"><\/div>\n<\/div>\n<div class=\"brz-row__container brz-css-u0fdp4\" data-brz-custom-id=\"fsyjlxvthjyftbdnsoyfqvnvhtgdeypzewxb\">\n<div class=\"brz-bg\"><\/div>\n<div class=\"brz-row brz-css-925on4 brz-css-lalltn\">\n<div class=\"brz-columns brz-css-qzjtu9 brz-css-12qnd3o\" data-brz-custom-id=\"nfpsyrljtmlfugnziiymtmrotujlmrweesib\">\n<div class=\"brz-bg\"><\/div>\n<div class=\"brz-column__items brz-css-1tw9aq8 brz-css-1qzj4g7\">\n<div id=\"\" class=\"brz-css-1kbvn8l brz-css-pv05rj brz-wrapper\">\n<div class=\"brz-image brz-css-t95uqm brz-css-4cmqr4\" data-brz-custom-id=\"fjtvllhjvagzeetmrenycjieagfcusjbpqlk\"><img decoding=\"async\" class=\"brz-img\" src=\"https:\/\/drmakclinic.com\/fr?brizy_media=wp-9b7486b9d786a0648588605ea135d33b.jpg&amp;brizy_crop=iW%3D316%26iH%3D211%26oX%3D90%26oY%3D23%26cW%3D105%26cH%3D106\" alt=\"\" loading=\"lazy\"><\/div>\n<\/div>\n<\/div>\n<\/div>\n<div class=\"brz-columns brz-css-qzjtu9 brz-css-k8k4ts\" data-brz-custom-id=\"zdqoozoilyitmnzrpqikvstpquekxqivnlmp\">\n<div class=\"brz-bg\"><\/div>\n<div class=\"brz-column__items brz-css-1tw9aq8 brz-css-zbzqcr\">\n<div id=\"\" class=\"brz-css-1kbvn8l brz-wrapper\">\n<div class=\"brz-rich-text brz-rich-text__custom brz-css-wvul5i\" data-brz-custom-id=\"ftdmomcmmebcktszwdoykapjmhwtzxckbned\">\n<div data-brz-translate-text=\"1\">\n<p data-uniq-id=\"egydo\" data-generated-css=\"brz-css-trizt\" class=\"brz-tp-lg-empty brz-ff-ckyztbazucvfgxnrkwthfbuhnumrbfrmhags brz-ft-upload brz-fs-lg-24 brz-fss-lg-px brz-fw-lg-400 brz-ls-lg-0 brz-lh-lg-1_5 brz-css-dt9yR\">As you begin your journey toward considering plastic surgery and other cosmetic enhancements , my goal as your plastic surgeon is to provide you the highest quality of care throughout the entire process.<\/p>\n<\/div>\n<\/div>\n<\/div>\n<div id=\"\" class=\"brz-css-1kbvn8l brz-css-1i41prb brz-css-cikopc brz-wrapper\">\n<div class=\"brz-spacer brz-css-m3992v brz-css-1ljhm3v\"><\/div>\n<\/div>\n<div id=\"\" class=\"brz-css-1kbvn8l brz-css-7p7dat brz-wrapper\">\n<div class=\"brz-rich-text brz-rich-text__custom brz-css-wvul5i\" data-brz-custom-id=\"wqdwkfthiteffurjzqfytqeqefyjzovivahu\">\n<div data-brz-translate-text=\"1\">\n<p class=\"brz-text-xs-center brz-tp-lg-heading4 brz-css-w2Apx\" data-uniq-id=\"mrayu\" data-generated-css=\"brz-css-yakzy\"><strong class=\"brz-cp-color2\">Dr. Mehmet Arif Karag\u00f6z<\/strong><\/p>\n<\/div>\n<\/div>\n<\/div>\n<div id=\"\" class=\"brz-css-1kbvn8l brz-css-1jd9sif brz-wrapper\">\n<div class=\"brz-rich-text brz-rich-text__custom brz-css-wvul5i\" data-brz-custom-id=\"czprksucqbswyzxbhrjyinzzlkmyuhrypfze\">\n<div data-brz-translate-text=\"1\">\n<p class=\"brz-text-xs-center brz-tp-lg-paragraph brz-css-zlGIy\" data-uniq-id=\"xuihj\" data-generated-css=\"brz-css-uaiir\"><span class=\"brz-cp-color7\">DRMAK Plastic Surgeon<\/span><\/p>\n<\/div>\n<\/div>\n<\/div>\n<\/div>\n<\/div>\n<\/div>\n<\/div>\n<div id=\"\" class=\"brz-css-1kbvn8l brz-css-1i41prb brz-css-1ufj1br brz-wrapper\">\n<div class=\"brz-spacer brz-css-m3992v brz-css-7aqitv\"><\/div>\n<\/div>\n<div id=\"\" class=\"brz-css-1kbvn8l brz-wrapper\">\n<div class=\"brz-line brz-line-default brz-css-24x7ht brz-css-118r9mg\" data-brz-custom-id=\"llrcyochhwborbbgebmxbtqlitcjxebpsmxt\">\n<hr class=\"brz-hr\"><\/div>\n<\/div>\n<\/div>\n<\/div>\n<\/section>\n<\/div>\n<p>    <!-- version:1738212955 --><\/p>\n","protected":false},"excerpt":{"rendered":"<p>BRACHIOPLASTIE &#8211; LIFTING DES BRAS BRACHIOPLASTIE &#8211; LIFTING DES BRAS Au fur et \u00e0 mesure que la production de collag\u00e8ne ralentit avec le vieillissement, la peau s&rsquo;affaisse et rend votre peau moins \u00e9lastique qu&rsquo;\u00e0 un \u00e2ge plus jeune. Une autre cause d&rsquo;affaissement, en particulier sous les bras, est la prise de poids excessive ou la [&hellip;]<\/p>\n","protected":false},"author":1,"featured_media":0,"parent":1038,"menu_order":0,"comment_status":"closed","ping_status":"closed","template":"","meta":{"footnotes":""},"class_list":["post-1050","page","type-page","status-publish","hentry"],"blocksy_meta":{"styles_descriptor":{"styles":{"desktop":"","tablet":"","mobile":""},"google_fonts":[],"version":6}},"_links":{"self":[{"href":"https:\/\/drmakclinic.com\/fr\/wp-json\/wp\/v2\/pages\/1050","targetHints":{"allow":["GET"]}}],"collection":[{"href":"https:\/\/drmakclinic.com\/fr\/wp-json\/wp\/v2\/pages"}],"about":[{"href":"https:\/\/drmakclinic.com\/fr\/wp-json\/wp\/v2\/types\/page"}],"author":[{"embeddable":true,"href":"https:\/\/drmakclinic.com\/fr\/wp-json\/wp\/v2\/users\/1"}],"replies":[{"embeddable":true,"href":"https:\/\/drmakclinic.com\/fr\/wp-json\/wp\/v2\/comments?post=1050"}],"version-history":[{"count":0,"href":"https:\/\/drmakclinic.com\/fr\/wp-json\/wp\/v2\/pages\/1050\/revisions"}],"up":[{"embeddable":true,"href":"https:\/\/drmakclinic.com\/fr\/wp-json\/wp\/v2\/pages\/1038"}],"wp:attachment":[{"href":"https:\/\/drmakclinic.com\/fr\/wp-json\/wp\/v2\/media?parent=1050"}],"curies":[{"name":"wp","href":"https:\/\/api.w.org\/{rel}","templated":true}]}}