{"id":1053,"date":"2022-08-28T20:46:24","date_gmt":"2022-08-28T17:46:24","guid":{"rendered":"https:\/\/drmakclinic.com\/?page_id=1053"},"modified":"2025-01-29T15:39:47","modified_gmt":"2025-01-29T12:39:47","slug":"breast-implant","status":"publish","type":"page","link":"https:\/\/drmakclinic.com\/fr\/procedures\/aesthetic-plastic-surgery\/breast-implant\/","title":{"rendered":"Breast Implant"},"content":{"rendered":"<div class=\"brz-root__container brz-reset-all brz brz-root__container-page\">\n<section id=\"_ksldolotsiyxqqjlyummlptuwodcpqrebjbe\" class=\"brz-section brz-css-1njkfwy\">\n<div class=\"brz-section__content brz-section--boxed brz-css-122czuc brz-css-16qtby3\" data-brz-custom-id=\"mpqwamsjbtkcqpdgjefelrhauqyfqvzjdjvz\">\n<div class=\"brz-bg\">\n<div class=\"brz-bg-color\"><\/div>\n<\/div>\n<div class=\"brz-container brz-css-13l3rfo\">\n<div class=\"brz-row__container brz-css-1je1ya6\" data-brz-custom-id=\"moiyskhesoanasyilvpcqlqeigrpfirzknym\">\n<div class=\"brz-bg\"><\/div>\n<div class=\"brz-row brz-css-nw4pm3 brz-css-1ygnn3a\">\n<div class=\"brz-columns brz-css-6x37jn brz-css-1k99pv4\" data-brz-custom-id=\"ulhqdwvqrzurmuxhhpkrgqhvhuyeidftefwa\">\n<div class=\"brz-bg\"><\/div>\n<div class=\"brz-column__items brz-css-x5aqzw\">\n<div id=\"\" class=\"brz-css-ph3ocq brz-wrapper\">\n<div class=\"brz-icon-text brz-css-4sg3b6 brz-css-d792d6\" data-brz-custom-id=\"mrpkmsavpkurbhuxhhqdqcfzshfdkormyftn\">\n<div class=\"brz-icon__container\" data-brz-custom-id=\"lbyoziwxougzuufngteykeeherznylzpiucj\"><span class=\"brz-icon brz-span brz-css-bqgwwx brz-css-16qw9ib\"><\/span><\/div>\n<div class=\"brz-text-btn\">\n<div class=\"brz-rich-text brz-rich-text__custom brz-css-zq2y5x\" data-brz-custom-id=\"gxmvnavlwnztbpegiekwywzalpvbijdwzzip\">\n<div data-brz-translate-text=\"1\">\n<p class=\"brz-tp-lg-empty brz-ff-izzivsxniqvyexslaslvwzgtgnghvrxuxiru brz-ft-upload brz-fs-lg-66 brz-fss-lg-px brz-fw-lg-400 brz-ls-lg-0 brz-lh-lg-1 brz-css-kFBGd\" data-uniq-id=\"jdfqx\" data-generated-css=\"brz-css-bicfz\"><span>IMPLANTS MAMMAIRES<\/span><\/p>\n<\/div>\n<\/div>\n<\/div>\n<\/div>\n<\/div>\n<\/div>\n<\/div>\n<\/div>\n<\/div>\n<\/div>\n<\/div>\n<\/section>\n<section id=\"_sxnlrhprsqplrpktukafwndamhlrcretdpxh\" class=\"brz-section brz-css-1njkfwy\">\n<div class=\"brz-section__content brz-section--boxed brz-css-122czuc brz-css-6hw2v7\" data-brz-custom-id=\"ngbphfxadwzkfmgmtlqrasmmvtypbfmldleb\">\n<div class=\"brz-bg\">\n<div class=\"brz-bg-color\"><\/div>\n<\/div>\n<div class=\"brz-container brz-css-13l3rfo\">\n<div id=\"\" class=\"brz-css-ph3ocq brz-wrapper\">\n<div class=\"brz-line brz-line-default brz-css-10do17z brz-css-1m7hykc\" data-brz-custom-id=\"gdgjqeztbugdnzxqugluwlumdcvrgipqhxys\">\n<hr class=\"brz-hr\"><\/div>\n<\/div>\n<div class=\"brz-row__container brz-css-1je1ya6\" data-brz-custom-id=\"wxworxdgflnkmvoidfijolhhyrukztnbizun\">\n<div class=\"brz-bg\"><\/div>\n<div class=\"brz-row brz-css-nw4pm3 brz-css-10vitfc\">\n<div class=\"brz-columns brz-css-6x37jn brz-css-1obl27b\" data-brz-custom-id=\"bjtrmdzpskkwmwpfubcjocbksapvdhbwfacu\">\n<div class=\"brz-bg\"><\/div>\n<div class=\"brz-column__items brz-css-x5aqzw brz-css-13rkpub\">\n<div id=\"\" class=\"brz-css-ph3ocq brz-css-wf7xc0 brz-wrapper\">\n<div class=\"brz-rich-text brz-rich-text__custom brz-css-zq2y5x\" data-brz-custom-id=\"wqphjacpphitygbhvfbtopxeeeextfzynjxw\">\n<div data-brz-translate-text=\"1\">\n<p class=\"brz-lh-lg-1_5 brz-ls-lg-1_1 brz-fw-lg-700 brz-fss-lg-px brz-fs-lg-13 brz-ft-google brz-ff-manrope brz-tp-lg-empty brz-css-q1h2u\" data-generated-css=\"brz-css-unnej\" data-uniq-id=\"jxuxr\"><span class=\"brz-capitalize-on\">Breast Implants<\/span><\/p>\n<\/div>\n<\/div>\n<\/div>\n<div id=\"\" class=\"brz-css-ph3ocq brz-css-1htpaaj brz-wrapper\">\n<div class=\"brz-rich-text brz-rich-text__custom brz-css-zq2y5x\" data-brz-custom-id=\"tjzugehqsldqckxuordfvhmwvpzcttldvqae\">\n<div data-brz-translate-text=\"1\">\n<p class=\"brz-ls-lg-0 brz-fw-lg-400 brz-fss-lg-px brz-fs-lg-36 brz-ft-upload brz-ff-ckyztbazucvfgxnrkwthfbuhnumrbfrmhags brz-tp-lg-empty brz-lh-lg-1_3 brz-css-brgH_\" data-generated-css=\"brz-css-mrkzn\" data-uniq-id=\"dscru\"><span class=\"brz-cp-color2\">L&rsquo;augmentation mammaire est devenue un traitement tr\u00e8s populaire de nos jours et le Dr Mak l&rsquo;effectue le plus souvent. Cette proc\u00e9dure peut \u00e9galement restaurer le volume mammaire perdu apr\u00e8s une perte de poids ou une grossesse.<\/span><\/p>\n<\/div>\n<\/div>\n<\/div>\n<div id=\"\" class=\"brz-css-ph3ocq brz-css-1smsl6u brz-wrapper\">\n<div class=\"brz-spacer brz-css-3vs6on brz-css-1e7ew75\"><\/div>\n<\/div>\n<div id=\"\" class=\"brz-css-ph3ocq brz-css-50cnyl brz-wrapper\">\n<div class=\"brz-rich-text brz-rich-text__custom brz-css-zq2y5x\" data-brz-custom-id=\"vrfvrvzafomwfzbofkdkmlzkpdpowgrvgniz\">\n<div data-brz-translate-text=\"1\">\n<p class=\"brz-lh-lg-1_9 brz-ls-lg-0 brz-fw-lg-400 brz-fss-lg-px brz-fs-lg-16 brz-ft-google brz-ff-manrope brz-tp-lg-empty brz-css-geJTA\" data-generated-css=\"brz-css-hnril\" data-uniq-id=\"iraqm\"><span>Les implants mammaires ne corrigent pas les seins tombants. Un lifting des seins peut \u00eatre n\u00e9cessaire avec une augmentation mammaire pour que les seins affaiss\u00e9s paraissent plus pleins et lev\u00e9s.<\/span><\/p>\n<\/div>\n<\/div>\n<\/div>\n<div id=\"\" class=\"brz-css-ph3ocq brz-css-1smsl6u brz-wrapper\">\n<div class=\"brz-spacer brz-css-3vs6on brz-css-1sbk0ui\"><\/div>\n<\/div>\n<div id=\"\" class=\"brz-css-ph3ocq brz-css-1ew4xfl brz-wrapper\">\n<div class=\"brz-icon-text brz-css-4sg3b6\" data-brz-custom-id=\"wuajvjzletdhwuthxjvfiwhjiouiugrpivop\">\n<div class=\"brz-icon__container\" data-brz-custom-id=\"pawniryxkxlitkeefiqalcgsevulpdhzaiti\"><span class=\"brz-icon brz-span brz-css-bqgwwx brz-css-1fj9zar\"><\/span><\/div>\n<div class=\"brz-text-btn\">\n<div class=\"brz-rich-text brz-rich-text__custom brz-css-zq2y5x\" data-brz-custom-id=\"iuiioetrrtlvhoqnunrdqrsfvkrvfbcgmbhb\">\n<div data-brz-translate-text=\"1\">\n<p class=\"brz-lh-xs-1_4 brz-lh-sm-1_4 brz-fs-lg-18 brz-fs-sm-17 brz-fs-xs-17 brz-ls-lg-0 brz-ls-sm-0 brz-ls-xs-0 brz-ff-arimo brz-ft-google brz-fw-lg-400 brz-fw-sm-400 brz-fw-xs-400 brz-lh-lg-1_3 brz-css-yiH_E\" data-uniq-id=\"ufngs\" data-generated-css=\"brz-css-iiqua\"><span>Anesth\u00e9sie &#8211; G\u00e9n\u00e9ral<\/span><\/p>\n<\/div>\n<\/div>\n<\/div>\n<\/div>\n<\/div>\n<div id=\"\" class=\"brz-css-ph3ocq brz-css-1smsl6u brz-wrapper\">\n<div class=\"brz-spacer brz-css-3vs6on brz-css-1m5xx8v\"><\/div>\n<\/div>\n<div id=\"\" class=\"brz-css-ph3ocq brz-css-1knxlbb brz-wrapper\">\n<div class=\"brz-icon-text brz-css-4sg3b6\" data-brz-custom-id=\"wuyiohqacsnkboktorrxknpaakptyinpggcn\">\n<div class=\"brz-icon__container\" data-brz-custom-id=\"juhkmpddldddbrkvdbmfmkxbklidmdicbgwe\"><span class=\"brz-icon brz-span brz-css-bqgwwx brz-css-14olv4f\"><\/span><\/div>\n<div class=\"brz-text-btn\">\n<div class=\"brz-rich-text brz-rich-text__custom brz-css-zq2y5x\" data-brz-custom-id=\"fyhcxvqgewbyvicrxqasnxrlcfjlravieapg\">\n<div data-brz-translate-text=\"1\">\n<p class=\"brz-lh-sm-1_4 brz-lh-lg-1_3 brz-fw-xs-400 brz-fw-sm-400 brz-fw-lg-400 brz-ft-google brz-ff-arimo brz-ls-xs-0 brz-ls-sm-0 brz-ls-lg-0 brz-fs-xs-17 brz-fs-sm-17 brz-fs-lg-18 brz-lh-xs-1_4 brz-css-jf688\" data-uniq-id=\"htneh\" data-generated-css=\"brz-css-xthgh\"><span>Dur\u00e9e du s\u00e9jour : 7 nuits<\/span><\/p>\n<\/div>\n<\/div>\n<\/div>\n<\/div>\n<\/div>\n<div id=\"\" class=\"brz-css-ph3ocq brz-css-1smsl6u brz-wrapper\">\n<div class=\"brz-spacer brz-css-3vs6on brz-css-imp8co\"><\/div>\n<\/div>\n<div id=\"\" class=\"brz-css-ph3ocq brz-css-1sa5qe6 brz-wrapper\">\n<div class=\"brz-icon-text brz-css-4sg3b6\" data-brz-custom-id=\"tgdwwrlmqtoyamfyompkvpkfwaggsayxxvui\">\n<div class=\"brz-icon__container\" data-brz-custom-id=\"daclwosmjjkncxdohdgghfblvorfxhwafdem\"><span class=\"brz-icon brz-span brz-css-bqgwwx brz-css-1uc1feb\"><\/span><\/div>\n<div class=\"brz-text-btn\">\n<div class=\"brz-rich-text brz-rich-text__custom brz-css-zq2y5x\" data-brz-custom-id=\"divfeahoafsdjzrmlmxlztwqnfnyndlejuzq\">\n<div data-brz-translate-text=\"1\">\n<p class=\"brz-lh-xs-1_4 brz-fs-lg-18 brz-fs-sm-17 brz-fs-xs-17 brz-ls-lg-0 brz-ls-sm-0 brz-ls-xs-0 brz-ff-arimo brz-ft-google brz-fw-lg-400 brz-fw-sm-400 brz-fw-xs-400 brz-lh-lg-1_3 brz-lh-sm-1_4 brz-css-kwZlt\" data-generated-css=\"brz-css-vmmvr\" data-uniq-id=\"jzrwc\"><span>Dur\u00e9e de l&rsquo;intervention : 1 heure<\/span><\/p>\n<\/div>\n<\/div>\n<\/div>\n<\/div>\n<\/div>\n<div id=\"\" class=\"brz-css-ph3ocq brz-css-1smsl6u brz-wrapper\">\n<div class=\"brz-spacer brz-css-3vs6on brz-css-1y7i076\"><\/div>\n<\/div>\n<div id=\"\" class=\"brz-css-ph3ocq brz-css-1azq5rx brz-wrapper\">\n<div class=\"brz-icon-text brz-css-4sg3b6\" data-brz-custom-id=\"fckahbcokuwdycvdyakqhfohuaxghhwvpcii\">\n<div class=\"brz-icon__container\" data-brz-custom-id=\"pixdofgzwmxcqqlxlspnudutznuqcamufbkx\"><span class=\"brz-icon brz-span brz-css-bqgwwx brz-css-1uquswc\"><\/span><\/div>\n<div class=\"brz-text-btn\">\n<div class=\"brz-rich-text brz-rich-text__custom brz-css-zq2y5x\" data-brz-custom-id=\"wmcvyksfbuerdkhznynbvxajjehvoxalctna\">\n<div data-brz-translate-text=\"1\">\n<p class=\"brz-lh-sm-1_4 brz-lh-lg-1_3 brz-fw-xs-400 brz-fw-sm-400 brz-fw-lg-400 brz-ft-google brz-ff-arimo brz-ls-xs-0 brz-ls-sm-0 brz-ls-lg-0 brz-fs-xs-17 brz-fs-sm-17 brz-fs-lg-18 brz-lh-xs-1_4 brz-css-fJHxo\" data-generated-css=\"brz-css-oyigf\" data-uniq-id=\"mcxue\"><span>Retour \u00e0 la vie normale : 2 semaines<\/span><\/p>\n<\/div>\n<\/div>\n<\/div>\n<\/div>\n<\/div>\n<div id=\"\" class=\"brz-css-ph3ocq brz-css-1smsl6u brz-wrapper\">\n<div class=\"brz-spacer brz-css-3vs6on brz-css-1rqmndf\"><\/div>\n<\/div>\n<\/div>\n<\/div>\n<div class=\"brz-columns brz-css-6x37jn brz-css-wr7q4z\" data-brz-custom-id=\"bpbocfxynzjhcsdackijwvkxptpuqqnvvpyo\">\n<div class=\"brz-bg\"><\/div>\n<div class=\"brz-column__items brz-css-x5aqzw brz-css-1yv7bki\">\n<div id=\"\" class=\"brz-css-ph3ocq brz-css-1kn7g1n brz-wrapper\">\n<div class=\"brz-image brz-css-hi78ut brz-css-gqbkcr\" data-brz-custom-id=\"updkidzkvqjngcdntusajcucfqolrhrnhtmq\"><img decoding=\"async\" class=\"brz-img\" src=\"https:\/\/drmakclinic.com\/fr?brizy_media=wp-588c1239724e9c0a09e2e39b2a5eb87a.png&amp;brizy_crop=original\" alt=\"\" loading=\"lazy\"><\/div>\n<\/div>\n<\/div>\n<\/div>\n<\/div>\n<\/div>\n<\/div>\n<\/div>\n<\/section>\n<section id=\"_eyaoeshdmgvsualnjzeblyhdepfcvqmqqxds\" class=\"brz-section brz-css-1njkfwy\">\n<div class=\"brz-section__content brz-section--boxed brz-css-122czuc brz-css-zj1f3q\" data-brz-custom-id=\"hnovcbxjfthpzznhrdgkvgqfthfyskrmaltd\">\n<div class=\"brz-bg\">\n<div class=\"brz-bg-color\"><\/div>\n<\/div>\n<div class=\"brz-container brz-css-13l3rfo\">\n<div id=\"\" class=\"brz-css-ph3ocq brz-wrapper\">\n<div class=\"brz-line brz-line-default brz-css-10do17z brz-css-4hc40m\" data-brz-custom-id=\"xtrasukiifuhdwvkdiskmzmfuzjgladdelzv\">\n<hr class=\"brz-hr\"><\/div>\n<\/div>\n<div class=\"brz-row__container brz-css-1je1ya6\" data-brz-custom-id=\"iheuivlmmtjksdhzutkauvauwcjhzjbqcmen\">\n<div class=\"brz-bg\"><\/div>\n<div class=\"brz-row brz-css-nw4pm3\">\n<div class=\"brz-columns brz-css-6x37jn brz-css-1xxnhf6\" data-brz-custom-id=\"nrakdqcjtpotpeumoczfrfbifaocjaxshpoc\">\n<div class=\"brz-bg\"><\/div>\n<div class=\"brz-column__items brz-css-x5aqzw\"><\/div>\n<\/div>\n<div class=\"brz-columns brz-css-6x37jn brz-css-xpjy7b\" data-brz-custom-id=\"vobvoxigdzltgmsabwnotdzyeqqrmdxmwapl\">\n<div class=\"brz-bg\"><\/div>\n<div class=\"brz-column__items brz-css-x5aqzw\">\n<div id=\"\" class=\"brz-css-ph3ocq brz-wrapper\">\n<div class=\"brz-rich-text brz-rich-text__custom brz-css-zq2y5x\" data-brz-custom-id=\"iboqrjpbgrjtuyamrjtkuojkqbteaeppbvbk\">\n<div data-brz-translate-text=\"1\">\n<p class=\"brz-mt-lg-34 brz-lh-lg-1_9 brz-ls-lg-0 brz-fw-lg-400 brz-fss-lg-px brz-fs-lg-22 brz-ft-upload brz-ff-ckyztbazucvfgxnrkwthfbuhnumrbfrmhags brz-tp-lg-empty brz-css-ffTNH\" data-uniq-id=\"sntvn\" data-generated-css=\"brz-css-esess\"><span>Avant vos traitements, vous devrez peut-\u00eatre \u00e9galement :<\/span><\/p>\n<\/div>\n<\/div>\n<\/div>\n<div id=\"\" class=\"brz-css-ph3ocq brz-css-1jlpqqz brz-wrapper\">\n<div class=\"brz-icon-text brz-css-4sg3b6\" data-brz-custom-id=\"scvbcvactzcjwwjymvucobfrkdveyvfipkhz\">\n<div class=\"brz-icon__container\" data-brz-custom-id=\"icbtbqidsogairayuhhxtdkwamwkvlqfoxgj\"><span class=\"brz-icon brz-span brz-css-bqgwwx brz-css-1v43zom\"><\/span><\/div>\n<div class=\"brz-text-btn\">\n<div class=\"brz-rich-text brz-rich-text__custom brz-css-zq2y5x\" data-brz-custom-id=\"txzlbhfecfaxqcazldawnehguyrnggfmqran\">\n<div data-brz-translate-text=\"1\">\n<p class=\"brz-lh-xs-1_4 brz-fs-lg-18 brz-fs-sm-17 brz-fs-xs-17 brz-ls-lg-0 brz-ls-sm-0 brz-ls-xs-0 brz-ff-arimo brz-ft-google brz-fw-lg-400 brz-fw-sm-400 brz-fw-xs-400 brz-lh-lg-1_3 brz-lh-sm-1_4 brz-css-u9oAz\" data-uniq-id=\"lzcac\" data-generated-css=\"brz-css-hjxeh\"><span>Arr\u00eater de fumer. Fumer diminue le flux sanguin dans la peau et peut ralentir le processus de gu\u00e9rison. Si vous fumez, le Dr Mak vous recommandera d&rsquo;arr\u00eater de fumer avant la chirurgie et pendant la convalescence.<\/span><\/p>\n<\/div>\n<\/div>\n<\/div>\n<\/div>\n<\/div>\n<div id=\"\" class=\"brz-css-ph3ocq brz-css-1smsl6u brz-wrapper\">\n<div class=\"brz-spacer brz-css-3vs6on brz-css-19es9f1\"><\/div>\n<\/div>\n<div id=\"\" class=\"brz-css-ph3ocq brz-css-1yztmw brz-wrapper\">\n<div class=\"brz-icon-text brz-css-4sg3b6\" data-brz-custom-id=\"agoipjrobcwgilgedxgrptnsmfamzzklhoax\">\n<div class=\"brz-icon__container\" data-brz-custom-id=\"qbmazeptmbuhsawswdspcofgfcwwmanolbxb\"><span class=\"brz-icon brz-span brz-css-bqgwwx brz-css-131c8ud\"><\/span><\/div>\n<div class=\"brz-text-btn\">\n<div class=\"brz-rich-text brz-rich-text__custom brz-css-zq2y5x\" data-brz-custom-id=\"irbtmcjdekpjszacihtgxgrqwwzpyrfmutwi\">\n<div data-brz-translate-text=\"1\">\n<p class=\"brz-lh-sm-1_4 brz-lh-lg-1_3 brz-fw-xs-400 brz-fw-sm-400 brz-fw-lg-400 brz-ft-google brz-ff-arimo brz-ls-xs-0 brz-ls-sm-0 brz-ls-lg-0 brz-fs-xs-17 brz-fs-sm-17 brz-fs-lg-18 brz-lh-xs-1_4 brz-css-aYYOg\" data-generated-css=\"brz-css-lzkir\" data-uniq-id=\"ipyns\"><span>\u00c9vitez certains m\u00e9dicaments. Vous devrez probablement \u00e9viter de prendre de l&rsquo;aspirine, des anti-inflammatoires, des anabolisants et des suppl\u00e9ments \u00e0 base de plantes, qui peuvent augmenter les saignements.<\/span><\/p>\n<\/div>\n<\/div>\n<\/div>\n<\/div>\n<\/div>\n<\/div>\n<\/div>\n<div class=\"brz-columns brz-css-6x37jn brz-css-1k5xhyt\" data-brz-custom-id=\"matqokopzeyevbhacttvmnxxbdjfczxqexpm\">\n<div class=\"brz-bg\"><\/div>\n<div class=\"brz-column__items brz-css-x5aqzw\"><\/div>\n<\/div>\n<\/div>\n<\/div>\n<\/div>\n<\/div>\n<\/section>\n<section id=\"_xpkfandvixtejgcmqakutshosigfbsslfrzm\" class=\"brz-section brz-css-1njkfwy\">\n<div class=\"brz-section__content brz-section--boxed brz-css-122czuc brz-css-141jspl\" data-brz-custom-id=\"rhuncymsktkfxmargztrehgnbcqroagamssq\">\n<div class=\"brz-bg\">\n<div class=\"brz-bg-color\"><\/div>\n<\/div>\n<div class=\"brz-container brz-css-13l3rfo\">\n<div id=\"\" class=\"brz-css-ph3ocq brz-wrapper\">\n<div class=\"brz-line brz-line-default brz-css-10do17z brz-css-g702y5\" data-brz-custom-id=\"kpztdlwqofrmlxhqvawfjkpsctjwfpsdhoju\">\n<hr class=\"brz-hr\"><\/div>\n<\/div>\n<div id=\"\" class=\"brz-css-ph3ocq brz-css-1smsl6u brz-wrapper\">\n<div class=\"brz-spacer brz-css-3vs6on brz-css-y6jeir\"><\/div>\n<\/div>\n<div class=\"brz-row__container brz-css-1je1ya6\" data-brz-custom-id=\"jfiahtbosjakevsnqjilijecdxyldixiacil\">\n<div class=\"brz-bg\"><\/div>\n<div class=\"brz-row brz-css-nw4pm3 brz-css-10vitfc\">\n<div class=\"brz-columns brz-css-6x37jn brz-css-1y8vsn5\" data-brz-custom-id=\"rfoqlclovsoakfivlupqelwimgizaxeljlhc\">\n<div class=\"brz-bg\"><\/div>\n<div class=\"brz-column__items brz-css-x5aqzw brz-css-qx4ugw\">\n<div id=\"\" class=\"brz-css-ph3ocq brz-css-1qhzqoa brz-wrapper\">\n<div class=\"brz-image brz-css-bpob0f brz-css-11f8r3b\" data-brz-custom-id=\"xzbpmfebfhuguxrsbsmsoidfsqtropnoqwkq\"><img decoding=\"async\" class=\"brz-img\" src=\"https:\/\/drmakclinic.com\/fr?brizy_media=wp-9b7486b9d786a0648588605ea135d33b.jpg&amp;brizy_crop=iW%3D316%26iH%3D211%26oX%3D90%26oY%3D23%26cW%3D105%26cH%3D106\" alt=\"\" loading=\"lazy\"><\/div>\n<\/div>\n<\/div>\n<\/div>\n<div class=\"brz-columns brz-css-6x37jn brz-css-1fahhwz\" data-brz-custom-id=\"dmsljwcsottfgryznpjzgwxtscgykfgwgkhx\">\n<div class=\"brz-bg\"><\/div>\n<div class=\"brz-column__items brz-css-x5aqzw brz-css-1fcto8w\">\n<div id=\"\" class=\"brz-css-ph3ocq brz-wrapper\">\n<div class=\"brz-rich-text brz-rich-text__custom brz-css-zq2y5x\" data-brz-custom-id=\"yntlscnxteyfpgsggkneoxjzexkjrxcfnuqs\">\n<div data-brz-translate-text=\"1\">\n<p data-uniq-id=\"egydo\" data-generated-css=\"brz-css-trizt\" class=\"brz-tp-lg-empty brz-ff-ckyztbazucvfgxnrkwthfbuhnumrbfrmhags brz-ft-upload brz-fs-lg-24 brz-fss-lg-px brz-fw-lg-400 brz-ls-lg-0 brz-lh-lg-1_5 brz-css-fbPJd\">As you begin your journey toward considering plastic surgery and other cosmetic enhancements , my goal as your plastic surgeon is to provide you the highest quality of care throughout the entire process.<\/p>\n<\/div>\n<\/div>\n<\/div>\n<div id=\"\" class=\"brz-css-ph3ocq brz-css-1smsl6u brz-css-1mrhnyd brz-wrapper\">\n<div class=\"brz-spacer brz-css-3vs6on brz-css-1yqr18v\"><\/div>\n<\/div>\n<div id=\"\" class=\"brz-css-ph3ocq brz-css-1c8xqei brz-wrapper\">\n<div class=\"brz-rich-text brz-rich-text__custom brz-css-zq2y5x\" data-brz-custom-id=\"gdzvchvarojbhmykehogmfogiiwszmpccugd\">\n<div data-brz-translate-text=\"1\">\n<p class=\"brz-text-xs-center brz-tp-lg-heading4 brz-css-bHpWB\" data-uniq-id=\"mrayu\" data-generated-css=\"brz-css-yakzy\"><strong class=\"brz-cp-color2\">Dr. Mehmet Arif Karag\u00f6z<\/strong><\/p>\n<\/div>\n<\/div>\n<\/div>\n<div id=\"\" class=\"brz-css-ph3ocq brz-css-6hnqfi brz-wrapper\">\n<div class=\"brz-rich-text brz-rich-text__custom brz-css-zq2y5x\" data-brz-custom-id=\"aitmgdokyozsfpirbtqbawfmqwgqanznawis\">\n<div data-brz-translate-text=\"1\">\n<p class=\"brz-text-xs-center brz-tp-lg-paragraph brz-css-gJfuF\" data-uniq-id=\"xuihj\" data-generated-css=\"brz-css-uaiir\"><span class=\"brz-cp-color7\">DRMAK Plastic Surgeon<\/span><\/p>\n<\/div>\n<\/div>\n<\/div>\n<\/div>\n<\/div>\n<\/div>\n<\/div>\n<div id=\"\" class=\"brz-css-ph3ocq brz-css-1smsl6u brz-css-15000mo brz-wrapper\">\n<div class=\"brz-spacer brz-css-3vs6on brz-css-oz6cfm\"><\/div>\n<\/div>\n<div id=\"\" class=\"brz-css-ph3ocq brz-wrapper\">\n<div class=\"brz-line brz-line-default brz-css-10do17z brz-css-4ftji1\" data-brz-custom-id=\"albrljizfgovjvqzkmnqugssljzdwhmtskiw\">\n<hr class=\"brz-hr\"><\/div>\n<\/div>\n<\/div>\n<\/div>\n<\/section>\n<\/div>\n<p>    <!-- version:1738154387 --><\/p>\n","protected":false},"excerpt":{"rendered":"<p>IMPLANTS MAMMAIRES Breast Implants L&rsquo;augmentation mammaire est devenue un traitement tr\u00e8s populaire de nos jours et le Dr Mak l&rsquo;effectue le plus souvent. Cette proc\u00e9dure peut \u00e9galement restaurer le volume mammaire perdu apr\u00e8s une perte de poids ou une grossesse. Les implants mammaires ne corrigent pas les seins tombants. Un lifting des seins peut \u00eatre [&hellip;]<\/p>\n","protected":false},"author":1,"featured_media":0,"parent":1038,"menu_order":0,"comment_status":"closed","ping_status":"closed","template":"","meta":{"footnotes":""},"class_list":["post-1053","page","type-page","status-publish","hentry"],"blocksy_meta":{"styles_descriptor":{"styles":{"desktop":"","tablet":"","mobile":""},"google_fonts":[],"version":6}},"_links":{"self":[{"href":"https:\/\/drmakclinic.com\/fr\/wp-json\/wp\/v2\/pages\/1053","targetHints":{"allow":["GET"]}}],"collection":[{"href":"https:\/\/drmakclinic.com\/fr\/wp-json\/wp\/v2\/pages"}],"about":[{"href":"https:\/\/drmakclinic.com\/fr\/wp-json\/wp\/v2\/types\/page"}],"author":[{"embeddable":true,"href":"https:\/\/drmakclinic.com\/fr\/wp-json\/wp\/v2\/users\/1"}],"replies":[{"embeddable":true,"href":"https:\/\/drmakclinic.com\/fr\/wp-json\/wp\/v2\/comments?post=1053"}],"version-history":[{"count":0,"href":"https:\/\/drmakclinic.com\/fr\/wp-json\/wp\/v2\/pages\/1053\/revisions"}],"up":[{"embeddable":true,"href":"https:\/\/drmakclinic.com\/fr\/wp-json\/wp\/v2\/pages\/1038"}],"wp:attachment":[{"href":"https:\/\/drmakclinic.com\/fr\/wp-json\/wp\/v2\/media?parent=1053"}],"curies":[{"name":"wp","href":"https:\/\/api.w.org\/{rel}","templated":true}]}}