{"id":1056,"date":"2022-08-28T20:46:43","date_gmt":"2022-08-28T17:46:43","guid":{"rendered":"https:\/\/drmakclinic.com\/?page_id=1056"},"modified":"2025-01-30T21:00:06","modified_gmt":"2025-01-30T18:00:06","slug":"breast-reduction","status":"publish","type":"page","link":"https:\/\/drmakclinic.com\/fr\/procedures\/aesthetic-plastic-surgery\/breast-reduction\/","title":{"rendered":"Breast Reduction"},"content":{"rendered":"<div class=\"brz-root__container brz-reset-all brz brz-root__container-page\">\n<section id=\"_bngnnxdbsuofhcrinabxezjduqtjnjdzmnix\" class=\"brz-section brz-css-1t9y5du\">\n<div class=\"brz-section__content brz-section--boxed brz-css-1yadsik brz-css-15d97vz\" data-brz-custom-id=\"xlnltblzjiamnfwpldzsycbhzvgaygbvawko\">\n<div class=\"brz-bg\">\n<div class=\"brz-bg-color\"><\/div>\n<\/div>\n<div class=\"brz-container brz-css-161f603\">\n<div class=\"brz-row__container brz-css-1ifsv65\" data-brz-custom-id=\"wtpghlakwqsxfkkqcwnqbpnbrebsckkfmtml\">\n<div class=\"brz-bg\"><\/div>\n<div class=\"brz-row brz-css-1ygnijn brz-css-115tty1\">\n<div class=\"brz-columns brz-css-zhgmze brz-css-1ngocd6\" data-brz-custom-id=\"sixjchtljigafbyazrwziggrvhaogsspyqzh\">\n<div class=\"brz-bg\"><\/div>\n<div class=\"brz-column__items brz-css-18jnk90\">\n<div id=\"\" class=\"brz-css-ywhh14 brz-wrapper\">\n<div class=\"brz-icon-text brz-css-6febm8 brz-css-1mmqqc6\" data-brz-custom-id=\"vvayuodxqzgpzdcahtmkezqgphpdybxvzgam\">\n<div class=\"brz-icon__container\" data-brz-custom-id=\"ipejypwcjlwfqovrjsfloujmtldhzfhppqmr\"><span class=\"brz-icon brz-span brz-css-ud0uq9 brz-css-vle4j2\"><\/span><\/div>\n<div class=\"brz-text-btn\">\n<div class=\"brz-rich-text brz-rich-text__custom brz-css-ttt5ww\" data-brz-custom-id=\"eoctnijlsneysnoskqvwixsqfxuqvqdhorjw\">\n<div data-brz-translate-text=\"1\">\n<p class=\"brz-tp-lg-empty brz-ff-izzivsxniqvyexslaslvwzgtgnghvrxuxiru brz-ft-upload brz-fs-lg-66 brz-fss-lg-px brz-fw-lg-400 brz-ls-lg-0 brz-lh-lg-1 brz-css-d1jqp\" data-uniq-id=\"sydtq\" data-generated-css=\"brz-css-iziap\"><span>R\u00c9DUCTION MAMMAIRE<\/span><\/p>\n<\/div>\n<\/div>\n<\/div>\n<\/div>\n<\/div>\n<\/div>\n<\/div>\n<\/div>\n<\/div>\n<\/div>\n<\/div>\n<\/section>\n<section id=\"_duwlgcqqvqnprjsukifnaqowjqzcaxgusbtv\" class=\"brz-section brz-css-1t9y5du\">\n<div class=\"brz-section__content brz-section--boxed brz-css-1yadsik brz-css-zgc8tf\" data-brz-custom-id=\"dwocuuzhedfceaepntrakkwbyxzipgwulcbg\">\n<div class=\"brz-bg\">\n<div class=\"brz-bg-color\"><\/div>\n<\/div>\n<div class=\"brz-container brz-css-161f603\">\n<div id=\"\" class=\"brz-css-ywhh14 brz-wrapper\">\n<div class=\"brz-line brz-line-default brz-css-5a7ngt brz-css-1ezawfv\" data-brz-custom-id=\"idbjbirketykybznhhjmjtqjhaeiivmutzjv\">\n<hr class=\"brz-hr\"><\/div>\n<\/div>\n<div class=\"brz-row__container brz-css-1ifsv65\" data-brz-custom-id=\"tevqyltxjdgggdyjeonztyokfkdlophtwsuy\">\n<div class=\"brz-bg\"><\/div>\n<div class=\"brz-row brz-css-1ygnijn brz-css-1t1g78m\">\n<div class=\"brz-columns brz-css-zhgmze brz-css-1vc23v0\" data-brz-custom-id=\"jcczfxwmehpevbbzictiqkqjqqvuzcikqzng\">\n<div class=\"brz-bg\"><\/div>\n<div class=\"brz-column__items brz-css-18jnk90 brz-css-2rkfqm\">\n<div id=\"\" class=\"brz-css-ywhh14 brz-css-1j2770w brz-wrapper\">\n<div class=\"brz-rich-text brz-rich-text__custom brz-css-ttt5ww\" data-brz-custom-id=\"ygoreiouxdesbblyyvexpmujafiroludlpur\">\n<div data-brz-translate-text=\"1\">\n<p class=\"brz-tp-lg-empty brz-ff-manrope brz-ft-google brz-fs-lg-13 brz-fss-lg-px brz-fw-lg-700 brz-ls-lg-1_1 brz-lh-lg-1_5 brz-css-qgYjV\" data-uniq-id=\"ycica\" data-generated-css=\"brz-css-knnba\"><span class=\"brz-capitalize-on\">R\u00c9DUCTION MAMMAIRE<\/span><\/p>\n<\/div>\n<\/div>\n<\/div>\n<div id=\"\" class=\"brz-css-ywhh14 brz-css-1fhmdjj brz-wrapper\">\n<div class=\"brz-rich-text brz-rich-text__custom brz-css-ttt5ww\" data-brz-custom-id=\"akcjgfcguesladvrjfxfvncryiggypmdbgul\">\n<div data-brz-translate-text=\"1\">\n<p class=\"brz-ls-lg-0 brz-fw-lg-400 brz-fss-lg-px brz-fs-lg-36 brz-ft-upload brz-ff-ckyztbazucvfgxnrkwthfbuhnumrbfrmhags brz-tp-lg-empty brz-lh-lg-1_3 brz-css-eTbZx\" data-generated-css=\"brz-css-pkinb\" data-uniq-id=\"mriha\"><span class=\"brz-cp-color2\">La r\u00e9duction mammaire est une proc\u00e9dure visant \u00e0 \u00e9liminer l&rsquo;exc\u00e8s de graisse, de tissus et de peau pour obtenir une taille de poitrine plus proportionn\u00e9e \u00e0 votre corps et r\u00e9duire l&rsquo;inconfort associ\u00e9 aux seins extr\u00eamement gros.<\/span><\/p>\n<\/div>\n<\/div>\n<\/div>\n<div id=\"\" class=\"brz-css-ywhh14 brz-css-soh7lg brz-wrapper\">\n<div class=\"brz-spacer brz-css-1nijduz brz-css-f10toh\"><\/div>\n<\/div>\n<div id=\"\" class=\"brz-css-ywhh14 brz-css-1nbbd41 brz-wrapper\">\n<div class=\"brz-rich-text brz-rich-text__custom brz-css-ttt5ww\" data-brz-custom-id=\"kjmrefkjfbfrovxfvedjaghtyxonlejezfle\">\n<div data-brz-translate-text=\"1\">\n<p class=\"brz-lh-lg-1_9 brz-ls-lg-0 brz-fw-lg-400 brz-fss-lg-px brz-fs-lg-16 brz-ft-google brz-ff-manrope brz-tp-lg-empty brz-css-pkd6o\" data-generated-css=\"brz-css-wznox\" data-uniq-id=\"xyozx\"><span>Vous pouvez avoir une r\u00e9duction mammaire \u00e0 tout \u00e2ge. Mais si vos seins ne sont pas compl\u00e8tement d\u00e9velopp\u00e9s, vous pourriez avoir besoin d&rsquo;une deuxi\u00e8me intervention chirurgicale plus tard. Le Dr Mak pratique g\u00e9n\u00e9ralement une incision autour de votre ar\u00e9ole et le long de chaque sein (type ancre).<\/span><\/p>\n<\/div>\n<\/div>\n<\/div>\n<div id=\"\" class=\"brz-css-ywhh14 brz-css-soh7lg brz-wrapper\">\n<div class=\"brz-spacer brz-css-1nijduz brz-css-7xwp0z\"><\/div>\n<\/div>\n<div id=\"\" class=\"brz-css-ywhh14 brz-css-a2p3yx brz-wrapper\">\n<div class=\"brz-icon-text brz-css-6febm8\" data-brz-custom-id=\"ifovkpusuafazwvhkmzncrwelxzzeycpccqu\">\n<div class=\"brz-icon__container\" data-brz-custom-id=\"gagywtblxvakcqetnypezswtkjvaisvqzyuq\"><span class=\"brz-icon brz-span brz-css-ud0uq9 brz-css-1a2hvft\"><\/span><\/div>\n<div class=\"brz-text-btn\">\n<div class=\"brz-rich-text brz-rich-text__custom brz-css-ttt5ww\" data-brz-custom-id=\"xjdzwxkrgezfepgrihjsfxklunnpuumxzels\">\n<div data-brz-translate-text=\"1\">\n<p class=\"brz-lh-xs-1_4 brz-lh-sm-1_4 brz-fs-lg-18 brz-fs-sm-17 brz-fs-xs-17 brz-ls-lg-0 brz-ls-sm-0 brz-ls-xs-0 brz-ff-arimo brz-ft-google brz-fw-lg-400 brz-fw-sm-400 brz-fw-xs-400 brz-lh-lg-1_3 brz-css-ie3_N\" data-uniq-id=\"nppvf\" data-generated-css=\"brz-css-sgrpo\"><span>Anesth\u00e9sie : G\u00e9n\u00e9rale<\/span><\/p>\n<\/div>\n<\/div>\n<\/div>\n<\/div>\n<\/div>\n<div id=\"\" class=\"brz-css-ywhh14 brz-css-soh7lg brz-wrapper\">\n<div class=\"brz-spacer brz-css-1nijduz brz-css-1e3qtmw\"><\/div>\n<\/div>\n<div id=\"\" class=\"brz-css-ywhh14 brz-css-5wvdi7 brz-wrapper\">\n<div class=\"brz-icon-text brz-css-6febm8\" data-brz-custom-id=\"ccezqtagfpvrznqrsgoeriohxezlmpysgabs\">\n<div class=\"brz-icon__container\" data-brz-custom-id=\"unngfzyvxwbrndcungupzfnkjjpwcysdvlve\"><span class=\"brz-icon brz-span brz-css-ud0uq9 brz-css-11ero27\"><\/span><\/div>\n<div class=\"brz-text-btn\">\n<div class=\"brz-rich-text brz-rich-text__custom brz-css-ttt5ww\" data-brz-custom-id=\"bpympmntrcnyblocfeesjmiuiaverkoybxey\">\n<div data-brz-translate-text=\"1\">\n<p class=\"brz-lh-sm-1_4 brz-lh-lg-1_3 brz-fw-xs-400 brz-fw-sm-400 brz-fw-lg-400 brz-ft-google brz-ff-arimo brz-ls-xs-0 brz-ls-sm-0 brz-ls-lg-0 brz-fs-xs-17 brz-fs-sm-17 brz-fs-lg-18 brz-lh-xs-1_4 brz-css-nV3hR\" data-uniq-id=\"saocv\" data-generated-css=\"brz-css-pdalw\"><span>Dur\u00e9e du s\u00e9jour : 7 nuits<\/span><\/p>\n<\/div>\n<\/div>\n<\/div>\n<\/div>\n<\/div>\n<div id=\"\" class=\"brz-css-ywhh14 brz-css-soh7lg brz-wrapper\">\n<div class=\"brz-spacer brz-css-1nijduz brz-css-17bsj67\"><\/div>\n<\/div>\n<div id=\"\" class=\"brz-css-ywhh14 brz-css-1vpkb85 brz-wrapper\">\n<div class=\"brz-icon-text brz-css-6febm8\" data-brz-custom-id=\"lpglqahlhazexnlvdmeohyqemvbsgkbqrxix\">\n<div class=\"brz-icon__container\" data-brz-custom-id=\"uxxbzfwjojlwgzqdpltbhlzfymtwbjzvgwfz\"><span class=\"brz-icon brz-span brz-css-ud0uq9 brz-css-145nwh8\"><\/span><\/div>\n<div class=\"brz-text-btn\">\n<div class=\"brz-rich-text brz-rich-text__custom brz-css-ttt5ww\" data-brz-custom-id=\"yqqdzcbszdentvpkzsldboszmfdkkibnayhl\">\n<div data-brz-translate-text=\"1\">\n<p class=\"brz-lh-sm-1_4 brz-lh-lg-1_3 brz-fw-xs-400 brz-fw-sm-400 brz-fw-lg-400 brz-ft-google brz-ff-arimo brz-ls-xs-0 brz-ls-sm-0 brz-ls-lg-0 brz-fs-xs-17 brz-fs-sm-17 brz-fs-lg-18 brz-lh-xs-1_4 brz-css-zBVCY\" data-uniq-id=\"akvth\" data-generated-css=\"brz-css-nodqs\"><span>Dur\u00e9e de l&rsquo;intervention : 2 heures<\/span><\/p>\n<\/div>\n<\/div>\n<\/div>\n<\/div>\n<\/div>\n<div id=\"\" class=\"brz-css-ywhh14 brz-css-soh7lg brz-wrapper\">\n<div class=\"brz-spacer brz-css-1nijduz brz-css-27s9v8\"><\/div>\n<\/div>\n<div id=\"\" class=\"brz-css-ywhh14 brz-css-90s3ls brz-wrapper\">\n<div class=\"brz-icon-text brz-css-6febm8\" data-brz-custom-id=\"llyofsgxmpqddbddjmzsjwhugmmtpiujsqsn\">\n<div class=\"brz-icon__container\" data-brz-custom-id=\"mojrhkyxqcmfvqimpjsrxhzyogvbkrguezth\"><span class=\"brz-icon brz-span brz-css-ud0uq9 brz-css-1dblwka\"><\/span><\/div>\n<div class=\"brz-text-btn\">\n<div class=\"brz-rich-text brz-rich-text__custom brz-css-ttt5ww\" data-brz-custom-id=\"npspzxokxsrumzmmsthzjvqgspujvsyimous\">\n<div data-brz-translate-text=\"1\">\n<p class=\"brz-lh-xs-1_4 brz-fs-lg-18 brz-fs-sm-17 brz-fs-xs-17 brz-ls-lg-0 brz-ls-sm-0 brz-ls-xs-0 brz-ff-arimo brz-ft-google brz-fw-lg-400 brz-fw-sm-400 brz-fw-xs-400 brz-lh-lg-1_3 brz-lh-sm-1_4 brz-css-mpwkc\" data-uniq-id=\"grcon\" data-generated-css=\"brz-css-fgtzn\"><span>Retour \u00e0 une vie normale : 2 semaines<\/span><\/p>\n<\/div>\n<\/div>\n<\/div>\n<\/div>\n<\/div>\n<div id=\"\" class=\"brz-css-ywhh14 brz-css-soh7lg brz-wrapper\">\n<div class=\"brz-spacer brz-css-1nijduz brz-css-4w148x\"><\/div>\n<\/div>\n<\/div>\n<\/div>\n<div class=\"brz-columns brz-css-zhgmze brz-css-12clf51\" data-brz-custom-id=\"jxwyzwdwzrsmawamlmpqiqmfqdcnidpaerbg\">\n<div class=\"brz-bg\"><\/div>\n<div class=\"brz-column__items brz-css-18jnk90 brz-css-1h6q5d6\">\n<div id=\"\" class=\"brz-css-ywhh14 brz-css-1gdv6y9 brz-wrapper\">\n<div class=\"brz-image brz-css-v3cs6z brz-css-l53k2w\" data-brz-custom-id=\"otxevjsrdxwpvbpukiixslbufiojgdvemiri\"><img decoding=\"async\" class=\"brz-img\" src=\"https:\/\/drmakclinic.com\/fr?brizy_media=wp-9e5c6677b636c0a820133e8da90f5758.png&amp;brizy_crop=original\" alt=\"\" loading=\"lazy\"><\/div>\n<\/div>\n<\/div>\n<\/div>\n<\/div>\n<\/div>\n<\/div>\n<\/div>\n<\/section>\n<section id=\"_pqvxsjpgbssonwiwxhwdshdcopazexaugeuj\" class=\"brz-section brz-css-1t9y5du\">\n<div class=\"brz-section__content brz-section--boxed brz-css-1yadsik brz-css-tfrpuy\" data-brz-custom-id=\"rhtyyczdqgghitemeavfiyhhyrdmuiyxompf\">\n<div class=\"brz-bg\">\n<div class=\"brz-bg-color\"><\/div>\n<\/div>\n<div class=\"brz-container brz-css-161f603\">\n<div id=\"\" class=\"brz-css-ywhh14 brz-wrapper\">\n<div class=\"brz-line brz-line-default brz-css-5a7ngt brz-css-i1693a\" data-brz-custom-id=\"ftxmsguogeadxpvsdzjnqflcaokkkuokrjlk\">\n<hr class=\"brz-hr\"><\/div>\n<\/div>\n<div class=\"brz-row__container brz-css-1ifsv65\" data-brz-custom-id=\"hluvtatsnajjegoidydtdxebquxwdtyoomnp\">\n<div class=\"brz-bg\"><\/div>\n<div class=\"brz-row brz-css-1ygnijn\">\n<div class=\"brz-columns brz-css-zhgmze brz-css-3owfli\" data-brz-custom-id=\"ablbrsxskqaszntvozzncokoyknwlpyyhowi\">\n<div class=\"brz-bg\"><\/div>\n<div class=\"brz-column__items brz-css-18jnk90\"><\/div>\n<\/div>\n<div class=\"brz-columns brz-css-zhgmze brz-css-3wfgso\" data-brz-custom-id=\"zoyohgvpxjcneglmzegkbfrslaransqcwsbb\">\n<div class=\"brz-bg\"><\/div>\n<div class=\"brz-column__items brz-css-18jnk90\">\n<div id=\"\" class=\"brz-css-ywhh14 brz-css-1esyma0 brz-wrapper\">\n<div class=\"brz-rich-text brz-rich-text__custom brz-css-ttt5ww\" data-brz-custom-id=\"ohvmvbngcmwhxdhbywcblcgscrlagkqlqrql\">\n<div data-brz-translate-text=\"1\">\n<p class=\"brz-tp-lg-empty brz-ff-manrope brz-ft-google brz-fs-lg-16 brz-fss-lg-px brz-fw-lg-400 brz-ls-lg-0 brz-lh-lg-1_9 brz-css-i1t9e\" data-uniq-id=\"xirua\" data-generated-css=\"brz-css-cloyb\"><span>Il enl\u00e8ve l&rsquo;exc\u00e8s de tissu mammaire, de graisse et de peau pour r\u00e9duire la taille de chaque sein. Il devra peut-\u00eatre retirer le mamelon et l&rsquo;ar\u00e9ole, puis les rattacher \u00e0 une position plus \u00e9lev\u00e9e en tant que greffe de peau si vos seins sont tr\u00e8s gros. Vous devriez reporter votre chirurgie de r\u00e9duction mammaire si vous avez certains projets futurs tels que; accouchement et perte de poids.<\/span><\/p>\n<\/div>\n<\/div>\n<\/div>\n<div id=\"\" class=\"brz-css-ywhh14 brz-wrapper\">\n<div class=\"brz-rich-text brz-rich-text__custom brz-css-ttt5ww\" data-brz-custom-id=\"wpuxwlnoxghfzdutynhazrwjdlcgeaxcntsp\">\n<div data-brz-translate-text=\"1\">\n<p class=\"brz-mt-lg-34 brz-lh-lg-1_9 brz-ls-lg-0 brz-fw-lg-400 brz-fss-lg-px brz-fs-lg-22 brz-ft-upload brz-ff-ckyztbazucvfgxnrkwthfbuhnumrbfrmhags brz-tp-lg-empty brz-css-oOph6\" data-uniq-id=\"wcptt\" data-generated-css=\"brz-css-zijmy\"><span>Avant vos traitements, vous devrez peut-\u00eatre \u00e9galement :<\/span><\/p>\n<\/div>\n<\/div>\n<\/div>\n<div id=\"\" class=\"brz-css-ywhh14 brz-css-4nijkv brz-wrapper\">\n<div class=\"brz-icon-text brz-css-6febm8\" data-brz-custom-id=\"vihpdzwsdghwvydpjkbrpkzjuksplfujbnpg\">\n<div class=\"brz-icon__container\" data-brz-custom-id=\"hegkhspxxafzntjvwelqeswbpxkagpjwhlcs\"><span class=\"brz-icon brz-span brz-css-ud0uq9 brz-css-1s4yeuf\"><\/span><\/div>\n<div class=\"brz-text-btn\">\n<div class=\"brz-rich-text brz-rich-text__custom brz-css-ttt5ww\" data-brz-custom-id=\"ypzyydeplwjreeortnnmwkkarzodzfzlezji\">\n<div data-brz-translate-text=\"1\">\n<p class=\"brz-lh-xs-1_4 brz-fs-lg-18 brz-fs-sm-17 brz-fs-xs-17 brz-ls-lg-0 brz-ls-sm-0 brz-ls-xs-0 brz-ff-arimo brz-ft-google brz-fw-lg-400 brz-fw-sm-400 brz-fw-xs-400 brz-lh-lg-1_3 brz-lh-sm-1_4 brz-css-eQz3e\" data-uniq-id=\"azdvs\" data-generated-css=\"brz-css-fzfus\"><span>Arr\u00eater de fumer. Fumer diminue le flux sanguin dans la peau et peut ralentir le processus de gu\u00e9rison. Si vous fumez, le Dr Mak vous recommandera d&rsquo;arr\u00eater de fumer avant la chirurgie et pendant la convalescence.<\/span><\/p>\n<\/div>\n<\/div>\n<\/div>\n<\/div>\n<\/div>\n<div id=\"\" class=\"brz-css-ywhh14 brz-css-soh7lg brz-wrapper\">\n<div class=\"brz-spacer brz-css-1nijduz brz-css-1268p77\"><\/div>\n<\/div>\n<div id=\"\" class=\"brz-css-ywhh14 brz-css-gwhe6d brz-wrapper\">\n<div class=\"brz-icon-text brz-css-6febm8\" data-brz-custom-id=\"fchcvutlvtlldewhgtpbwrzrjndmwqtevtrz\">\n<div class=\"brz-icon__container\" data-brz-custom-id=\"sljcxkhnvoeauromdgmvakqwelexechpkffy\"><span class=\"brz-icon brz-span brz-css-ud0uq9 brz-css-11su9bw\"><\/span><\/div>\n<div class=\"brz-text-btn\">\n<div class=\"brz-rich-text brz-rich-text__custom brz-css-ttt5ww\" data-brz-custom-id=\"smvpovahjyjcjzfayeujvqtoeexlufjihynv\">\n<div data-brz-translate-text=\"1\">\n<p class=\"brz-lh-sm-1_4 brz-lh-lg-1_3 brz-fw-xs-400 brz-fw-sm-400 brz-fw-lg-400 brz-ft-google brz-ff-arimo brz-ls-xs-0 brz-ls-sm-0 brz-ls-lg-0 brz-fs-xs-17 brz-fs-sm-17 brz-fs-lg-18 brz-lh-xs-1_4 brz-css-tVwOQ\" data-generated-css=\"brz-css-myzpr\" data-uniq-id=\"grgyd\"><span>\u00c9vitez certains m\u00e9dicaments. Vous devrez probablement \u00e9viter de prendre de l&rsquo;aspirine, des anti-inflammatoires, des anabolisants et des suppl\u00e9ments \u00e0 base de plantes, qui peuvent augmenter les saignements.<\/span><\/p>\n<\/div>\n<\/div>\n<\/div>\n<\/div>\n<\/div>\n<\/div>\n<\/div>\n<div class=\"brz-columns brz-css-zhgmze brz-css-6jv6uu\" data-brz-custom-id=\"cdfwikoxraqpigzjmujatlsyhwudkzlgwlhs\">\n<div class=\"brz-bg\"><\/div>\n<div class=\"brz-column__items brz-css-18jnk90\"><\/div>\n<\/div>\n<\/div>\n<\/div>\n<\/div>\n<\/div>\n<\/section>\n<section id=\"_fpqnsdpyahybzqhnduhzdtvsbohwxjncupln\" class=\"brz-section brz-css-1t9y5du\">\n<div class=\"brz-section__content brz-section--boxed brz-css-1yadsik brz-css-117o17r\" data-brz-custom-id=\"zcxbxrgbgydabhedbemfuvpvlchdybhspllb\">\n<div class=\"brz-bg\">\n<div class=\"brz-bg-color\"><\/div>\n<\/div>\n<div class=\"brz-container brz-css-161f603\">\n<div id=\"\" class=\"brz-css-ywhh14 brz-wrapper\">\n<div class=\"brz-line brz-line-default brz-css-5a7ngt brz-css-w31saz\" data-brz-custom-id=\"razklhfephxsqtpfklaotxfxquztrbrmsiwi\">\n<hr class=\"brz-hr\"><\/div>\n<\/div>\n<div id=\"\" class=\"brz-css-ywhh14 brz-css-soh7lg brz-wrapper\">\n<div class=\"brz-spacer brz-css-1nijduz brz-css-1pwolvy\"><\/div>\n<\/div>\n<div class=\"brz-row__container brz-css-1ifsv65\" data-brz-custom-id=\"hizpaqzevrnvwjgxztyylpnnmxfmehditutg\">\n<div class=\"brz-bg\"><\/div>\n<div class=\"brz-row brz-css-1ygnijn brz-css-1t1g78m\">\n<div class=\"brz-columns brz-css-zhgmze brz-css-16hw2z2\" data-brz-custom-id=\"canmndputdjtdoqleemhmdmkzsnqjugdpbmi\">\n<div class=\"brz-bg\"><\/div>\n<div class=\"brz-column__items brz-css-18jnk90 brz-css-5vynu\">\n<div id=\"\" class=\"brz-css-ywhh14 brz-css-1rxto07 brz-wrapper\">\n<div class=\"brz-image brz-css-1talfkj brz-css-tp7s6w\" data-brz-custom-id=\"mqhalxgwtiejjnyzlqjccazgnxpnrkulprea\"><img decoding=\"async\" class=\"brz-img\" src=\"https:\/\/drmakclinic.com\/fr?brizy_media=wp-9b7486b9d786a0648588605ea135d33b.jpg&amp;brizy_crop=iW%3D316%26iH%3D211%26oX%3D90%26oY%3D23%26cW%3D105%26cH%3D106\" alt=\"\" loading=\"lazy\"><\/div>\n<\/div>\n<\/div>\n<\/div>\n<div class=\"brz-columns brz-css-zhgmze brz-css-1sriubt\" data-brz-custom-id=\"abarhpowyzyzkifelzditmtuoxelzimdruau\">\n<div class=\"brz-bg\"><\/div>\n<div class=\"brz-column__items brz-css-18jnk90 brz-css-sofb61\">\n<div id=\"\" class=\"brz-css-ywhh14 brz-wrapper\">\n<div class=\"brz-rich-text brz-rich-text__custom brz-css-ttt5ww\" data-brz-custom-id=\"rkqmwtnckislwbfalcuyoktboqkoukcbgkxl\">\n<div data-brz-translate-text=\"1\">\n<p data-uniq-id=\"egydo\" data-generated-css=\"brz-css-trizt\" class=\"brz-tp-lg-empty brz-ff-ckyztbazucvfgxnrkwthfbuhnumrbfrmhags brz-ft-upload brz-fs-lg-24 brz-fss-lg-px brz-fw-lg-400 brz-ls-lg-0 brz-lh-lg-1_5 brz-css-zrZXj\">As you begin your journey toward considering plastic surgery and other cosmetic enhancements , my goal as your plastic surgeon is to provide you the highest quality of care throughout the entire process.<\/p>\n<\/div>\n<\/div>\n<\/div>\n<div id=\"\" class=\"brz-css-ywhh14 brz-css-soh7lg brz-css-13utetg brz-wrapper\">\n<div class=\"brz-spacer brz-css-1nijduz brz-css-1y5cler\"><\/div>\n<\/div>\n<div id=\"\" class=\"brz-css-ywhh14 brz-css-708e70 brz-wrapper\">\n<div class=\"brz-rich-text brz-rich-text__custom brz-css-ttt5ww\" data-brz-custom-id=\"fkqcxglxcxtmxsitcuwaechsjfhxkzydyptc\">\n<div data-brz-translate-text=\"1\">\n<p class=\"brz-text-xs-center brz-tp-lg-heading4 brz-css-m87QX\" data-uniq-id=\"mrayu\" data-generated-css=\"brz-css-yakzy\"><strong class=\"brz-cp-color2\">Dr. Mehmet Arif Karag\u00f6z<\/strong><\/p>\n<\/div>\n<\/div>\n<\/div>\n<div id=\"\" class=\"brz-css-ywhh14 brz-css-1wzvad8 brz-wrapper\">\n<div class=\"brz-rich-text brz-rich-text__custom brz-css-ttt5ww\" data-brz-custom-id=\"aimzlmpolszvbhommoquyjluxdxjjgrucljt\">\n<div data-brz-translate-text=\"1\">\n<p class=\"brz-text-xs-center brz-tp-lg-paragraph brz-css-s_AqO\" data-uniq-id=\"xuihj\" data-generated-css=\"brz-css-uaiir\"><span class=\"brz-cp-color7\">DRMAK Plastic Surgeon<\/span><\/p>\n<\/div>\n<\/div>\n<\/div>\n<\/div>\n<\/div>\n<\/div>\n<\/div>\n<div id=\"\" class=\"brz-css-ywhh14 brz-css-soh7lg brz-css-1f37k03 brz-wrapper\">\n<div class=\"brz-spacer brz-css-1nijduz brz-css-70oco4\"><\/div>\n<\/div>\n<div id=\"\" class=\"brz-css-ywhh14 brz-wrapper\">\n<div class=\"brz-line brz-line-default brz-css-5a7ngt brz-css-1cirfw7\" data-brz-custom-id=\"vfzfauheeancifdqskwgmxplykcahxojvtur\">\n<hr class=\"brz-hr\"><\/div>\n<\/div>\n<\/div>\n<\/div>\n<\/section>\n<\/div>\n<p>    <!-- version:1738260006 --><\/p>\n","protected":false},"excerpt":{"rendered":"<p>R\u00c9DUCTION MAMMAIRE R\u00c9DUCTION MAMMAIRE La r\u00e9duction mammaire est une proc\u00e9dure visant \u00e0 \u00e9liminer l&rsquo;exc\u00e8s de graisse, de tissus et de peau pour obtenir une taille de poitrine plus proportionn\u00e9e \u00e0 votre corps et r\u00e9duire l&rsquo;inconfort associ\u00e9 aux seins extr\u00eamement gros. Vous pouvez avoir une r\u00e9duction mammaire \u00e0 tout \u00e2ge. Mais si vos seins ne sont [&hellip;]<\/p>\n","protected":false},"author":1,"featured_media":0,"parent":1038,"menu_order":0,"comment_status":"closed","ping_status":"closed","template":"","meta":{"footnotes":""},"class_list":["post-1056","page","type-page","status-publish","hentry"],"blocksy_meta":{"styles_descriptor":{"styles":{"desktop":"","tablet":"","mobile":""},"google_fonts":[],"version":6}},"_links":{"self":[{"href":"https:\/\/drmakclinic.com\/fr\/wp-json\/wp\/v2\/pages\/1056","targetHints":{"allow":["GET"]}}],"collection":[{"href":"https:\/\/drmakclinic.com\/fr\/wp-json\/wp\/v2\/pages"}],"about":[{"href":"https:\/\/drmakclinic.com\/fr\/wp-json\/wp\/v2\/types\/page"}],"author":[{"embeddable":true,"href":"https:\/\/drmakclinic.com\/fr\/wp-json\/wp\/v2\/users\/1"}],"replies":[{"embeddable":true,"href":"https:\/\/drmakclinic.com\/fr\/wp-json\/wp\/v2\/comments?post=1056"}],"version-history":[{"count":0,"href":"https:\/\/drmakclinic.com\/fr\/wp-json\/wp\/v2\/pages\/1056\/revisions"}],"up":[{"embeddable":true,"href":"https:\/\/drmakclinic.com\/fr\/wp-json\/wp\/v2\/pages\/1038"}],"wp:attachment":[{"href":"https:\/\/drmakclinic.com\/fr\/wp-json\/wp\/v2\/media?parent=1056"}],"curies":[{"name":"wp","href":"https:\/\/api.w.org\/{rel}","templated":true}]}}