{"id":1062,"date":"2022-08-28T20:47:33","date_gmt":"2022-08-28T17:47:33","guid":{"rendered":"https:\/\/drmakclinic.com\/?page_id=1062"},"modified":"2025-01-30T12:15:24","modified_gmt":"2025-01-30T09:15:24","slug":"ear-surgery","status":"publish","type":"page","link":"https:\/\/drmakclinic.com\/fr\/procedures\/aesthetic-plastic-surgery\/ear-surgery\/","title":{"rendered":"Ear Surgery"},"content":{"rendered":"<div class=\"brz-root__container brz-reset-all brz brz-root__container-page\">\n<section id=\"_btvpaycgrcuqjbzgewhbpzsdeyvhujabalmv\" class=\"brz-section brz-css-5dgv2x\">\n<div class=\"brz-section__content brz-section--boxed brz-css-cf0t1 brz-css-klsw95\" data-brz-custom-id=\"ugztobkgdmorshybwjzfgdzzeieevnqodqep\">\n<div class=\"brz-bg\">\n<div class=\"brz-bg-color\"><\/div>\n<\/div>\n<div class=\"brz-container brz-css-zsja25\">\n<div class=\"brz-row__container brz-css-1qylh71\" data-brz-custom-id=\"gqoqzihuneeoaizmvrluzifbuyekzdashqni\">\n<div class=\"brz-bg\"><\/div>\n<div class=\"brz-row brz-css-o2len9 brz-css-1o5z5cd\">\n<div class=\"brz-columns brz-css-1pezoos brz-css-1nefvug\" data-brz-custom-id=\"oudufihliulnoejmxhfrownnyxuiktckponm\">\n<div class=\"brz-bg\"><\/div>\n<div class=\"brz-column__items brz-css-1xkfkl9\">\n<div id=\"\" class=\"brz-css-osv20v brz-wrapper\">\n<div class=\"brz-icon-text brz-css-1ywn5m brz-css-82xbjt\" data-brz-custom-id=\"qhyoetogsfctzvloapaoqutbhbudyasgcbiu\">\n<div class=\"brz-icon__container\" data-brz-custom-id=\"pffhikkrcqxtihzpghunxivtcglohaehprtv\"><span class=\"brz-icon brz-span brz-css-adkqjx brz-css-kgvgf7\"><\/span><\/div>\n<div class=\"brz-text-btn\">\n<div class=\"brz-rich-text brz-rich-text__custom brz-css-mpxc5u\" data-brz-custom-id=\"jnnayqgvcnjllvhpgcmkozffjgxkluhyuxbj\">\n<div data-brz-translate-text=\"1\">\n<p class=\"brz-lh-lg-1 brz-ls-lg-0 brz-fw-lg-400 brz-fss-lg-px brz-fs-lg-66 brz-ft-upload brz-ff-izzivsxniqvyexslaslvwzgtgnghvrxuxiru brz-tp-lg-empty brz-css-bZTzb\" data-generated-css=\"brz-css-tyqge\" data-uniq-id=\"ryeuv\"><span>CHIRURGIE DE L&rsquo;OREILLE (OTOPLASTIE)<\/span><\/p>\n<\/div>\n<\/div>\n<\/div>\n<\/div>\n<\/div>\n<\/div>\n<\/div>\n<\/div>\n<\/div>\n<\/div>\n<\/div>\n<\/section>\n<section id=\"_mqpmapodipodwxtcqlkmvsdhreabnufspyvp\" class=\"brz-section brz-css-5dgv2x\">\n<div class=\"brz-section__content brz-section--boxed brz-css-cf0t1 brz-css-sx5w04\" data-brz-custom-id=\"txxxyfugpnewgdbqglwyocynaqltqwpgckfu\">\n<div class=\"brz-bg\">\n<div class=\"brz-bg-color\"><\/div>\n<\/div>\n<div class=\"brz-container brz-css-zsja25\">\n<div id=\"\" class=\"brz-css-osv20v brz-wrapper\">\n<div class=\"brz-line brz-line-default brz-css-a0uiev brz-css-pfkaog\" data-brz-custom-id=\"oatrwyemwlswvlarzzwzzjxdwcdchmytjpty\">\n<hr class=\"brz-hr\"><\/div>\n<\/div>\n<div class=\"brz-row__container brz-css-1qylh71\" data-brz-custom-id=\"rxzbhpdzoghqpeanalcnprfpqnieiqsvlrmd\">\n<div class=\"brz-bg\"><\/div>\n<div class=\"brz-row brz-css-o2len9 brz-css-gw407x\">\n<div class=\"brz-columns brz-css-1pezoos brz-css-tw1eee\" data-brz-custom-id=\"ukaaqrmaebvjhhkubrlpsqumtqsofvnwqczc\">\n<div class=\"brz-bg\"><\/div>\n<div class=\"brz-column__items brz-css-1xkfkl9 brz-css-1aevrwf\">\n<div id=\"\" class=\"brz-css-osv20v brz-css-jr5iah brz-wrapper\">\n<div class=\"brz-rich-text brz-rich-text__custom brz-css-mpxc5u\" data-brz-custom-id=\"bkzdqnjvagrchovxgnvdtqoudyojyajzpawi\">\n<div data-brz-translate-text=\"1\">\n<p class=\"brz-tp-lg-empty brz-ff-manrope brz-ft-google brz-fs-lg-13 brz-fss-lg-px brz-fw-lg-700 brz-ls-lg-1_1 brz-lh-lg-1_5 brz-css-y5yFr\" data-uniq-id=\"csyyr\" data-generated-css=\"brz-css-zccoc\"><span class=\"brz-capitalize-on\">CHIRURGIE DE L&rsquo;OREILLE (OTOPLASTIE)<\/span><\/p>\n<\/div>\n<\/div>\n<\/div>\n<div id=\"\" class=\"brz-css-osv20v brz-css-1n6b59a brz-wrapper\">\n<div class=\"brz-rich-text brz-rich-text__custom brz-css-mpxc5u\" data-brz-custom-id=\"vdepadrcsqmhpfoyysnavgypaeqvrdwpbcpd\">\n<div data-brz-translate-text=\"1\">\n<p class=\"brz-ls-lg-0 brz-fw-lg-400 brz-fss-lg-px brz-fs-lg-36 brz-ft-upload brz-ff-ckyztbazucvfgxnrkwthfbuhnumrbfrmhags brz-tp-lg-empty brz-lh-lg-1_3 brz-css-wzUjF\" data-generated-css=\"brz-css-hshuq\" data-uniq-id=\"bztel\"><span class=\"brz-cp-color2\">La chirurgie de l&rsquo;oreille, \u00e9galement connue sous le nom d&rsquo;otoplastie, peut am\u00e9liorer la forme, la position ou la proportion de l&rsquo;oreille.<\/span><\/p>\n<\/div>\n<\/div>\n<\/div>\n<div id=\"\" class=\"brz-css-osv20v brz-css-1fecuvn brz-wrapper\">\n<div class=\"brz-spacer brz-css-a0aqej brz-css-2b29e9\"><\/div>\n<\/div>\n<div id=\"\" class=\"brz-css-osv20v brz-css-1v7v2hh brz-wrapper\">\n<div class=\"brz-rich-text brz-rich-text__custom brz-css-mpxc5u\" data-brz-custom-id=\"bnewbfzyqshixesyacrbhoomeehwdoesfjor\">\n<div data-brz-translate-text=\"1\">\n<p class=\"brz-tp-lg-empty brz-ff-manrope brz-ft-google brz-fs-lg-16 brz-fss-lg-px brz-fw-lg-400 brz-ls-lg-0 brz-lh-lg-1_9 brz-css-uOt9k\" data-uniq-id=\"goang\" data-generated-css=\"brz-css-igjwj\"><span>Il cr\u00e9e une forme plus naturelle tout en apportant \u00e9quilibre et proportion aux oreilles et au visage. La correction de d\u00e9formations, m\u00eame mineures, peut avoir de profonds avantages pour l&rsquo;apparence et l&rsquo;estime de soi.<\/span><\/p>\n<\/div>\n<\/div>\n<\/div>\n<div id=\"\" class=\"brz-css-osv20v brz-css-1fecuvn brz-wrapper\">\n<div class=\"brz-spacer brz-css-a0aqej brz-css-1hnvnsh\"><\/div>\n<\/div>\n<div id=\"\" class=\"brz-css-osv20v brz-css-luq29w brz-wrapper\">\n<div class=\"brz-icon-text brz-css-1ywn5m\" data-brz-custom-id=\"ylukavpquzavdjfegpitskeeqnjevudolcjl\">\n<div class=\"brz-icon__container\" data-brz-custom-id=\"nivbmctfszbrafrbwanrnffbzoyeuzffjxqf\"><span class=\"brz-icon brz-span brz-css-adkqjx brz-css-tym32o\"><\/span><\/div>\n<div class=\"brz-text-btn\">\n<div class=\"brz-rich-text brz-rich-text__custom brz-css-mpxc5u\" data-brz-custom-id=\"temrorpqurpkqsdlfupcfugbyvqzmsxrkfgc\">\n<div data-brz-translate-text=\"1\">\n<p class=\"brz-lh-xs-1_4 brz-lh-sm-1_4 brz-fs-lg-18 brz-fs-sm-17 brz-fs-xs-17 brz-ls-lg-0 brz-ls-sm-0 brz-ls-xs-0 brz-ff-arimo brz-ft-google brz-fw-lg-400 brz-fw-sm-400 brz-fw-xs-400 brz-lh-lg-1_3 brz-css-xQHGV\" data-uniq-id=\"cpyjz\" data-generated-css=\"brz-css-wudgm\"><span>Anesth\u00e9sie : G\u00e9n\u00e9rale<\/span><\/p>\n<\/div>\n<\/div>\n<\/div>\n<\/div>\n<\/div>\n<div id=\"\" class=\"brz-css-osv20v brz-css-1fecuvn brz-wrapper\">\n<div class=\"brz-spacer brz-css-a0aqej brz-css-1vmy8m6\"><\/div>\n<\/div>\n<div id=\"\" class=\"brz-css-osv20v brz-css-10yhevk brz-wrapper\">\n<div class=\"brz-icon-text brz-css-1ywn5m\" data-brz-custom-id=\"iosgmwthfuahvhrtlxyzntuszhzqbqcnwrss\">\n<div class=\"brz-icon__container\" data-brz-custom-id=\"xwzqtisiivvtefrtowojujkiwrxudupgzcde\"><span class=\"brz-icon brz-span brz-css-adkqjx brz-css-1tjsi8y\"><\/span><\/div>\n<div class=\"brz-text-btn\">\n<div class=\"brz-rich-text brz-rich-text__custom brz-css-mpxc5u\" data-brz-custom-id=\"wmffgxvlhywqawqlawcwnmniktkvtlkjolqq\">\n<div data-brz-translate-text=\"1\">\n<p class=\"brz-lh-sm-1_4 brz-lh-lg-1_3 brz-fw-xs-400 brz-fw-sm-400 brz-fw-lg-400 brz-ft-google brz-ff-arimo brz-ls-xs-0 brz-ls-sm-0 brz-ls-lg-0 brz-fs-xs-17 brz-fs-sm-17 brz-fs-lg-18 brz-lh-xs-1_4 brz-css-zbfoy\" data-uniq-id=\"hqdoo\" data-generated-css=\"brz-css-uuebc\"><span>Dur\u00e9e du s\u00e9jour : 5 nuits<\/span><\/p>\n<\/div>\n<\/div>\n<\/div>\n<\/div>\n<\/div>\n<div id=\"\" class=\"brz-css-osv20v brz-css-1fecuvn brz-wrapper\">\n<div class=\"brz-spacer brz-css-a0aqej brz-css-ilivmd\"><\/div>\n<\/div>\n<div id=\"\" class=\"brz-css-osv20v brz-css-kxmtg6 brz-wrapper\">\n<div class=\"brz-icon-text brz-css-1ywn5m\" data-brz-custom-id=\"qkkqyindqcqcsdoygsommrxaozttuisgrlye\">\n<div class=\"brz-icon__container\" data-brz-custom-id=\"dqlscxjtdggydtybgrvnlrwncpbbcewmftmn\"><span class=\"brz-icon brz-span brz-css-adkqjx brz-css-h69c7g\"><\/span><\/div>\n<div class=\"brz-text-btn\">\n<div class=\"brz-rich-text brz-rich-text__custom brz-css-mpxc5u\" data-brz-custom-id=\"nlrudnqnydtowgqrnoqypfqgtvsdwffqxtrn\">\n<div data-brz-translate-text=\"1\">\n<p class=\"brz-lh-sm-1_4 brz-lh-lg-1_3 brz-fw-xs-400 brz-fw-sm-400 brz-fw-lg-400 brz-ft-google brz-ff-arimo brz-ls-xs-0 brz-ls-sm-0 brz-ls-lg-0 brz-fs-xs-17 brz-fs-sm-17 brz-fs-lg-18 brz-lh-xs-1_4 brz-css-gXI0I\" data-uniq-id=\"pcmsb\" data-generated-css=\"brz-css-bpltl\"><span>Dur\u00e9e de la chirurgie : 90 minutes<\/span><\/p>\n<\/div>\n<\/div>\n<\/div>\n<\/div>\n<\/div>\n<div id=\"\" class=\"brz-css-osv20v brz-css-1fecuvn brz-wrapper\">\n<div class=\"brz-spacer brz-css-a0aqej brz-css-115f3vl\"><\/div>\n<\/div>\n<div id=\"\" class=\"brz-css-osv20v brz-css-65niz8 brz-wrapper\">\n<div class=\"brz-icon-text brz-css-1ywn5m\" data-brz-custom-id=\"cropahwvpbwkvwngiyjrzustkfmymtafhgjp\">\n<div class=\"brz-icon__container\" data-brz-custom-id=\"pxruophmxrxjsdtgyaviwhezhuxetmljsvqj\"><span class=\"brz-icon brz-span brz-css-adkqjx brz-css-1vljaod\"><\/span><\/div>\n<div class=\"brz-text-btn\">\n<div class=\"brz-rich-text brz-rich-text__custom brz-css-mpxc5u\" data-brz-custom-id=\"ozjvvstawgrltjnptjswuoptudpmqqncyten\">\n<div data-brz-translate-text=\"1\">\n<p class=\"brz-lh-sm-1_4 brz-lh-lg-1_3 brz-fw-xs-400 brz-fw-sm-400 brz-fw-lg-400 brz-ft-google brz-ff-arimo brz-ls-xs-0 brz-ls-sm-0 brz-ls-lg-0 brz-fs-xs-17 brz-fs-sm-17 brz-fs-lg-18 brz-lh-xs-1_4 brz-css-uBTfz\" data-generated-css=\"brz-css-orlvi\" data-uniq-id=\"ijdfw\"><span>Retour \u00e0 votre vie normale : 1 semaine<\/span><\/p>\n<\/div>\n<\/div>\n<\/div>\n<\/div>\n<\/div>\n<div id=\"\" class=\"brz-css-osv20v brz-css-1fecuvn brz-wrapper\">\n<div class=\"brz-spacer brz-css-a0aqej brz-css-1f50p0m\"><\/div>\n<\/div>\n<\/div>\n<\/div>\n<div class=\"brz-columns brz-css-1pezoos brz-css-jva14s\" data-brz-custom-id=\"yejqpowkzxgmdunrveoxqoyhwbtdaocglxgg\">\n<div class=\"brz-bg\"><\/div>\n<div class=\"brz-column__items brz-css-1xkfkl9 brz-css-p670x7\">\n<div id=\"\" class=\"brz-css-osv20v brz-css-6y2j6i brz-wrapper\">\n<div class=\"brz-image brz-css-1g8ti54 brz-css-kfqeck\" data-brz-custom-id=\"jpuypyozuxaayeqtgxtzzhwvthuecftxqjls\"><img decoding=\"async\" class=\"brz-img\" src=\"https:\/\/drmakclinic.com\/fr?brizy_media=wp-f68f012cf65161cadff16d1c6ad828d3.png&amp;brizy_crop=original\" alt=\"\" loading=\"lazy\"><\/div>\n<\/div>\n<\/div>\n<\/div>\n<\/div>\n<\/div>\n<\/div>\n<\/div>\n<\/section>\n<section id=\"_qzsfxqqitfbdjbwhnoahvqqdlagidyunnqtk\" class=\"brz-section brz-css-5dgv2x\">\n<div class=\"brz-section__content brz-section--boxed brz-css-cf0t1 brz-css-azprb4\" data-brz-custom-id=\"fduspqdlpwuopvsnwdghpfjexrlpwkiblfal\">\n<div class=\"brz-bg\">\n<div class=\"brz-bg-color\"><\/div>\n<\/div>\n<div class=\"brz-container brz-css-zsja25\">\n<div id=\"\" class=\"brz-css-osv20v brz-wrapper\">\n<div class=\"brz-line brz-line-default brz-css-a0uiev brz-css-rp3vds\" data-brz-custom-id=\"kbxvdivstdmstavlnfntzcakletqpgikklaa\">\n<hr class=\"brz-hr\"><\/div>\n<\/div>\n<div class=\"brz-row__container brz-css-1qylh71\" data-brz-custom-id=\"wimkldhtgunqhyptqjeijeanuwbhkndblfmn\">\n<div class=\"brz-bg\"><\/div>\n<div class=\"brz-row brz-css-o2len9\">\n<div class=\"brz-columns brz-css-1pezoos brz-css-15zr2r8\" data-brz-custom-id=\"bglyfoumbhrkiotnxgybckyrpxrfswsxlstt\">\n<div class=\"brz-bg\"><\/div>\n<div class=\"brz-column__items brz-css-1xkfkl9\"><\/div>\n<\/div>\n<div class=\"brz-columns brz-css-1pezoos brz-css-17ixt8y\" data-brz-custom-id=\"lzzynyrcsrrictjbksleljiapkhoivcuqzlp\">\n<div class=\"brz-bg\"><\/div>\n<div class=\"brz-column__items brz-css-1xkfkl9\">\n<div id=\"\" class=\"brz-css-osv20v brz-wrapper\">\n<div class=\"brz-rich-text brz-rich-text__custom brz-css-mpxc5u\" data-brz-custom-id=\"ggfxboajhtkqnwjtjtodlcrjdjhnzqdhgpbn\">\n<div data-brz-translate-text=\"1\">\n<p class=\"brz-lh-lg-1_9 brz-ls-lg-0 brz-fw-lg-400 brz-fss-lg-px brz-fs-lg-22 brz-ft-upload brz-ff-ckyztbazucvfgxnrkwthfbuhnumrbfrmhags brz-tp-lg-empty brz-css-cBR89\" data-generated-css=\"brz-css-igxia\" data-uniq-id=\"fycjc\"><span>Avant vos traitements, vous devrez peut-\u00eatre \u00e9galement :<\/span><\/p>\n<\/div>\n<\/div>\n<\/div>\n<div id=\"\" class=\"brz-css-osv20v brz-css-1nvzw2i brz-wrapper\">\n<div class=\"brz-icon-text brz-css-1ywn5m\" data-brz-custom-id=\"otollbajwocxjvlynwptbzxypckkdeuxzpqs\">\n<div class=\"brz-icon__container\" data-brz-custom-id=\"znepnlftamsuxprowkirczjqoemordouvwhu\"><span class=\"brz-icon brz-span brz-css-adkqjx brz-css-lrgobg\"><\/span><\/div>\n<div class=\"brz-text-btn\">\n<div class=\"brz-rich-text brz-rich-text__custom brz-css-mpxc5u\" data-brz-custom-id=\"luiijtwdnnlloguhvusliiqkshtprjsewkli\">\n<div data-brz-translate-text=\"1\">\n<p class=\"brz-lh-xs-1_4 brz-fs-lg-18 brz-fs-sm-17 brz-fs-xs-17 brz-ls-lg-0 brz-ls-sm-0 brz-ls-xs-0 brz-ff-arimo brz-ft-google brz-fw-lg-400 brz-fw-sm-400 brz-fw-xs-400 brz-lh-lg-1_3 brz-lh-sm-1_4 brz-css-ccKRQ\" data-uniq-id=\"gfphq\" data-generated-css=\"brz-css-iqpit\"><span>Arr\u00eater de fumer. Fumer diminue le flux sanguin dans la peau et peut ralentir le processus de gu\u00e9rison. Si vous fumez, le Dr Mak vous recommandera d&rsquo;arr\u00eater de fumer avant la chirurgie et pendant la convalescence.<\/span><\/p>\n<p class=\"brz-lh-xs-1_4 brz-fs-lg-18 brz-fs-sm-17 brz-fs-xs-17 brz-ls-lg-0 brz-ls-sm-0 brz-ls-xs-0 brz-ff-arimo brz-ft-google brz-fw-lg-400 brz-fw-sm-400 brz-fw-xs-400 brz-lh-lg-1_3 brz-lh-sm-1_4 brz-css-tjPiP\" data-uniq-id=\"gfphq\" data-generated-css=\"brz-css-iqpit\"><span> <\/span><\/p>\n<\/div>\n<\/div>\n<\/div>\n<\/div>\n<\/div>\n<div id=\"\" class=\"brz-css-osv20v brz-css-gdv1h6 brz-wrapper\">\n<div class=\"brz-icon-text brz-css-1ywn5m\" data-brz-custom-id=\"ppqigmoaxdrhisxqzxwcljuwhkpcxsbsklqi\">\n<div class=\"brz-icon__container\" data-brz-custom-id=\"kpgxaoddimsmubavdfzncexjfrjamqdfcfjx\"><span class=\"brz-icon brz-span brz-css-adkqjx brz-css-1c53bvs\"><\/span><\/div>\n<div class=\"brz-text-btn\">\n<div class=\"brz-rich-text brz-rich-text__custom brz-css-mpxc5u\" data-brz-custom-id=\"kaddbkihleznfnygvgywugpirsfdmmecrawd\">\n<div data-brz-translate-text=\"1\">\n<p class=\"brz-lh-xs-1_4 brz-fs-lg-18 brz-fs-sm-17 brz-fs-xs-17 brz-ls-lg-0 brz-ls-sm-0 brz-ls-xs-0 brz-ff-arimo brz-ft-google brz-fw-lg-400 brz-fw-sm-400 brz-fw-xs-400 brz-lh-lg-1_3 brz-lh-sm-1_4 brz-css-ryOxL\" data-uniq-id=\"yynmj\" data-generated-css=\"brz-css-qdmuk\"><span>\u00c9vitez certains m\u00e9dicaments. Vous devrez probablement \u00e9viter de prendre de l&rsquo;aspirine, des anti-inflammatoires, des anabolisants et des suppl\u00e9ments \u00e0 base de plantes, qui peuvent augmenter les saignements.<\/span><\/p>\n<\/div>\n<\/div>\n<\/div>\n<\/div>\n<\/div>\n<\/div>\n<\/div>\n<div class=\"brz-columns brz-css-1pezoos brz-css-1aspw2m\" data-brz-custom-id=\"auxxhnnuwydeupdwjkkdtcrfdujzinggbmns\">\n<div class=\"brz-bg\"><\/div>\n<div class=\"brz-column__items brz-css-1xkfkl9\"><\/div>\n<\/div>\n<\/div>\n<\/div>\n<\/div>\n<\/div>\n<\/section>\n<section id=\"_nkqczezkkmsvfsayaeegypnxgnzsautbsbgs\" class=\"brz-section brz-css-5dgv2x\">\n<div class=\"brz-section__content brz-section--boxed brz-css-cf0t1 brz-css-1xjacqu\" data-brz-custom-id=\"zmyulaqbnysiyykxsmruxtqkglkcibyhmids\">\n<div class=\"brz-bg\">\n<div class=\"brz-bg-color\"><\/div>\n<\/div>\n<div class=\"brz-container brz-css-zsja25\">\n<div id=\"\" class=\"brz-css-osv20v brz-wrapper\">\n<div class=\"brz-line brz-line-default brz-css-a0uiev brz-css-5274u1\" data-brz-custom-id=\"fajkelkyrxachywlrjsojmzfpvblbajvddwb\">\n<hr class=\"brz-hr\"><\/div>\n<\/div>\n<div id=\"\" class=\"brz-css-osv20v brz-css-1fecuvn brz-wrapper\">\n<div class=\"brz-spacer brz-css-a0aqej brz-css-111ecl9\"><\/div>\n<\/div>\n<div class=\"brz-row__container brz-css-1qylh71\" data-brz-custom-id=\"wpogawemexwyyfaizwgfmzwyaexnfrjjnsmy\">\n<div class=\"brz-bg\"><\/div>\n<div class=\"brz-row brz-css-o2len9 brz-css-gw407x\">\n<div class=\"brz-columns brz-css-1pezoos brz-css-1p9efvg\" data-brz-custom-id=\"bezkufckvxcwftszcsalxrfjshjsikmqnwpo\">\n<div class=\"brz-bg\"><\/div>\n<div class=\"brz-column__items brz-css-1xkfkl9 brz-css-ot0gf4\">\n<div id=\"\" class=\"brz-css-osv20v brz-css-8ajq3x brz-wrapper\">\n<div class=\"brz-image brz-css-cgc0gj brz-css-1t6hxc5\" data-brz-custom-id=\"vbadfdnoilnkhwbezhcnsnbtsunwygfnbtcc\"><img decoding=\"async\" class=\"brz-img\" src=\"https:\/\/drmakclinic.com\/fr?brizy_media=wp-9b7486b9d786a0648588605ea135d33b.jpg&amp;brizy_crop=iW%3D316%26iH%3D211%26oX%3D90%26oY%3D23%26cW%3D105%26cH%3D106\" alt=\"\" loading=\"lazy\"><\/div>\n<\/div>\n<\/div>\n<\/div>\n<div class=\"brz-columns brz-css-1pezoos brz-css-g3tvkm\" data-brz-custom-id=\"mljndfcjmmfcqgzroyrphevhbhfttscykicr\">\n<div class=\"brz-bg\"><\/div>\n<div class=\"brz-column__items brz-css-1xkfkl9 brz-css-1xo0sst\">\n<div id=\"\" class=\"brz-css-osv20v brz-wrapper\">\n<div class=\"brz-rich-text brz-rich-text__custom brz-css-mpxc5u\" data-brz-custom-id=\"ovayxwbfrptwumnvotpmxjjfttrhbtfpjbol\">\n<div data-brz-translate-text=\"1\">\n<p data-uniq-id=\"egydo\" data-generated-css=\"brz-css-trizt\" class=\"brz-tp-lg-empty brz-ff-ckyztbazucvfgxnrkwthfbuhnumrbfrmhags brz-ft-upload brz-fs-lg-24 brz-fss-lg-px brz-fw-lg-400 brz-ls-lg-0 brz-lh-lg-1_5 brz-css-yKt8t\">As you begin your journey toward considering plastic surgery and other cosmetic enhancements , my goal as your plastic surgeon is to provide you the highest quality of care throughout the entire process.<\/p>\n<\/div>\n<\/div>\n<\/div>\n<div id=\"\" class=\"brz-css-osv20v brz-css-1fecuvn brz-css-10kfoah brz-wrapper\">\n<div class=\"brz-spacer brz-css-a0aqej brz-css-1wrod3b\"><\/div>\n<\/div>\n<div id=\"\" class=\"brz-css-osv20v brz-css-mdb4ur brz-wrapper\">\n<div class=\"brz-rich-text brz-rich-text__custom brz-css-mpxc5u\" data-brz-custom-id=\"wdpxsmdivqkbjmxkzplvlcdeyxqxeqfrkbbe\">\n<div data-brz-translate-text=\"1\">\n<p class=\"brz-text-xs-center brz-tp-lg-heading4 brz-css-lr3Fo\" data-uniq-id=\"mrayu\" data-generated-css=\"brz-css-yakzy\"><strong class=\"brz-cp-color2\">Dr. Mehmet Arif Karag\u00f6z<\/strong><\/p>\n<\/div>\n<\/div>\n<\/div>\n<div id=\"\" class=\"brz-css-osv20v brz-css-9r2hnp brz-wrapper\">\n<div class=\"brz-rich-text brz-rich-text__custom brz-css-mpxc5u\" data-brz-custom-id=\"pgheextpimxwscwgwytpawmgdfhojhmffyam\">\n<div data-brz-translate-text=\"1\">\n<p class=\"brz-text-xs-center brz-tp-lg-paragraph brz-css-iELeK\" data-uniq-id=\"xuihj\" data-generated-css=\"brz-css-uaiir\"><span class=\"brz-cp-color7\">DRMAK Plastic Surgeon<\/span><\/p>\n<\/div>\n<\/div>\n<\/div>\n<\/div>\n<\/div>\n<\/div>\n<\/div>\n<div id=\"\" class=\"brz-css-osv20v brz-css-1fecuvn brz-css-868pa2 brz-wrapper\">\n<div class=\"brz-spacer brz-css-a0aqej brz-css-1kqjili\"><\/div>\n<\/div>\n<div id=\"\" class=\"brz-css-osv20v brz-wrapper\">\n<div class=\"brz-line brz-line-default brz-css-a0uiev brz-css-1ozsarn\" data-brz-custom-id=\"duvwpygmawoimpbegtiksoioimpeqlcuvclz\">\n<hr class=\"brz-hr\"><\/div>\n<\/div>\n<\/div>\n<\/div>\n<\/section>\n<\/div>\n<p>    <!-- version:1738228524 --><\/p>\n","protected":false},"excerpt":{"rendered":"<p>CHIRURGIE DE L&rsquo;OREILLE (OTOPLASTIE) CHIRURGIE DE L&rsquo;OREILLE (OTOPLASTIE) La chirurgie de l&rsquo;oreille, \u00e9galement connue sous le nom d&rsquo;otoplastie, peut am\u00e9liorer la forme, la position ou la proportion de l&rsquo;oreille. Il cr\u00e9e une forme plus naturelle tout en apportant \u00e9quilibre et proportion aux oreilles et au visage. La correction de d\u00e9formations, m\u00eame mineures, peut avoir de [&hellip;]<\/p>\n","protected":false},"author":1,"featured_media":0,"parent":1038,"menu_order":0,"comment_status":"closed","ping_status":"closed","template":"","meta":{"footnotes":""},"class_list":["post-1062","page","type-page","status-publish","hentry"],"blocksy_meta":{"styles_descriptor":{"styles":{"desktop":"","tablet":"","mobile":""},"google_fonts":[],"version":6}},"_links":{"self":[{"href":"https:\/\/drmakclinic.com\/fr\/wp-json\/wp\/v2\/pages\/1062","targetHints":{"allow":["GET"]}}],"collection":[{"href":"https:\/\/drmakclinic.com\/fr\/wp-json\/wp\/v2\/pages"}],"about":[{"href":"https:\/\/drmakclinic.com\/fr\/wp-json\/wp\/v2\/types\/page"}],"author":[{"embeddable":true,"href":"https:\/\/drmakclinic.com\/fr\/wp-json\/wp\/v2\/users\/1"}],"replies":[{"embeddable":true,"href":"https:\/\/drmakclinic.com\/fr\/wp-json\/wp\/v2\/comments?post=1062"}],"version-history":[{"count":0,"href":"https:\/\/drmakclinic.com\/fr\/wp-json\/wp\/v2\/pages\/1062\/revisions"}],"up":[{"embeddable":true,"href":"https:\/\/drmakclinic.com\/fr\/wp-json\/wp\/v2\/pages\/1038"}],"wp:attachment":[{"href":"https:\/\/drmakclinic.com\/fr\/wp-json\/wp\/v2\/media?parent=1062"}],"curies":[{"name":"wp","href":"https:\/\/api.w.org\/{rel}","templated":true}]}}