{"id":1068,"date":"2022-08-28T20:48:08","date_gmt":"2022-08-28T17:48:08","guid":{"rendered":"https:\/\/drmakclinic.com\/?page_id=1068"},"modified":"2025-01-30T18:45:03","modified_gmt":"2025-01-30T15:45:03","slug":"fillers","status":"publish","type":"page","link":"https:\/\/drmakclinic.com\/fr\/procedures\/aesthetic-plastic-surgery\/fillers\/","title":{"rendered":"Fillers"},"content":{"rendered":"<div class=\"brz-root__container brz-reset-all brz brz-root__container-page\">\n<section id=\"_gpyopztrosijqkurwdxjxjzhshlnkegclnbb\" class=\"brz-section brz-css-jxz4og\">\n<div class=\"brz-section__content brz-section--boxed brz-css-lcwfj0 brz-css-sujros\" data-brz-custom-id=\"bydqyreupmobtvdicpkbvdrledanuqfxurif\">\n<div class=\"brz-bg\">\n<div class=\"brz-bg-color\"><\/div>\n<\/div>\n<div class=\"brz-container brz-css-8g5ye6\">\n<div class=\"brz-row__container brz-css-hqbc9e\" data-brz-custom-id=\"sambgftzmgxcxvnoexzpifvcvffhtszyvvxo\">\n<div class=\"brz-bg\"><\/div>\n<div class=\"brz-row brz-css-iseeuy brz-css-15qfj6y\">\n<div class=\"brz-columns brz-css-1fri8vv brz-css-wj5he9\" data-brz-custom-id=\"arjponaxdamroxahvtdprjskgjaqjnqacdzf\">\n<div class=\"brz-bg\"><\/div>\n<div class=\"brz-column__items brz-css-1lngwsg\">\n<div id=\"\" class=\"brz-css-p9zau brz-wrapper\">\n<div class=\"brz-icon-text brz-css-y0gztj brz-css-1687he8\" data-brz-custom-id=\"jgaqorjvaakdnxqjtfxlkzvapdpucipwzmva\">\n<div class=\"brz-icon__container\" data-brz-custom-id=\"adrfymwdluysbcygmimcposvmmzxzqpgzerz\"><span class=\"brz-icon brz-span brz-css-kwojjf brz-css-1f81myq\"><\/span><\/div>\n<div class=\"brz-text-btn\">\n<div class=\"brz-rich-text brz-rich-text__custom brz-css-ww5k3e\" data-brz-custom-id=\"qzowxaewmjkrcqyemfkqdbilzctkhfexlrcu\">\n<div data-brz-translate-text=\"1\">\n<p class=\"brz-lh-lg-1 brz-ls-lg-0 brz-fw-lg-400 brz-fss-lg-px brz-fs-lg-66 brz-ft-upload brz-ff-izzivsxniqvyexslaslvwzgtgnghvrxuxiru brz-tp-lg-empty brz-css-aP6Hx\" data-generated-css=\"brz-css-aovlx\" data-uniq-id=\"jdcop\"><span>REMPLISSAGES<\/span><\/p>\n<\/div>\n<\/div>\n<\/div>\n<\/div>\n<\/div>\n<\/div>\n<\/div>\n<\/div>\n<\/div>\n<\/div>\n<\/div>\n<\/section>\n<section id=\"_utftxspginlvnsqpujizchijaqubgqelfhyq\" class=\"brz-section brz-css-jxz4og\">\n<div class=\"brz-section__content brz-section--boxed brz-css-lcwfj0 brz-css-x6hvyo\" data-brz-custom-id=\"lbomenugdhrchpkcsvtwquwgxytfhovicchw\">\n<div class=\"brz-bg\">\n<div class=\"brz-bg-color\"><\/div>\n<\/div>\n<div class=\"brz-container brz-css-8g5ye6\">\n<div id=\"\" class=\"brz-css-p9zau brz-wrapper\">\n<div class=\"brz-line brz-line-default brz-css-vbhsej brz-css-14jcr2d\" data-brz-custom-id=\"wqaocrolwpefqumgpxynbvkkfxznoespuoab\">\n<hr class=\"brz-hr\"><\/div>\n<\/div>\n<div class=\"brz-row__container brz-css-hqbc9e\" data-brz-custom-id=\"zxpnpxbevijvnzmrkkyjogguwxcoijvlrawm\">\n<div class=\"brz-bg\"><\/div>\n<div class=\"brz-row brz-css-iseeuy brz-css-1rx13on\">\n<div class=\"brz-columns brz-css-1fri8vv brz-css-gdzcw1\" data-brz-custom-id=\"bbtckqzpoawhsfqkjuusyfxzctmgxzqfhrah\">\n<div class=\"brz-bg\"><\/div>\n<div class=\"brz-column__items brz-css-1lngwsg brz-css-1jecxf5\">\n<div id=\"\" class=\"brz-css-p9zau brz-css-1onhocn brz-wrapper\">\n<div class=\"brz-rich-text brz-rich-text__custom brz-css-ww5k3e\" data-brz-custom-id=\"ycmjarsmoylvdubpzkoventikfndezuhssml\">\n<div data-brz-translate-text=\"1\">\n<p class=\"brz-lh-lg-1_5 brz-ls-lg-1_1 brz-fw-lg-700 brz-fss-lg-px brz-fs-lg-13 brz-ft-google brz-ff-manrope brz-tp-lg-empty brz-css-cTk1w\" data-generated-css=\"brz-css-iljfq\" data-uniq-id=\"targk\"><span class=\"brz-capitalize-on\">REMPLISSAGES<\/span><\/p>\n<\/div>\n<\/div>\n<\/div>\n<div id=\"\" class=\"brz-css-p9zau brz-css-1wr1xex brz-wrapper\">\n<div class=\"brz-rich-text brz-rich-text__custom brz-css-ww5k3e\" data-brz-custom-id=\"sgiggrbysxwyonakgmkknvxyjhjsmxrihhza\">\n<div data-brz-translate-text=\"1\">\n<p class=\"brz-ls-lg-0 brz-fw-lg-400 brz-fss-lg-px brz-fs-lg-36 brz-ft-upload brz-ff-ckyztbazucvfgxnrkwthfbuhnumrbfrmhags brz-tp-lg-empty brz-lh-lg-1_3 brz-css-aTNO6\" data-generated-css=\"brz-css-ezldd\" data-uniq-id=\"zecxf\"><span>Nous fournissons des produits de comblement cutan\u00e9 \u00e0 l&rsquo;acide hyaluronique dans notre clinique.<\/span><\/p>\n<\/div>\n<\/div>\n<\/div>\n<div id=\"\" class=\"brz-css-p9zau brz-css-15hge8k brz-wrapper\">\n<div class=\"brz-spacer brz-css-17s2utr brz-css-1dmjl3u\"><\/div>\n<\/div>\n<div id=\"\" class=\"brz-css-p9zau brz-css-148pcck brz-wrapper\">\n<div class=\"brz-rich-text brz-rich-text__custom brz-css-ww5k3e\" data-brz-custom-id=\"jiyezwqyrthymmarzphxcxkdxhiwrmrtghjw\">\n<div data-brz-translate-text=\"1\">\n<p class=\"brz-tp-lg-empty brz-ff-manrope brz-ft-google brz-fs-lg-16 brz-fss-lg-px brz-fw-lg-400 brz-ls-lg-0 brz-lh-lg-1_9 brz-css-kTWHA\" data-uniq-id=\"hheht\" data-generated-css=\"brz-css-dikcq\"><span> Le Dr Mak utilise des produits de comblement dermiques \u00e0 base d&rsquo;acide hyaluronique pour lisser, lifter, sculpter et rajeunir le visage. <\/span><span>Les traitements de comblement dermique sont une solution pratique et non chirurgicale si vous souhaitez rafra\u00eechir et am\u00e9liorer votre apparence. Les produits de comblement cutan\u00e9 \u00e0 l&rsquo;acide hyaluronique sont particuli\u00e8rement efficaces si vous souhaitez :<\/span><\/p>\n<\/div>\n<\/div>\n<\/div>\n<div id=\"\" class=\"brz-css-p9zau brz-css-15hge8k brz-wrapper\">\n<div class=\"brz-spacer brz-css-17s2utr brz-css-b37ba1\"><\/div>\n<\/div>\n<div id=\"\" class=\"brz-css-p9zau brz-css-lpx9y1 brz-wrapper\">\n<div class=\"brz-icon-text brz-css-y0gztj\" data-brz-custom-id=\"yynrnuzazlfllolwxvjpdodtyyycjvtuqfxr\">\n<div class=\"brz-icon__container\" data-brz-custom-id=\"kdbhpjgtuiajawqcklctzthgszvninchbwkv\"><span class=\"brz-icon brz-span brz-css-kwojjf brz-css-vqrghb\"><\/span><\/div>\n<div class=\"brz-text-btn\">\n<div class=\"brz-rich-text brz-rich-text__custom brz-css-ww5k3e\" data-brz-custom-id=\"ghnnsfmrxmfrpkpbhfmdxrmcdgsfodxqjljf\">\n<div data-brz-translate-text=\"1\">\n<p class=\"brz-lh-lg-1_3 brz-fw-xs-400 brz-fw-sm-400 brz-fw-lg-400 brz-ft-google brz-ff-arimo brz-ls-xs-0 brz-ls-sm-0 brz-ls-lg-0 brz-fs-xs-17 brz-fs-sm-17 brz-fs-lg-18 brz-lh-sm-1_4 brz-lh-xs-1_4 brz-css-vYtXl\" data-generated-css=\"brz-css-zlupb\" data-uniq-id=\"czmpn\"><span>D\u00e9finir, sculpter et lifter le visage avec des remplisseurs de joues<\/span><\/p>\n<\/div>\n<\/div>\n<\/div>\n<\/div>\n<\/div>\n<div id=\"\" class=\"brz-css-p9zau brz-css-15hge8k brz-wrapper\">\n<div class=\"brz-spacer brz-css-17s2utr brz-css-1bnnf1b\"><\/div>\n<\/div>\n<div id=\"\" class=\"brz-css-p9zau brz-css-hg0956 brz-wrapper\">\n<div class=\"brz-icon-text brz-css-y0gztj\" data-brz-custom-id=\"zxkdtrmdbqonoceyyicxqozxrtswezqzdzpm\">\n<div class=\"brz-icon__container\" data-brz-custom-id=\"opkuwanehwglnzkngvwuzvalwarmuoieqrjq\"><span class=\"brz-icon brz-span brz-css-kwojjf brz-css-7e6krp\"><\/span><\/div>\n<div class=\"brz-text-btn\">\n<div class=\"brz-rich-text brz-rich-text__custom brz-css-ww5k3e\" data-brz-custom-id=\"ugiohcgwmtvmyiwunkvahdxazrdixnonbxar\">\n<div data-brz-translate-text=\"1\">\n<p class=\"brz-lh-xs-1_4 brz-fs-lg-18 brz-fs-sm-17 brz-fs-xs-17 brz-ls-lg-0 brz-ls-sm-0 brz-ls-xs-0 brz-ff-arimo brz-ft-google brz-fw-lg-400 brz-fw-sm-400 brz-fw-xs-400 brz-lh-lg-1_3 brz-lh-sm-1_4 brz-css-jn9DW\" data-generated-css=\"brz-css-zetkz\" data-uniq-id=\"rcqkl\"><span>Am\u00e9liorez la forme et am\u00e9liorez les l\u00e8vres avec des remplisseurs de l\u00e8vres<\/span><\/p>\n<\/div>\n<\/div>\n<\/div>\n<\/div>\n<\/div>\n<div id=\"\" class=\"brz-css-p9zau brz-css-15hge8k brz-wrapper\">\n<div class=\"brz-spacer brz-css-17s2utr brz-css-16wsard\"><\/div>\n<\/div>\n<div id=\"\" class=\"brz-css-p9zau brz-css-1jqpswu brz-wrapper\">\n<div class=\"brz-icon-text brz-css-y0gztj\" data-brz-custom-id=\"umlchvuivwkwdjhynqsbixyisrzsolehkgdo\">\n<div class=\"brz-icon__container\" data-brz-custom-id=\"bdnvowuqwbkovglwysbqgiujznvlnnfgsdlh\"><span class=\"brz-icon brz-span brz-css-kwojjf brz-css-1kjale0\"><\/span><\/div>\n<div class=\"brz-text-btn\">\n<div class=\"brz-rich-text brz-rich-text__custom brz-css-ww5k3e\" data-brz-custom-id=\"zchgsoyndamsjafscmycygslddnsbmvirtbv\">\n<div data-brz-translate-text=\"1\">\n<p class=\"brz-lh-xs-1_4 brz-fs-lg-18 brz-fs-sm-17 brz-fs-xs-17 brz-ls-lg-0 brz-ls-sm-0 brz-ls-xs-0 brz-ff-arimo brz-ft-google brz-fw-lg-400 brz-fw-sm-400 brz-fw-xs-400 brz-lh-lg-1_3 brz-lh-sm-1_4 brz-css-kiQMR\" data-generated-css=\"brz-css-hqyko\" data-uniq-id=\"uxall\"><span>Revive et rafra\u00eechit les yeux fatigu\u00e9s avec des remplisseurs de larmes<\/span><\/p>\n<\/div>\n<\/div>\n<\/div>\n<\/div>\n<\/div>\n<div id=\"\" class=\"brz-css-p9zau brz-css-15hge8k brz-wrapper\">\n<div class=\"brz-spacer brz-css-17s2utr brz-css-ce6npl\"><\/div>\n<\/div>\n<div id=\"\" class=\"brz-css-p9zau brz-css-1g0v6yq brz-wrapper\">\n<div class=\"brz-icon-text brz-css-y0gztj\" data-brz-custom-id=\"fymklopsjtjwextmvebyrekqiislhshgfygz\">\n<div class=\"brz-icon__container\" data-brz-custom-id=\"wxqteamfbodxveoomutabrlckfmfjhchvpem\"><span class=\"brz-icon brz-span brz-css-kwojjf brz-css-1yyibha\"><\/span><\/div>\n<div class=\"brz-text-btn\">\n<div class=\"brz-rich-text brz-rich-text__custom brz-css-ww5k3e\" data-brz-custom-id=\"yzdzmyhxooinwjpogerwkhpqdwyeibuwydjo\">\n<div data-brz-translate-text=\"1\">\n<p class=\"brz-lh-sm-1_4 brz-lh-lg-1_3 brz-fw-xs-400 brz-fw-sm-400 brz-fw-lg-400 brz-ft-google brz-ff-arimo brz-ls-xs-0 brz-ls-sm-0 brz-ls-lg-0 brz-fs-xs-17 brz-fs-sm-17 brz-fs-lg-18 brz-lh-xs-1_4 brz-css-hHNmt\" data-generated-css=\"brz-css-klnbk\" data-uniq-id=\"ixxua\"><span>Lisser les rides et les plis profonds avec des charges faciales<\/span><\/p>\n<\/div>\n<\/div>\n<\/div>\n<\/div>\n<\/div>\n<div id=\"\" class=\"brz-css-p9zau brz-css-15hge8k brz-wrapper\">\n<div class=\"brz-spacer brz-css-17s2utr brz-css-sj247h\"><\/div>\n<\/div>\n<div id=\"\" class=\"brz-css-p9zau brz-wrapper\">\n<div class=\"brz-rich-text brz-rich-text__custom brz-css-ww5k3e\" data-brz-custom-id=\"pwmtmgunmrugqafbtrfboknifkelmhbtckqh\">\n<div data-brz-translate-text=\"1\">\n<p class=\"brz-lh-lg-1_9 brz-ls-lg-0 brz-fw-lg-400 brz-fss-lg-px brz-fs-lg-18 brz-ft-google brz-ff-manrope brz-tp-lg-empty brz-css-xJ6cA\" data-generated-css=\"brz-css-xrnox\" data-uniq-id=\"ejbef\"><span class=\"brz-cp-color7\">Avant vos traitements, vous devrez peut-\u00eatre \u00e9galement :<\/span><\/p>\n<\/div>\n<\/div>\n<\/div>\n<div id=\"\" class=\"brz-css-p9zau brz-css-1souk2f brz-wrapper\">\n<div class=\"brz-icon-text brz-css-y0gztj\" data-brz-custom-id=\"absygsqabfrsycjwjfpfacghsajdqbxqfcfn\">\n<div class=\"brz-icon__container\" data-brz-custom-id=\"iwadbifayjaspieqhjqmqhbxwpaoeyiorjhj\"><span class=\"brz-icon brz-span brz-css-kwojjf brz-css-7dy5fm\"><\/span><\/div>\n<div class=\"brz-text-btn\">\n<div class=\"brz-rich-text brz-rich-text__custom brz-css-ww5k3e\" data-brz-custom-id=\"riwderjythuvbqqjherlmusllsbgsuyxqoio\">\n<div data-brz-translate-text=\"1\">\n<p class=\"brz-lh-sm-1_4 brz-lh-lg-1_3 brz-fw-xs-400 brz-fw-sm-400 brz-fw-lg-400 brz-ft-google brz-ff-arimo brz-ls-xs-0 brz-ls-sm-0 brz-ls-lg-0 brz-fs-xs-17 brz-fs-sm-17 brz-fs-lg-18 brz-lh-xs-1_4 brz-css-h6_Xx\" data-generated-css=\"brz-css-zswdx\" data-uniq-id=\"jkqcd\"><span>Arr\u00eater de fumer. Fumer diminue le flux sanguin dans la peau et peut ralentir le processus de gu\u00e9rison. Si vous fumez, le Dr Mak vous recommandera d&rsquo;arr\u00eater de fumer avant la chirurgie et pendant la convalescence.<\/span><\/p>\n<\/div>\n<\/div>\n<\/div>\n<\/div>\n<\/div>\n<div id=\"\" class=\"brz-css-p9zau brz-css-15hge8k brz-wrapper\">\n<div class=\"brz-spacer brz-css-17s2utr brz-css-1fo7xcj\"><\/div>\n<\/div>\n<div id=\"\" class=\"brz-css-p9zau brz-css-1uk34ia brz-wrapper\">\n<div class=\"brz-icon-text brz-css-y0gztj\" data-brz-custom-id=\"xfuqimxlnqqkxqbqyeyjwibbcebhuyrklsxt\">\n<div class=\"brz-icon__container\" data-brz-custom-id=\"rjyxvsaucsryuqkzlfosjwcydtdxmhkscguo\"><span class=\"brz-icon brz-span brz-css-kwojjf brz-css-1gqu8ds\"><\/span><\/div>\n<div class=\"brz-text-btn\">\n<div class=\"brz-rich-text brz-rich-text__custom brz-css-ww5k3e\" data-brz-custom-id=\"mkuovsjmeuzpbjqpwyvpjlzdeoyqjllvlfdu\">\n<div data-brz-translate-text=\"1\">\n<p class=\"brz-lh-xs-1_4 brz-fs-lg-18 brz-fs-sm-17 brz-fs-xs-17 brz-ls-lg-0 brz-ls-sm-0 brz-ls-xs-0 brz-ff-arimo brz-ft-google brz-fw-lg-400 brz-fw-sm-400 brz-fw-xs-400 brz-lh-lg-1_3 brz-lh-sm-1_4 brz-css-begKM\" data-uniq-id=\"tnhbj\" data-generated-css=\"brz-css-kcuuc\"><span>\u00c9vitez certains m\u00e9dicaments. Vous devrez probablement \u00e9viter de prendre de l&rsquo;aspirine, des anti-inflammatoires, des anabolisants et des suppl\u00e9ments \u00e0 base de plantes, qui peuvent augmenter les saignements.<\/span><\/p>\n<\/div>\n<\/div>\n<\/div>\n<\/div>\n<\/div>\n<\/div>\n<\/div>\n<div class=\"brz-columns brz-css-1fri8vv brz-css-nysp6q\" data-brz-custom-id=\"clzremmgkjvrawkhzmzpbhypdtlvwqlbduim\">\n<div class=\"brz-bg\"><\/div>\n<div class=\"brz-column__items brz-css-1lngwsg brz-css-ildd32\">\n<div id=\"\" class=\"brz-css-p9zau brz-css-hqje6f brz-wrapper\">\n<div class=\"brz-image brz-css-3vg4dl brz-css-mwlyc7\" data-brz-custom-id=\"oujhbzvqaoaxjhhdbznhtvwauqupdgzaodbi\"><img decoding=\"async\" class=\"brz-img\" src=\"https:\/\/drmakclinic.com\/fr?brizy_media=wp-86f6bb95846c723854716f37d84f1116.png&amp;brizy_crop=original\" alt=\"\" loading=\"lazy\"><\/div>\n<\/div>\n<\/div>\n<\/div>\n<\/div>\n<\/div>\n<\/div>\n<\/div>\n<\/section>\n<section id=\"_wkhzyrrfpxcyqqfmqhiocparnoqwybakwbyu\" class=\"brz-section brz-css-jxz4og\">\n<div class=\"brz-section__content brz-section--boxed brz-css-lcwfj0 brz-css-iufid3\" data-brz-custom-id=\"tpxtjzjwhwzibfieeprkkbhjylymxsiujlxe\">\n<div class=\"brz-bg\">\n<div class=\"brz-bg-color\"><\/div>\n<\/div>\n<div class=\"brz-container brz-css-8g5ye6\">\n<div id=\"\" class=\"brz-css-p9zau brz-wrapper\">\n<div class=\"brz-line brz-line-default brz-css-vbhsej brz-css-e6ff8r\" data-brz-custom-id=\"thuwdlaglrdtfjisoqcmfwsitjflvtxbwnng\">\n<hr class=\"brz-hr\"><\/div>\n<\/div>\n<\/div>\n<\/div>\n<\/section>\n<section id=\"_nhiwvfnddakcrsdlgnyqwagpphmkxtszfnfx\" class=\"brz-section brz-css-jxz4og\">\n<div class=\"brz-section__content brz-section--boxed brz-css-lcwfj0 brz-css-1u3btqv\" data-brz-custom-id=\"wmjfhzykvlfxhdnkrvtfmlzzczuzqyzcrkwx\">\n<div class=\"brz-bg\">\n<div class=\"brz-bg-color\"><\/div>\n<\/div>\n<div class=\"brz-container brz-css-8g5ye6\">\n<div id=\"\" class=\"brz-css-p9zau brz-css-15hge8k brz-wrapper\">\n<div class=\"brz-spacer brz-css-17s2utr brz-css-18onnbk\"><\/div>\n<\/div>\n<div class=\"brz-row__container brz-css-hqbc9e\" data-brz-custom-id=\"mibicpgcucowxnxfxzsjzltyqewefultgeof\">\n<div class=\"brz-bg\"><\/div>\n<div class=\"brz-row brz-css-iseeuy brz-css-1rx13on\">\n<div class=\"brz-columns brz-css-1fri8vv brz-css-1pm9gsc\" data-brz-custom-id=\"vnhlsxgpccwgcpearlfliiyumdcsulnkoaxs\">\n<div class=\"brz-bg\"><\/div>\n<div class=\"brz-column__items brz-css-1lngwsg brz-css-22wr1v\">\n<div id=\"\" class=\"brz-css-p9zau brz-css-963jm5 brz-wrapper\">\n<div class=\"brz-image brz-css-1p4411u brz-css-10prf53\" data-brz-custom-id=\"spzteiuiwvhgzqwyaucjqxdfgadnylqioeoj\"><img decoding=\"async\" class=\"brz-img\" src=\"https:\/\/drmakclinic.com\/fr?brizy_media=wp-9b7486b9d786a0648588605ea135d33b.jpg&amp;brizy_crop=iW%3D316%26iH%3D211%26oX%3D90%26oY%3D23%26cW%3D105%26cH%3D106\" alt=\"\" loading=\"lazy\"><\/div>\n<\/div>\n<\/div>\n<\/div>\n<div class=\"brz-columns brz-css-1fri8vv brz-css-102ztor\" data-brz-custom-id=\"wbsqqtbbvjwguykobjodmfbnxwngnazbamdk\">\n<div class=\"brz-bg\"><\/div>\n<div class=\"brz-column__items brz-css-1lngwsg brz-css-1y3kpf2\">\n<div id=\"\" class=\"brz-css-p9zau brz-wrapper\">\n<div class=\"brz-rich-text brz-rich-text__custom brz-css-ww5k3e\" data-brz-custom-id=\"hhwokyirhhdjgrrrjwhqoeeyktvfbgferohl\">\n<div data-brz-translate-text=\"1\">\n<p data-uniq-id=\"egydo\" data-generated-css=\"brz-css-trizt\" class=\"brz-tp-lg-empty brz-ff-ckyztbazucvfgxnrkwthfbuhnumrbfrmhags brz-ft-upload brz-fs-lg-24 brz-fss-lg-px brz-fw-lg-400 brz-ls-lg-0 brz-lh-lg-1_5 brz-css-pOIkj\">As you begin your journey toward considering plastic surgery and other cosmetic enhancements , my goal as your plastic surgeon is to provide you the highest quality of care throughout the entire process.<\/p>\n<\/div>\n<\/div>\n<\/div>\n<div id=\"\" class=\"brz-css-p9zau brz-css-15hge8k brz-css-pwvyez brz-wrapper\">\n<div class=\"brz-spacer brz-css-17s2utr brz-css-ek3u44\"><\/div>\n<\/div>\n<div id=\"\" class=\"brz-css-p9zau brz-css-19rtmys brz-wrapper\">\n<div class=\"brz-rich-text brz-rich-text__custom brz-css-ww5k3e\" data-brz-custom-id=\"avxwxrozirhenuwqoqynwkzxgfytpjlxknur\">\n<div data-brz-translate-text=\"1\">\n<p class=\"brz-text-xs-center brz-tp-lg-heading4 brz-css-poUUg\" data-uniq-id=\"mrayu\" data-generated-css=\"brz-css-yakzy\"><strong class=\"brz-cp-color2\">Dr. Mehmet Arif Karag\u00f6z<\/strong><\/p>\n<\/div>\n<\/div>\n<\/div>\n<div id=\"\" class=\"brz-css-p9zau brz-css-1htxqly brz-wrapper\">\n<div class=\"brz-rich-text brz-rich-text__custom brz-css-ww5k3e\" data-brz-custom-id=\"nnantnlokttzjxtnahmqgwmceedpwvxrzezy\">\n<div data-brz-translate-text=\"1\">\n<p class=\"brz-text-xs-center brz-tp-lg-paragraph brz-css-xpZzn\" data-uniq-id=\"xuihj\" data-generated-css=\"brz-css-uaiir\"><span class=\"brz-cp-color7\">DRMAK Plastic Surgeon<\/span><\/p>\n<\/div>\n<\/div>\n<\/div>\n<\/div>\n<\/div>\n<\/div>\n<\/div>\n<div id=\"\" class=\"brz-css-p9zau brz-css-15hge8k brz-css-17t39v4 brz-wrapper\">\n<div class=\"brz-spacer brz-css-17s2utr brz-css-7veswa\"><\/div>\n<\/div>\n<div id=\"\" class=\"brz-css-p9zau brz-wrapper\">\n<div class=\"brz-line brz-line-default brz-css-vbhsej brz-css-1fbvd21\" data-brz-custom-id=\"iwyaicouhqogiejioyohajqzjmdtwejptjas\">\n<hr class=\"brz-hr\"><\/div>\n<\/div>\n<\/div>\n<\/div>\n<\/section>\n<\/div>\n<p>    <!-- version:1738251903 --><\/p>\n","protected":false},"excerpt":{"rendered":"<p>REMPLISSAGES REMPLISSAGES Nous fournissons des produits de comblement cutan\u00e9 \u00e0 l&rsquo;acide hyaluronique dans notre clinique. Le Dr Mak utilise des produits de comblement dermiques \u00e0 base d&rsquo;acide hyaluronique pour lisser, lifter, sculpter et rajeunir le visage. Les traitements de comblement dermique sont une solution pratique et non chirurgicale si vous souhaitez rafra\u00eechir et am\u00e9liorer votre [&hellip;]<\/p>\n","protected":false},"author":1,"featured_media":0,"parent":1038,"menu_order":0,"comment_status":"closed","ping_status":"closed","template":"","meta":{"footnotes":""},"class_list":["post-1068","page","type-page","status-publish","hentry"],"blocksy_meta":{"styles_descriptor":{"styles":{"desktop":"","tablet":"","mobile":""},"google_fonts":[],"version":6}},"_links":{"self":[{"href":"https:\/\/drmakclinic.com\/fr\/wp-json\/wp\/v2\/pages\/1068","targetHints":{"allow":["GET"]}}],"collection":[{"href":"https:\/\/drmakclinic.com\/fr\/wp-json\/wp\/v2\/pages"}],"about":[{"href":"https:\/\/drmakclinic.com\/fr\/wp-json\/wp\/v2\/types\/page"}],"author":[{"embeddable":true,"href":"https:\/\/drmakclinic.com\/fr\/wp-json\/wp\/v2\/users\/1"}],"replies":[{"embeddable":true,"href":"https:\/\/drmakclinic.com\/fr\/wp-json\/wp\/v2\/comments?post=1068"}],"version-history":[{"count":0,"href":"https:\/\/drmakclinic.com\/fr\/wp-json\/wp\/v2\/pages\/1068\/revisions"}],"up":[{"embeddable":true,"href":"https:\/\/drmakclinic.com\/fr\/wp-json\/wp\/v2\/pages\/1038"}],"wp:attachment":[{"href":"https:\/\/drmakclinic.com\/fr\/wp-json\/wp\/v2\/media?parent=1068"}],"curies":[{"name":"wp","href":"https:\/\/api.w.org\/{rel}","templated":true}]}}