{"id":1071,"date":"2022-08-28T20:48:26","date_gmt":"2022-08-28T17:48:26","guid":{"rendered":"https:\/\/drmakclinic.com\/?page_id=1071"},"modified":"2025-01-29T18:31:29","modified_gmt":"2025-01-29T15:31:29","slug":"forehead-lift","status":"publish","type":"page","link":"https:\/\/drmakclinic.com\/fr\/procedures\/aesthetic-plastic-surgery\/forehead-lift\/","title":{"rendered":"Forehead Lift"},"content":{"rendered":"<div class=\"brz-root__container brz-reset-all brz brz-root__container-page\">\n<section id=\"_yiaruwhcvrmlrjmuifdgsghdxvusawwmrhon\" class=\"brz-section brz-css-vwvtgq\">\n<div class=\"brz-section__content brz-section--boxed brz-css-1exitjv brz-css-9v8tiq\" data-brz-custom-id=\"ysmedlthwyoenxnflrsuqdbtcquqxgkiyblu\">\n<div class=\"brz-bg\">\n<div class=\"brz-bg-color\"><\/div>\n<\/div>\n<div class=\"brz-container brz-css-1srj6jy\">\n<div class=\"brz-row__container brz-css-o0zn7o\" data-brz-custom-id=\"yxtocbpodvaulbkrurasbatxznzhsobhkbku\">\n<div class=\"brz-bg\"><\/div>\n<div class=\"brz-row brz-css-56olod brz-css-lat8v1\">\n<div class=\"brz-columns brz-css-dzfwkm brz-css-1e2r53l\" data-brz-custom-id=\"znovrvkwaonroualrslouwjmkbcamdsbwoqi\">\n<div class=\"brz-bg\"><\/div>\n<div class=\"brz-column__items brz-css-1cvxjdv\">\n<div id=\"\" class=\"brz-css-ontjl3 brz-wrapper\">\n<div class=\"brz-icon-text brz-css-agrzbf brz-css-17nqezj\" data-brz-custom-id=\"mwjsahljjcnrkniqgwfpihivbhngwggybisq\">\n<div class=\"brz-icon__container\" data-brz-custom-id=\"wckdhcgdczqnrypifyxbydjdrrkktbkneuml\"><span class=\"brz-icon brz-span brz-css-1jv5qpi brz-css-1lz7jf2\"><\/span><\/div>\n<div class=\"brz-text-btn\">\n<div class=\"brz-rich-text brz-rich-text__custom brz-css-tnf48m\" data-brz-custom-id=\"zqyhsymetljqncdrnsijjgnthztedfxfrdxb\">\n<div data-brz-translate-text=\"1\">\n<p class=\"brz-lh-lg-1 brz-ls-lg-0 brz-fw-lg-400 brz-fss-lg-px brz-fs-lg-66 brz-ft-upload brz-ff-izzivsxniqvyexslaslvwzgtgnghvrxuxiru brz-tp-lg-empty brz-css-jM4Zd\" data-generated-css=\"brz-css-uznct\" data-uniq-id=\"fpjof\"><span>LIFTING FRONTAL<\/span><\/p>\n<\/div>\n<\/div>\n<\/div>\n<\/div>\n<\/div>\n<\/div>\n<\/div>\n<\/div>\n<\/div>\n<\/div>\n<\/div>\n<\/section>\n<section id=\"_zarkqmdnclgjlwmrfizinezxaaaljjbmvfzv\" class=\"brz-section brz-css-vwvtgq\">\n<div class=\"brz-section__content brz-section--boxed brz-css-1exitjv brz-css-71hrxa\" data-brz-custom-id=\"eqsjukeamcjjsnshqsoyjtlbdwytpnhpdzaa\">\n<div class=\"brz-bg\">\n<div class=\"brz-bg-color\"><\/div>\n<\/div>\n<div class=\"brz-container brz-css-1srj6jy\">\n<div id=\"\" class=\"brz-css-ontjl3 brz-wrapper\">\n<div class=\"brz-line brz-line-default brz-css-1f3t7x brz-css-18rjyu6\" data-brz-custom-id=\"txkageimaouogrfauikwsnxotdjpwsfpyypm\">\n<hr class=\"brz-hr\"><\/div>\n<\/div>\n<div class=\"brz-row__container brz-css-o0zn7o\" data-brz-custom-id=\"phzwaabfgyyjsxmpknkecmknpolfawqfzbhl\">\n<div class=\"brz-bg\"><\/div>\n<div class=\"brz-row brz-css-56olod brz-css-1cxx9i\">\n<div class=\"brz-columns brz-css-dzfwkm brz-css-mczoc5\" data-brz-custom-id=\"smwbigcvmhjfrchugpyehxkvfdloebnhcamk\">\n<div class=\"brz-bg\"><\/div>\n<div class=\"brz-column__items brz-css-1cvxjdv brz-css-uj6pru\">\n<div id=\"\" class=\"brz-css-ontjl3 brz-css-2sbc1p brz-wrapper\">\n<div class=\"brz-rich-text brz-rich-text__custom brz-css-tnf48m\" data-brz-custom-id=\"qnmyetiwuukqsvnyusrxhbcoaoqnqqvjjqtm\">\n<div data-brz-translate-text=\"1\">\n<p class=\"brz-tp-lg-empty brz-ff-manrope brz-ft-google brz-fs-lg-13 brz-fss-lg-px brz-fw-lg-700 brz-ls-lg-1_1 brz-lh-lg-1_5 brz-css-hzjZ_\" data-uniq-id=\"scslw\" data-generated-css=\"brz-css-llbba\"><span class=\"brz-capitalize-on\">LIFTING FRONTAL<\/span><\/p>\n<\/div>\n<\/div>\n<\/div>\n<div id=\"\" class=\"brz-css-ontjl3 brz-css-sp6ihw brz-wrapper\">\n<div class=\"brz-spacer brz-css-2k06ql brz-css-1oowwz9\"><\/div>\n<\/div>\n<div id=\"\" class=\"brz-css-ontjl3 brz-css-1brmevn brz-wrapper\">\n<div class=\"brz-icon-text brz-css-agrzbf\" data-brz-custom-id=\"gyraffuruntpjxjsewriawhpgtdjbmyxyviw\">\n<div class=\"brz-icon__container\" data-brz-custom-id=\"fysqbblvnadhdxxqzycgkapqqyxkywekrovw\"><span class=\"brz-icon brz-span brz-css-1jv5qpi brz-css-1yk90zu\"><\/span><\/div>\n<div class=\"brz-text-btn\">\n<div class=\"brz-rich-text brz-rich-text__custom brz-css-tnf48m\" data-brz-custom-id=\"kvddcsrystckvanmmdwukymauvfggztzildl\">\n<div data-brz-translate-text=\"1\">\n<p class=\"brz-lh-xs-1_4 brz-lh-sm-1_4 brz-fs-lg-18 brz-fs-sm-17 brz-fs-xs-17 brz-ls-lg-0 brz-ls-sm-0 brz-ls-xs-0 brz-ff-arimo brz-ft-google brz-fw-lg-400 brz-fw-sm-400 brz-fw-xs-400 brz-lh-lg-1_3 brz-css-qKeEE\" data-uniq-id=\"agrar\" data-generated-css=\"brz-css-xdven\"><span>Anesth\u00e9sie : G\u00e9n\u00e9rale<\/span><\/p>\n<\/div>\n<\/div>\n<\/div>\n<\/div>\n<\/div>\n<div id=\"\" class=\"brz-css-ontjl3 brz-css-sp6ihw brz-wrapper\">\n<div class=\"brz-spacer brz-css-2k06ql brz-css-iemda4\"><\/div>\n<\/div>\n<div id=\"\" class=\"brz-css-ontjl3 brz-css-fvgdl0 brz-wrapper\">\n<div class=\"brz-icon-text brz-css-agrzbf\" data-brz-custom-id=\"nvgzjlgfnfixdvgznxmpgzjfwawqofbcmmtz\">\n<div class=\"brz-icon__container\" data-brz-custom-id=\"yrgnutxkposmjflgyiahickslykdmdnygnsh\"><span class=\"brz-icon brz-span brz-css-1jv5qpi brz-css-6i0sau\"><\/span><\/div>\n<div class=\"brz-text-btn\">\n<div class=\"brz-rich-text brz-rich-text__custom brz-css-tnf48m\" data-brz-custom-id=\"ueutgxexkauglyynmwboaaroxgjgqsctpluq\">\n<div data-brz-translate-text=\"1\">\n<p class=\"brz-lh-sm-1_4 brz-lh-lg-1_3 brz-fw-xs-400 brz-fw-sm-400 brz-fw-lg-400 brz-ft-google brz-ff-arimo brz-ls-xs-0 brz-ls-sm-0 brz-ls-lg-0 brz-fs-xs-17 brz-fs-sm-17 brz-fs-lg-18 brz-lh-xs-1_4 brz-css-wAD_m\" data-uniq-id=\"dmfwa\" data-generated-css=\"brz-css-vkmrs\"><span>Dur\u00e9e du s\u00e9jour : 5 nuits<\/span><\/p>\n<\/div>\n<\/div>\n<\/div>\n<\/div>\n<\/div>\n<div id=\"\" class=\"brz-css-ontjl3 brz-css-sp6ihw brz-wrapper\">\n<div class=\"brz-spacer brz-css-2k06ql brz-css-r189s0\"><\/div>\n<\/div>\n<div id=\"\" class=\"brz-css-ontjl3 brz-css-197378g brz-wrapper\">\n<div class=\"brz-icon-text brz-css-agrzbf\" data-brz-custom-id=\"ewdvmzpesnbdoztenrizwuuohknyueqettso\">\n<div class=\"brz-icon__container\" data-brz-custom-id=\"awcjyjnxdvlwmuxrjrqdvmojrintiujmyisr\"><span class=\"brz-icon brz-span brz-css-1jv5qpi brz-css-ilq6kj\"><\/span><\/div>\n<div class=\"brz-text-btn\">\n<div class=\"brz-rich-text brz-rich-text__custom brz-css-tnf48m\" data-brz-custom-id=\"zrzacbnsgzealnzjazbydlnmqyxanaxdfwqw\">\n<div data-brz-translate-text=\"1\">\n<p class=\"brz-lh-sm-1_4 brz-lh-lg-1_3 brz-fw-xs-400 brz-fw-sm-400 brz-fw-lg-400 brz-ft-google brz-ff-arimo brz-ls-xs-0 brz-ls-sm-0 brz-ls-lg-0 brz-fs-xs-17 brz-fs-sm-17 brz-fs-lg-18 brz-lh-xs-1_4 brz-css-xpPae\" data-uniq-id=\"odtqs\" data-generated-css=\"brz-css-cxknf\"><span>Dur\u00e9e de l&rsquo;intervention : 1 heure<\/span><\/p>\n<\/div>\n<\/div>\n<\/div>\n<\/div>\n<\/div>\n<div id=\"\" class=\"brz-css-ontjl3 brz-css-sp6ihw brz-wrapper\">\n<div class=\"brz-spacer brz-css-2k06ql brz-css-5gxijc\"><\/div>\n<\/div>\n<div id=\"\" class=\"brz-css-ontjl3 brz-css-wbn588 brz-wrapper\">\n<div class=\"brz-icon-text brz-css-agrzbf\" data-brz-custom-id=\"gqbbhpoyjbzuepkeyizomsxhcwmepnwjuxjn\">\n<div class=\"brz-icon__container\" data-brz-custom-id=\"eedqtupoauastqidnppsxcambyyghrlukwpv\"><span class=\"brz-icon brz-span brz-css-1jv5qpi brz-css-1hraecn\"><\/span><\/div>\n<div class=\"brz-text-btn\">\n<div class=\"brz-rich-text brz-rich-text__custom brz-css-tnf48m\" data-brz-custom-id=\"jwwpgsevotnhqdqhqiefdktmezngutzjqmdi\">\n<div data-brz-translate-text=\"1\">\n<p class=\"brz-lh-sm-1_4 brz-lh-lg-1_3 brz-fw-xs-400 brz-fw-sm-400 brz-fw-lg-400 brz-ft-google brz-ff-arimo brz-ls-xs-0 brz-ls-sm-0 brz-ls-lg-0 brz-fs-xs-17 brz-fs-sm-17 brz-fs-lg-18 brz-lh-xs-1_4 brz-css-qIW3n\" data-generated-css=\"brz-css-vzxvf\" data-uniq-id=\"jvlhq\"><span>Retour \u00e0 votre vie normale : 1 semaine<\/span><\/p>\n<\/div>\n<\/div>\n<\/div>\n<\/div>\n<\/div>\n<div id=\"\" class=\"brz-css-ontjl3 brz-css-sp6ihw brz-wrapper\">\n<div class=\"brz-spacer brz-css-2k06ql brz-css-u6z96m\"><\/div>\n<\/div>\n<\/div>\n<\/div>\n<div class=\"brz-columns brz-css-dzfwkm brz-css-166vbbh\" data-brz-custom-id=\"ywbpbzuwvvdczkzdgrzsezmmglbgxthowzmx\">\n<div class=\"brz-bg\"><\/div>\n<div class=\"brz-column__items brz-css-1cvxjdv brz-css-rkjftt\">\n<div id=\"\" class=\"brz-css-ontjl3 brz-css-fr4qyg brz-wrapper\">\n<div class=\"brz-image brz-css-1qd1vw8 brz-css-1b14frt\" data-brz-custom-id=\"smvcnslewpmdfcggblxnidwggkavwohpmwby\"><img decoding=\"async\" class=\"brz-img\" src=\"https:\/\/drmakclinic.com\/fr?brizy_media=wp-7a8b7f6112c2328730e520510e30b4df.png&amp;brizy_crop=original\" alt=\"\" loading=\"lazy\"><\/div>\n<\/div>\n<\/div>\n<\/div>\n<\/div>\n<\/div>\n<\/div>\n<\/div>\n<\/section>\n<section id=\"_boijplxqzvfxqyhxertatlzccfwmojsbnwht\" class=\"brz-section brz-css-vwvtgq\">\n<div class=\"brz-section__content brz-section--boxed brz-css-1exitjv brz-css-1l4sjg6\" data-brz-custom-id=\"refyhzowhtqvoiahvcvkczcewuepzaneocvm\">\n<div class=\"brz-bg\">\n<div class=\"brz-bg-color\"><\/div>\n<\/div>\n<div class=\"brz-container brz-css-1srj6jy\">\n<div id=\"\" class=\"brz-css-ontjl3 brz-wrapper\">\n<div class=\"brz-line brz-line-default brz-css-1f3t7x brz-css-3q89dk\" data-brz-custom-id=\"kevpfckakmkfxvompaptlsczbrumxaizdlly\">\n<hr class=\"brz-hr\"><\/div>\n<\/div>\n<\/div>\n<\/div>\n<\/section>\n<section id=\"_jnqetgyjnmehurokaursohpealkqjversxxi\" class=\"brz-section brz-css-vwvtgq\">\n<div class=\"brz-section__content brz-section--boxed brz-css-1exitjv brz-css-1uf9rij\" data-brz-custom-id=\"bzgzeyjinrxtwckwghspuypadudmjzhxxbhh\">\n<div class=\"brz-bg\">\n<div class=\"brz-bg-color\"><\/div>\n<\/div>\n<div class=\"brz-container brz-css-1srj6jy\">\n<div id=\"\" class=\"brz-css-ontjl3 brz-css-sp6ihw brz-wrapper\">\n<div class=\"brz-spacer brz-css-2k06ql brz-css-d6jfb4\"><\/div>\n<\/div>\n<div class=\"brz-row__container brz-css-o0zn7o\" data-brz-custom-id=\"lmrqarqfuuzyquyacrkkeffrtkcqdmuivnxx\">\n<div class=\"brz-bg\"><\/div>\n<div class=\"brz-row brz-css-56olod brz-css-1cxx9i\">\n<div class=\"brz-columns brz-css-dzfwkm brz-css-ayi8y1\" data-brz-custom-id=\"wfrpyrywnqtcypynfkiqowvowrrzxjjjpbha\">\n<div class=\"brz-bg\"><\/div>\n<div class=\"brz-column__items brz-css-1cvxjdv brz-css-fr521w\">\n<div id=\"\" class=\"brz-css-ontjl3 brz-css-eiygfj brz-wrapper\">\n<div class=\"brz-image brz-css-1ay21qq brz-css-4alpbz\" data-brz-custom-id=\"gualhoytigjmhjvtilrcjeffrnxriwkdouhj\"><img decoding=\"async\" class=\"brz-img\" src=\"https:\/\/drmakclinic.com\/fr?brizy_media=wp-9b7486b9d786a0648588605ea135d33b.jpg&amp;brizy_crop=iW%3D316%26iH%3D211%26oX%3D90%26oY%3D23%26cW%3D105%26cH%3D106\" alt=\"\" loading=\"lazy\"><\/div>\n<\/div>\n<\/div>\n<\/div>\n<div class=\"brz-columns brz-css-dzfwkm brz-css-102dmh7\" data-brz-custom-id=\"lbgwgcraazvdklcrrpouracksdsxdshrrqkp\">\n<div class=\"brz-bg\"><\/div>\n<div class=\"brz-column__items brz-css-1cvxjdv brz-css-z0s409\">\n<div id=\"\" class=\"brz-css-ontjl3 brz-wrapper\">\n<div class=\"brz-rich-text brz-rich-text__custom brz-css-tnf48m\" data-brz-custom-id=\"mvpbobisisnlevetajmvfclsuqnoxhnutknw\">\n<div data-brz-translate-text=\"1\">\n<p data-uniq-id=\"egydo\" data-generated-css=\"brz-css-trizt\" class=\"brz-tp-lg-empty brz-ff-ckyztbazucvfgxnrkwthfbuhnumrbfrmhags brz-ft-upload brz-fs-lg-24 brz-fss-lg-px brz-fw-lg-400 brz-ls-lg-0 brz-lh-lg-1_5 brz-css-yGpII\">As you begin your journey toward considering plastic surgery and other cosmetic enhancements , my goal as your plastic surgeon is to provide you the highest quality of care throughout the entire process.<\/p>\n<\/div>\n<\/div>\n<\/div>\n<div id=\"\" class=\"brz-css-ontjl3 brz-css-sp6ihw brz-css-1gyi2yz brz-wrapper\">\n<div class=\"brz-spacer brz-css-2k06ql brz-css-34qxbt\"><\/div>\n<\/div>\n<div id=\"\" class=\"brz-css-ontjl3 brz-css-yuici5 brz-wrapper\">\n<div class=\"brz-rich-text brz-rich-text__custom brz-css-tnf48m\" data-brz-custom-id=\"gdpmkcjbcpejinfmgxjtxwqmfdrzzbrrsvze\">\n<div data-brz-translate-text=\"1\">\n<p class=\"brz-text-xs-center brz-tp-lg-heading4 brz-css-gePub\" data-uniq-id=\"mrayu\" data-generated-css=\"brz-css-yakzy\"><strong class=\"brz-cp-color2\">Dr. Mehmet Arif Karag\u00f6z<\/strong><\/p>\n<\/div>\n<\/div>\n<\/div>\n<div id=\"\" class=\"brz-css-ontjl3 brz-css-st669c brz-wrapper\">\n<div class=\"brz-rich-text brz-rich-text__custom brz-css-tnf48m\" data-brz-custom-id=\"rooirqvbjmfjiocecancjkyrdhfoubxvdavd\">\n<div data-brz-translate-text=\"1\">\n<p class=\"brz-text-xs-center brz-tp-lg-paragraph brz-css-lByRs\" data-uniq-id=\"xuihj\" data-generated-css=\"brz-css-uaiir\"><span class=\"brz-cp-color7\">DRMAK Plastic Surgeon<\/span><\/p>\n<\/div>\n<\/div>\n<\/div>\n<\/div>\n<\/div>\n<\/div>\n<\/div>\n<div id=\"\" class=\"brz-css-ontjl3 brz-css-sp6ihw brz-css-8covce brz-wrapper\">\n<div class=\"brz-spacer brz-css-2k06ql brz-css-1wqezum\"><\/div>\n<\/div>\n<div id=\"\" class=\"brz-css-ontjl3 brz-wrapper\">\n<div class=\"brz-line brz-line-default brz-css-1f3t7x brz-css-ofdv4r\" data-brz-custom-id=\"frdwbzyponsgriisonxxwkzuhraropdyttaj\">\n<hr class=\"brz-hr\"><\/div>\n<\/div>\n<\/div>\n<\/div>\n<\/section>\n<\/div>\n<p>    <!-- version:1738164689 --><\/p>\n","protected":false},"excerpt":{"rendered":"<p>LIFTING FRONTAL LIFTING FRONTAL Anesth\u00e9sie : G\u00e9n\u00e9rale Dur\u00e9e du s\u00e9jour : 5 nuits Dur\u00e9e de l&rsquo;intervention : 1 heure Retour \u00e0 votre vie normale : 1 semaine As you begin your journey toward considering plastic surgery and other cosmetic enhancements , my goal as your plastic surgeon is to provide you the highest quality of [&hellip;]<\/p>\n","protected":false},"author":1,"featured_media":0,"parent":1038,"menu_order":0,"comment_status":"closed","ping_status":"closed","template":"","meta":{"footnotes":""},"class_list":["post-1071","page","type-page","status-publish","hentry"],"blocksy_meta":{"styles_descriptor":{"styles":{"desktop":"","tablet":"","mobile":""},"google_fonts":[],"version":6}},"_links":{"self":[{"href":"https:\/\/drmakclinic.com\/fr\/wp-json\/wp\/v2\/pages\/1071","targetHints":{"allow":["GET"]}}],"collection":[{"href":"https:\/\/drmakclinic.com\/fr\/wp-json\/wp\/v2\/pages"}],"about":[{"href":"https:\/\/drmakclinic.com\/fr\/wp-json\/wp\/v2\/types\/page"}],"author":[{"embeddable":true,"href":"https:\/\/drmakclinic.com\/fr\/wp-json\/wp\/v2\/users\/1"}],"replies":[{"embeddable":true,"href":"https:\/\/drmakclinic.com\/fr\/wp-json\/wp\/v2\/comments?post=1071"}],"version-history":[{"count":0,"href":"https:\/\/drmakclinic.com\/fr\/wp-json\/wp\/v2\/pages\/1071\/revisions"}],"up":[{"embeddable":true,"href":"https:\/\/drmakclinic.com\/fr\/wp-json\/wp\/v2\/pages\/1038"}],"wp:attachment":[{"href":"https:\/\/drmakclinic.com\/fr\/wp-json\/wp\/v2\/media?parent=1071"}],"curies":[{"name":"wp","href":"https:\/\/api.w.org\/{rel}","templated":true}]}}