{"id":1074,"date":"2022-08-28T20:48:42","date_gmt":"2022-08-28T17:48:42","guid":{"rendered":"https:\/\/drmakclinic.com\/?page_id=1074"},"modified":"2025-01-30T14:11:11","modified_gmt":"2025-01-30T11:11:11","slug":"gynecomastia","status":"publish","type":"page","link":"https:\/\/drmakclinic.com\/fr\/procedures\/aesthetic-plastic-surgery\/gynecomastia\/","title":{"rendered":"Gynecomastia"},"content":{"rendered":"<div class=\"brz-root__container brz-reset-all brz brz-root__container-page\">\n<section id=\"_wpxbznvzhdsrxrekmlokcphqfgtperkhslfp\" class=\"brz-section brz-css-iajj8z\">\n<div class=\"brz-section__content brz-section--boxed brz-css-1a2hwq1 brz-css-14q9x5o\" data-brz-custom-id=\"phruflnqcjefkaztgfuoeklyurpiqpeyzotm\">\n<div class=\"brz-bg\">\n<div class=\"brz-bg-color\"><\/div>\n<\/div>\n<div class=\"brz-container brz-css-zrohtu\">\n<div class=\"brz-row__container brz-css-1b83djr\" data-brz-custom-id=\"vypeqemhmkubxyqnmqypxkscoptoexikfrhe\">\n<div class=\"brz-bg\"><\/div>\n<div class=\"brz-row brz-css-t7ye06 brz-css-1daqz88\">\n<div class=\"brz-columns brz-css-ie0s91 brz-css-5h02f0\" data-brz-custom-id=\"vrjmnwhtvawgsnclgqxyjwmuzxumvefkazuu\">\n<div class=\"brz-bg\"><\/div>\n<div class=\"brz-column__items brz-css-1wxof2w\">\n<div id=\"\" class=\"brz-css-kepb42 brz-wrapper\">\n<div class=\"brz-icon-text brz-css-138oqlu brz-css-rz9y3y\" data-brz-custom-id=\"isxtvncykcqgnixvyvojtcebqdivgwvudpep\">\n<div class=\"brz-icon__container\" data-brz-custom-id=\"pgmfmhbyosmbeqrghmdleekkghpzdyvxkvxn\"><span class=\"brz-icon brz-span brz-css-llqsal brz-css-ilk9xh\"><\/span><\/div>\n<div class=\"brz-text-btn\">\n<div class=\"brz-rich-text brz-rich-text__custom brz-css-12kafk7\" data-brz-custom-id=\"vssjrnlgttzmyejlkkxarmdllzxujixerflm\">\n<div data-brz-translate-text=\"1\">\n<p class=\"brz-lh-lg-1 brz-ls-lg-0 brz-fw-lg-400 brz-fss-lg-px brz-fs-lg-66 brz-ft-upload brz-ff-izzivsxniqvyexslaslvwzgtgnghvrxuxiru brz-tp-lg-empty brz-css-q9qid\" data-generated-css=\"brz-css-yzalw\" data-uniq-id=\"jqott\"><span>GYN\u00c9COMASTIE<\/span><\/p>\n<\/div>\n<\/div>\n<\/div>\n<\/div>\n<\/div>\n<\/div>\n<\/div>\n<\/div>\n<\/div>\n<\/div>\n<\/div>\n<\/section>\n<section id=\"_mokhhbqqpvrrxenprgadulbqsccqlmubiicf\" class=\"brz-section brz-css-iajj8z\">\n<div class=\"brz-section__content brz-section--boxed brz-css-1a2hwq1 brz-css-17p9871\" data-brz-custom-id=\"jnkmhmdkvymkitantfjunhlenvapnjfkpugf\">\n<div class=\"brz-bg\">\n<div class=\"brz-bg-color\"><\/div>\n<\/div>\n<div class=\"brz-container brz-css-zrohtu\">\n<div id=\"\" class=\"brz-css-kepb42 brz-wrapper\">\n<div class=\"brz-line brz-line-default brz-css-1rjd1o7 brz-css-1b6fa2h\" data-brz-custom-id=\"pdlrfdexldomtkqassifnkjvipalkqvhzggo\">\n<hr class=\"brz-hr\"><\/div>\n<\/div>\n<div class=\"brz-row__container brz-css-1b83djr\" data-brz-custom-id=\"edouyeebusretpfwlcqhrvyeadffujrukktl\">\n<div class=\"brz-bg\"><\/div>\n<div class=\"brz-row brz-css-t7ye06 brz-css-av35ng\">\n<div class=\"brz-columns brz-css-ie0s91 brz-css-te7emx\" data-brz-custom-id=\"hmnkgwrskoavshrkvblmhjgrbgghncqsomwn\">\n<div class=\"brz-bg\"><\/div>\n<div class=\"brz-column__items brz-css-1wxof2w brz-css-173yly1\">\n<div id=\"\" class=\"brz-css-kepb42 brz-css-13zr8wq brz-wrapper\">\n<div class=\"brz-rich-text brz-rich-text__custom brz-css-12kafk7\" data-brz-custom-id=\"emslwkyosgecicfhetoqelaffebfewjjvtnl\">\n<div data-brz-translate-text=\"1\">\n<p class=\"brz-tp-lg-empty brz-ff-manrope brz-ft-google brz-fs-lg-13 brz-fss-lg-px brz-fw-lg-700 brz-ls-lg-1_1 brz-lh-lg-1_5 brz-css-eShfm\" data-uniq-id=\"aoibf\" data-generated-css=\"brz-css-xodwk\"><span class=\"brz-capitalize-on\">GYN\u00c9COMASTIE<\/span><\/p>\n<\/div>\n<\/div>\n<\/div>\n<div id=\"\" class=\"brz-css-kepb42 brz-css-1frzkm7 brz-wrapper\">\n<div class=\"brz-rich-text brz-rich-text__custom brz-css-12kafk7\" data-brz-custom-id=\"bplhdioqjkhlqaqgjuucrlrwklbirvdggcgh\">\n<div data-brz-translate-text=\"1\">\n<p class=\"brz-ls-lg-0 brz-fw-lg-400 brz-fss-lg-px brz-fs-lg-36 brz-ft-upload brz-ff-ckyztbazucvfgxnrkwthfbuhnumrbfrmhags brz-tp-lg-empty brz-lh-lg-1_3 brz-css-khG_Z\" data-generated-css=\"brz-css-yxirn\" data-uniq-id=\"azpab\"><span class=\"brz-cp-color2\">La chirurgie pour enlever les tissus mammaires implique g\u00e9n\u00e9ralement une liposuccion de l&rsquo;exc\u00e8s de graisse, l&rsquo;ablation chirurgicale de l&rsquo;exc\u00e8s de tissu mammaire glandulaire par une incision dans la marge du complexe mamelon-ar\u00e9olaire et\/ou une excision cutan\u00e9e (dans les tr\u00e8s gros seins)<\/span><\/p>\n<\/div>\n<\/div>\n<\/div>\n<div id=\"\" class=\"brz-css-kepb42 brz-css-1d55ves brz-wrapper\">\n<div class=\"brz-spacer brz-css-1qkmn78 brz-css-dvu906\"><\/div>\n<\/div>\n<div id=\"\" class=\"brz-css-kepb42 brz-css-1563huy brz-wrapper\">\n<div class=\"brz-icon-text brz-css-138oqlu\" data-brz-custom-id=\"woqtidbgqkrmhfwtepdcqhgzmkouxqxgtpqw\">\n<div class=\"brz-icon__container\" data-brz-custom-id=\"zlrvunrwhumhewronsjrqgtundgutuyjlmma\"><span class=\"brz-icon brz-span brz-css-llqsal brz-css-1ygzcim\"><\/span><\/div>\n<div class=\"brz-text-btn\">\n<div class=\"brz-rich-text brz-rich-text__custom brz-css-12kafk7\" data-brz-custom-id=\"xvnbibfbgikvshxyzapbtwbdhtklujredouv\">\n<div data-brz-translate-text=\"1\">\n<p class=\"brz-lh-lg-1_3 brz-fw-xs-400 brz-fw-sm-400 brz-fw-lg-400 brz-ft-google brz-ff-arimo brz-ls-xs-0 brz-ls-sm-0 brz-ls-lg-0 brz-fs-xs-17 brz-fs-sm-17 brz-fs-lg-18 brz-lh-sm-1_4 brz-lh-xs-1_4 brz-css-c0hcr\" data-generated-css=\"brz-css-xizrt\" data-uniq-id=\"atybd\"><span>Anesth\u00e9sie : G\u00e9n\u00e9rale<\/span><\/p>\n<\/div>\n<\/div>\n<\/div>\n<\/div>\n<\/div>\n<div id=\"\" class=\"brz-css-kepb42 brz-css-1d55ves brz-wrapper\">\n<div class=\"brz-spacer brz-css-1qkmn78 brz-css-1typej8\"><\/div>\n<\/div>\n<div id=\"\" class=\"brz-css-kepb42 brz-css-1jkjop brz-wrapper\">\n<div class=\"brz-icon-text brz-css-138oqlu\" data-brz-custom-id=\"xkgxsaarkqyrmfehbyepqlsxdyphrikkjzor\">\n<div class=\"brz-icon__container\" data-brz-custom-id=\"oimkypfxayljtgyqsnppouwywflyihjqahbm\"><span class=\"brz-icon brz-span brz-css-llqsal brz-css-ux6otf\"><\/span><\/div>\n<div class=\"brz-text-btn\">\n<div class=\"brz-rich-text brz-rich-text__custom brz-css-12kafk7\" data-brz-custom-id=\"aedgeilhlxtxvqafmrhdpzlpyouoiinqxzmz\">\n<div data-brz-translate-text=\"1\">\n<p class=\"brz-lh-sm-1_4 brz-lh-lg-1_3 brz-fw-xs-400 brz-fw-sm-400 brz-fw-lg-400 brz-ft-google brz-ff-arimo brz-ls-xs-0 brz-ls-sm-0 brz-ls-lg-0 brz-fs-xs-17 brz-fs-sm-17 brz-fs-lg-18 brz-lh-xs-1_4 brz-css-r3i2p\" data-uniq-id=\"gslcd\" data-generated-css=\"brz-css-nlyqm\"><span>Dur\u00e9e du s\u00e9jour : 4 nuits<\/span><\/p>\n<\/div>\n<\/div>\n<\/div>\n<\/div>\n<\/div>\n<div id=\"\" class=\"brz-css-kepb42 brz-css-1d55ves brz-wrapper\">\n<div class=\"brz-spacer brz-css-1qkmn78 brz-css-1t388o\"><\/div>\n<\/div>\n<div id=\"\" class=\"brz-css-kepb42 brz-css-p6tjoq brz-wrapper\">\n<div class=\"brz-icon-text brz-css-138oqlu\" data-brz-custom-id=\"aqhcxrfkiuddzaghestgbvkpmmeuknxykjkl\">\n<div class=\"brz-icon__container\" data-brz-custom-id=\"ycdtkcanhknoamxxqifbaxqfbuigoqflwaxy\"><span class=\"brz-icon brz-span brz-css-llqsal brz-css-wxhwz\"><\/span><\/div>\n<div class=\"brz-text-btn\">\n<div class=\"brz-rich-text brz-rich-text__custom brz-css-12kafk7\" data-brz-custom-id=\"balbzhchrwdplfvrfourfosffrnbmfllhmjt\">\n<div data-brz-translate-text=\"1\">\n<p class=\"brz-lh-sm-1_4 brz-lh-lg-1_3 brz-fw-xs-400 brz-fw-sm-400 brz-fw-lg-400 brz-ft-google brz-ff-arimo brz-ls-xs-0 brz-ls-sm-0 brz-ls-lg-0 brz-fs-xs-17 brz-fs-sm-17 brz-fs-lg-18 brz-lh-xs-1_4 brz-css-lNfhV\" data-uniq-id=\"kcsfq\" data-generated-css=\"brz-css-ztmac\"><span>Dur\u00e9e de la chirurgie : 1-2 heures<\/span><\/p>\n<\/div>\n<\/div>\n<\/div>\n<\/div>\n<\/div>\n<div id=\"\" class=\"brz-css-kepb42 brz-css-1d55ves brz-wrapper\">\n<div class=\"brz-spacer brz-css-1qkmn78 brz-css-28rw6a\"><\/div>\n<\/div>\n<div id=\"\" class=\"brz-css-kepb42 brz-css-13ww4o8 brz-wrapper\">\n<div class=\"brz-icon-text brz-css-138oqlu\" data-brz-custom-id=\"gqzbdfduhakcmrahbstkgmsqzzsuzyehddxf\">\n<div class=\"brz-icon__container\" data-brz-custom-id=\"enbefearyflbmarxfpxrarjmroxevmxfpwvr\"><span class=\"brz-icon brz-span brz-css-llqsal brz-css-4bhdd5\"><\/span><\/div>\n<div class=\"brz-text-btn\">\n<div class=\"brz-rich-text brz-rich-text__custom brz-css-12kafk7\" data-brz-custom-id=\"qjvjqrqanrdfglzouavuvbrounpwfvqhgrmn\">\n<div data-brz-translate-text=\"1\">\n<p class=\"brz-lh-sm-1_4 brz-lh-lg-1_3 brz-fw-xs-400 brz-fw-sm-400 brz-fw-lg-400 brz-ft-google brz-ff-arimo brz-ls-xs-0 brz-ls-sm-0 brz-ls-lg-0 brz-fs-xs-17 brz-fs-sm-17 brz-fs-lg-18 brz-lh-xs-1_4 brz-css-hFiOm\" data-generated-css=\"brz-css-ivfpf\" data-uniq-id=\"wkizm\"><span>Retour \u00e0 la vie normale : 1 semaine<\/span><\/p>\n<\/div>\n<\/div>\n<\/div>\n<\/div>\n<\/div>\n<div id=\"\" class=\"brz-css-kepb42 brz-css-1d55ves brz-wrapper\">\n<div class=\"brz-spacer brz-css-1qkmn78 brz-css-n2717k\"><\/div>\n<\/div>\n<\/div>\n<\/div>\n<div class=\"brz-columns brz-css-ie0s91 brz-css-mqjjev\" data-brz-custom-id=\"fhdtdujyippywsvwgcqqyrbonnuxvdlgtjcd\">\n<div class=\"brz-bg\"><\/div>\n<div class=\"brz-column__items brz-css-1wxof2w brz-css-1ck1zjj\">\n<div id=\"\" class=\"brz-css-kepb42 brz-css-1bw7jqi brz-wrapper\">\n<div class=\"brz-image brz-css-1xs2qfi brz-css-sxp9af\" data-brz-custom-id=\"mkvoyqreteyqjnsggsttjhgbrionfsgyjsyl\"><img decoding=\"async\" class=\"brz-img\" src=\"https:\/\/drmakclinic.com\/fr?brizy_media=wp-60498e1fbfbc8e7d25d0a8d9d1ecd171.png&amp;brizy_crop=original\" alt=\"\" loading=\"lazy\"><\/div>\n<\/div>\n<\/div>\n<\/div>\n<\/div>\n<\/div>\n<\/div>\n<\/div>\n<\/section>\n<section id=\"_gcqacxmvtzminfphoacwixkxarqofzwdcipr\" class=\"brz-section brz-css-iajj8z\">\n<div class=\"brz-section__content brz-section--boxed brz-css-1a2hwq1 brz-css-qyddv2\" data-brz-custom-id=\"tbjiuceukxpgjugkcngggceueiptwomdeqkf\">\n<div class=\"brz-bg\">\n<div class=\"brz-bg-color\"><\/div>\n<\/div>\n<div class=\"brz-container brz-css-zrohtu\">\n<div id=\"\" class=\"brz-css-kepb42 brz-wrapper\">\n<div class=\"brz-line brz-line-default brz-css-1rjd1o7 brz-css-1o08vow\" data-brz-custom-id=\"vhgenclgtcbgxyraalbyuunoqrtqrsgkvbfq\">\n<hr class=\"brz-hr\"><\/div>\n<\/div>\n<div class=\"brz-row__container brz-css-1b83djr\" data-brz-custom-id=\"iwczrhkzqosjrzstcsucdbnxxisnpnqcfxuh\">\n<div class=\"brz-bg\"><\/div>\n<div class=\"brz-row brz-css-t7ye06\">\n<div class=\"brz-columns brz-css-ie0s91 brz-css-u4ab92\" data-brz-custom-id=\"dojbqldbalisthvjygayawsugbgnpqstmgzn\">\n<div class=\"brz-bg\"><\/div>\n<div class=\"brz-column__items brz-css-1wxof2w\"><\/div>\n<\/div>\n<div class=\"brz-columns brz-css-ie0s91 brz-css-1ljwe3c\" data-brz-custom-id=\"atgbpbtfiuaiaqlbvgdmxdwzfdugidzpnkya\">\n<div class=\"brz-bg\"><\/div>\n<div class=\"brz-column__items brz-css-1wxof2w\">\n<div id=\"\" class=\"brz-css-kepb42 brz-wrapper\">\n<div class=\"brz-rich-text brz-rich-text__custom brz-css-12kafk7\" data-brz-custom-id=\"mqrvmzyvquetfbjprkfqrnyaqgxanlwepvmp\">\n<div data-brz-translate-text=\"1\">\n<p class=\"brz-fs-lg-22 brz-ft-upload brz-ff-ckyztbazucvfgxnrkwthfbuhnumrbfrmhags brz-tp-lg-empty brz-lh-lg-1_9 brz-ls-lg-0 brz-fw-lg-400 brz-fss-lg-px brz-css-jHjHT\" data-generated-css=\"brz-css-leuau\" data-uniq-id=\"acwbo\"><span>Avant vos traitements, vous devrez peut-\u00eatre \u00e9galement :<\/span><\/p>\n<\/div>\n<\/div>\n<\/div>\n<div id=\"\" class=\"brz-css-kepb42 brz-css-178d9rp brz-wrapper\">\n<div class=\"brz-icon-text brz-css-138oqlu\" data-brz-custom-id=\"pcftmudxtpwkhyuhtieouqypxflimzxocjxj\">\n<div class=\"brz-icon__container\" data-brz-custom-id=\"ieuuywegpstjbpycacpjszngebmdiieaqewv\"><span class=\"brz-icon brz-span brz-css-llqsal brz-css-19ep6s0\"><\/span><\/div>\n<div class=\"brz-text-btn\">\n<div class=\"brz-rich-text brz-rich-text__custom brz-css-12kafk7\" data-brz-custom-id=\"qnijbopmnhrlhjzjvdkzojfhsvxinciobfxv\">\n<div data-brz-translate-text=\"1\">\n<p class=\"brz-lh-sm-1_4 brz-lh-lg-1_3 brz-fw-xs-400 brz-fw-sm-400 brz-fw-lg-400 brz-ft-google brz-ff-arimo brz-ls-xs-0 brz-ls-sm-0 brz-ls-lg-0 brz-fs-xs-17 brz-fs-sm-17 brz-fs-lg-18 brz-lh-xs-1_4 brz-css-fyXBc\" data-generated-css=\"brz-css-esxxv\" data-uniq-id=\"stvxi\"><span>Arr\u00eater de fumer. Fumer diminue le flux sanguin dans la peau et peut ralentir le processus de gu\u00e9rison. Si vous fumez, le Dr Mak vous recommandera d&rsquo;arr\u00eater de fumer avant la chirurgie et pendant la convalescence.<\/span><\/p>\n<\/div>\n<\/div>\n<\/div>\n<\/div>\n<\/div>\n<div id=\"\" class=\"brz-css-kepb42 brz-css-1d55ves brz-wrapper\">\n<div class=\"brz-spacer brz-css-1qkmn78 brz-css-13cqfaj\"><\/div>\n<\/div>\n<div id=\"\" class=\"brz-css-kepb42 brz-css-1q7u09s brz-wrapper\">\n<div class=\"brz-icon-text brz-css-138oqlu\" data-brz-custom-id=\"hspnjaxgfcmnkwqlferbyjwlcylhacfvgiuo\">\n<div class=\"brz-icon__container\" data-brz-custom-id=\"zvxzuxvwciijoyzvnpszepxmvjcfqvpzjvpm\"><span class=\"brz-icon brz-span brz-css-llqsal brz-css-rh6syf\"><\/span><\/div>\n<div class=\"brz-text-btn\">\n<div class=\"brz-rich-text brz-rich-text__custom brz-css-12kafk7\" data-brz-custom-id=\"qhvkbxpiptvekydzxdvceduxnvksobcczxac\">\n<div data-brz-translate-text=\"1\">\n<p class=\"brz-lh-sm-1_4 brz-lh-lg-1_3 brz-fw-xs-400 brz-fw-sm-400 brz-fw-lg-400 brz-ft-google brz-ff-arimo brz-ls-xs-0 brz-ls-sm-0 brz-ls-lg-0 brz-fs-xs-17 brz-fs-sm-17 brz-fs-lg-18 brz-lh-xs-1_4 brz-css-x2zIz\" data-generated-css=\"brz-css-kplcm\" data-uniq-id=\"rtfew\"><span class=\"brz-cp-color2\">\u00c9vitez certains m\u00e9dicaments. Vous devrez probablement \u00e9viter de prendre de l&rsquo;aspirine, des anti-inflammatoires, des anabolisants et des suppl\u00e9ments \u00e0 base de plantes, qui peuvent augmenter les saignements.<\/span><\/p>\n<\/div>\n<\/div>\n<\/div>\n<\/div>\n<\/div>\n<\/div>\n<\/div>\n<div class=\"brz-columns brz-css-ie0s91 brz-css-1o9o6jr\" data-brz-custom-id=\"waftxwyzdapfordxmooeilgekbdbywhqzbcz\">\n<div class=\"brz-bg\"><\/div>\n<div class=\"brz-column__items brz-css-1wxof2w\"><\/div>\n<\/div>\n<\/div>\n<\/div>\n<\/div>\n<\/div>\n<\/section>\n<section id=\"_nukssbjufvswairotfsnlipkldgcxqvsalei\" class=\"brz-section brz-css-iajj8z\">\n<div class=\"brz-section__content brz-section--boxed brz-css-1a2hwq1 brz-css-5nxif9\" data-brz-custom-id=\"pzoefyqjbjuzykwzylapmzdyiigrbsbkwmvh\">\n<div class=\"brz-bg\">\n<div class=\"brz-bg-color\"><\/div>\n<\/div>\n<div class=\"brz-container brz-css-zrohtu\">\n<div id=\"\" class=\"brz-css-kepb42 brz-wrapper\">\n<div class=\"brz-line brz-line-default brz-css-1rjd1o7 brz-css-2anmpy\" data-brz-custom-id=\"plekjqkclndifhktdanqhaknrvjbzpxtxmws\">\n<hr class=\"brz-hr\"><\/div>\n<\/div>\n<div id=\"\" class=\"brz-css-kepb42 brz-css-1d55ves brz-wrapper\">\n<div class=\"brz-spacer brz-css-1qkmn78 brz-css-1orgs0s\"><\/div>\n<\/div>\n<div class=\"brz-row__container brz-css-1b83djr\" data-brz-custom-id=\"uaouxddqstzcizskzmucsezpwtgwgoygobjj\">\n<div class=\"brz-bg\"><\/div>\n<div class=\"brz-row brz-css-t7ye06 brz-css-av35ng\">\n<div class=\"brz-columns brz-css-ie0s91 brz-css-1nub6vu\" data-brz-custom-id=\"nmsubmpryrjexhelnmcpqcrhqvladbevfeyc\">\n<div class=\"brz-bg\"><\/div>\n<div class=\"brz-column__items brz-css-1wxof2w brz-css-1hs41vv\">\n<div id=\"\" class=\"brz-css-kepb42 brz-css-4dwdxd brz-wrapper\">\n<div class=\"brz-image brz-css-tt01h5 brz-css-17y3hzx\" data-brz-custom-id=\"ceqcjfjukbwcbeqoufflreketuwrzkzwngcn\"><img decoding=\"async\" class=\"brz-img\" src=\"https:\/\/drmakclinic.com\/fr?brizy_media=wp-9b7486b9d786a0648588605ea135d33b.jpg&amp;brizy_crop=iW%3D316%26iH%3D211%26oX%3D90%26oY%3D23%26cW%3D105%26cH%3D106\" alt=\"\" loading=\"lazy\"><\/div>\n<\/div>\n<\/div>\n<\/div>\n<div class=\"brz-columns brz-css-ie0s91 brz-css-3fqer3\" data-brz-custom-id=\"qgkdcgqhixtqdiwhufyeokvtgqsyabvzsjka\">\n<div class=\"brz-bg\"><\/div>\n<div class=\"brz-column__items brz-css-1wxof2w brz-css-1u48uz3\">\n<div id=\"\" class=\"brz-css-kepb42 brz-wrapper\">\n<div class=\"brz-rich-text brz-rich-text__custom brz-css-12kafk7\" data-brz-custom-id=\"dwbykmonawfvcvypxkubjffwdhckzxixkmfr\">\n<div data-brz-translate-text=\"1\">\n<p data-uniq-id=\"egydo\" data-generated-css=\"brz-css-trizt\" class=\"brz-tp-lg-empty brz-ff-ckyztbazucvfgxnrkwthfbuhnumrbfrmhags brz-ft-upload brz-fs-lg-24 brz-fss-lg-px brz-fw-lg-400 brz-ls-lg-0 brz-lh-lg-1_5 brz-css-srxc_\">As you begin your journey toward considering plastic surgery and other cosmetic enhancements , my goal as your plastic surgeon is to provide you the highest quality of care throughout the entire process.<\/p>\n<\/div>\n<\/div>\n<\/div>\n<div id=\"\" class=\"brz-css-kepb42 brz-css-1d55ves brz-css-1e1113a brz-wrapper\">\n<div class=\"brz-spacer brz-css-1qkmn78 brz-css-1h9gidr\"><\/div>\n<\/div>\n<div id=\"\" class=\"brz-css-kepb42 brz-css-1gd1lm3 brz-wrapper\">\n<div class=\"brz-rich-text brz-rich-text__custom brz-css-12kafk7\" data-brz-custom-id=\"bupnkbvixukxfcvjjiqebbwkrcalztnzceea\">\n<div data-brz-translate-text=\"1\">\n<p class=\"brz-text-xs-center brz-tp-lg-heading4 brz-css-uThYx\" data-uniq-id=\"mrayu\" data-generated-css=\"brz-css-yakzy\"><strong class=\"brz-cp-color2\">Dr. Mehmet Arif Karag\u00f6z<\/strong><\/p>\n<\/div>\n<\/div>\n<\/div>\n<div id=\"\" class=\"brz-css-kepb42 brz-css-1ngtldx brz-wrapper\">\n<div class=\"brz-rich-text brz-rich-text__custom brz-css-12kafk7\" data-brz-custom-id=\"llwcxdhgvciqsbfjeonifbirgbopdytunjck\">\n<div data-brz-translate-text=\"1\">\n<p class=\"brz-text-xs-center brz-tp-lg-paragraph brz-css-tqdwV\" data-uniq-id=\"xuihj\" data-generated-css=\"brz-css-uaiir\"><span class=\"brz-cp-color7\">DRMAK Plastic Surgeon<\/span><\/p>\n<\/div>\n<\/div>\n<\/div>\n<\/div>\n<\/div>\n<\/div>\n<\/div>\n<div id=\"\" class=\"brz-css-kepb42 brz-css-1d55ves brz-css-1wrw0tm brz-wrapper\">\n<div class=\"brz-spacer brz-css-1qkmn78 brz-css-12r5kir\"><\/div>\n<\/div>\n<div id=\"\" class=\"brz-css-kepb42 brz-wrapper\">\n<div class=\"brz-line brz-line-default brz-css-1rjd1o7 brz-css-zgbp1o\" data-brz-custom-id=\"eidysjoudhowjwskkxgytcefadamrskrlqli\">\n<hr class=\"brz-hr\"><\/div>\n<\/div>\n<\/div>\n<\/div>\n<\/section>\n<\/div>\n<p>    <!-- version:1738235471 --><\/p>\n","protected":false},"excerpt":{"rendered":"<p>GYN\u00c9COMASTIE GYN\u00c9COMASTIE La chirurgie pour enlever les tissus mammaires implique g\u00e9n\u00e9ralement une liposuccion de l&rsquo;exc\u00e8s de graisse, l&rsquo;ablation chirurgicale de l&rsquo;exc\u00e8s de tissu mammaire glandulaire par une incision dans la marge du complexe mamelon-ar\u00e9olaire et\/ou une excision cutan\u00e9e (dans les tr\u00e8s gros seins) Anesth\u00e9sie : G\u00e9n\u00e9rale Dur\u00e9e du s\u00e9jour : 4 nuits Dur\u00e9e de la [&hellip;]<\/p>\n","protected":false},"author":1,"featured_media":0,"parent":1038,"menu_order":0,"comment_status":"closed","ping_status":"closed","template":"","meta":{"footnotes":""},"class_list":["post-1074","page","type-page","status-publish","hentry"],"blocksy_meta":{"styles_descriptor":{"styles":{"desktop":"","tablet":"","mobile":""},"google_fonts":[],"version":6}},"_links":{"self":[{"href":"https:\/\/drmakclinic.com\/fr\/wp-json\/wp\/v2\/pages\/1074","targetHints":{"allow":["GET"]}}],"collection":[{"href":"https:\/\/drmakclinic.com\/fr\/wp-json\/wp\/v2\/pages"}],"about":[{"href":"https:\/\/drmakclinic.com\/fr\/wp-json\/wp\/v2\/types\/page"}],"author":[{"embeddable":true,"href":"https:\/\/drmakclinic.com\/fr\/wp-json\/wp\/v2\/users\/1"}],"replies":[{"embeddable":true,"href":"https:\/\/drmakclinic.com\/fr\/wp-json\/wp\/v2\/comments?post=1074"}],"version-history":[{"count":0,"href":"https:\/\/drmakclinic.com\/fr\/wp-json\/wp\/v2\/pages\/1074\/revisions"}],"up":[{"embeddable":true,"href":"https:\/\/drmakclinic.com\/fr\/wp-json\/wp\/v2\/pages\/1038"}],"wp:attachment":[{"href":"https:\/\/drmakclinic.com\/fr\/wp-json\/wp\/v2\/media?parent=1074"}],"curies":[{"name":"wp","href":"https:\/\/api.w.org\/{rel}","templated":true}]}}