{"id":1077,"date":"2022-08-28T20:48:58","date_gmt":"2022-08-28T17:48:58","guid":{"rendered":"https:\/\/drmakclinic.com\/?page_id=1077"},"modified":"2025-01-30T01:18:23","modified_gmt":"2025-01-29T22:18:23","slug":"labiaplasty","status":"publish","type":"page","link":"https:\/\/drmakclinic.com\/fr\/procedures\/aesthetic-plastic-surgery\/labiaplasty\/","title":{"rendered":"Labiaplasty"},"content":{"rendered":"<div class=\"brz-root__container brz-reset-all brz brz-root__container-page\">\n<section id=\"_ngpmmklqnbjsgtinkpduhizypnhtqmagrtlo\" class=\"brz-section brz-css-1jwc2gq\">\n<div class=\"brz-section__content brz-section--boxed brz-css-19wkfp5 brz-css-ovtp4z\" data-brz-custom-id=\"bagkidojjbmmppememmtfkgidcjjunhpexih\">\n<div class=\"brz-bg\">\n<div class=\"brz-bg-color\"><\/div>\n<\/div>\n<div class=\"brz-container brz-css-1f93gk7\">\n<div class=\"brz-row__container brz-css-zn2uav\" data-brz-custom-id=\"oerbvwznxtguhcbfeawawojibbmlfolinpyk\">\n<div class=\"brz-bg\"><\/div>\n<div class=\"brz-row brz-css-11gn3f4 brz-css-1ftieht\">\n<div class=\"brz-columns brz-css-18s8h9g brz-css-i5gshc\" data-brz-custom-id=\"csarwbkmdtqpqjqkumaafkjsoruooiglqmzd\">\n<div class=\"brz-bg\"><\/div>\n<div class=\"brz-column__items brz-css-g9kb11\">\n<div id=\"\" class=\"brz-css-181lgkx brz-wrapper\">\n<div class=\"brz-icon-text brz-css-n8gbkp brz-css-1tf18te\" data-brz-custom-id=\"ndpinytsjunbefeguemnmockisgadqwgochq\">\n<div class=\"brz-icon__container\" data-brz-custom-id=\"dayxddplbmrifwwwumfauturmoovfrdytedf\"><span class=\"brz-icon brz-span brz-css-13cxoz8 brz-css-co5a46\"><\/span><\/div>\n<div class=\"brz-text-btn\">\n<div class=\"brz-rich-text brz-rich-text__custom brz-css-j39649\" data-brz-custom-id=\"poswzuzhppcvhgdxudrapoxxuzoeskibvliu\">\n<div data-brz-translate-text=\"1\">\n<p class=\"brz-lh-lg-1 brz-ls-lg-0 brz-fw-lg-400 brz-fss-lg-px brz-fs-lg-66 brz-ft-upload brz-ff-izzivsxniqvyexslaslvwzgtgnghvrxuxiru brz-tp-lg-empty brz-css-ugx_V\" data-generated-css=\"brz-css-igxqa\" data-uniq-id=\"dkyly\"><span>LABIAPLASTIE<\/span><\/p>\n<\/div>\n<\/div>\n<\/div>\n<\/div>\n<\/div>\n<\/div>\n<\/div>\n<\/div>\n<\/div>\n<\/div>\n<\/div>\n<\/section>\n<section id=\"_safkoqdiqdychlnxrybemgcdruxyegvrzkhm\" class=\"brz-section brz-css-1jwc2gq\">\n<div class=\"brz-section__content brz-section--boxed brz-css-19wkfp5 brz-css-1l9ol3b\" data-brz-custom-id=\"vgguemhrxfqctcfudbkxrsqzlrpiexmprsgs\">\n<div class=\"brz-bg\">\n<div class=\"brz-bg-color\"><\/div>\n<\/div>\n<div class=\"brz-container brz-css-1f93gk7\">\n<div id=\"\" class=\"brz-css-181lgkx brz-wrapper\">\n<div class=\"brz-line brz-line-default brz-css-4tncu2 brz-css-x56yol\" data-brz-custom-id=\"bihjxffxtxgyhzsjcxfvngnycsjjdbvnxagj\">\n<hr class=\"brz-hr\"><\/div>\n<\/div>\n<div class=\"brz-row__container brz-css-zn2uav\" data-brz-custom-id=\"nsdjdpumbspnyanumaupkfyhadtiupjuhieh\">\n<div class=\"brz-bg\"><\/div>\n<div class=\"brz-row brz-css-11gn3f4 brz-css-18nkji9\">\n<div class=\"brz-columns brz-css-18s8h9g brz-css-1jb2fx2\" data-brz-custom-id=\"nbqlpijlctmmlbmydujhuaaeikaqybcvmqaa\">\n<div class=\"brz-bg\"><\/div>\n<div class=\"brz-column__items brz-css-g9kb11 brz-css-y8oxyk\">\n<div id=\"\" class=\"brz-css-181lgkx brz-css-yg7z2e brz-wrapper\">\n<div class=\"brz-rich-text brz-rich-text__custom brz-css-j39649\" data-brz-custom-id=\"ktvjjqzmxhmeeiynyrwpvmlodzhmxjrwezwn\">\n<div data-brz-translate-text=\"1\">\n<p class=\"brz-tp-lg-empty brz-ff-manrope brz-ft-google brz-fs-lg-13 brz-fss-lg-px brz-fw-lg-700 brz-ls-lg-1_1 brz-lh-lg-1_5 brz-css-swoyw\" data-uniq-id=\"mbpoc\" data-generated-css=\"brz-css-kubat\"><span class=\"brz-capitalize-on\">LABIAPLASTIE<\/span><\/p>\n<\/div>\n<\/div>\n<\/div>\n<div id=\"\" class=\"brz-css-181lgkx brz-css-b49vgc brz-wrapper\">\n<div class=\"brz-rich-text brz-rich-text__custom brz-css-j39649\" data-brz-custom-id=\"kothggmlrvzmuytjybuhkylioscwsucptitp\">\n<div data-brz-translate-text=\"1\">\n<p class=\"brz-ls-lg-0 brz-fw-lg-400 brz-fss-lg-px brz-fs-lg-36 brz-ft-upload brz-ff-ckyztbazucvfgxnrkwthfbuhnumrbfrmhags brz-tp-lg-empty brz-lh-lg-1_3 brz-css-yHWZq\" data-generated-css=\"brz-css-youlr\" data-uniq-id=\"pftse\"><span class=\"brz-cp-color2\">Nous fournissons des produits de comblement cutan\u00e9 \u00e0 l&rsquo;acide hyaluronique dans notre clinique. Le Dr Mak utilise des produits de comblement dermiques \u00e0 base d&rsquo;acide hyaluronique pour lisser, lifter, sculpter et rajeunir le visage.<\/span><\/p>\n<\/div>\n<\/div>\n<\/div>\n<div id=\"\" class=\"brz-css-181lgkx brz-css-60tdog brz-wrapper\">\n<div class=\"brz-spacer brz-css-15usass brz-css-1aqjswl\"><\/div>\n<\/div>\n<div id=\"\" class=\"brz-css-181lgkx brz-css-12j6wxy brz-wrapper\">\n<div class=\"brz-rich-text brz-rich-text__custom brz-css-j39649\" data-brz-custom-id=\"ncwhjgzltpewtoqlkliinqtsoxsyyvzphamd\">\n<div data-brz-translate-text=\"1\">\n<p class=\"brz-tp-lg-empty brz-ff-manrope brz-ft-google brz-fs-lg-16 brz-fss-lg-px brz-fw-lg-400 brz-ls-lg-0 brz-lh-lg-1_9 brz-css-gk4cH\" data-uniq-id=\"mlpxx\" data-generated-css=\"brz-css-hrgrw\"><span class=\"brz-cp-color2\">Les traitements de comblement dermique sont une solution pratique et non chirurgicale si vous souhaitez rafra\u00eechir et am\u00e9liorer votre apparence. Les produits de comblement cutan\u00e9 \u00e0 l&rsquo;acide hyaluronique sont particuli\u00e8rement efficaces si vous souhaitez :<\/span><\/p>\n<\/div>\n<\/div>\n<\/div>\n<div id=\"\" class=\"brz-css-181lgkx brz-css-60tdog brz-wrapper\">\n<div class=\"brz-spacer brz-css-15usass brz-css-1o59u2i\"><\/div>\n<\/div>\n<div id=\"\" class=\"brz-css-181lgkx brz-css-1yxsoi7 brz-wrapper\">\n<div class=\"brz-icon-text brz-css-n8gbkp\" data-brz-custom-id=\"gpxenilebrivgumkdvdspqqemfgcbsxpdnhf\">\n<div class=\"brz-icon__container\" data-brz-custom-id=\"euemmqcxbdbpycfdqiyplvbhkhpfolhgqygo\"><span class=\"brz-icon brz-span brz-css-13cxoz8 brz-css-1u9uk43\"><\/span><\/div>\n<div class=\"brz-text-btn\">\n<div class=\"brz-rich-text brz-rich-text__custom brz-css-j39649\" data-brz-custom-id=\"boansodcmqoxzmpctvfxnlzauhlrycaiipfd\">\n<div data-brz-translate-text=\"1\">\n<p class=\"brz-lh-lg-1_3 brz-fw-xs-400 brz-fw-sm-400 brz-fw-lg-400 brz-ft-google brz-ff-arimo brz-ls-xs-0 brz-ls-sm-0 brz-ls-lg-0 brz-fs-xs-17 brz-fs-sm-17 brz-fs-lg-18 brz-lh-sm-1_4 brz-lh-xs-1_4 brz-css-wqBg2\" data-generated-css=\"brz-css-lmwdm\" data-uniq-id=\"gppdr\"><span>D\u00e9finir, sculpter et lifter le visage avec des remplisseurs de joues<\/span><\/p>\n<\/div>\n<\/div>\n<\/div>\n<\/div>\n<\/div>\n<div id=\"\" class=\"brz-css-181lgkx brz-css-60tdog brz-wrapper\">\n<div class=\"brz-spacer brz-css-15usass brz-css-1knjr0h\"><\/div>\n<\/div>\n<div id=\"\" class=\"brz-css-181lgkx brz-css-1sz196w brz-wrapper\">\n<div class=\"brz-icon-text brz-css-n8gbkp\" data-brz-custom-id=\"bqzbqwawwtacxtthsocaettlzbtwzmefzbiw\">\n<div class=\"brz-icon__container\" data-brz-custom-id=\"uzdgnonpgyaqxuseiiadddjfrpyjhszrqlhn\"><span class=\"brz-icon brz-span brz-css-13cxoz8 brz-css-10xm0ey\"><\/span><\/div>\n<div class=\"brz-text-btn\">\n<div class=\"brz-rich-text brz-rich-text__custom brz-css-j39649\" data-brz-custom-id=\"ebjyyxixyudxlumkjbhlfuctnuvhygmiuobn\">\n<div data-brz-translate-text=\"1\">\n<p class=\"brz-lh-sm-1_4 brz-lh-lg-1_3 brz-fw-xs-400 brz-fw-sm-400 brz-fw-lg-400 brz-ft-google brz-ff-arimo brz-ls-xs-0 brz-ls-sm-0 brz-ls-lg-0 brz-fs-xs-17 brz-fs-sm-17 brz-fs-lg-18 brz-lh-xs-1_4 brz-css-bqD8Y\" data-uniq-id=\"yfqpl\" data-generated-css=\"brz-css-jreah\"><span>Am\u00e9liorez la forme et am\u00e9liorez les l\u00e8vres avec des remplisseurs de l\u00e8vres<\/span><\/p>\n<\/div>\n<\/div>\n<\/div>\n<\/div>\n<\/div>\n<div id=\"\" class=\"brz-css-181lgkx brz-css-60tdog brz-wrapper\">\n<div class=\"brz-spacer brz-css-15usass brz-css-idaxjt\"><\/div>\n<\/div>\n<div id=\"\" class=\"brz-css-181lgkx brz-css-1l5oolk brz-wrapper\">\n<div class=\"brz-icon-text brz-css-n8gbkp\" data-brz-custom-id=\"oejtjgrkgcognpxvtzpzammpkxpsfppataxj\">\n<div class=\"brz-icon__container\" data-brz-custom-id=\"owxvsnkosoypetdgupmyyfnskhwlgqxbsbjk\"><span class=\"brz-icon brz-span brz-css-13cxoz8 brz-css-1oxbnlo\"><\/span><\/div>\n<div class=\"brz-text-btn\">\n<div class=\"brz-rich-text brz-rich-text__custom brz-css-j39649\" data-brz-custom-id=\"munyrsobxiopepplybhwvauxllwefvtehhhu\">\n<div data-brz-translate-text=\"1\">\n<p class=\"brz-lh-sm-1_4 brz-lh-lg-1_3 brz-fw-xs-400 brz-fw-sm-400 brz-fw-lg-400 brz-ft-google brz-ff-arimo brz-ls-xs-0 brz-ls-sm-0 brz-ls-lg-0 brz-fs-xs-17 brz-fs-sm-17 brz-fs-lg-18 brz-lh-xs-1_4 brz-css-quloq\" data-uniq-id=\"tgvdn\" data-generated-css=\"brz-css-mcikh\"><span>Revive et rafra\u00eechit les yeux fatigu\u00e9s avec des remplisseurs de larmes<\/span><\/p>\n<\/div>\n<\/div>\n<\/div>\n<\/div>\n<\/div>\n<div id=\"\" class=\"brz-css-181lgkx brz-css-60tdog brz-wrapper\">\n<div class=\"brz-spacer brz-css-15usass brz-css-h9h64g\"><\/div>\n<\/div>\n<div id=\"\" class=\"brz-css-181lgkx brz-css-1y432fl brz-wrapper\">\n<div class=\"brz-icon-text brz-css-n8gbkp\" data-brz-custom-id=\"yhixemntxtalnkxywqciyzqcnijnykwbgwkk\">\n<div class=\"brz-icon__container\" data-brz-custom-id=\"ppwodkttahvoswiltjfwltazlfqpxakokola\"><span class=\"brz-icon brz-span brz-css-13cxoz8 brz-css-pxtxir\"><\/span><\/div>\n<div class=\"brz-text-btn\">\n<div class=\"brz-rich-text brz-rich-text__custom brz-css-j39649\" data-brz-custom-id=\"adhcrhnbhoorewwaicbmckjxlrtqefkhzdmp\">\n<div data-brz-translate-text=\"1\">\n<p class=\"brz-lh-xs-1_4 brz-fs-lg-18 brz-fs-sm-17 brz-fs-xs-17 brz-ls-lg-0 brz-ls-sm-0 brz-ls-xs-0 brz-ff-arimo brz-ft-google brz-fw-lg-400 brz-fw-sm-400 brz-fw-xs-400 brz-lh-lg-1_3 brz-lh-sm-1_4 brz-css-vhDP3\" data-uniq-id=\"hxpbn\" data-generated-css=\"brz-css-bgmku\"><span>Lisser les rides et les plis profonds avec des charges faciales<\/span><\/p>\n<\/div>\n<\/div>\n<\/div>\n<\/div>\n<\/div>\n<div id=\"\" class=\"brz-css-181lgkx brz-css-60tdog brz-wrapper\">\n<div class=\"brz-spacer brz-css-15usass brz-css-1jnewkv\"><\/div>\n<\/div>\n<\/div>\n<\/div>\n<div class=\"brz-columns brz-css-18s8h9g brz-css-b4k2xl\" data-brz-custom-id=\"ucrylmqfgblbsawggredunmanmihwlyhwnie\">\n<div class=\"brz-bg\"><\/div>\n<div class=\"brz-column__items brz-css-g9kb11 brz-css-f70i4z\">\n<div id=\"\" class=\"brz-css-181lgkx brz-css-bq526h brz-wrapper\">\n<div class=\"brz-image brz-css-15wgpll brz-css-fmtkhh\" data-brz-custom-id=\"mebtfozotzakahlzdrkjamwzayzqmadmxjum\"><img decoding=\"async\" class=\"brz-img\" src=\"https:\/\/drmakclinic.com\/fr?brizy_media=wp-6b7418ce75fef0078510b694e97de2a6.png&amp;brizy_crop=original\" alt=\"\" loading=\"lazy\"><\/div>\n<\/div>\n<\/div>\n<\/div>\n<\/div>\n<\/div>\n<\/div>\n<\/div>\n<\/section>\n<section id=\"_mmsrzikccvdzbrndoveqvmczkgvrovpkvxbt\" class=\"brz-section brz-css-1jwc2gq\">\n<div class=\"brz-section__content brz-section--boxed brz-css-19wkfp5 brz-css-ay3ry2\" data-brz-custom-id=\"mmmjcrmwcnvdjksnenwpfxgkztzcdjypxdmb\">\n<div class=\"brz-bg\">\n<div class=\"brz-bg-color\"><\/div>\n<\/div>\n<div class=\"brz-container brz-css-1f93gk7\">\n<div id=\"\" class=\"brz-css-181lgkx brz-wrapper\">\n<div class=\"brz-line brz-line-default brz-css-4tncu2 brz-css-1y9e66i\" data-brz-custom-id=\"ssrwjocbswafpgldnhuazsycnzjsvltsthsw\">\n<hr class=\"brz-hr\"><\/div>\n<\/div>\n<div class=\"brz-row__container brz-css-zn2uav\" data-brz-custom-id=\"qotapwvlhmubtzwoittuxtnxevqwxatbitzh\">\n<div class=\"brz-bg\"><\/div>\n<div class=\"brz-row brz-css-11gn3f4\">\n<div class=\"brz-columns brz-css-18s8h9g brz-css-i4yjry\" data-brz-custom-id=\"kwbpvesbyatdctjvrnlkfiauiopvceaqzrxl\">\n<div class=\"brz-bg\"><\/div>\n<div class=\"brz-column__items brz-css-g9kb11\"><\/div>\n<\/div>\n<div class=\"brz-columns brz-css-18s8h9g brz-css-1i0epeq\" data-brz-custom-id=\"elzvrcqcofbuvcafpdpatonnanlvkthedyez\">\n<div class=\"brz-bg\"><\/div>\n<div class=\"brz-column__items brz-css-g9kb11\">\n<div id=\"\" class=\"brz-css-181lgkx brz-wrapper\">\n<div class=\"brz-rich-text brz-rich-text__custom brz-css-j39649\" data-brz-custom-id=\"ffsdctbykpsxvfulnqgtpsmeiupyfztuguvx\">\n<div data-brz-translate-text=\"1\">\n<p class=\"brz-mt-lg-34 brz-lh-lg-1_9 brz-ls-lg-0 brz-fw-lg-400 brz-fss-lg-px brz-fs-lg-22 brz-ft-upload brz-ff-ckyztbazucvfgxnrkwthfbuhnumrbfrmhags brz-tp-lg-empty brz-css-rk9YN\" data-uniq-id=\"lopcd\" data-generated-css=\"brz-css-mrcja\"><span class=\"brz-cp-color2\">Avant vos traitements, vous devrez peut-\u00eatre \u00e9galement :<\/span><\/p>\n<\/div>\n<\/div>\n<\/div>\n<div id=\"\" class=\"brz-css-181lgkx brz-css-120ofid brz-wrapper\">\n<div class=\"brz-icon-text brz-css-n8gbkp\" data-brz-custom-id=\"ocenbodpflwgmfkacfmzvbfvimzqyzagleku\">\n<div class=\"brz-icon__container\" data-brz-custom-id=\"nconfrvubmvbdxappebgnqynkuvefxojzugp\"><span class=\"brz-icon brz-span brz-css-13cxoz8 brz-css-9nyfvt\"><\/span><\/div>\n<div class=\"brz-text-btn\">\n<div class=\"brz-rich-text brz-rich-text__custom brz-css-j39649\" data-brz-custom-id=\"dodxdzipvjbicpzwnjkmqfnnezouqqdjgzal\">\n<div data-brz-translate-text=\"1\">\n<p class=\"brz-lh-xs-1_4 brz-fs-lg-18 brz-fs-sm-17 brz-fs-xs-17 brz-ls-lg-0 brz-ls-sm-0 brz-ls-xs-0 brz-ff-arimo brz-ft-google brz-fw-lg-400 brz-fw-sm-400 brz-fw-xs-400 brz-lh-lg-1_3 brz-lh-sm-1_4 brz-css-x0KMk\" data-uniq-id=\"ggsqm\" data-generated-css=\"brz-css-gwvjn\"><span>Arr\u00eater de fumer. Fumer diminue le flux sanguin dans la peau et peut ralentir le processus de gu\u00e9rison. Si vous fumez, le Dr Mak vous recommandera d&rsquo;arr\u00eater de fumer avant la chirurgie et pendant la convalescence.<\/span><\/p>\n<\/div>\n<\/div>\n<\/div>\n<\/div>\n<\/div>\n<div id=\"\" class=\"brz-css-181lgkx brz-css-60tdog brz-wrapper\">\n<div class=\"brz-spacer brz-css-15usass brz-css-1slwc5i\"><\/div>\n<\/div>\n<div id=\"\" class=\"brz-css-181lgkx brz-css-1eofhg9 brz-wrapper\">\n<div class=\"brz-icon-text brz-css-n8gbkp\" data-brz-custom-id=\"zdzhadwaqafddvnnkljsqpwveqdltqmayqxz\">\n<div class=\"brz-icon__container\" data-brz-custom-id=\"uvhuynzoligcyzkkqvkqqsmnvjfgqxmtlehn\"><span class=\"brz-icon brz-span brz-css-13cxoz8 brz-css-ldcrgj\"><\/span><\/div>\n<div class=\"brz-text-btn\">\n<div class=\"brz-rich-text brz-rich-text__custom brz-css-j39649\" data-brz-custom-id=\"yvbocylizvsfbfncextyyukogbjkpqzktrmz\">\n<div data-brz-translate-text=\"1\">\n<p class=\"brz-lh-sm-1_4 brz-lh-lg-1_3 brz-fw-xs-400 brz-fw-sm-400 brz-fw-lg-400 brz-ft-google brz-ff-arimo brz-ls-xs-0 brz-ls-sm-0 brz-ls-lg-0 brz-fs-xs-17 brz-fs-sm-17 brz-fs-lg-18 brz-lh-xs-1_4 brz-css-cWr01\" data-generated-css=\"brz-css-jqwlw\" data-uniq-id=\"hsmfj\"><span>\u00c9vitez certains m\u00e9dicaments. Vous devrez probablement \u00e9viter de prendre de l&rsquo;aspirine, des anti-inflammatoires, des anabolisants et des suppl\u00e9ments \u00e0 base de plantes, qui peuvent augmenter les saignements.<\/span><\/p>\n<\/div>\n<\/div>\n<\/div>\n<\/div>\n<\/div>\n<\/div>\n<\/div>\n<div class=\"brz-columns brz-css-18s8h9g brz-css-1dnbt8y\" data-brz-custom-id=\"jhxjrrwgfmzcwbuqulvdknniaqeycnfyblex\">\n<div class=\"brz-bg\"><\/div>\n<div class=\"brz-column__items brz-css-g9kb11\"><\/div>\n<\/div>\n<\/div>\n<\/div>\n<\/div>\n<\/div>\n<\/section>\n<section id=\"_hsbqpetylycnvkvvmqtkosdkkniugvydwooz\" class=\"brz-section brz-css-1jwc2gq\">\n<div class=\"brz-section__content brz-section--boxed brz-css-19wkfp5 brz-css-1ekv2vu\" data-brz-custom-id=\"hgydmwkrbozrbwlizehpakeuihdtontycqez\">\n<div class=\"brz-bg\">\n<div class=\"brz-bg-color\"><\/div>\n<\/div>\n<div class=\"brz-container brz-css-1f93gk7\">\n<div id=\"\" class=\"brz-css-181lgkx brz-wrapper\">\n<div class=\"brz-line brz-line-default brz-css-4tncu2 brz-css-k6orcd\" data-brz-custom-id=\"pnleddydxlqyzzjgcscekfaazzaoubsywjrl\">\n<hr class=\"brz-hr\"><\/div>\n<\/div>\n<div id=\"\" class=\"brz-css-181lgkx brz-css-60tdog brz-wrapper\">\n<div class=\"brz-spacer brz-css-15usass brz-css-1iagvui\"><\/div>\n<\/div>\n<div class=\"brz-row__container brz-css-zn2uav\" data-brz-custom-id=\"kcfcqcsosomuslyxyhyouqvhvzndavsxbchi\">\n<div class=\"brz-bg\"><\/div>\n<div class=\"brz-row brz-css-11gn3f4 brz-css-18nkji9\">\n<div class=\"brz-columns brz-css-18s8h9g brz-css-c114tk\" data-brz-custom-id=\"eeahhtcsyikxrltguvbwhtwqqobrrbwunaby\">\n<div class=\"brz-bg\"><\/div>\n<div class=\"brz-column__items brz-css-g9kb11 brz-css-1apl4fh\">\n<div id=\"\" class=\"brz-css-181lgkx brz-css-1mwknyp brz-wrapper\">\n<div class=\"brz-image brz-css-1d5ue88 brz-css-11sf6sx\" data-brz-custom-id=\"miflxmgpinumzofhoalipmfesjqrqpahacwo\"><img decoding=\"async\" class=\"brz-img\" src=\"https:\/\/drmakclinic.com\/fr?brizy_media=wp-9b7486b9d786a0648588605ea135d33b.jpg&amp;brizy_crop=iW%3D316%26iH%3D211%26oX%3D90%26oY%3D23%26cW%3D105%26cH%3D106\" alt=\"\" loading=\"lazy\"><\/div>\n<\/div>\n<\/div>\n<\/div>\n<div class=\"brz-columns brz-css-18s8h9g brz-css-6ncqec\" data-brz-custom-id=\"aklfjsbmrfrlpoofhkjlzhisbjrylgmbvpuz\">\n<div class=\"brz-bg\"><\/div>\n<div class=\"brz-column__items brz-css-g9kb11 brz-css-1drf90j\">\n<div id=\"\" class=\"brz-css-181lgkx brz-wrapper\">\n<div class=\"brz-rich-text brz-rich-text__custom brz-css-j39649\" data-brz-custom-id=\"eyzdaqszgmawqorikhuknnqrumqnarayuppw\">\n<div data-brz-translate-text=\"1\">\n<p data-uniq-id=\"egydo\" data-generated-css=\"brz-css-trizt\" class=\"brz-tp-lg-empty brz-ff-ckyztbazucvfgxnrkwthfbuhnumrbfrmhags brz-ft-upload brz-fs-lg-24 brz-fss-lg-px brz-fw-lg-400 brz-ls-lg-0 brz-lh-lg-1_5 brz-css-qaYBg\">As you begin your journey toward considering plastic surgery and other cosmetic enhancements , my goal as your plastic surgeon is to provide you the highest quality of care throughout the entire process.<\/p>\n<\/div>\n<\/div>\n<\/div>\n<div id=\"\" class=\"brz-css-181lgkx brz-css-60tdog brz-css-1fpig7h brz-wrapper\">\n<div class=\"brz-spacer brz-css-15usass brz-css-1b8z2ev\"><\/div>\n<\/div>\n<div id=\"\" class=\"brz-css-181lgkx brz-css-12s18dp brz-wrapper\">\n<div class=\"brz-rich-text brz-rich-text__custom brz-css-j39649\" data-brz-custom-id=\"kfazwwcvagwvotlbhckffmvnpzdfiuvwbbfh\">\n<div data-brz-translate-text=\"1\">\n<p class=\"brz-text-xs-center brz-tp-lg-heading4 brz-css-rbbRP\" data-uniq-id=\"mrayu\" data-generated-css=\"brz-css-yakzy\"><strong class=\"brz-cp-color2\">Dr. Mehmet Arif Karag\u00f6z<\/strong><\/p>\n<\/div>\n<\/div>\n<\/div>\n<div id=\"\" class=\"brz-css-181lgkx brz-css-sn8q3t brz-wrapper\">\n<div class=\"brz-rich-text brz-rich-text__custom brz-css-j39649\" data-brz-custom-id=\"qkfqqxbighyvlpthvxpjkfvkdzfbcdzcjqdu\">\n<div data-brz-translate-text=\"1\">\n<p class=\"brz-text-xs-center brz-tp-lg-paragraph brz-css-sn8Gz\" data-uniq-id=\"xuihj\" data-generated-css=\"brz-css-uaiir\"><span class=\"brz-cp-color7\">DRMAK Plastic Surgeon<\/span><\/p>\n<\/div>\n<\/div>\n<\/div>\n<\/div>\n<\/div>\n<\/div>\n<\/div>\n<div id=\"\" class=\"brz-css-181lgkx brz-css-60tdog brz-css-1ai1ghd brz-wrapper\">\n<div class=\"brz-spacer brz-css-15usass brz-css-49v1y3\"><\/div>\n<\/div>\n<div id=\"\" class=\"brz-css-181lgkx brz-wrapper\">\n<div class=\"brz-line brz-line-default brz-css-4tncu2 brz-css-f5zkjb\" data-brz-custom-id=\"voqzszagdaqkrfhtmgidvvnnucefbjwujmom\">\n<hr class=\"brz-hr\"><\/div>\n<\/div>\n<\/div>\n<\/div>\n<\/section>\n<\/div>\n<p>    <!-- version:1738189103 --><\/p>\n","protected":false},"excerpt":{"rendered":"<p>LABIAPLASTIE LABIAPLASTIE Nous fournissons des produits de comblement cutan\u00e9 \u00e0 l&rsquo;acide hyaluronique dans notre clinique. Le Dr Mak utilise des produits de comblement dermiques \u00e0 base d&rsquo;acide hyaluronique pour lisser, lifter, sculpter et rajeunir le visage. Les traitements de comblement dermique sont une solution pratique et non chirurgicale si vous souhaitez rafra\u00eechir et am\u00e9liorer votre [&hellip;]<\/p>\n","protected":false},"author":1,"featured_media":0,"parent":1038,"menu_order":0,"comment_status":"closed","ping_status":"closed","template":"","meta":{"footnotes":""},"class_list":["post-1077","page","type-page","status-publish","hentry"],"blocksy_meta":{"styles_descriptor":{"styles":{"desktop":"","tablet":"","mobile":""},"google_fonts":[],"version":6}},"_links":{"self":[{"href":"https:\/\/drmakclinic.com\/fr\/wp-json\/wp\/v2\/pages\/1077","targetHints":{"allow":["GET"]}}],"collection":[{"href":"https:\/\/drmakclinic.com\/fr\/wp-json\/wp\/v2\/pages"}],"about":[{"href":"https:\/\/drmakclinic.com\/fr\/wp-json\/wp\/v2\/types\/page"}],"author":[{"embeddable":true,"href":"https:\/\/drmakclinic.com\/fr\/wp-json\/wp\/v2\/users\/1"}],"replies":[{"embeddable":true,"href":"https:\/\/drmakclinic.com\/fr\/wp-json\/wp\/v2\/comments?post=1077"}],"version-history":[{"count":0,"href":"https:\/\/drmakclinic.com\/fr\/wp-json\/wp\/v2\/pages\/1077\/revisions"}],"up":[{"embeddable":true,"href":"https:\/\/drmakclinic.com\/fr\/wp-json\/wp\/v2\/pages\/1038"}],"wp:attachment":[{"href":"https:\/\/drmakclinic.com\/fr\/wp-json\/wp\/v2\/media?parent=1077"}],"curies":[{"name":"wp","href":"https:\/\/api.w.org\/{rel}","templated":true}]}}